{"id":12702,"date":"2026-01-14T17:59:38","date_gmt":"2026-01-14T17:59:38","guid":{"rendered":"https:\/\/wctl1stg.wpengine.com\/?page_id=12702"},"modified":"2026-01-26T12:19:38","modified_gmt":"2026-01-26T12:19:38","slug":"abogado-de-accidentes-de-autobus-de-san-bernardino","status":"publish","type":"page","link":"https:\/\/westcoasttriallawyers.com\/es\/california\/san-bernardino\/abogado-de-accidentes-de-autobus-de-san-bernardino","title":{"rendered":"Abogado de Accidentes de Autob\u00fas de San Bernardino"},"content":{"rendered":"<h2><strong>Obtenga Informaci\u00f3n Legal sobre Accidentes de Autob\u00fas de Nuestros Abogados con Experiencia en Lesiones Personales<\/strong><\/h2>\n<p>San Bernardino tiene\u00a0<a href=\"https:\/\/omnitrans.org\/plan-a-trip\/routes-schedules\/\"><strong>14 rutas de autob\u00fas<\/strong><\/a> disponibles. Estas rutas de autob\u00fas ofrecen comodidad y asequibilidad a aquellos que necesitan viajar a otro lugar. Una vez que un pasajero sube al autob\u00fas, el conductor del autob\u00fas debe cumplir con el deber de cuidado hasta que el autob\u00fas llegue a su destino. Desafortunadamente, pueden ocurrir muchas circunstancias durante estos viajes, lo que probablemente resultar\u00e1 en da\u00f1os y\/o lesiones graves.\u00a0<\/p>\n<p>Por ejemplo, en<strong>\u00a0<\/strong><a href=\"https:\/\/www.sbsun.com\/2019\/05\/08\/crash-between-car-and-omnitrans-bus-in-san-bernardino-sends213-927-3700to-hospital-with-life-threatening-injuries\/\"><strong>mayo de 2019<\/strong><\/a><strong>,<\/strong> un autob\u00fas OmniTrans choc\u00f3 con un autom\u00f3vil que se hab\u00eda cruzado en su camino. Siete personas fueron enviadas al hospital. Uno estaba en estado cr\u00edtico mientras que los otros seis estaban siendo tratados por heridas leves. Por este tipo de situaciones, la principal causa del accidente fue el conductor negligente.\u00a0<\/p>\n<p>Si estuvo involucrado en un accidente de autob\u00fas y le gustar\u00eda emprender acciones legales contra la parte culpable, West Coast Trial Lawyers cuenta con abogados experimentados en\u00a0<strong>accidentes de autob\u00fas en San Bernardino<\/strong> que han ganado m\u00e1s de 5,000 casos de lesiones personales y han recuperado m\u00e1s de $1 mil millones en acuerdos por nuestros clientes. Debido a nuestros logros, hemos sido reconocidos como uno de los mejores bufetes de abogados de lesiones personales en\u00a0<strong>San Bernardino.<\/strong><\/p>\n<p>Para programar una consulta gratuita y sin compromiso en nuestro\u00a0<strong>bufete de abogados de lesiones personales de San Bernardino<\/strong>, comun\u00edquese con nuestro equipo legal las 24 horas, los 7 d\u00edas de la semana llamando al <strong>213-927-3700<\/strong> o enviando un correo electr\u00f3nico\u00a0<a href=\"mailto:info@westcoasttriallawyers.com\">a\u00a0<strong>info@westcoasttriallawyers.com<\/strong><\/a>.<\/p>\n<p><strong>Los Accidentes de Autob\u00fas Provocan la Mayor\u00eda de las Lesiones<\/strong><\/p>\n<p>Los accidentes de autob\u00fas pueden provocar muchas lesiones. Una raz\u00f3n obvia se debe a la falta de protecci\u00f3n que se brinda a los pasajeros. Dado que no hay cinturones de seguridad ni bolsas de aire disponibles, un pasajero puede sufrir lesiones graves en caso de accidente. Para empeorar las cosas, varios pasajeros de los autobuses de transporte p\u00fablico se ven obligados a permanecer de pie debido al hacinamiento. El fuerte impacto de un accidente puede hacer que estos pasajeros salgan volando del veh\u00edculo y aterricen agresivamente en el suelo. Pueden producirse lesiones graves, como fracturas de huesos, lesiones en brazos y piernas, lesiones en la cara, hemorragia interna, lesiones cerebrales y lesiones en la m\u00e9dula espinal.\u00a0<\/p>\n<p>Desafortunadamente, las reclamaciones por accidentes de autob\u00fas son notorias por ser complejas. Este hecho a menudo impide que las personas busquen la compensaci\u00f3n a la que tienen derecho. Agradecidamente,<strong>\u00a0<\/strong>los abogados de accidentes de autob\u00fas pueden hacer que todo el proceso de presentar un reclamo por lesiones personales sea mucho m\u00e1s f\u00e1cil.\u00a0<\/p>\n<p><strong>Presentaci\u00f3n de un Reclamo<\/strong><\/p>\n<p>Deber\u00e1 presentar un reclamo por lesiones personales para recuperar los da\u00f1os que ocurrieron como resultado de un accidente de autob\u00fas. Tambi\u00e9n debe identificar a la parte culpable antes de iniciar el proceso de iniciar un reclamo por lesiones personales.\u00a0<\/p>\n<p>Por lo general, las partes culpables de un accidente de autob\u00fas pueden incluir las siguientes:\u00a0<\/p>\n<ul>\n<li>Conductor Autob\u00fas<\/li>\n<li>Otros Conductores<\/li>\n<li>Compa\u00f1\u00eda de Autob\u00fas<\/li>\n<li>Fabricantes\/ Dise\u00f1adores de Autobuses\u00a0<\/li>\n<\/ul>\n<p>Dado que California es un\u00a0<a href=\"https:\/\/www.law.cornell.edu\/wex\/comparative_negligence\"><strong>estado con fallas comparativas<\/strong><\/a>, m\u00e1s de una parte puede ser responsable de contribuir a un accidente. La responsabilidad se dividir\u00e1 en funci\u00f3n de la cantidad de negligencia que cada parte contribuy\u00f3 al accidente.\u00a0<\/p>\n<p>Es importante contar con un abogado con experiencia en accidentes de autob\u00fas a su lado a medida que avanza en el proceso de presentaci\u00f3n de un reclamo por lesiones personales. Su abogado lo ayudar\u00e1 a fortalecer su reclamo, negociar\u00e1 con las compa\u00f1\u00edas de seguros y obtendr\u00e1 la compensaci\u00f3n que merece por sus p\u00e9rdidas.\u00a0<\/p>\n<p><strong>Estatuto de Limitaciones para un Reclamo por Lesiones Personales<\/strong><\/p>\n<p>Un accidente de autob\u00fas se identifica como un tipo de lesi\u00f3n personal. El plazo de prescripci\u00f3n para presentar una demanda por lesiones personales es de dos<strong> a\u00f1os<\/strong> a partir de la fecha inicial del incidente. Si excede la fecha l\u00edmite, no ser\u00e1 elegible para presentar este reclamo. Sin embargo, hay algunas excepciones que pueden extender el l\u00edmite. Esto incluye lo siguiente:<\/p>\n<ul>\n<li>El demandante es menor de edad.<\/li>\n<li>El demandante est\u00e1 incapacitado.\u00a0<\/li>\n<li>El demandante est\u00e1 en prisi\u00f3n.<\/li>\n<li>El demandante est\u00e1 legalmente loco.<\/li>\n<li>El demandante vive fuera del estado.\u00a0<\/li>\n<\/ul>\n<p><strong>Da\u00f1os Disponibles<\/strong><\/p>\n<p>El tipo de reparaciones a las que tiene derecho despu\u00e9s de un accidente de autob\u00fas var\u00eda de un caso a otro. Sin embargo, un abogado de accidentes de autob\u00fas trabajar\u00e1 en su nombre para obtener la compensaci\u00f3n que se merece.<\/p>\n<p>Por lo general, esto incluye da\u00f1os econ\u00f3micos y no econ\u00f3micos, tales como:<\/p>\n<ul>\n<li>Facturas m\u00e9dicas<\/li>\n<li>Da\u00f1os a la propiedad<\/li>\n<li>P\u00e9rdida de ganancias pasadas y futuras<\/li>\n<li>Dolor y sufrimiento<\/li>\n<li><a href=\"\/emotional-distress\/\"><strong>Angustia emocional<\/strong><\/a><\/li>\n<li><a href=\"\/ca\/los-angeles-car-accidents-lawyer\/loss-of-consortium\/\"><strong>P\u00e9rdida del consorcio<\/strong><\/a><\/li>\n<li>P\u00e9rdida del disfrute de la vida<\/li>\n<\/ul>\n<p>Los da\u00f1os que podr\u00eda recibir por una muerte injusta difieren de lo que podr\u00eda obtener por reclamos por lesiones personales. La compensaci\u00f3n recuperable por un acuerdo de muerte por negligencia incluye:<\/p>\n<ul>\n<li>Facturas m\u00e9dicas<\/li>\n<li>funeral y Costos<\/li>\n<li>P\u00e9rdida de compa\u00f1\u00eda\u00a0<\/li>\n<li>P\u00e9rdida de apoyo financiero<\/li>\n<li>P\u00e9rdida de ganancias futuras del difunto<\/li>\n<\/ul>\n<p><strong>Los Abogados de la Costa Oeste est\u00e1n Aqu\u00ed para Ayudar<\/strong><\/p>\n<p>Si usted o un ser querido estuvieron involucrados en un accidente de autob\u00fas, Nuestros abogados con experiencia en accidentes de autob\u00fas en San Bernardino en\u00a0<a href=\"\/\"><strong>Abogados de la Costa Oeste<\/strong><\/a> lo ayudar\u00e1n a obtener la compensaci\u00f3n que merece por sus p\u00e9rdidas.\u00a0<\/p>\n<p>Comun\u00edquese con nuestro equipo legal las 24 horas, los 7 d\u00edas de la semana llamando al <strong>213-927-3700<\/strong> o enviando un correo electr\u00f3nico\u00a0<a href=\"mailto:info@westcoasttriallawyers.com\">a\u00a0<strong>info@westcoasttriallawyers.com<\/strong><\/a><strong>\u00a0<\/strong>para programar una consulta gratuita en nuestro bufete de abogados de lesiones personales de San Bernardino.\u00a0<\/p>\n<p><!-- WCTL_DEBUG: no shortcode in this_content --><\/p>\n","protected":false},"excerpt":{"rendered":"<p>Obtenga Informaci\u00f3n Legal sobre Accidentes de Autob\u00fas de Nuestros Abogados con Experiencia en Lesiones Personales San Bernardino tiene\u00a014 rutas de autob\u00fas disponibles. Estas rutas de autob\u00fas ofrecen comodidad y asequibilidad a aquellos que necesitan viajar a otro lugar. Una vez que un pasajero sube al autob\u00fas, el conductor del autob\u00fas debe cumplir con el deber [&hellip;]<\/p>\n","protected":false},"author":475,"featured_media":46876,"parent":47392,"menu_order":0,"comment_status":"closed","ping_status":"closed","template":"","meta":{"inline_featured_image":false,"footnotes":""},"class_list":["post-12702","page","type-page","status-publish","has-post-thumbnail","hentry"],"acf":[],"yoast_head":"<!-- This site is optimized with the Yoast SEO Premium plugin v26.0 (Yoast SEO v26.0) - https:\/\/yoast.com\/wordpress\/plugins\/seo\/ -->\n<title>Abogado de Accidentes de Autob\u00fas de San Bernardino | West Coast Trial Lawyers<\/title>\n<meta name=\"robots\" content=\"index, follow, max-snippet:-1, max-image-preview:large, max-video-preview:-1\" \/>\n<link rel=\"canonical\" href=\"https:\/\/westcoasttriallawyers.com\/es\/california\/san-bernardino\/abogado-de-accidentes-de-autobus-de-san-bernardino\" \/>\n<meta property=\"og:locale\" content=\"es_ES\" \/>\n<meta property=\"og:type\" content=\"article\" \/>\n<meta property=\"og:title\" content=\"Abogado de Accidentes de Autob\u00fas de San Bernardino\" \/>\n<meta property=\"og:description\" content=\"Obtenga Informaci\u00f3n Legal sobre Accidentes de Autob\u00fas de Nuestros Abogados con Experiencia en Lesiones Personales San Bernardino tiene\u00a014 rutas de autob\u00fas disponibles. Estas rutas de autob\u00fas ofrecen comodidad y asequibilidad a aquellos que necesitan viajar a otro lugar. Una vez que un pasajero sube al autob\u00fas, el conductor del autob\u00fas debe cumplir con el deber [&hellip;]\" \/>\n<meta property=\"og:url\" content=\"https:\/\/westcoasttriallawyers.com\/es\/california\/san-bernardino\/abogado-de-accidentes-de-autobus-de-san-bernardino\" \/>\n<meta property=\"og:site_name\" content=\"West Coast Trial Lawyers\" \/>\n<meta property=\"article:publisher\" content=\"https:\/\/www.facebook.com\/westcoasttriallawyers\/\" \/>\n<meta property=\"article:modified_time\" content=\"2026-01-26T12:19:38+00:00\" \/>\n<meta property=\"og:image\" content=\"https:\/\/westcoasttriallawyers.com\/wp-content\/uploads\/2025\/07\/city-img-4-31.webp\" \/>\n\t<meta property=\"og:image:width\" content=\"557\" \/>\n\t<meta property=\"og:image:height\" content=\"329\" \/>\n\t<meta property=\"og:image:type\" content=\"image\/webp\" \/>\n<meta name=\"twitter:card\" content=\"summary_large_image\" \/>\n<meta name=\"twitter:site\" content=\"@WestCoastTrial\" \/>\n<meta name=\"twitter:label1\" content=\"Tiempo de lectura\" \/>\n\t<meta name=\"twitter:data1\" content=\"4 minutos\" \/>\n<script type=\"application\/ld+json\" class=\"yoast-schema-graph\">{\"@context\":\"https:\/\/schema.org\",\"@graph\":[{\"@type\":[\"WebPage\",\"ItemPage\"],\"@id\":\"https:\/\/westcoasttriallawyers.com\/es\/california\/san-bernardino\/abogado-de-accidentes-de-autobus-de-san-bernardino\",\"url\":\"https:\/\/westcoasttriallawyers.com\/es\/california\/san-bernardino\/abogado-de-accidentes-de-autobus-de-san-bernardino\",\"name\":\"Abogado de Accidentes de Autob\u00fas de San Bernardino | West Coast Trial Lawyers\",\"isPartOf\":{\"@id\":\"https:\/\/westcoasttriallawyers.com\/es#website\"},\"primaryImageOfPage\":{\"@id\":\"https:\/\/westcoasttriallawyers.com\/es\/california\/san-bernardino\/abogado-de-accidentes-de-autobus-de-san-bernardino#primaryimage\"},\"image\":{\"@id\":\"https:\/\/westcoasttriallawyers.com\/es\/california\/san-bernardino\/abogado-de-accidentes-de-autobus-de-san-bernardino#primaryimage\"},\"thumbnailUrl\":\"https:\/\/westcoasttriallawyers.com\/wp-content\/uploads\/2025\/07\/city-img-4-31.webp\",\"datePublished\":\"2026-01-14T17:59:38+00:00\",\"dateModified\":\"2026-01-26T12:19:38+00:00\",\"breadcrumb\":{\"@id\":\"https:\/\/westcoasttriallawyers.com\/es\/california\/san-bernardino\/abogado-de-accidentes-de-autobus-de-san-bernardino#breadcrumb\"},\"inLanguage\":\"es\",\"potentialAction\":[{\"@type\":\"ReadAction\",\"target\":[\"https:\/\/westcoasttriallawyers.com\/es\/california\/san-bernardino\/abogado-de-accidentes-de-autobus-de-san-bernardino\"]}]},{\"@type\":\"ImageObject\",\"inLanguage\":\"es\",\"@id\":\"https:\/\/westcoasttriallawyers.com\/es\/california\/san-bernardino\/abogado-de-accidentes-de-autobus-de-san-bernardino#primaryimage\",\"url\":\"https:\/\/westcoasttriallawyers.com\/wp-content\/uploads\/2025\/07\/city-img-4-31.webp\",\"contentUrl\":\"https:\/\/westcoasttriallawyers.com\/wp-content\/uploads\/2025\/07\/city-img-4-31.webp\",\"width\":557,\"height\":329},{\"@type\":\"BreadcrumbList\",\"@id\":\"https:\/\/westcoasttriallawyers.com\/es\/california\/san-bernardino\/abogado-de-accidentes-de-autobus-de-san-bernardino#breadcrumb\",\"itemListElement\":[{\"@type\":\"ListItem\",\"position\":1,\"name\":\"Inicio\",\"item\":\"https:\/\/westcoasttriallawyers.com\/es\"},{\"@type\":\"ListItem\",\"position\":2,\"name\":\"California\",\"item\":\"https:\/\/westcoasttriallawyers.com\/es\/california\"},{\"@type\":\"ListItem\",\"position\":3,\"name\":\"San Bernardino\",\"item\":\"https:\/\/westcoasttriallawyers.com\/es\/california\/san-bernardino\"},{\"@type\":\"ListItem\",\"position\":4,\"name\":\"Abogado de Accidentes de Autob\u00fas de San Bernardino\"}]},{\"@type\":\"WebSite\",\"@id\":\"https:\/\/westcoasttriallawyers.com\/es#website\",\"url\":\"https:\/\/westcoasttriallawyers.com\/es\",\"name\":\"West Coast Trial Lawyers\",\"description\":\"West Coast Trial Lawyers\",\"publisher\":{\"@id\":\"https:\/\/westcoasttriallawyers.com\/es#organization\"},\"alternateName\":\"WCTL\",\"potentialAction\":[{\"@type\":\"SearchAction\",\"target\":{\"@type\":\"EntryPoint\",\"urlTemplate\":\"https:\/\/westcoasttriallawyers.com\/es?s={search_term_string}\"},\"query-input\":{\"@type\":\"PropertyValueSpecification\",\"valueRequired\":true,\"valueName\":\"search_term_string\"}}],\"inLanguage\":\"es\"},{\"@type\":\"Organization\",\"@id\":\"https:\/\/westcoasttriallawyers.com\/es#organization\",\"name\":\"West Coast Trial Lawyers\",\"alternateName\":\"WCTL\",\"url\":\"https:\/\/westcoasttriallawyers.com\/es\",\"logo\":{\"@type\":\"ImageObject\",\"inLanguage\":\"es\",\"@id\":\"https:\/\/westcoasttriallawyers.com\/es#\/schema\/logo\/image\/\",\"url\":\"https:\/\/westcoasttriallawyers.com\/wp-content\/uploads\/2026\/02\/WCTL-Logo.jpg\",\"contentUrl\":\"https:\/\/westcoasttriallawyers.com\/wp-content\/uploads\/2026\/02\/WCTL-Logo.jpg\",\"width\":696,\"height\":696,\"caption\":\"West Coast Trial Lawyers\"},\"image\":{\"@id\":\"https:\/\/westcoasttriallawyers.com\/es#\/schema\/logo\/image\/\"},\"sameAs\":[\"https:\/\/www.facebook.com\/westcoasttriallawyers\/\",\"https:\/\/x.com\/WestCoastTrial\",\"https:\/\/www.linkedin.com\/company\/west-coast-trial-lawyers\/\",\"https:\/\/www.instagram.com\/westcoasttriallawyers\/\",\"https:\/\/www.yelp.com\/biz\/west-coast-trial-lawyers-los-angeles-2\",\"https:\/\/www.pinterest.com\/westcoasttrial\/\",\"https:\/\/www.youtube.com\/westcoasttriallawyersla\/\",\"https:\/\/www.tiktok.com\/westcoasttriallawyers\"],\"description\":\"West Coast Trial Lawyers is a top-rated personal injury law firm with a goal to provide expert legal representation to those in need. The law firm has offices across California, Nevada, Arizona, and Washington.\",\"legalName\":\"West Coast Trial Lawyers\"}]}<\/script>\n<!-- \/ Yoast SEO Premium plugin. -->","yoast_head_json":{"title":"Abogado de Accidentes de Autob\u00fas de San Bernardino | West Coast Trial Lawyers","robots":{"index":"index","follow":"follow","max-snippet":"max-snippet:-1","max-image-preview":"max-image-preview:large","max-video-preview":"max-video-preview:-1"},"canonical":"https:\/\/westcoasttriallawyers.com\/es\/california\/san-bernardino\/abogado-de-accidentes-de-autobus-de-san-bernardino","og_locale":"es_ES","og_type":"article","og_title":"Abogado de Accidentes de Autob\u00fas de San Bernardino","og_description":"Obtenga Informaci\u00f3n Legal sobre Accidentes de Autob\u00fas de Nuestros Abogados con Experiencia en Lesiones Personales San Bernardino tiene\u00a014 rutas de autob\u00fas disponibles. Estas rutas de autob\u00fas ofrecen comodidad y asequibilidad a aquellos que necesitan viajar a otro lugar. Una vez que un pasajero sube al autob\u00fas, el conductor del autob\u00fas debe cumplir con el deber [&hellip;]","og_url":"https:\/\/westcoasttriallawyers.com\/es\/california\/san-bernardino\/abogado-de-accidentes-de-autobus-de-san-bernardino","og_site_name":"West Coast Trial Lawyers","article_publisher":"https:\/\/www.facebook.com\/westcoasttriallawyers\/","article_modified_time":"2026-01-26T12:19:38+00:00","og_image":[{"width":557,"height":329,"url":"https:\/\/westcoasttriallawyers.com\/wp-content\/uploads\/2025\/07\/city-img-4-31.webp","type":"image\/webp"}],"twitter_card":"summary_large_image","twitter_site":"@WestCoastTrial","twitter_misc":{"Tiempo de lectura":"4 minutos"},"schema":{"@context":"https:\/\/schema.org","@graph":[{"@type":["WebPage","ItemPage"],"@id":"https:\/\/westcoasttriallawyers.com\/es\/california\/san-bernardino\/abogado-de-accidentes-de-autobus-de-san-bernardino","url":"https:\/\/westcoasttriallawyers.com\/es\/california\/san-bernardino\/abogado-de-accidentes-de-autobus-de-san-bernardino","name":"Abogado de Accidentes de Autob\u00fas de San Bernardino | West Coast Trial Lawyers","isPartOf":{"@id":"https:\/\/westcoasttriallawyers.com\/es#website"},"primaryImageOfPage":{"@id":"https:\/\/westcoasttriallawyers.com\/es\/california\/san-bernardino\/abogado-de-accidentes-de-autobus-de-san-bernardino#primaryimage"},"image":{"@id":"https:\/\/westcoasttriallawyers.com\/es\/california\/san-bernardino\/abogado-de-accidentes-de-autobus-de-san-bernardino#primaryimage"},"thumbnailUrl":"https:\/\/westcoasttriallawyers.com\/wp-content\/uploads\/2025\/07\/city-img-4-31.webp","datePublished":"2026-01-14T17:59:38+00:00","dateModified":"2026-01-26T12:19:38+00:00","breadcrumb":{"@id":"https:\/\/westcoasttriallawyers.com\/es\/california\/san-bernardino\/abogado-de-accidentes-de-autobus-de-san-bernardino#breadcrumb"},"inLanguage":"es","potentialAction":[{"@type":"ReadAction","target":["https:\/\/westcoasttriallawyers.com\/es\/california\/san-bernardino\/abogado-de-accidentes-de-autobus-de-san-bernardino"]}]},{"@type":"ImageObject","inLanguage":"es","@id":"https:\/\/westcoasttriallawyers.com\/es\/california\/san-bernardino\/abogado-de-accidentes-de-autobus-de-san-bernardino#primaryimage","url":"https:\/\/westcoasttriallawyers.com\/wp-content\/uploads\/2025\/07\/city-img-4-31.webp","contentUrl":"https:\/\/westcoasttriallawyers.com\/wp-content\/uploads\/2025\/07\/city-img-4-31.webp","width":557,"height":329},{"@type":"BreadcrumbList","@id":"https:\/\/westcoasttriallawyers.com\/es\/california\/san-bernardino\/abogado-de-accidentes-de-autobus-de-san-bernardino#breadcrumb","itemListElement":[{"@type":"ListItem","position":1,"name":"Inicio","item":"https:\/\/westcoasttriallawyers.com\/es"},{"@type":"ListItem","position":2,"name":"California","item":"https:\/\/westcoasttriallawyers.com\/es\/california"},{"@type":"ListItem","position":3,"name":"San Bernardino","item":"https:\/\/westcoasttriallawyers.com\/es\/california\/san-bernardino"},{"@type":"ListItem","position":4,"name":"Abogado de Accidentes de Autob\u00fas de San Bernardino"}]},{"@type":"WebSite","@id":"https:\/\/westcoasttriallawyers.com\/es#website","url":"https:\/\/westcoasttriallawyers.com\/es","name":"West Coast Trial Lawyers","description":"West Coast Trial Lawyers","publisher":{"@id":"https:\/\/westcoasttriallawyers.com\/es#organization"},"alternateName":"WCTL","potentialAction":[{"@type":"SearchAction","target":{"@type":"EntryPoint","urlTemplate":"https:\/\/westcoasttriallawyers.com\/es?s={search_term_string}"},"query-input":{"@type":"PropertyValueSpecification","valueRequired":true,"valueName":"search_term_string"}}],"inLanguage":"es"},{"@type":"Organization","@id":"https:\/\/westcoasttriallawyers.com\/es#organization","name":"West Coast Trial Lawyers","alternateName":"WCTL","url":"https:\/\/westcoasttriallawyers.com\/es","logo":{"@type":"ImageObject","inLanguage":"es","@id":"https:\/\/westcoasttriallawyers.com\/es#\/schema\/logo\/image\/","url":"https:\/\/westcoasttriallawyers.com\/wp-content\/uploads\/2026\/02\/WCTL-Logo.jpg","contentUrl":"https:\/\/westcoasttriallawyers.com\/wp-content\/uploads\/2026\/02\/WCTL-Logo.jpg","width":696,"height":696,"caption":"West Coast Trial Lawyers"},"image":{"@id":"https:\/\/westcoasttriallawyers.com\/es#\/schema\/logo\/image\/"},"sameAs":["https:\/\/www.facebook.com\/westcoasttriallawyers\/","https:\/\/x.com\/WestCoastTrial","https:\/\/www.linkedin.com\/company\/west-coast-trial-lawyers\/","https:\/\/www.instagram.com\/westcoasttriallawyers\/","https:\/\/www.yelp.com\/biz\/west-coast-trial-lawyers-los-angeles-2","https:\/\/www.pinterest.com\/westcoasttrial\/","https:\/\/www.youtube.com\/westcoasttriallawyersla\/","https:\/\/www.tiktok.com\/westcoasttriallawyers"],"description":"West Coast Trial Lawyers is a top-rated personal injury law firm with a goal to provide expert legal representation to those in need. The law firm has offices across California, Nevada, Arizona, and Washington.","legalName":"West Coast Trial Lawyers"}]}},"_links":{"self":[{"href":"https:\/\/westcoasttriallawyers.com\/es\/wp-json\/wp\/v2\/pages\/12702","targetHints":{"allow":["GET"]}}],"collection":[{"href":"https:\/\/westcoasttriallawyers.com\/es\/wp-json\/wp\/v2\/pages"}],"about":[{"href":"https:\/\/westcoasttriallawyers.com\/es\/wp-json\/wp\/v2\/types\/page"}],"author":[{"embeddable":true,"href":"https:\/\/westcoasttriallawyers.com\/es\/wp-json\/wp\/v2\/users\/475"}],"replies":[{"embeddable":true,"href":"https:\/\/westcoasttriallawyers.com\/es\/wp-json\/wp\/v2\/comments?post=12702"}],"version-history":[{"count":3,"href":"https:\/\/westcoasttriallawyers.com\/es\/wp-json\/wp\/v2\/pages\/12702\/revisions"}],"predecessor-version":[{"id":48226,"href":"https:\/\/westcoasttriallawyers.com\/es\/wp-json\/wp\/v2\/pages\/12702\/revisions\/48226"}],"up":[{"embeddable":true,"href":"https:\/\/westcoasttriallawyers.com\/es\/wp-json\/wp\/v2\/pages\/47392"}],"wp:featuredmedia":[{"embeddable":true,"href":"https:\/\/westcoasttriallawyers.com\/es\/wp-json\/wp\/v2\/media\/46876"}],"wp:attachment":[{"href":"https:\/\/westcoasttriallawyers.com\/es\/wp-json\/wp\/v2\/media?parent=12702"}],"curies":[{"name":"wp","href":"https:\/\/api.w.org\/{rel}","templated":true}]}}