{"id":12699,"date":"2026-01-14T17:59:28","date_gmt":"2026-01-14T17:59:28","guid":{"rendered":"https:\/\/wctl1stg.wpengine.com\/?page_id=12699"},"modified":"2026-01-22T11:39:03","modified_gmt":"2026-01-22T11:39:03","slug":"abogado-de-muerte-injusta-de-san-bernardino","status":"publish","type":"page","link":"https:\/\/westcoasttriallawyers.com\/es\/california\/san-bernardino\/abogado-de-muerte-injusta-de-san-bernardino","title":{"rendered":"Abogado de Muerte Injusta de San Bernardino"},"content":{"rendered":"<h2><strong>\u00bfQui\u00e9n est\u00e1 Autorizado Legalmente a Presentar una Demanda por Muerte Injusta? \u00bfC\u00f3mo debe Probar el Demandante que el Acusado es Culpable?<\/strong><\/h2>\n<p><strong>San Bernardino<\/strong> no es ajeno a los accidentes fatales, el m\u00e1s reciente ocurri\u00f3 en\u00a0<a href=\"https:\/\/www.sbsun.com\/2021\/10\/04\/san-bernardino-man-accused-of-hit-and-run-after-pedestrian-is-struck-and-dies\/\"><strong>octubre de 2021.<\/strong><\/a> Un conductor atropell\u00f3 a un peat\u00f3n y huy\u00f3 del lugar del accidente. El conductor pronto fue descubierto por la polic\u00eda y fue fichado bajo sospecha de conducir bajo la influencia del alcohol. El peat\u00f3n, lamentablemente, no pudo recuperarse de las heridas provocadas por el conductor ebrio y falleci\u00f3 en el hospital. Lamentablemente, hay varios otros tipos de factores que han contribuido a las muertes por negligencia, incluidos los defectos del producto, los accidentes de bicicleta, los accidentes de scooter y los accidentes de veh\u00edculos motorizados. Si ha perdido a un ser querido por muerte injusta, le enviamos nuestro m\u00e1s sentido p\u00e9same.\u00a0<\/p>\n<p>En Abogados de la Costa Oeste, nuestros\u00a0<strong>abogados de homicidio culposo de San Bernardino<\/strong> est\u00e1n comprometidos a luchar por su justicia. Con nuestro historial de ganar m\u00e1s de 5,000 casos de lesiones personales y recuperar m\u00e1s de $1 mil millones en acuerdos para nuestros clientes, hemos sido reconocidos como uno de los principales bufetes de abogados de lesiones personales en San Bernardino.\u00a0<\/p>\n<p>Para programar una consulta gratuita y sin compromiso en nuestro\u00a0<strong>bufete de abogados de lesiones personales de San Bernardino,<\/strong> comun\u00edquese con nosotros llamando al\u00a0<strong>213-927-3700<\/strong> o enviando un correo electr\u00f3nico\u00a0<a href=\"mailto:info@westcoasttriallawyers.com\">a\u00a0<strong>info@westcoasttriallawyers.com<\/strong><\/a><strong>.<\/strong>\u00a0<\/p>\n<p><strong>\u00bfQui\u00e9n Puede Demandar Legalmente por Muerte Injusta?<\/strong><\/p>\n<p>Para representaci\u00f3n legal,\u00a0<a href=\"https:\/\/leginfo.legislature.ca.gov\/faces\/codes_displaySection.xhtml?sectionNum=377.60.&amp;lawCode=CCP\"><strong>el C\u00f3digo de Procedimiento Civil de California 377.60<\/strong><\/a>\u00a0puede permitir que la familia inmediata, la familia lejana o la pareja de una v\u00edctima fallecida presenten una demanda contra la persona culpable. A continuaci\u00f3n, nuestros abogados de homicidio culposo de San Bernardino brindan una explicaci\u00f3n m\u00e1s detallada de la elegibilidad.<\/p>\n<ol>\n<li><strong>El c\u00f3nyuge sobreviviente:<\/strong> El c\u00f3nyuge del difunto es a menudo la primera persona reconocida con capacidad para demandar.<\/li>\n<li><strong>Hijos o descendencia del difunto:<\/strong> Cuando no hay c\u00f3nyuge o si el c\u00f3nyuge no quiere o no puede, los hijos pueden demandar. No existe ning\u00fan requisito de que estos puedan ser hijos \u00fanicos del \u00faltimo matrimonio del difunto. Cualquier hijo del difunto puede demandar.<\/li>\n<li><strong>Menores dependientes:<\/strong> es posible en ciertas situaciones en las que el difunto est\u00e1 casado que tanto \u00e9l como su c\u00f3nyuge fallecieron. En este caso, sus hijos menores que hayan vivido en la casa del difunto durante al menos 6 meses pueden demandar.<\/li>\n<li><strong>El c\u00f3nyuge putativo:<\/strong> Un c\u00f3nyuge putativo es aquel que no ha demostrado estar legalmente casado con el difunto. Bajo la ley, este puede ser el c\u00f3nyuge sobreviviente de un matrimonio nulo o anulable que haya cre\u00eddo de buena fe que el matrimonio era v\u00e1lido. Tal c\u00f3nyuge puede demandar.<\/li>\n<li><strong>Hijos del c\u00f3nyuge putativo:<\/strong> si se demuestra que los hijos del c\u00f3nyuge putativo dependen econ\u00f3micamente del difunto, pueden demandar.<\/li>\n<li><strong>Hijastros del difunto:<\/strong> Cuando se demuestre que los hijastros depend\u00edan econ\u00f3micamente del difunto, pueden demandar.<\/li>\n<li><strong>Padres del difunto:<\/strong> Si los padres del difunto pueden demostrar confianza o dependencia econ\u00f3mica del difunto, tendr\u00e1n derecho a demandar. Por ejemplo, deben demostrar que el difunto era una fuente importante de apoyo familiar para ellos antes de su muerte.<\/li>\n<li><strong>Si no hay c\u00f3nyuge o descendencia sobreviviente:<\/strong> En esta situaci\u00f3n, cualquiera que tenga derecho a la propiedad del difunto por sucesi\u00f3n intestada puede demandar. Esto ampl\u00eda el grupo de personas potencialmente elegibles para incluir hermanos, t\u00edas, t\u00edos, sobrinos, sobrinas o cualquier otra persona que pueda tener la posibilidad de heredar al difunto.<\/li>\n<\/ol>\n<p><strong>A Qui\u00e9n Demandar por Homicidio Culposo<\/strong><\/p>\n<p>Debe determinar qui\u00e9n es la parte culpable para presentar un reclamo por lesiones personales. Sin embargo, antes de presentar un reclamo, debe hablar con un abogado con experiencia en muerte injusta. Revisar\u00e1n su caso para determinar si debe o no presentar un reclamo contra la parte que cree que tiene la culpa de la p\u00e9rdida de su ser querido. Si el abogado le da luz verde, puede comenzar a recopilar pruebas y documentaci\u00f3n importante que ayudar\u00e1 a respaldar su reclamo.<\/p>\n<p>Una vez que haya reunido sus pruebas, su abogado analizar\u00e1 sus hallazgos y lo ayudar\u00e1 a desarrollar su caso. Tambi\u00e9n negociar\u00e1n con las compa\u00f1\u00edas de seguros para obtener la m\u00e1xima compensaci\u00f3n y justicia que usted y su familia merecen.\u00a0<\/p>\n<p><strong>Prueba de muerte injusta<\/strong><\/p>\n<p>Aqu\u00ed hay algunos factores importantes a considerar al probar una muerte injusta:<\/p>\n<ul>\n<li><strong>Deber de cuidado.\u00a0<\/strong>Se espera que el demandante muestre pruebas de que el demandado tiene el deber de cuidar a la v\u00edctima fallecida. Por ejemplo, el acusado estaba desobedeciendo las reglas de tr\u00e1nsito, como exceder el l\u00edmite de velocidad se\u00f1alado.<\/li>\n<li><a href=\"https:\/\/www.hg.org\/legal-articles\/negligence-and-breach-of-duty-of-care-20316\"><strong>Incumplimiento del deber de cuidado.<\/strong><\/a>\u00a0El demandante debe demostrar que el demandado ha incumplido su deber de diligencia. Por ejemplo, el acusado iba a m\u00e1s de 80 mph en una carretera de 55 mph.\u00a0\u00a0<\/li>\n<li><strong>Causalidad.<\/strong> El demandante debe presentar pruebas de que el incumplimiento del deber de cuidado por parte del demandado fue la raz\u00f3n por la cual la v\u00edctima fue asesinada. Siguiendo los ejemplos anteriores, el exceso de velocidad del acusado es lo que caus\u00f3 el accidente automovil\u00edstico que finalmente condujo a la muerte injusta de la v\u00edctima fallecida.\u00a0<\/li>\n<li><strong>Da\u00f1os y perjuicios.\u00a0<\/strong>El demandante sufri\u00f3 da\u00f1os financieros y\/o emocionales como resultado de las acciones del demandado. Nuevamente, continuando con los ejemplos anteriores, el demandante debe mostrar prueba de que la muerte de la v\u00edctima del accidente automovil\u00edstico result\u00f3 en cargas financieras y emocionales, como facturas m\u00e9dicas costosas, gastos de funeral y entierro, p\u00e9rdida de la capacidad de obtener ingresos, p\u00e9rdida del disfrute de la vida, el dolor y el sufrimiento.\u00a0<\/li>\n<\/ul>\n<p><strong>Carga de la Prueba\u00a0<\/strong><\/p>\n<p>El demandante est\u00e1 obligado a proporcionar pruebas convincentes al jurado. Al hacerlo, podr\u00eda dejar un impacto persuasivo en el jurado. Esto puede resultar en que las acusaciones contra el acusado se vuelvan m\u00e1s verdaderas que falsas. Si el demandante no puede exhibir evidencia importante contra el demandado, lo m\u00e1s probable es que el demandado gane el acuerdo. Aunque el acusado no est\u00e1 obligado a probar nada durante el juicio, a\u00fan podr\u00eda usar la defensa afirmativa. Esto provocar\u00e1 un efecto inverso entre el demandante y el demandado. El demandado puede ser requerido para probar que la defensa debe ser aplicada.<\/p>\n<p><strong>Da\u00f1os Disponibles<\/strong><\/p>\n<p>Los da\u00f1os se distribuir\u00e1n seg\u00fan el tipo de p\u00e9rdida que sufran los herederos de la v\u00edctima fallecida. La compensaci\u00f3n recuperable por una muerte injusta puede incluir, pero no se limita a, lo siguiente:<\/p>\n<ul>\n<li><a href=\"https:\/\/westcoasttriallawyers.com\/es\/practice-areas\/abogado-de-accidentes-de-carro\/medical-bills\"><strong>Gastos m\u00e9dicos<\/strong><\/a><\/li>\n<li><a href=\"https:\/\/westcoasttriallawyers.com\/es\/practice-areas\/abogado-de-accidentes-de-carro\/lost-wages\"><strong>Salarios perdidos<\/strong><\/a><\/li>\n<li><a href=\"\/emotional-distress\/\"><strong>Angustia emocional<\/strong><\/a><\/li>\n<li>Da\u00f1os a la propiedad<\/li>\n<li>Dolor y sufrimiento<\/li>\n<li>P\u00e9rdida de compa\u00f1erismo\u00a0<\/li>\n<li>P\u00e9rdida de capacidad de ingresos<\/li>\n<\/ul>\n<p><strong>Cont\u00e1ctenos<\/strong><\/p>\n<p>Si su ser querido fue v\u00edctima de muerte injusta debido a la negligencia de otra persona,\u00a0<a href=\"\/\"><strong>Abogados de la Costa Oeste<\/strong><\/a><strong>\u00a0<\/strong>posee<strong>\u00a0<\/strong>Abogados de muerte injusta de San Bernardino que tienen m\u00e1s de 60 a\u00f1os de experiencia legal colectiva en el manejo de casos de lesiones personales. Lo ayudaremos a recuperar una compensaci\u00f3n financiera y emocional por las p\u00e9rdidas que ha sufrido en nombre de su ser querido.\u00a0<\/p>\n<p>Comun\u00edquese con nuestro equipo legal las 24 horas, los 7 d\u00edas de la semana llamando al <strong>213-927-3700<\/strong> o enviando un correo electr\u00f3nico\u00a0<a href=\"mailto:info@westcoasttriallawyers.com\">a\u00a0<strong>info@westcoasttriallawyers.com<\/strong><\/a><strong>\u00a0<\/strong>para programar una consulta gratuita y sin compromiso en nuestro bufete de abogados de lesiones personales de San Bernardino.\u00a0<\/p>\n<p><!-- WCTL_DEBUG: no shortcode in this_content --><\/p>\n","protected":false},"excerpt":{"rendered":"<p>\u00bfQui\u00e9n est\u00e1 Autorizado Legalmente a Presentar una Demanda por Muerte Injusta? \u00bfC\u00f3mo debe Probar el Demandante que el Acusado es Culpable? San Bernardino no es ajeno a los accidentes fatales, el m\u00e1s reciente ocurri\u00f3 en\u00a0octubre de 2021. Un conductor atropell\u00f3 a un peat\u00f3n y huy\u00f3 del lugar del accidente. El conductor pronto fue descubierto por [&hellip;]<\/p>\n","protected":false},"author":475,"featured_media":46826,"parent":47392,"menu_order":0,"comment_status":"closed","ping_status":"closed","template":"","meta":{"inline_featured_image":false,"footnotes":""},"class_list":["post-12699","page","type-page","status-publish","has-post-thumbnail","hentry"],"acf":[],"yoast_head":"<!-- This site is optimized with the Yoast SEO Premium plugin v26.0 (Yoast SEO v26.0) - https:\/\/yoast.com\/wordpress\/plugins\/seo\/ -->\n<title>Abogado de Muerte Injusta de San Bernardino | West Coast Trial Lawyers<\/title>\n<meta name=\"robots\" content=\"index, follow, max-snippet:-1, max-image-preview:large, max-video-preview:-1\" \/>\n<link rel=\"canonical\" href=\"https:\/\/westcoasttriallawyers.com\/es\/california\/san-bernardino\/abogado-de-muerte-injusta-de-san-bernardino\" \/>\n<meta property=\"og:locale\" content=\"es_ES\" \/>\n<meta property=\"og:type\" content=\"article\" \/>\n<meta property=\"og:title\" content=\"Abogado de Muerte Injusta de San Bernardino\" \/>\n<meta property=\"og:description\" content=\"\u00bfQui\u00e9n est\u00e1 Autorizado Legalmente a Presentar una Demanda por Muerte Injusta? \u00bfC\u00f3mo debe Probar el Demandante que el Acusado es Culpable? San Bernardino no es ajeno a los accidentes fatales, el m\u00e1s reciente ocurri\u00f3 en\u00a0octubre de 2021. Un conductor atropell\u00f3 a un peat\u00f3n y huy\u00f3 del lugar del accidente. El conductor pronto fue descubierto por [&hellip;]\" \/>\n<meta property=\"og:url\" content=\"https:\/\/westcoasttriallawyers.com\/es\/california\/san-bernardino\/abogado-de-muerte-injusta-de-san-bernardino\" \/>\n<meta property=\"og:site_name\" content=\"West Coast Trial Lawyers\" \/>\n<meta property=\"article:publisher\" content=\"https:\/\/www.facebook.com\/westcoasttriallawyers\/\" \/>\n<meta property=\"article:modified_time\" content=\"2026-01-22T11:39:03+00:00\" \/>\n<meta property=\"og:image\" content=\"https:\/\/westcoasttriallawyers.com\/wp-content\/uploads\/2025\/07\/city-img-4-11.webp\" \/>\n\t<meta property=\"og:image:width\" content=\"557\" \/>\n\t<meta property=\"og:image:height\" content=\"329\" \/>\n\t<meta property=\"og:image:type\" content=\"image\/webp\" \/>\n<meta name=\"twitter:card\" content=\"summary_large_image\" \/>\n<meta name=\"twitter:site\" content=\"@WestCoastTrial\" \/>\n<meta name=\"twitter:label1\" content=\"Tiempo de lectura\" \/>\n\t<meta name=\"twitter:data1\" content=\"6 minutos\" \/>\n<script type=\"application\/ld+json\" class=\"yoast-schema-graph\">{\"@context\":\"https:\/\/schema.org\",\"@graph\":[{\"@type\":[\"WebPage\",\"ItemPage\"],\"@id\":\"https:\/\/westcoasttriallawyers.com\/es\/california\/san-bernardino\/abogado-de-muerte-injusta-de-san-bernardino\",\"url\":\"https:\/\/westcoasttriallawyers.com\/es\/california\/san-bernardino\/abogado-de-muerte-injusta-de-san-bernardino\",\"name\":\"Abogado de Muerte Injusta de San Bernardino | West Coast Trial Lawyers\",\"isPartOf\":{\"@id\":\"https:\/\/westcoasttriallawyers.com\/es#website\"},\"primaryImageOfPage\":{\"@id\":\"https:\/\/westcoasttriallawyers.com\/es\/california\/san-bernardino\/abogado-de-muerte-injusta-de-san-bernardino#primaryimage\"},\"image\":{\"@id\":\"https:\/\/westcoasttriallawyers.com\/es\/california\/san-bernardino\/abogado-de-muerte-injusta-de-san-bernardino#primaryimage\"},\"thumbnailUrl\":\"https:\/\/westcoasttriallawyers.com\/wp-content\/uploads\/2025\/07\/city-img-4-11.webp\",\"datePublished\":\"2026-01-14T17:59:28+00:00\",\"dateModified\":\"2026-01-22T11:39:03+00:00\",\"breadcrumb\":{\"@id\":\"https:\/\/westcoasttriallawyers.com\/es\/california\/san-bernardino\/abogado-de-muerte-injusta-de-san-bernardino#breadcrumb\"},\"inLanguage\":\"es\",\"potentialAction\":[{\"@type\":\"ReadAction\",\"target\":[\"https:\/\/westcoasttriallawyers.com\/es\/california\/san-bernardino\/abogado-de-muerte-injusta-de-san-bernardino\"]}]},{\"@type\":\"ImageObject\",\"inLanguage\":\"es\",\"@id\":\"https:\/\/westcoasttriallawyers.com\/es\/california\/san-bernardino\/abogado-de-muerte-injusta-de-san-bernardino#primaryimage\",\"url\":\"https:\/\/westcoasttriallawyers.com\/wp-content\/uploads\/2025\/07\/city-img-4-11.webp\",\"contentUrl\":\"https:\/\/westcoasttriallawyers.com\/wp-content\/uploads\/2025\/07\/city-img-4-11.webp\",\"width\":557,\"height\":329},{\"@type\":\"BreadcrumbList\",\"@id\":\"https:\/\/westcoasttriallawyers.com\/es\/california\/san-bernardino\/abogado-de-muerte-injusta-de-san-bernardino#breadcrumb\",\"itemListElement\":[{\"@type\":\"ListItem\",\"position\":1,\"name\":\"Inicio\",\"item\":\"https:\/\/westcoasttriallawyers.com\/es\"},{\"@type\":\"ListItem\",\"position\":2,\"name\":\"California\",\"item\":\"https:\/\/westcoasttriallawyers.com\/es\/california\"},{\"@type\":\"ListItem\",\"position\":3,\"name\":\"San Bernardino\",\"item\":\"https:\/\/westcoasttriallawyers.com\/es\/california\/san-bernardino\"},{\"@type\":\"ListItem\",\"position\":4,\"name\":\"Abogado de Muerte Injusta de San Bernardino\"}]},{\"@type\":\"WebSite\",\"@id\":\"https:\/\/westcoasttriallawyers.com\/es#website\",\"url\":\"https:\/\/westcoasttriallawyers.com\/es\",\"name\":\"West Coast Trial Lawyers\",\"description\":\"West Coast Trial Lawyers\",\"publisher\":{\"@id\":\"https:\/\/westcoasttriallawyers.com\/es#organization\"},\"alternateName\":\"WCTL\",\"potentialAction\":[{\"@type\":\"SearchAction\",\"target\":{\"@type\":\"EntryPoint\",\"urlTemplate\":\"https:\/\/westcoasttriallawyers.com\/es?s={search_term_string}\"},\"query-input\":{\"@type\":\"PropertyValueSpecification\",\"valueRequired\":true,\"valueName\":\"search_term_string\"}}],\"inLanguage\":\"es\"},{\"@type\":\"Organization\",\"@id\":\"https:\/\/westcoasttriallawyers.com\/es#organization\",\"name\":\"West Coast Trial Lawyers\",\"alternateName\":\"WCTL\",\"url\":\"https:\/\/westcoasttriallawyers.com\/es\",\"logo\":{\"@type\":\"ImageObject\",\"inLanguage\":\"es\",\"@id\":\"https:\/\/westcoasttriallawyers.com\/es#\/schema\/logo\/image\/\",\"url\":\"https:\/\/westcoasttriallawyers.com\/wp-content\/uploads\/2026\/02\/WCTL-Logo.jpg\",\"contentUrl\":\"https:\/\/westcoasttriallawyers.com\/wp-content\/uploads\/2026\/02\/WCTL-Logo.jpg\",\"width\":696,\"height\":696,\"caption\":\"West Coast Trial Lawyers\"},\"image\":{\"@id\":\"https:\/\/westcoasttriallawyers.com\/es#\/schema\/logo\/image\/\"},\"sameAs\":[\"https:\/\/www.facebook.com\/westcoasttriallawyers\/\",\"https:\/\/x.com\/WestCoastTrial\",\"https:\/\/www.linkedin.com\/company\/west-coast-trial-lawyers\/\",\"https:\/\/www.instagram.com\/westcoasttriallawyers\/\",\"https:\/\/www.yelp.com\/biz\/west-coast-trial-lawyers-los-angeles-2\",\"https:\/\/www.pinterest.com\/westcoasttrial\/\",\"https:\/\/www.youtube.com\/westcoasttriallawyersla\/\",\"https:\/\/www.tiktok.com\/westcoasttriallawyers\"],\"description\":\"West Coast Trial Lawyers is a top-rated personal injury law firm with a goal to provide expert legal representation to those in need. The law firm has offices across California, Nevada, Arizona, and Washington.\",\"legalName\":\"West Coast Trial Lawyers\"}]}<\/script>\n<!-- \/ Yoast SEO Premium plugin. -->","yoast_head_json":{"title":"Abogado de Muerte Injusta de San Bernardino | West Coast Trial Lawyers","robots":{"index":"index","follow":"follow","max-snippet":"max-snippet:-1","max-image-preview":"max-image-preview:large","max-video-preview":"max-video-preview:-1"},"canonical":"https:\/\/westcoasttriallawyers.com\/es\/california\/san-bernardino\/abogado-de-muerte-injusta-de-san-bernardino","og_locale":"es_ES","og_type":"article","og_title":"Abogado de Muerte Injusta de San Bernardino","og_description":"\u00bfQui\u00e9n est\u00e1 Autorizado Legalmente a Presentar una Demanda por Muerte Injusta? \u00bfC\u00f3mo debe Probar el Demandante que el Acusado es Culpable? San Bernardino no es ajeno a los accidentes fatales, el m\u00e1s reciente ocurri\u00f3 en\u00a0octubre de 2021. Un conductor atropell\u00f3 a un peat\u00f3n y huy\u00f3 del lugar del accidente. El conductor pronto fue descubierto por [&hellip;]","og_url":"https:\/\/westcoasttriallawyers.com\/es\/california\/san-bernardino\/abogado-de-muerte-injusta-de-san-bernardino","og_site_name":"West Coast Trial Lawyers","article_publisher":"https:\/\/www.facebook.com\/westcoasttriallawyers\/","article_modified_time":"2026-01-22T11:39:03+00:00","og_image":[{"width":557,"height":329,"url":"https:\/\/westcoasttriallawyers.com\/wp-content\/uploads\/2025\/07\/city-img-4-11.webp","type":"image\/webp"}],"twitter_card":"summary_large_image","twitter_site":"@WestCoastTrial","twitter_misc":{"Tiempo de lectura":"6 minutos"},"schema":{"@context":"https:\/\/schema.org","@graph":[{"@type":["WebPage","ItemPage"],"@id":"https:\/\/westcoasttriallawyers.com\/es\/california\/san-bernardino\/abogado-de-muerte-injusta-de-san-bernardino","url":"https:\/\/westcoasttriallawyers.com\/es\/california\/san-bernardino\/abogado-de-muerte-injusta-de-san-bernardino","name":"Abogado de Muerte Injusta de San Bernardino | West Coast Trial Lawyers","isPartOf":{"@id":"https:\/\/westcoasttriallawyers.com\/es#website"},"primaryImageOfPage":{"@id":"https:\/\/westcoasttriallawyers.com\/es\/california\/san-bernardino\/abogado-de-muerte-injusta-de-san-bernardino#primaryimage"},"image":{"@id":"https:\/\/westcoasttriallawyers.com\/es\/california\/san-bernardino\/abogado-de-muerte-injusta-de-san-bernardino#primaryimage"},"thumbnailUrl":"https:\/\/westcoasttriallawyers.com\/wp-content\/uploads\/2025\/07\/city-img-4-11.webp","datePublished":"2026-01-14T17:59:28+00:00","dateModified":"2026-01-22T11:39:03+00:00","breadcrumb":{"@id":"https:\/\/westcoasttriallawyers.com\/es\/california\/san-bernardino\/abogado-de-muerte-injusta-de-san-bernardino#breadcrumb"},"inLanguage":"es","potentialAction":[{"@type":"ReadAction","target":["https:\/\/westcoasttriallawyers.com\/es\/california\/san-bernardino\/abogado-de-muerte-injusta-de-san-bernardino"]}]},{"@type":"ImageObject","inLanguage":"es","@id":"https:\/\/westcoasttriallawyers.com\/es\/california\/san-bernardino\/abogado-de-muerte-injusta-de-san-bernardino#primaryimage","url":"https:\/\/westcoasttriallawyers.com\/wp-content\/uploads\/2025\/07\/city-img-4-11.webp","contentUrl":"https:\/\/westcoasttriallawyers.com\/wp-content\/uploads\/2025\/07\/city-img-4-11.webp","width":557,"height":329},{"@type":"BreadcrumbList","@id":"https:\/\/westcoasttriallawyers.com\/es\/california\/san-bernardino\/abogado-de-muerte-injusta-de-san-bernardino#breadcrumb","itemListElement":[{"@type":"ListItem","position":1,"name":"Inicio","item":"https:\/\/westcoasttriallawyers.com\/es"},{"@type":"ListItem","position":2,"name":"California","item":"https:\/\/westcoasttriallawyers.com\/es\/california"},{"@type":"ListItem","position":3,"name":"San Bernardino","item":"https:\/\/westcoasttriallawyers.com\/es\/california\/san-bernardino"},{"@type":"ListItem","position":4,"name":"Abogado de Muerte Injusta de San Bernardino"}]},{"@type":"WebSite","@id":"https:\/\/westcoasttriallawyers.com\/es#website","url":"https:\/\/westcoasttriallawyers.com\/es","name":"West Coast Trial Lawyers","description":"West Coast Trial Lawyers","publisher":{"@id":"https:\/\/westcoasttriallawyers.com\/es#organization"},"alternateName":"WCTL","potentialAction":[{"@type":"SearchAction","target":{"@type":"EntryPoint","urlTemplate":"https:\/\/westcoasttriallawyers.com\/es?s={search_term_string}"},"query-input":{"@type":"PropertyValueSpecification","valueRequired":true,"valueName":"search_term_string"}}],"inLanguage":"es"},{"@type":"Organization","@id":"https:\/\/westcoasttriallawyers.com\/es#organization","name":"West Coast Trial Lawyers","alternateName":"WCTL","url":"https:\/\/westcoasttriallawyers.com\/es","logo":{"@type":"ImageObject","inLanguage":"es","@id":"https:\/\/westcoasttriallawyers.com\/es#\/schema\/logo\/image\/","url":"https:\/\/westcoasttriallawyers.com\/wp-content\/uploads\/2026\/02\/WCTL-Logo.jpg","contentUrl":"https:\/\/westcoasttriallawyers.com\/wp-content\/uploads\/2026\/02\/WCTL-Logo.jpg","width":696,"height":696,"caption":"West Coast Trial Lawyers"},"image":{"@id":"https:\/\/westcoasttriallawyers.com\/es#\/schema\/logo\/image\/"},"sameAs":["https:\/\/www.facebook.com\/westcoasttriallawyers\/","https:\/\/x.com\/WestCoastTrial","https:\/\/www.linkedin.com\/company\/west-coast-trial-lawyers\/","https:\/\/www.instagram.com\/westcoasttriallawyers\/","https:\/\/www.yelp.com\/biz\/west-coast-trial-lawyers-los-angeles-2","https:\/\/www.pinterest.com\/westcoasttrial\/","https:\/\/www.youtube.com\/westcoasttriallawyersla\/","https:\/\/www.tiktok.com\/westcoasttriallawyers"],"description":"West Coast Trial Lawyers is a top-rated personal injury law firm with a goal to provide expert legal representation to those in need. The law firm has offices across California, Nevada, Arizona, and Washington.","legalName":"West Coast Trial Lawyers"}]}},"_links":{"self":[{"href":"https:\/\/westcoasttriallawyers.com\/es\/wp-json\/wp\/v2\/pages\/12699","targetHints":{"allow":["GET"]}}],"collection":[{"href":"https:\/\/westcoasttriallawyers.com\/es\/wp-json\/wp\/v2\/pages"}],"about":[{"href":"https:\/\/westcoasttriallawyers.com\/es\/wp-json\/wp\/v2\/types\/page"}],"author":[{"embeddable":true,"href":"https:\/\/westcoasttriallawyers.com\/es\/wp-json\/wp\/v2\/users\/475"}],"replies":[{"embeddable":true,"href":"https:\/\/westcoasttriallawyers.com\/es\/wp-json\/wp\/v2\/comments?post=12699"}],"version-history":[{"count":3,"href":"https:\/\/westcoasttriallawyers.com\/es\/wp-json\/wp\/v2\/pages\/12699\/revisions"}],"predecessor-version":[{"id":47896,"href":"https:\/\/westcoasttriallawyers.com\/es\/wp-json\/wp\/v2\/pages\/12699\/revisions\/47896"}],"up":[{"embeddable":true,"href":"https:\/\/westcoasttriallawyers.com\/es\/wp-json\/wp\/v2\/pages\/47392"}],"wp:featuredmedia":[{"embeddable":true,"href":"https:\/\/westcoasttriallawyers.com\/es\/wp-json\/wp\/v2\/media\/46826"}],"wp:attachment":[{"href":"https:\/\/westcoasttriallawyers.com\/es\/wp-json\/wp\/v2\/media?parent=12699"}],"curies":[{"name":"wp","href":"https:\/\/api.w.org\/{rel}","templated":true}]}}