{"id":12697,"date":"2026-01-14T17:59:24","date_gmt":"2026-01-14T17:59:24","guid":{"rendered":"https:\/\/wctl1stg.wpengine.com\/?page_id=12697"},"modified":"2026-01-22T11:04:29","modified_gmt":"2026-01-22T11:04:29","slug":"abogado-de-accidentes-de-bicicleta-en-san-bernardino","status":"publish","type":"page","link":"https:\/\/westcoasttriallawyers.com\/es\/california\/san-bernardino\/abogado-de-accidentes-de-bicicleta-en-san-bernardino","title":{"rendered":"Abogado de Accidentes de Bicicleta en San Bernardino"},"content":{"rendered":"<h2><strong>\u00bfNecesita Ayuda para Presentar un Reclamo por Accidente de Bicicleta? Programe una Consulta Gratuita con Nuestros Abogados Expertos en Lesiones Personales<\/strong><\/h2>\n<p>Debido a que los veh\u00edculos liberan cantidades masivas de contaminaci\u00f3n a diario, muchas personas han recurrido a las bicicletas como medio de transporte alternativo. Desafortunadamente, los ciclistas han estado experimentando una falta de respeto en la carretera y los conductores no les dan el derecho de paso. Ha habido situaciones en las que un conductor intentar\u00eda entrar en el carril para bicicletas para girar, pero har\u00eda el cambio de inmediato sin verificar su entorno para confirmar que es seguro hacerlo. Esto es incre\u00edblemente irresponsable y puede resultar en un accidente desastroso.\u00a0<\/p>\n<p>Cada a\u00f1o, los accidentes de bicicleta han resultado en m\u00e1s de\u00a0<a href=\"https:\/\/www.cbsnews.com\/pictures\/bicycle-safety213-927-3700death-defying-rules\/\"><strong>500,000 personas<\/strong>\u00a0<\/a>siendo transportadas a un hospital. M\u00e1s de 700 de estas v\u00edctimas est\u00e1n involucradas en un accidente fatal. Estos accidentes se han producido en su mayor\u00eda por la noche, por lo que es importante evitar salir a montar durante este tiempo, en lo posible. Si necesita andar en bicicleta por la noche, debe usar ropa brillante, de ne\u00f3n o reflectante para ser m\u00e1s visible. Tambi\u00e9n debe tener luces instaladas en varias partes de su bicicleta para avisar a los conductores de que est\u00e1 montando cerca.\u00a0<\/p>\n<p>Si usted es v\u00edctima de un accidente de bicicleta y desea emprender acciones legales contra el conductor culpable, Abogados de la Costa Oeste tiene\u00a0<strong>abogados de accidentes de bicicleta en San Bernardino<\/strong> con m\u00e1s de 60 a\u00f1os de experiencia legal colectiva en el manejo de casos de lesiones personales. Hemos adquirido m\u00e1s de mil millones de d\u00f3lares en acuerdos y juicios para nuestros clientes. Debido a nuestro \u00e9xito continuo en casos ganadores, hemos sido reconocidos como uno de los mejores bufetes de abogados de lesiones personales en\u00a0<strong>San Bernardino.\u00a0<\/strong><\/p>\n<p>Si est\u00e1 interesado en utilizar nuestros servicios, comun\u00edquese con nuestro equipo legal las 24 horas del d\u00eda, los 7 d\u00edas de la semana llamando al\u00a0<strong>213-927-3700\u00a0<\/strong>electr\u00f3nico\u00a0<a href=\"mailto:info@westcoasttriallawyers.com\">info@westcoasttriallawyers.com<\/a> para programar una consulta gratuita en nuestro\u00a0<strong>bufete de abogados de lesiones personales de San Bernardino.<\/strong>\u00a0<\/p>\n<p><strong>Presentaci\u00f3n de un Reclamo por Accidente de Bicicleta\u00a0<\/strong><\/p>\n<p>Es importante contar con un abogado con experiencia en accidentes de bicicleta de su lado mientras realiza el proceso de presentaci\u00f3n de un reclamo. Para comenzar con su reclamo, deber\u00e1 registrar detalles importantes, como la informaci\u00f3n de contacto de la otra parte, el n\u00famero de placa y la informaci\u00f3n del seguro. Una vez que los haya adquirido, deber\u00e1 comenzar a recopilar evidencia. Esto incluye fotos, videos y documentaci\u00f3n relacionada con el accidente, junto con informaci\u00f3n de testigos. Al tener todos estos factores incorporados en su reclamo, podr\u00e1 proporcionar un caso convincente. Esto aumentar\u00e1 la probabilidad de que gane su acuerdo y obtenga la compensaci\u00f3n que merece por sus p\u00e9rdidas.\u00a0<\/p>\n<p><strong>C\u00e1lculo de un Acuerdo por Accidente de Bicicleta<\/strong><\/p>\n<p>213-927-3700<\/p>\n<p>Cada accidente de bicicleta es diferente. Los da\u00f1os dependen de cu\u00e1nto perdi\u00f3 en la colisi\u00f3n. Por lo general, hay dos tipos de da\u00f1os que se le pueden otorgar a una v\u00edctima, que son\u00a0<strong>da\u00f1os econ\u00f3micos<\/strong> y<strong> no econ\u00f3micos.<\/strong><\/p>\n<p>Los da\u00f1os econ\u00f3micos est\u00e1n destinados a compensar al demandante por las p\u00e9rdidas a las que se puede adjuntar f\u00e1cilmente una cantidad en d\u00f3lares. Se calcula determinando la cantidad de p\u00e9rdidas de bolsillo que una persona agraviada tiene o esperar\u00e1 incurrir como resultado de sus lesiones. Los ejemplos de da\u00f1os econ\u00f3micos incluyen facturas m\u00e9dicas, salarios perdidos y da\u00f1os a la propiedad.<\/p>\n<p>Los da\u00f1os no econ\u00f3micos est\u00e1n destinados esencialmente a cubrir p\u00e9rdidas que se consideran subjetivas y no necesariamente cubrir\u00e1n p\u00e9rdidas de bolsillo. Esto puede incluir lo siguiente:<\/p>\n<ul>\n<li><strong>P\u00e9rdida del disfrute de la vida.\u00a0<\/strong>Esto ocurre cuando una persona ya no se entretiene realizando actividades que antes le resultaban divertidas o emocionantes.\u00a0\u00a0<\/li>\n<li><strong>Estr\u00e9s emocional.\u00a0<\/strong>Esto ocurre cuando una persona est\u00e1 lidiando con una cantidad significativa de miedo o ansiedad.<\/li>\n<li><strong>Dolor y sufrimiento.<\/strong> Esto ocurre cuando una persona siente incomodidad o trauma emocional, especialmente cuando tiene recuerdos del accidente.\u00a0<\/li>\n<li><strong>P\u00e9rdida de consorcio.<\/strong> Esto ocurre cuando un individuo est\u00e1 perdiendo inter\u00e9s en estar cerca o tener intimidad con su pareja.<\/li>\n<\/ul>\n<p>En casos muy raros, un ciclista lesionado tambi\u00e9n puede buscar\u00a0<strong>da\u00f1os punitivos<\/strong>. Los da\u00f1os punitivos se otorgan para castigar a un malhechor por sus actos deliberados de malicia. Para tener derecho a da\u00f1os punitivos, un ciclista lesionado debe demostrar que el acusado tuvo un comportamiento extremo, como intentar atropellarlo intencionalmente.<\/p>\n<p><strong>Estatuto de Limitaciones<\/strong><\/p>\n<p><strong>\u00a0<\/strong><\/p>\n<p>El estatuto de limitaciones se define como un l\u00edmite de tiempo impuesto por la ley en el que se debe presentar una demanda civil o penal. Cuando se trata de un accidente de bicicleta, la v\u00edctima tiene un\u00a0<strong>per\u00edodo de dos a\u00f1os\u00a0<\/strong>para presentar una reclamaci\u00f3n por da\u00f1os y perjuicios por lesiones personales contra la parte culpable. Este comenzar\u00e1 en la fecha inicial del accidente.<\/p>\n<p>Hay algunas excepciones seg\u00fan el caso. Puede que le cuenten su tiempo\u00a0<a href=\"http:\/\/www.courts.ca.gov\/9618.htm\">s\u00f3lo<\/a> si:<\/p>\n<ul>\n<li>El demandante es menor de edad.<\/li>\n<li>El demandante no tiene conocimiento de que la lesi\u00f3n ocurri\u00f3 hasta un per\u00edodo de tiempo posterior y no ten\u00eda ninguna raz\u00f3n razonable para estar al tanto de dicha lesi\u00f3n.<\/li>\n<li>El demandante est\u00e1 f\u00edsicamente incapacitado, por lo que es casi imposible que presente un reclamo.<\/li>\n<li>El demandante est\u00e1 fuera del estado o en prisi\u00f3n.<\/li>\n<li>El demandante est\u00e1 loco.<\/li>\n<\/ul>\n<p>Una vez que termine el peaje, comenzar\u00e1 el plazo de prescripci\u00f3n.\u00a0<\/p>\n<p><strong>Cont\u00e1ctenos<\/strong><\/p>\n<p>Si ha sufrido lesiones en la ciudad de San Bernardino como resultado de un accidente de bicicleta,\u00a0<a href=\"\/\"><strong>Abogados de la costa oeste<\/strong><\/a><strong>\u00a0<\/strong>pueden ayudarlo a recuperar la m\u00e1xima compensaci\u00f3n financiera y emocional por sus p\u00e9rdidas.<\/p>\n<p>Ll\u00e1menos hoy al<strong> 213-927-3700<\/strong> o env\u00ede un correo electr\u00f3nico<strong> info@westcoasttriallawyers.com<\/strong> para programar una consulta gratuita con nuestro equipo legal experimentado, atento y compasivo.<\/p>\n<p><!-- WCTL_DEBUG: no shortcode in this_content --><\/p>\n","protected":false},"excerpt":{"rendered":"<p>\u00bfNecesita Ayuda para Presentar un Reclamo por Accidente de Bicicleta? Programe una Consulta Gratuita con Nuestros Abogados Expertos en Lesiones Personales Debido a que los veh\u00edculos liberan cantidades masivas de contaminaci\u00f3n a diario, muchas personas han recurrido a las bicicletas como medio de transporte alternativo. Desafortunadamente, los ciclistas han estado experimentando una falta de respeto [&hellip;]<\/p>\n","protected":false},"author":475,"featured_media":46806,"parent":47392,"menu_order":0,"comment_status":"closed","ping_status":"closed","template":"","meta":{"inline_featured_image":false,"footnotes":""},"class_list":["post-12697","page","type-page","status-publish","has-post-thumbnail","hentry"],"acf":[],"yoast_head":"<!-- This site is optimized with the Yoast SEO Premium plugin v26.0 (Yoast SEO v26.0) - https:\/\/yoast.com\/wordpress\/plugins\/seo\/ -->\n<title>Abogado de Accidentes de Bicicleta en San Bernardino | West Coast Trial Lawyers<\/title>\n<meta name=\"robots\" content=\"index, follow, max-snippet:-1, max-image-preview:large, max-video-preview:-1\" \/>\n<link rel=\"canonical\" href=\"https:\/\/westcoasttriallawyers.com\/es\/california\/san-bernardino\/abogado-de-accidentes-de-bicicleta-en-san-bernardino\" \/>\n<meta property=\"og:locale\" content=\"es_ES\" \/>\n<meta property=\"og:type\" content=\"article\" \/>\n<meta property=\"og:title\" content=\"Abogado de Accidentes de Bicicleta en San Bernardino\" \/>\n<meta property=\"og:description\" content=\"\u00bfNecesita Ayuda para Presentar un Reclamo por Accidente de Bicicleta? Programe una Consulta Gratuita con Nuestros Abogados Expertos en Lesiones Personales Debido a que los veh\u00edculos liberan cantidades masivas de contaminaci\u00f3n a diario, muchas personas han recurrido a las bicicletas como medio de transporte alternativo. Desafortunadamente, los ciclistas han estado experimentando una falta de respeto [&hellip;]\" \/>\n<meta property=\"og:url\" content=\"https:\/\/westcoasttriallawyers.com\/es\/california\/san-bernardino\/abogado-de-accidentes-de-bicicleta-en-san-bernardino\" \/>\n<meta property=\"og:site_name\" content=\"West Coast Trial Lawyers\" \/>\n<meta property=\"article:publisher\" content=\"https:\/\/www.facebook.com\/westcoasttriallawyers\/\" \/>\n<meta property=\"article:modified_time\" content=\"2026-01-22T11:04:29+00:00\" \/>\n<meta property=\"og:image\" content=\"https:\/\/westcoasttriallawyers.com\/wp-content\/uploads\/2025\/07\/city-img-4-3.webp\" \/>\n\t<meta property=\"og:image:width\" content=\"557\" \/>\n\t<meta property=\"og:image:height\" content=\"329\" \/>\n\t<meta property=\"og:image:type\" content=\"image\/webp\" \/>\n<meta name=\"twitter:card\" content=\"summary_large_image\" \/>\n<meta name=\"twitter:site\" content=\"@WestCoastTrial\" \/>\n<meta name=\"twitter:label1\" content=\"Tiempo de lectura\" \/>\n\t<meta name=\"twitter:data1\" content=\"11 minutos\" \/>\n<script type=\"application\/ld+json\" class=\"yoast-schema-graph\">{\"@context\":\"https:\/\/schema.org\",\"@graph\":[{\"@type\":[\"WebPage\",\"ItemPage\"],\"@id\":\"https:\/\/westcoasttriallawyers.com\/es\/california\/san-bernardino\/abogado-de-accidentes-de-bicicleta-en-san-bernardino\",\"url\":\"https:\/\/westcoasttriallawyers.com\/es\/california\/san-bernardino\/abogado-de-accidentes-de-bicicleta-en-san-bernardino\",\"name\":\"Abogado de Accidentes de Bicicleta en San Bernardino | West Coast Trial Lawyers\",\"isPartOf\":{\"@id\":\"https:\/\/westcoasttriallawyers.com\/es#website\"},\"primaryImageOfPage\":{\"@id\":\"https:\/\/westcoasttriallawyers.com\/es\/california\/san-bernardino\/abogado-de-accidentes-de-bicicleta-en-san-bernardino#primaryimage\"},\"image\":{\"@id\":\"https:\/\/westcoasttriallawyers.com\/es\/california\/san-bernardino\/abogado-de-accidentes-de-bicicleta-en-san-bernardino#primaryimage\"},\"thumbnailUrl\":\"https:\/\/westcoasttriallawyers.com\/wp-content\/uploads\/2025\/07\/city-img-4-3.webp\",\"datePublished\":\"2026-01-14T17:59:24+00:00\",\"dateModified\":\"2026-01-22T11:04:29+00:00\",\"breadcrumb\":{\"@id\":\"https:\/\/westcoasttriallawyers.com\/es\/california\/san-bernardino\/abogado-de-accidentes-de-bicicleta-en-san-bernardino#breadcrumb\"},\"inLanguage\":\"es\",\"potentialAction\":[{\"@type\":\"ReadAction\",\"target\":[\"https:\/\/westcoasttriallawyers.com\/es\/california\/san-bernardino\/abogado-de-accidentes-de-bicicleta-en-san-bernardino\"]}]},{\"@type\":\"ImageObject\",\"inLanguage\":\"es\",\"@id\":\"https:\/\/westcoasttriallawyers.com\/es\/california\/san-bernardino\/abogado-de-accidentes-de-bicicleta-en-san-bernardino#primaryimage\",\"url\":\"https:\/\/westcoasttriallawyers.com\/wp-content\/uploads\/2025\/07\/city-img-4-3.webp\",\"contentUrl\":\"https:\/\/westcoasttriallawyers.com\/wp-content\/uploads\/2025\/07\/city-img-4-3.webp\",\"width\":557,\"height\":329},{\"@type\":\"BreadcrumbList\",\"@id\":\"https:\/\/westcoasttriallawyers.com\/es\/california\/san-bernardino\/abogado-de-accidentes-de-bicicleta-en-san-bernardino#breadcrumb\",\"itemListElement\":[{\"@type\":\"ListItem\",\"position\":1,\"name\":\"Inicio\",\"item\":\"https:\/\/westcoasttriallawyers.com\/es\"},{\"@type\":\"ListItem\",\"position\":2,\"name\":\"California\",\"item\":\"https:\/\/westcoasttriallawyers.com\/es\/california\"},{\"@type\":\"ListItem\",\"position\":3,\"name\":\"San Bernardino\",\"item\":\"https:\/\/westcoasttriallawyers.com\/es\/california\/san-bernardino\"},{\"@type\":\"ListItem\",\"position\":4,\"name\":\"Abogado de Accidentes de Bicicleta en San Bernardino\"}]},{\"@type\":\"WebSite\",\"@id\":\"https:\/\/westcoasttriallawyers.com\/es#website\",\"url\":\"https:\/\/westcoasttriallawyers.com\/es\",\"name\":\"West Coast Trial Lawyers\",\"description\":\"West Coast Trial Lawyers\",\"publisher\":{\"@id\":\"https:\/\/westcoasttriallawyers.com\/es#organization\"},\"alternateName\":\"WCTL\",\"potentialAction\":[{\"@type\":\"SearchAction\",\"target\":{\"@type\":\"EntryPoint\",\"urlTemplate\":\"https:\/\/westcoasttriallawyers.com\/es?s={search_term_string}\"},\"query-input\":{\"@type\":\"PropertyValueSpecification\",\"valueRequired\":true,\"valueName\":\"search_term_string\"}}],\"inLanguage\":\"es\"},{\"@type\":\"Organization\",\"@id\":\"https:\/\/westcoasttriallawyers.com\/es#organization\",\"name\":\"West Coast Trial Lawyers\",\"alternateName\":\"WCTL\",\"url\":\"https:\/\/westcoasttriallawyers.com\/es\",\"logo\":{\"@type\":\"ImageObject\",\"inLanguage\":\"es\",\"@id\":\"https:\/\/westcoasttriallawyers.com\/es#\/schema\/logo\/image\/\",\"url\":\"https:\/\/westcoasttriallawyers.com\/wp-content\/uploads\/2026\/02\/WCTL-Logo.jpg\",\"contentUrl\":\"https:\/\/westcoasttriallawyers.com\/wp-content\/uploads\/2026\/02\/WCTL-Logo.jpg\",\"width\":696,\"height\":696,\"caption\":\"West Coast Trial Lawyers\"},\"image\":{\"@id\":\"https:\/\/westcoasttriallawyers.com\/es#\/schema\/logo\/image\/\"},\"sameAs\":[\"https:\/\/www.facebook.com\/westcoasttriallawyers\/\",\"https:\/\/x.com\/WestCoastTrial\",\"https:\/\/www.linkedin.com\/company\/west-coast-trial-lawyers\/\",\"https:\/\/www.instagram.com\/westcoasttriallawyers\/\",\"https:\/\/www.yelp.com\/biz\/west-coast-trial-lawyers-los-angeles-2\",\"https:\/\/www.pinterest.com\/westcoasttrial\/\",\"https:\/\/www.youtube.com\/westcoasttriallawyersla\/\",\"https:\/\/www.tiktok.com\/westcoasttriallawyers\"],\"description\":\"West Coast Trial Lawyers is a top-rated personal injury law firm with a goal to provide expert legal representation to those in need. The law firm has offices across California, Nevada, Arizona, and Washington.\",\"legalName\":\"West Coast Trial Lawyers\"}]}<\/script>\n<!-- \/ Yoast SEO Premium plugin. -->","yoast_head_json":{"title":"Abogado de Accidentes de Bicicleta en San Bernardino | West Coast Trial Lawyers","robots":{"index":"index","follow":"follow","max-snippet":"max-snippet:-1","max-image-preview":"max-image-preview:large","max-video-preview":"max-video-preview:-1"},"canonical":"https:\/\/westcoasttriallawyers.com\/es\/california\/san-bernardino\/abogado-de-accidentes-de-bicicleta-en-san-bernardino","og_locale":"es_ES","og_type":"article","og_title":"Abogado de Accidentes de Bicicleta en San Bernardino","og_description":"\u00bfNecesita Ayuda para Presentar un Reclamo por Accidente de Bicicleta? Programe una Consulta Gratuita con Nuestros Abogados Expertos en Lesiones Personales Debido a que los veh\u00edculos liberan cantidades masivas de contaminaci\u00f3n a diario, muchas personas han recurrido a las bicicletas como medio de transporte alternativo. Desafortunadamente, los ciclistas han estado experimentando una falta de respeto [&hellip;]","og_url":"https:\/\/westcoasttriallawyers.com\/es\/california\/san-bernardino\/abogado-de-accidentes-de-bicicleta-en-san-bernardino","og_site_name":"West Coast Trial Lawyers","article_publisher":"https:\/\/www.facebook.com\/westcoasttriallawyers\/","article_modified_time":"2026-01-22T11:04:29+00:00","og_image":[{"width":557,"height":329,"url":"https:\/\/westcoasttriallawyers.com\/wp-content\/uploads\/2025\/07\/city-img-4-3.webp","type":"image\/webp"}],"twitter_card":"summary_large_image","twitter_site":"@WestCoastTrial","twitter_misc":{"Tiempo de lectura":"11 minutos"},"schema":{"@context":"https:\/\/schema.org","@graph":[{"@type":["WebPage","ItemPage"],"@id":"https:\/\/westcoasttriallawyers.com\/es\/california\/san-bernardino\/abogado-de-accidentes-de-bicicleta-en-san-bernardino","url":"https:\/\/westcoasttriallawyers.com\/es\/california\/san-bernardino\/abogado-de-accidentes-de-bicicleta-en-san-bernardino","name":"Abogado de Accidentes de Bicicleta en San Bernardino | West Coast Trial Lawyers","isPartOf":{"@id":"https:\/\/westcoasttriallawyers.com\/es#website"},"primaryImageOfPage":{"@id":"https:\/\/westcoasttriallawyers.com\/es\/california\/san-bernardino\/abogado-de-accidentes-de-bicicleta-en-san-bernardino#primaryimage"},"image":{"@id":"https:\/\/westcoasttriallawyers.com\/es\/california\/san-bernardino\/abogado-de-accidentes-de-bicicleta-en-san-bernardino#primaryimage"},"thumbnailUrl":"https:\/\/westcoasttriallawyers.com\/wp-content\/uploads\/2025\/07\/city-img-4-3.webp","datePublished":"2026-01-14T17:59:24+00:00","dateModified":"2026-01-22T11:04:29+00:00","breadcrumb":{"@id":"https:\/\/westcoasttriallawyers.com\/es\/california\/san-bernardino\/abogado-de-accidentes-de-bicicleta-en-san-bernardino#breadcrumb"},"inLanguage":"es","potentialAction":[{"@type":"ReadAction","target":["https:\/\/westcoasttriallawyers.com\/es\/california\/san-bernardino\/abogado-de-accidentes-de-bicicleta-en-san-bernardino"]}]},{"@type":"ImageObject","inLanguage":"es","@id":"https:\/\/westcoasttriallawyers.com\/es\/california\/san-bernardino\/abogado-de-accidentes-de-bicicleta-en-san-bernardino#primaryimage","url":"https:\/\/westcoasttriallawyers.com\/wp-content\/uploads\/2025\/07\/city-img-4-3.webp","contentUrl":"https:\/\/westcoasttriallawyers.com\/wp-content\/uploads\/2025\/07\/city-img-4-3.webp","width":557,"height":329},{"@type":"BreadcrumbList","@id":"https:\/\/westcoasttriallawyers.com\/es\/california\/san-bernardino\/abogado-de-accidentes-de-bicicleta-en-san-bernardino#breadcrumb","itemListElement":[{"@type":"ListItem","position":1,"name":"Inicio","item":"https:\/\/westcoasttriallawyers.com\/es"},{"@type":"ListItem","position":2,"name":"California","item":"https:\/\/westcoasttriallawyers.com\/es\/california"},{"@type":"ListItem","position":3,"name":"San Bernardino","item":"https:\/\/westcoasttriallawyers.com\/es\/california\/san-bernardino"},{"@type":"ListItem","position":4,"name":"Abogado de Accidentes de Bicicleta en San Bernardino"}]},{"@type":"WebSite","@id":"https:\/\/westcoasttriallawyers.com\/es#website","url":"https:\/\/westcoasttriallawyers.com\/es","name":"West Coast Trial Lawyers","description":"West Coast Trial Lawyers","publisher":{"@id":"https:\/\/westcoasttriallawyers.com\/es#organization"},"alternateName":"WCTL","potentialAction":[{"@type":"SearchAction","target":{"@type":"EntryPoint","urlTemplate":"https:\/\/westcoasttriallawyers.com\/es?s={search_term_string}"},"query-input":{"@type":"PropertyValueSpecification","valueRequired":true,"valueName":"search_term_string"}}],"inLanguage":"es"},{"@type":"Organization","@id":"https:\/\/westcoasttriallawyers.com\/es#organization","name":"West Coast Trial Lawyers","alternateName":"WCTL","url":"https:\/\/westcoasttriallawyers.com\/es","logo":{"@type":"ImageObject","inLanguage":"es","@id":"https:\/\/westcoasttriallawyers.com\/es#\/schema\/logo\/image\/","url":"https:\/\/westcoasttriallawyers.com\/wp-content\/uploads\/2026\/02\/WCTL-Logo.jpg","contentUrl":"https:\/\/westcoasttriallawyers.com\/wp-content\/uploads\/2026\/02\/WCTL-Logo.jpg","width":696,"height":696,"caption":"West Coast Trial Lawyers"},"image":{"@id":"https:\/\/westcoasttriallawyers.com\/es#\/schema\/logo\/image\/"},"sameAs":["https:\/\/www.facebook.com\/westcoasttriallawyers\/","https:\/\/x.com\/WestCoastTrial","https:\/\/www.linkedin.com\/company\/west-coast-trial-lawyers\/","https:\/\/www.instagram.com\/westcoasttriallawyers\/","https:\/\/www.yelp.com\/biz\/west-coast-trial-lawyers-los-angeles-2","https:\/\/www.pinterest.com\/westcoasttrial\/","https:\/\/www.youtube.com\/westcoasttriallawyersla\/","https:\/\/www.tiktok.com\/westcoasttriallawyers"],"description":"West Coast Trial Lawyers is a top-rated personal injury law firm with a goal to provide expert legal representation to those in need. The law firm has offices across California, Nevada, Arizona, and Washington.","legalName":"West Coast Trial Lawyers"}]}},"_links":{"self":[{"href":"https:\/\/westcoasttriallawyers.com\/es\/wp-json\/wp\/v2\/pages\/12697","targetHints":{"allow":["GET"]}}],"collection":[{"href":"https:\/\/westcoasttriallawyers.com\/es\/wp-json\/wp\/v2\/pages"}],"about":[{"href":"https:\/\/westcoasttriallawyers.com\/es\/wp-json\/wp\/v2\/types\/page"}],"author":[{"embeddable":true,"href":"https:\/\/westcoasttriallawyers.com\/es\/wp-json\/wp\/v2\/users\/475"}],"replies":[{"embeddable":true,"href":"https:\/\/westcoasttriallawyers.com\/es\/wp-json\/wp\/v2\/comments?post=12697"}],"version-history":[{"count":3,"href":"https:\/\/westcoasttriallawyers.com\/es\/wp-json\/wp\/v2\/pages\/12697\/revisions"}],"predecessor-version":[{"id":47857,"href":"https:\/\/westcoasttriallawyers.com\/es\/wp-json\/wp\/v2\/pages\/12697\/revisions\/47857"}],"up":[{"embeddable":true,"href":"https:\/\/westcoasttriallawyers.com\/es\/wp-json\/wp\/v2\/pages\/47392"}],"wp:featuredmedia":[{"embeddable":true,"href":"https:\/\/westcoasttriallawyers.com\/es\/wp-json\/wp\/v2\/media\/46806"}],"wp:attachment":[{"href":"https:\/\/westcoasttriallawyers.com\/es\/wp-json\/wp\/v2\/media?parent=12697"}],"curies":[{"name":"wp","href":"https:\/\/api.w.org\/{rel}","templated":true}]}}