{"id":12696,"date":"2026-01-14T17:59:37","date_gmt":"2026-01-14T17:59:37","guid":{"rendered":"https:\/\/wctl1stg.wpengine.com\/?page_id=12696"},"modified":"2026-01-22T11:20:54","modified_gmt":"2026-01-22T11:20:54","slug":"abogado-de-accidentes-de-motocicleta-en-san-bernardino","status":"publish","type":"page","link":"https:\/\/westcoasttriallawyers.com\/es\/california\/san-bernardino\/abogado-de-accidentes-de-motocicleta-en-san-bernardino","title":{"rendered":"Abogado de accidentes de motocicleta en San Bernardino"},"content":{"rendered":"<h2>\u00bfQu\u00e9 riesgos est\u00e1n asociados con andar en motocicleta?\u00a0<\/h2>\n<p>San Bernardino tiene una rica historia de motociclismo y contin\u00faa creciendo en popularidad hasta el d\u00eda de hoy. La cantidad de motocicletas en la carretera tiende a ser alta en esta ciudad debido a su clima agradable que brinda una experiencia agradable para que los motociclistas salgan y disfruten de un agradable paseo en la carretera.<\/p>\n<p>Andar en motocicleta puede traer una sensaci\u00f3n de libertad e independencia. Sin embargo, esta euforia a menudo tiene un precio. La exposici\u00f3n a altas velocidades puede crear condiciones incre\u00edblemente peligrosas para cualquier motociclista. La falta de visibilidad es uno de los principales factores que contribuyen a las colisiones en la carretera. Las motocicletas pueden desaparecer por completo en el punto ciego de muchos veh\u00edculos. Esto es especialmente problem\u00e1tico cuando un motociclista intenta rebasar un cami\u00f3n comercial o un cami\u00f3n de 18 ruedas. Sin embargo, como motociclista, tienes derecho a estar en la carretera.<\/p>\n<p>Si estuvo involucrado en un accidente de motocicleta debido a la negligencia de otro conductor, puede ser elegible para recibir una compensaci\u00f3n por sus p\u00e9rdidas. En West Coast Trial Lawyers, nuestros abogados con experiencia en accidentes de motocicleta en San Bernardino tienen m\u00e1s de 60 a\u00f1os de experiencia legal colectiva en el manejo de casos de lesiones personales. Con nuestro historial de recuperaci\u00f3n de m\u00e1s de $ 1 mil millones en acuerdos para nuestros clientes, hemos sido clasificados como uno de los mejores bufetes de abogados de lesiones personales en San Bernardino.<\/p>\n<p>Para programar una consulta gratuita en nuestro bufete de abogados de lesiones personales de San Bernardino, comun\u00edquese con nuestro equipo legal las 24 horas, los 7 d\u00edas de la semana llamando al <strong><a href=\"tel:213-927-3700\">213-927-3700<\/a><\/strong>\u00a0o enviando un correo electr\u00f3nico a <a href=\"mailto:info@westcoasttriallawyers.com\"><b>info@westcoasttriallawyers.com<\/b><\/a><b>.\u00a0<\/b><\/p>\n<h2>Los Peligros de Andar en Motocicleta<\/h2>\n<p>Los peligros de andar en motocicleta en San Bernardino son altos en comparaci\u00f3n con otras partes de California. Una organizaci\u00f3n que recopila estad\u00edsticas sobre las tasas de accidentes de motocicletas en comparaci\u00f3n con otros veh\u00edculos es la Administraci\u00f3n Nacional de Seguridad del Tr\u00e1fico en las Carreteras (NHTSA). Esta instituci\u00f3n realiza un seguimiento de la cantidad de accidentes y muertes que involucran motocicletas en San Bernardino y el sur de California en general.<\/p>\n<p>Un informe emitido por esta organizaci\u00f3n mostr\u00f3 que los motociclistas en San Bernardino tienen 27 veces m\u00e1s probabilidades de morir en una colisi\u00f3n con otro veh\u00edculo en comparaci\u00f3n con los ocupantes de autom\u00f3viles. Tambi\u00e9n tienen seis veces m\u00e1s probabilidades de sufrir lesiones graves debido a la vulnerabilidad y exposici\u00f3n durante una colisi\u00f3n.<\/p>\n<p>La NHTSA rastre\u00f3 un aumento en el n\u00famero de muertes y vincul\u00f3 estos incidentes a causas espec\u00edficas. El aumento en las muertes y lesiones sufridas por personas involucradas en accidentes de motocicleta se atribuy\u00f3 a lo siguiente:<\/p>\n<ul>\n<li style=\"font-weight: 400;\" aria-level=\"1\">Niveles de intoxicaci\u00f3n de automovilistas y motociclistas<\/li>\n<li style=\"font-weight: 400;\" aria-level=\"1\">Un aumento en el n\u00famero de motocicletas en la carretera.<\/li>\n<li style=\"font-weight: 400;\" aria-level=\"1\">La mayor edad del motociclista promedio<\/li>\n<li style=\"font-weight: 400;\" aria-level=\"1\">Un aumento en el n\u00famero de motociclistas sin licencia<\/li>\n<li style=\"font-weight: 400;\" aria-level=\"1\">Los motores m\u00e1s grandes en las motocicletas m\u00e1s nuevas, lo que agrega potencia adicional a cada colisi\u00f3n<\/li>\n<\/ul>\n<h2>Qu\u00e9 hacer despu\u00e9s de un accidente de motocicleta<\/h2>\n<p>Cualquier accidente en la carretera es una experiencia traum\u00e1tica para los involucrados. Es imperativo tomar las medidas correctas despu\u00e9s de un accidente para crear un caso legal convincente. A continuaci\u00f3n, nuestros abogados de accidentes de motocicleta en San Bernardino han creado una lista de pasos que un motociclista debe seguir despu\u00e9s de un accidente de motocicleta.<\/p>\n<ul>\n<li style=\"font-weight: 400;\" aria-level=\"1\"><b>Dir\u00edgete a un lugar seguro cercano.<\/b> Encuentre un lugar seguro cerca y comun\u00edquese con la polic\u00eda si nota lesiones o da\u00f1os.<\/li>\n<li style=\"font-weight: 400;\" aria-level=\"1\"><b>P\u00f3ngase en contacto con la polic\u00eda.<\/b> Una vez que se haya contactado a la polic\u00eda, llegar\u00e1n al lugar del accidente y realizar\u00e1n un informe policial oficial. Los param\u00e9dicos tambi\u00e9n pueden estar presentes para brindar atenci\u00f3n m\u00e9dica inmediata a las personas lesionadas.<\/li>\n<li style=\"font-weight: 400;\" aria-level=\"1\"><b>Recolectar evidencia.<\/b> Tome fotograf\u00edas y\/o secuencias de video de sus lesiones, da\u00f1os y el lugar donde ocurri\u00f3 el accidente. Tambi\u00e9n debe pedirle a la polic\u00eda una copia del informe policial oficial. Por \u00faltimo, ser\u00eda ideal documentar su perspectiva de lo que sucedi\u00f3 antes, durante y despu\u00e9s del accidente. Aseg\u00farese de incluir la fecha y la hora en que ocurri\u00f3 el evento.<\/li>\n<li style=\"font-weight: 400;\" aria-level=\"1\"><b>Adquirir informaci\u00f3n de testigos. <\/b>Debe pedir a los testigos cercanos su consentimiento para incluirlos en su caso. Si le dan su aprobaci\u00f3n, entonces debe obtener su informaci\u00f3n de contacto. Recuerde, los testimonios de los testigos pueden respaldar en gran medida su reclamo.<\/li>\n<li style=\"font-weight: 400;\" aria-level=\"1\"><b>P\u00f3ngase en contacto con un abogado de lesiones personales.<\/b> El abogado lo guiar\u00e1 a trav\u00e9s del proceso de presentaci\u00f3n de un reclamo por lesiones personales. No solo ayudar\u00e1n a fortalecer su reclamo, sino que tambi\u00e9n negociar\u00e1n con las compa\u00f1\u00edas de seguros para garantizar que obtenga una compensaci\u00f3n justa.<\/li>\n<\/ul>\n<h2>Los Abogados de la Costa Oeste Est\u00e1n Aqu\u00ed Para Ayudar<\/h2>\n<p>Si usted o un ser querido estuvo involucrado en un accidente de motocicleta en la ciudad de San Bernardino, puede ser elegible para recibir una compensaci\u00f3n. Nuestros abogados de accidentes de motocicleta en San Bernardino en West Coast Trial Lawyers lo ayudar\u00e1n a obtener la justicia que merece por los da\u00f1os causados por el accidente.<\/p>\n<p>Cont\u00e1ctenos hoy llamando al <a href=\"tel:213-927-3700\"><strong>213-927-3700<\/strong><\/a>\u00a0o enviando un correo electr\u00f3nico a <a href=\"mailto:info@westcoasttriallawyers.com\"><b>info@westcoasttriallawyers.com<\/b><\/a> para programar una consulta gratuita con nuestro equipo legal experto, atento y compasivo.<\/p>\n<p><!-- WCTL_DEBUG: no shortcode in this_content --><\/p>\n","protected":false},"excerpt":{"rendered":"<p>\u00bfQu\u00e9 riesgos est\u00e1n asociados con andar en motocicleta?\u00a0 San Bernardino tiene una rica historia de motociclismo y contin\u00faa creciendo en popularidad hasta el d\u00eda de hoy. La cantidad de motocicletas en la carretera tiende a ser alta en esta ciudad debido a su clima agradable que brinda una experiencia agradable para que los motociclistas salgan [&hellip;]<\/p>\n","protected":false},"author":475,"featured_media":46871,"parent":47392,"menu_order":0,"comment_status":"closed","ping_status":"closed","template":"","meta":{"inline_featured_image":false,"footnotes":""},"class_list":["post-12696","page","type-page","status-publish","has-post-thumbnail","hentry"],"acf":[],"yoast_head":"<!-- This site is optimized with the Yoast SEO Premium plugin v26.0 (Yoast SEO v26.0) - https:\/\/yoast.com\/wordpress\/plugins\/seo\/ -->\n<title>Abogado de accidentes de motocicleta en San Bernardino | West Coast Trial Lawyers<\/title>\n<meta name=\"robots\" content=\"index, follow, max-snippet:-1, max-image-preview:large, max-video-preview:-1\" \/>\n<link rel=\"canonical\" href=\"https:\/\/westcoasttriallawyers.com\/es\/california\/san-bernardino\/abogado-de-accidentes-de-motocicleta-en-san-bernardino\" \/>\n<meta property=\"og:locale\" content=\"es_ES\" \/>\n<meta property=\"og:type\" content=\"article\" \/>\n<meta property=\"og:title\" content=\"Abogado de accidentes de motocicleta en San Bernardino\" \/>\n<meta property=\"og:description\" content=\"\u00bfQu\u00e9 riesgos est\u00e1n asociados con andar en motocicleta?\u00a0 San Bernardino tiene una rica historia de motociclismo y contin\u00faa creciendo en popularidad hasta el d\u00eda de hoy. La cantidad de motocicletas en la carretera tiende a ser alta en esta ciudad debido a su clima agradable que brinda una experiencia agradable para que los motociclistas salgan [&hellip;]\" \/>\n<meta property=\"og:url\" content=\"https:\/\/westcoasttriallawyers.com\/es\/california\/san-bernardino\/abogado-de-accidentes-de-motocicleta-en-san-bernardino\" \/>\n<meta property=\"og:site_name\" content=\"West Coast Trial Lawyers\" \/>\n<meta property=\"article:publisher\" content=\"https:\/\/www.facebook.com\/westcoasttriallawyers\/\" \/>\n<meta property=\"article:modified_time\" content=\"2026-01-22T11:20:54+00:00\" \/>\n<meta property=\"og:image\" content=\"https:\/\/westcoasttriallawyers.com\/wp-content\/uploads\/2025\/07\/city-img-4-29.webp\" \/>\n\t<meta property=\"og:image:width\" content=\"557\" \/>\n\t<meta property=\"og:image:height\" content=\"329\" \/>\n\t<meta property=\"og:image:type\" content=\"image\/webp\" \/>\n<meta name=\"twitter:card\" content=\"summary_large_image\" \/>\n<meta name=\"twitter:site\" content=\"@WestCoastTrial\" \/>\n<meta name=\"twitter:label1\" content=\"Tiempo de lectura\" \/>\n\t<meta name=\"twitter:data1\" content=\"4 minutos\" \/>\n<script type=\"application\/ld+json\" class=\"yoast-schema-graph\">{\"@context\":\"https:\/\/schema.org\",\"@graph\":[{\"@type\":[\"WebPage\",\"ItemPage\"],\"@id\":\"https:\/\/westcoasttriallawyers.com\/es\/california\/san-bernardino\/abogado-de-accidentes-de-motocicleta-en-san-bernardino\",\"url\":\"https:\/\/westcoasttriallawyers.com\/es\/california\/san-bernardino\/abogado-de-accidentes-de-motocicleta-en-san-bernardino\",\"name\":\"Abogado de accidentes de motocicleta en San Bernardino | West Coast Trial Lawyers\",\"isPartOf\":{\"@id\":\"https:\/\/westcoasttriallawyers.com\/es#website\"},\"primaryImageOfPage\":{\"@id\":\"https:\/\/westcoasttriallawyers.com\/es\/california\/san-bernardino\/abogado-de-accidentes-de-motocicleta-en-san-bernardino#primaryimage\"},\"image\":{\"@id\":\"https:\/\/westcoasttriallawyers.com\/es\/california\/san-bernardino\/abogado-de-accidentes-de-motocicleta-en-san-bernardino#primaryimage\"},\"thumbnailUrl\":\"https:\/\/westcoasttriallawyers.com\/wp-content\/uploads\/2025\/07\/city-img-4-29.webp\",\"datePublished\":\"2026-01-14T17:59:37+00:00\",\"dateModified\":\"2026-01-22T11:20:54+00:00\",\"breadcrumb\":{\"@id\":\"https:\/\/westcoasttriallawyers.com\/es\/california\/san-bernardino\/abogado-de-accidentes-de-motocicleta-en-san-bernardino#breadcrumb\"},\"inLanguage\":\"es\",\"potentialAction\":[{\"@type\":\"ReadAction\",\"target\":[\"https:\/\/westcoasttriallawyers.com\/es\/california\/san-bernardino\/abogado-de-accidentes-de-motocicleta-en-san-bernardino\"]}]},{\"@type\":\"ImageObject\",\"inLanguage\":\"es\",\"@id\":\"https:\/\/westcoasttriallawyers.com\/es\/california\/san-bernardino\/abogado-de-accidentes-de-motocicleta-en-san-bernardino#primaryimage\",\"url\":\"https:\/\/westcoasttriallawyers.com\/wp-content\/uploads\/2025\/07\/city-img-4-29.webp\",\"contentUrl\":\"https:\/\/westcoasttriallawyers.com\/wp-content\/uploads\/2025\/07\/city-img-4-29.webp\",\"width\":557,\"height\":329},{\"@type\":\"BreadcrumbList\",\"@id\":\"https:\/\/westcoasttriallawyers.com\/es\/california\/san-bernardino\/abogado-de-accidentes-de-motocicleta-en-san-bernardino#breadcrumb\",\"itemListElement\":[{\"@type\":\"ListItem\",\"position\":1,\"name\":\"Inicio\",\"item\":\"https:\/\/westcoasttriallawyers.com\/es\"},{\"@type\":\"ListItem\",\"position\":2,\"name\":\"California\",\"item\":\"https:\/\/westcoasttriallawyers.com\/es\/california\"},{\"@type\":\"ListItem\",\"position\":3,\"name\":\"San Bernardino\",\"item\":\"https:\/\/westcoasttriallawyers.com\/es\/california\/san-bernardino\"},{\"@type\":\"ListItem\",\"position\":4,\"name\":\"Abogado de accidentes de motocicleta en San Bernardino\"}]},{\"@type\":\"WebSite\",\"@id\":\"https:\/\/westcoasttriallawyers.com\/es#website\",\"url\":\"https:\/\/westcoasttriallawyers.com\/es\",\"name\":\"West Coast Trial Lawyers\",\"description\":\"West Coast Trial Lawyers\",\"publisher\":{\"@id\":\"https:\/\/westcoasttriallawyers.com\/es#organization\"},\"alternateName\":\"WCTL\",\"potentialAction\":[{\"@type\":\"SearchAction\",\"target\":{\"@type\":\"EntryPoint\",\"urlTemplate\":\"https:\/\/westcoasttriallawyers.com\/es?s={search_term_string}\"},\"query-input\":{\"@type\":\"PropertyValueSpecification\",\"valueRequired\":true,\"valueName\":\"search_term_string\"}}],\"inLanguage\":\"es\"},{\"@type\":\"Organization\",\"@id\":\"https:\/\/westcoasttriallawyers.com\/es#organization\",\"name\":\"West Coast Trial Lawyers\",\"alternateName\":\"WCTL\",\"url\":\"https:\/\/westcoasttriallawyers.com\/es\",\"logo\":{\"@type\":\"ImageObject\",\"inLanguage\":\"es\",\"@id\":\"https:\/\/westcoasttriallawyers.com\/es#\/schema\/logo\/image\/\",\"url\":\"https:\/\/westcoasttriallawyers.com\/wp-content\/uploads\/2026\/02\/WCTL-Logo.jpg\",\"contentUrl\":\"https:\/\/westcoasttriallawyers.com\/wp-content\/uploads\/2026\/02\/WCTL-Logo.jpg\",\"width\":696,\"height\":696,\"caption\":\"West Coast Trial Lawyers\"},\"image\":{\"@id\":\"https:\/\/westcoasttriallawyers.com\/es#\/schema\/logo\/image\/\"},\"sameAs\":[\"https:\/\/www.facebook.com\/westcoasttriallawyers\/\",\"https:\/\/x.com\/WestCoastTrial\",\"https:\/\/www.linkedin.com\/company\/west-coast-trial-lawyers\/\",\"https:\/\/www.instagram.com\/westcoasttriallawyers\/\",\"https:\/\/www.yelp.com\/biz\/west-coast-trial-lawyers-los-angeles-2\",\"https:\/\/www.pinterest.com\/westcoasttrial\/\",\"https:\/\/www.youtube.com\/westcoasttriallawyersla\/\",\"https:\/\/www.tiktok.com\/westcoasttriallawyers\"],\"description\":\"West Coast Trial Lawyers is a top-rated personal injury law firm with a goal to provide expert legal representation to those in need. The law firm has offices across California, Nevada, Arizona, and Washington.\",\"legalName\":\"West Coast Trial Lawyers\"}]}<\/script>\n<!-- \/ Yoast SEO Premium plugin. -->","yoast_head_json":{"title":"Abogado de accidentes de motocicleta en San Bernardino | West Coast Trial Lawyers","robots":{"index":"index","follow":"follow","max-snippet":"max-snippet:-1","max-image-preview":"max-image-preview:large","max-video-preview":"max-video-preview:-1"},"canonical":"https:\/\/westcoasttriallawyers.com\/es\/california\/san-bernardino\/abogado-de-accidentes-de-motocicleta-en-san-bernardino","og_locale":"es_ES","og_type":"article","og_title":"Abogado de accidentes de motocicleta en San Bernardino","og_description":"\u00bfQu\u00e9 riesgos est\u00e1n asociados con andar en motocicleta?\u00a0 San Bernardino tiene una rica historia de motociclismo y contin\u00faa creciendo en popularidad hasta el d\u00eda de hoy. La cantidad de motocicletas en la carretera tiende a ser alta en esta ciudad debido a su clima agradable que brinda una experiencia agradable para que los motociclistas salgan [&hellip;]","og_url":"https:\/\/westcoasttriallawyers.com\/es\/california\/san-bernardino\/abogado-de-accidentes-de-motocicleta-en-san-bernardino","og_site_name":"West Coast Trial Lawyers","article_publisher":"https:\/\/www.facebook.com\/westcoasttriallawyers\/","article_modified_time":"2026-01-22T11:20:54+00:00","og_image":[{"width":557,"height":329,"url":"https:\/\/westcoasttriallawyers.com\/wp-content\/uploads\/2025\/07\/city-img-4-29.webp","type":"image\/webp"}],"twitter_card":"summary_large_image","twitter_site":"@WestCoastTrial","twitter_misc":{"Tiempo de lectura":"4 minutos"},"schema":{"@context":"https:\/\/schema.org","@graph":[{"@type":["WebPage","ItemPage"],"@id":"https:\/\/westcoasttriallawyers.com\/es\/california\/san-bernardino\/abogado-de-accidentes-de-motocicleta-en-san-bernardino","url":"https:\/\/westcoasttriallawyers.com\/es\/california\/san-bernardino\/abogado-de-accidentes-de-motocicleta-en-san-bernardino","name":"Abogado de accidentes de motocicleta en San Bernardino | West Coast Trial Lawyers","isPartOf":{"@id":"https:\/\/westcoasttriallawyers.com\/es#website"},"primaryImageOfPage":{"@id":"https:\/\/westcoasttriallawyers.com\/es\/california\/san-bernardino\/abogado-de-accidentes-de-motocicleta-en-san-bernardino#primaryimage"},"image":{"@id":"https:\/\/westcoasttriallawyers.com\/es\/california\/san-bernardino\/abogado-de-accidentes-de-motocicleta-en-san-bernardino#primaryimage"},"thumbnailUrl":"https:\/\/westcoasttriallawyers.com\/wp-content\/uploads\/2025\/07\/city-img-4-29.webp","datePublished":"2026-01-14T17:59:37+00:00","dateModified":"2026-01-22T11:20:54+00:00","breadcrumb":{"@id":"https:\/\/westcoasttriallawyers.com\/es\/california\/san-bernardino\/abogado-de-accidentes-de-motocicleta-en-san-bernardino#breadcrumb"},"inLanguage":"es","potentialAction":[{"@type":"ReadAction","target":["https:\/\/westcoasttriallawyers.com\/es\/california\/san-bernardino\/abogado-de-accidentes-de-motocicleta-en-san-bernardino"]}]},{"@type":"ImageObject","inLanguage":"es","@id":"https:\/\/westcoasttriallawyers.com\/es\/california\/san-bernardino\/abogado-de-accidentes-de-motocicleta-en-san-bernardino#primaryimage","url":"https:\/\/westcoasttriallawyers.com\/wp-content\/uploads\/2025\/07\/city-img-4-29.webp","contentUrl":"https:\/\/westcoasttriallawyers.com\/wp-content\/uploads\/2025\/07\/city-img-4-29.webp","width":557,"height":329},{"@type":"BreadcrumbList","@id":"https:\/\/westcoasttriallawyers.com\/es\/california\/san-bernardino\/abogado-de-accidentes-de-motocicleta-en-san-bernardino#breadcrumb","itemListElement":[{"@type":"ListItem","position":1,"name":"Inicio","item":"https:\/\/westcoasttriallawyers.com\/es"},{"@type":"ListItem","position":2,"name":"California","item":"https:\/\/westcoasttriallawyers.com\/es\/california"},{"@type":"ListItem","position":3,"name":"San Bernardino","item":"https:\/\/westcoasttriallawyers.com\/es\/california\/san-bernardino"},{"@type":"ListItem","position":4,"name":"Abogado de accidentes de motocicleta en San Bernardino"}]},{"@type":"WebSite","@id":"https:\/\/westcoasttriallawyers.com\/es#website","url":"https:\/\/westcoasttriallawyers.com\/es","name":"West Coast Trial Lawyers","description":"West Coast Trial Lawyers","publisher":{"@id":"https:\/\/westcoasttriallawyers.com\/es#organization"},"alternateName":"WCTL","potentialAction":[{"@type":"SearchAction","target":{"@type":"EntryPoint","urlTemplate":"https:\/\/westcoasttriallawyers.com\/es?s={search_term_string}"},"query-input":{"@type":"PropertyValueSpecification","valueRequired":true,"valueName":"search_term_string"}}],"inLanguage":"es"},{"@type":"Organization","@id":"https:\/\/westcoasttriallawyers.com\/es#organization","name":"West Coast Trial Lawyers","alternateName":"WCTL","url":"https:\/\/westcoasttriallawyers.com\/es","logo":{"@type":"ImageObject","inLanguage":"es","@id":"https:\/\/westcoasttriallawyers.com\/es#\/schema\/logo\/image\/","url":"https:\/\/westcoasttriallawyers.com\/wp-content\/uploads\/2026\/02\/WCTL-Logo.jpg","contentUrl":"https:\/\/westcoasttriallawyers.com\/wp-content\/uploads\/2026\/02\/WCTL-Logo.jpg","width":696,"height":696,"caption":"West Coast Trial Lawyers"},"image":{"@id":"https:\/\/westcoasttriallawyers.com\/es#\/schema\/logo\/image\/"},"sameAs":["https:\/\/www.facebook.com\/westcoasttriallawyers\/","https:\/\/x.com\/WestCoastTrial","https:\/\/www.linkedin.com\/company\/west-coast-trial-lawyers\/","https:\/\/www.instagram.com\/westcoasttriallawyers\/","https:\/\/www.yelp.com\/biz\/west-coast-trial-lawyers-los-angeles-2","https:\/\/www.pinterest.com\/westcoasttrial\/","https:\/\/www.youtube.com\/westcoasttriallawyersla\/","https:\/\/www.tiktok.com\/westcoasttriallawyers"],"description":"West Coast Trial Lawyers is a top-rated personal injury law firm with a goal to provide expert legal representation to those in need. The law firm has offices across California, Nevada, Arizona, and Washington.","legalName":"West Coast Trial Lawyers"}]}},"_links":{"self":[{"href":"https:\/\/westcoasttriallawyers.com\/es\/wp-json\/wp\/v2\/pages\/12696","targetHints":{"allow":["GET"]}}],"collection":[{"href":"https:\/\/westcoasttriallawyers.com\/es\/wp-json\/wp\/v2\/pages"}],"about":[{"href":"https:\/\/westcoasttriallawyers.com\/es\/wp-json\/wp\/v2\/types\/page"}],"author":[{"embeddable":true,"href":"https:\/\/westcoasttriallawyers.com\/es\/wp-json\/wp\/v2\/users\/475"}],"replies":[{"embeddable":true,"href":"https:\/\/westcoasttriallawyers.com\/es\/wp-json\/wp\/v2\/comments?post=12696"}],"version-history":[{"count":3,"href":"https:\/\/westcoasttriallawyers.com\/es\/wp-json\/wp\/v2\/pages\/12696\/revisions"}],"predecessor-version":[{"id":47875,"href":"https:\/\/westcoasttriallawyers.com\/es\/wp-json\/wp\/v2\/pages\/12696\/revisions\/47875"}],"up":[{"embeddable":true,"href":"https:\/\/westcoasttriallawyers.com\/es\/wp-json\/wp\/v2\/pages\/47392"}],"wp:featuredmedia":[{"embeddable":true,"href":"https:\/\/westcoasttriallawyers.com\/es\/wp-json\/wp\/v2\/media\/46871"}],"wp:attachment":[{"href":"https:\/\/westcoasttriallawyers.com\/es\/wp-json\/wp\/v2\/media?parent=12696"}],"curies":[{"name":"wp","href":"https:\/\/api.w.org\/{rel}","templated":true}]}}