{"id":12693,"date":"2026-01-14T17:59:33","date_gmt":"2026-01-14T17:59:33","guid":{"rendered":"https:\/\/wctl1stg.wpengine.com\/?page_id=12693"},"modified":"2026-01-22T11:22:52","modified_gmt":"2026-01-22T11:22:52","slug":"abogado-de-accidentes-de-peatones-de-san-bernardino","status":"publish","type":"page","link":"https:\/\/westcoasttriallawyers.com\/es\/california\/san-bernardino\/abogado-de-accidentes-de-peatones-de-san-bernardino","title":{"rendered":"Abogado de Accidentes de Peatones de San Bernardino"},"content":{"rendered":"<h2><strong>\u00bfCu\u00e1les son Algunos tipos Comunes de Accidentes de Peatones? \u00bfC\u00f3mo se Puede Determinar la Culpa en tal Accidente?<\/strong><\/h2>\n<p>Hay dos tipos de accidentes de peatones que se han reportado en San Bernardino:\u00a0<a href=\"https:\/\/www.sbsun.com\/2021\/10\/05\/woman-dies-after-being-struck-crossing213-927-3700freeway-in-san-bernardino\"><strong>accidentes de peatones en una carretera<\/strong><\/a> y<a href=\"https:\/\/www.sbsun.com\/tag\/hit-and-run\/\"><strong> accidentes de atropello y fuga.<\/strong><\/a><strong>\u00a0<\/strong>La responsabilidad se puede atribuir a un individuo o se puede compartir entre todas las partes involucradas. Para comprender mejor c\u00f3mo se determina la responsabilidad, ser\u00eda mejor contratar a un abogado de accidentes de peatones.<\/p>\n<p>En Abogados de le Costa Oeste, contamos con abogados experimentados\u00a0<strong>en accidentes de peatones en San Bernardino<\/strong> que se especializan en lesiones personales y han ganado m\u00e1s de 5,000 casos. Con nuestro historial de ganar m\u00e1s de $1 mil millones en acuerdos para nuestros clientes, hemos sido reconocidos como uno de los principales bufetes de abogados de lesiones personales en\u00a0<strong>San Bernardino.\u00a0<\/strong><\/p>\n<p>Si est\u00e1 interesado en programar una consulta gratuita y sin compromiso en nuestro\u00a0<strong>bufete de abogados de lesiones personales de San Bernardino<\/strong>, comun\u00edquese con nuestro equipo legal las 24 horas, los 7 d\u00edas de la semana llamando al<strong> 213-927-3700\u00a0<\/strong>o enviando un correo electr\u00f3nico\u00a0<a href=\"mailto:info@westcoasttriallawyers.com\">a\u00a0<strong>info@westcoasttriallawyers.com<\/strong><\/a><strong>.\u00a0<\/strong><\/p>\n<p><strong>Tipos de Accidentes de Peatones<\/strong><\/p>\n<ol>\n<li><strong>Un peat\u00f3n est\u00e1 cruzando la calle imprudentemente.\u00a0<\/strong>Jaywalking exhibe una\u00a0<a href=\"https:\/\/www.justia.com\/injury\/motor-vehicle-accidents\/pedestrian-accidents\/\"><strong>negligencia del peat\u00f3n<\/strong><\/a>. Es ilegal cruzar la calle imprudentemente porque puede ponerlo en riesgo de verse involucrado en un accidente. Los veh\u00edculos no esperan que usted cruce la calle, especialmente cuando no hay una se\u00f1al de alto o cruce de peatones disponible. Si bien un peat\u00f3n puede ser considerado responsable por cruzar la calle imprudentemente, un conductor puede compartir un grado de responsabilidad si estaba intoxicado, acelera o participaba en otra conducta imprudente.\u00a0<\/li>\n<li><strong>Un peat\u00f3n est\u00e1 parado al lado de la carretera.\u00a0<\/strong>Esto suele suceder cuando no hay aceras presentes. En este tipo de situaci\u00f3n, un peat\u00f3n decide caminar por el extremo derecho de la calzada. El peat\u00f3n se est\u00e1 poniendo en una situaci\u00f3n de peligro, sobre todo si se hace de noche. Los conductores tendr\u00e1n dificultades para darse cuenta del peat\u00f3n. Adem\u00e1s, las malas condiciones clim\u00e1ticas pueden hacer que sea a\u00fan m\u00e1s dif\u00edcil notar a un peat\u00f3n mientras conduce por la carretera.<\/li>\n<li><strong>Un peat\u00f3n est\u00e1 cruzando una carretera.\u00a0<\/strong>Esto suele ocurrir en carreteras de acceso limitado o rampas de salida. Los que tienen su veh\u00edculo averiado intentar\u00e1n cruzar estas carreteras, lo cual es muy inseguro. Si tiene problemas con el veh\u00edculo, se recomienda encarecidamente que permanezca en su veh\u00edculo y mantenga las luces de emergencia encendidas mientras espera que llegue la ayuda.<\/li>\n<li><strong>Un veh\u00edculo est\u00e1 retrocediendo.<\/strong> Esto normalmente ocurre en los estacionamientos. Un conductor tiene la responsabilidad de asegurarse de que no haya peatones caminando detr\u00e1s de su veh\u00edculo mientras retrocede. Aquellos que no toman las precauciones adecuadas antes de retroceder pueden aumentar la probabilidad de atropellar a un peat\u00f3n.\u00a0<\/li>\n<li><strong>Un veh\u00edculo se sale de la carretera.<\/strong> Esto ocurre cuando un conductor se sale de la v\u00eda y choca contra un peat\u00f3n que se encuentra en la acera.\u00a0<\/li>\n<li><strong>Un veh\u00edculo est\u00e1 pasando por una intersecci\u00f3n cuando no se le permite hacerlo.<\/strong> Los conductores negligentes a\u00fan pueden intentar conducir bajo una luz roja incluso si un peat\u00f3n est\u00e1 usando el cruce de peatones. Los factores comunes que contribuyen a este tipo de accidente incluyen el exceso de velocidad para evitar llegar tarde a un evento, correr con otro veh\u00edculo o so\u00f1ar despierto.\u00a0<\/li>\n<li><strong>Un veh\u00edculo no cede el paso a los peatones cuando gira a la izquierda o a la derecha.<\/strong> Se espera que un conductor ceda el derecho de paso a los peatones que cruzan la calle en el cruce de peatones. El no hacerlo resultar\u00e1 en un accidente peatonal. El conductor ser\u00e1 responsable de esta colisi\u00f3n. Sin embargo, si el peat\u00f3n cruz\u00f3 sin obtener permiso para hacerlo, esto podr\u00eda dividir el grado de culpa entre el conductor y el peat\u00f3n.\u00a0<\/li>\n<li><strong>Un veh\u00edculo no cede el paso a los peatones que caminan por el cruce de peatones.\u00a0<\/strong>Como se indic\u00f3 anteriormente, los conductores deben brindar un deber razonable de cuidado a los peatones. Si al peat\u00f3n se le permite caminar en el cruce de peatones y es atropellado por un conductor, el conductor ser\u00e1 responsable de los da\u00f1os y perjuicios.<\/li>\n<\/ol>\n<p><strong>Determinaci\u00f3n del Peat\u00f3n Culpable\u00a0<\/strong><\/p>\n<p>De acuerdo con\u00a0<a href=\"https:\/\/leginfo.legislature.ca.gov\/faces\/codes_displaySection.xhtml?sectionNum=21950.&amp;lawCode=VEH\"><strong>el C\u00f3digo de Veh\u00edculos de California 21950<\/strong><\/a>, un abogado de accidentes de peatones debe considerar seguir estas leyes para determinar qui\u00e9n tiene la culpa de causar una colisi\u00f3n.<\/p>\n<ol>\n<li>Los conductores siempre deben\u00a0<strong>ceder el derecho de paso a un peat\u00f3n<\/strong> que est\u00e1 caminando en las calles dentro de un cruce de peatones marcado o no marcado en una intersecci\u00f3n. Est\u00e1n obligados a ejercer un deber de cuidado y reducir su velocidad para asegurarse de que no est\u00e1n demasiado cerca.\u00a0<\/li>\n<li>Un peat\u00f3n nunca debe cruzar imprudentemente. Esto dificultar\u00e1 que los conductores encuentren formas de evitarlos.\u00a0<\/li>\n<li>Un conductor debe\u00a0<strong>nunca intentar pasar por un veh\u00edculo cuando est\u00e1 detenido en un cruce de peatones.<\/strong> El veh\u00edculo detenido puede estar esperando a que cruce un peat\u00f3n.<\/li>\n<li>Un conductor solo puede conducir en la acera cuando ingresa o sale de un garaje o estacionamiento. El conductor todav\u00eda est\u00e1 obligado a ceder el paso a los peatones.\u00a0<\/li>\n<li>Un conductor debe\u00a0<strong>nunca detenerse dentro de un crosswalk<\/strong>. Esto obligar\u00e1 al peat\u00f3n a caminar alrededor del veh\u00edculo, lo que lo pone en una situaci\u00f3n de peligro.\u00a0<\/li>\n<\/ol>\n<p>Los conductores y peatones deben ser conscientes de su entorno. Incluso si un peat\u00f3n est\u00e1 cruzando la calle imprudentemente, el conductor tiene el deber de cuidado para evitar atropellar al peat\u00f3n. Adem\u00e1s, los peatones no deben intentar pisar la calle cuando noten que se acerca un veh\u00edculo. Un peat\u00f3n tampoco debe crear tr\u00e1fico al detenerse negligentemente en medio de la calle o la intersecci\u00f3n, incluso si se le otorga el derecho de paso.\u00a0<\/p>\n<p>Dado que California es un<strong>\u00a0<\/strong><a href=\"https:\/\/www.justia.com\/trials-litigation\/docs\/caci\/400\/405\/\"><strong>estado de responsabilidad comparativa<\/strong><\/a>, m\u00e1s de una persona puede ser considerada responsable en una colisi\u00f3n, incluidos los peatones. Deben obedecer las leyes peatonales. Si deciden no hacerlo, ser\u00e1n parcialmente responsables de una colisi\u00f3n y se les reducir\u00e1n los da\u00f1os seg\u00fan su grado de culpa.\u00a0<\/p>\n<p><strong>Cont\u00e1ctenos<\/strong><\/p>\n<p>En la ocasi\u00f3n que haya sufrido lesiones en la ciudad de<strong>\u00a0<\/strong>San Bernardino debido a un accidente peatonal,\u00a0<a href=\"\/\"><strong>Abogados de la Costa Oeste<\/strong><\/a><strong>\u00a0<\/strong>puede ayudarlo a recuperar el reembolso por los problemas que ha sufrido.\u00a0<\/p>\n<p>Para programar una consulta gratuita y sin compromiso en nuestro bufete de abogados de lesiones personales de San Bernardino, comun\u00edquese con nuestro equipo legal las 24 horas, los 7 d\u00edas de la semana llamando al\u00a0<strong>213-927-3700\u00a0<\/strong>o enviando un correo electr\u00f3nico\u00a0<a href=\"mailto:info@westcoasttriallawyers.com\"><strong>a info@westcoasttriallawyers.com<\/strong><\/a>.<\/p>\n<p><!-- WCTL_DEBUG: no shortcode in this_content --><\/p>\n","protected":false},"excerpt":{"rendered":"<p>\u00bfCu\u00e1les son Algunos tipos Comunes de Accidentes de Peatones? \u00bfC\u00f3mo se Puede Determinar la Culpa en tal Accidente? Hay dos tipos de accidentes de peatones que se han reportado en San Bernardino:\u00a0accidentes de peatones en una carretera y accidentes de atropello y fuga.\u00a0La responsabilidad se puede atribuir a un individuo o se puede compartir entre [&hellip;]<\/p>\n","protected":false},"author":475,"featured_media":46851,"parent":47392,"menu_order":0,"comment_status":"closed","ping_status":"closed","template":"","meta":{"inline_featured_image":false,"footnotes":""},"class_list":["post-12693","page","type-page","status-publish","has-post-thumbnail","hentry"],"acf":[],"yoast_head":"<!-- This site is optimized with the Yoast SEO Premium plugin v26.0 (Yoast SEO v26.0) - https:\/\/yoast.com\/wordpress\/plugins\/seo\/ -->\n<title>Abogado de Accidentes de Peatones de San Bernardino | West Coast Trial Lawyers<\/title>\n<meta name=\"robots\" content=\"index, follow, max-snippet:-1, max-image-preview:large, max-video-preview:-1\" \/>\n<link rel=\"canonical\" href=\"https:\/\/westcoasttriallawyers.com\/es\/california\/san-bernardino\/abogado-de-accidentes-de-peatones-de-san-bernardino\" \/>\n<meta property=\"og:locale\" content=\"es_ES\" \/>\n<meta property=\"og:type\" content=\"article\" \/>\n<meta property=\"og:title\" content=\"Abogado de Accidentes de Peatones de San Bernardino\" \/>\n<meta property=\"og:description\" content=\"\u00bfCu\u00e1les son Algunos tipos Comunes de Accidentes de Peatones? \u00bfC\u00f3mo se Puede Determinar la Culpa en tal Accidente? Hay dos tipos de accidentes de peatones que se han reportado en San Bernardino:\u00a0accidentes de peatones en una carretera y accidentes de atropello y fuga.\u00a0La responsabilidad se puede atribuir a un individuo o se puede compartir entre [&hellip;]\" \/>\n<meta property=\"og:url\" content=\"https:\/\/westcoasttriallawyers.com\/es\/california\/san-bernardino\/abogado-de-accidentes-de-peatones-de-san-bernardino\" \/>\n<meta property=\"og:site_name\" content=\"West Coast Trial Lawyers\" \/>\n<meta property=\"article:publisher\" content=\"https:\/\/www.facebook.com\/westcoasttriallawyers\/\" \/>\n<meta property=\"article:modified_time\" content=\"2026-01-22T11:22:52+00:00\" \/>\n<meta property=\"og:image\" content=\"https:\/\/westcoasttriallawyers.com\/wp-content\/uploads\/2025\/07\/city-img-4-21.webp\" \/>\n\t<meta property=\"og:image:width\" content=\"557\" \/>\n\t<meta property=\"og:image:height\" content=\"329\" \/>\n\t<meta property=\"og:image:type\" content=\"image\/webp\" \/>\n<meta name=\"twitter:card\" content=\"summary_large_image\" \/>\n<meta name=\"twitter:site\" content=\"@WestCoastTrial\" \/>\n<meta name=\"twitter:label1\" content=\"Tiempo de lectura\" \/>\n\t<meta name=\"twitter:data1\" content=\"15 minutos\" \/>\n<script type=\"application\/ld+json\" class=\"yoast-schema-graph\">{\"@context\":\"https:\/\/schema.org\",\"@graph\":[{\"@type\":[\"WebPage\",\"ItemPage\"],\"@id\":\"https:\/\/westcoasttriallawyers.com\/es\/california\/san-bernardino\/abogado-de-accidentes-de-peatones-de-san-bernardino\",\"url\":\"https:\/\/westcoasttriallawyers.com\/es\/california\/san-bernardino\/abogado-de-accidentes-de-peatones-de-san-bernardino\",\"name\":\"Abogado de Accidentes de Peatones de San Bernardino | West Coast Trial Lawyers\",\"isPartOf\":{\"@id\":\"https:\/\/westcoasttriallawyers.com\/es#website\"},\"primaryImageOfPage\":{\"@id\":\"https:\/\/westcoasttriallawyers.com\/es\/california\/san-bernardino\/abogado-de-accidentes-de-peatones-de-san-bernardino#primaryimage\"},\"image\":{\"@id\":\"https:\/\/westcoasttriallawyers.com\/es\/california\/san-bernardino\/abogado-de-accidentes-de-peatones-de-san-bernardino#primaryimage\"},\"thumbnailUrl\":\"https:\/\/westcoasttriallawyers.com\/wp-content\/uploads\/2025\/07\/city-img-4-21.webp\",\"datePublished\":\"2026-01-14T17:59:33+00:00\",\"dateModified\":\"2026-01-22T11:22:52+00:00\",\"breadcrumb\":{\"@id\":\"https:\/\/westcoasttriallawyers.com\/es\/california\/san-bernardino\/abogado-de-accidentes-de-peatones-de-san-bernardino#breadcrumb\"},\"inLanguage\":\"es\",\"potentialAction\":[{\"@type\":\"ReadAction\",\"target\":[\"https:\/\/westcoasttriallawyers.com\/es\/california\/san-bernardino\/abogado-de-accidentes-de-peatones-de-san-bernardino\"]}]},{\"@type\":\"ImageObject\",\"inLanguage\":\"es\",\"@id\":\"https:\/\/westcoasttriallawyers.com\/es\/california\/san-bernardino\/abogado-de-accidentes-de-peatones-de-san-bernardino#primaryimage\",\"url\":\"https:\/\/westcoasttriallawyers.com\/wp-content\/uploads\/2025\/07\/city-img-4-21.webp\",\"contentUrl\":\"https:\/\/westcoasttriallawyers.com\/wp-content\/uploads\/2025\/07\/city-img-4-21.webp\",\"width\":557,\"height\":329},{\"@type\":\"BreadcrumbList\",\"@id\":\"https:\/\/westcoasttriallawyers.com\/es\/california\/san-bernardino\/abogado-de-accidentes-de-peatones-de-san-bernardino#breadcrumb\",\"itemListElement\":[{\"@type\":\"ListItem\",\"position\":1,\"name\":\"Inicio\",\"item\":\"https:\/\/westcoasttriallawyers.com\/es\"},{\"@type\":\"ListItem\",\"position\":2,\"name\":\"California\",\"item\":\"https:\/\/westcoasttriallawyers.com\/es\/california\"},{\"@type\":\"ListItem\",\"position\":3,\"name\":\"San Bernardino\",\"item\":\"https:\/\/westcoasttriallawyers.com\/es\/california\/san-bernardino\"},{\"@type\":\"ListItem\",\"position\":4,\"name\":\"Abogado de Accidentes de Peatones de San Bernardino\"}]},{\"@type\":\"WebSite\",\"@id\":\"https:\/\/westcoasttriallawyers.com\/es#website\",\"url\":\"https:\/\/westcoasttriallawyers.com\/es\",\"name\":\"West Coast Trial Lawyers\",\"description\":\"West Coast Trial Lawyers\",\"publisher\":{\"@id\":\"https:\/\/westcoasttriallawyers.com\/es#organization\"},\"alternateName\":\"WCTL\",\"potentialAction\":[{\"@type\":\"SearchAction\",\"target\":{\"@type\":\"EntryPoint\",\"urlTemplate\":\"https:\/\/westcoasttriallawyers.com\/es?s={search_term_string}\"},\"query-input\":{\"@type\":\"PropertyValueSpecification\",\"valueRequired\":true,\"valueName\":\"search_term_string\"}}],\"inLanguage\":\"es\"},{\"@type\":\"Organization\",\"@id\":\"https:\/\/westcoasttriallawyers.com\/es#organization\",\"name\":\"West Coast Trial Lawyers\",\"alternateName\":\"WCTL\",\"url\":\"https:\/\/westcoasttriallawyers.com\/es\",\"logo\":{\"@type\":\"ImageObject\",\"inLanguage\":\"es\",\"@id\":\"https:\/\/westcoasttriallawyers.com\/es#\/schema\/logo\/image\/\",\"url\":\"https:\/\/westcoasttriallawyers.com\/wp-content\/uploads\/2026\/02\/WCTL-Logo.jpg\",\"contentUrl\":\"https:\/\/westcoasttriallawyers.com\/wp-content\/uploads\/2026\/02\/WCTL-Logo.jpg\",\"width\":696,\"height\":696,\"caption\":\"West Coast Trial Lawyers\"},\"image\":{\"@id\":\"https:\/\/westcoasttriallawyers.com\/es#\/schema\/logo\/image\/\"},\"sameAs\":[\"https:\/\/www.facebook.com\/westcoasttriallawyers\/\",\"https:\/\/x.com\/WestCoastTrial\",\"https:\/\/www.linkedin.com\/company\/west-coast-trial-lawyers\/\",\"https:\/\/www.instagram.com\/westcoasttriallawyers\/\",\"https:\/\/www.yelp.com\/biz\/west-coast-trial-lawyers-los-angeles-2\",\"https:\/\/www.pinterest.com\/westcoasttrial\/\",\"https:\/\/www.youtube.com\/westcoasttriallawyersla\/\",\"https:\/\/www.tiktok.com\/westcoasttriallawyers\"],\"description\":\"West Coast Trial Lawyers is a top-rated personal injury law firm with a goal to provide expert legal representation to those in need. The law firm has offices across California, Nevada, Arizona, and Washington.\",\"legalName\":\"West Coast Trial Lawyers\"}]}<\/script>\n<!-- \/ Yoast SEO Premium plugin. -->","yoast_head_json":{"title":"Abogado de Accidentes de Peatones de San Bernardino | West Coast Trial Lawyers","robots":{"index":"index","follow":"follow","max-snippet":"max-snippet:-1","max-image-preview":"max-image-preview:large","max-video-preview":"max-video-preview:-1"},"canonical":"https:\/\/westcoasttriallawyers.com\/es\/california\/san-bernardino\/abogado-de-accidentes-de-peatones-de-san-bernardino","og_locale":"es_ES","og_type":"article","og_title":"Abogado de Accidentes de Peatones de San Bernardino","og_description":"\u00bfCu\u00e1les son Algunos tipos Comunes de Accidentes de Peatones? \u00bfC\u00f3mo se Puede Determinar la Culpa en tal Accidente? Hay dos tipos de accidentes de peatones que se han reportado en San Bernardino:\u00a0accidentes de peatones en una carretera y accidentes de atropello y fuga.\u00a0La responsabilidad se puede atribuir a un individuo o se puede compartir entre [&hellip;]","og_url":"https:\/\/westcoasttriallawyers.com\/es\/california\/san-bernardino\/abogado-de-accidentes-de-peatones-de-san-bernardino","og_site_name":"West Coast Trial Lawyers","article_publisher":"https:\/\/www.facebook.com\/westcoasttriallawyers\/","article_modified_time":"2026-01-22T11:22:52+00:00","og_image":[{"width":557,"height":329,"url":"https:\/\/westcoasttriallawyers.com\/wp-content\/uploads\/2025\/07\/city-img-4-21.webp","type":"image\/webp"}],"twitter_card":"summary_large_image","twitter_site":"@WestCoastTrial","twitter_misc":{"Tiempo de lectura":"15 minutos"},"schema":{"@context":"https:\/\/schema.org","@graph":[{"@type":["WebPage","ItemPage"],"@id":"https:\/\/westcoasttriallawyers.com\/es\/california\/san-bernardino\/abogado-de-accidentes-de-peatones-de-san-bernardino","url":"https:\/\/westcoasttriallawyers.com\/es\/california\/san-bernardino\/abogado-de-accidentes-de-peatones-de-san-bernardino","name":"Abogado de Accidentes de Peatones de San Bernardino | West Coast Trial Lawyers","isPartOf":{"@id":"https:\/\/westcoasttriallawyers.com\/es#website"},"primaryImageOfPage":{"@id":"https:\/\/westcoasttriallawyers.com\/es\/california\/san-bernardino\/abogado-de-accidentes-de-peatones-de-san-bernardino#primaryimage"},"image":{"@id":"https:\/\/westcoasttriallawyers.com\/es\/california\/san-bernardino\/abogado-de-accidentes-de-peatones-de-san-bernardino#primaryimage"},"thumbnailUrl":"https:\/\/westcoasttriallawyers.com\/wp-content\/uploads\/2025\/07\/city-img-4-21.webp","datePublished":"2026-01-14T17:59:33+00:00","dateModified":"2026-01-22T11:22:52+00:00","breadcrumb":{"@id":"https:\/\/westcoasttriallawyers.com\/es\/california\/san-bernardino\/abogado-de-accidentes-de-peatones-de-san-bernardino#breadcrumb"},"inLanguage":"es","potentialAction":[{"@type":"ReadAction","target":["https:\/\/westcoasttriallawyers.com\/es\/california\/san-bernardino\/abogado-de-accidentes-de-peatones-de-san-bernardino"]}]},{"@type":"ImageObject","inLanguage":"es","@id":"https:\/\/westcoasttriallawyers.com\/es\/california\/san-bernardino\/abogado-de-accidentes-de-peatones-de-san-bernardino#primaryimage","url":"https:\/\/westcoasttriallawyers.com\/wp-content\/uploads\/2025\/07\/city-img-4-21.webp","contentUrl":"https:\/\/westcoasttriallawyers.com\/wp-content\/uploads\/2025\/07\/city-img-4-21.webp","width":557,"height":329},{"@type":"BreadcrumbList","@id":"https:\/\/westcoasttriallawyers.com\/es\/california\/san-bernardino\/abogado-de-accidentes-de-peatones-de-san-bernardino#breadcrumb","itemListElement":[{"@type":"ListItem","position":1,"name":"Inicio","item":"https:\/\/westcoasttriallawyers.com\/es"},{"@type":"ListItem","position":2,"name":"California","item":"https:\/\/westcoasttriallawyers.com\/es\/california"},{"@type":"ListItem","position":3,"name":"San Bernardino","item":"https:\/\/westcoasttriallawyers.com\/es\/california\/san-bernardino"},{"@type":"ListItem","position":4,"name":"Abogado de Accidentes de Peatones de San Bernardino"}]},{"@type":"WebSite","@id":"https:\/\/westcoasttriallawyers.com\/es#website","url":"https:\/\/westcoasttriallawyers.com\/es","name":"West Coast Trial Lawyers","description":"West Coast Trial Lawyers","publisher":{"@id":"https:\/\/westcoasttriallawyers.com\/es#organization"},"alternateName":"WCTL","potentialAction":[{"@type":"SearchAction","target":{"@type":"EntryPoint","urlTemplate":"https:\/\/westcoasttriallawyers.com\/es?s={search_term_string}"},"query-input":{"@type":"PropertyValueSpecification","valueRequired":true,"valueName":"search_term_string"}}],"inLanguage":"es"},{"@type":"Organization","@id":"https:\/\/westcoasttriallawyers.com\/es#organization","name":"West Coast Trial Lawyers","alternateName":"WCTL","url":"https:\/\/westcoasttriallawyers.com\/es","logo":{"@type":"ImageObject","inLanguage":"es","@id":"https:\/\/westcoasttriallawyers.com\/es#\/schema\/logo\/image\/","url":"https:\/\/westcoasttriallawyers.com\/wp-content\/uploads\/2026\/02\/WCTL-Logo.jpg","contentUrl":"https:\/\/westcoasttriallawyers.com\/wp-content\/uploads\/2026\/02\/WCTL-Logo.jpg","width":696,"height":696,"caption":"West Coast Trial Lawyers"},"image":{"@id":"https:\/\/westcoasttriallawyers.com\/es#\/schema\/logo\/image\/"},"sameAs":["https:\/\/www.facebook.com\/westcoasttriallawyers\/","https:\/\/x.com\/WestCoastTrial","https:\/\/www.linkedin.com\/company\/west-coast-trial-lawyers\/","https:\/\/www.instagram.com\/westcoasttriallawyers\/","https:\/\/www.yelp.com\/biz\/west-coast-trial-lawyers-los-angeles-2","https:\/\/www.pinterest.com\/westcoasttrial\/","https:\/\/www.youtube.com\/westcoasttriallawyersla\/","https:\/\/www.tiktok.com\/westcoasttriallawyers"],"description":"West Coast Trial Lawyers is a top-rated personal injury law firm with a goal to provide expert legal representation to those in need. The law firm has offices across California, Nevada, Arizona, and Washington.","legalName":"West Coast Trial Lawyers"}]}},"_links":{"self":[{"href":"https:\/\/westcoasttriallawyers.com\/es\/wp-json\/wp\/v2\/pages\/12693","targetHints":{"allow":["GET"]}}],"collection":[{"href":"https:\/\/westcoasttriallawyers.com\/es\/wp-json\/wp\/v2\/pages"}],"about":[{"href":"https:\/\/westcoasttriallawyers.com\/es\/wp-json\/wp\/v2\/types\/page"}],"author":[{"embeddable":true,"href":"https:\/\/westcoasttriallawyers.com\/es\/wp-json\/wp\/v2\/users\/475"}],"replies":[{"embeddable":true,"href":"https:\/\/westcoasttriallawyers.com\/es\/wp-json\/wp\/v2\/comments?post=12693"}],"version-history":[{"count":3,"href":"https:\/\/westcoasttriallawyers.com\/es\/wp-json\/wp\/v2\/pages\/12693\/revisions"}],"predecessor-version":[{"id":47878,"href":"https:\/\/westcoasttriallawyers.com\/es\/wp-json\/wp\/v2\/pages\/12693\/revisions\/47878"}],"up":[{"embeddable":true,"href":"https:\/\/westcoasttriallawyers.com\/es\/wp-json\/wp\/v2\/pages\/47392"}],"wp:featuredmedia":[{"embeddable":true,"href":"https:\/\/westcoasttriallawyers.com\/es\/wp-json\/wp\/v2\/media\/46851"}],"wp:attachment":[{"href":"https:\/\/westcoasttriallawyers.com\/es\/wp-json\/wp\/v2\/media?parent=12693"}],"curies":[{"name":"wp","href":"https:\/\/api.w.org\/{rel}","templated":true}]}}