{"id":12689,"date":"2026-01-14T17:59:31","date_gmt":"2026-01-14T17:59:31","guid":{"rendered":"https:\/\/wctl1stg.wpengine.com\/?page_id=12689"},"modified":"2026-01-22T11:16:12","modified_gmt":"2026-01-22T11:16:12","slug":"abogado-de-mordedura-de-perro-de-san-bernardino","status":"publish","type":"page","link":"https:\/\/westcoasttriallawyers.com\/es\/california\/san-bernardino\/abogado-de-mordedura-de-perro-de-san-bernardino","title":{"rendered":"Abogado de Mordedura de Perro de San Bernardino"},"content":{"rendered":"<h2><strong>\u00bfUsted o su Hijo fueron mordidos por un Perro? Aqu\u00ed hay una Lista de Pasos Esenciales que Debe Considerar Seguir para Mejorar sus Posibilidades de Obtener una Compensaci\u00f3n Justa<\/strong><\/h2>\n<p>Los perros son los mejores amigos del hombre. Intuitivamente muestran amor y lealtad hacia sus due\u00f1os. Muchos de ellos har\u00e1n lo que sea necesario para proteger a sus due\u00f1os, especialmente si ven a extra\u00f1os caminando cerca. Sin embargo, es responsabilidad del propietario asegurarse de que el perro no muestre un comportamiento agresivo, ya sea en su propiedad o en p\u00fablico. Desafortunadamente, muchos due\u00f1os eligen no entrenar a sus perros para que se comporten mejor. Prefieren que su perro act\u00fae de manera hostil con los dem\u00e1s para tener una apariencia intimidante. Esta es una decisi\u00f3n negligente que podr\u00eda ocasionar graves consecuencias legales para el perro y su due\u00f1o, especialmente si el perro ha da\u00f1ado gravemente a una persona.\u00a0\u00a0<\/p>\n<p>Digamos que un due\u00f1o es plenamente consciente de que su perro es hostil con los extra\u00f1os. Sin embargo, el due\u00f1o todav\u00eda decide llevar al perro a un parque p\u00fablico. Mientras est\u00e1 all\u00ed, el perro se da cuenta de que un extra\u00f1o corre hacia el cruce de peatones para llegar a tiempo de cruzar la calle, lo que atrae al perro para que corra detr\u00e1s de ese extra\u00f1o y muerda una parte de su cuerpo. Dependiendo de la gravedad de la mordedura, es probable que el propietario se enfrente a una demanda por mordedura de perro.\u00a0<\/p>\n<p>Si fue mordido por un perro y desea presentar un reclamo contra el due\u00f1o del perro debido a su negligencia, los abogados litigantes de la costa oeste lo ayudar\u00e1n a obtener la justicia que se merece. Nuestros\u00a0<strong>abogados de mordeduras de perros de San Bernardino<\/strong> tienen m\u00e1s de 60 a\u00f1os de experiencia legal colectiva en el manejo de casos de lesiones personales. Hemos ganado m\u00e1s de 5000 casos y hemos obtenido m\u00e1s de $1000 millones en acuerdos y sentencias para nuestros clientes. Debido a nuestros logros, hemos sido reconocidos como uno de los mejores bufetes de abogados de lesiones personales en\u00a0<strong>San Bernardino.<\/strong>\u00a0<\/p>\n<p>Para programar una consulta gratuita y sin compromiso en nuestro\u00a0<strong>bufete de abogados de lesiones personales de San Bernardino<\/strong>, comun\u00edquese con nuestro equipo legal las 24 horas, los 7 d\u00edas de la semana llamando al\u00a0<strong>213-927-3700<\/strong> o enviando un correo electr\u00f3nico\u00a0<a href=\"mailto:info@westcoasttriallawyers.com\"><strong>a info@westcoasttriallawyers.com<\/strong><\/a>.\u00a0<\/p>\n<p><strong>Mi hijo fue Mordido por un Perro<\/strong>\u00a0<\/p>\n<p>Los ni\u00f1os de 12 a\u00f1os o menos han sido objeto de los peores casos de mordeduras de perros. Esto se debe principalmente a que el ni\u00f1o no tiene una comprensi\u00f3n completa de la rapidez con la que un perro puede irritarse si lo abrazan demasiado fuerte. El perro puede sentirse en peligro o experimentar alg\u00fan dolor, lo que hace que reaccione de manera agresiva hacia el ni\u00f1o. Estas acciones no exhiben la personalidad de un perro con precisi\u00f3n. Principalmente muestra cu\u00e1n defensivos podr\u00edan estar cuando un individuo les est\u00e1 dando demasiado contacto o est\u00e1 invadiendo su espacio personal. Podr\u00eda haber varias circunstancias que podr\u00edan haber causado el ataque. Esto incluye:<\/p>\n<ol>\n<li>El ni\u00f1o provoc\u00f3 que el perro reaccionara.<\/li>\n<li>El due\u00f1o del perro desobedeci\u00f3 la ley<a href=\"http:\/\/publichealth.lacounty.gov\/vet\/rabiesmanualpdfs\/petlaws.pdf\"><strong> de correas para perros<\/strong><\/a>, dando as\u00ed a su perro la libertad de caminar en \u00e1reas p\u00fablicas.\u00a0<\/li>\n<\/ol>\n<p><strong>Lo que Debe hacer Despu\u00e9s de una Mordedura de Perro<\/strong>\u00a0<\/p>\n<p>Un plan de tratamiento puede variar seg\u00fan la gravedad de la lesi\u00f3n. Si la mordedura de perro no le rompi\u00f3 la piel, entonces puede lavar el \u00e1rea con jab\u00f3n y agua tibia. Tambi\u00e9n ser\u00eda ideal usar crema antibacterial por precauci\u00f3n. Nunca se sabe qu\u00e9 tipo de enfermedades puede tener un perro. Si la picadura atraves\u00f3 la piel, debe lavar bien el \u00e1rea con agua y jab\u00f3n. Cuando haya terminado con el primer paso, debe presionar suavemente la herida con un pa\u00f1o o una toalla de papel. Esto puede liberar una peque\u00f1a cantidad de sangre sobre el material y eliminar los g\u00e9rmenes que podr\u00edan provocarle una infecci\u00f3n grave.\u00a0\u00a0<\/p>\n<p>Independientemente de si la lesi\u00f3n es menor, moderada o grave, lo mejor ser\u00eda consultar a un m\u00e9dico. Ellos determinar\u00e1n si necesita tratamiento en el hogar o atenci\u00f3n m\u00e9dica extensa en un hospital para recuperarse por completo. Mientras recibe tratamiento por su lesi\u00f3n, debe solicitar una copia de sus registros m\u00e9dicos relacionados con el incidente de mordedura de perro. Si est\u00e1 dispuesto a presentar una demanda contra el due\u00f1o del perro, entonces esta ser\u00e1 una prueba importante que debe tener. Tambi\u00e9n debe recopilar otra informaci\u00f3n adicional para su caso. Esto incluye:<\/p>\n<ol>\n<li><strong>Fotos o secuencias de video.\u00a0<\/strong>Si es posible, trate de tomar fotograf\u00edas de su herida y del \u00e1rea donde ocurri\u00f3 el ataque.\u00a0<\/li>\n<li><strong>Informaci\u00f3n del due\u00f1o del perro.\u00a0<\/strong>Debe obtener la informaci\u00f3n de contacto del due\u00f1o del perro. Aseg\u00farese de preguntar tambi\u00e9n si su perro est\u00e1 al d\u00eda con sus vacunas.\u00a0<\/li>\n<li><strong>Informaci\u00f3n de testigos.\u00a0<\/strong>Revisa tu entorno. Si observa alg\u00fan testigo cerca, debe acercarse a \u00e9l y preguntarle si no le importa estar involucrado en su caso. Si te dan su consentimiento, entonces debes obtener su informaci\u00f3n de contacto. Recuerde, el testimonio de un testigo puede ayudar mucho a fortalecer su reclamo.\u00a0<\/li>\n<li><strong>Su perspectiva del incidente.\u00a0<\/strong>Registre su perspectiva del incidente en un diario o diario. Aseg\u00farese de incluir la fecha y la hora en que se llev\u00f3 a cabo el evento.<\/li>\n<li><strong>Registros m\u00e9dicos.\u00a0<\/strong>Debe hacer una cita para que un m\u00e9dico examine la herida de la mordedura de su perro. Har\u00e1n pruebas para determinar un diagn\u00f3stico. Una vez que se haya encontrado el diagn\u00f3stico, el m\u00e9dico le dar\u00e1 un plan de tratamiento para ayudarlo con la recuperaci\u00f3n. Su(s) visita(s) se guardar\u00e1n en un archivo y se puede usar como evidencia para incluir en su reclamo.\u00a0<\/li>\n<\/ol>\n<p>Un abogado especializado en mordeduras de perro le dar\u00e1 un resumen de c\u00f3mo debe abordar este problema y le brindar\u00e1 los pasos importantes que debe seguir para aumentar sus posibilidades de obtener un buen acuerdo. Para que todo esto sea posible, debe asegurarse de que el abogado que est\u00e1 contratando tenga una experiencia significativa en el manejo de casos de lesiones personales, especialmente aquellos que involucran una mordedura de perro.\u00a0<\/p>\n<p><strong>Cont\u00e1ctenos<\/strong><\/p>\n<p>Si es v\u00edctima de una mordedura de perro y desea presentar una demanda contra el propietario,<strong>\u00a0<\/strong><a href=\"\/\"><strong>Abogados de la Costa Oeste<\/strong><\/a><strong>\u00a0<\/strong>cuenta con abogados con experiencia en mordeduras de perros en San Bernardino que lo ayudar\u00e1n a recuperar da\u00f1os econ\u00f3micos y no econ\u00f3micos, como facturas m\u00e9dicas, salarios perdidos, dolor y sufrimiento, y m\u00e1s.\u00a0<\/p>\n<p>Para programar una consulta gratuita en nuestro bufete de abogados de lesiones personales de San Bernardino,con nuestro equipo legal las 24 horas, los 7 d\u00edas de la semana llamando al\u00a0<strong>213-927-3700<\/strong> o enviando un correo electr\u00f3nico\u00a0<a href=\"mailto:info@westcoasttriallawyers.com\"><strong>info@westcoasttriallawyers.com<\/strong><\/a>.<\/p>\n<p><!-- WCTL_DEBUG: no shortcode in this_content --><\/p>\n","protected":false},"excerpt":{"rendered":"<p>\u00bfUsted o su Hijo fueron mordidos por un Perro? Aqu\u00ed hay una Lista de Pasos Esenciales que Debe Considerar Seguir para Mejorar sus Posibilidades de Obtener una Compensaci\u00f3n Justa Los perros son los mejores amigos del hombre. Intuitivamente muestran amor y lealtad hacia sus due\u00f1os. Muchos de ellos har\u00e1n lo que sea necesario para proteger [&hellip;]<\/p>\n","protected":false},"author":475,"featured_media":46841,"parent":47392,"menu_order":0,"comment_status":"closed","ping_status":"closed","template":"","meta":{"inline_featured_image":false,"footnotes":""},"class_list":["post-12689","page","type-page","status-publish","has-post-thumbnail","hentry"],"acf":[],"yoast_head":"<!-- This site is optimized with the Yoast SEO Premium plugin v26.0 (Yoast SEO v26.0) - https:\/\/yoast.com\/wordpress\/plugins\/seo\/ -->\n<title>Abogado de Mordedura de Perro de San Bernardino | West Coast Trial Lawyers<\/title>\n<meta name=\"robots\" content=\"index, follow, max-snippet:-1, max-image-preview:large, max-video-preview:-1\" \/>\n<link rel=\"canonical\" href=\"https:\/\/westcoasttriallawyers.com\/es\/california\/san-bernardino\/abogado-de-mordedura-de-perro-de-san-bernardino\" \/>\n<meta property=\"og:locale\" content=\"es_ES\" \/>\n<meta property=\"og:type\" content=\"article\" \/>\n<meta property=\"og:title\" content=\"Abogado de Mordedura de Perro de San Bernardino\" \/>\n<meta property=\"og:description\" content=\"\u00bfUsted o su Hijo fueron mordidos por un Perro? Aqu\u00ed hay una Lista de Pasos Esenciales que Debe Considerar Seguir para Mejorar sus Posibilidades de Obtener una Compensaci\u00f3n Justa Los perros son los mejores amigos del hombre. Intuitivamente muestran amor y lealtad hacia sus due\u00f1os. Muchos de ellos har\u00e1n lo que sea necesario para proteger [&hellip;]\" \/>\n<meta property=\"og:url\" content=\"https:\/\/westcoasttriallawyers.com\/es\/california\/san-bernardino\/abogado-de-mordedura-de-perro-de-san-bernardino\" \/>\n<meta property=\"og:site_name\" content=\"West Coast Trial Lawyers\" \/>\n<meta property=\"article:publisher\" content=\"https:\/\/www.facebook.com\/westcoasttriallawyers\/\" \/>\n<meta property=\"article:modified_time\" content=\"2026-01-22T11:16:12+00:00\" \/>\n<meta property=\"og:image\" content=\"https:\/\/westcoasttriallawyers.com\/wp-content\/uploads\/2025\/07\/city-img-4-17.webp\" \/>\n\t<meta property=\"og:image:width\" content=\"557\" \/>\n\t<meta property=\"og:image:height\" content=\"329\" \/>\n\t<meta property=\"og:image:type\" content=\"image\/webp\" \/>\n<meta name=\"twitter:card\" content=\"summary_large_image\" \/>\n<meta name=\"twitter:site\" content=\"@WestCoastTrial\" \/>\n<meta name=\"twitter:label1\" content=\"Tiempo de lectura\" \/>\n\t<meta name=\"twitter:data1\" content=\"7 minutos\" \/>\n<script type=\"application\/ld+json\" class=\"yoast-schema-graph\">{\"@context\":\"https:\/\/schema.org\",\"@graph\":[{\"@type\":[\"WebPage\",\"ItemPage\"],\"@id\":\"https:\/\/westcoasttriallawyers.com\/es\/california\/san-bernardino\/abogado-de-mordedura-de-perro-de-san-bernardino\",\"url\":\"https:\/\/westcoasttriallawyers.com\/es\/california\/san-bernardino\/abogado-de-mordedura-de-perro-de-san-bernardino\",\"name\":\"Abogado de Mordedura de Perro de San Bernardino | West Coast Trial Lawyers\",\"isPartOf\":{\"@id\":\"https:\/\/westcoasttriallawyers.com\/es#website\"},\"primaryImageOfPage\":{\"@id\":\"https:\/\/westcoasttriallawyers.com\/es\/california\/san-bernardino\/abogado-de-mordedura-de-perro-de-san-bernardino#primaryimage\"},\"image\":{\"@id\":\"https:\/\/westcoasttriallawyers.com\/es\/california\/san-bernardino\/abogado-de-mordedura-de-perro-de-san-bernardino#primaryimage\"},\"thumbnailUrl\":\"https:\/\/westcoasttriallawyers.com\/wp-content\/uploads\/2025\/07\/city-img-4-17.webp\",\"datePublished\":\"2026-01-14T17:59:31+00:00\",\"dateModified\":\"2026-01-22T11:16:12+00:00\",\"breadcrumb\":{\"@id\":\"https:\/\/westcoasttriallawyers.com\/es\/california\/san-bernardino\/abogado-de-mordedura-de-perro-de-san-bernardino#breadcrumb\"},\"inLanguage\":\"es\",\"potentialAction\":[{\"@type\":\"ReadAction\",\"target\":[\"https:\/\/westcoasttriallawyers.com\/es\/california\/san-bernardino\/abogado-de-mordedura-de-perro-de-san-bernardino\"]}]},{\"@type\":\"ImageObject\",\"inLanguage\":\"es\",\"@id\":\"https:\/\/westcoasttriallawyers.com\/es\/california\/san-bernardino\/abogado-de-mordedura-de-perro-de-san-bernardino#primaryimage\",\"url\":\"https:\/\/westcoasttriallawyers.com\/wp-content\/uploads\/2025\/07\/city-img-4-17.webp\",\"contentUrl\":\"https:\/\/westcoasttriallawyers.com\/wp-content\/uploads\/2025\/07\/city-img-4-17.webp\",\"width\":557,\"height\":329},{\"@type\":\"BreadcrumbList\",\"@id\":\"https:\/\/westcoasttriallawyers.com\/es\/california\/san-bernardino\/abogado-de-mordedura-de-perro-de-san-bernardino#breadcrumb\",\"itemListElement\":[{\"@type\":\"ListItem\",\"position\":1,\"name\":\"Inicio\",\"item\":\"https:\/\/westcoasttriallawyers.com\/es\"},{\"@type\":\"ListItem\",\"position\":2,\"name\":\"California\",\"item\":\"https:\/\/westcoasttriallawyers.com\/es\/california\"},{\"@type\":\"ListItem\",\"position\":3,\"name\":\"San Bernardino\",\"item\":\"https:\/\/westcoasttriallawyers.com\/es\/california\/san-bernardino\"},{\"@type\":\"ListItem\",\"position\":4,\"name\":\"Abogado de Mordedura de Perro de San Bernardino\"}]},{\"@type\":\"WebSite\",\"@id\":\"https:\/\/westcoasttriallawyers.com\/es#website\",\"url\":\"https:\/\/westcoasttriallawyers.com\/es\",\"name\":\"West Coast Trial Lawyers\",\"description\":\"West Coast Trial Lawyers\",\"publisher\":{\"@id\":\"https:\/\/westcoasttriallawyers.com\/es#organization\"},\"alternateName\":\"WCTL\",\"potentialAction\":[{\"@type\":\"SearchAction\",\"target\":{\"@type\":\"EntryPoint\",\"urlTemplate\":\"https:\/\/westcoasttriallawyers.com\/es?s={search_term_string}\"},\"query-input\":{\"@type\":\"PropertyValueSpecification\",\"valueRequired\":true,\"valueName\":\"search_term_string\"}}],\"inLanguage\":\"es\"},{\"@type\":\"Organization\",\"@id\":\"https:\/\/westcoasttriallawyers.com\/es#organization\",\"name\":\"West Coast Trial Lawyers\",\"alternateName\":\"WCTL\",\"url\":\"https:\/\/westcoasttriallawyers.com\/es\",\"logo\":{\"@type\":\"ImageObject\",\"inLanguage\":\"es\",\"@id\":\"https:\/\/westcoasttriallawyers.com\/es#\/schema\/logo\/image\/\",\"url\":\"https:\/\/westcoasttriallawyers.com\/wp-content\/uploads\/2026\/02\/WCTL-Logo.jpg\",\"contentUrl\":\"https:\/\/westcoasttriallawyers.com\/wp-content\/uploads\/2026\/02\/WCTL-Logo.jpg\",\"width\":696,\"height\":696,\"caption\":\"West Coast Trial Lawyers\"},\"image\":{\"@id\":\"https:\/\/westcoasttriallawyers.com\/es#\/schema\/logo\/image\/\"},\"sameAs\":[\"https:\/\/www.facebook.com\/westcoasttriallawyers\/\",\"https:\/\/x.com\/WestCoastTrial\",\"https:\/\/www.linkedin.com\/company\/west-coast-trial-lawyers\/\",\"https:\/\/www.instagram.com\/westcoasttriallawyers\/\",\"https:\/\/www.yelp.com\/biz\/west-coast-trial-lawyers-los-angeles-2\",\"https:\/\/www.pinterest.com\/westcoasttrial\/\",\"https:\/\/www.youtube.com\/westcoasttriallawyersla\/\",\"https:\/\/www.tiktok.com\/westcoasttriallawyers\"],\"description\":\"West Coast Trial Lawyers is a top-rated personal injury law firm with a goal to provide expert legal representation to those in need. The law firm has offices across California, Nevada, Arizona, and Washington.\",\"legalName\":\"West Coast Trial Lawyers\"}]}<\/script>\n<!-- \/ Yoast SEO Premium plugin. -->","yoast_head_json":{"title":"Abogado de Mordedura de Perro de San Bernardino | West Coast Trial Lawyers","robots":{"index":"index","follow":"follow","max-snippet":"max-snippet:-1","max-image-preview":"max-image-preview:large","max-video-preview":"max-video-preview:-1"},"canonical":"https:\/\/westcoasttriallawyers.com\/es\/california\/san-bernardino\/abogado-de-mordedura-de-perro-de-san-bernardino","og_locale":"es_ES","og_type":"article","og_title":"Abogado de Mordedura de Perro de San Bernardino","og_description":"\u00bfUsted o su Hijo fueron mordidos por un Perro? Aqu\u00ed hay una Lista de Pasos Esenciales que Debe Considerar Seguir para Mejorar sus Posibilidades de Obtener una Compensaci\u00f3n Justa Los perros son los mejores amigos del hombre. Intuitivamente muestran amor y lealtad hacia sus due\u00f1os. Muchos de ellos har\u00e1n lo que sea necesario para proteger [&hellip;]","og_url":"https:\/\/westcoasttriallawyers.com\/es\/california\/san-bernardino\/abogado-de-mordedura-de-perro-de-san-bernardino","og_site_name":"West Coast Trial Lawyers","article_publisher":"https:\/\/www.facebook.com\/westcoasttriallawyers\/","article_modified_time":"2026-01-22T11:16:12+00:00","og_image":[{"width":557,"height":329,"url":"https:\/\/westcoasttriallawyers.com\/wp-content\/uploads\/2025\/07\/city-img-4-17.webp","type":"image\/webp"}],"twitter_card":"summary_large_image","twitter_site":"@WestCoastTrial","twitter_misc":{"Tiempo de lectura":"7 minutos"},"schema":{"@context":"https:\/\/schema.org","@graph":[{"@type":["WebPage","ItemPage"],"@id":"https:\/\/westcoasttriallawyers.com\/es\/california\/san-bernardino\/abogado-de-mordedura-de-perro-de-san-bernardino","url":"https:\/\/westcoasttriallawyers.com\/es\/california\/san-bernardino\/abogado-de-mordedura-de-perro-de-san-bernardino","name":"Abogado de Mordedura de Perro de San Bernardino | West Coast Trial Lawyers","isPartOf":{"@id":"https:\/\/westcoasttriallawyers.com\/es#website"},"primaryImageOfPage":{"@id":"https:\/\/westcoasttriallawyers.com\/es\/california\/san-bernardino\/abogado-de-mordedura-de-perro-de-san-bernardino#primaryimage"},"image":{"@id":"https:\/\/westcoasttriallawyers.com\/es\/california\/san-bernardino\/abogado-de-mordedura-de-perro-de-san-bernardino#primaryimage"},"thumbnailUrl":"https:\/\/westcoasttriallawyers.com\/wp-content\/uploads\/2025\/07\/city-img-4-17.webp","datePublished":"2026-01-14T17:59:31+00:00","dateModified":"2026-01-22T11:16:12+00:00","breadcrumb":{"@id":"https:\/\/westcoasttriallawyers.com\/es\/california\/san-bernardino\/abogado-de-mordedura-de-perro-de-san-bernardino#breadcrumb"},"inLanguage":"es","potentialAction":[{"@type":"ReadAction","target":["https:\/\/westcoasttriallawyers.com\/es\/california\/san-bernardino\/abogado-de-mordedura-de-perro-de-san-bernardino"]}]},{"@type":"ImageObject","inLanguage":"es","@id":"https:\/\/westcoasttriallawyers.com\/es\/california\/san-bernardino\/abogado-de-mordedura-de-perro-de-san-bernardino#primaryimage","url":"https:\/\/westcoasttriallawyers.com\/wp-content\/uploads\/2025\/07\/city-img-4-17.webp","contentUrl":"https:\/\/westcoasttriallawyers.com\/wp-content\/uploads\/2025\/07\/city-img-4-17.webp","width":557,"height":329},{"@type":"BreadcrumbList","@id":"https:\/\/westcoasttriallawyers.com\/es\/california\/san-bernardino\/abogado-de-mordedura-de-perro-de-san-bernardino#breadcrumb","itemListElement":[{"@type":"ListItem","position":1,"name":"Inicio","item":"https:\/\/westcoasttriallawyers.com\/es"},{"@type":"ListItem","position":2,"name":"California","item":"https:\/\/westcoasttriallawyers.com\/es\/california"},{"@type":"ListItem","position":3,"name":"San Bernardino","item":"https:\/\/westcoasttriallawyers.com\/es\/california\/san-bernardino"},{"@type":"ListItem","position":4,"name":"Abogado de Mordedura de Perro de San Bernardino"}]},{"@type":"WebSite","@id":"https:\/\/westcoasttriallawyers.com\/es#website","url":"https:\/\/westcoasttriallawyers.com\/es","name":"West Coast Trial Lawyers","description":"West Coast Trial Lawyers","publisher":{"@id":"https:\/\/westcoasttriallawyers.com\/es#organization"},"alternateName":"WCTL","potentialAction":[{"@type":"SearchAction","target":{"@type":"EntryPoint","urlTemplate":"https:\/\/westcoasttriallawyers.com\/es?s={search_term_string}"},"query-input":{"@type":"PropertyValueSpecification","valueRequired":true,"valueName":"search_term_string"}}],"inLanguage":"es"},{"@type":"Organization","@id":"https:\/\/westcoasttriallawyers.com\/es#organization","name":"West Coast Trial Lawyers","alternateName":"WCTL","url":"https:\/\/westcoasttriallawyers.com\/es","logo":{"@type":"ImageObject","inLanguage":"es","@id":"https:\/\/westcoasttriallawyers.com\/es#\/schema\/logo\/image\/","url":"https:\/\/westcoasttriallawyers.com\/wp-content\/uploads\/2026\/02\/WCTL-Logo.jpg","contentUrl":"https:\/\/westcoasttriallawyers.com\/wp-content\/uploads\/2026\/02\/WCTL-Logo.jpg","width":696,"height":696,"caption":"West Coast Trial Lawyers"},"image":{"@id":"https:\/\/westcoasttriallawyers.com\/es#\/schema\/logo\/image\/"},"sameAs":["https:\/\/www.facebook.com\/westcoasttriallawyers\/","https:\/\/x.com\/WestCoastTrial","https:\/\/www.linkedin.com\/company\/west-coast-trial-lawyers\/","https:\/\/www.instagram.com\/westcoasttriallawyers\/","https:\/\/www.yelp.com\/biz\/west-coast-trial-lawyers-los-angeles-2","https:\/\/www.pinterest.com\/westcoasttrial\/","https:\/\/www.youtube.com\/westcoasttriallawyersla\/","https:\/\/www.tiktok.com\/westcoasttriallawyers"],"description":"West Coast Trial Lawyers is a top-rated personal injury law firm with a goal to provide expert legal representation to those in need. The law firm has offices across California, Nevada, Arizona, and Washington.","legalName":"West Coast Trial Lawyers"}]}},"_links":{"self":[{"href":"https:\/\/westcoasttriallawyers.com\/es\/wp-json\/wp\/v2\/pages\/12689","targetHints":{"allow":["GET"]}}],"collection":[{"href":"https:\/\/westcoasttriallawyers.com\/es\/wp-json\/wp\/v2\/pages"}],"about":[{"href":"https:\/\/westcoasttriallawyers.com\/es\/wp-json\/wp\/v2\/types\/page"}],"author":[{"embeddable":true,"href":"https:\/\/westcoasttriallawyers.com\/es\/wp-json\/wp\/v2\/users\/475"}],"replies":[{"embeddable":true,"href":"https:\/\/westcoasttriallawyers.com\/es\/wp-json\/wp\/v2\/comments?post=12689"}],"version-history":[{"count":3,"href":"https:\/\/westcoasttriallawyers.com\/es\/wp-json\/wp\/v2\/pages\/12689\/revisions"}],"predecessor-version":[{"id":47869,"href":"https:\/\/westcoasttriallawyers.com\/es\/wp-json\/wp\/v2\/pages\/12689\/revisions\/47869"}],"up":[{"embeddable":true,"href":"https:\/\/westcoasttriallawyers.com\/es\/wp-json\/wp\/v2\/pages\/47392"}],"wp:featuredmedia":[{"embeddable":true,"href":"https:\/\/westcoasttriallawyers.com\/es\/wp-json\/wp\/v2\/media\/46841"}],"wp:attachment":[{"href":"https:\/\/westcoasttriallawyers.com\/es\/wp-json\/wp\/v2\/media?parent=12689"}],"curies":[{"name":"wp","href":"https:\/\/api.w.org\/{rel}","templated":true}]}}