{"id":12669,"date":"2026-01-14T17:42:21","date_gmt":"2026-01-14T17:42:21","guid":{"rendered":"https:\/\/wctl1stg.wpengine.com\/?page_id=12669"},"modified":"2026-01-22T11:51:25","modified_gmt":"2026-01-22T11:51:25","slug":"abogado-de-accidentes-de-bicicleta-en-san-francisco","status":"publish","type":"page","link":"https:\/\/westcoasttriallawyers.com\/es\/california\/san-francisco\/abogado-de-accidentes-de-bicicleta-en-san-francisco","title":{"rendered":"Abogado de accidentes de bicicleta en San Francisco"},"content":{"rendered":"<h2><strong>\u00bfQui\u00e9n puede ser considerado culpable de un accidente de bicicleta? \u00bfC\u00f3mo se supone que debe probar la negligencia?<\/strong><\/h2>\n<p>Los ciclistas quedan vulnerables mientras est\u00e1n en la carretera. En comparaci\u00f3n con los veh\u00edculos, ofrecen mucha menos protecci\u00f3n. Cualquier accidente en el que se vea involucrado un ciclista podr\u00eda resultar en lesiones graves ya que no hay cintur\u00f3n de seguridad ni barrera de metal para proteger al ciclista de caerse de la bicicleta. En San Francisco, ha habido un total de 19 muertes de ciclistas entre 2014 y 2020. Para evitar que los ciclistas sean v\u00edctimas de colisiones de tr\u00e1fico, la ciudad planea establecer 20 millas de carriles para bicicletas protegidos para crear una red m\u00e1s conectada.<\/p>\n<p>Las v\u00edctimas de un accidente de bicicleta son elegibles para presentar un reclamo por da\u00f1os personales contra la parte culpable por da\u00f1os y perjuicios. En West Coast Trial Lawyers, nuestros abogados de accidentes de bicicleta en San Francisco tienen m\u00e1s de 60 a\u00f1os de experiencia legal colectiva en el manejo de casos de lesiones personales. Con nuestro historial de recuperaci\u00f3n de m\u00e1s de $1 mil millones en acuerdos para nuestros clientes, estamos seguros de que obtendremos un buen resultado para su caso.<\/p>\n<p>No dude en comunicarse con nuestro equipo legal las 24 horas, los 7 d\u00edas de la semana llamando al 213-927-3700 o enviando un correo electr\u00f3nico a info@westcoasttriallawyers.com para programar una consulta gratuita y sin compromiso en nuestro bufete de abogados de lesiones personales de San Francisco.<\/p>\n<h2><strong>\u00bfQui\u00e9n tiene la culpa en un accidente de bicicleta?<\/strong><\/h2>\n<p>M\u00faltiples partes pueden estar involucradas en un accidente de bicicleta. Esto incluye un conductor, motociclista, ciclista o peat\u00f3n. Dado que California es un estado de negligencia comparativa, m\u00e1s de una parte puede ser culpable de cometer un acto negligente que cause un accidente. La responsabilidad ser\u00e1 compartida dependiendo de la cantidad de negligencia aportada por cada parte.<\/p>\n<p><strong>Por ejemplo:<\/strong> Se vio a un peat\u00f3n cruzar imprudentemente en una calle muy transitada. El ciclista not\u00f3 al peat\u00f3n e intent\u00f3 desviarse para evitar chocar contra \u00e9l. Sin embargo, no observaron su entorno antes de hacer el cambio de carril ni mostraron ninguna se\u00f1al con la mano de la bicicleta para notificar a los conductores que estaban tratando de incorporarse al carril. Esto finalmente result\u00f3 en que el ciclista golpeara a un conductor cercano. Tambi\u00e9n se descubri\u00f3 que el conductor estaba enviando mensajes de texto y conduciendo durante el tiempo en que chocaron contra el ciclista. Bajo esta situaci\u00f3n, cada parte compartir\u00e1 la responsabilidad por los da\u00f1os causados \u200b\u200bpor su negligencia. Todav\u00eda se puede ofrecer una compensaci\u00f3n recuperable, sin embargo, la cantidad puede variar seg\u00fan la cantidad de negligencia contribuida por cada parte involucrada.<\/p>\n<p>Los fabricantes y las empresas tambi\u00e9n pueden ser considerados responsables de un accidente de bicicleta. Si la bicicleta ten\u00eda una pieza defectuosa que fue la principal causa de un accidente, entonces el ciclista puede presentar una demanda por lesiones personales contra el fabricante o la empresa que vendi\u00f3 la bicicleta.<\/p>\n<p><strong>Por ejemplo:\u00a0<\/strong>Los frenos de una bicicleta fallan repentinamente y un ciclista choca y sufre lesiones graves. En este caso, el ciclista no es responsable de los da\u00f1os. De acuerdo con la ley de responsabilidad de productos de California, el fabricante que dise\u00f1\u00f3 y distribuy\u00f3 la bicicleta defectuosa puede ser considerado responsable de esas p\u00e9rdidas.<\/p>\n<p>Un reclamo de responsabilidad del producto es diferente de un reclamo por lesiones personales porque un ciclista lesionado no tendr\u00e1 la carga de probar la negligencia del fabricante para presentar una demanda por da\u00f1os. Se puede imponer una responsabilidad estricta con respecto a defectos de dise\u00f1o, defectos de fabricaci\u00f3n y defectos por falta de advertencia.<\/p>\n<p>Sin embargo, los casos de responsabilidad del producto son muy complicados porque se requiere un an\u00e1lisis y testimonio de expertos para probar que el producto era defectuoso en primer lugar. Si se lesion\u00f3 como resultado de una bicicleta o una pieza de bicicleta defectuosa, puede recuperar los da\u00f1os si prueba que:<\/p>\n<ul>\n<li>El producto fue utilizado de manera razonable.<\/li>\n<li>El fabricante de bicicletas vendi\u00f3 un producto defectuoso.<\/li>\n<li>El producto ya estaba defectuoso cuando sali\u00f3 del fabricante.<\/li>\n<li>Se sufri\u00f3 una lesi\u00f3n o da\u00f1o como resultado del producto defectuoso.<\/li>\n<\/ul>\n<h2><strong>Prueba de negligencia<\/strong><\/h2>\n<p>Para adquirir con \u00e9xito una compensaci\u00f3n justa, deber\u00e1 mostrar pruebas de que la otra parte cometi\u00f3 negligencia, lo que finalmente result\u00f3 en sus lesiones y da\u00f1os.<\/p>\n<p>El est\u00e1ndar legal por negligencia en el estado de California considerar\u00e1 los siguientes tres elementos:<\/p>\n<ul>\n<li>El acusado le deb\u00eda un deber de cuidado,<\/li>\n<li>El demandado incumpli\u00f3 su deber de cuidado por negligencia, y<\/li>\n<li>La negligencia del acusado fue la causa principal de sus lesiones.<\/li>\n<\/ul>\n<p><strong>Consideremos un ejemplo de negligencia en el caso de un accidente de bicicleta:\u00a0<\/strong>un ciclista circulaba en un carril designado para bicicletas mientras andaba en bicicleta por la ciudad de San Francisco. El ciclista llevaba puesto un casco ajustado y sigui\u00f3 todas las leyes de seguridad ciclistas aplicables de California. De repente, el ciclista es atropellado por detr\u00e1s por un conductor que iba a exceso de velocidad en el carril designado para bicicletas. El ciclista reaccion\u00f3 aterrizando agresivamente en el suelo, y su bicicleta qued\u00f3 completamente destruida. Como resultado de la conducta negligente del conductor, el ciclista sufri\u00f3 lesiones graves y fue enviado al hospital para recibir atenci\u00f3n m\u00e9dica inmediata.<\/p>\n<p>En este ejemplo, el conductor ser\u00eda responsable del accidente y, como m\u00ednimo, ser\u00eda responsable de los da\u00f1os del ciclista, incluidas las facturas del hospital, las reparaciones de la bicicleta, la p\u00e9rdida de salarios y posiblemente m\u00e1s.<\/p>\n<h2><strong>Da\u00f1os disponibles por un accidente de bicicleta<\/strong><\/h2>\n<p>Si result\u00f3 lesionado en un accidente de bicicleta causado por la negligencia de otra persona, puede tener derecho a recibir da\u00f1os econ\u00f3micos y no econ\u00f3micos.<\/p>\n<p><strong>Los da\u00f1os econ\u00f3micos<\/strong> est\u00e1n destinados a compensar a la v\u00edctima de un accidente por las p\u00e9rdidas a las que objetivamente se puede adjuntar una cantidad en d\u00f3lares. El monto total de la compensaci\u00f3n se calcula determinando el monto de las p\u00e9rdidas de bolsillo que un ciclista lesionado tiene o esperar\u00e1 incurrir como resultado de sus lesiones. Algunos ejemplos de p\u00e9rdidas econ\u00f3micas incluyen la p\u00e9rdida de la capacidad de generar ingresos, facturas m\u00e9dicas, salarios perdidos y da\u00f1os a la propiedad.<\/p>\n<p><strong>Los da\u00f1os no econ\u00f3micos<\/strong>, por otro lado, est\u00e1n destinados a compensar a una v\u00edctima de lesiones por p\u00e9rdidas que se consideran subjetivas. Por ejemplo, los da\u00f1os no econ\u00f3micos pueden incluir compensaci\u00f3n por angustia emocional, dolor y sufrimiento, y p\u00e9rdida del disfrute de la vida.<\/p>\n<p>Una v\u00edctima lesionada de un accidente de bicicleta, en casos excepcionales, tambi\u00e9n tiene derecho a\u00a0<strong>da\u00f1os punitivos<\/strong>. Los da\u00f1os punitivos son raros y se agregar\u00e1n a los da\u00f1os normales a los que ya tiene derecho una v\u00edctima de un accidente de bicicleta. Un tribunal otorga da\u00f1os punitivos, pero solo cuando un acusado deliberadamente intenta causar da\u00f1o a alguien o se comporta de una manera muy atroz. Conducir bajo la influencia o ser culpable de un golpe y fuga son dos ejemplos de incidentes que pueden calificar a una v\u00edctima para da\u00f1os punitivos.<\/p>\n<h2><strong>Los abogados litigantes de la costa oeste est\u00e1n aqu\u00ed para ayudar<\/strong><\/h2>\n<p>Si estuvo involucrado en un accidente de bicicleta en San Francisco y desea entablar una demanda contra la parte culpable, West Coast Trial Lawyers tiene abogados con experiencia en lesiones personales en San Francisco que est\u00e1n disponibles para ayudarle con su caso.<\/p>\n<p>Comun\u00edquese hoy con nuestro equipo legal disponible las 24 horas, los 7 d\u00edas de la semana llamando al 213-927-3700 o enviando un correo electr\u00f3nico a info@westcoasttriallawyers.com para programar una consulta gratuita en nuestro bufete de abogados de lesiones personales en San Francisco.<\/p>\n<p><!-- WCTL_DEBUG: no shortcode in this_content --><\/p>\n","protected":false},"excerpt":{"rendered":"<p>\u00bfQui\u00e9n puede ser considerado culpable de un accidente de bicicleta? \u00bfC\u00f3mo se supone que debe probar la negligencia? Los ciclistas quedan vulnerables mientras est\u00e1n en la carretera. En comparaci\u00f3n con los veh\u00edculos, ofrecen mucha menos protecci\u00f3n. Cualquier accidente en el que se vea involucrado un ciclista podr\u00eda resultar en lesiones graves ya que no hay [&hellip;]<\/p>\n","protected":false},"author":475,"featured_media":46654,"parent":47400,"menu_order":0,"comment_status":"closed","ping_status":"closed","template":"","meta":{"inline_featured_image":false,"footnotes":""},"class_list":["post-12669","page","type-page","status-publish","has-post-thumbnail","hentry"],"acf":[],"yoast_head":"<!-- This site is optimized with the Yoast SEO Premium plugin v26.0 (Yoast SEO v26.0) - https:\/\/yoast.com\/wordpress\/plugins\/seo\/ -->\n<title>Abogado de accidentes de bicicleta en San Francisco | West Coast Trial Lawyers<\/title>\n<meta name=\"robots\" content=\"index, follow, max-snippet:-1, max-image-preview:large, max-video-preview:-1\" \/>\n<link rel=\"canonical\" href=\"https:\/\/westcoasttriallawyers.com\/es\/california\/san-francisco\/abogado-de-accidentes-de-bicicleta-en-san-francisco\" \/>\n<meta property=\"og:locale\" content=\"es_ES\" \/>\n<meta property=\"og:type\" content=\"article\" \/>\n<meta property=\"og:title\" content=\"Abogado de accidentes de bicicleta en San Francisco\" \/>\n<meta property=\"og:description\" content=\"\u00bfQui\u00e9n puede ser considerado culpable de un accidente de bicicleta? \u00bfC\u00f3mo se supone que debe probar la negligencia? Los ciclistas quedan vulnerables mientras est\u00e1n en la carretera. En comparaci\u00f3n con los veh\u00edculos, ofrecen mucha menos protecci\u00f3n. Cualquier accidente en el que se vea involucrado un ciclista podr\u00eda resultar en lesiones graves ya que no hay [&hellip;]\" \/>\n<meta property=\"og:url\" content=\"https:\/\/westcoasttriallawyers.com\/es\/california\/san-francisco\/abogado-de-accidentes-de-bicicleta-en-san-francisco\" \/>\n<meta property=\"og:site_name\" content=\"West Coast Trial Lawyers\" \/>\n<meta property=\"article:publisher\" content=\"https:\/\/www.facebook.com\/westcoasttriallawyers\/\" \/>\n<meta property=\"article:modified_time\" content=\"2026-01-22T11:51:25+00:00\" \/>\n<meta property=\"og:image\" content=\"https:\/\/westcoasttriallawyers.com\/wp-content\/uploads\/2025\/07\/San-Francisco-1.webp\" \/>\n\t<meta property=\"og:image:width\" content=\"557\" \/>\n\t<meta property=\"og:image:height\" content=\"327\" \/>\n\t<meta property=\"og:image:type\" content=\"image\/webp\" \/>\n<meta name=\"twitter:card\" content=\"summary_large_image\" \/>\n<meta name=\"twitter:site\" content=\"@WestCoastTrial\" \/>\n<meta name=\"twitter:label1\" content=\"Tiempo de lectura\" \/>\n\t<meta name=\"twitter:data1\" content=\"14 minutos\" \/>\n<script type=\"application\/ld+json\" class=\"yoast-schema-graph\">{\"@context\":\"https:\/\/schema.org\",\"@graph\":[{\"@type\":[\"WebPage\",\"ItemPage\"],\"@id\":\"https:\/\/westcoasttriallawyers.com\/es\/california\/san-francisco\/abogado-de-accidentes-de-bicicleta-en-san-francisco\",\"url\":\"https:\/\/westcoasttriallawyers.com\/es\/california\/san-francisco\/abogado-de-accidentes-de-bicicleta-en-san-francisco\",\"name\":\"Abogado de accidentes de bicicleta en San Francisco | West Coast Trial Lawyers\",\"isPartOf\":{\"@id\":\"https:\/\/westcoasttriallawyers.com\/es#website\"},\"primaryImageOfPage\":{\"@id\":\"https:\/\/westcoasttriallawyers.com\/es\/california\/san-francisco\/abogado-de-accidentes-de-bicicleta-en-san-francisco#primaryimage\"},\"image\":{\"@id\":\"https:\/\/westcoasttriallawyers.com\/es\/california\/san-francisco\/abogado-de-accidentes-de-bicicleta-en-san-francisco#primaryimage\"},\"thumbnailUrl\":\"https:\/\/westcoasttriallawyers.com\/wp-content\/uploads\/2025\/07\/San-Francisco-1.webp\",\"datePublished\":\"2026-01-14T17:42:21+00:00\",\"dateModified\":\"2026-01-22T11:51:25+00:00\",\"breadcrumb\":{\"@id\":\"https:\/\/westcoasttriallawyers.com\/es\/california\/san-francisco\/abogado-de-accidentes-de-bicicleta-en-san-francisco#breadcrumb\"},\"inLanguage\":\"es\",\"potentialAction\":[{\"@type\":\"ReadAction\",\"target\":[\"https:\/\/westcoasttriallawyers.com\/es\/california\/san-francisco\/abogado-de-accidentes-de-bicicleta-en-san-francisco\"]}]},{\"@type\":\"ImageObject\",\"inLanguage\":\"es\",\"@id\":\"https:\/\/westcoasttriallawyers.com\/es\/california\/san-francisco\/abogado-de-accidentes-de-bicicleta-en-san-francisco#primaryimage\",\"url\":\"https:\/\/westcoasttriallawyers.com\/wp-content\/uploads\/2025\/07\/San-Francisco-1.webp\",\"contentUrl\":\"https:\/\/westcoasttriallawyers.com\/wp-content\/uploads\/2025\/07\/San-Francisco-1.webp\",\"width\":557,\"height\":327},{\"@type\":\"BreadcrumbList\",\"@id\":\"https:\/\/westcoasttriallawyers.com\/es\/california\/san-francisco\/abogado-de-accidentes-de-bicicleta-en-san-francisco#breadcrumb\",\"itemListElement\":[{\"@type\":\"ListItem\",\"position\":1,\"name\":\"Inicio\",\"item\":\"https:\/\/westcoasttriallawyers.com\/es\"},{\"@type\":\"ListItem\",\"position\":2,\"name\":\"California\",\"item\":\"https:\/\/westcoasttriallawyers.com\/es\/california\"},{\"@type\":\"ListItem\",\"position\":3,\"name\":\"San Francisco\",\"item\":\"https:\/\/westcoasttriallawyers.com\/es\/california\/san-francisco\"},{\"@type\":\"ListItem\",\"position\":4,\"name\":\"Abogado de accidentes de bicicleta en San Francisco\"}]},{\"@type\":\"WebSite\",\"@id\":\"https:\/\/westcoasttriallawyers.com\/es#website\",\"url\":\"https:\/\/westcoasttriallawyers.com\/es\",\"name\":\"West Coast Trial Lawyers\",\"description\":\"West Coast Trial Lawyers\",\"publisher\":{\"@id\":\"https:\/\/westcoasttriallawyers.com\/es#organization\"},\"alternateName\":\"WCTL\",\"potentialAction\":[{\"@type\":\"SearchAction\",\"target\":{\"@type\":\"EntryPoint\",\"urlTemplate\":\"https:\/\/westcoasttriallawyers.com\/es?s={search_term_string}\"},\"query-input\":{\"@type\":\"PropertyValueSpecification\",\"valueRequired\":true,\"valueName\":\"search_term_string\"}}],\"inLanguage\":\"es\"},{\"@type\":\"Organization\",\"@id\":\"https:\/\/westcoasttriallawyers.com\/es#organization\",\"name\":\"West Coast Trial Lawyers\",\"alternateName\":\"WCTL\",\"url\":\"https:\/\/westcoasttriallawyers.com\/es\",\"logo\":{\"@type\":\"ImageObject\",\"inLanguage\":\"es\",\"@id\":\"https:\/\/westcoasttriallawyers.com\/es#\/schema\/logo\/image\/\",\"url\":\"https:\/\/westcoasttriallawyers.com\/wp-content\/uploads\/2026\/02\/WCTL-Logo.jpg\",\"contentUrl\":\"https:\/\/westcoasttriallawyers.com\/wp-content\/uploads\/2026\/02\/WCTL-Logo.jpg\",\"width\":696,\"height\":696,\"caption\":\"West Coast Trial Lawyers\"},\"image\":{\"@id\":\"https:\/\/westcoasttriallawyers.com\/es#\/schema\/logo\/image\/\"},\"sameAs\":[\"https:\/\/www.facebook.com\/westcoasttriallawyers\/\",\"https:\/\/x.com\/WestCoastTrial\",\"https:\/\/www.linkedin.com\/company\/west-coast-trial-lawyers\/\",\"https:\/\/www.instagram.com\/westcoasttriallawyers\/\",\"https:\/\/www.yelp.com\/biz\/west-coast-trial-lawyers-los-angeles-2\",\"https:\/\/www.pinterest.com\/westcoasttrial\/\",\"https:\/\/www.youtube.com\/westcoasttriallawyersla\/\",\"https:\/\/www.tiktok.com\/westcoasttriallawyers\"],\"description\":\"West Coast Trial Lawyers is a top-rated personal injury law firm with a goal to provide expert legal representation to those in need. The law firm has offices across California, Nevada, Arizona, and Washington.\",\"legalName\":\"West Coast Trial Lawyers\"}]}<\/script>\n<!-- \/ Yoast SEO Premium plugin. -->","yoast_head_json":{"title":"Abogado de accidentes de bicicleta en San Francisco | West Coast Trial Lawyers","robots":{"index":"index","follow":"follow","max-snippet":"max-snippet:-1","max-image-preview":"max-image-preview:large","max-video-preview":"max-video-preview:-1"},"canonical":"https:\/\/westcoasttriallawyers.com\/es\/california\/san-francisco\/abogado-de-accidentes-de-bicicleta-en-san-francisco","og_locale":"es_ES","og_type":"article","og_title":"Abogado de accidentes de bicicleta en San Francisco","og_description":"\u00bfQui\u00e9n puede ser considerado culpable de un accidente de bicicleta? \u00bfC\u00f3mo se supone que debe probar la negligencia? Los ciclistas quedan vulnerables mientras est\u00e1n en la carretera. En comparaci\u00f3n con los veh\u00edculos, ofrecen mucha menos protecci\u00f3n. Cualquier accidente en el que se vea involucrado un ciclista podr\u00eda resultar en lesiones graves ya que no hay [&hellip;]","og_url":"https:\/\/westcoasttriallawyers.com\/es\/california\/san-francisco\/abogado-de-accidentes-de-bicicleta-en-san-francisco","og_site_name":"West Coast Trial Lawyers","article_publisher":"https:\/\/www.facebook.com\/westcoasttriallawyers\/","article_modified_time":"2026-01-22T11:51:25+00:00","og_image":[{"width":557,"height":327,"url":"https:\/\/westcoasttriallawyers.com\/wp-content\/uploads\/2025\/07\/San-Francisco-1.webp","type":"image\/webp"}],"twitter_card":"summary_large_image","twitter_site":"@WestCoastTrial","twitter_misc":{"Tiempo de lectura":"14 minutos"},"schema":{"@context":"https:\/\/schema.org","@graph":[{"@type":["WebPage","ItemPage"],"@id":"https:\/\/westcoasttriallawyers.com\/es\/california\/san-francisco\/abogado-de-accidentes-de-bicicleta-en-san-francisco","url":"https:\/\/westcoasttriallawyers.com\/es\/california\/san-francisco\/abogado-de-accidentes-de-bicicleta-en-san-francisco","name":"Abogado de accidentes de bicicleta en San Francisco | West Coast Trial Lawyers","isPartOf":{"@id":"https:\/\/westcoasttriallawyers.com\/es#website"},"primaryImageOfPage":{"@id":"https:\/\/westcoasttriallawyers.com\/es\/california\/san-francisco\/abogado-de-accidentes-de-bicicleta-en-san-francisco#primaryimage"},"image":{"@id":"https:\/\/westcoasttriallawyers.com\/es\/california\/san-francisco\/abogado-de-accidentes-de-bicicleta-en-san-francisco#primaryimage"},"thumbnailUrl":"https:\/\/westcoasttriallawyers.com\/wp-content\/uploads\/2025\/07\/San-Francisco-1.webp","datePublished":"2026-01-14T17:42:21+00:00","dateModified":"2026-01-22T11:51:25+00:00","breadcrumb":{"@id":"https:\/\/westcoasttriallawyers.com\/es\/california\/san-francisco\/abogado-de-accidentes-de-bicicleta-en-san-francisco#breadcrumb"},"inLanguage":"es","potentialAction":[{"@type":"ReadAction","target":["https:\/\/westcoasttriallawyers.com\/es\/california\/san-francisco\/abogado-de-accidentes-de-bicicleta-en-san-francisco"]}]},{"@type":"ImageObject","inLanguage":"es","@id":"https:\/\/westcoasttriallawyers.com\/es\/california\/san-francisco\/abogado-de-accidentes-de-bicicleta-en-san-francisco#primaryimage","url":"https:\/\/westcoasttriallawyers.com\/wp-content\/uploads\/2025\/07\/San-Francisco-1.webp","contentUrl":"https:\/\/westcoasttriallawyers.com\/wp-content\/uploads\/2025\/07\/San-Francisco-1.webp","width":557,"height":327},{"@type":"BreadcrumbList","@id":"https:\/\/westcoasttriallawyers.com\/es\/california\/san-francisco\/abogado-de-accidentes-de-bicicleta-en-san-francisco#breadcrumb","itemListElement":[{"@type":"ListItem","position":1,"name":"Inicio","item":"https:\/\/westcoasttriallawyers.com\/es"},{"@type":"ListItem","position":2,"name":"California","item":"https:\/\/westcoasttriallawyers.com\/es\/california"},{"@type":"ListItem","position":3,"name":"San Francisco","item":"https:\/\/westcoasttriallawyers.com\/es\/california\/san-francisco"},{"@type":"ListItem","position":4,"name":"Abogado de accidentes de bicicleta en San Francisco"}]},{"@type":"WebSite","@id":"https:\/\/westcoasttriallawyers.com\/es#website","url":"https:\/\/westcoasttriallawyers.com\/es","name":"West Coast Trial Lawyers","description":"West Coast Trial Lawyers","publisher":{"@id":"https:\/\/westcoasttriallawyers.com\/es#organization"},"alternateName":"WCTL","potentialAction":[{"@type":"SearchAction","target":{"@type":"EntryPoint","urlTemplate":"https:\/\/westcoasttriallawyers.com\/es?s={search_term_string}"},"query-input":{"@type":"PropertyValueSpecification","valueRequired":true,"valueName":"search_term_string"}}],"inLanguage":"es"},{"@type":"Organization","@id":"https:\/\/westcoasttriallawyers.com\/es#organization","name":"West Coast Trial Lawyers","alternateName":"WCTL","url":"https:\/\/westcoasttriallawyers.com\/es","logo":{"@type":"ImageObject","inLanguage":"es","@id":"https:\/\/westcoasttriallawyers.com\/es#\/schema\/logo\/image\/","url":"https:\/\/westcoasttriallawyers.com\/wp-content\/uploads\/2026\/02\/WCTL-Logo.jpg","contentUrl":"https:\/\/westcoasttriallawyers.com\/wp-content\/uploads\/2026\/02\/WCTL-Logo.jpg","width":696,"height":696,"caption":"West Coast Trial Lawyers"},"image":{"@id":"https:\/\/westcoasttriallawyers.com\/es#\/schema\/logo\/image\/"},"sameAs":["https:\/\/www.facebook.com\/westcoasttriallawyers\/","https:\/\/x.com\/WestCoastTrial","https:\/\/www.linkedin.com\/company\/west-coast-trial-lawyers\/","https:\/\/www.instagram.com\/westcoasttriallawyers\/","https:\/\/www.yelp.com\/biz\/west-coast-trial-lawyers-los-angeles-2","https:\/\/www.pinterest.com\/westcoasttrial\/","https:\/\/www.youtube.com\/westcoasttriallawyersla\/","https:\/\/www.tiktok.com\/westcoasttriallawyers"],"description":"West Coast Trial Lawyers is a top-rated personal injury law firm with a goal to provide expert legal representation to those in need. The law firm has offices across California, Nevada, Arizona, and Washington.","legalName":"West Coast Trial Lawyers"}]}},"_links":{"self":[{"href":"https:\/\/westcoasttriallawyers.com\/es\/wp-json\/wp\/v2\/pages\/12669","targetHints":{"allow":["GET"]}}],"collection":[{"href":"https:\/\/westcoasttriallawyers.com\/es\/wp-json\/wp\/v2\/pages"}],"about":[{"href":"https:\/\/westcoasttriallawyers.com\/es\/wp-json\/wp\/v2\/types\/page"}],"author":[{"embeddable":true,"href":"https:\/\/westcoasttriallawyers.com\/es\/wp-json\/wp\/v2\/users\/475"}],"replies":[{"embeddable":true,"href":"https:\/\/westcoasttriallawyers.com\/es\/wp-json\/wp\/v2\/comments?post=12669"}],"version-history":[{"count":3,"href":"https:\/\/westcoasttriallawyers.com\/es\/wp-json\/wp\/v2\/pages\/12669\/revisions"}],"predecessor-version":[{"id":47899,"href":"https:\/\/westcoasttriallawyers.com\/es\/wp-json\/wp\/v2\/pages\/12669\/revisions\/47899"}],"up":[{"embeddable":true,"href":"https:\/\/westcoasttriallawyers.com\/es\/wp-json\/wp\/v2\/pages\/47400"}],"wp:featuredmedia":[{"embeddable":true,"href":"https:\/\/westcoasttriallawyers.com\/es\/wp-json\/wp\/v2\/media\/46654"}],"wp:attachment":[{"href":"https:\/\/westcoasttriallawyers.com\/es\/wp-json\/wp\/v2\/media?parent=12669"}],"curies":[{"name":"wp","href":"https:\/\/api.w.org\/{rel}","templated":true}]}}