{"id":12650,"date":"2026-01-14T17:42:24","date_gmt":"2026-01-14T17:42:24","guid":{"rendered":"https:\/\/wctl1stg.wpengine.com\/?page_id=12650"},"modified":"2026-01-22T12:06:08","modified_gmt":"2026-01-22T12:06:08","slug":"abogado-de-mordedura-de-perro-en-san-francisco","status":"publish","type":"page","link":"https:\/\/westcoasttriallawyers.com\/es\/california\/san-francisco\/abogado-de-mordedura-de-perro-en-san-francisco","title":{"rendered":"Abogado de mordedura de perro en San Francisco"},"content":{"rendered":"<h2><strong>\u00bfCu\u00e1les son las leyes de perros de San Francisco?<\/strong><\/h2>\n<p>San Francisco tiene una poblaci\u00f3n estimada de 232,000 perros. La demograf\u00eda de la ciudad de residentes j\u00f3venes y ricos que han mostrado poco o ning\u00fan inter\u00e9s en querer tener hijos probablemente ha contribuido a la popularidad de tener un perro. Con una cantidad tan grande de perros viviendo en el \u00e1rea, no sorprende que San Francisco haya sido declarada como una de las peores ciudades para los ataques de perros. En 2020, hubo informes de m\u00e1s de 14 ataques de perros, principalmente hacia carteros que intentaban entregar correo o paquetes en la puerta principal de una casa. Dado que los perros tienen la funci\u00f3n de actuar como guardia de seguridad para proteger su territorio, actuar\u00e1n de manera agresiva para intimidar a los extra\u00f1os que se presenten frente a ellos.<\/p>\n<p>Como es comprensible que una persona quiera que su perro proteja su propiedad, debe hacerlo hasta cierto punto. Se espera que los due\u00f1os de perros entrenen a sus perros para que act\u00faen de manera adecuada en situaciones en las que no haya peligro o amenaza, como en un entorno donde una persona camina casualmente cerca o cuando un cartero est\u00e1 entregando el correo. Si un perro no act\u00faa con calma en este tipo de situaciones, entonces claramente, el due\u00f1o del perro debe hacer cumplir el entrenamiento de obediencia para evitar que el perro da\u00f1e a extra\u00f1os inocentes.<\/p>\n<p>Si sufri\u00f3 una mordedura de perro en San Francisco y quiere demandar para recuperar los da\u00f1os, todo lo que necesita probar es que la mordedura ocurri\u00f3 en un lugar p\u00fablico o mientras estaba legalmente en la propiedad privada de otra persona. No est\u00e1 obligado a demostrar que el due\u00f1o del perro fue negligente o no tuvo el cuidado razonable. Nuestros abogados con experiencia en mordeduras de perro en San Francisco en West Coast Trial Lawyers lo ayudar\u00e1n a adquirir una compensaci\u00f3n recuperable por sus p\u00e9rdidas. Con nuestro historial de ganar m\u00e1s de $1 mil millones en acuerdos para nuestros clientes, estamos seguros de que obtendremos un buen resultado en su caso.<\/p>\n<p>No dude en comunicarse con nuestro equipo legal las 24 horas, los 7 d\u00edas de la semana llamando al 213-927-3700 o enviando un correo electr\u00f3nico a info@westcoasttriallawyers.com para programar una consulta gratuita y sin compromiso en nuestro bufete de abogados de lesiones personales de San Francisco.<\/p>\n<h2><strong>Leyes de perros de San Francisco<\/strong><\/h2>\n<p><strong>Licencia de perro<\/strong><\/p>\n<p>En San Francisco, los perros de 4 meses de edad en adelante deben tener una licencia. Las licencias son v\u00e1lidas de 1 a 3 a\u00f1os dependiendo de la vacuna contra la rabia de su perro. Si es un nuevo residente de la ciudad, tendr\u00e1 30 d\u00edas para adquirir una licencia para perros, de lo contrario, se le puede cobrar un recargo por mora.<\/p>\n<p><strong>Ley de correas para perros<\/strong><\/p>\n<p>Se requiere el Control y Cuidado de Animales de San Francisco (SFACC, por sus siglas en ingl\u00e9s) para hacer cumplir las leyes sobre correas para perros. Se espera que los due\u00f1os de perros tengan a su perro con una correa que no tenga m\u00e1s de 8 pies de largo. Esto se hace para evitar que los perros ataquen o muerdan a las personas u otras mascotas que est\u00e9n cerca. Esta regla tambi\u00e9n se ha establecido para proteger a los perros de chocar con el tr\u00e1fico y lesionarse gravemente o morir.<\/p>\n<p><strong>Mordida de perro<\/strong><\/p>\n<p>La Unidad de Perros Viciosos y Peligrosos (VDDU) investiga los informes de mordeduras de perros. La VDDU insta a las v\u00edctimas a denunciar el incidente de mordedura de perro a la polic\u00eda. La polic\u00eda aparecer\u00e1 en la escena del ataque y crear\u00e1 un informe policial oficial. Este informe ser\u00e1 enviado a la VDDU, la cual ser\u00e1 evaluada para determinar cu\u00e1l ser\u00eda la acci\u00f3n m\u00e1s adecuada a tomar para garantizar la seguridad ciudadana.<\/p>\n<p>Los oficiales de polic\u00eda tienen la autoridad para incautar un perro que parece amenazar la seguridad de la ciudad. Estos perros incautados se mantendr\u00e1n bajo custodia hasta que se administre una audiencia de perros viciosos y peligrosos. Los perros que no son incautados, pero que a\u00fan muestran signos de agresi\u00f3n, tambi\u00e9n pueden ser elegibles para una audiencia de perros viciosos y peligrosos. La intenci\u00f3n detr\u00e1s de estas audiencias es proteger la seguridad y el bienestar de la comunidad averiguando qu\u00e9 acciones ayudar\u00edan al perro a hacerse pasar por una amenaza p\u00fablica menor. Las resoluciones comunes que se han utilizado para tratar a un perro agresivo incluyen educar al due\u00f1o del perro sobre c\u00f3mo cuidar a su perro, entrenamiento de obediencia, amordazamiento e inspecci\u00f3n de la propiedad del due\u00f1o del perro.<\/p>\n<h2><strong>Presentar un reclamo por mordedura de perro<\/strong><\/h2>\n<p>Si est\u00e1 interesado en emprender acciones legales contra el due\u00f1o del perro por sus lesiones y\/o da\u00f1os, deber\u00e1 comunicarse con un abogado con experiencia en mordeduras de perro de San Francisco para que lo ayude en el proceso de presentar un reclamo por lesiones personales. El abogado lo ayudar\u00e1 a fortalecer su reclamo, negociar con las compa\u00f1\u00edas de seguros y obtener la compensaci\u00f3n justa que merece por sus p\u00e9rdidas.<\/p>\n<p>Es comprensible que aquellos que son v\u00edctimas de una mordedura de perro eviten la idea de presentar un reclamo, ya que pueden conocer al due\u00f1o del perro como un amigo o pariente o pueden tener miedo de preguntarse qu\u00e9 pasar\u00eda con el animal. Tienes todo el derecho de elegir qu\u00e9 camino preferir\u00edas tomar. Solo recuerde, siempre debe poner su salud y seguridad primero. Si result\u00f3 gravemente herido y enfrenta problemas de salud por el incidente, ser\u00eda beneficioso de su parte emprender acciones legales contra el due\u00f1o del perro.<\/p>\n<h2><strong>Estatuto de limitaciones<\/strong><\/h2>\n<p>Un reclamo por mordedura de perro se considera como un reclamo por lesiones personales. El estatuto de limitaciones de California en un caso de lesiones personales es de dos a\u00f1os a partir de la fecha inicial del incidente. Hay algunas excepciones que pueden solicitar una extensi\u00f3n. El demandante debe ser:<\/p>\n<ul>\n<li>Un menor de edad<\/li>\n<li>encarcelado<\/li>\n<li>Fuera del estado<\/li>\n<li>Legalmente loco<\/li>\n<li>Incapacitado<\/li>\n<\/ul>\n<h2><strong>Da\u00f1os disponibles para un reclamo de mordedura de perro<\/strong><\/h2>\n<p>Los da\u00f1os son una compensaci\u00f3n monetaria determinada por un tribunal para compensar a una v\u00edctima de mordedura de perro por cualquier p\u00e9rdida o lesi\u00f3n sufrida como resultado de una mordedura de perro. Est\u00e1 destinado a compensar a una persona agraviada por las p\u00e9rdidas a las que se puede adjuntar f\u00e1cilmente una cantidad en d\u00f3lares.<\/p>\n<p><strong>Los da\u00f1os econ\u00f3micos<\/strong> se calculan determinando la cantidad de gastos de bolsillo que una v\u00edctima de mordedura de perro tiene o esperar\u00e1 incurrir como resultado de sus lesiones, como la p\u00e9rdida de la capacidad de obtener ingresos, las facturas m\u00e9dicas y la p\u00e9rdida de salarios.<\/p>\n<p>Los da\u00f1os no econ\u00f3micos est\u00e1n destinados esencialmente a cubrir las p\u00e9rdidas que se consideran subjetivas, como la angustia emocional, el dolor y el sufrimiento, y la p\u00e9rdida del disfrute de la vida.<\/p>\n<h2><strong>Los abogados litigantes de la costa oeste siempre est\u00e1n aqu\u00ed para ayudar<\/strong><\/h2>\n<p>Si ha sufrido una lesi\u00f3n por mordedura de perro, tiene derecho a responsabilizar a la parte culpable por sus p\u00e9rdidas. Un abogado de mordeduras de perro de San Francisco en West Coast Trial Lawyers lo ayudar\u00e1 a recuperar una compensaci\u00f3n por sus p\u00e9rdidas.<\/p>\n<p>Para programar una consulta gratuita en nuestro bufete de abogados de lesiones personales de San Francisco, comun\u00edquese con nuestro equipo legal disponible las 24 horas, los 7 d\u00edas de la semana llamando al 213-927-3700 o enviando un correo electr\u00f3nico a\u00a0<a href=\"mailto:info@westcoasttriallawyers.com\">info@westcoasttriallawyers.com<\/a>.<\/p>\n<p><!-- WCTL_DEBUG: no shortcode in this_content --><\/p>\n","protected":false},"excerpt":{"rendered":"<p>\u00bfCu\u00e1les son las leyes de perros de San Francisco? San Francisco tiene una poblaci\u00f3n estimada de 232,000 perros. La demograf\u00eda de la ciudad de residentes j\u00f3venes y ricos que han mostrado poco o ning\u00fan inter\u00e9s en querer tener hijos probablemente ha contribuido a la popularidad de tener un perro. Con una cantidad tan grande de [&hellip;]<\/p>\n","protected":false},"author":475,"featured_media":46669,"parent":47400,"menu_order":0,"comment_status":"closed","ping_status":"closed","template":"","meta":{"inline_featured_image":false,"footnotes":""},"class_list":["post-12650","page","type-page","status-publish","has-post-thumbnail","hentry"],"acf":[],"yoast_head":"<!-- This site is optimized with the Yoast SEO Premium plugin v26.0 (Yoast SEO v26.0) - https:\/\/yoast.com\/wordpress\/plugins\/seo\/ -->\n<title>Abogado de mordedura de perro en San Francisco | West Coast Trial Lawyers<\/title>\n<meta name=\"robots\" content=\"index, follow, max-snippet:-1, max-image-preview:large, max-video-preview:-1\" \/>\n<link rel=\"canonical\" href=\"https:\/\/westcoasttriallawyers.com\/es\/california\/san-francisco\/abogado-de-mordedura-de-perro-en-san-francisco\" \/>\n<meta property=\"og:locale\" content=\"es_ES\" \/>\n<meta property=\"og:type\" content=\"article\" \/>\n<meta property=\"og:title\" content=\"Abogado de mordedura de perro en San Francisco\" \/>\n<meta property=\"og:description\" content=\"\u00bfCu\u00e1les son las leyes de perros de San Francisco? San Francisco tiene una poblaci\u00f3n estimada de 232,000 perros. La demograf\u00eda de la ciudad de residentes j\u00f3venes y ricos que han mostrado poco o ning\u00fan inter\u00e9s en querer tener hijos probablemente ha contribuido a la popularidad de tener un perro. Con una cantidad tan grande de [&hellip;]\" \/>\n<meta property=\"og:url\" content=\"https:\/\/westcoasttriallawyers.com\/es\/california\/san-francisco\/abogado-de-mordedura-de-perro-en-san-francisco\" \/>\n<meta property=\"og:site_name\" content=\"West Coast Trial Lawyers\" \/>\n<meta property=\"article:publisher\" content=\"https:\/\/www.facebook.com\/westcoasttriallawyers\/\" \/>\n<meta property=\"article:modified_time\" content=\"2026-01-22T12:06:08+00:00\" \/>\n<meta property=\"og:image\" content=\"https:\/\/westcoasttriallawyers.com\/wp-content\/uploads\/2025\/07\/San-Francisco-7.webp\" \/>\n\t<meta property=\"og:image:width\" content=\"557\" \/>\n\t<meta property=\"og:image:height\" content=\"327\" \/>\n\t<meta property=\"og:image:type\" content=\"image\/webp\" \/>\n<meta name=\"twitter:card\" content=\"summary_large_image\" \/>\n<meta name=\"twitter:site\" content=\"@WestCoastTrial\" \/>\n<meta name=\"twitter:label1\" content=\"Tiempo de lectura\" \/>\n\t<meta name=\"twitter:data1\" content=\"11 minutos\" \/>\n<script type=\"application\/ld+json\" class=\"yoast-schema-graph\">{\"@context\":\"https:\/\/schema.org\",\"@graph\":[{\"@type\":[\"WebPage\",\"ItemPage\"],\"@id\":\"https:\/\/westcoasttriallawyers.com\/es\/california\/san-francisco\/abogado-de-mordedura-de-perro-en-san-francisco\",\"url\":\"https:\/\/westcoasttriallawyers.com\/es\/california\/san-francisco\/abogado-de-mordedura-de-perro-en-san-francisco\",\"name\":\"Abogado de mordedura de perro en San Francisco | West Coast Trial Lawyers\",\"isPartOf\":{\"@id\":\"https:\/\/westcoasttriallawyers.com\/es#website\"},\"primaryImageOfPage\":{\"@id\":\"https:\/\/westcoasttriallawyers.com\/es\/california\/san-francisco\/abogado-de-mordedura-de-perro-en-san-francisco#primaryimage\"},\"image\":{\"@id\":\"https:\/\/westcoasttriallawyers.com\/es\/california\/san-francisco\/abogado-de-mordedura-de-perro-en-san-francisco#primaryimage\"},\"thumbnailUrl\":\"https:\/\/westcoasttriallawyers.com\/wp-content\/uploads\/2025\/07\/San-Francisco-7.webp\",\"datePublished\":\"2026-01-14T17:42:24+00:00\",\"dateModified\":\"2026-01-22T12:06:08+00:00\",\"breadcrumb\":{\"@id\":\"https:\/\/westcoasttriallawyers.com\/es\/california\/san-francisco\/abogado-de-mordedura-de-perro-en-san-francisco#breadcrumb\"},\"inLanguage\":\"es\",\"potentialAction\":[{\"@type\":\"ReadAction\",\"target\":[\"https:\/\/westcoasttriallawyers.com\/es\/california\/san-francisco\/abogado-de-mordedura-de-perro-en-san-francisco\"]}]},{\"@type\":\"ImageObject\",\"inLanguage\":\"es\",\"@id\":\"https:\/\/westcoasttriallawyers.com\/es\/california\/san-francisco\/abogado-de-mordedura-de-perro-en-san-francisco#primaryimage\",\"url\":\"https:\/\/westcoasttriallawyers.com\/wp-content\/uploads\/2025\/07\/San-Francisco-7.webp\",\"contentUrl\":\"https:\/\/westcoasttriallawyers.com\/wp-content\/uploads\/2025\/07\/San-Francisco-7.webp\",\"width\":557,\"height\":327},{\"@type\":\"BreadcrumbList\",\"@id\":\"https:\/\/westcoasttriallawyers.com\/es\/california\/san-francisco\/abogado-de-mordedura-de-perro-en-san-francisco#breadcrumb\",\"itemListElement\":[{\"@type\":\"ListItem\",\"position\":1,\"name\":\"Inicio\",\"item\":\"https:\/\/westcoasttriallawyers.com\/es\"},{\"@type\":\"ListItem\",\"position\":2,\"name\":\"California\",\"item\":\"https:\/\/westcoasttriallawyers.com\/es\/california\"},{\"@type\":\"ListItem\",\"position\":3,\"name\":\"San Francisco\",\"item\":\"https:\/\/westcoasttriallawyers.com\/es\/california\/san-francisco\"},{\"@type\":\"ListItem\",\"position\":4,\"name\":\"Abogado de mordedura de perro en San Francisco\"}]},{\"@type\":\"WebSite\",\"@id\":\"https:\/\/westcoasttriallawyers.com\/es#website\",\"url\":\"https:\/\/westcoasttriallawyers.com\/es\",\"name\":\"West Coast Trial Lawyers\",\"description\":\"West Coast Trial Lawyers\",\"publisher\":{\"@id\":\"https:\/\/westcoasttriallawyers.com\/es#organization\"},\"alternateName\":\"WCTL\",\"potentialAction\":[{\"@type\":\"SearchAction\",\"target\":{\"@type\":\"EntryPoint\",\"urlTemplate\":\"https:\/\/westcoasttriallawyers.com\/es?s={search_term_string}\"},\"query-input\":{\"@type\":\"PropertyValueSpecification\",\"valueRequired\":true,\"valueName\":\"search_term_string\"}}],\"inLanguage\":\"es\"},{\"@type\":\"Organization\",\"@id\":\"https:\/\/westcoasttriallawyers.com\/es#organization\",\"name\":\"West Coast Trial Lawyers\",\"alternateName\":\"WCTL\",\"url\":\"https:\/\/westcoasttriallawyers.com\/es\",\"logo\":{\"@type\":\"ImageObject\",\"inLanguage\":\"es\",\"@id\":\"https:\/\/westcoasttriallawyers.com\/es#\/schema\/logo\/image\/\",\"url\":\"https:\/\/westcoasttriallawyers.com\/wp-content\/uploads\/2026\/02\/WCTL-Logo.jpg\",\"contentUrl\":\"https:\/\/westcoasttriallawyers.com\/wp-content\/uploads\/2026\/02\/WCTL-Logo.jpg\",\"width\":696,\"height\":696,\"caption\":\"West Coast Trial Lawyers\"},\"image\":{\"@id\":\"https:\/\/westcoasttriallawyers.com\/es#\/schema\/logo\/image\/\"},\"sameAs\":[\"https:\/\/www.facebook.com\/westcoasttriallawyers\/\",\"https:\/\/x.com\/WestCoastTrial\",\"https:\/\/www.linkedin.com\/company\/west-coast-trial-lawyers\/\",\"https:\/\/www.instagram.com\/westcoasttriallawyers\/\",\"https:\/\/www.yelp.com\/biz\/west-coast-trial-lawyers-los-angeles-2\",\"https:\/\/www.pinterest.com\/westcoasttrial\/\",\"https:\/\/www.youtube.com\/westcoasttriallawyersla\/\",\"https:\/\/www.tiktok.com\/westcoasttriallawyers\"],\"description\":\"West Coast Trial Lawyers is a top-rated personal injury law firm with a goal to provide expert legal representation to those in need. The law firm has offices across California, Nevada, Arizona, and Washington.\",\"legalName\":\"West Coast Trial Lawyers\"}]}<\/script>\n<!-- \/ Yoast SEO Premium plugin. -->","yoast_head_json":{"title":"Abogado de mordedura de perro en San Francisco | West Coast Trial Lawyers","robots":{"index":"index","follow":"follow","max-snippet":"max-snippet:-1","max-image-preview":"max-image-preview:large","max-video-preview":"max-video-preview:-1"},"canonical":"https:\/\/westcoasttriallawyers.com\/es\/california\/san-francisco\/abogado-de-mordedura-de-perro-en-san-francisco","og_locale":"es_ES","og_type":"article","og_title":"Abogado de mordedura de perro en San Francisco","og_description":"\u00bfCu\u00e1les son las leyes de perros de San Francisco? San Francisco tiene una poblaci\u00f3n estimada de 232,000 perros. La demograf\u00eda de la ciudad de residentes j\u00f3venes y ricos que han mostrado poco o ning\u00fan inter\u00e9s en querer tener hijos probablemente ha contribuido a la popularidad de tener un perro. Con una cantidad tan grande de [&hellip;]","og_url":"https:\/\/westcoasttriallawyers.com\/es\/california\/san-francisco\/abogado-de-mordedura-de-perro-en-san-francisco","og_site_name":"West Coast Trial Lawyers","article_publisher":"https:\/\/www.facebook.com\/westcoasttriallawyers\/","article_modified_time":"2026-01-22T12:06:08+00:00","og_image":[{"width":557,"height":327,"url":"https:\/\/westcoasttriallawyers.com\/wp-content\/uploads\/2025\/07\/San-Francisco-7.webp","type":"image\/webp"}],"twitter_card":"summary_large_image","twitter_site":"@WestCoastTrial","twitter_misc":{"Tiempo de lectura":"11 minutos"},"schema":{"@context":"https:\/\/schema.org","@graph":[{"@type":["WebPage","ItemPage"],"@id":"https:\/\/westcoasttriallawyers.com\/es\/california\/san-francisco\/abogado-de-mordedura-de-perro-en-san-francisco","url":"https:\/\/westcoasttriallawyers.com\/es\/california\/san-francisco\/abogado-de-mordedura-de-perro-en-san-francisco","name":"Abogado de mordedura de perro en San Francisco | West Coast Trial Lawyers","isPartOf":{"@id":"https:\/\/westcoasttriallawyers.com\/es#website"},"primaryImageOfPage":{"@id":"https:\/\/westcoasttriallawyers.com\/es\/california\/san-francisco\/abogado-de-mordedura-de-perro-en-san-francisco#primaryimage"},"image":{"@id":"https:\/\/westcoasttriallawyers.com\/es\/california\/san-francisco\/abogado-de-mordedura-de-perro-en-san-francisco#primaryimage"},"thumbnailUrl":"https:\/\/westcoasttriallawyers.com\/wp-content\/uploads\/2025\/07\/San-Francisco-7.webp","datePublished":"2026-01-14T17:42:24+00:00","dateModified":"2026-01-22T12:06:08+00:00","breadcrumb":{"@id":"https:\/\/westcoasttriallawyers.com\/es\/california\/san-francisco\/abogado-de-mordedura-de-perro-en-san-francisco#breadcrumb"},"inLanguage":"es","potentialAction":[{"@type":"ReadAction","target":["https:\/\/westcoasttriallawyers.com\/es\/california\/san-francisco\/abogado-de-mordedura-de-perro-en-san-francisco"]}]},{"@type":"ImageObject","inLanguage":"es","@id":"https:\/\/westcoasttriallawyers.com\/es\/california\/san-francisco\/abogado-de-mordedura-de-perro-en-san-francisco#primaryimage","url":"https:\/\/westcoasttriallawyers.com\/wp-content\/uploads\/2025\/07\/San-Francisco-7.webp","contentUrl":"https:\/\/westcoasttriallawyers.com\/wp-content\/uploads\/2025\/07\/San-Francisco-7.webp","width":557,"height":327},{"@type":"BreadcrumbList","@id":"https:\/\/westcoasttriallawyers.com\/es\/california\/san-francisco\/abogado-de-mordedura-de-perro-en-san-francisco#breadcrumb","itemListElement":[{"@type":"ListItem","position":1,"name":"Inicio","item":"https:\/\/westcoasttriallawyers.com\/es"},{"@type":"ListItem","position":2,"name":"California","item":"https:\/\/westcoasttriallawyers.com\/es\/california"},{"@type":"ListItem","position":3,"name":"San Francisco","item":"https:\/\/westcoasttriallawyers.com\/es\/california\/san-francisco"},{"@type":"ListItem","position":4,"name":"Abogado de mordedura de perro en San Francisco"}]},{"@type":"WebSite","@id":"https:\/\/westcoasttriallawyers.com\/es#website","url":"https:\/\/westcoasttriallawyers.com\/es","name":"West Coast Trial Lawyers","description":"West Coast Trial Lawyers","publisher":{"@id":"https:\/\/westcoasttriallawyers.com\/es#organization"},"alternateName":"WCTL","potentialAction":[{"@type":"SearchAction","target":{"@type":"EntryPoint","urlTemplate":"https:\/\/westcoasttriallawyers.com\/es?s={search_term_string}"},"query-input":{"@type":"PropertyValueSpecification","valueRequired":true,"valueName":"search_term_string"}}],"inLanguage":"es"},{"@type":"Organization","@id":"https:\/\/westcoasttriallawyers.com\/es#organization","name":"West Coast Trial Lawyers","alternateName":"WCTL","url":"https:\/\/westcoasttriallawyers.com\/es","logo":{"@type":"ImageObject","inLanguage":"es","@id":"https:\/\/westcoasttriallawyers.com\/es#\/schema\/logo\/image\/","url":"https:\/\/westcoasttriallawyers.com\/wp-content\/uploads\/2026\/02\/WCTL-Logo.jpg","contentUrl":"https:\/\/westcoasttriallawyers.com\/wp-content\/uploads\/2026\/02\/WCTL-Logo.jpg","width":696,"height":696,"caption":"West Coast Trial Lawyers"},"image":{"@id":"https:\/\/westcoasttriallawyers.com\/es#\/schema\/logo\/image\/"},"sameAs":["https:\/\/www.facebook.com\/westcoasttriallawyers\/","https:\/\/x.com\/WestCoastTrial","https:\/\/www.linkedin.com\/company\/west-coast-trial-lawyers\/","https:\/\/www.instagram.com\/westcoasttriallawyers\/","https:\/\/www.yelp.com\/biz\/west-coast-trial-lawyers-los-angeles-2","https:\/\/www.pinterest.com\/westcoasttrial\/","https:\/\/www.youtube.com\/westcoasttriallawyersla\/","https:\/\/www.tiktok.com\/westcoasttriallawyers"],"description":"West Coast Trial Lawyers is a top-rated personal injury law firm with a goal to provide expert legal representation to those in need. The law firm has offices across California, Nevada, Arizona, and Washington.","legalName":"West Coast Trial Lawyers"}]}},"_links":{"self":[{"href":"https:\/\/westcoasttriallawyers.com\/es\/wp-json\/wp\/v2\/pages\/12650","targetHints":{"allow":["GET"]}}],"collection":[{"href":"https:\/\/westcoasttriallawyers.com\/es\/wp-json\/wp\/v2\/pages"}],"about":[{"href":"https:\/\/westcoasttriallawyers.com\/es\/wp-json\/wp\/v2\/types\/page"}],"author":[{"embeddable":true,"href":"https:\/\/westcoasttriallawyers.com\/es\/wp-json\/wp\/v2\/users\/475"}],"replies":[{"embeddable":true,"href":"https:\/\/westcoasttriallawyers.com\/es\/wp-json\/wp\/v2\/comments?post=12650"}],"version-history":[{"count":3,"href":"https:\/\/westcoasttriallawyers.com\/es\/wp-json\/wp\/v2\/pages\/12650\/revisions"}],"predecessor-version":[{"id":47915,"href":"https:\/\/westcoasttriallawyers.com\/es\/wp-json\/wp\/v2\/pages\/12650\/revisions\/47915"}],"up":[{"embeddable":true,"href":"https:\/\/westcoasttriallawyers.com\/es\/wp-json\/wp\/v2\/pages\/47400"}],"wp:featuredmedia":[{"embeddable":true,"href":"https:\/\/westcoasttriallawyers.com\/es\/wp-json\/wp\/v2\/media\/46669"}],"wp:attachment":[{"href":"https:\/\/westcoasttriallawyers.com\/es\/wp-json\/wp\/v2\/media?parent=12650"}],"curies":[{"name":"wp","href":"https:\/\/api.w.org\/{rel}","templated":true}]}}