{"id":12630,"date":"2026-01-14T17:42:34","date_gmt":"2026-01-14T17:42:34","guid":{"rendered":"https:\/\/wctl1stg.wpengine.com\/?page_id=12630"},"modified":"2026-01-22T13:05:09","modified_gmt":"2026-01-22T13:05:09","slug":"abogado-de-accidente-de-scooter-en-san-francisco","status":"publish","type":"page","link":"https:\/\/westcoasttriallawyers.com\/es\/california\/san-francisco\/abogado-de-accidente-de-scooter-en-san-francisco","title":{"rendered":"Abogado de accidente de scooter en San Francisco"},"content":{"rendered":"<h2><strong>Tipos comunes de accidentes de scooter y c\u00f3mo puede evitar verse involucrado en uno<\/strong><\/h2>\n<p>Los scooters el\u00e9ctricos han seguido manteniendo su popularidad en la ciudad de San Francisco durante los \u00faltimos a\u00f1os. Las bicicletas, scooters y ciclomotores compartidos han ofrecido un promedio de 386 000 viajes entre los meses de junio y agosto de 2021. Esto representa un aumento de alrededor del 14 % de junio a agosto de 2019, donde se realizaron un promedio de 339 000 viajes.<\/p>\n<p>Sin embargo, a pesar de la popularidad, conveniencia y asequibilidad de un e-scooter, tienen algunas desventajas. San Francisco ha experimentado m\u00faltiples problemas, como conductores imprudentes de e-scooter, desorden en las aceras y pr\u00e1cticas laborales discutibles. Para contrarrestar estos problemas, la ciudad estableci\u00f3 normas y reglamentos, que incluyen lo siguiente:<\/p>\n<ul>\n<li>Usar las tarifas de scooters para financiar la instalaci\u00f3n de portabicicletas en toda la ciudad. Esto ayudar\u00e1 a evitar que los scooters el\u00e9ctricos se acumulen en las aceras.<\/li>\n<li>Cobrar una multa a los usuarios de e-scooter que no bloqueen el e-scooter en un portaequipajes despu\u00e9s de cumplir con su uso.<\/li>\n<li>Obligar a las empresas a seguir ciertas normas laborales.<\/li>\n<li>Proporcionar e-scooters adaptables que estar\u00e1n disponibles para el uso de personas con discapacidades.<\/li>\n<\/ul>\n<p>Si fue v\u00edctima de un accidente de e-scooter debido a un e-scooter defectuoso o a un conductor negligente, nuestros abogados experimentados en lesiones personales de San Francisco en West Coast Trial Lawyers est\u00e1n disponibles las 24 horas del d\u00eda, los 7 d\u00edas de la semana para ofrecerle asistencia legal. Con nuestro historial de recuperaci\u00f3n de m\u00e1s de $ 1 mil millones en acuerdos para nuestros clientes, estamos seguros de que obtendremos un buen resultado para su caso.<\/p>\n<p>Para programar una consulta gratuita y sin compromiso en nuestro bufete de abogados de lesiones personales de San Francisco, comun\u00edquese con nosotros llamando al\u00a0<strong>213-927-3700\u00a0<\/strong>o enviando un correo electr\u00f3nico a<strong>\u00a0<\/strong><a href=\"mailto:info@westcoasttriallawyers.com\"><strong>info@westcoasttriallawyers.com<\/strong><\/a><strong>.\u00a0<\/strong><\/p>\n<h2><strong>Lesiones Comunes de Accidentes de E-Scooters<\/strong><\/h2>\n<p>Las personas han expresado su preocupaci\u00f3n por los e-scooters compartidos que no brindan protecci\u00f3n a los pasajeros y son de f\u00e1cil acceso para aquellos que tienen poca o ninguna experiencia en el manejo de un e-scooter. Es probable que cualquiera de estos factores resulte en accidentes que podr\u00edan causar que el ciclista, junto con otras partes, sufran lesiones graves. Las lesiones comunes que ha experimentado un conductor de e-scooter incluyen las siguientes:<\/p>\n<ul>\n<li><strong>Lesi\u00f3n en la cabeza o el cerebro.<\/strong> Un estudio realizado en 2021 indic\u00f3 que, en 2017, las lesiones en la cabeza y el cuello representaron un estimado del 28 por ciento de las lesiones por accidentes con scooters el\u00e9ctricos en los Estados Unidos. Alrededor del 32 por ciento de los ciclistas sufrieron lesiones cerebrales, mientras que el 11 por ciento sufri\u00f3 una conmoci\u00f3n cerebral. Esto podr\u00eda deberse a que las empresas de patinetes el\u00e9ctricos compartidos no ofrecen cascos para evitar que los pasajeros sufran lesiones en la cabeza despu\u00e9s de una ca\u00edda. Los s\u00edntomas comunes asociados con una lesi\u00f3n en la cabeza o el cerebro incluyen dolor de cabeza, irritabilidad, confusi\u00f3n, aturdimiento, mareos, falta de equilibrio, sensibilidad al ruido o a la luz, hinchaz\u00f3n, hematomas, p\u00e9rdida del conocimiento, n\u00e1useas, v\u00f3mitos, dilataci\u00f3n de uno o ambas pupilas de los ojos, fluidos claros que salen de los o\u00eddos o la nariz, o dificultad para dormir.<\/li>\n<li><strong>Erupci\u00f3n en la carretera.<\/strong> Si un ciclista conduce a altas velocidades y sale disparado de su e-scooter, es probable que se enfrente a una erupci\u00f3n grave en la carretera. Un e-scooter defectuoso tambi\u00e9n puede tener la capacidad de causar este tipo de lesi\u00f3n, especialmente si el freno no responde. Los s\u00edntomas de una erupci\u00f3n de la carretera incluyen hinchaz\u00f3n, enrojecimiento, dolor, calor en el \u00e1rea herida, pus, dolores corporales, escalofr\u00edos o drenaje con olor desagradable. Pueden ocurrir infecciones o cicatrices permanentes si la erupci\u00f3n del camino no se trata adecuadamente.<\/li>\n<li><strong>Huesos fracturados.<\/strong> Seg\u00fan USA Today, entre 2014 y 2018 hubo un total de 40 000 lesiones relacionadas con patinetes el\u00e9ctricos, incluidos huesos rotos, lesiones en la cabeza, cortes y contusiones. Dado que los patinetes el\u00e9ctricos compartidos se utilizan en todo EE. UU., las personas no recibir la protecci\u00f3n adecuada necesaria para evitar que ocurran lesiones graves. Para saber si ha sufrido una fractura de hueso, es probable que sienta dolor repentino, dificultad para soportar peso, hinchaz\u00f3n en el \u00e1rea herida, deformidad notable, hematomas, enrojecimiento, calor en el \u00e1rea herida o dificultad para mover el \u00e1rea herida o las articulaciones cercanas. .<\/li>\n<li><strong>Lesi\u00f3n en el cuello.\u00a0<\/strong>Como se indic\u00f3 anteriormente, las lesiones en el cuello, junto con las lesiones en la cabeza, representaron una gran parte de las lesiones de e-scooter en 2017. Para tener una idea de si puede tener una lesi\u00f3n en el cuello, es probable que sufra dolor de cuello, rigidez, dolores de cabeza o problemas para mover el cuello.<\/li>\n<li><strong>Lesi\u00f3n de la m\u00e9dula espinal.\u00a0<\/strong>Si un conductor de e-scooter aterriza con fuerza sobre su espalda, es probable que da\u00f1e un \u00e1rea de su m\u00e9dula espinal, como el segmento cervical, el segmento tor\u00e1cico o el segmento lumbar. El nivel de dolor y recuperaci\u00f3n de este tipo de lesi\u00f3n puede variar seg\u00fan el impacto de la ca\u00edda y el \u00e1rea m\u00e1s afectada. Los s\u00edntomas a tener en cuenta incluyen debilidad muscular, dificultad para respirar, p\u00e9rdida de sensibilidad debajo del \u00e1rea herida, p\u00e9rdida de control del intestino o la vejiga o dolor de espalda. Las v\u00edctimas de lesiones de la m\u00e9dula espinal tambi\u00e9n pueden sufrir par\u00e1lisis temporal o permanente.<\/li>\n<\/ul>\n<h2><strong>C\u00f3mo evitar un accidente de scooter el\u00e9ctrico<\/strong><\/h2>\n<p>Para disminuir la probabilidad de involucrarse en un accidente de e-scooter, se recomienda encarecidamente que tenga en cuenta estos consejos:<\/p>\n<ul>\n<li><strong>Presta atenci\u00f3n a la carretera.<\/strong> Deber\u00e1 mantener la vista en la carretera para evitar tener un accidente.<\/li>\n<li><strong>Usa equipo de seguridad.<\/strong> Dado que los e-scooters compartidos no brindan ning\u00fan equipo de seguridad, debe considerar traer el suyo propio para protegerse de una ca\u00edda grave que podr\u00eda provocar lesiones que pueden requerir atenci\u00f3n m\u00e9dica urgente. Idealmente, debe tener un casco ajustado, junto con coderas y rodilleras.<\/li>\n<li><strong>Pruebe su e-scooter antes de sacarlo a dar un paseo.\u00a0<\/strong>Desafortunadamente, ha habido casos en los que se han vendido scooters el\u00e9ctricos defectuosos al p\u00fablico o se han colocado scooters el\u00e9ctricos compartidos en las aceras sin ninguna advertencia de que el producto es defectuoso. Ser\u00eda una buena idea de su parte probar el e-scooter antes de confiar en \u00e9l para que lo lleve de manera segura a su destino.<\/li>\n<li><strong>Conduzca a una velocidad segura.\u00a0<\/strong>De acuerdo con la ley de California, los usuarios de e-scooter no deben operar un e-scooter a una velocidad que supere las 15 mph.<\/li>\n<\/ul>\n<h2><strong>Los abogados litigantes de la costa oeste est\u00e1n aqu\u00ed para ayudar<\/strong><\/h2>\n<p>Si estuvo involucrado en un accidente de e-scooter debido a la negligencia de otra parte, West Coast Trial Lawyers tiene abogados con experiencia en lesiones personales en San Francisco que lo ayudar\u00e1n a obtener la justicia y la compensaci\u00f3n que merece.<\/p>\n<p>Comun\u00edquese hoy con nuestro equipo legal disponible las 24 horas, los 7 d\u00edas de la semana llamando al\u00a0<strong>213-927-3700\u00a0<\/strong>o enviando un correo electr\u00f3nico a<strong> info@westcoasttriallawyers.com\u00a0<\/strong>para programar una consulta gratuita en nuestro bufete de abogados de lesiones personales en San Francisco.<\/p>\n<p><!-- WCTL_DEBUG: no shortcode in this_content --><\/p>\n","protected":false},"excerpt":{"rendered":"<p>Tipos comunes de accidentes de scooter y c\u00f3mo puede evitar verse involucrado en uno Los scooters el\u00e9ctricos han seguido manteniendo su popularidad en la ciudad de San Francisco durante los \u00faltimos a\u00f1os. Las bicicletas, scooters y ciclomotores compartidos han ofrecido un promedio de 386 000 viajes entre los meses de junio y agosto de 2021. [&hellip;]<\/p>\n","protected":false},"author":475,"featured_media":46719,"parent":47400,"menu_order":0,"comment_status":"closed","ping_status":"closed","template":"","meta":{"inline_featured_image":false,"footnotes":""},"class_list":["post-12630","page","type-page","status-publish","has-post-thumbnail","hentry"],"acf":[],"yoast_head":"<!-- This site is optimized with the Yoast SEO Premium plugin v26.0 (Yoast SEO v26.0) - https:\/\/yoast.com\/wordpress\/plugins\/seo\/ -->\n<title>Abogado de accidente de scooter en San Francisco | West Coast Trial Lawyers<\/title>\n<meta name=\"robots\" content=\"index, follow, max-snippet:-1, max-image-preview:large, max-video-preview:-1\" \/>\n<link rel=\"canonical\" href=\"https:\/\/westcoasttriallawyers.com\/es\/california\/san-francisco\/abogado-de-accidente-de-scooter-en-san-francisco\" \/>\n<meta property=\"og:locale\" content=\"es_ES\" \/>\n<meta property=\"og:type\" content=\"article\" \/>\n<meta property=\"og:title\" content=\"Abogado de accidente de scooter en San Francisco\" \/>\n<meta property=\"og:description\" content=\"Tipos comunes de accidentes de scooter y c\u00f3mo puede evitar verse involucrado en uno Los scooters el\u00e9ctricos han seguido manteniendo su popularidad en la ciudad de San Francisco durante los \u00faltimos a\u00f1os. Las bicicletas, scooters y ciclomotores compartidos han ofrecido un promedio de 386 000 viajes entre los meses de junio y agosto de 2021. [&hellip;]\" \/>\n<meta property=\"og:url\" content=\"https:\/\/westcoasttriallawyers.com\/es\/california\/san-francisco\/abogado-de-accidente-de-scooter-en-san-francisco\" \/>\n<meta property=\"og:site_name\" content=\"West Coast Trial Lawyers\" \/>\n<meta property=\"article:publisher\" content=\"https:\/\/www.facebook.com\/westcoasttriallawyers\/\" \/>\n<meta property=\"article:modified_time\" content=\"2026-01-22T13:05:09+00:00\" \/>\n<meta property=\"og:image\" content=\"https:\/\/westcoasttriallawyers.com\/wp-content\/uploads\/2025\/07\/San-Francisco-27.webp\" \/>\n\t<meta property=\"og:image:width\" content=\"557\" \/>\n\t<meta property=\"og:image:height\" content=\"327\" \/>\n\t<meta property=\"og:image:type\" content=\"image\/webp\" \/>\n<meta name=\"twitter:card\" content=\"summary_large_image\" \/>\n<meta name=\"twitter:site\" content=\"@WestCoastTrial\" \/>\n<meta name=\"twitter:label1\" content=\"Tiempo de lectura\" \/>\n\t<meta name=\"twitter:data1\" content=\"10 minutos\" \/>\n<script type=\"application\/ld+json\" class=\"yoast-schema-graph\">{\"@context\":\"https:\/\/schema.org\",\"@graph\":[{\"@type\":[\"WebPage\",\"ItemPage\"],\"@id\":\"https:\/\/westcoasttriallawyers.com\/es\/california\/san-francisco\/abogado-de-accidente-de-scooter-en-san-francisco\",\"url\":\"https:\/\/westcoasttriallawyers.com\/es\/california\/san-francisco\/abogado-de-accidente-de-scooter-en-san-francisco\",\"name\":\"Abogado de accidente de scooter en San Francisco | West Coast Trial Lawyers\",\"isPartOf\":{\"@id\":\"https:\/\/westcoasttriallawyers.com\/es#website\"},\"primaryImageOfPage\":{\"@id\":\"https:\/\/westcoasttriallawyers.com\/es\/california\/san-francisco\/abogado-de-accidente-de-scooter-en-san-francisco#primaryimage\"},\"image\":{\"@id\":\"https:\/\/westcoasttriallawyers.com\/es\/california\/san-francisco\/abogado-de-accidente-de-scooter-en-san-francisco#primaryimage\"},\"thumbnailUrl\":\"https:\/\/westcoasttriallawyers.com\/wp-content\/uploads\/2025\/07\/San-Francisco-27.webp\",\"datePublished\":\"2026-01-14T17:42:34+00:00\",\"dateModified\":\"2026-01-22T13:05:09+00:00\",\"breadcrumb\":{\"@id\":\"https:\/\/westcoasttriallawyers.com\/es\/california\/san-francisco\/abogado-de-accidente-de-scooter-en-san-francisco#breadcrumb\"},\"inLanguage\":\"es\",\"potentialAction\":[{\"@type\":\"ReadAction\",\"target\":[\"https:\/\/westcoasttriallawyers.com\/es\/california\/san-francisco\/abogado-de-accidente-de-scooter-en-san-francisco\"]}]},{\"@type\":\"ImageObject\",\"inLanguage\":\"es\",\"@id\":\"https:\/\/westcoasttriallawyers.com\/es\/california\/san-francisco\/abogado-de-accidente-de-scooter-en-san-francisco#primaryimage\",\"url\":\"https:\/\/westcoasttriallawyers.com\/wp-content\/uploads\/2025\/07\/San-Francisco-27.webp\",\"contentUrl\":\"https:\/\/westcoasttriallawyers.com\/wp-content\/uploads\/2025\/07\/San-Francisco-27.webp\",\"width\":557,\"height\":327},{\"@type\":\"BreadcrumbList\",\"@id\":\"https:\/\/westcoasttriallawyers.com\/es\/california\/san-francisco\/abogado-de-accidente-de-scooter-en-san-francisco#breadcrumb\",\"itemListElement\":[{\"@type\":\"ListItem\",\"position\":1,\"name\":\"Inicio\",\"item\":\"https:\/\/westcoasttriallawyers.com\/es\"},{\"@type\":\"ListItem\",\"position\":2,\"name\":\"California\",\"item\":\"https:\/\/westcoasttriallawyers.com\/es\/california\"},{\"@type\":\"ListItem\",\"position\":3,\"name\":\"San Francisco\",\"item\":\"https:\/\/westcoasttriallawyers.com\/es\/california\/san-francisco\"},{\"@type\":\"ListItem\",\"position\":4,\"name\":\"Abogado de accidente de scooter en San Francisco\"}]},{\"@type\":\"WebSite\",\"@id\":\"https:\/\/westcoasttriallawyers.com\/es#website\",\"url\":\"https:\/\/westcoasttriallawyers.com\/es\",\"name\":\"West Coast Trial Lawyers\",\"description\":\"West Coast Trial Lawyers\",\"publisher\":{\"@id\":\"https:\/\/westcoasttriallawyers.com\/es#organization\"},\"alternateName\":\"WCTL\",\"potentialAction\":[{\"@type\":\"SearchAction\",\"target\":{\"@type\":\"EntryPoint\",\"urlTemplate\":\"https:\/\/westcoasttriallawyers.com\/es?s={search_term_string}\"},\"query-input\":{\"@type\":\"PropertyValueSpecification\",\"valueRequired\":true,\"valueName\":\"search_term_string\"}}],\"inLanguage\":\"es\"},{\"@type\":\"Organization\",\"@id\":\"https:\/\/westcoasttriallawyers.com\/es#organization\",\"name\":\"West Coast Trial Lawyers\",\"alternateName\":\"WCTL\",\"url\":\"https:\/\/westcoasttriallawyers.com\/es\",\"logo\":{\"@type\":\"ImageObject\",\"inLanguage\":\"es\",\"@id\":\"https:\/\/westcoasttriallawyers.com\/es#\/schema\/logo\/image\/\",\"url\":\"https:\/\/westcoasttriallawyers.com\/wp-content\/uploads\/2026\/02\/WCTL-Logo.jpg\",\"contentUrl\":\"https:\/\/westcoasttriallawyers.com\/wp-content\/uploads\/2026\/02\/WCTL-Logo.jpg\",\"width\":696,\"height\":696,\"caption\":\"West Coast Trial Lawyers\"},\"image\":{\"@id\":\"https:\/\/westcoasttriallawyers.com\/es#\/schema\/logo\/image\/\"},\"sameAs\":[\"https:\/\/www.facebook.com\/westcoasttriallawyers\/\",\"https:\/\/x.com\/WestCoastTrial\",\"https:\/\/www.linkedin.com\/company\/west-coast-trial-lawyers\/\",\"https:\/\/www.instagram.com\/westcoasttriallawyers\/\",\"https:\/\/www.yelp.com\/biz\/west-coast-trial-lawyers-los-angeles-2\",\"https:\/\/www.pinterest.com\/westcoasttrial\/\",\"https:\/\/www.youtube.com\/westcoasttriallawyersla\/\",\"https:\/\/www.tiktok.com\/westcoasttriallawyers\"],\"description\":\"West Coast Trial Lawyers is a top-rated personal injury law firm with a goal to provide expert legal representation to those in need. The law firm has offices across California, Nevada, Arizona, and Washington.\",\"legalName\":\"West Coast Trial Lawyers\"}]}<\/script>\n<!-- \/ Yoast SEO Premium plugin. -->","yoast_head_json":{"title":"Abogado de accidente de scooter en San Francisco | West Coast Trial Lawyers","robots":{"index":"index","follow":"follow","max-snippet":"max-snippet:-1","max-image-preview":"max-image-preview:large","max-video-preview":"max-video-preview:-1"},"canonical":"https:\/\/westcoasttriallawyers.com\/es\/california\/san-francisco\/abogado-de-accidente-de-scooter-en-san-francisco","og_locale":"es_ES","og_type":"article","og_title":"Abogado de accidente de scooter en San Francisco","og_description":"Tipos comunes de accidentes de scooter y c\u00f3mo puede evitar verse involucrado en uno Los scooters el\u00e9ctricos han seguido manteniendo su popularidad en la ciudad de San Francisco durante los \u00faltimos a\u00f1os. Las bicicletas, scooters y ciclomotores compartidos han ofrecido un promedio de 386 000 viajes entre los meses de junio y agosto de 2021. [&hellip;]","og_url":"https:\/\/westcoasttriallawyers.com\/es\/california\/san-francisco\/abogado-de-accidente-de-scooter-en-san-francisco","og_site_name":"West Coast Trial Lawyers","article_publisher":"https:\/\/www.facebook.com\/westcoasttriallawyers\/","article_modified_time":"2026-01-22T13:05:09+00:00","og_image":[{"width":557,"height":327,"url":"https:\/\/westcoasttriallawyers.com\/wp-content\/uploads\/2025\/07\/San-Francisco-27.webp","type":"image\/webp"}],"twitter_card":"summary_large_image","twitter_site":"@WestCoastTrial","twitter_misc":{"Tiempo de lectura":"10 minutos"},"schema":{"@context":"https:\/\/schema.org","@graph":[{"@type":["WebPage","ItemPage"],"@id":"https:\/\/westcoasttriallawyers.com\/es\/california\/san-francisco\/abogado-de-accidente-de-scooter-en-san-francisco","url":"https:\/\/westcoasttriallawyers.com\/es\/california\/san-francisco\/abogado-de-accidente-de-scooter-en-san-francisco","name":"Abogado de accidente de scooter en San Francisco | West Coast Trial Lawyers","isPartOf":{"@id":"https:\/\/westcoasttriallawyers.com\/es#website"},"primaryImageOfPage":{"@id":"https:\/\/westcoasttriallawyers.com\/es\/california\/san-francisco\/abogado-de-accidente-de-scooter-en-san-francisco#primaryimage"},"image":{"@id":"https:\/\/westcoasttriallawyers.com\/es\/california\/san-francisco\/abogado-de-accidente-de-scooter-en-san-francisco#primaryimage"},"thumbnailUrl":"https:\/\/westcoasttriallawyers.com\/wp-content\/uploads\/2025\/07\/San-Francisco-27.webp","datePublished":"2026-01-14T17:42:34+00:00","dateModified":"2026-01-22T13:05:09+00:00","breadcrumb":{"@id":"https:\/\/westcoasttriallawyers.com\/es\/california\/san-francisco\/abogado-de-accidente-de-scooter-en-san-francisco#breadcrumb"},"inLanguage":"es","potentialAction":[{"@type":"ReadAction","target":["https:\/\/westcoasttriallawyers.com\/es\/california\/san-francisco\/abogado-de-accidente-de-scooter-en-san-francisco"]}]},{"@type":"ImageObject","inLanguage":"es","@id":"https:\/\/westcoasttriallawyers.com\/es\/california\/san-francisco\/abogado-de-accidente-de-scooter-en-san-francisco#primaryimage","url":"https:\/\/westcoasttriallawyers.com\/wp-content\/uploads\/2025\/07\/San-Francisco-27.webp","contentUrl":"https:\/\/westcoasttriallawyers.com\/wp-content\/uploads\/2025\/07\/San-Francisco-27.webp","width":557,"height":327},{"@type":"BreadcrumbList","@id":"https:\/\/westcoasttriallawyers.com\/es\/california\/san-francisco\/abogado-de-accidente-de-scooter-en-san-francisco#breadcrumb","itemListElement":[{"@type":"ListItem","position":1,"name":"Inicio","item":"https:\/\/westcoasttriallawyers.com\/es"},{"@type":"ListItem","position":2,"name":"California","item":"https:\/\/westcoasttriallawyers.com\/es\/california"},{"@type":"ListItem","position":3,"name":"San Francisco","item":"https:\/\/westcoasttriallawyers.com\/es\/california\/san-francisco"},{"@type":"ListItem","position":4,"name":"Abogado de accidente de scooter en San Francisco"}]},{"@type":"WebSite","@id":"https:\/\/westcoasttriallawyers.com\/es#website","url":"https:\/\/westcoasttriallawyers.com\/es","name":"West Coast Trial Lawyers","description":"West Coast Trial Lawyers","publisher":{"@id":"https:\/\/westcoasttriallawyers.com\/es#organization"},"alternateName":"WCTL","potentialAction":[{"@type":"SearchAction","target":{"@type":"EntryPoint","urlTemplate":"https:\/\/westcoasttriallawyers.com\/es?s={search_term_string}"},"query-input":{"@type":"PropertyValueSpecification","valueRequired":true,"valueName":"search_term_string"}}],"inLanguage":"es"},{"@type":"Organization","@id":"https:\/\/westcoasttriallawyers.com\/es#organization","name":"West Coast Trial Lawyers","alternateName":"WCTL","url":"https:\/\/westcoasttriallawyers.com\/es","logo":{"@type":"ImageObject","inLanguage":"es","@id":"https:\/\/westcoasttriallawyers.com\/es#\/schema\/logo\/image\/","url":"https:\/\/westcoasttriallawyers.com\/wp-content\/uploads\/2026\/02\/WCTL-Logo.jpg","contentUrl":"https:\/\/westcoasttriallawyers.com\/wp-content\/uploads\/2026\/02\/WCTL-Logo.jpg","width":696,"height":696,"caption":"West Coast Trial Lawyers"},"image":{"@id":"https:\/\/westcoasttriallawyers.com\/es#\/schema\/logo\/image\/"},"sameAs":["https:\/\/www.facebook.com\/westcoasttriallawyers\/","https:\/\/x.com\/WestCoastTrial","https:\/\/www.linkedin.com\/company\/west-coast-trial-lawyers\/","https:\/\/www.instagram.com\/westcoasttriallawyers\/","https:\/\/www.yelp.com\/biz\/west-coast-trial-lawyers-los-angeles-2","https:\/\/www.pinterest.com\/westcoasttrial\/","https:\/\/www.youtube.com\/westcoasttriallawyersla\/","https:\/\/www.tiktok.com\/westcoasttriallawyers"],"description":"West Coast Trial Lawyers is a top-rated personal injury law firm with a goal to provide expert legal representation to those in need. The law firm has offices across California, Nevada, Arizona, and Washington.","legalName":"West Coast Trial Lawyers"}]}},"_links":{"self":[{"href":"https:\/\/westcoasttriallawyers.com\/es\/wp-json\/wp\/v2\/pages\/12630","targetHints":{"allow":["GET"]}}],"collection":[{"href":"https:\/\/westcoasttriallawyers.com\/es\/wp-json\/wp\/v2\/pages"}],"about":[{"href":"https:\/\/westcoasttriallawyers.com\/es\/wp-json\/wp\/v2\/types\/page"}],"author":[{"embeddable":true,"href":"https:\/\/westcoasttriallawyers.com\/es\/wp-json\/wp\/v2\/users\/475"}],"replies":[{"embeddable":true,"href":"https:\/\/westcoasttriallawyers.com\/es\/wp-json\/wp\/v2\/comments?post=12630"}],"version-history":[{"count":3,"href":"https:\/\/westcoasttriallawyers.com\/es\/wp-json\/wp\/v2\/pages\/12630\/revisions"}],"predecessor-version":[{"id":47931,"href":"https:\/\/westcoasttriallawyers.com\/es\/wp-json\/wp\/v2\/pages\/12630\/revisions\/47931"}],"up":[{"embeddable":true,"href":"https:\/\/westcoasttriallawyers.com\/es\/wp-json\/wp\/v2\/pages\/47400"}],"wp:featuredmedia":[{"embeddable":true,"href":"https:\/\/westcoasttriallawyers.com\/es\/wp-json\/wp\/v2\/media\/46719"}],"wp:attachment":[{"href":"https:\/\/westcoasttriallawyers.com\/es\/wp-json\/wp\/v2\/media?parent=12630"}],"curies":[{"name":"wp","href":"https:\/\/api.w.org\/{rel}","templated":true}]}}