{"id":12626,"date":"2026-01-14T17:42:33","date_gmt":"2026-01-14T17:42:33","guid":{"rendered":"https:\/\/wctl1stg.wpengine.com\/?page_id=12626"},"modified":"2026-01-22T12:25:47","modified_gmt":"2026-01-22T12:25:47","slug":"abogado-de-accidentes-de-entrega-de-alimentos-en-san-francisco","status":"publish","type":"page","link":"https:\/\/westcoasttriallawyers.com\/es\/california\/san-francisco\/abogado-de-accidentes-de-entrega-de-alimentos-en-san-francisco","title":{"rendered":"Abogado de accidentes de entrega de alimentos en San Francisco"},"content":{"rendered":"<h2><strong>Informaci\u00f3n legal sobre las causas m\u00e1s comunes de un accidente de entrega de alimentos, los problemas del servicio de entrega de alimentos y lo que debe hacer despu\u00e9s de verse involucrado en un accidente de entrega de alimentos<\/strong><\/h2>\n<p>Si estuvo involucrado en un accidente de entrega de alimentos, puede ser elegible para presentar un reclamo por lesiones personales para adquirir una compensaci\u00f3n recuperable por sus p\u00e9rdidas. Los accidentes de entrega de alimentos pueden provocar lesiones que podr\u00edan requerir atenci\u00f3n m\u00e9dica costosa. Los casos de accidentes, especialmente aquellos que involucran a repartidores de alimentos, pueden ser bastante dif\u00edciles de manejar. La raz\u00f3n es que muchas empresas de entrega de alimentos har\u00e1n todo lo posible para negar a sus conductores como empleados y, en cambio, identificarse como contratistas independientes. En su mayor parte, los empleadores no son responsables de la conducta negligente o criminal de los contratistas independientes que trabajan para ellos.<\/p>\n<p>Si ha sufrido lesiones como resultado de un accidente de entrega de alimentos, nuestro experimentado equipo de abogados de lesiones personales de San Francisco en West Coast Trial Lawyers lo ayudar\u00e1 a obtener la compensaci\u00f3n que se merece. Hemos ganado m\u00e1s de 5000 casos de lesiones personales y hemos recuperado m\u00e1s de $1000 millones en acuerdos para nuestros clientes. Debido a nuestros logros, hemos sido reconocidos como uno de los mejores bufetes de abogados de lesiones personales en San Francisco.<\/p>\n<p>Para programar una consulta gratuita y sin compromiso en nuestro bufete de abogados de lesiones personales de San Francisco, comun\u00edquese con nosotros llamando al<strong> 213-927-3700\u00a0<\/strong>o enviando un correo electr\u00f3nico a<strong>\u00a0<\/strong><a href=\"mailto:info@westcoasttriallawyers.com\"><strong>info@westcoasttriallawyers.com<\/strong><\/a><strong>.\u00a0<\/strong><\/p>\n<h2><strong>Causas comunes de un accidente de entrega de alimentos<\/strong><\/h2>\n<p>M\u00faltiples factores pueden contribuir a un accidente de entrega de alimentos. La conducci\u00f3n distra\u00edda ha sido uno de los principales problemas que ha provocado que los conductores de entrega de alimentos choquen con otros veh\u00edculos cercanos. Esto podr\u00eda deberse a muchas razones, como aceptar un pedido de entrega de alimentos mientras conduce, verificar el GPS para ubicar la direcci\u00f3n de un cliente, enviar mensajes de texto o responder una llamada telef\u00f3nica. Una mirada moment\u00e1nea al tel\u00e9fono a\u00fan puede ser tiempo suficiente para desencadenar un accidente.<\/p>\n<p>Se sabe que un conductor de entrega de alimentos perdido a menudo conf\u00eda en su tel\u00e9fono para encontrar la ubicaci\u00f3n del cliente. Sin embargo, revisar constantemente el GPS solo har\u00e1 que sea m\u00e1s dif\u00edcil para el conductor de la entrega de alimentos concentrarse en la carretera. Adem\u00e1s, tambi\u00e9n es probable que realicen acciones imprudentes, como paradas y giros repentinos. Esto generalmente ocurre cuando un conductor de entrega de alimentos est\u00e1 atrasado en la entrega de pedidos o ha pasado por la direcci\u00f3n de un cliente. Tomar decisiones abruptas podr\u00eda resultar en un accidente ya que el conductor de la entrega de alimentos no est\u00e1 haciendo ninguna se\u00f1al para notificar a los dem\u00e1s a d\u00f3nde planean ir. Se recomienda que los conductores de entrega de alimentos se estacionen al costado de la carretera para verificar de manera segura d\u00f3nde est\u00e1 la direcci\u00f3n del cliente en lugar de perder el tiempo mirando el GPS mientras conduce.<\/p>\n<p>La causa final de un accidente de entrega de alimentos es el exceso de velocidad. Un repartidor de alimentos que est\u00e1 atrasado en hacer sus entregas se sentir\u00e1 obligado a acelerar para evitar recibir cr\u00edticas negativas, lo que a su vez podr\u00eda costarle el trabajo. Con una ciudad tan grande como San Francisco, podr\u00eda ser dif\u00edcil para un repartidor de alimentos atender varias solicitudes. No obstante, el conductor de entrega de alimentos debe establecer un horario que le permita entregar los pedidos a tiempo sin tener la necesidad de infringir las normas de tr\u00e1nsito de California.<\/p>\n<h2><strong>Problemas comunes con los servicios de entrega de alimentos<\/strong><\/h2>\n<p><strong>Seguridad alimentaria<\/strong><\/p>\n<p>La seguridad alimentaria es una prioridad principal para los restaurantes, ya que es el punto central del negocio. La seguridad alimentaria es especialmente importante si el restaurante ofrece servicios de entrega de alimentos, ya que esto puede agregar peligros y riesgos potenciales. Por ejemplo, un desaf\u00edo para la mayor\u00eda de los restaurantes es mantener las temperaturas fr\u00edas y calientes correctas para la comida durante la entrega.<\/p>\n<p>La temperatura puede alterar dr\u00e1sticamente la calidad de la comida e incluso hacer que se eche a perder. Esto puede ser peligroso porque los alimentos en mal estado o podridos pueden hacer que alguien sufra una intoxicaci\u00f3n alimentaria.<\/p>\n<p>Demostrar negligencia por el cuidado inadecuado de los alimentos puede ser dif\u00edcil, ya que los alimentos deben atravesar varios obst\u00e1culos antes de llegar al cliente. Es casi imposible saber si la comida ha estado reposando demasiado tiempo en un restaurante o en el veh\u00edculo. Con la introducci\u00f3n de empresas de entrega de alimentos de terceros, como UberEats y DoorDash, la responsabilidad por los alimentos solo se vuelve m\u00e1s compleja.<\/p>\n<p><strong>Manipulaci\u00f3n de alimentos<\/strong><\/p>\n<p>La manipulaci\u00f3n de alimentos se aplica principalmente al conductor de entrega de alimentos. Con los informes publicados de conductores de entrega de alimentos que sucumben a la tentaci\u00f3n de picar el pedido de un cliente, ha aumentado la preocupaci\u00f3n de los usuarios que dependen de los servicios de entrega de alimentos para adquirir sus alimentos, ya que podr\u00edan correr el riesgo de sufrir una intoxicaci\u00f3n alimentaria u otro tipo de enfermedad.<\/p>\n<p>Las empresas de entrega de alimentos, como UberEats, Postmates y DoorDash, ahora alientan a los restaurantes a colocar sus alimentos en envases resistentes a la manipulaci\u00f3n para evitar que un conductor de entrega de alimentos robe alimentos. Si se descubre que un conductor de entrega de alimentos manipula el pedido de un cliente, la ley de California entrar\u00e1 en vigencia. Su ley de manipulaci\u00f3n de alimentos proh\u00edbe que una persona a sabiendas agregue veneno o sustancias nocivas a cualquier alimento o bebida. Esto incluye escupir en la comida de alguien, lo que se castiga con 2 a 5 a\u00f1os de c\u00e1rcel. Si el cliente sufre lesiones graves o muere, el conductor de la entrega de alimentos enfrentar\u00e1 3 a\u00f1os adicionales a su sentencia de prisi\u00f3n.<\/p>\n<p><strong>Problemas de conducci\u00f3n<\/strong><\/p>\n<p>Dado que los conductores de entrega de alimentos aceptan m\u00faltiples pedidos, se les impone una gran presi\u00f3n para hacer el trabajo. Sentir\u00e1n la necesidad de acelerar para llegar a tiempo a cada entrega, lo que podr\u00eda crear un entorno peligroso para las personas cercanas. Adem\u00e1s, muchas pol\u00edticas de la empresa, por ejemplo, la pol\u00edtica de entrega de pizza gratis en 30 minutos de Domino&#8217;s Pizza, tambi\u00e9n influyen en la velocidad de un conductor de entrega de alimentos.<\/p>\n<h2><strong>Qu\u00e9 hacer cuando ocurre un accidente de entrega de alimentos<\/strong><\/h2>\n<p>Es comprensible que un conductor se sienta sacudido o traumatizado despu\u00e9s de un accidente. Si es posible, intente concentrarse en recopilar informaci\u00f3n y evidencia que lo ayudar\u00e1n a obtener una compensaci\u00f3n recuperable.<\/p>\n<p>A continuaci\u00f3n, hemos creado una lista de pasos importantes que lo ayudar\u00e1n a construir un reclamo s\u00f3lido.<\/p>\n<ul>\n<li><strong>Permanezca en la escena del accidente.<\/strong> Si elige huir, el caso se considerar\u00e1 como un accidente de atropello y fuga.<\/li>\n<li><strong>Aseg\u00farate de que todos est\u00e9n bien.<\/strong> Verifique usted mismo y los dem\u00e1s. Si nota lesiones o da\u00f1os, comun\u00edquese con la polic\u00eda de inmediato.<\/li>\n<li><strong>Llame a la polic\u00eda, si es necesario.<\/strong> La polic\u00eda llegar\u00e1 al lugar del accidente y realizar\u00e1 un informe policial oficial. Los param\u00e9dicos tambi\u00e9n estar\u00e1n presentes para brindar atenci\u00f3n m\u00e9dica a los heridos.<\/li>\n<li><strong>Intercambiar informaci\u00f3n de contacto.<\/strong> Aseg\u00farese de adquirir los detalles de la licencia de conducir de la otra parte, el n\u00famero de placa, la informaci\u00f3n de contacto y la informaci\u00f3n del seguro.<\/li>\n<li><strong>Reunir evidencias.<\/strong> Documenta tu perspectiva sobre lo que sucedi\u00f3. Aseg\u00farese de incluir la fecha y la hora en que se llev\u00f3 a cabo el evento. Tambi\u00e9n debe incluir evidencia fotogr\u00e1fica, como sus lesiones, da\u00f1os y el lugar donde ocurri\u00f3 el accidente. Por \u00faltimo, hable con la polic\u00eda y p\u00eddales una copia del informe policial oficial.<\/li>\n<li><strong>Adquirir informaci\u00f3n de testigos.<\/strong> Si observa alg\u00fan testigo cerca, debe pedir su consentimiento para obtener su informaci\u00f3n de contacto. Los testimonios de los testigos pueden fortalecer en gran medida su afirmaci\u00f3n.<\/li>\n<li><strong>Visita a un m\u00e9dico.\u00a0<\/strong>Siempre se alienta a las v\u00edctimas de accidentes a hacer una cita para que le examinen la herida, independientemente de si es leve, moderada o grave. El m\u00e9dico realizar\u00e1 algunas pruebas para verificar si tiene alguna lesi\u00f3n que deba ser atendida. De ser as\u00ed, se le entregar\u00e1 un plan de tratamiento que le ayudar\u00e1 en su proceso de recuperaci\u00f3n. Sus visitas al m\u00e9dico se guardar\u00e1n en el archivo y se pueden usar como evidencia para incluir en su reclamo por lesiones personales.<\/li>\n<li><strong>P\u00f3ngase en contacto con un abogado de lesiones personales.\u00a0<\/strong>El abogado lo guiar\u00e1 a trav\u00e9s del proceso de presentaci\u00f3n de un reclamo por lesiones personales. No solo eso, sino que tambi\u00e9n negociar\u00e1n con las compa\u00f1\u00edas de seguros para garantizar que obtenga el mejor monto de liquidaci\u00f3n que lo ayudar\u00e1 a cubrir sus p\u00e9rdidas.<\/li>\n<\/ul>\n<h2><strong>Los abogados litigantes de la costa oeste est\u00e1n aqu\u00ed para ayudar<\/strong><\/h2>\n<p>Si estuvo involucrado en un accidente de entrega de alimentos debido a la negligencia de otra persona, West Coast Trial Lawyers tiene abogados experimentados en lesiones personales de San Francisco que lo ayudar\u00e1n a obtener la justicia y la compensaci\u00f3n que merece.<\/p>\n<p>Comun\u00edquese hoy con nuestro equipo legal disponible las 24 horas, los 7 d\u00edas de la semana llamando al\u00a0<strong>213-927-3700\u00a0<\/strong>o enviando un correo electr\u00f3nico a\u00a0<strong>info@westcoasttriallawyers.com<\/strong> para programar una consulta gratuita en nuestro bufete de abogados de lesiones personales en San Francisco.\u00a0<\/p>\n<p><!-- WCTL_DEBUG: no shortcode in this_content --><\/p>\n","protected":false},"excerpt":{"rendered":"<p>Informaci\u00f3n legal sobre las causas m\u00e1s comunes de un accidente de entrega de alimentos, los problemas del servicio de entrega de alimentos y lo que debe hacer despu\u00e9s de verse involucrado en un accidente de entrega de alimentos Si estuvo involucrado en un accidente de entrega de alimentos, puede ser elegible para presentar un reclamo [&hellip;]<\/p>\n","protected":false},"author":475,"featured_media":46714,"parent":47400,"menu_order":0,"comment_status":"closed","ping_status":"closed","template":"","meta":{"inline_featured_image":false,"footnotes":""},"class_list":["post-12626","page","type-page","status-publish","has-post-thumbnail","hentry"],"acf":[],"yoast_head":"<!-- This site is optimized with the Yoast SEO Premium plugin v26.0 (Yoast SEO v26.0) - https:\/\/yoast.com\/wordpress\/plugins\/seo\/ -->\n<title>Abogado de accidentes de entrega de alimentos en San Francisco | West Coast Trial Lawyers<\/title>\n<meta name=\"robots\" content=\"index, follow, max-snippet:-1, max-image-preview:large, max-video-preview:-1\" \/>\n<link rel=\"canonical\" href=\"https:\/\/westcoasttriallawyers.com\/es\/california\/san-francisco\/abogado-de-accidentes-de-entrega-de-alimentos-en-san-francisco\" \/>\n<meta property=\"og:locale\" content=\"es_ES\" \/>\n<meta property=\"og:type\" content=\"article\" \/>\n<meta property=\"og:title\" content=\"Abogado de accidentes de entrega de alimentos en San Francisco\" \/>\n<meta property=\"og:description\" content=\"Informaci\u00f3n legal sobre las causas m\u00e1s comunes de un accidente de entrega de alimentos, los problemas del servicio de entrega de alimentos y lo que debe hacer despu\u00e9s de verse involucrado en un accidente de entrega de alimentos Si estuvo involucrado en un accidente de entrega de alimentos, puede ser elegible para presentar un reclamo [&hellip;]\" \/>\n<meta property=\"og:url\" content=\"https:\/\/westcoasttriallawyers.com\/es\/california\/san-francisco\/abogado-de-accidentes-de-entrega-de-alimentos-en-san-francisco\" \/>\n<meta property=\"og:site_name\" content=\"West Coast Trial Lawyers\" \/>\n<meta property=\"article:publisher\" content=\"https:\/\/www.facebook.com\/westcoasttriallawyers\/\" \/>\n<meta property=\"article:modified_time\" content=\"2026-01-22T12:25:47+00:00\" \/>\n<meta property=\"og:image\" content=\"https:\/\/westcoasttriallawyers.com\/wp-content\/uploads\/2025\/07\/San-Francisco-25.webp\" \/>\n\t<meta property=\"og:image:width\" content=\"557\" \/>\n\t<meta property=\"og:image:height\" content=\"327\" \/>\n\t<meta property=\"og:image:type\" content=\"image\/webp\" \/>\n<meta name=\"twitter:card\" content=\"summary_large_image\" \/>\n<meta name=\"twitter:site\" content=\"@WestCoastTrial\" \/>\n<meta name=\"twitter:label1\" content=\"Tiempo de lectura\" \/>\n\t<meta name=\"twitter:data1\" content=\"11 minutos\" \/>\n<script type=\"application\/ld+json\" class=\"yoast-schema-graph\">{\"@context\":\"https:\/\/schema.org\",\"@graph\":[{\"@type\":[\"WebPage\",\"ItemPage\"],\"@id\":\"https:\/\/westcoasttriallawyers.com\/es\/california\/san-francisco\/abogado-de-accidentes-de-entrega-de-alimentos-en-san-francisco\",\"url\":\"https:\/\/westcoasttriallawyers.com\/es\/california\/san-francisco\/abogado-de-accidentes-de-entrega-de-alimentos-en-san-francisco\",\"name\":\"Abogado de accidentes de entrega de alimentos en San Francisco | West Coast Trial Lawyers\",\"isPartOf\":{\"@id\":\"https:\/\/westcoasttriallawyers.com\/es#website\"},\"primaryImageOfPage\":{\"@id\":\"https:\/\/westcoasttriallawyers.com\/es\/california\/san-francisco\/abogado-de-accidentes-de-entrega-de-alimentos-en-san-francisco#primaryimage\"},\"image\":{\"@id\":\"https:\/\/westcoasttriallawyers.com\/es\/california\/san-francisco\/abogado-de-accidentes-de-entrega-de-alimentos-en-san-francisco#primaryimage\"},\"thumbnailUrl\":\"https:\/\/westcoasttriallawyers.com\/wp-content\/uploads\/2025\/07\/San-Francisco-25.webp\",\"datePublished\":\"2026-01-14T17:42:33+00:00\",\"dateModified\":\"2026-01-22T12:25:47+00:00\",\"breadcrumb\":{\"@id\":\"https:\/\/westcoasttriallawyers.com\/es\/california\/san-francisco\/abogado-de-accidentes-de-entrega-de-alimentos-en-san-francisco#breadcrumb\"},\"inLanguage\":\"es\",\"potentialAction\":[{\"@type\":\"ReadAction\",\"target\":[\"https:\/\/westcoasttriallawyers.com\/es\/california\/san-francisco\/abogado-de-accidentes-de-entrega-de-alimentos-en-san-francisco\"]}]},{\"@type\":\"ImageObject\",\"inLanguage\":\"es\",\"@id\":\"https:\/\/westcoasttriallawyers.com\/es\/california\/san-francisco\/abogado-de-accidentes-de-entrega-de-alimentos-en-san-francisco#primaryimage\",\"url\":\"https:\/\/westcoasttriallawyers.com\/wp-content\/uploads\/2025\/07\/San-Francisco-25.webp\",\"contentUrl\":\"https:\/\/westcoasttriallawyers.com\/wp-content\/uploads\/2025\/07\/San-Francisco-25.webp\",\"width\":557,\"height\":327},{\"@type\":\"BreadcrumbList\",\"@id\":\"https:\/\/westcoasttriallawyers.com\/es\/california\/san-francisco\/abogado-de-accidentes-de-entrega-de-alimentos-en-san-francisco#breadcrumb\",\"itemListElement\":[{\"@type\":\"ListItem\",\"position\":1,\"name\":\"Inicio\",\"item\":\"https:\/\/westcoasttriallawyers.com\/es\"},{\"@type\":\"ListItem\",\"position\":2,\"name\":\"California\",\"item\":\"https:\/\/westcoasttriallawyers.com\/es\/california\"},{\"@type\":\"ListItem\",\"position\":3,\"name\":\"San Francisco\",\"item\":\"https:\/\/westcoasttriallawyers.com\/es\/california\/san-francisco\"},{\"@type\":\"ListItem\",\"position\":4,\"name\":\"Abogado de accidentes de entrega de alimentos en San Francisco\"}]},{\"@type\":\"WebSite\",\"@id\":\"https:\/\/westcoasttriallawyers.com\/es#website\",\"url\":\"https:\/\/westcoasttriallawyers.com\/es\",\"name\":\"West Coast Trial Lawyers\",\"description\":\"West Coast Trial Lawyers\",\"publisher\":{\"@id\":\"https:\/\/westcoasttriallawyers.com\/es#organization\"},\"alternateName\":\"WCTL\",\"potentialAction\":[{\"@type\":\"SearchAction\",\"target\":{\"@type\":\"EntryPoint\",\"urlTemplate\":\"https:\/\/westcoasttriallawyers.com\/es?s={search_term_string}\"},\"query-input\":{\"@type\":\"PropertyValueSpecification\",\"valueRequired\":true,\"valueName\":\"search_term_string\"}}],\"inLanguage\":\"es\"},{\"@type\":\"Organization\",\"@id\":\"https:\/\/westcoasttriallawyers.com\/es#organization\",\"name\":\"West Coast Trial Lawyers\",\"alternateName\":\"WCTL\",\"url\":\"https:\/\/westcoasttriallawyers.com\/es\",\"logo\":{\"@type\":\"ImageObject\",\"inLanguage\":\"es\",\"@id\":\"https:\/\/westcoasttriallawyers.com\/es#\/schema\/logo\/image\/\",\"url\":\"https:\/\/westcoasttriallawyers.com\/wp-content\/uploads\/2026\/02\/WCTL-Logo.jpg\",\"contentUrl\":\"https:\/\/westcoasttriallawyers.com\/wp-content\/uploads\/2026\/02\/WCTL-Logo.jpg\",\"width\":696,\"height\":696,\"caption\":\"West Coast Trial Lawyers\"},\"image\":{\"@id\":\"https:\/\/westcoasttriallawyers.com\/es#\/schema\/logo\/image\/\"},\"sameAs\":[\"https:\/\/www.facebook.com\/westcoasttriallawyers\/\",\"https:\/\/x.com\/WestCoastTrial\",\"https:\/\/www.linkedin.com\/company\/west-coast-trial-lawyers\/\",\"https:\/\/www.instagram.com\/westcoasttriallawyers\/\",\"https:\/\/www.yelp.com\/biz\/west-coast-trial-lawyers-los-angeles-2\",\"https:\/\/www.pinterest.com\/westcoasttrial\/\",\"https:\/\/www.youtube.com\/westcoasttriallawyersla\/\",\"https:\/\/www.tiktok.com\/westcoasttriallawyers\"],\"description\":\"West Coast Trial Lawyers is a top-rated personal injury law firm with a goal to provide expert legal representation to those in need. The law firm has offices across California, Nevada, Arizona, and Washington.\",\"legalName\":\"West Coast Trial Lawyers\"}]}<\/script>\n<!-- \/ Yoast SEO Premium plugin. -->","yoast_head_json":{"title":"Abogado de accidentes de entrega de alimentos en San Francisco | West Coast Trial Lawyers","robots":{"index":"index","follow":"follow","max-snippet":"max-snippet:-1","max-image-preview":"max-image-preview:large","max-video-preview":"max-video-preview:-1"},"canonical":"https:\/\/westcoasttriallawyers.com\/es\/california\/san-francisco\/abogado-de-accidentes-de-entrega-de-alimentos-en-san-francisco","og_locale":"es_ES","og_type":"article","og_title":"Abogado de accidentes de entrega de alimentos en San Francisco","og_description":"Informaci\u00f3n legal sobre las causas m\u00e1s comunes de un accidente de entrega de alimentos, los problemas del servicio de entrega de alimentos y lo que debe hacer despu\u00e9s de verse involucrado en un accidente de entrega de alimentos Si estuvo involucrado en un accidente de entrega de alimentos, puede ser elegible para presentar un reclamo [&hellip;]","og_url":"https:\/\/westcoasttriallawyers.com\/es\/california\/san-francisco\/abogado-de-accidentes-de-entrega-de-alimentos-en-san-francisco","og_site_name":"West Coast Trial Lawyers","article_publisher":"https:\/\/www.facebook.com\/westcoasttriallawyers\/","article_modified_time":"2026-01-22T12:25:47+00:00","og_image":[{"width":557,"height":327,"url":"https:\/\/westcoasttriallawyers.com\/wp-content\/uploads\/2025\/07\/San-Francisco-25.webp","type":"image\/webp"}],"twitter_card":"summary_large_image","twitter_site":"@WestCoastTrial","twitter_misc":{"Tiempo de lectura":"11 minutos"},"schema":{"@context":"https:\/\/schema.org","@graph":[{"@type":["WebPage","ItemPage"],"@id":"https:\/\/westcoasttriallawyers.com\/es\/california\/san-francisco\/abogado-de-accidentes-de-entrega-de-alimentos-en-san-francisco","url":"https:\/\/westcoasttriallawyers.com\/es\/california\/san-francisco\/abogado-de-accidentes-de-entrega-de-alimentos-en-san-francisco","name":"Abogado de accidentes de entrega de alimentos en San Francisco | West Coast Trial Lawyers","isPartOf":{"@id":"https:\/\/westcoasttriallawyers.com\/es#website"},"primaryImageOfPage":{"@id":"https:\/\/westcoasttriallawyers.com\/es\/california\/san-francisco\/abogado-de-accidentes-de-entrega-de-alimentos-en-san-francisco#primaryimage"},"image":{"@id":"https:\/\/westcoasttriallawyers.com\/es\/california\/san-francisco\/abogado-de-accidentes-de-entrega-de-alimentos-en-san-francisco#primaryimage"},"thumbnailUrl":"https:\/\/westcoasttriallawyers.com\/wp-content\/uploads\/2025\/07\/San-Francisco-25.webp","datePublished":"2026-01-14T17:42:33+00:00","dateModified":"2026-01-22T12:25:47+00:00","breadcrumb":{"@id":"https:\/\/westcoasttriallawyers.com\/es\/california\/san-francisco\/abogado-de-accidentes-de-entrega-de-alimentos-en-san-francisco#breadcrumb"},"inLanguage":"es","potentialAction":[{"@type":"ReadAction","target":["https:\/\/westcoasttriallawyers.com\/es\/california\/san-francisco\/abogado-de-accidentes-de-entrega-de-alimentos-en-san-francisco"]}]},{"@type":"ImageObject","inLanguage":"es","@id":"https:\/\/westcoasttriallawyers.com\/es\/california\/san-francisco\/abogado-de-accidentes-de-entrega-de-alimentos-en-san-francisco#primaryimage","url":"https:\/\/westcoasttriallawyers.com\/wp-content\/uploads\/2025\/07\/San-Francisco-25.webp","contentUrl":"https:\/\/westcoasttriallawyers.com\/wp-content\/uploads\/2025\/07\/San-Francisco-25.webp","width":557,"height":327},{"@type":"BreadcrumbList","@id":"https:\/\/westcoasttriallawyers.com\/es\/california\/san-francisco\/abogado-de-accidentes-de-entrega-de-alimentos-en-san-francisco#breadcrumb","itemListElement":[{"@type":"ListItem","position":1,"name":"Inicio","item":"https:\/\/westcoasttriallawyers.com\/es"},{"@type":"ListItem","position":2,"name":"California","item":"https:\/\/westcoasttriallawyers.com\/es\/california"},{"@type":"ListItem","position":3,"name":"San Francisco","item":"https:\/\/westcoasttriallawyers.com\/es\/california\/san-francisco"},{"@type":"ListItem","position":4,"name":"Abogado de accidentes de entrega de alimentos en San Francisco"}]},{"@type":"WebSite","@id":"https:\/\/westcoasttriallawyers.com\/es#website","url":"https:\/\/westcoasttriallawyers.com\/es","name":"West Coast Trial Lawyers","description":"West Coast Trial Lawyers","publisher":{"@id":"https:\/\/westcoasttriallawyers.com\/es#organization"},"alternateName":"WCTL","potentialAction":[{"@type":"SearchAction","target":{"@type":"EntryPoint","urlTemplate":"https:\/\/westcoasttriallawyers.com\/es?s={search_term_string}"},"query-input":{"@type":"PropertyValueSpecification","valueRequired":true,"valueName":"search_term_string"}}],"inLanguage":"es"},{"@type":"Organization","@id":"https:\/\/westcoasttriallawyers.com\/es#organization","name":"West Coast Trial Lawyers","alternateName":"WCTL","url":"https:\/\/westcoasttriallawyers.com\/es","logo":{"@type":"ImageObject","inLanguage":"es","@id":"https:\/\/westcoasttriallawyers.com\/es#\/schema\/logo\/image\/","url":"https:\/\/westcoasttriallawyers.com\/wp-content\/uploads\/2026\/02\/WCTL-Logo.jpg","contentUrl":"https:\/\/westcoasttriallawyers.com\/wp-content\/uploads\/2026\/02\/WCTL-Logo.jpg","width":696,"height":696,"caption":"West Coast Trial Lawyers"},"image":{"@id":"https:\/\/westcoasttriallawyers.com\/es#\/schema\/logo\/image\/"},"sameAs":["https:\/\/www.facebook.com\/westcoasttriallawyers\/","https:\/\/x.com\/WestCoastTrial","https:\/\/www.linkedin.com\/company\/west-coast-trial-lawyers\/","https:\/\/www.instagram.com\/westcoasttriallawyers\/","https:\/\/www.yelp.com\/biz\/west-coast-trial-lawyers-los-angeles-2","https:\/\/www.pinterest.com\/westcoasttrial\/","https:\/\/www.youtube.com\/westcoasttriallawyersla\/","https:\/\/www.tiktok.com\/westcoasttriallawyers"],"description":"West Coast Trial Lawyers is a top-rated personal injury law firm with a goal to provide expert legal representation to those in need. The law firm has offices across California, Nevada, Arizona, and Washington.","legalName":"West Coast Trial Lawyers"}]}},"_links":{"self":[{"href":"https:\/\/westcoasttriallawyers.com\/es\/wp-json\/wp\/v2\/pages\/12626","targetHints":{"allow":["GET"]}}],"collection":[{"href":"https:\/\/westcoasttriallawyers.com\/es\/wp-json\/wp\/v2\/pages"}],"about":[{"href":"https:\/\/westcoasttriallawyers.com\/es\/wp-json\/wp\/v2\/types\/page"}],"author":[{"embeddable":true,"href":"https:\/\/westcoasttriallawyers.com\/es\/wp-json\/wp\/v2\/users\/475"}],"replies":[{"embeddable":true,"href":"https:\/\/westcoasttriallawyers.com\/es\/wp-json\/wp\/v2\/comments?post=12626"}],"version-history":[{"count":4,"href":"https:\/\/westcoasttriallawyers.com\/es\/wp-json\/wp\/v2\/pages\/12626\/revisions"}],"predecessor-version":[{"id":47919,"href":"https:\/\/westcoasttriallawyers.com\/es\/wp-json\/wp\/v2\/pages\/12626\/revisions\/47919"}],"up":[{"embeddable":true,"href":"https:\/\/westcoasttriallawyers.com\/es\/wp-json\/wp\/v2\/pages\/47400"}],"wp:featuredmedia":[{"embeddable":true,"href":"https:\/\/westcoasttriallawyers.com\/es\/wp-json\/wp\/v2\/media\/46714"}],"wp:attachment":[{"href":"https:\/\/westcoasttriallawyers.com\/es\/wp-json\/wp\/v2\/media?parent=12626"}],"curies":[{"name":"wp","href":"https:\/\/api.w.org\/{rel}","templated":true}]}}