{"id":12624,"date":"2026-01-14T17:42:29","date_gmt":"2026-01-14T17:42:29","guid":{"rendered":"https:\/\/wctl1stg.wpengine.com\/?page_id=12624"},"modified":"2026-01-22T11:53:28","modified_gmt":"2026-01-22T11:53:28","slug":"abogado-de-lesiones-cerebrales-de-san-francisco","status":"publish","type":"page","link":"https:\/\/westcoasttriallawyers.com\/es\/california\/san-francisco\/abogado-de-lesiones-cerebrales-de-san-francisco","title":{"rendered":"Abogado de lesiones cerebrales de San Francisco"},"content":{"rendered":"<h2><strong>\u00bfCu\u00e1les son los s\u00edntomas m\u00e1s comunes de una lesi\u00f3n cerebral? \u00bfC\u00f3mo puede evitar que ocurra uno?<\/strong><\/h2>\n<p>El cerebro es posiblemente el \u00f3rgano m\u00e1s importante del cuerpo. Controla nuestros pensamientos, recuerdos, emociones, respiraci\u00f3n, habilidades motoras, habilidades sensoriales y otras funciones que regulan nuestro cuerpo. Cualquier tipo de da\u00f1o en el cerebro puede afectar el d\u00eda a d\u00eda de una persona. Si se aplica un contacto fuerte directamente a la cabeza, es probable que se produzca una lesi\u00f3n cerebral traum\u00e1tica (TBI). Esto podr\u00eda resultar en par\u00e1lisis temporal o permanente, o incluso la muerte. Seg\u00fan datos citados por Statista, hubo m\u00e1s de 61,000 muertes en los Estados Unidos relacionadas con TBI en 2017.<\/p>\n<p>Las TBI pueden exhibir una variedad infinita de efectos f\u00edsicos, psicol\u00f3gicos y emocionales. La rehabilitaci\u00f3n casi siempre es necesaria para que las v\u00edctimas de TBI puedan volver a aprender habilidades b\u00e1sicas, como caminar y hablar. Tambi\u00e9n se pueden requerir visitas al m\u00e9dico para chequeos regulares para garantizar que el paciente reciba la atenci\u00f3n m\u00e9dica adecuada para tratar su lesi\u00f3n. Sin embargo, con la necesidad de visitar a un terapeuta y un m\u00e9dico, es probable que el paciente experimente una carga financiera de facturas m\u00e9dicas, recetas, citas y\/o procedimientos.<\/p>\n<p>Una persona puede estar calificada para presentar un reclamo por lesiones personales para obtener una compensaci\u00f3n recuperable si su lesi\u00f3n cerebral fue causada por la negligencia de otra parte. En West Coast Trial Lawyers, nuestros abogados de lesiones cerebrales de San Francisco tienen m\u00e1s de 60 a\u00f1os de experiencia legal colectiva en el manejo de casos de lesiones personales. Con nuestro historial de recuperaci\u00f3n de m\u00e1s de $ 1 mil millones en acuerdos para nuestros clientes, estamos seguros de que obtendremos un buen resultado para su caso.<\/p>\n<p>Para programar una consulta gratuita y sin compromiso en nuestro bufete de abogados de lesiones personales de San Francisco, comun\u00edquese con nuestro equipo legal las 24 horas del d\u00eda, los 7 d\u00edas de la semana llamando al\u00a0<strong>213-927-3700<\/strong> o enviando un correo electr\u00f3nico a\u00a0<a href=\"mailto:info@westcoasttriallawyers.com\"><strong>info@westcoasttriallawyers.com<\/strong><\/a><strong>.\u00a0<\/strong><\/p>\n<h2><strong>Causas comunes de una lesi\u00f3n cerebral traum\u00e1tica (TBI)<\/strong><\/h2>\n<p>Hay m\u00faltiples factores que pueden contribuir a la causa de una lesi\u00f3n cerebral traum\u00e1tica. Esto incluye:<\/p>\n<ul>\n<li><strong>Accidente de veh\u00edculo motorizado.<\/strong> Cuando los veh\u00edculos chocan agresivamente contra un objeto durante un accidente, puede hacer que el conductor golpee con fuerza la ventana, el volante o el parabrisas del veh\u00edculo. Cualquier tipo de contacto f\u00edsico podr\u00eda causar un da\u00f1o significativo al cerebro.<\/li>\n<li><strong>Actividad relacionada con el deporte.<\/strong> Los deportes de alto impacto, como el f\u00fatbol y el hockey, requieren que los jugadores se enfrenten entre s\u00ed por una pelota o un disco. Si un jugador recibe un fuerte golpe en la cabeza, podr\u00eda sufrir un da\u00f1o cerebral grave.<\/li>\n<li><strong>Violencia.\u00a0<\/strong>Cualquier abuso f\u00edsico dirigido a la cara podr\u00eda afectar el cerebro de la v\u00edctima, especialmente si se usa una pistola o un cuchillo.<\/li>\n<li><strong>Accidente de resbal\u00f3n y ca\u00edda.\u00a0<\/strong>Muchos factores pueden causar un accidente de resbal\u00f3n y ca\u00edda, como pisos mojados o da\u00f1ados. Puede ocurrir una lesi\u00f3n cerebral si la persona cae de cabeza.<\/li>\n<li><strong>Lesiones por explosi\u00f3n causadas por explosiones.<\/strong> Las ondas expansivas tienen la capacidad de desencadenar una conmoci\u00f3n cerebral o una lesi\u00f3n cerebral traum\u00e1tica leve sin que la persona experimente un golpe en la cabeza. Esto podr\u00eda resultar en una compresi\u00f3n. Tambi\u00e9n se puede producir un corte del cerebro.<\/li>\n<\/ul>\n<h2><strong>S\u00edntomas de lesi\u00f3n cerebral traum\u00e1tica<\/strong><\/h2>\n<p>Es probable que una v\u00edctima de TBI experimente m\u00faltiples s\u00edntomas. Esto se debe al hecho de que el cerebro controla las funciones del cuerpo. Cualquier da\u00f1o causado a este \u00f3rgano resultar\u00e1 en problemas desafiantes que podr\u00edan impactar dram\u00e1ticamente la vida de una persona. Los s\u00edntomas comunes que se han asociado con una TBI incluyen los siguientes.<\/p>\n<p><strong>S\u00edntomas f\u00edsicos<\/strong><\/p>\n<ul>\n<li><strong>Dolores de cabeza<\/strong>. Una lesi\u00f3n en la cabeza puede durar hasta d\u00edas, semanas, meses o incluso a\u00f1os. Es probable que empeore con el tiempo si no se toman medidas para mantener el dolor.<\/li>\n<li><strong>Mareo<\/strong>. Un impacto fuerte puede sacudir el cerebro y hacer que la v\u00edctima experimente mareos. La cantidad de tiempo que tarda una persona en curarse de este tipo de s\u00edntoma puede variar.<\/li>\n<li><strong>Problemas de visi\u00f3n<\/strong>. Alrededor del 40 al 50 por ciento del cerebro involucra la visi\u00f3n. Si una persona sufre un da\u00f1o severo en el cerebro, se espera que su visi\u00f3n se vea afectada de alguna manera.<\/li>\n<li><strong>Convulsiones<\/strong>. Una v\u00edctima de TBI tendr\u00e1 una mayor probabilidad de experimentar una convulsi\u00f3n inmediatamente despu\u00e9s de la lesi\u00f3n o meses, incluso a\u00f1os, despu\u00e9s. La epilepsia tambi\u00e9n puede desarrollarse, sin embargo, depende de la edad y la salud general de la persona.<\/li>\n<\/ul>\n<p><strong>S\u00edntomas cognitivos<\/strong><\/p>\n<ul>\n<li><strong>Atenci\u00f3n y concentraci\u00f3n.\u00a0<\/strong>Una v\u00edctima de TBI puede tener dificultades para tratar de prestar atenci\u00f3n o concentrarse en un tema en particular. La multitarea tambi\u00e9n puede ser un problema.<\/li>\n<li><strong>Comprender la informaci\u00f3n.<\/strong> La capacidad de una v\u00edctima de TBI para comprender la informaci\u00f3n puede comenzar a disminuir.<\/li>\n<li><strong>Comunicaci\u00f3n.<\/strong> Socializar con la gente podr\u00eda dificultar que una v\u00edctima de TBI entienda a los dem\u00e1s o se exprese.<\/li>\n<li><strong>Recordando informaci\u00f3n.\u00a0<\/strong>Ser\u00e1 dif\u00edcil para una v\u00edctima de TBI aprender o recordar informaci\u00f3n o recuerdos.<\/li>\n<li><strong>Planificaci\u00f3n u organizaci\u00f3n de eventos.<\/strong> Una v\u00edctima de TBI puede tener problemas para planificar u organizar citas o programar d\u00edas para otros eventos personales.<\/li>\n<li><strong>Resoluci\u00f3n de problemas.\u00a0<\/strong>Una v\u00edctima de TBI puede tener dificultades para reconocer cu\u00e1ndo hay un problema y c\u00f3mo resolverlo.<\/li>\n<li><strong>Comportamiento impulsivo.<\/strong> Las v\u00edctimas de TBI pueden tener dificultades para controlar su comportamiento. Tambi\u00e9n pueden actuar de manera inapropiada o impulsiva al socializar con otros.<\/li>\n<\/ul>\n<h2><strong>C\u00f3mo prevenir una lesi\u00f3n cerebral<\/strong><\/h2>\n<p>A continuaci\u00f3n, hemos creado una lista de consejos que pueden ayudar a disminuir la probabilidad de sufrir una lesi\u00f3n cerebral.<\/p>\n<ul>\n<li><strong>No consuma drogas ilegales.\u00a0<\/strong>Insertar drogas da\u00f1inas en su cuerpo puede da\u00f1ar su cerebro o influenciarlo para que act\u00fae de manera imprudente que puede resultar en una lesi\u00f3n cerebral.<\/li>\n<li><strong>Si bebes no conduzcas.<\/strong> Es peligroso beber y conducir. El alcohol tiene la capacidad de afectar su visi\u00f3n y hacerlo menos consciente de su entorno. No podr\u00e1 concentrarse en la carretera y es probable que tenga un accidente.<\/li>\n<li><strong>Use su cintur\u00f3n de seguridad cuando est\u00e9 conduciendo.<\/strong> Seg\u00fan los Centros para el Control y la Prevenci\u00f3n de Enfermedades (CDC), los cinturones de seguridad reducen el riesgo de lesiones graves en un 50 por ciento y la muerte en un 45 por ciento. El CDC tambi\u00e9n declar\u00f3 que aquellos que no usan el cintur\u00f3n de seguridad tienen 30 veces m\u00e1s probabilidades de ser expulsados \u200b\u200bde su veh\u00edculo durante un accidente.<\/li>\n<li><strong>No mandes mensajes y manejes.<\/strong> Las distracciones, como enviar mensajes de texto y conducir, har\u00e1n que sea m\u00e1s probable que una persona se vea involucrada en un accidente. Evite permitir que las distracciones le quiten el enfoque en el camino.<\/li>\n<li><strong>Use un casco cuando sea necesario.<\/strong> Las actividades relacionadas con los deportes, como el f\u00fatbol, \u200b\u200bel hockey o andar en patineta, requieren que las personas usen cascos para disminuir las posibilidades de sufrir una lesi\u00f3n grave en la cabeza.<\/li>\n<li><strong>Instale equipo de prevenci\u00f3n de ca\u00eddas en casa.<\/strong> Esto incluye lo siguiente:\n<ul>\n<li>Instalar protectores de ventanas para evitar caerse por la ventana cuando est\u00e1 abierta.<\/li>\n<li>Colocar puertas de seguridad en la parte superior e inferior de las escaleras para evitar que los ni\u00f1os accedan al \u00e1rea sin supervisi\u00f3n.<\/li>\n<li>Colocar un mantel individual junto a una ducha o ba\u00f1era para evitar que ocurra un accidente por resbal\u00f3n y ca\u00edda.<\/li>\n<\/ul>\n<\/li>\n<\/ul>\n<h2><strong>Los abogados litigantes de la costa oeste est\u00e1n aqu\u00ed para ayudar<\/strong><\/h2>\n<p>Si sufre una lesi\u00f3n cerebral debido a la negligencia de otra persona, West Coast Trial Lawyers cuenta con abogados experimentados en lesiones personales de San Francisco que lo ayudar\u00e1n a obtener la justicia y la compensaci\u00f3n que merece.<\/p>\n<p>Comun\u00edquese hoy con nuestro equipo legal disponible las 24 horas, los 7 d\u00edas de la semana llamando al\u00a0<strong>213-927-3700<\/strong> o enviando un correo electr\u00f3nico a\u00a0<strong>info@westcoasttriallawyers.com\u00a0<\/strong>para programar una consulta gratuita en nuestro bufete de abogados de lesiones personales en San Francisco.<\/p>\n<p><!-- WCTL_DEBUG: no shortcode in this_content --><\/p>\n","protected":false},"excerpt":{"rendered":"<p>\u00bfCu\u00e1les son los s\u00edntomas m\u00e1s comunes de una lesi\u00f3n cerebral? \u00bfC\u00f3mo puede evitar que ocurra uno? El cerebro es posiblemente el \u00f3rgano m\u00e1s importante del cuerpo. Controla nuestros pensamientos, recuerdos, emociones, respiraci\u00f3n, habilidades motoras, habilidades sensoriales y otras funciones que regulan nuestro cuerpo. Cualquier tipo de da\u00f1o en el cerebro puede afectar el d\u00eda a [&hellip;]<\/p>\n","protected":false},"author":475,"featured_media":46694,"parent":47400,"menu_order":0,"comment_status":"closed","ping_status":"closed","template":"","meta":{"inline_featured_image":false,"footnotes":""},"class_list":["post-12624","page","type-page","status-publish","has-post-thumbnail","hentry"],"acf":[],"yoast_head":"<!-- This site is optimized with the Yoast SEO Premium plugin v26.0 (Yoast SEO v26.0) - https:\/\/yoast.com\/wordpress\/plugins\/seo\/ -->\n<title>Abogado de lesiones cerebrales de San Francisco | West Coast Trial Lawyers<\/title>\n<meta name=\"robots\" content=\"index, follow, max-snippet:-1, max-image-preview:large, max-video-preview:-1\" \/>\n<link rel=\"canonical\" href=\"https:\/\/westcoasttriallawyers.com\/es\/california\/san-francisco\/abogado-de-lesiones-cerebrales-de-san-francisco\" \/>\n<meta property=\"og:locale\" content=\"es_ES\" \/>\n<meta property=\"og:type\" content=\"article\" \/>\n<meta property=\"og:title\" content=\"Abogado de lesiones cerebrales de San Francisco\" \/>\n<meta property=\"og:description\" content=\"\u00bfCu\u00e1les son los s\u00edntomas m\u00e1s comunes de una lesi\u00f3n cerebral? \u00bfC\u00f3mo puede evitar que ocurra uno? El cerebro es posiblemente el \u00f3rgano m\u00e1s importante del cuerpo. Controla nuestros pensamientos, recuerdos, emociones, respiraci\u00f3n, habilidades motoras, habilidades sensoriales y otras funciones que regulan nuestro cuerpo. Cualquier tipo de da\u00f1o en el cerebro puede afectar el d\u00eda a [&hellip;]\" \/>\n<meta property=\"og:url\" content=\"https:\/\/westcoasttriallawyers.com\/es\/california\/san-francisco\/abogado-de-lesiones-cerebrales-de-san-francisco\" \/>\n<meta property=\"og:site_name\" content=\"West Coast Trial Lawyers\" \/>\n<meta property=\"article:publisher\" content=\"https:\/\/www.facebook.com\/westcoasttriallawyers\/\" \/>\n<meta property=\"article:modified_time\" content=\"2026-01-22T11:53:28+00:00\" \/>\n<meta property=\"og:image\" content=\"https:\/\/westcoasttriallawyers.com\/wp-content\/uploads\/2025\/07\/San-Francisco-17.webp\" \/>\n\t<meta property=\"og:image:width\" content=\"557\" \/>\n\t<meta property=\"og:image:height\" content=\"327\" \/>\n\t<meta property=\"og:image:type\" content=\"image\/webp\" \/>\n<meta name=\"twitter:card\" content=\"summary_large_image\" \/>\n<meta name=\"twitter:site\" content=\"@WestCoastTrial\" \/>\n<meta name=\"twitter:label1\" content=\"Tiempo de lectura\" \/>\n\t<meta name=\"twitter:data1\" content=\"11 minutos\" \/>\n<script type=\"application\/ld+json\" class=\"yoast-schema-graph\">{\"@context\":\"https:\/\/schema.org\",\"@graph\":[{\"@type\":[\"WebPage\",\"ItemPage\"],\"@id\":\"https:\/\/westcoasttriallawyers.com\/es\/california\/san-francisco\/abogado-de-lesiones-cerebrales-de-san-francisco\",\"url\":\"https:\/\/westcoasttriallawyers.com\/es\/california\/san-francisco\/abogado-de-lesiones-cerebrales-de-san-francisco\",\"name\":\"Abogado de lesiones cerebrales de San Francisco | West Coast Trial Lawyers\",\"isPartOf\":{\"@id\":\"https:\/\/westcoasttriallawyers.com\/es#website\"},\"primaryImageOfPage\":{\"@id\":\"https:\/\/westcoasttriallawyers.com\/es\/california\/san-francisco\/abogado-de-lesiones-cerebrales-de-san-francisco#primaryimage\"},\"image\":{\"@id\":\"https:\/\/westcoasttriallawyers.com\/es\/california\/san-francisco\/abogado-de-lesiones-cerebrales-de-san-francisco#primaryimage\"},\"thumbnailUrl\":\"https:\/\/westcoasttriallawyers.com\/wp-content\/uploads\/2025\/07\/San-Francisco-17.webp\",\"datePublished\":\"2026-01-14T17:42:29+00:00\",\"dateModified\":\"2026-01-22T11:53:28+00:00\",\"breadcrumb\":{\"@id\":\"https:\/\/westcoasttriallawyers.com\/es\/california\/san-francisco\/abogado-de-lesiones-cerebrales-de-san-francisco#breadcrumb\"},\"inLanguage\":\"es\",\"potentialAction\":[{\"@type\":\"ReadAction\",\"target\":[\"https:\/\/westcoasttriallawyers.com\/es\/california\/san-francisco\/abogado-de-lesiones-cerebrales-de-san-francisco\"]}]},{\"@type\":\"ImageObject\",\"inLanguage\":\"es\",\"@id\":\"https:\/\/westcoasttriallawyers.com\/es\/california\/san-francisco\/abogado-de-lesiones-cerebrales-de-san-francisco#primaryimage\",\"url\":\"https:\/\/westcoasttriallawyers.com\/wp-content\/uploads\/2025\/07\/San-Francisco-17.webp\",\"contentUrl\":\"https:\/\/westcoasttriallawyers.com\/wp-content\/uploads\/2025\/07\/San-Francisco-17.webp\",\"width\":557,\"height\":327},{\"@type\":\"BreadcrumbList\",\"@id\":\"https:\/\/westcoasttriallawyers.com\/es\/california\/san-francisco\/abogado-de-lesiones-cerebrales-de-san-francisco#breadcrumb\",\"itemListElement\":[{\"@type\":\"ListItem\",\"position\":1,\"name\":\"Inicio\",\"item\":\"https:\/\/westcoasttriallawyers.com\/es\"},{\"@type\":\"ListItem\",\"position\":2,\"name\":\"California\",\"item\":\"https:\/\/westcoasttriallawyers.com\/es\/california\"},{\"@type\":\"ListItem\",\"position\":3,\"name\":\"San Francisco\",\"item\":\"https:\/\/westcoasttriallawyers.com\/es\/california\/san-francisco\"},{\"@type\":\"ListItem\",\"position\":4,\"name\":\"Abogado de lesiones cerebrales de San Francisco\"}]},{\"@type\":\"WebSite\",\"@id\":\"https:\/\/westcoasttriallawyers.com\/es#website\",\"url\":\"https:\/\/westcoasttriallawyers.com\/es\",\"name\":\"West Coast Trial Lawyers\",\"description\":\"West Coast Trial Lawyers\",\"publisher\":{\"@id\":\"https:\/\/westcoasttriallawyers.com\/es#organization\"},\"alternateName\":\"WCTL\",\"potentialAction\":[{\"@type\":\"SearchAction\",\"target\":{\"@type\":\"EntryPoint\",\"urlTemplate\":\"https:\/\/westcoasttriallawyers.com\/es?s={search_term_string}\"},\"query-input\":{\"@type\":\"PropertyValueSpecification\",\"valueRequired\":true,\"valueName\":\"search_term_string\"}}],\"inLanguage\":\"es\"},{\"@type\":\"Organization\",\"@id\":\"https:\/\/westcoasttriallawyers.com\/es#organization\",\"name\":\"West Coast Trial Lawyers\",\"alternateName\":\"WCTL\",\"url\":\"https:\/\/westcoasttriallawyers.com\/es\",\"logo\":{\"@type\":\"ImageObject\",\"inLanguage\":\"es\",\"@id\":\"https:\/\/westcoasttriallawyers.com\/es#\/schema\/logo\/image\/\",\"url\":\"https:\/\/westcoasttriallawyers.com\/wp-content\/uploads\/2026\/02\/WCTL-Logo.jpg\",\"contentUrl\":\"https:\/\/westcoasttriallawyers.com\/wp-content\/uploads\/2026\/02\/WCTL-Logo.jpg\",\"width\":696,\"height\":696,\"caption\":\"West Coast Trial Lawyers\"},\"image\":{\"@id\":\"https:\/\/westcoasttriallawyers.com\/es#\/schema\/logo\/image\/\"},\"sameAs\":[\"https:\/\/www.facebook.com\/westcoasttriallawyers\/\",\"https:\/\/x.com\/WestCoastTrial\",\"https:\/\/www.linkedin.com\/company\/west-coast-trial-lawyers\/\",\"https:\/\/www.instagram.com\/westcoasttriallawyers\/\",\"https:\/\/www.yelp.com\/biz\/west-coast-trial-lawyers-los-angeles-2\",\"https:\/\/www.pinterest.com\/westcoasttrial\/\",\"https:\/\/www.youtube.com\/westcoasttriallawyersla\/\",\"https:\/\/www.tiktok.com\/westcoasttriallawyers\"],\"description\":\"West Coast Trial Lawyers is a top-rated personal injury law firm with a goal to provide expert legal representation to those in need. The law firm has offices across California, Nevada, Arizona, and Washington.\",\"legalName\":\"West Coast Trial Lawyers\"}]}<\/script>\n<!-- \/ Yoast SEO Premium plugin. -->","yoast_head_json":{"title":"Abogado de lesiones cerebrales de San Francisco | West Coast Trial Lawyers","robots":{"index":"index","follow":"follow","max-snippet":"max-snippet:-1","max-image-preview":"max-image-preview:large","max-video-preview":"max-video-preview:-1"},"canonical":"https:\/\/westcoasttriallawyers.com\/es\/california\/san-francisco\/abogado-de-lesiones-cerebrales-de-san-francisco","og_locale":"es_ES","og_type":"article","og_title":"Abogado de lesiones cerebrales de San Francisco","og_description":"\u00bfCu\u00e1les son los s\u00edntomas m\u00e1s comunes de una lesi\u00f3n cerebral? \u00bfC\u00f3mo puede evitar que ocurra uno? El cerebro es posiblemente el \u00f3rgano m\u00e1s importante del cuerpo. Controla nuestros pensamientos, recuerdos, emociones, respiraci\u00f3n, habilidades motoras, habilidades sensoriales y otras funciones que regulan nuestro cuerpo. Cualquier tipo de da\u00f1o en el cerebro puede afectar el d\u00eda a [&hellip;]","og_url":"https:\/\/westcoasttriallawyers.com\/es\/california\/san-francisco\/abogado-de-lesiones-cerebrales-de-san-francisco","og_site_name":"West Coast Trial Lawyers","article_publisher":"https:\/\/www.facebook.com\/westcoasttriallawyers\/","article_modified_time":"2026-01-22T11:53:28+00:00","og_image":[{"width":557,"height":327,"url":"https:\/\/westcoasttriallawyers.com\/wp-content\/uploads\/2025\/07\/San-Francisco-17.webp","type":"image\/webp"}],"twitter_card":"summary_large_image","twitter_site":"@WestCoastTrial","twitter_misc":{"Tiempo de lectura":"11 minutos"},"schema":{"@context":"https:\/\/schema.org","@graph":[{"@type":["WebPage","ItemPage"],"@id":"https:\/\/westcoasttriallawyers.com\/es\/california\/san-francisco\/abogado-de-lesiones-cerebrales-de-san-francisco","url":"https:\/\/westcoasttriallawyers.com\/es\/california\/san-francisco\/abogado-de-lesiones-cerebrales-de-san-francisco","name":"Abogado de lesiones cerebrales de San Francisco | West Coast Trial Lawyers","isPartOf":{"@id":"https:\/\/westcoasttriallawyers.com\/es#website"},"primaryImageOfPage":{"@id":"https:\/\/westcoasttriallawyers.com\/es\/california\/san-francisco\/abogado-de-lesiones-cerebrales-de-san-francisco#primaryimage"},"image":{"@id":"https:\/\/westcoasttriallawyers.com\/es\/california\/san-francisco\/abogado-de-lesiones-cerebrales-de-san-francisco#primaryimage"},"thumbnailUrl":"https:\/\/westcoasttriallawyers.com\/wp-content\/uploads\/2025\/07\/San-Francisco-17.webp","datePublished":"2026-01-14T17:42:29+00:00","dateModified":"2026-01-22T11:53:28+00:00","breadcrumb":{"@id":"https:\/\/westcoasttriallawyers.com\/es\/california\/san-francisco\/abogado-de-lesiones-cerebrales-de-san-francisco#breadcrumb"},"inLanguage":"es","potentialAction":[{"@type":"ReadAction","target":["https:\/\/westcoasttriallawyers.com\/es\/california\/san-francisco\/abogado-de-lesiones-cerebrales-de-san-francisco"]}]},{"@type":"ImageObject","inLanguage":"es","@id":"https:\/\/westcoasttriallawyers.com\/es\/california\/san-francisco\/abogado-de-lesiones-cerebrales-de-san-francisco#primaryimage","url":"https:\/\/westcoasttriallawyers.com\/wp-content\/uploads\/2025\/07\/San-Francisco-17.webp","contentUrl":"https:\/\/westcoasttriallawyers.com\/wp-content\/uploads\/2025\/07\/San-Francisco-17.webp","width":557,"height":327},{"@type":"BreadcrumbList","@id":"https:\/\/westcoasttriallawyers.com\/es\/california\/san-francisco\/abogado-de-lesiones-cerebrales-de-san-francisco#breadcrumb","itemListElement":[{"@type":"ListItem","position":1,"name":"Inicio","item":"https:\/\/westcoasttriallawyers.com\/es"},{"@type":"ListItem","position":2,"name":"California","item":"https:\/\/westcoasttriallawyers.com\/es\/california"},{"@type":"ListItem","position":3,"name":"San Francisco","item":"https:\/\/westcoasttriallawyers.com\/es\/california\/san-francisco"},{"@type":"ListItem","position":4,"name":"Abogado de lesiones cerebrales de San Francisco"}]},{"@type":"WebSite","@id":"https:\/\/westcoasttriallawyers.com\/es#website","url":"https:\/\/westcoasttriallawyers.com\/es","name":"West Coast Trial Lawyers","description":"West Coast Trial Lawyers","publisher":{"@id":"https:\/\/westcoasttriallawyers.com\/es#organization"},"alternateName":"WCTL","potentialAction":[{"@type":"SearchAction","target":{"@type":"EntryPoint","urlTemplate":"https:\/\/westcoasttriallawyers.com\/es?s={search_term_string}"},"query-input":{"@type":"PropertyValueSpecification","valueRequired":true,"valueName":"search_term_string"}}],"inLanguage":"es"},{"@type":"Organization","@id":"https:\/\/westcoasttriallawyers.com\/es#organization","name":"West Coast Trial Lawyers","alternateName":"WCTL","url":"https:\/\/westcoasttriallawyers.com\/es","logo":{"@type":"ImageObject","inLanguage":"es","@id":"https:\/\/westcoasttriallawyers.com\/es#\/schema\/logo\/image\/","url":"https:\/\/westcoasttriallawyers.com\/wp-content\/uploads\/2026\/02\/WCTL-Logo.jpg","contentUrl":"https:\/\/westcoasttriallawyers.com\/wp-content\/uploads\/2026\/02\/WCTL-Logo.jpg","width":696,"height":696,"caption":"West Coast Trial Lawyers"},"image":{"@id":"https:\/\/westcoasttriallawyers.com\/es#\/schema\/logo\/image\/"},"sameAs":["https:\/\/www.facebook.com\/westcoasttriallawyers\/","https:\/\/x.com\/WestCoastTrial","https:\/\/www.linkedin.com\/company\/west-coast-trial-lawyers\/","https:\/\/www.instagram.com\/westcoasttriallawyers\/","https:\/\/www.yelp.com\/biz\/west-coast-trial-lawyers-los-angeles-2","https:\/\/www.pinterest.com\/westcoasttrial\/","https:\/\/www.youtube.com\/westcoasttriallawyersla\/","https:\/\/www.tiktok.com\/westcoasttriallawyers"],"description":"West Coast Trial Lawyers is a top-rated personal injury law firm with a goal to provide expert legal representation to those in need. The law firm has offices across California, Nevada, Arizona, and Washington.","legalName":"West Coast Trial Lawyers"}]}},"_links":{"self":[{"href":"https:\/\/westcoasttriallawyers.com\/es\/wp-json\/wp\/v2\/pages\/12624","targetHints":{"allow":["GET"]}}],"collection":[{"href":"https:\/\/westcoasttriallawyers.com\/es\/wp-json\/wp\/v2\/pages"}],"about":[{"href":"https:\/\/westcoasttriallawyers.com\/es\/wp-json\/wp\/v2\/types\/page"}],"author":[{"embeddable":true,"href":"https:\/\/westcoasttriallawyers.com\/es\/wp-json\/wp\/v2\/users\/475"}],"replies":[{"embeddable":true,"href":"https:\/\/westcoasttriallawyers.com\/es\/wp-json\/wp\/v2\/comments?post=12624"}],"version-history":[{"count":3,"href":"https:\/\/westcoasttriallawyers.com\/es\/wp-json\/wp\/v2\/pages\/12624\/revisions"}],"predecessor-version":[{"id":47902,"href":"https:\/\/westcoasttriallawyers.com\/es\/wp-json\/wp\/v2\/pages\/12624\/revisions\/47902"}],"up":[{"embeddable":true,"href":"https:\/\/westcoasttriallawyers.com\/es\/wp-json\/wp\/v2\/pages\/47400"}],"wp:featuredmedia":[{"embeddable":true,"href":"https:\/\/westcoasttriallawyers.com\/es\/wp-json\/wp\/v2\/media\/46694"}],"wp:attachment":[{"href":"https:\/\/westcoasttriallawyers.com\/es\/wp-json\/wp\/v2\/media?parent=12624"}],"curies":[{"name":"wp","href":"https:\/\/api.w.org\/{rel}","templated":true}]}}