{"id":12622,"date":"2026-01-14T17:42:31","date_gmt":"2026-01-14T17:42:31","guid":{"rendered":"https:\/\/wctl1stg.wpengine.com\/?page_id=12622"},"modified":"2026-01-22T13:11:24","modified_gmt":"2026-01-22T13:11:24","slug":"abogado-de-accidentes-de-uber-y-lyft-en-san-francisco","status":"publish","type":"page","link":"https:\/\/westcoasttriallawyers.com\/es\/california\/san-francisco\/abogado-de-accidentes-de-uber-y-lyft-en-san-francisco","title":{"rendered":"Abogado de accidentes de Uber y Lyft en San Francisco"},"content":{"rendered":"<h2><strong>Aqu\u00ed hay una lista de consejos de seguridad para conductores y pasajeros de viajes compartidos<\/strong><\/h2>\n<p>Los servicios de viajes compartidos, como Uber y Lyft, ofrecen comodidad a quienes desean viajar sin tener que usar el transporte p\u00fablico o sus propios veh\u00edculos. Estos servicios permiten a las personas eliminar el estr\u00e9s y la responsabilidad de conducir para ayudarlos a relajarse o pasar una noche llena de acontecimientos. A medida que estos beneficios contin\u00faan atrayendo a miles de personas a usar Uber y Lyft, ha resultado en un aumento de la popularidad en todo California.<\/p>\n<p>Sin embargo, con la publicaci\u00f3n de los informes de seguridad proporcionados por Uber y Lyft, algunas personas dudan m\u00e1s en usar sus servicios. Ambas compa\u00f1\u00edas de viajes compartidos han recibido presentaciones de conductores y pasajeros que indican que estuvieron involucrados en accidentes automovil\u00edsticos, agresiones f\u00edsicas o agresiones sexuales durante los viajes. Esta informaci\u00f3n ha hecho que las personas reconsidere confiar en estos servicios de viajes compartidos para viajar, ya que temen ser la pr\u00f3xima v\u00edctima.<\/p>\n<p>Si sufri\u00f3 da\u00f1os o lesiones durante un viaje con Uber o Lyft, nuestros abogados de viajes compartidos de San Francisco lo ayudar\u00e1n a obtener la justicia y la compensaci\u00f3n que merece. Hemos ganado m\u00e1s de 5000 casos de lesiones personales y hemos recuperado m\u00e1s de $1000 millones en acuerdos para nuestros clientes. Debido a nuestros logros, hemos sido reconocidos como uno de los mejores bufetes de abogados de lesiones personales en San Francisco.<\/p>\n<p>No dude en comunicarse con nuestro equipo legal las 24 horas, los 7 d\u00edas de la semana llamando al\u00a0<strong>213-927-3700<\/strong> o enviando un correo electr\u00f3nico a<strong> info@westcoasttriallawyers.com<\/strong> para programar una consulta gratuita en nuestro bufete de abogados de lesiones personales de San Francisco.<\/p>\n<h2><strong>Consejos de seguridad para viajes compartidos<\/strong><\/h2>\n<p>Muchos pasajeros a menudo temen experimentar un accidente automovil\u00edstico cuando usan Uber o Lyft, ya que no tienen control sobre el veh\u00edculo y conf\u00edan en un extra\u00f1o para que los lleve a su destino. Adem\u00e1s, con los informes de agresiones f\u00edsicas y sexuales durante los viajes, las personas se vuelven a\u00fan m\u00e1s cautelosas al ingresar al veh\u00edculo de un extra\u00f1o. Sin embargo, los pasajeros no son los \u00fanicos que desarrollan estos pensamientos ansiosos. Los conductores de Uber y Lyft tambi\u00e9n tienen sus propios miedos y preocupaciones una vez que est\u00e1n en l\u00ednea y aceptan solicitudes de viaje. La idea de que un extra\u00f1o ingrese a su veh\u00edculo puede hacer que sea una experiencia un poco inc\u00f3moda o inquietante. Nunca sabes qu\u00e9 esperar. Estos pensamientos y sentimientos provenientes de ambas partes son completamente comprensibles.<\/p>\n<p>Dicho esto, hemos creado una lista de consejos de seguridad que se aplican tanto a los conductores como a los pasajeros de viajes compartidos. Nuestro objetivo es asegurar que ambas partes incorporen pr\u00e1cticas de seguridad que les permitan sentirse c\u00f3modos y tranquilos durante los viajes.<\/p>\n<p><strong>Para conductores de Uber y Lyft:<\/strong><\/p>\n<ul>\n<li><strong>Usa un soporte para tel\u00e9fono.<\/strong> Esto te ayudar\u00e1 a ver tu tel\u00e9fono sin necesidad de quitar las manos del volante. Tambi\u00e9n podr\u00e1 notar las solicitudes de los pasajeros mucho m\u00e1s r\u00e1pido y podr\u00e1 mirar su GPS en todo momento cuando recoja o deje a un pasajero.<\/li>\n<li><strong>Minimice las distracciones de los pasajeros.\u00a0<\/strong>Puede ser tentador apartar la vista de la carretera y entablar una conversaci\u00f3n con los pasajeros de su veh\u00edculo. Sin embargo, su primera prioridad es completar las tareas relacionadas con el trabajo. Aseg\u00farese de abstenerse de mirar por el espejo retrovisor durante largos per\u00edodos de tiempo, ya que aumentar\u00e1 el riesgo de sufrir un accidente.<\/li>\n<li><strong>Preste atenci\u00f3n a las se\u00f1ales de advertencia dadas por el pasajero.<\/strong> Observe a su pasajero a medida que se acerca o ingresa a su veh\u00edculo. Si nota algo alarmante que pueda afectar su seguridad, puede negarse a ofrecer sus servicios al pasajero.<\/li>\n<li><strong>Prep\u00e1rese para lo inesperado teniendo a mano un kit de emergencia.\u00a0<\/strong>Si ocurre un problema en el que necesitar\u00e1 ayudarse a s\u00ed mismo o al pasajero, debe tener un kit de seguridad en su veh\u00edculo que est\u00e9 listo para usarse. Los elementos ideales para colocar en este kit de seguridad incluyen botellas de agua, barras de bocadillos, linterna con bater\u00edas que funcionan, cinta adhesiva, cargador de tel\u00e9fono adicional, vendas, ung\u00fcento antibi\u00f3tico, desinfectante para manos o una llanta de repuesto.<\/li>\n<li><strong>Completar inspecciones peri\u00f3dicas del veh\u00edculo.<\/strong> Es importante que un conductor de Uber o Lyft haga inspeccionar su veh\u00edculo para asegurarse de que todav\u00eda est\u00e9 en buenas condiciones. Esto requiere que el conductor lleve su veh\u00edculo a una estaci\u00f3n de inspecci\u00f3n de Uber o Lyft donde se evaluar\u00e1 el veh\u00edculo. Esto ayudar\u00e1 a determinar si un conductor puede continuar usando el veh\u00edculo para cumplir con sus deberes relacionados con el trabajo.<\/li>\n<li><strong>Aseg\u00farate de descansar antes de empezar a trabajar.<\/strong> Darle a su cuerpo el descanso que necesita es extremadamente importante ya que puede afectar la forma en que funciona a lo largo del d\u00eda. La falta de sue\u00f1o dificultar\u00e1 que un conductor permanezca completamente despierto al recoger o dejar a un pasajero. Esto puede aumentar el riesgo de que el conductor tenga un accidente.<\/li>\n<li><strong>Tener cobertura de seguro de auto personal.<\/strong> No importa qu\u00e9 tan seguro y cauteloso est\u00e9 detr\u00e1s del volante, a\u00fan puede ocurrir un accidente. Desafortunadamente, muchos conductores negligentes ocupan las carreteras de California. Es por eso que el estado requiere que los conductores obtengan un seguro de autom\u00f3vil para protegerlos financieramente si alguna vez se ven involucrados en un accidente automovil\u00edstico. Uber y Lyft ofrecen p\u00f3lizas de seguro para aquellos que se ven involucrados en un accidente en el trabajo. Sin embargo, esto no significa que no deba adquirir su propio seguro de autom\u00f3vil personal. A\u00fan necesitar\u00e1 tener uno seg\u00fan la ley de California. En general, el seguro de autom\u00f3vil vendr\u00e1 con cobertura, como responsabilidad por da\u00f1os a la propiedad, responsabilidad por lesiones corporales, lesiones corporales de automovilistas sin seguro o con seguro insuficiente y da\u00f1os a la propiedad de automovilistas sin seguro o con seguro insuficiente.<\/li>\n<\/ul>\n<p><strong>Para pasajeros de Uber y Lyft:<\/strong><\/p>\n<ul>\n<li><strong>Permanezca dentro de un edificio mientras espera su viaje.<\/strong> Esto ayudar\u00e1 a evitar que extra\u00f1os intenten participar en actividades peligrosas contigo.<\/li>\n<li><strong>Aseg\u00farese de conocer el veh\u00edculo.<\/strong> Una vez que vea que el veh\u00edculo se acerca, verifique si es del mismo modelo y n\u00famero de licencia que se indica en su aplicaci\u00f3n de viaje compartido. Es importante autenticar a su conductor, ya que ha habido varios casos en los que alguien fue asesinado o secuestrado por un \u00abconductor de viaje compartido\u00bb que afirmaba estar trabajando para Uber o Lyft.<\/li>\n<li><strong>Si\u00e9ntate en el asiento trasero.<\/strong> Al sentarse en el asiento trasero, tendr\u00e1 acceso a dos salidas, lo cual es conveniente para situaciones en las que sienta que puede estar en peligro.<\/li>\n<li><strong>Informe a su amigo o familiar de su ubicaci\u00f3n actual.<\/strong> Para sentirse seguro y protegido, puede compartir su ubicaci\u00f3n con un amigo o familiar. No solo compartir\u00e1 su ubicaci\u00f3n, sino que tambi\u00e9n enviar\u00e1 la informaci\u00f3n de su conductor, como su nombre y n\u00famero de placa. Tanto Uber como Lyft ofrecen esta funci\u00f3n.<\/li>\n<li><strong>No comparta su informaci\u00f3n personal con el conductor del viaje compartido.<\/strong> Su conductor no necesita saber su n\u00famero de tel\u00e9fono o si el lugar en el que lo dejar\u00e1n es su hogar. La aplicaci\u00f3n protege su informaci\u00f3n personal brind\u00e1ndole un n\u00famero an\u00f3nimo, que es para su propia seguridad.<\/li>\n<li><strong>Siempre use el cintur\u00f3n de seguridad cuando est\u00e9 en un veh\u00edculo en movimiento.<\/strong> Esto lo proteger\u00e1 de sufrir lesiones graves. Seg\u00fan los Centros para el Control y la Prevenci\u00f3n de Enfermedades (CDC), usar el cintur\u00f3n de seguridad sigue siendo la mejor manera de reducir las lesiones o salvar una vida en un accidente automovil\u00edstico.<\/li>\n<li><strong>Mant\u00e9n la mente clara.<\/strong> Esto est\u00e1 dirigido principalmente a los pasajeros que est\u00e1n planeando una salida nocturna con amigos. Aseg\u00farese de mantener un nivel decente de consumo de alcohol. Emborracharse demasiado puede ser peligroso para usted, ya que desconoce las intenciones del conductor del viaje compartido y podr\u00eda ser agredido. Tambi\u00e9n es probable que pueda causar da\u00f1o f\u00edsico al conductor del viaje compartido o da\u00f1ar su veh\u00edculo al arrojar v\u00f3mito dentro o sobre el veh\u00edculo.<\/li>\n<li><strong>Prot\u00e9gete a ti mismo.\u00a0<\/strong>No tenga miedo de pedirle al conductor del viaje compartido que detenga el veh\u00edculo si ya no desea utilizar sus servicios. Si siente que el conductor del viaje compartido est\u00e1 actuando de manera sospechosa, bajo la influencia de drogas o alcohol, o con un amigo, debe acortar su viaje.<\/li>\n<\/ul>\n<h2><strong>Los abogados litigantes de la costa oeste siempre est\u00e1n aqu\u00ed para ayudar<\/strong><\/h2>\n<p>Si estuvo involucrado en un accidente de Uber o Lyft y desea emprender acciones legales contra la parte culpable, nuestro experimentado equipo de abogados especialistas en accidentes de Uber y Lyft en San Francisco en West Coast Trial Lawyers lo ayudar\u00e1 a recuperar da\u00f1os econ\u00f3micos y no econ\u00f3micos. , como facturas m\u00e9dicas, salarios perdidos, dolor y sufrimiento, y m\u00e1s.<\/p>\n<p>Para programar una consulta gratuita y sin compromiso en nuestro bufete de abogados de lesiones personales de San Francisco, comun\u00edquese con nuestro equipo legal las 24 horas del d\u00eda, los 7 d\u00edas de la semana llamando al\u00a0<strong>213-927-3700<\/strong> o enviando un correo electr\u00f3nico a\u00a0<a href=\"mailto:info@westcoasttriallawyers.com\"><strong>info@westcoasttriallawyers.com<\/strong><\/a><strong>.<\/strong><\/p>\n<p><!-- WCTL_DEBUG: no shortcode in this_content --><\/p>\n","protected":false},"excerpt":{"rendered":"<p>Aqu\u00ed hay una lista de consejos de seguridad para conductores y pasajeros de viajes compartidos Los servicios de viajes compartidos, como Uber y Lyft, ofrecen comodidad a quienes desean viajar sin tener que usar el transporte p\u00fablico o sus propios veh\u00edculos. Estos servicios permiten a las personas eliminar el estr\u00e9s y la responsabilidad de conducir [&hellip;]<\/p>\n","protected":false},"author":475,"featured_media":46704,"parent":47400,"menu_order":0,"comment_status":"closed","ping_status":"closed","template":"","meta":{"inline_featured_image":false,"footnotes":""},"class_list":["post-12622","page","type-page","status-publish","has-post-thumbnail","hentry"],"acf":[],"yoast_head":"<!-- This site is optimized with the Yoast SEO Premium plugin v26.0 (Yoast SEO v26.0) - https:\/\/yoast.com\/wordpress\/plugins\/seo\/ -->\n<title>Abogado de accidentes de Uber y Lyft en San Francisco | West Coast Trial Lawyers<\/title>\n<meta name=\"robots\" content=\"index, follow, max-snippet:-1, max-image-preview:large, max-video-preview:-1\" \/>\n<link rel=\"canonical\" href=\"https:\/\/westcoasttriallawyers.com\/es\/california\/san-francisco\/abogado-de-accidentes-de-uber-y-lyft-en-san-francisco\" \/>\n<meta property=\"og:locale\" content=\"es_ES\" \/>\n<meta property=\"og:type\" content=\"article\" \/>\n<meta property=\"og:title\" content=\"Abogado de accidentes de Uber y Lyft en San Francisco\" \/>\n<meta property=\"og:description\" content=\"Aqu\u00ed hay una lista de consejos de seguridad para conductores y pasajeros de viajes compartidos Los servicios de viajes compartidos, como Uber y Lyft, ofrecen comodidad a quienes desean viajar sin tener que usar el transporte p\u00fablico o sus propios veh\u00edculos. Estos servicios permiten a las personas eliminar el estr\u00e9s y la responsabilidad de conducir [&hellip;]\" \/>\n<meta property=\"og:url\" content=\"https:\/\/westcoasttriallawyers.com\/es\/california\/san-francisco\/abogado-de-accidentes-de-uber-y-lyft-en-san-francisco\" \/>\n<meta property=\"og:site_name\" content=\"West Coast Trial Lawyers\" \/>\n<meta property=\"article:publisher\" content=\"https:\/\/www.facebook.com\/westcoasttriallawyers\/\" \/>\n<meta property=\"article:modified_time\" content=\"2026-01-22T13:11:24+00:00\" \/>\n<meta property=\"og:image\" content=\"https:\/\/westcoasttriallawyers.com\/wp-content\/uploads\/2025\/07\/San-Francisco-21.webp\" \/>\n\t<meta property=\"og:image:width\" content=\"557\" \/>\n\t<meta property=\"og:image:height\" content=\"327\" \/>\n\t<meta property=\"og:image:type\" content=\"image\/webp\" \/>\n<meta name=\"twitter:card\" content=\"summary_large_image\" \/>\n<meta name=\"twitter:site\" content=\"@WestCoastTrial\" \/>\n<meta name=\"twitter:label1\" content=\"Tiempo de lectura\" \/>\n\t<meta name=\"twitter:data1\" content=\"11 minutos\" \/>\n<script type=\"application\/ld+json\" class=\"yoast-schema-graph\">{\"@context\":\"https:\/\/schema.org\",\"@graph\":[{\"@type\":[\"WebPage\",\"ItemPage\"],\"@id\":\"https:\/\/westcoasttriallawyers.com\/es\/california\/san-francisco\/abogado-de-accidentes-de-uber-y-lyft-en-san-francisco\",\"url\":\"https:\/\/westcoasttriallawyers.com\/es\/california\/san-francisco\/abogado-de-accidentes-de-uber-y-lyft-en-san-francisco\",\"name\":\"Abogado de accidentes de Uber y Lyft en San Francisco | West Coast Trial Lawyers\",\"isPartOf\":{\"@id\":\"https:\/\/westcoasttriallawyers.com\/es#website\"},\"primaryImageOfPage\":{\"@id\":\"https:\/\/westcoasttriallawyers.com\/es\/california\/san-francisco\/abogado-de-accidentes-de-uber-y-lyft-en-san-francisco#primaryimage\"},\"image\":{\"@id\":\"https:\/\/westcoasttriallawyers.com\/es\/california\/san-francisco\/abogado-de-accidentes-de-uber-y-lyft-en-san-francisco#primaryimage\"},\"thumbnailUrl\":\"https:\/\/westcoasttriallawyers.com\/wp-content\/uploads\/2025\/07\/San-Francisco-21.webp\",\"datePublished\":\"2026-01-14T17:42:31+00:00\",\"dateModified\":\"2026-01-22T13:11:24+00:00\",\"breadcrumb\":{\"@id\":\"https:\/\/westcoasttriallawyers.com\/es\/california\/san-francisco\/abogado-de-accidentes-de-uber-y-lyft-en-san-francisco#breadcrumb\"},\"inLanguage\":\"es\",\"potentialAction\":[{\"@type\":\"ReadAction\",\"target\":[\"https:\/\/westcoasttriallawyers.com\/es\/california\/san-francisco\/abogado-de-accidentes-de-uber-y-lyft-en-san-francisco\"]}]},{\"@type\":\"ImageObject\",\"inLanguage\":\"es\",\"@id\":\"https:\/\/westcoasttriallawyers.com\/es\/california\/san-francisco\/abogado-de-accidentes-de-uber-y-lyft-en-san-francisco#primaryimage\",\"url\":\"https:\/\/westcoasttriallawyers.com\/wp-content\/uploads\/2025\/07\/San-Francisco-21.webp\",\"contentUrl\":\"https:\/\/westcoasttriallawyers.com\/wp-content\/uploads\/2025\/07\/San-Francisco-21.webp\",\"width\":557,\"height\":327},{\"@type\":\"BreadcrumbList\",\"@id\":\"https:\/\/westcoasttriallawyers.com\/es\/california\/san-francisco\/abogado-de-accidentes-de-uber-y-lyft-en-san-francisco#breadcrumb\",\"itemListElement\":[{\"@type\":\"ListItem\",\"position\":1,\"name\":\"Inicio\",\"item\":\"https:\/\/westcoasttriallawyers.com\/es\"},{\"@type\":\"ListItem\",\"position\":2,\"name\":\"California\",\"item\":\"https:\/\/westcoasttriallawyers.com\/es\/california\"},{\"@type\":\"ListItem\",\"position\":3,\"name\":\"San Francisco\",\"item\":\"https:\/\/westcoasttriallawyers.com\/es\/california\/san-francisco\"},{\"@type\":\"ListItem\",\"position\":4,\"name\":\"Abogado de accidentes de Uber y Lyft en San Francisco\"}]},{\"@type\":\"WebSite\",\"@id\":\"https:\/\/westcoasttriallawyers.com\/es#website\",\"url\":\"https:\/\/westcoasttriallawyers.com\/es\",\"name\":\"West Coast Trial Lawyers\",\"description\":\"West Coast Trial Lawyers\",\"publisher\":{\"@id\":\"https:\/\/westcoasttriallawyers.com\/es#organization\"},\"alternateName\":\"WCTL\",\"potentialAction\":[{\"@type\":\"SearchAction\",\"target\":{\"@type\":\"EntryPoint\",\"urlTemplate\":\"https:\/\/westcoasttriallawyers.com\/es?s={search_term_string}\"},\"query-input\":{\"@type\":\"PropertyValueSpecification\",\"valueRequired\":true,\"valueName\":\"search_term_string\"}}],\"inLanguage\":\"es\"},{\"@type\":\"Organization\",\"@id\":\"https:\/\/westcoasttriallawyers.com\/es#organization\",\"name\":\"West Coast Trial Lawyers\",\"alternateName\":\"WCTL\",\"url\":\"https:\/\/westcoasttriallawyers.com\/es\",\"logo\":{\"@type\":\"ImageObject\",\"inLanguage\":\"es\",\"@id\":\"https:\/\/westcoasttriallawyers.com\/es#\/schema\/logo\/image\/\",\"url\":\"https:\/\/westcoasttriallawyers.com\/wp-content\/uploads\/2026\/02\/WCTL-Logo.jpg\",\"contentUrl\":\"https:\/\/westcoasttriallawyers.com\/wp-content\/uploads\/2026\/02\/WCTL-Logo.jpg\",\"width\":696,\"height\":696,\"caption\":\"West Coast Trial Lawyers\"},\"image\":{\"@id\":\"https:\/\/westcoasttriallawyers.com\/es#\/schema\/logo\/image\/\"},\"sameAs\":[\"https:\/\/www.facebook.com\/westcoasttriallawyers\/\",\"https:\/\/x.com\/WestCoastTrial\",\"https:\/\/www.linkedin.com\/company\/west-coast-trial-lawyers\/\",\"https:\/\/www.instagram.com\/westcoasttriallawyers\/\",\"https:\/\/www.yelp.com\/biz\/west-coast-trial-lawyers-los-angeles-2\",\"https:\/\/www.pinterest.com\/westcoasttrial\/\",\"https:\/\/www.youtube.com\/westcoasttriallawyersla\/\",\"https:\/\/www.tiktok.com\/westcoasttriallawyers\"],\"description\":\"West Coast Trial Lawyers is a top-rated personal injury law firm with a goal to provide expert legal representation to those in need. The law firm has offices across California, Nevada, Arizona, and Washington.\",\"legalName\":\"West Coast Trial Lawyers\"}]}<\/script>\n<!-- \/ Yoast SEO Premium plugin. -->","yoast_head_json":{"title":"Abogado de accidentes de Uber y Lyft en San Francisco | West Coast Trial Lawyers","robots":{"index":"index","follow":"follow","max-snippet":"max-snippet:-1","max-image-preview":"max-image-preview:large","max-video-preview":"max-video-preview:-1"},"canonical":"https:\/\/westcoasttriallawyers.com\/es\/california\/san-francisco\/abogado-de-accidentes-de-uber-y-lyft-en-san-francisco","og_locale":"es_ES","og_type":"article","og_title":"Abogado de accidentes de Uber y Lyft en San Francisco","og_description":"Aqu\u00ed hay una lista de consejos de seguridad para conductores y pasajeros de viajes compartidos Los servicios de viajes compartidos, como Uber y Lyft, ofrecen comodidad a quienes desean viajar sin tener que usar el transporte p\u00fablico o sus propios veh\u00edculos. Estos servicios permiten a las personas eliminar el estr\u00e9s y la responsabilidad de conducir [&hellip;]","og_url":"https:\/\/westcoasttriallawyers.com\/es\/california\/san-francisco\/abogado-de-accidentes-de-uber-y-lyft-en-san-francisco","og_site_name":"West Coast Trial Lawyers","article_publisher":"https:\/\/www.facebook.com\/westcoasttriallawyers\/","article_modified_time":"2026-01-22T13:11:24+00:00","og_image":[{"width":557,"height":327,"url":"https:\/\/westcoasttriallawyers.com\/wp-content\/uploads\/2025\/07\/San-Francisco-21.webp","type":"image\/webp"}],"twitter_card":"summary_large_image","twitter_site":"@WestCoastTrial","twitter_misc":{"Tiempo de lectura":"11 minutos"},"schema":{"@context":"https:\/\/schema.org","@graph":[{"@type":["WebPage","ItemPage"],"@id":"https:\/\/westcoasttriallawyers.com\/es\/california\/san-francisco\/abogado-de-accidentes-de-uber-y-lyft-en-san-francisco","url":"https:\/\/westcoasttriallawyers.com\/es\/california\/san-francisco\/abogado-de-accidentes-de-uber-y-lyft-en-san-francisco","name":"Abogado de accidentes de Uber y Lyft en San Francisco | West Coast Trial Lawyers","isPartOf":{"@id":"https:\/\/westcoasttriallawyers.com\/es#website"},"primaryImageOfPage":{"@id":"https:\/\/westcoasttriallawyers.com\/es\/california\/san-francisco\/abogado-de-accidentes-de-uber-y-lyft-en-san-francisco#primaryimage"},"image":{"@id":"https:\/\/westcoasttriallawyers.com\/es\/california\/san-francisco\/abogado-de-accidentes-de-uber-y-lyft-en-san-francisco#primaryimage"},"thumbnailUrl":"https:\/\/westcoasttriallawyers.com\/wp-content\/uploads\/2025\/07\/San-Francisco-21.webp","datePublished":"2026-01-14T17:42:31+00:00","dateModified":"2026-01-22T13:11:24+00:00","breadcrumb":{"@id":"https:\/\/westcoasttriallawyers.com\/es\/california\/san-francisco\/abogado-de-accidentes-de-uber-y-lyft-en-san-francisco#breadcrumb"},"inLanguage":"es","potentialAction":[{"@type":"ReadAction","target":["https:\/\/westcoasttriallawyers.com\/es\/california\/san-francisco\/abogado-de-accidentes-de-uber-y-lyft-en-san-francisco"]}]},{"@type":"ImageObject","inLanguage":"es","@id":"https:\/\/westcoasttriallawyers.com\/es\/california\/san-francisco\/abogado-de-accidentes-de-uber-y-lyft-en-san-francisco#primaryimage","url":"https:\/\/westcoasttriallawyers.com\/wp-content\/uploads\/2025\/07\/San-Francisco-21.webp","contentUrl":"https:\/\/westcoasttriallawyers.com\/wp-content\/uploads\/2025\/07\/San-Francisco-21.webp","width":557,"height":327},{"@type":"BreadcrumbList","@id":"https:\/\/westcoasttriallawyers.com\/es\/california\/san-francisco\/abogado-de-accidentes-de-uber-y-lyft-en-san-francisco#breadcrumb","itemListElement":[{"@type":"ListItem","position":1,"name":"Inicio","item":"https:\/\/westcoasttriallawyers.com\/es"},{"@type":"ListItem","position":2,"name":"California","item":"https:\/\/westcoasttriallawyers.com\/es\/california"},{"@type":"ListItem","position":3,"name":"San Francisco","item":"https:\/\/westcoasttriallawyers.com\/es\/california\/san-francisco"},{"@type":"ListItem","position":4,"name":"Abogado de accidentes de Uber y Lyft en San Francisco"}]},{"@type":"WebSite","@id":"https:\/\/westcoasttriallawyers.com\/es#website","url":"https:\/\/westcoasttriallawyers.com\/es","name":"West Coast Trial Lawyers","description":"West Coast Trial Lawyers","publisher":{"@id":"https:\/\/westcoasttriallawyers.com\/es#organization"},"alternateName":"WCTL","potentialAction":[{"@type":"SearchAction","target":{"@type":"EntryPoint","urlTemplate":"https:\/\/westcoasttriallawyers.com\/es?s={search_term_string}"},"query-input":{"@type":"PropertyValueSpecification","valueRequired":true,"valueName":"search_term_string"}}],"inLanguage":"es"},{"@type":"Organization","@id":"https:\/\/westcoasttriallawyers.com\/es#organization","name":"West Coast Trial Lawyers","alternateName":"WCTL","url":"https:\/\/westcoasttriallawyers.com\/es","logo":{"@type":"ImageObject","inLanguage":"es","@id":"https:\/\/westcoasttriallawyers.com\/es#\/schema\/logo\/image\/","url":"https:\/\/westcoasttriallawyers.com\/wp-content\/uploads\/2026\/02\/WCTL-Logo.jpg","contentUrl":"https:\/\/westcoasttriallawyers.com\/wp-content\/uploads\/2026\/02\/WCTL-Logo.jpg","width":696,"height":696,"caption":"West Coast Trial Lawyers"},"image":{"@id":"https:\/\/westcoasttriallawyers.com\/es#\/schema\/logo\/image\/"},"sameAs":["https:\/\/www.facebook.com\/westcoasttriallawyers\/","https:\/\/x.com\/WestCoastTrial","https:\/\/www.linkedin.com\/company\/west-coast-trial-lawyers\/","https:\/\/www.instagram.com\/westcoasttriallawyers\/","https:\/\/www.yelp.com\/biz\/west-coast-trial-lawyers-los-angeles-2","https:\/\/www.pinterest.com\/westcoasttrial\/","https:\/\/www.youtube.com\/westcoasttriallawyersla\/","https:\/\/www.tiktok.com\/westcoasttriallawyers"],"description":"West Coast Trial Lawyers is a top-rated personal injury law firm with a goal to provide expert legal representation to those in need. The law firm has offices across California, Nevada, Arizona, and Washington.","legalName":"West Coast Trial Lawyers"}]}},"_links":{"self":[{"href":"https:\/\/westcoasttriallawyers.com\/es\/wp-json\/wp\/v2\/pages\/12622","targetHints":{"allow":["GET"]}}],"collection":[{"href":"https:\/\/westcoasttriallawyers.com\/es\/wp-json\/wp\/v2\/pages"}],"about":[{"href":"https:\/\/westcoasttriallawyers.com\/es\/wp-json\/wp\/v2\/types\/page"}],"author":[{"embeddable":true,"href":"https:\/\/westcoasttriallawyers.com\/es\/wp-json\/wp\/v2\/users\/475"}],"replies":[{"embeddable":true,"href":"https:\/\/westcoasttriallawyers.com\/es\/wp-json\/wp\/v2\/comments?post=12622"}],"version-history":[{"count":3,"href":"https:\/\/westcoasttriallawyers.com\/es\/wp-json\/wp\/v2\/pages\/12622\/revisions"}],"predecessor-version":[{"id":47941,"href":"https:\/\/westcoasttriallawyers.com\/es\/wp-json\/wp\/v2\/pages\/12622\/revisions\/47941"}],"up":[{"embeddable":true,"href":"https:\/\/westcoasttriallawyers.com\/es\/wp-json\/wp\/v2\/pages\/47400"}],"wp:featuredmedia":[{"embeddable":true,"href":"https:\/\/westcoasttriallawyers.com\/es\/wp-json\/wp\/v2\/media\/46704"}],"wp:attachment":[{"href":"https:\/\/westcoasttriallawyers.com\/es\/wp-json\/wp\/v2\/media?parent=12622"}],"curies":[{"name":"wp","href":"https:\/\/api.w.org\/{rel}","templated":true}]}}