{"id":12620,"date":"2026-01-14T17:42:25","date_gmt":"2026-01-14T17:42:25","guid":{"rendered":"https:\/\/wctl1stg.wpengine.com\/?page_id=12620"},"modified":"2026-01-22T13:07:34","modified_gmt":"2026-01-22T13:07:34","slug":"abogado-especializado-en-lesiones-de-la-medula-espinal-de-san-francisco","status":"publish","type":"page","link":"https:\/\/westcoasttriallawyers.com\/es\/california\/san-francisco\/abogado-especializado-en-lesiones-de-la-medula-espinal-de-san-francisco","title":{"rendered":"Abogado especializado en lesiones de la m\u00e9dula espinal de San Francisco"},"content":{"rendered":"<h2><strong>\u00bfC\u00f3mo puede una lesi\u00f3n de la m\u00e9dula espinal afectar su estilo de vida? \u00bfCu\u00e1les son algunas formas en que puede prevenir que ocurra una lesi\u00f3n de la m\u00e9dula espinal?<\/strong><\/h2>\n<p>Varios tipos de accidentes pueden causar una lesi\u00f3n de la m\u00e9dula espinal, especialmente si se trata de un veh\u00edculo motorizado. Se ha informado que los accidentes automovil\u00edsticos han sido la principal causa de lesiones de la m\u00e9dula espinal en los Estados Unidos. Las v\u00edctimas pueden sufrir una lesi\u00f3n de la m\u00e9dula espinal incompleta o completa. Se alienta a las v\u00edctimas a programar citas con un m\u00e9dico y\/o fisioterapeuta para tratar el \u00e1rea lesionada. Ambos implementar\u00e1n pr\u00e1cticas beneficiosas que ayudar\u00e1n a mejorar la condici\u00f3n de la columna.<\/p>\n<p>Es probable que las facturas m\u00e9dicas comiencen a acumularse a medida que el paciente contin\u00faa buscando ayuda de un m\u00e9dico y\/o terapeuta. Si la v\u00edctima estuvo involucrada en un accidente causado por la negligencia de otra parte, la v\u00edctima estar\u00e1 calificada para presentar una demanda por lesiones personales. Para garantizar el mejor resultado de un acuerdo, se recomienda que las v\u00edctimas de lesiones de la m\u00e9dula espinal adquieran asistencia legal de un abogado con experiencia en lesiones personales.<\/p>\n<p>En West Coast Trial Lawyers, nuestros abogados especialistas en lesiones de la m\u00e9dula espinal de San Francisco han ganado m\u00e1s de 5000 casos de lesiones personales y han recuperado m\u00e1s de $1000 millones en acuerdos para nuestros clientes. Debido a nuestros logros, hemos sido reconocidos como uno de los mejores bufetes de abogados de lesiones personales en San Francisco.<\/p>\n<p>Para programar una consulta gratuita y sin compromiso en nuestro bufete de abogados de lesiones personales de San Francisco, comun\u00edquese con nuestro equipo legal las 24 horas del d\u00eda, los 7 d\u00edas de la semana llamando al\u00a0<strong>213-927-3700<\/strong> o enviando un correo electr\u00f3nico a\u00a0<a href=\"mailto:info@westcoasttriallawyers.com\"><strong>info@westcoasttriallawyers.com<\/strong><\/a><strong>.<\/strong><\/p>\n<h2><strong>El impacto de una lesi\u00f3n de la m\u00e9dula espinal<\/strong><\/h2>\n<p>Una lesi\u00f3n de la m\u00e9dula espinal puede impactar dram\u00e1ticamente la forma en que una persona vive su vida, tanto f\u00edsica como mentalmente. Las v\u00edctimas pueden enfrentar una lesi\u00f3n de la m\u00e9dula espinal incompleta o completa.<\/p>\n<p><strong>Una lesi\u00f3n incompleta de la m\u00e9dula espinal<\/strong>, tambi\u00e9n conocida como par\u00e1lisis parcial, es cuando una persona puede tener alguna funci\u00f3n motora o sensorial por debajo del \u00e1rea lesionada. Esto indica que la m\u00e9dula espinal a\u00fan puede funcionar hasta cierto punto y enviar receptores al cerebro. Los s\u00edntomas comunes de una lesi\u00f3n incompleta de la m\u00e9dula espinal incluyen incapacidad para caminar, dificultad para respirar, p\u00e9rdida de coordinaci\u00f3n, entumecimiento, hormigueo, p\u00e9rdida del control de la vejiga o los intestinos, o dolor en el \u00e1rea de la cabeza, la espalda o el cuello.<\/p>\n<p><strong>Una lesi\u00f3n completa de la m\u00e9dula espinal<\/strong>, tambi\u00e9n conocida como par\u00e1lisis completa, es cuando una persona ha perdido todas las funciones sensoriales y motoras debajo del \u00e1rea lesionada. Esto significa que la columna vertebral ya no funciona a una capacidad para enviar receptores al cerebro. Los s\u00edntomas comunes de una lesi\u00f3n completa de la m\u00e9dula espinal incluyen p\u00e9rdida de sensibilidad en los brazos o las piernas, p\u00e9rdida del control de la vejiga o los intestinos, dificultad para respirar, dolor en el cuello o la espalda, o bultos inusuales en la columna.<\/p>\n<p>Ya sea que la lesi\u00f3n de la m\u00e9dula espinal sea incompleta o completa, lo que es seguro es que estos cambios f\u00edsicos realmente pueden afectar la salud mental y f\u00edsica de una persona.<\/p>\n<h2><strong>C\u00f3mo prevenir una lesi\u00f3n de la m\u00e9dula espinal<\/strong><\/h2>\n<p>Hay varias formas en que una persona puede evitar sufrir una lesi\u00f3n en la m\u00e9dula espinal. Esto incluye lo siguiente:<\/p>\n<ul>\n<li><strong>Conduce con precauci\u00f3n.<\/strong> Dado que los accidentes automovil\u00edsticos son la principal causa de lesi\u00f3n de la m\u00e9dula espinal, es extremadamente importante que los conductores piensen en su seguridad. Use el cintur\u00f3n de seguridad y mantenga siempre la vista en la carretera. Si planea cambiar de carril o girar, aseg\u00farese de observar la carretera cuidadosamente antes de hacerlo.<\/li>\n<li><strong>Si bebes no conduzcas.<\/strong> Como se mencion\u00f3 anteriormente, siempre se debe mantener la vista en la carretera. Si elige beber y conducir, no tendr\u00e1 una idea de a d\u00f3nde va o qu\u00e9 est\u00e1 haciendo. No solo arriesgar\u00e1 su vida, sino que tambi\u00e9n arriesgar\u00e1 la vida de otras personas cercanas.<\/li>\n<li><strong>Use equipo de seguridad cuando realice actividades relacionadas con el deporte.<\/strong> Los deportes de alto impacto, como el f\u00fatbol y el hockey, requieren que los jugadores se enfrenten entre s\u00ed para adquirir la pelota o el disco. En momentos como este, es importante llevar puesto un casco ajustado para proteger la cabeza de recibir un golpe violento. Adem\u00e1s, los jugadores deben evitar liderar con la cabeza. Esto evitar\u00e1 que la cabeza se encuentre con un ataque poderoso.<\/li>\n<li><strong>Coloque equipo resistente a ca\u00eddas en toda la casa.<\/strong> Instale pasamanos en las escaleras para evitar ca\u00eddas. Si tiene ni\u00f1os peque\u00f1os deambulando por la casa, se recomienda encarecidamente colocar protectores de seguridad en la parte superior e inferior de las escaleras. Esto evitar\u00e1 que los ni\u00f1os peque\u00f1os accedan a las escaleras, especialmente cuando no haya nadie cerca para supervisarlos. Por \u00faltimo, debe colocar alfombras antideslizantes junto a la ba\u00f1era o la ducha. Esto reducir\u00e1 la probabilidad de un accidente por resbal\u00f3n y ca\u00edda.<\/li>\n<li><strong>Siempre aseg\u00farese de verificar la profundidad del agua antes de zambullirse.<\/strong> De acuerdo con la Cruz Roja Americana, puede sumergirse con seguridad en un m\u00ednimo de 9 pies de profundidad del agua para inmersiones de cabeza.<\/li>\n<\/ul>\n<h2><strong>Da\u00f1os disponibles por una lesi\u00f3n de la m\u00e9dula espinal<\/strong><\/h2>\n<p>A aquellos que demuestren con \u00e9xito negligencia en un caso de lesi\u00f3n de la m\u00e9dula espinal se les otorgar\u00e1n da\u00f1os econ\u00f3micos y no econ\u00f3micos.<\/p>\n<p><strong>Los da\u00f1os econ\u00f3micos<\/strong> se refieren a la compensaci\u00f3n a la que tiene derecho una v\u00edctima debido a las p\u00e9rdidas financieras que experiment\u00f3 como resultado de la lesi\u00f3n por quemadura y el accidente. Los da\u00f1os econ\u00f3micos disponibles para una v\u00edctima de lesiones por quemaduras incluyen facturas m\u00e9dicas, salarios perdidos y p\u00e9rdida de la capacidad de obtener ingresos.<\/p>\n<p><strong>Los da\u00f1os no econ\u00f3micos<\/strong> se refieren a la compensaci\u00f3n a la que tiene derecho una v\u00edctima debido a las p\u00e9rdidas emocionales que se produjeron con su accidente y lesi\u00f3n por quemaduras. Los da\u00f1os no econ\u00f3micos disponibles para una v\u00edctima de lesi\u00f3n por quemaduras incluyen cicatrices, p\u00e9rdida del disfrute de la vida y dolor y sufrimiento.<\/p>\n<p>Es probable que un demandante tambi\u00e9n obtenga da\u00f1os punitivos, sin embargo, rara vez se otorga. Los da\u00f1os punitivos tienen la intenci\u00f3n de ser un castigo y solo se otorgan cuando el comportamiento del acusado es especialmente da\u00f1ino. Solo se ha incorporado en el 5 por ciento de todos los veredictos. Adem\u00e1s, no existe un est\u00e1ndar real establecido para calcular y otorgar da\u00f1os punitivos. Los da\u00f1os punitivos se otorgan a discreci\u00f3n del tribunal y variar\u00e1n seg\u00fan las circunstancias espec\u00edficas de cada caso.<\/p>\n<h2><strong>Los abogados litigantes de la costa oeste siempre est\u00e1n aqu\u00ed para ayudar<\/strong><\/h2>\n<p>Si sufre una lesi\u00f3n en la m\u00e9dula espinal debido a la negligencia de otra persona, puede ser elegible para presentar una demanda en su contra. En West Coast Trial Lawyers, nuestros abogados de lesiones de la m\u00e9dula espinal de San Francisco tienen m\u00e1s de 60 a\u00f1os de experiencia legal colectiva en el manejo de casos de lesiones personales. Estamos seguros de que le daremos un buen resultado a su acuerdo.<\/p>\n<p>Comun\u00edquese hoy con nuestro equipo legal disponible las 24 horas, los 7 d\u00edas de la semana llamando al\u00a0<strong>213-927-3700<\/strong> o enviando un correo electr\u00f3nico a\u00a0<strong>info@westcoasttriallawyers.com<\/strong> para programar una consulta gratuita en nuestro bufete de abogados de lesiones personales en San Francisco.<\/p>\n<p><!-- WCTL_DEBUG: no shortcode in this_content --><\/p>\n","protected":false},"excerpt":{"rendered":"<p>\u00bfC\u00f3mo puede una lesi\u00f3n de la m\u00e9dula espinal afectar su estilo de vida? \u00bfCu\u00e1les son algunas formas en que puede prevenir que ocurra una lesi\u00f3n de la m\u00e9dula espinal? Varios tipos de accidentes pueden causar una lesi\u00f3n de la m\u00e9dula espinal, especialmente si se trata de un veh\u00edculo motorizado. Se ha informado que los accidentes [&hellip;]<\/p>\n","protected":false},"author":475,"featured_media":46674,"parent":47400,"menu_order":0,"comment_status":"closed","ping_status":"closed","template":"","meta":{"inline_featured_image":false,"footnotes":""},"class_list":["post-12620","page","type-page","status-publish","has-post-thumbnail","hentry"],"acf":[],"yoast_head":"<!-- This site is optimized with the Yoast SEO Premium plugin v26.0 (Yoast SEO v26.0) - https:\/\/yoast.com\/wordpress\/plugins\/seo\/ -->\n<title>Abogado especializado en lesiones de la m\u00e9dula espinal de San Francisco | West Coast Trial Lawyers<\/title>\n<meta name=\"robots\" content=\"index, follow, max-snippet:-1, max-image-preview:large, max-video-preview:-1\" \/>\n<link rel=\"canonical\" href=\"https:\/\/westcoasttriallawyers.com\/es\/california\/san-francisco\/abogado-especializado-en-lesiones-de-la-medula-espinal-de-san-francisco\" \/>\n<meta property=\"og:locale\" content=\"es_ES\" \/>\n<meta property=\"og:type\" content=\"article\" \/>\n<meta property=\"og:title\" content=\"Abogado especializado en lesiones de la m\u00e9dula espinal de San Francisco\" \/>\n<meta property=\"og:description\" content=\"\u00bfC\u00f3mo puede una lesi\u00f3n de la m\u00e9dula espinal afectar su estilo de vida? \u00bfCu\u00e1les son algunas formas en que puede prevenir que ocurra una lesi\u00f3n de la m\u00e9dula espinal? Varios tipos de accidentes pueden causar una lesi\u00f3n de la m\u00e9dula espinal, especialmente si se trata de un veh\u00edculo motorizado. Se ha informado que los accidentes [&hellip;]\" \/>\n<meta property=\"og:url\" content=\"https:\/\/westcoasttriallawyers.com\/es\/california\/san-francisco\/abogado-especializado-en-lesiones-de-la-medula-espinal-de-san-francisco\" \/>\n<meta property=\"og:site_name\" content=\"West Coast Trial Lawyers\" \/>\n<meta property=\"article:publisher\" content=\"https:\/\/www.facebook.com\/westcoasttriallawyers\/\" \/>\n<meta property=\"article:modified_time\" content=\"2026-01-22T13:07:34+00:00\" \/>\n<meta property=\"og:image\" content=\"https:\/\/westcoasttriallawyers.com\/wp-content\/uploads\/2025\/07\/San-Francisco-9.webp\" \/>\n\t<meta property=\"og:image:width\" content=\"557\" \/>\n\t<meta property=\"og:image:height\" content=\"327\" \/>\n\t<meta property=\"og:image:type\" content=\"image\/webp\" \/>\n<meta name=\"twitter:card\" content=\"summary_large_image\" \/>\n<meta name=\"twitter:site\" content=\"@WestCoastTrial\" \/>\n<meta name=\"twitter:label1\" content=\"Tiempo de lectura\" \/>\n\t<meta name=\"twitter:data1\" content=\"11 minutos\" \/>\n<script type=\"application\/ld+json\" class=\"yoast-schema-graph\">{\"@context\":\"https:\/\/schema.org\",\"@graph\":[{\"@type\":[\"WebPage\",\"ItemPage\"],\"@id\":\"https:\/\/westcoasttriallawyers.com\/es\/california\/san-francisco\/abogado-especializado-en-lesiones-de-la-medula-espinal-de-san-francisco\",\"url\":\"https:\/\/westcoasttriallawyers.com\/es\/california\/san-francisco\/abogado-especializado-en-lesiones-de-la-medula-espinal-de-san-francisco\",\"name\":\"Abogado especializado en lesiones de la m\u00e9dula espinal de San Francisco | West Coast Trial Lawyers\",\"isPartOf\":{\"@id\":\"https:\/\/westcoasttriallawyers.com\/es#website\"},\"primaryImageOfPage\":{\"@id\":\"https:\/\/westcoasttriallawyers.com\/es\/california\/san-francisco\/abogado-especializado-en-lesiones-de-la-medula-espinal-de-san-francisco#primaryimage\"},\"image\":{\"@id\":\"https:\/\/westcoasttriallawyers.com\/es\/california\/san-francisco\/abogado-especializado-en-lesiones-de-la-medula-espinal-de-san-francisco#primaryimage\"},\"thumbnailUrl\":\"https:\/\/westcoasttriallawyers.com\/wp-content\/uploads\/2025\/07\/San-Francisco-9.webp\",\"datePublished\":\"2026-01-14T17:42:25+00:00\",\"dateModified\":\"2026-01-22T13:07:34+00:00\",\"breadcrumb\":{\"@id\":\"https:\/\/westcoasttriallawyers.com\/es\/california\/san-francisco\/abogado-especializado-en-lesiones-de-la-medula-espinal-de-san-francisco#breadcrumb\"},\"inLanguage\":\"es\",\"potentialAction\":[{\"@type\":\"ReadAction\",\"target\":[\"https:\/\/westcoasttriallawyers.com\/es\/california\/san-francisco\/abogado-especializado-en-lesiones-de-la-medula-espinal-de-san-francisco\"]}]},{\"@type\":\"ImageObject\",\"inLanguage\":\"es\",\"@id\":\"https:\/\/westcoasttriallawyers.com\/es\/california\/san-francisco\/abogado-especializado-en-lesiones-de-la-medula-espinal-de-san-francisco#primaryimage\",\"url\":\"https:\/\/westcoasttriallawyers.com\/wp-content\/uploads\/2025\/07\/San-Francisco-9.webp\",\"contentUrl\":\"https:\/\/westcoasttriallawyers.com\/wp-content\/uploads\/2025\/07\/San-Francisco-9.webp\",\"width\":557,\"height\":327},{\"@type\":\"BreadcrumbList\",\"@id\":\"https:\/\/westcoasttriallawyers.com\/es\/california\/san-francisco\/abogado-especializado-en-lesiones-de-la-medula-espinal-de-san-francisco#breadcrumb\",\"itemListElement\":[{\"@type\":\"ListItem\",\"position\":1,\"name\":\"Inicio\",\"item\":\"https:\/\/westcoasttriallawyers.com\/es\"},{\"@type\":\"ListItem\",\"position\":2,\"name\":\"California\",\"item\":\"https:\/\/westcoasttriallawyers.com\/es\/california\"},{\"@type\":\"ListItem\",\"position\":3,\"name\":\"San Francisco\",\"item\":\"https:\/\/westcoasttriallawyers.com\/es\/california\/san-francisco\"},{\"@type\":\"ListItem\",\"position\":4,\"name\":\"Abogado especializado en lesiones de la m\u00e9dula espinal de San Francisco\"}]},{\"@type\":\"WebSite\",\"@id\":\"https:\/\/westcoasttriallawyers.com\/es#website\",\"url\":\"https:\/\/westcoasttriallawyers.com\/es\",\"name\":\"West Coast Trial Lawyers\",\"description\":\"West Coast Trial Lawyers\",\"publisher\":{\"@id\":\"https:\/\/westcoasttriallawyers.com\/es#organization\"},\"alternateName\":\"WCTL\",\"potentialAction\":[{\"@type\":\"SearchAction\",\"target\":{\"@type\":\"EntryPoint\",\"urlTemplate\":\"https:\/\/westcoasttriallawyers.com\/es?s={search_term_string}\"},\"query-input\":{\"@type\":\"PropertyValueSpecification\",\"valueRequired\":true,\"valueName\":\"search_term_string\"}}],\"inLanguage\":\"es\"},{\"@type\":\"Organization\",\"@id\":\"https:\/\/westcoasttriallawyers.com\/es#organization\",\"name\":\"West Coast Trial Lawyers\",\"alternateName\":\"WCTL\",\"url\":\"https:\/\/westcoasttriallawyers.com\/es\",\"logo\":{\"@type\":\"ImageObject\",\"inLanguage\":\"es\",\"@id\":\"https:\/\/westcoasttriallawyers.com\/es#\/schema\/logo\/image\/\",\"url\":\"https:\/\/westcoasttriallawyers.com\/wp-content\/uploads\/2026\/02\/WCTL-Logo.jpg\",\"contentUrl\":\"https:\/\/westcoasttriallawyers.com\/wp-content\/uploads\/2026\/02\/WCTL-Logo.jpg\",\"width\":696,\"height\":696,\"caption\":\"West Coast Trial Lawyers\"},\"image\":{\"@id\":\"https:\/\/westcoasttriallawyers.com\/es#\/schema\/logo\/image\/\"},\"sameAs\":[\"https:\/\/www.facebook.com\/westcoasttriallawyers\/\",\"https:\/\/x.com\/WestCoastTrial\",\"https:\/\/www.linkedin.com\/company\/west-coast-trial-lawyers\/\",\"https:\/\/www.instagram.com\/westcoasttriallawyers\/\",\"https:\/\/www.yelp.com\/biz\/west-coast-trial-lawyers-los-angeles-2\",\"https:\/\/www.pinterest.com\/westcoasttrial\/\",\"https:\/\/www.youtube.com\/westcoasttriallawyersla\/\",\"https:\/\/www.tiktok.com\/westcoasttriallawyers\"],\"description\":\"West Coast Trial Lawyers is a top-rated personal injury law firm with a goal to provide expert legal representation to those in need. The law firm has offices across California, Nevada, Arizona, and Washington.\",\"legalName\":\"West Coast Trial Lawyers\"}]}<\/script>\n<!-- \/ Yoast SEO Premium plugin. -->","yoast_head_json":{"title":"Abogado especializado en lesiones de la m\u00e9dula espinal de San Francisco | West Coast Trial Lawyers","robots":{"index":"index","follow":"follow","max-snippet":"max-snippet:-1","max-image-preview":"max-image-preview:large","max-video-preview":"max-video-preview:-1"},"canonical":"https:\/\/westcoasttriallawyers.com\/es\/california\/san-francisco\/abogado-especializado-en-lesiones-de-la-medula-espinal-de-san-francisco","og_locale":"es_ES","og_type":"article","og_title":"Abogado especializado en lesiones de la m\u00e9dula espinal de San Francisco","og_description":"\u00bfC\u00f3mo puede una lesi\u00f3n de la m\u00e9dula espinal afectar su estilo de vida? \u00bfCu\u00e1les son algunas formas en que puede prevenir que ocurra una lesi\u00f3n de la m\u00e9dula espinal? Varios tipos de accidentes pueden causar una lesi\u00f3n de la m\u00e9dula espinal, especialmente si se trata de un veh\u00edculo motorizado. Se ha informado que los accidentes [&hellip;]","og_url":"https:\/\/westcoasttriallawyers.com\/es\/california\/san-francisco\/abogado-especializado-en-lesiones-de-la-medula-espinal-de-san-francisco","og_site_name":"West Coast Trial Lawyers","article_publisher":"https:\/\/www.facebook.com\/westcoasttriallawyers\/","article_modified_time":"2026-01-22T13:07:34+00:00","og_image":[{"width":557,"height":327,"url":"https:\/\/westcoasttriallawyers.com\/wp-content\/uploads\/2025\/07\/San-Francisco-9.webp","type":"image\/webp"}],"twitter_card":"summary_large_image","twitter_site":"@WestCoastTrial","twitter_misc":{"Tiempo de lectura":"11 minutos"},"schema":{"@context":"https:\/\/schema.org","@graph":[{"@type":["WebPage","ItemPage"],"@id":"https:\/\/westcoasttriallawyers.com\/es\/california\/san-francisco\/abogado-especializado-en-lesiones-de-la-medula-espinal-de-san-francisco","url":"https:\/\/westcoasttriallawyers.com\/es\/california\/san-francisco\/abogado-especializado-en-lesiones-de-la-medula-espinal-de-san-francisco","name":"Abogado especializado en lesiones de la m\u00e9dula espinal de San Francisco | West Coast Trial Lawyers","isPartOf":{"@id":"https:\/\/westcoasttriallawyers.com\/es#website"},"primaryImageOfPage":{"@id":"https:\/\/westcoasttriallawyers.com\/es\/california\/san-francisco\/abogado-especializado-en-lesiones-de-la-medula-espinal-de-san-francisco#primaryimage"},"image":{"@id":"https:\/\/westcoasttriallawyers.com\/es\/california\/san-francisco\/abogado-especializado-en-lesiones-de-la-medula-espinal-de-san-francisco#primaryimage"},"thumbnailUrl":"https:\/\/westcoasttriallawyers.com\/wp-content\/uploads\/2025\/07\/San-Francisco-9.webp","datePublished":"2026-01-14T17:42:25+00:00","dateModified":"2026-01-22T13:07:34+00:00","breadcrumb":{"@id":"https:\/\/westcoasttriallawyers.com\/es\/california\/san-francisco\/abogado-especializado-en-lesiones-de-la-medula-espinal-de-san-francisco#breadcrumb"},"inLanguage":"es","potentialAction":[{"@type":"ReadAction","target":["https:\/\/westcoasttriallawyers.com\/es\/california\/san-francisco\/abogado-especializado-en-lesiones-de-la-medula-espinal-de-san-francisco"]}]},{"@type":"ImageObject","inLanguage":"es","@id":"https:\/\/westcoasttriallawyers.com\/es\/california\/san-francisco\/abogado-especializado-en-lesiones-de-la-medula-espinal-de-san-francisco#primaryimage","url":"https:\/\/westcoasttriallawyers.com\/wp-content\/uploads\/2025\/07\/San-Francisco-9.webp","contentUrl":"https:\/\/westcoasttriallawyers.com\/wp-content\/uploads\/2025\/07\/San-Francisco-9.webp","width":557,"height":327},{"@type":"BreadcrumbList","@id":"https:\/\/westcoasttriallawyers.com\/es\/california\/san-francisco\/abogado-especializado-en-lesiones-de-la-medula-espinal-de-san-francisco#breadcrumb","itemListElement":[{"@type":"ListItem","position":1,"name":"Inicio","item":"https:\/\/westcoasttriallawyers.com\/es"},{"@type":"ListItem","position":2,"name":"California","item":"https:\/\/westcoasttriallawyers.com\/es\/california"},{"@type":"ListItem","position":3,"name":"San Francisco","item":"https:\/\/westcoasttriallawyers.com\/es\/california\/san-francisco"},{"@type":"ListItem","position":4,"name":"Abogado especializado en lesiones de la m\u00e9dula espinal de San Francisco"}]},{"@type":"WebSite","@id":"https:\/\/westcoasttriallawyers.com\/es#website","url":"https:\/\/westcoasttriallawyers.com\/es","name":"West Coast Trial Lawyers","description":"West Coast Trial Lawyers","publisher":{"@id":"https:\/\/westcoasttriallawyers.com\/es#organization"},"alternateName":"WCTL","potentialAction":[{"@type":"SearchAction","target":{"@type":"EntryPoint","urlTemplate":"https:\/\/westcoasttriallawyers.com\/es?s={search_term_string}"},"query-input":{"@type":"PropertyValueSpecification","valueRequired":true,"valueName":"search_term_string"}}],"inLanguage":"es"},{"@type":"Organization","@id":"https:\/\/westcoasttriallawyers.com\/es#organization","name":"West Coast Trial Lawyers","alternateName":"WCTL","url":"https:\/\/westcoasttriallawyers.com\/es","logo":{"@type":"ImageObject","inLanguage":"es","@id":"https:\/\/westcoasttriallawyers.com\/es#\/schema\/logo\/image\/","url":"https:\/\/westcoasttriallawyers.com\/wp-content\/uploads\/2026\/02\/WCTL-Logo.jpg","contentUrl":"https:\/\/westcoasttriallawyers.com\/wp-content\/uploads\/2026\/02\/WCTL-Logo.jpg","width":696,"height":696,"caption":"West Coast Trial Lawyers"},"image":{"@id":"https:\/\/westcoasttriallawyers.com\/es#\/schema\/logo\/image\/"},"sameAs":["https:\/\/www.facebook.com\/westcoasttriallawyers\/","https:\/\/x.com\/WestCoastTrial","https:\/\/www.linkedin.com\/company\/west-coast-trial-lawyers\/","https:\/\/www.instagram.com\/westcoasttriallawyers\/","https:\/\/www.yelp.com\/biz\/west-coast-trial-lawyers-los-angeles-2","https:\/\/www.pinterest.com\/westcoasttrial\/","https:\/\/www.youtube.com\/westcoasttriallawyersla\/","https:\/\/www.tiktok.com\/westcoasttriallawyers"],"description":"West Coast Trial Lawyers is a top-rated personal injury law firm with a goal to provide expert legal representation to those in need. The law firm has offices across California, Nevada, Arizona, and Washington.","legalName":"West Coast Trial Lawyers"}]}},"_links":{"self":[{"href":"https:\/\/westcoasttriallawyers.com\/es\/wp-json\/wp\/v2\/pages\/12620","targetHints":{"allow":["GET"]}}],"collection":[{"href":"https:\/\/westcoasttriallawyers.com\/es\/wp-json\/wp\/v2\/pages"}],"about":[{"href":"https:\/\/westcoasttriallawyers.com\/es\/wp-json\/wp\/v2\/types\/page"}],"author":[{"embeddable":true,"href":"https:\/\/westcoasttriallawyers.com\/es\/wp-json\/wp\/v2\/users\/475"}],"replies":[{"embeddable":true,"href":"https:\/\/westcoasttriallawyers.com\/es\/wp-json\/wp\/v2\/comments?post=12620"}],"version-history":[{"count":3,"href":"https:\/\/westcoasttriallawyers.com\/es\/wp-json\/wp\/v2\/pages\/12620\/revisions"}],"predecessor-version":[{"id":47935,"href":"https:\/\/westcoasttriallawyers.com\/es\/wp-json\/wp\/v2\/pages\/12620\/revisions\/47935"}],"up":[{"embeddable":true,"href":"https:\/\/westcoasttriallawyers.com\/es\/wp-json\/wp\/v2\/pages\/47400"}],"wp:featuredmedia":[{"embeddable":true,"href":"https:\/\/westcoasttriallawyers.com\/es\/wp-json\/wp\/v2\/media\/46674"}],"wp:attachment":[{"href":"https:\/\/westcoasttriallawyers.com\/es\/wp-json\/wp\/v2\/media?parent=12620"}],"curies":[{"name":"wp","href":"https:\/\/api.w.org\/{rel}","templated":true}]}}