{"id":12601,"date":"2026-01-14T17:42:23","date_gmt":"2026-01-14T17:42:23","guid":{"rendered":"https:\/\/wctl1stg.wpengine.com\/?page_id=12601"},"modified":"2026-01-22T11:55:59","modified_gmt":"2026-01-22T11:55:59","slug":"abogado-de-lesiones-por-quemaduras-de-san-francisco","status":"publish","type":"page","link":"https:\/\/westcoasttriallawyers.com\/es\/california\/san-francisco\/abogado-de-lesiones-por-quemaduras-de-san-francisco","title":{"rendered":"Abogado de lesiones por quemaduras de San Francisco"},"content":{"rendered":"<h2><strong>Informaci\u00f3n legal sobre los tipos m\u00e1s comunes de lesiones por quemaduras, prueba de negligencia y da\u00f1os disponibles\u00a0<\/strong><\/h2>\n<p>La Asociaci\u00f3n Nacional de Protecci\u00f3n contra Incendios (NFPA, por sus siglas en ingl\u00e9s) public\u00f3 una hoja informativa sobre incendios dom\u00e9sticos que tuvieron lugar entre 2011 y 2015. El informe indic\u00f3 que hubo un promedio estimado de 358,500 incendios ocurridos en los hogares. Alrededor de 2.510 civiles murieron, 12.300 sufrieron quemaduras y se produjeron da\u00f1os por valor de 6.700 millones de d\u00f3lares. La causa m\u00e1s com\u00fan de estos incendios mortales fueron los equipos de cocina y calefacci\u00f3n.<\/p>\n<p>Los incendios tambi\u00e9n pueden resultar de accidentes automovil\u00edsticos. La NFPA public\u00f3 otra hoja informativa, pero esta vez fue para incendios de veh\u00edculos que ocurrieron en 2018. Se inform\u00f3 que un estimado de 212,500 incendios de veh\u00edculos resultaron en 560 muertes, 1,500 lesiones y $1,900 millones en da\u00f1os a la propiedad. La principal causa de estos incendios fueron fallas mec\u00e1nicas y el\u00e9ctricas. Los modelos de veh\u00edculos antiguos contribuyeron con alrededor de las tres cuartas partes de los incendios de veh\u00edculos en las carreteras, que fueron causados \u200b\u200bpor fallas en el funcionamiento. Los accidentes fueron la causa m\u00e1s com\u00fan de incendios fatales de veh\u00edculos.<\/p>\n<p>Aquellos que son v\u00edctimas de una lesi\u00f3n por quemaduras pueden ser elegibles para presentar un reclamo por lesiones personales si el incidente fue causado por una parte negligente. En West Coast Trial Lawyers, nuestros abogados experimentados en lesiones por quemaduras de San Francisco lo ayudar\u00e1n a obtener la compensaci\u00f3n que merece por sus p\u00e9rdidas. Hemos ganado m\u00e1s de 5000 casos de lesiones personales y hemos recuperado m\u00e1s de $1000 millones en acuerdos para nuestros clientes. Debido a nuestros logros, hemos sido reconocidos como uno de los mejores bufetes de abogados de lesiones personales en San Francisco.<\/p>\n<p>No dude en comunicarse con nuestro equipo legal las 24 horas, los 7 d\u00edas de la semana llamando al\u00a0<strong>213-927-3700\u00a0<\/strong>o enviando un correo electr\u00f3nico a\u00a0<strong>info@westcoasttriallawyers.com<\/strong> para programar una consulta gratuita en nuestro bufete de abogados de lesiones personales en San Francisco.<\/p>\n<h2><strong>Tipos comunes de lesiones por quemaduras<\/strong><\/h2>\n<p>Hay varios tipos de lesiones por quemaduras que una persona puede sufrir. Esto incluye lo siguiente:<\/p>\n<ul>\n<li><strong>Quemaduras t\u00e9rmicas.\u00a0<\/strong>Una quemadura t\u00e9rmica es una quemadura en la piel causada por calor excesivo, como metales calientes, superficies, l\u00edquidos, llamas o vapor.<\/li>\n<li><strong>Quemaduras por radiaci\u00f3n.\u00a0<\/strong>Una quemadura por radiaci\u00f3n es una quemadura en la piel causada por la exposici\u00f3n a la radiaci\u00f3n electromagn\u00e9tica, como los rayos UV, los rayos X o la radioterapia.<\/li>\n<li><strong>Quemaduras qu\u00edmicas.\u00a0<\/strong>Una quemadura qu\u00edmica es causada por una sustancia qu\u00edmica corrosiva. Tiene la capacidad de quemar \u00f3rganos internos y externos.<\/li>\n<li><strong>Quemaduras el\u00e9ctricas.\u00a0<\/strong>Una quemadura el\u00e9ctrica es causada por una corriente el\u00e9ctrica, como un rayo o cables. Es capaz de da\u00f1ar los tejidos y \u00f3rganos, lo que puede provocar lesiones graves o incluso la muerte.<\/li>\n<li><strong>Quemaduras por fricci\u00f3n.\u00a0<\/strong>Una quemadura por fricci\u00f3n puede ocurrir cuando la piel se raspa por tener un contacto fuerte con un objeto duro, como el suelo. Tambi\u00e9n se identifica como una abrasi\u00f3n o una quemadura por calor.<\/li>\n<\/ul>\n<p>Siempre se recomienda que una v\u00edctima de lesi\u00f3n por quemadura busque asistencia m\u00e9dica de un m\u00e9dico. Cada v\u00edctima de lesi\u00f3n por quemadura puede experimentar diferentes s\u00edntomas que pueden ser leves, moderados o graves. El m\u00e9dico examinar\u00e1 el \u00e1rea herida para determinar si se necesita m\u00e1s atenci\u00f3n m\u00e9dica para aliviar el dolor.<\/p>\n<p>Si su lesi\u00f3n por quemadura fue causada por la negligencia de otra persona, puede ser elegible para presentar una demanda por lesiones personales en su contra. Su visita al m\u00e9dico puede usarse como evidencia para incluir en su reclamo. Esto convencer\u00e1 a las compa\u00f1\u00edas de seguros de que, de hecho, result\u00f3 lesionado.<\/p>\n<h2><strong>Casos de lesiones por quemaduras<\/strong><\/h2>\n<p>Hay dos tipos de casos de lesiones por quemaduras: negligencia y responsabilidad del producto.<\/p>\n<p>Un caso de lesi\u00f3n por\u00a0<strong>quemadura por negligencia<\/strong> requerir\u00e1 que el demandante proporcione prueba de:<\/p>\n<ul>\n<li>El demandado debe al demandante un deber de cuidado,<\/li>\n<li>El imputado incumpliendo su deber de diligencia, y<\/li>\n<li>La negligencia del demandado es en \u00faltima instancia la causa de las lesiones y da\u00f1os del demandante.<\/li>\n<\/ul>\n<p>El actor tambi\u00e9n puede revelar el monto total de los da\u00f1os econ\u00f3micos y morales que sufri\u00f3 debido a los actos negligentes cometidos por el demandado. Si el demandante tiene \u00e9xito en probar su caso, se le otorgar\u00e1 una compensaci\u00f3n recuperable que ayudar\u00e1 a cubrir sus p\u00e9rdidas.<\/p>\n<p>Un caso de\u00a0<strong>responsabilidad del producto<\/strong> puede ser muy complicado porque se requiere el an\u00e1lisis y testimonio de expertos para probar que el producto era defectuoso en primer lugar. Si result\u00f3 lesionado como resultado de un producto defectuoso, puede recuperar los da\u00f1os al demostrar que:<\/p>\n<ul>\n<li>El producto fue utilizado de manera razonable.<\/li>\n<li>El fabricante vendi\u00f3 un producto defectuoso.<\/li>\n<li>El producto ya estaba defectuoso cuando sali\u00f3 del fabricante.<\/li>\n<li>Se sufri\u00f3 una lesi\u00f3n o da\u00f1o como resultado del producto defectuoso.<\/li>\n<\/ul>\n<h2><strong>Da\u00f1os disponibles por una lesi\u00f3n por quemadura<\/strong><\/h2>\n<p>Las consecuencias de una lesi\u00f3n por quemadura pueden ser catastr\u00f3ficas y cambiar para siempre el resultado de la vida de la v\u00edctima. Una lesi\u00f3n por quemadura puede convertirse en una carga financiera para la v\u00edctima debido a las m\u00faltiples visitas al m\u00e9dico, los procedimientos y las recetas que se dan para curar el \u00e1rea herida. Tambi\u00e9n puede causar que la v\u00edctima experimente angustia mental. Por estas consecuencias, una v\u00edctima de una lesi\u00f3n por quemadura tiene derecho a da\u00f1os econ\u00f3micos y no econ\u00f3micos.<\/p>\n<p><strong>Los da\u00f1os econ\u00f3micos<\/strong> se refieren a la compensaci\u00f3n a la que tiene derecho una v\u00edctima debido a las p\u00e9rdidas financieras que experiment\u00f3 como resultado de la lesi\u00f3n por quemadura. Los da\u00f1os econ\u00f3micos disponibles para una v\u00edctima de lesiones por quemaduras incluyen facturas m\u00e9dicas, salarios perdidos y p\u00e9rdida de la capacidad de obtener ingresos.<\/p>\n<p><strong>Los da\u00f1os no econ\u00f3micos<\/strong> se refieren a la compensaci\u00f3n a la que tiene derecho una v\u00edctima debido a las p\u00e9rdidas emocionales que se produjeron con su lesi\u00f3n por quemadura. Los da\u00f1os no econ\u00f3micos disponibles para una v\u00edctima de lesi\u00f3n por quemaduras incluyen cicatrices, p\u00e9rdida del disfrute de la vida y dolor y sufrimiento.<\/p>\n<p>El tercer tipo de da\u00f1os que puede otorgar un tribunal de California se conoce como\u00a0<strong>da\u00f1os punitivos<\/strong>. Los da\u00f1os punitivos tienen la intenci\u00f3n de ser un castigo y solo se otorgan cuando el comportamiento del acusado es especialmente da\u00f1ino. Es relativamente raro y, de hecho, solo se incorpor\u00f3 en el 5 por ciento de todos los veredictos. Adem\u00e1s, no existe un est\u00e1ndar real establecido para calcular y otorgar da\u00f1os punitivos. Los da\u00f1os punitivos se otorgan a discreci\u00f3n del tribunal y variar\u00e1n seg\u00fan las circunstancias espec\u00edficas de cada caso.<\/p>\n<h2><strong>Los abogados litigantes de la costa oeste siempre est\u00e1n aqu\u00ed para ayudar<\/strong><\/h2>\n<p>Si estuvo involucrado en un accidente con lesiones por quemaduras en San Francisco y le gustar\u00eda entablar una demanda contra la parte culpable, West Coast Trial Lawyers tiene abogados con experiencia en lesiones personales en San Francisco que est\u00e1n disponibles para ayudarlo con su caso.<\/p>\n<p>Comun\u00edquese hoy con nuestro equipo legal disponible las 24 horas, los 7 d\u00edas de la semana llamando al\u00a0<strong>213-927-3700<\/strong> o enviando un correo electr\u00f3nico a<strong> info@westcoasttriallawyers.com<\/strong> para programar una consulta gratuita en nuestro bufete de abogados de lesiones personales en San Francisco.<\/p>\n<p><!-- WCTL_DEBUG: no shortcode in this_content --><\/p>\n","protected":false},"excerpt":{"rendered":"<p>Informaci\u00f3n legal sobre los tipos m\u00e1s comunes de lesiones por quemaduras, prueba de negligencia y da\u00f1os disponibles\u00a0 La Asociaci\u00f3n Nacional de Protecci\u00f3n contra Incendios (NFPA, por sus siglas en ingl\u00e9s) public\u00f3 una hoja informativa sobre incendios dom\u00e9sticos que tuvieron lugar entre 2011 y 2015. El informe indic\u00f3 que hubo un promedio estimado de 358,500 incendios [&hellip;]<\/p>\n","protected":false},"author":475,"featured_media":46664,"parent":47400,"menu_order":0,"comment_status":"closed","ping_status":"closed","template":"","meta":{"inline_featured_image":false,"footnotes":""},"class_list":["post-12601","page","type-page","status-publish","has-post-thumbnail","hentry"],"acf":[],"yoast_head":"<!-- This site is optimized with the Yoast SEO Premium plugin v26.0 (Yoast SEO v26.0) - https:\/\/yoast.com\/wordpress\/plugins\/seo\/ -->\n<title>Abogado de lesiones por quemaduras de San Francisco | West Coast Trial Lawyers<\/title>\n<meta name=\"robots\" content=\"index, follow, max-snippet:-1, max-image-preview:large, max-video-preview:-1\" \/>\n<link rel=\"canonical\" href=\"https:\/\/westcoasttriallawyers.com\/es\/california\/san-francisco\/abogado-de-lesiones-por-quemaduras-de-san-francisco\" \/>\n<meta property=\"og:locale\" content=\"es_ES\" \/>\n<meta property=\"og:type\" content=\"article\" \/>\n<meta property=\"og:title\" content=\"Abogado de lesiones por quemaduras de San Francisco\" \/>\n<meta property=\"og:description\" content=\"Informaci\u00f3n legal sobre los tipos m\u00e1s comunes de lesiones por quemaduras, prueba de negligencia y da\u00f1os disponibles\u00a0 La Asociaci\u00f3n Nacional de Protecci\u00f3n contra Incendios (NFPA, por sus siglas en ingl\u00e9s) public\u00f3 una hoja informativa sobre incendios dom\u00e9sticos que tuvieron lugar entre 2011 y 2015. El informe indic\u00f3 que hubo un promedio estimado de 358,500 incendios [&hellip;]\" \/>\n<meta property=\"og:url\" content=\"https:\/\/westcoasttriallawyers.com\/es\/california\/san-francisco\/abogado-de-lesiones-por-quemaduras-de-san-francisco\" \/>\n<meta property=\"og:site_name\" content=\"West Coast Trial Lawyers\" \/>\n<meta property=\"article:publisher\" content=\"https:\/\/www.facebook.com\/westcoasttriallawyers\/\" \/>\n<meta property=\"article:modified_time\" content=\"2026-01-22T11:55:59+00:00\" \/>\n<meta property=\"og:image\" content=\"https:\/\/westcoasttriallawyers.com\/wp-content\/uploads\/2025\/07\/San-Francisco-5.webp\" \/>\n\t<meta property=\"og:image:width\" content=\"557\" \/>\n\t<meta property=\"og:image:height\" content=\"327\" \/>\n\t<meta property=\"og:image:type\" content=\"image\/webp\" \/>\n<meta name=\"twitter:card\" content=\"summary_large_image\" \/>\n<meta name=\"twitter:site\" content=\"@WestCoastTrial\" \/>\n<meta name=\"twitter:label1\" content=\"Tiempo de lectura\" \/>\n\t<meta name=\"twitter:data1\" content=\"10 minutos\" \/>\n<script type=\"application\/ld+json\" class=\"yoast-schema-graph\">{\"@context\":\"https:\/\/schema.org\",\"@graph\":[{\"@type\":[\"WebPage\",\"ItemPage\"],\"@id\":\"https:\/\/westcoasttriallawyers.com\/es\/california\/san-francisco\/abogado-de-lesiones-por-quemaduras-de-san-francisco\",\"url\":\"https:\/\/westcoasttriallawyers.com\/es\/california\/san-francisco\/abogado-de-lesiones-por-quemaduras-de-san-francisco\",\"name\":\"Abogado de lesiones por quemaduras de San Francisco | West Coast Trial Lawyers\",\"isPartOf\":{\"@id\":\"https:\/\/westcoasttriallawyers.com\/es#website\"},\"primaryImageOfPage\":{\"@id\":\"https:\/\/westcoasttriallawyers.com\/es\/california\/san-francisco\/abogado-de-lesiones-por-quemaduras-de-san-francisco#primaryimage\"},\"image\":{\"@id\":\"https:\/\/westcoasttriallawyers.com\/es\/california\/san-francisco\/abogado-de-lesiones-por-quemaduras-de-san-francisco#primaryimage\"},\"thumbnailUrl\":\"https:\/\/westcoasttriallawyers.com\/wp-content\/uploads\/2025\/07\/San-Francisco-5.webp\",\"datePublished\":\"2026-01-14T17:42:23+00:00\",\"dateModified\":\"2026-01-22T11:55:59+00:00\",\"breadcrumb\":{\"@id\":\"https:\/\/westcoasttriallawyers.com\/es\/california\/san-francisco\/abogado-de-lesiones-por-quemaduras-de-san-francisco#breadcrumb\"},\"inLanguage\":\"es\",\"potentialAction\":[{\"@type\":\"ReadAction\",\"target\":[\"https:\/\/westcoasttriallawyers.com\/es\/california\/san-francisco\/abogado-de-lesiones-por-quemaduras-de-san-francisco\"]}]},{\"@type\":\"ImageObject\",\"inLanguage\":\"es\",\"@id\":\"https:\/\/westcoasttriallawyers.com\/es\/california\/san-francisco\/abogado-de-lesiones-por-quemaduras-de-san-francisco#primaryimage\",\"url\":\"https:\/\/westcoasttriallawyers.com\/wp-content\/uploads\/2025\/07\/San-Francisco-5.webp\",\"contentUrl\":\"https:\/\/westcoasttriallawyers.com\/wp-content\/uploads\/2025\/07\/San-Francisco-5.webp\",\"width\":557,\"height\":327},{\"@type\":\"BreadcrumbList\",\"@id\":\"https:\/\/westcoasttriallawyers.com\/es\/california\/san-francisco\/abogado-de-lesiones-por-quemaduras-de-san-francisco#breadcrumb\",\"itemListElement\":[{\"@type\":\"ListItem\",\"position\":1,\"name\":\"Inicio\",\"item\":\"https:\/\/westcoasttriallawyers.com\/es\"},{\"@type\":\"ListItem\",\"position\":2,\"name\":\"California\",\"item\":\"https:\/\/westcoasttriallawyers.com\/es\/california\"},{\"@type\":\"ListItem\",\"position\":3,\"name\":\"San Francisco\",\"item\":\"https:\/\/westcoasttriallawyers.com\/es\/california\/san-francisco\"},{\"@type\":\"ListItem\",\"position\":4,\"name\":\"Abogado de lesiones por quemaduras de San Francisco\"}]},{\"@type\":\"WebSite\",\"@id\":\"https:\/\/westcoasttriallawyers.com\/es#website\",\"url\":\"https:\/\/westcoasttriallawyers.com\/es\",\"name\":\"West Coast Trial Lawyers\",\"description\":\"West Coast Trial Lawyers\",\"publisher\":{\"@id\":\"https:\/\/westcoasttriallawyers.com\/es#organization\"},\"alternateName\":\"WCTL\",\"potentialAction\":[{\"@type\":\"SearchAction\",\"target\":{\"@type\":\"EntryPoint\",\"urlTemplate\":\"https:\/\/westcoasttriallawyers.com\/es?s={search_term_string}\"},\"query-input\":{\"@type\":\"PropertyValueSpecification\",\"valueRequired\":true,\"valueName\":\"search_term_string\"}}],\"inLanguage\":\"es\"},{\"@type\":\"Organization\",\"@id\":\"https:\/\/westcoasttriallawyers.com\/es#organization\",\"name\":\"West Coast Trial Lawyers\",\"alternateName\":\"WCTL\",\"url\":\"https:\/\/westcoasttriallawyers.com\/es\",\"logo\":{\"@type\":\"ImageObject\",\"inLanguage\":\"es\",\"@id\":\"https:\/\/westcoasttriallawyers.com\/es#\/schema\/logo\/image\/\",\"url\":\"https:\/\/westcoasttriallawyers.com\/wp-content\/uploads\/2026\/02\/WCTL-Logo.jpg\",\"contentUrl\":\"https:\/\/westcoasttriallawyers.com\/wp-content\/uploads\/2026\/02\/WCTL-Logo.jpg\",\"width\":696,\"height\":696,\"caption\":\"West Coast Trial Lawyers\"},\"image\":{\"@id\":\"https:\/\/westcoasttriallawyers.com\/es#\/schema\/logo\/image\/\"},\"sameAs\":[\"https:\/\/www.facebook.com\/westcoasttriallawyers\/\",\"https:\/\/x.com\/WestCoastTrial\",\"https:\/\/www.linkedin.com\/company\/west-coast-trial-lawyers\/\",\"https:\/\/www.instagram.com\/westcoasttriallawyers\/\",\"https:\/\/www.yelp.com\/biz\/west-coast-trial-lawyers-los-angeles-2\",\"https:\/\/www.pinterest.com\/westcoasttrial\/\",\"https:\/\/www.youtube.com\/westcoasttriallawyersla\/\",\"https:\/\/www.tiktok.com\/westcoasttriallawyers\"],\"description\":\"West Coast Trial Lawyers is a top-rated personal injury law firm with a goal to provide expert legal representation to those in need. The law firm has offices across California, Nevada, Arizona, and Washington.\",\"legalName\":\"West Coast Trial Lawyers\"}]}<\/script>\n<!-- \/ Yoast SEO Premium plugin. -->","yoast_head_json":{"title":"Abogado de lesiones por quemaduras de San Francisco | West Coast Trial Lawyers","robots":{"index":"index","follow":"follow","max-snippet":"max-snippet:-1","max-image-preview":"max-image-preview:large","max-video-preview":"max-video-preview:-1"},"canonical":"https:\/\/westcoasttriallawyers.com\/es\/california\/san-francisco\/abogado-de-lesiones-por-quemaduras-de-san-francisco","og_locale":"es_ES","og_type":"article","og_title":"Abogado de lesiones por quemaduras de San Francisco","og_description":"Informaci\u00f3n legal sobre los tipos m\u00e1s comunes de lesiones por quemaduras, prueba de negligencia y da\u00f1os disponibles\u00a0 La Asociaci\u00f3n Nacional de Protecci\u00f3n contra Incendios (NFPA, por sus siglas en ingl\u00e9s) public\u00f3 una hoja informativa sobre incendios dom\u00e9sticos que tuvieron lugar entre 2011 y 2015. El informe indic\u00f3 que hubo un promedio estimado de 358,500 incendios [&hellip;]","og_url":"https:\/\/westcoasttriallawyers.com\/es\/california\/san-francisco\/abogado-de-lesiones-por-quemaduras-de-san-francisco","og_site_name":"West Coast Trial Lawyers","article_publisher":"https:\/\/www.facebook.com\/westcoasttriallawyers\/","article_modified_time":"2026-01-22T11:55:59+00:00","og_image":[{"width":557,"height":327,"url":"https:\/\/westcoasttriallawyers.com\/wp-content\/uploads\/2025\/07\/San-Francisco-5.webp","type":"image\/webp"}],"twitter_card":"summary_large_image","twitter_site":"@WestCoastTrial","twitter_misc":{"Tiempo de lectura":"10 minutos"},"schema":{"@context":"https:\/\/schema.org","@graph":[{"@type":["WebPage","ItemPage"],"@id":"https:\/\/westcoasttriallawyers.com\/es\/california\/san-francisco\/abogado-de-lesiones-por-quemaduras-de-san-francisco","url":"https:\/\/westcoasttriallawyers.com\/es\/california\/san-francisco\/abogado-de-lesiones-por-quemaduras-de-san-francisco","name":"Abogado de lesiones por quemaduras de San Francisco | West Coast Trial Lawyers","isPartOf":{"@id":"https:\/\/westcoasttriallawyers.com\/es#website"},"primaryImageOfPage":{"@id":"https:\/\/westcoasttriallawyers.com\/es\/california\/san-francisco\/abogado-de-lesiones-por-quemaduras-de-san-francisco#primaryimage"},"image":{"@id":"https:\/\/westcoasttriallawyers.com\/es\/california\/san-francisco\/abogado-de-lesiones-por-quemaduras-de-san-francisco#primaryimage"},"thumbnailUrl":"https:\/\/westcoasttriallawyers.com\/wp-content\/uploads\/2025\/07\/San-Francisco-5.webp","datePublished":"2026-01-14T17:42:23+00:00","dateModified":"2026-01-22T11:55:59+00:00","breadcrumb":{"@id":"https:\/\/westcoasttriallawyers.com\/es\/california\/san-francisco\/abogado-de-lesiones-por-quemaduras-de-san-francisco#breadcrumb"},"inLanguage":"es","potentialAction":[{"@type":"ReadAction","target":["https:\/\/westcoasttriallawyers.com\/es\/california\/san-francisco\/abogado-de-lesiones-por-quemaduras-de-san-francisco"]}]},{"@type":"ImageObject","inLanguage":"es","@id":"https:\/\/westcoasttriallawyers.com\/es\/california\/san-francisco\/abogado-de-lesiones-por-quemaduras-de-san-francisco#primaryimage","url":"https:\/\/westcoasttriallawyers.com\/wp-content\/uploads\/2025\/07\/San-Francisco-5.webp","contentUrl":"https:\/\/westcoasttriallawyers.com\/wp-content\/uploads\/2025\/07\/San-Francisco-5.webp","width":557,"height":327},{"@type":"BreadcrumbList","@id":"https:\/\/westcoasttriallawyers.com\/es\/california\/san-francisco\/abogado-de-lesiones-por-quemaduras-de-san-francisco#breadcrumb","itemListElement":[{"@type":"ListItem","position":1,"name":"Inicio","item":"https:\/\/westcoasttriallawyers.com\/es"},{"@type":"ListItem","position":2,"name":"California","item":"https:\/\/westcoasttriallawyers.com\/es\/california"},{"@type":"ListItem","position":3,"name":"San Francisco","item":"https:\/\/westcoasttriallawyers.com\/es\/california\/san-francisco"},{"@type":"ListItem","position":4,"name":"Abogado de lesiones por quemaduras de San Francisco"}]},{"@type":"WebSite","@id":"https:\/\/westcoasttriallawyers.com\/es#website","url":"https:\/\/westcoasttriallawyers.com\/es","name":"West Coast Trial Lawyers","description":"West Coast Trial Lawyers","publisher":{"@id":"https:\/\/westcoasttriallawyers.com\/es#organization"},"alternateName":"WCTL","potentialAction":[{"@type":"SearchAction","target":{"@type":"EntryPoint","urlTemplate":"https:\/\/westcoasttriallawyers.com\/es?s={search_term_string}"},"query-input":{"@type":"PropertyValueSpecification","valueRequired":true,"valueName":"search_term_string"}}],"inLanguage":"es"},{"@type":"Organization","@id":"https:\/\/westcoasttriallawyers.com\/es#organization","name":"West Coast Trial Lawyers","alternateName":"WCTL","url":"https:\/\/westcoasttriallawyers.com\/es","logo":{"@type":"ImageObject","inLanguage":"es","@id":"https:\/\/westcoasttriallawyers.com\/es#\/schema\/logo\/image\/","url":"https:\/\/westcoasttriallawyers.com\/wp-content\/uploads\/2026\/02\/WCTL-Logo.jpg","contentUrl":"https:\/\/westcoasttriallawyers.com\/wp-content\/uploads\/2026\/02\/WCTL-Logo.jpg","width":696,"height":696,"caption":"West Coast Trial Lawyers"},"image":{"@id":"https:\/\/westcoasttriallawyers.com\/es#\/schema\/logo\/image\/"},"sameAs":["https:\/\/www.facebook.com\/westcoasttriallawyers\/","https:\/\/x.com\/WestCoastTrial","https:\/\/www.linkedin.com\/company\/west-coast-trial-lawyers\/","https:\/\/www.instagram.com\/westcoasttriallawyers\/","https:\/\/www.yelp.com\/biz\/west-coast-trial-lawyers-los-angeles-2","https:\/\/www.pinterest.com\/westcoasttrial\/","https:\/\/www.youtube.com\/westcoasttriallawyersla\/","https:\/\/www.tiktok.com\/westcoasttriallawyers"],"description":"West Coast Trial Lawyers is a top-rated personal injury law firm with a goal to provide expert legal representation to those in need. The law firm has offices across California, Nevada, Arizona, and Washington.","legalName":"West Coast Trial Lawyers"}]}},"_links":{"self":[{"href":"https:\/\/westcoasttriallawyers.com\/es\/wp-json\/wp\/v2\/pages\/12601","targetHints":{"allow":["GET"]}}],"collection":[{"href":"https:\/\/westcoasttriallawyers.com\/es\/wp-json\/wp\/v2\/pages"}],"about":[{"href":"https:\/\/westcoasttriallawyers.com\/es\/wp-json\/wp\/v2\/types\/page"}],"author":[{"embeddable":true,"href":"https:\/\/westcoasttriallawyers.com\/es\/wp-json\/wp\/v2\/users\/475"}],"replies":[{"embeddable":true,"href":"https:\/\/westcoasttriallawyers.com\/es\/wp-json\/wp\/v2\/comments?post=12601"}],"version-history":[{"count":3,"href":"https:\/\/westcoasttriallawyers.com\/es\/wp-json\/wp\/v2\/pages\/12601\/revisions"}],"predecessor-version":[{"id":47905,"href":"https:\/\/westcoasttriallawyers.com\/es\/wp-json\/wp\/v2\/pages\/12601\/revisions\/47905"}],"up":[{"embeddable":true,"href":"https:\/\/westcoasttriallawyers.com\/es\/wp-json\/wp\/v2\/pages\/47400"}],"wp:featuredmedia":[{"embeddable":true,"href":"https:\/\/westcoasttriallawyers.com\/es\/wp-json\/wp\/v2\/media\/46664"}],"wp:attachment":[{"href":"https:\/\/westcoasttriallawyers.com\/es\/wp-json\/wp\/v2\/media?parent=12601"}],"curies":[{"name":"wp","href":"https:\/\/api.w.org\/{rel}","templated":true}]}}