{"id":12600,"date":"2026-01-14T17:42:30","date_gmt":"2026-01-14T17:42:30","guid":{"rendered":"https:\/\/wctl1stg.wpengine.com\/?page_id=12600"},"modified":"2026-01-22T13:09:32","modified_gmt":"2026-01-22T13:09:32","slug":"abogado-de-accidentes-de-camiones-en-san-francisco","status":"publish","type":"page","link":"https:\/\/westcoasttriallawyers.com\/es\/california\/san-francisco\/abogado-de-accidentes-de-camiones-en-san-francisco","title":{"rendered":"Abogado de accidentes de camiones en San Francisco"},"content":{"rendered":"<h2><strong>\u00bfQui\u00e9n puede ser considerado responsable en un accidente de cami\u00f3n? \u00bfCu\u00e1les son algunos pasos esenciales a seguir para obtener una compensaci\u00f3n justa?<\/strong><\/h2>\n<p>Las consecuencias de un accidente de cami\u00f3n son muy diferentes en comparaci\u00f3n con un accidente automovil\u00edstico. Es m\u00e1s probable que las lesiones sean graves si un conductor est\u00e1 involucrado en un accidente con un cami\u00f3n comercial. Esto podr\u00eda resultar en una atenci\u00f3n m\u00e9dica costosa que requerir\u00e1 que la v\u00edctima caiga en una carga financiera al tener que pagar las facturas del hospital y las visitas al m\u00e9dico, junto con otros da\u00f1os.<\/p>\n<p>Las v\u00edctimas de un accidente de cami\u00f3n son elegibles para presentar un reclamo por lesiones personales contra la parte culpable por lesiones y\/o da\u00f1os. La v\u00edctima debe mostrar prueba de:<\/p>\n<ul>\n<li>La otra parte debe un deber de cuidado a la v\u00edctima,<\/li>\n<li>La otra parte incumple su deber de diligencia, y<\/li>\n<li>Siendo el incumplimiento la principal causa del accidente.<\/li>\n<\/ul>\n<p>Si la v\u00edctima puede proporcionar estos tres elementos como prueba de que la otra parte cometi\u00f3 negligencia, entonces se le otorgar\u00e1n da\u00f1os econ\u00f3micos y no econ\u00f3micos. Sin embargo, se recomienda que las v\u00edctimas de accidentes se comuniquen con un abogado experto en lesiones personales. El abogado evaluar\u00e1 el caso de la v\u00edctima y brindar\u00e1 asistencia legal para garantizar que la v\u00edctima obtenga una compensaci\u00f3n justa que cubra los da\u00f1os causados \u200b\u200bpor el accidente.<\/p>\n<p>En West Coast Trial Lawyers, nuestros abogados de accidentes de camiones en San Francisco han ganado m\u00e1s de 5,000 casos de lesiones personales y han recuperado m\u00e1s de $1,000 millones en acuerdos para nuestros clientes. Debido a nuestros logros, hemos sido clasificados como uno de los mejores bufetes de abogados de lesiones personales en San Francisco.<\/p>\n<p>No dude en comunicarse con nuestro equipo legal las 24 horas, los 7 d\u00edas de la semana llamando al 213-927-3700 o enviando un correo electr\u00f3nico a info@westcoasttriallawyers.com para programar una consulta gratuita con nuestro bufete de abogados de lesiones personales en San Francisco.<\/p>\n<h2><strong>\u00bfQui\u00e9n puede tener la culpa de un accidente de cami\u00f3n?<\/strong><\/h2>\n<p>California es un estado de negligencia comparativa, lo que significa que un conductor culpable puede tener derecho a presentar una demanda por da\u00f1os y perjuicios por lesiones personales, incluso si fue parcialmente culpable de causar un accidente de cami\u00f3n. Si bien se puede responsabilizar a varias partes por las lesiones y p\u00e9rdidas de las v\u00edctimas de un accidente de cami\u00f3n, probar la responsabilidad generalmente involucrar\u00e1 una o ambas de las dos teor\u00edas legales: negligencia y responsabilidad objetiva.<\/p>\n<p>De acuerdo con la ley de negligencia de California, un conductor de cami\u00f3n que sea declarado culpable de negligencia ser\u00e1 responsable de causar lesiones o da\u00f1os. La parte agraviada est\u00e1 obligada a demostrar que el conductor del cami\u00f3n incumpli\u00f3 su deber de diligencia, lo que finalmente provoc\u00f3 el accidente.<\/p>\n<p>La ley de responsabilidad estricta de California establece que los dise\u00f1adores, fabricantes e incluso cualquier empresa involucrada en la cadena de distribuci\u00f3n de un producto pueden ser responsables si su producto defectuoso fue la causa de un accidente de cami\u00f3n. En un caso de responsabilidad estricta, la negligencia no ser\u00e1 un factor al determinar la responsabilidad, ya que cualquiera de estas empresas puede ser considerada responsable independientemente de si cometi\u00f3 alg\u00fan error que contribuy\u00f3 al accidente del cami\u00f3n.<\/p>\n<p>Los posibles culpables en accidentes de camiones pueden incluir:<\/p>\n<ul>\n<li><strong>El camionero.<\/strong> Todos los camiones est\u00e1n sujetos a leyes y reglamentos estatales y federales para minimizar los riesgos de accidentes; sin embargo, los conductores de camiones a menudo se encuentran bajo una gran presi\u00f3n para cumplir con los plazos. Es probable que esto haga que realicen acciones imprudentes o negligentes para evitar retrasarse en sus horarios.<\/li>\n<li><strong>La empresa de camiones.<\/strong> Las empresas de camiones pueden violar intencionalmente las normas de transporte o los requisitos de seguridad para aumentar sus m\u00e1rgenes de beneficio. Si estas infracciones contribuyen a un accidente de cami\u00f3n, entonces esa empresa ser\u00e1 responsable de las lesiones o da\u00f1os.<\/li>\n<li><strong>Dise\u00f1adores, fabricantes o cualquier empresa involucrada en la cadena de distribuci\u00f3n de un producto.<\/strong> Ser\u00e1n responsables si una pieza defectuosa del cami\u00f3n causa o contribuye a causar un accidente de cami\u00f3n.<\/li>\n<li><strong>Otro(s) conductor(es).<\/strong> Un conductor, o varios conductores, tambi\u00e9n pueden compartir cierto grado de responsabilidad por contribuir a un accidente de cami\u00f3n. Sin embargo, un conductor lesionado que es parcialmente responsable de un accidente de cami\u00f3n a\u00fan puede recuperar algunos da\u00f1os.<\/li>\n<\/ul>\n<h2><strong>Qu\u00e9 hacer despu\u00e9s de un accidente de cami\u00f3n<\/strong><\/h2>\n<p>Para adquirir una compensaci\u00f3n justa que lo ayude a cubrir cualquier lesi\u00f3n o da\u00f1o que haya sufrido en un accidente de cami\u00f3n, debe tener en cuenta estos consejos.<\/p>\n<ul>\n<li><strong>Verificar a todos los involucrados.<\/strong> Cualquier lesi\u00f3n o da\u00f1o grave debe informarse a la polic\u00eda lo antes posible.<\/li>\n<li><strong>Llame a la polic\u00eda, si es necesario.<\/strong> La polic\u00eda llegar\u00e1 al lugar del accidente y realizar\u00e1 un informe policial oficial. Los param\u00e9dicos tambi\u00e9n pueden estar presentes para brindar atenci\u00f3n m\u00e9dica inmediata a las personas lesionadas.<\/li>\n<li><strong>Intercambiar informaci\u00f3n.<\/strong> Aseg\u00farese de recopilar nombres, n\u00fameros de tel\u00e9fono, direcciones, detalles de la licencia de conducir, n\u00fameros de placa e informaci\u00f3n del seguro de todas las personas involucradas en el accidente.<\/li>\n<li><strong>Documentar el accidente.<\/strong> Es ideal para tomar la mayor cantidad de fotograf\u00edas o videos de sus lesiones, da\u00f1os y el lugar donde ocurri\u00f3 el accidente. Tambi\u00e9n debe anotar su perspectiva de lo que sucedi\u00f3. No olvide incluir la fecha y la hora en que ocurri\u00f3 el evento.<\/li>\n<li><strong>No discuta el accidente.<\/strong> Mantener la calma es m\u00e1s f\u00e1cil decirlo que hacerlo, especialmente despu\u00e9s de una colisi\u00f3n; sin embargo, si es posible, no hable sobre el incidente en absoluto. Nunca admita la culpa y tampoco haga declaraciones sobre qui\u00e9n puede tener la culpa.<\/li>\n<li><strong>Encuentra un testigo.<\/strong> Si hay testigos disponibles cerca, debe pedir su consentimiento para anotar su informaci\u00f3n de contacto. Los testimonios de sus testigos fortalecer\u00e1n en gran medida su afirmaci\u00f3n.<\/li>\n<li><strong>Busque atenci\u00f3n m\u00e9dica.<\/strong> Como ocurre con la mayor\u00eda de los accidentes automovil\u00edsticos, las lesiones sufridas como resultado de un accidente de cami\u00f3n pueden no manifestar ning\u00fan efecto adverso hasta d\u00edas o semanas despu\u00e9s de ocurrido el incidente. Ya sea que crea que est\u00e1 lesionado o no, debe ser examinado por un m\u00e9dico. El m\u00e9dico realizar\u00e1 pruebas para determinar si sufri\u00f3 alguna lesi\u00f3n que pueda requerir atenci\u00f3n m\u00e9dica adicional. Y lo m\u00e1s importante, a menos que lo vea un m\u00e9dico, es probable que la compa\u00f1\u00eda de seguros argumente que usted no result\u00f3 herido en absoluto, lo que podr\u00eda ser muy perjudicial para su reclamo.<\/li>\n<li><strong>P\u00f3ngase en contacto con un abogado de accidentes de camiones.<\/strong> Los d\u00edas posteriores a un accidente de cami\u00f3n son muy delicados. No solo debe consultar a un m\u00e9dico, se recomienda que contrate los servicios de un abogado con experiencia en accidentes de camiones en San Francisco. Es posible que los representantes de seguros se comuniquen con usted e intentar\u00e1n presionarlo para que llegue a un acuerdo. No hable con nadie sobre la situaci\u00f3n hasta que haya consultado primero con un abogado. Las compa\u00f1\u00edas de seguros no est\u00e1n de su lado. Un abogado de accidentes de camiones estar\u00e1 all\u00ed en cada paso del camino lidiando con el papeleo y las compa\u00f1\u00edas de seguros para que pueda concentrarse en su recuperaci\u00f3n.<\/li>\n<\/ul>\n<h2><strong>Los abogados litigantes de la costa oeste est\u00e1n aqu\u00ed para ayudar<\/strong><\/h2>\n<p>Si estuvo involucrado en un accidente de cami\u00f3n en San Francisco y desea entablar una demanda contra la parte culpable, West Coast Trial Lawyers tiene abogados con experiencia en lesiones personales en San Francisco que est\u00e1n disponibles para ayudarle con su caso.<\/p>\n<p>Comun\u00edquese hoy con nuestro equipo legal disponible las 24 horas, los 7 d\u00edas de la semana llamando al 213-927-3700 o enviando un correo electr\u00f3nico a info@westcoasttriallawyers.com para programar una consulta gratuita en nuestro bufete de abogados de lesiones personales en San Francisco.\u00a0<\/p>\n<p><!-- WCTL_DEBUG: no shortcode in this_content --><\/p>\n","protected":false},"excerpt":{"rendered":"<p>\u00bfQui\u00e9n puede ser considerado responsable en un accidente de cami\u00f3n? \u00bfCu\u00e1les son algunos pasos esenciales a seguir para obtener una compensaci\u00f3n justa? Las consecuencias de un accidente de cami\u00f3n son muy diferentes en comparaci\u00f3n con un accidente automovil\u00edstico. Es m\u00e1s probable que las lesiones sean graves si un conductor est\u00e1 involucrado en un accidente con [&hellip;]<\/p>\n","protected":false},"author":475,"featured_media":46699,"parent":47400,"menu_order":0,"comment_status":"closed","ping_status":"closed","template":"","meta":{"inline_featured_image":false,"footnotes":""},"class_list":["post-12600","page","type-page","status-publish","has-post-thumbnail","hentry"],"acf":[],"yoast_head":"<!-- This site is optimized with the Yoast SEO Premium plugin v26.0 (Yoast SEO v26.0) - https:\/\/yoast.com\/wordpress\/plugins\/seo\/ -->\n<title>Abogado de accidentes de camiones en San Francisco | West Coast Trial Lawyers<\/title>\n<meta name=\"robots\" content=\"index, follow, max-snippet:-1, max-image-preview:large, max-video-preview:-1\" \/>\n<link rel=\"canonical\" href=\"https:\/\/westcoasttriallawyers.com\/es\/california\/san-francisco\/abogado-de-accidentes-de-camiones-en-san-francisco\" \/>\n<meta property=\"og:locale\" content=\"es_ES\" \/>\n<meta property=\"og:type\" content=\"article\" \/>\n<meta property=\"og:title\" content=\"Abogado de accidentes de camiones en San Francisco\" \/>\n<meta property=\"og:description\" content=\"\u00bfQui\u00e9n puede ser considerado responsable en un accidente de cami\u00f3n? \u00bfCu\u00e1les son algunos pasos esenciales a seguir para obtener una compensaci\u00f3n justa? Las consecuencias de un accidente de cami\u00f3n son muy diferentes en comparaci\u00f3n con un accidente automovil\u00edstico. Es m\u00e1s probable que las lesiones sean graves si un conductor est\u00e1 involucrado en un accidente con [&hellip;]\" \/>\n<meta property=\"og:url\" content=\"https:\/\/westcoasttriallawyers.com\/es\/california\/san-francisco\/abogado-de-accidentes-de-camiones-en-san-francisco\" \/>\n<meta property=\"og:site_name\" content=\"West Coast Trial Lawyers\" \/>\n<meta property=\"article:publisher\" content=\"https:\/\/www.facebook.com\/westcoasttriallawyers\/\" \/>\n<meta property=\"article:modified_time\" content=\"2026-01-22T13:09:32+00:00\" \/>\n<meta property=\"og:image\" content=\"https:\/\/westcoasttriallawyers.com\/wp-content\/uploads\/2025\/07\/San-Francisco-19.webp\" \/>\n\t<meta property=\"og:image:width\" content=\"557\" \/>\n\t<meta property=\"og:image:height\" content=\"327\" \/>\n\t<meta property=\"og:image:type\" content=\"image\/webp\" \/>\n<meta name=\"twitter:card\" content=\"summary_large_image\" \/>\n<meta name=\"twitter:site\" content=\"@WestCoastTrial\" \/>\n<meta name=\"twitter:label1\" content=\"Tiempo de lectura\" \/>\n\t<meta name=\"twitter:data1\" content=\"12 minutos\" \/>\n<script type=\"application\/ld+json\" class=\"yoast-schema-graph\">{\"@context\":\"https:\/\/schema.org\",\"@graph\":[{\"@type\":[\"WebPage\",\"ItemPage\"],\"@id\":\"https:\/\/westcoasttriallawyers.com\/es\/california\/san-francisco\/abogado-de-accidentes-de-camiones-en-san-francisco\",\"url\":\"https:\/\/westcoasttriallawyers.com\/es\/california\/san-francisco\/abogado-de-accidentes-de-camiones-en-san-francisco\",\"name\":\"Abogado de accidentes de camiones en San Francisco | West Coast Trial Lawyers\",\"isPartOf\":{\"@id\":\"https:\/\/westcoasttriallawyers.com\/es#website\"},\"primaryImageOfPage\":{\"@id\":\"https:\/\/westcoasttriallawyers.com\/es\/california\/san-francisco\/abogado-de-accidentes-de-camiones-en-san-francisco#primaryimage\"},\"image\":{\"@id\":\"https:\/\/westcoasttriallawyers.com\/es\/california\/san-francisco\/abogado-de-accidentes-de-camiones-en-san-francisco#primaryimage\"},\"thumbnailUrl\":\"https:\/\/westcoasttriallawyers.com\/wp-content\/uploads\/2025\/07\/San-Francisco-19.webp\",\"datePublished\":\"2026-01-14T17:42:30+00:00\",\"dateModified\":\"2026-01-22T13:09:32+00:00\",\"breadcrumb\":{\"@id\":\"https:\/\/westcoasttriallawyers.com\/es\/california\/san-francisco\/abogado-de-accidentes-de-camiones-en-san-francisco#breadcrumb\"},\"inLanguage\":\"es\",\"potentialAction\":[{\"@type\":\"ReadAction\",\"target\":[\"https:\/\/westcoasttriallawyers.com\/es\/california\/san-francisco\/abogado-de-accidentes-de-camiones-en-san-francisco\"]}]},{\"@type\":\"ImageObject\",\"inLanguage\":\"es\",\"@id\":\"https:\/\/westcoasttriallawyers.com\/es\/california\/san-francisco\/abogado-de-accidentes-de-camiones-en-san-francisco#primaryimage\",\"url\":\"https:\/\/westcoasttriallawyers.com\/wp-content\/uploads\/2025\/07\/San-Francisco-19.webp\",\"contentUrl\":\"https:\/\/westcoasttriallawyers.com\/wp-content\/uploads\/2025\/07\/San-Francisco-19.webp\",\"width\":557,\"height\":327},{\"@type\":\"BreadcrumbList\",\"@id\":\"https:\/\/westcoasttriallawyers.com\/es\/california\/san-francisco\/abogado-de-accidentes-de-camiones-en-san-francisco#breadcrumb\",\"itemListElement\":[{\"@type\":\"ListItem\",\"position\":1,\"name\":\"Inicio\",\"item\":\"https:\/\/westcoasttriallawyers.com\/es\"},{\"@type\":\"ListItem\",\"position\":2,\"name\":\"California\",\"item\":\"https:\/\/westcoasttriallawyers.com\/es\/california\"},{\"@type\":\"ListItem\",\"position\":3,\"name\":\"San Francisco\",\"item\":\"https:\/\/westcoasttriallawyers.com\/es\/california\/san-francisco\"},{\"@type\":\"ListItem\",\"position\":4,\"name\":\"Abogado de accidentes de camiones en San Francisco\"}]},{\"@type\":\"WebSite\",\"@id\":\"https:\/\/westcoasttriallawyers.com\/es#website\",\"url\":\"https:\/\/westcoasttriallawyers.com\/es\",\"name\":\"West Coast Trial Lawyers\",\"description\":\"West Coast Trial Lawyers\",\"publisher\":{\"@id\":\"https:\/\/westcoasttriallawyers.com\/es#organization\"},\"alternateName\":\"WCTL\",\"potentialAction\":[{\"@type\":\"SearchAction\",\"target\":{\"@type\":\"EntryPoint\",\"urlTemplate\":\"https:\/\/westcoasttriallawyers.com\/es?s={search_term_string}\"},\"query-input\":{\"@type\":\"PropertyValueSpecification\",\"valueRequired\":true,\"valueName\":\"search_term_string\"}}],\"inLanguage\":\"es\"},{\"@type\":\"Organization\",\"@id\":\"https:\/\/westcoasttriallawyers.com\/es#organization\",\"name\":\"West Coast Trial Lawyers\",\"alternateName\":\"WCTL\",\"url\":\"https:\/\/westcoasttriallawyers.com\/es\",\"logo\":{\"@type\":\"ImageObject\",\"inLanguage\":\"es\",\"@id\":\"https:\/\/westcoasttriallawyers.com\/es#\/schema\/logo\/image\/\",\"url\":\"https:\/\/westcoasttriallawyers.com\/wp-content\/uploads\/2026\/02\/WCTL-Logo.jpg\",\"contentUrl\":\"https:\/\/westcoasttriallawyers.com\/wp-content\/uploads\/2026\/02\/WCTL-Logo.jpg\",\"width\":696,\"height\":696,\"caption\":\"West Coast Trial Lawyers\"},\"image\":{\"@id\":\"https:\/\/westcoasttriallawyers.com\/es#\/schema\/logo\/image\/\"},\"sameAs\":[\"https:\/\/www.facebook.com\/westcoasttriallawyers\/\",\"https:\/\/x.com\/WestCoastTrial\",\"https:\/\/www.linkedin.com\/company\/west-coast-trial-lawyers\/\",\"https:\/\/www.instagram.com\/westcoasttriallawyers\/\",\"https:\/\/www.yelp.com\/biz\/west-coast-trial-lawyers-los-angeles-2\",\"https:\/\/www.pinterest.com\/westcoasttrial\/\",\"https:\/\/www.youtube.com\/westcoasttriallawyersla\/\",\"https:\/\/www.tiktok.com\/westcoasttriallawyers\"],\"description\":\"West Coast Trial Lawyers is a top-rated personal injury law firm with a goal to provide expert legal representation to those in need. The law firm has offices across California, Nevada, Arizona, and Washington.\",\"legalName\":\"West Coast Trial Lawyers\"}]}<\/script>\n<!-- \/ Yoast SEO Premium plugin. -->","yoast_head_json":{"title":"Abogado de accidentes de camiones en San Francisco | West Coast Trial Lawyers","robots":{"index":"index","follow":"follow","max-snippet":"max-snippet:-1","max-image-preview":"max-image-preview:large","max-video-preview":"max-video-preview:-1"},"canonical":"https:\/\/westcoasttriallawyers.com\/es\/california\/san-francisco\/abogado-de-accidentes-de-camiones-en-san-francisco","og_locale":"es_ES","og_type":"article","og_title":"Abogado de accidentes de camiones en San Francisco","og_description":"\u00bfQui\u00e9n puede ser considerado responsable en un accidente de cami\u00f3n? \u00bfCu\u00e1les son algunos pasos esenciales a seguir para obtener una compensaci\u00f3n justa? Las consecuencias de un accidente de cami\u00f3n son muy diferentes en comparaci\u00f3n con un accidente automovil\u00edstico. Es m\u00e1s probable que las lesiones sean graves si un conductor est\u00e1 involucrado en un accidente con [&hellip;]","og_url":"https:\/\/westcoasttriallawyers.com\/es\/california\/san-francisco\/abogado-de-accidentes-de-camiones-en-san-francisco","og_site_name":"West Coast Trial Lawyers","article_publisher":"https:\/\/www.facebook.com\/westcoasttriallawyers\/","article_modified_time":"2026-01-22T13:09:32+00:00","og_image":[{"width":557,"height":327,"url":"https:\/\/westcoasttriallawyers.com\/wp-content\/uploads\/2025\/07\/San-Francisco-19.webp","type":"image\/webp"}],"twitter_card":"summary_large_image","twitter_site":"@WestCoastTrial","twitter_misc":{"Tiempo de lectura":"12 minutos"},"schema":{"@context":"https:\/\/schema.org","@graph":[{"@type":["WebPage","ItemPage"],"@id":"https:\/\/westcoasttriallawyers.com\/es\/california\/san-francisco\/abogado-de-accidentes-de-camiones-en-san-francisco","url":"https:\/\/westcoasttriallawyers.com\/es\/california\/san-francisco\/abogado-de-accidentes-de-camiones-en-san-francisco","name":"Abogado de accidentes de camiones en San Francisco | West Coast Trial Lawyers","isPartOf":{"@id":"https:\/\/westcoasttriallawyers.com\/es#website"},"primaryImageOfPage":{"@id":"https:\/\/westcoasttriallawyers.com\/es\/california\/san-francisco\/abogado-de-accidentes-de-camiones-en-san-francisco#primaryimage"},"image":{"@id":"https:\/\/westcoasttriallawyers.com\/es\/california\/san-francisco\/abogado-de-accidentes-de-camiones-en-san-francisco#primaryimage"},"thumbnailUrl":"https:\/\/westcoasttriallawyers.com\/wp-content\/uploads\/2025\/07\/San-Francisco-19.webp","datePublished":"2026-01-14T17:42:30+00:00","dateModified":"2026-01-22T13:09:32+00:00","breadcrumb":{"@id":"https:\/\/westcoasttriallawyers.com\/es\/california\/san-francisco\/abogado-de-accidentes-de-camiones-en-san-francisco#breadcrumb"},"inLanguage":"es","potentialAction":[{"@type":"ReadAction","target":["https:\/\/westcoasttriallawyers.com\/es\/california\/san-francisco\/abogado-de-accidentes-de-camiones-en-san-francisco"]}]},{"@type":"ImageObject","inLanguage":"es","@id":"https:\/\/westcoasttriallawyers.com\/es\/california\/san-francisco\/abogado-de-accidentes-de-camiones-en-san-francisco#primaryimage","url":"https:\/\/westcoasttriallawyers.com\/wp-content\/uploads\/2025\/07\/San-Francisco-19.webp","contentUrl":"https:\/\/westcoasttriallawyers.com\/wp-content\/uploads\/2025\/07\/San-Francisco-19.webp","width":557,"height":327},{"@type":"BreadcrumbList","@id":"https:\/\/westcoasttriallawyers.com\/es\/california\/san-francisco\/abogado-de-accidentes-de-camiones-en-san-francisco#breadcrumb","itemListElement":[{"@type":"ListItem","position":1,"name":"Inicio","item":"https:\/\/westcoasttriallawyers.com\/es"},{"@type":"ListItem","position":2,"name":"California","item":"https:\/\/westcoasttriallawyers.com\/es\/california"},{"@type":"ListItem","position":3,"name":"San Francisco","item":"https:\/\/westcoasttriallawyers.com\/es\/california\/san-francisco"},{"@type":"ListItem","position":4,"name":"Abogado de accidentes de camiones en San Francisco"}]},{"@type":"WebSite","@id":"https:\/\/westcoasttriallawyers.com\/es#website","url":"https:\/\/westcoasttriallawyers.com\/es","name":"West Coast Trial Lawyers","description":"West Coast Trial Lawyers","publisher":{"@id":"https:\/\/westcoasttriallawyers.com\/es#organization"},"alternateName":"WCTL","potentialAction":[{"@type":"SearchAction","target":{"@type":"EntryPoint","urlTemplate":"https:\/\/westcoasttriallawyers.com\/es?s={search_term_string}"},"query-input":{"@type":"PropertyValueSpecification","valueRequired":true,"valueName":"search_term_string"}}],"inLanguage":"es"},{"@type":"Organization","@id":"https:\/\/westcoasttriallawyers.com\/es#organization","name":"West Coast Trial Lawyers","alternateName":"WCTL","url":"https:\/\/westcoasttriallawyers.com\/es","logo":{"@type":"ImageObject","inLanguage":"es","@id":"https:\/\/westcoasttriallawyers.com\/es#\/schema\/logo\/image\/","url":"https:\/\/westcoasttriallawyers.com\/wp-content\/uploads\/2026\/02\/WCTL-Logo.jpg","contentUrl":"https:\/\/westcoasttriallawyers.com\/wp-content\/uploads\/2026\/02\/WCTL-Logo.jpg","width":696,"height":696,"caption":"West Coast Trial Lawyers"},"image":{"@id":"https:\/\/westcoasttriallawyers.com\/es#\/schema\/logo\/image\/"},"sameAs":["https:\/\/www.facebook.com\/westcoasttriallawyers\/","https:\/\/x.com\/WestCoastTrial","https:\/\/www.linkedin.com\/company\/west-coast-trial-lawyers\/","https:\/\/www.instagram.com\/westcoasttriallawyers\/","https:\/\/www.yelp.com\/biz\/west-coast-trial-lawyers-los-angeles-2","https:\/\/www.pinterest.com\/westcoasttrial\/","https:\/\/www.youtube.com\/westcoasttriallawyersla\/","https:\/\/www.tiktok.com\/westcoasttriallawyers"],"description":"West Coast Trial Lawyers is a top-rated personal injury law firm with a goal to provide expert legal representation to those in need. The law firm has offices across California, Nevada, Arizona, and Washington.","legalName":"West Coast Trial Lawyers"}]}},"_links":{"self":[{"href":"https:\/\/westcoasttriallawyers.com\/es\/wp-json\/wp\/v2\/pages\/12600","targetHints":{"allow":["GET"]}}],"collection":[{"href":"https:\/\/westcoasttriallawyers.com\/es\/wp-json\/wp\/v2\/pages"}],"about":[{"href":"https:\/\/westcoasttriallawyers.com\/es\/wp-json\/wp\/v2\/types\/page"}],"author":[{"embeddable":true,"href":"https:\/\/westcoasttriallawyers.com\/es\/wp-json\/wp\/v2\/users\/475"}],"replies":[{"embeddable":true,"href":"https:\/\/westcoasttriallawyers.com\/es\/wp-json\/wp\/v2\/comments?post=12600"}],"version-history":[{"count":3,"href":"https:\/\/westcoasttriallawyers.com\/es\/wp-json\/wp\/v2\/pages\/12600\/revisions"}],"predecessor-version":[{"id":47938,"href":"https:\/\/westcoasttriallawyers.com\/es\/wp-json\/wp\/v2\/pages\/12600\/revisions\/47938"}],"up":[{"embeddable":true,"href":"https:\/\/westcoasttriallawyers.com\/es\/wp-json\/wp\/v2\/pages\/47400"}],"wp:featuredmedia":[{"embeddable":true,"href":"https:\/\/westcoasttriallawyers.com\/es\/wp-json\/wp\/v2\/media\/46699"}],"wp:attachment":[{"href":"https:\/\/westcoasttriallawyers.com\/es\/wp-json\/wp\/v2\/media?parent=12600"}],"curies":[{"name":"wp","href":"https:\/\/api.w.org\/{rel}","templated":true}]}}