{"id":12597,"date":"2026-01-14T17:42:22","date_gmt":"2026-01-14T17:42:22","guid":{"rendered":"https:\/\/wctl1stg.wpengine.com\/?page_id=12597"},"modified":"2026-01-22T11:58:11","modified_gmt":"2026-01-22T11:58:11","slug":"abogado-de-accidentes-de-autobus-en-san-francisco","status":"publish","type":"page","link":"https:\/\/westcoasttriallawyers.com\/es\/california\/san-francisco\/abogado-de-accidentes-de-autobus-en-san-francisco","title":{"rendered":"Abogado de accidentes de autob\u00fas en San Francisco"},"content":{"rendered":"<h2><strong>\u00bfCu\u00e1les son las causas m\u00e1s comunes de un accidente de autob\u00fas y lesiones?<\/strong><\/h2>\n<p>Los autobuses son una opci\u00f3n conveniente y asequible para el transporte. A partir de ahora, San Francisco tiene 41 rutas de autobuses locales disponibles para el uso de las personas. Ofrece 4 rutas r\u00e1pidas y 1 expr\u00e9s, tambi\u00e9n. Se espera que estos servicios de autob\u00fas brinden un deber de cuidado a un pasajero una vez que ponga un pie en el veh\u00edculo. Sin embargo, m\u00faltiples factores, como conductores negligentes o peligros en la carretera, podr\u00edan afectar el resultado de un viaje en autob\u00fas. Si cualquiera de los factores, de hecho, hace que el conductor del autob\u00fas tenga un accidente, entonces la parte culpable ser\u00e1 responsable de los da\u00f1os y perjuicios.<\/p>\n<p>Si un conductor de autob\u00fas se ve involucrado en un accidente debido a un autob\u00fas defectuoso, la empresa y\/o el fabricante pueden ser responsables de las p\u00e9rdidas causadas por su negligencia. Dado que California se identifica como un estado de falla comparativa, m\u00e1s de una parte puede ser responsable de un accidente. La responsabilidad se dividir\u00e1 en funci\u00f3n del grado de negligencia cometido por cada parte involucrada.<\/p>\n<p>Si usted es v\u00edctima de un accidente de autob\u00fas y desea emprender acciones legales contra la parte culpable, West Coast Trial Lawyers cuenta con abogados experimentados en accidentes de autob\u00fas en San Francisco que le brindar\u00e1n la justicia y la compensaci\u00f3n que merece. Hemos ganado m\u00e1s de 5000 casos de lesiones personales y hemos recuperado m\u00e1s de $1000 millones en acuerdos para nuestros clientes. Debido a nuestros logros, hemos sido clasificados como uno de los mejores bufetes de abogados de lesiones personales en San Francisco.<\/p>\n<p>Si desea programar una consulta gratuita y sin compromiso en nuestro bufete de abogados de lesiones personales de San Francisco, comun\u00edquese con nuestro equipo legal las 24 horas, los 7 d\u00edas de la semana llamando al 213-927-3700 o enviando un correo electr\u00f3nico a\u00a0<a href=\"mailto:info@westcoasttriallawyers.com\">info@westcoasttriallawyers.com<\/a>.\u00a0<\/p>\n<h2><strong>Causas comunes de accidentes de autob\u00fas en San Francisco<\/strong><\/h2>\n<p>En San Francisco, m\u00faltiples factores han contribuido a la causa de un accidente de autob\u00fas, tales como:<\/p>\n<p><strong>El exceso de velocidad<\/strong> es uno de los factores m\u00e1s comunes de un accidente de autob\u00fas. A menudo, los conductores de autobuses pueden retrasarse en su horario de recoger y dejar pasajeros, lo que puede obligarlos a acelerar. Sin embargo, no est\u00e1 permitido que un conductor exceda el l\u00edmite de velocidad indicado, independientemente del motivo. El conductor del autob\u00fas podr\u00eda crear un entorno peligroso para los pasajeros, peatones, ciclistas y otros conductores cercanos. En San Francisco, hubo un informe en 2016 de un conductor de autob\u00fas tur\u00edstico que fue visto conduciendo a velocidades inseguras y causando un accidente desastroso. Los conductores, peatones y pasajeros resultaron heridos por el accidente. Se reportaron lesiones leves a severas.<\/p>\n<p>El exceso de velocidad no solo es un factor importante en un accidente de autob\u00fas, sino que tambi\u00e9n lo son las\u00a0<strong>distracciones<\/strong>. Los conductores de autobuses pueden sentir la necesidad de revisar su tel\u00e9fono en busca de notificaciones, como una llamada perdida o un mensaje de texto. Independientemente de si fue una mirada r\u00e1pida, un conductor de autob\u00fas nunca debe apartar la vista de la carretera, especialmente si es responsable de la seguridad de los pasajeros a bordo.<\/p>\n<p><strong>Conducir bajo la influencia de drogas o alcohol<\/strong> es otro factor conocido que ha causado un accidente de autob\u00fas. Algunos conductores de autob\u00fas pueden sentir la necesidad de consumir alcohol o drogas para mantenerse despiertos durante los viajes largos, mientras que otros pueden quererlo por motivos personales. Sin embargo, se sabe que estas sustancias afectan dr\u00e1sticamente la forma en que funciona una persona. Si un conductor de autob\u00fas no es completamente consciente de su entorno y no puede ver a d\u00f3nde se dirige, es muy probable que choque contra un objeto, como un veh\u00edculo o un edificio. En San Francisco, en 2018, el conductor de un autob\u00fas tur\u00edstico estaba notablemente intoxicado con alcohol. Los pasajeros temieron por sus vidas cuando el autob\u00fas se estrell\u00f3 contra la baranda lateral derecha del puente Golden Gate. El conductor del autob\u00fas sigui\u00f3 acelerando hasta que lleg\u00f3 a un casino. Una vez que la polic\u00eda atrap\u00f3 a la conductora del autob\u00fas, se le pidi\u00f3 que tomara una prueba de DUI. Los resultados de esta prueba indicaron que el conductor del autob\u00fas estaba casi 4 veces por encima del l\u00edmite legal de concentraci\u00f3n de alcohol en sangre (BAC).<\/p>\n<h2><strong>Lesiones comunes en accidentes de autob\u00fas<\/strong><\/h2>\n<p>Las personas pueden sufrir lesiones leves a graves despu\u00e9s de un accidente de autob\u00fas. Esto incluye lo siguiente:<\/p>\n<ul>\n<li><strong>Latigazo cervical y lesiones en el cuello.<\/strong> Si los tejidos blandos del cuello est\u00e1n da\u00f1ados, es probable que la persona sufra un latigazo cervical u otras lesiones en el cuello. Los s\u00edntomas del latigazo cervical generalmente se pueden notar varios d\u00edas despu\u00e9s del incidente. Es importante que aquellos que tienen una lesi\u00f3n en el cuello est\u00e9n atentos a los s\u00edntomas, como dolor de cuello, hinchaz\u00f3n, dolores de cabeza, mareos, visi\u00f3n borrosa, sensaci\u00f3n de ardor en el \u00e1rea del cuello, falta de concentraci\u00f3n, dificultad para dormir o dolor en el cuello. brazo, espalda u hombro. Si nota alguno de estos problemas, debe buscar la ayuda de un profesional m\u00e9dico que examinar\u00e1 su condici\u00f3n para crear un plan de tratamiento m\u00e1s adecuado para usted.<\/li>\n<li><strong>Lesi\u00f3n de la m\u00e9dula espinal.<\/strong> Una lesi\u00f3n de la m\u00e9dula espinal puede ocurrir cuando hay un fuerte impacto en el \u00e1rea de la espalda. La gravedad de la lesi\u00f3n puede variar seg\u00fan el segmento vertebral da\u00f1ado. Si la columna tor\u00e1cica se ve afectada, es probable que experimente p\u00e9rdida de sensibilidad, p\u00e9rdida de sensibilidad en el \u00e1rea genital o rectal, p\u00e9rdida de control de los movimientos intestinales o de la vejiga, dolor de espalda o paraplejia. El da\u00f1o causado a la columna lumbar puede provocar la p\u00e9rdida de la funci\u00f3n de las caderas y las piernas, la p\u00e9rdida del control de los movimientos intestinales o de la vejiga o la paraplejia. Por \u00faltimo, el contacto forzado con la columna cervical puede causar tetraplej\u00eda o cuadriplejia, lo que significa que habr\u00e1 una falta de sensaci\u00f3n o control de las partes del cuerpo debajo del hombro o el cuello.<\/li>\n<li><strong>Lesi\u00f3n craneal.<\/strong> Este tipo de lesi\u00f3n puede ocurrir por un golpe violento en la cabeza. Los s\u00edntomas comunes de una lesi\u00f3n en la cabeza incluyen dolores de cabeza, n\u00e1useas, v\u00f3mitos, fatiga, dificultad para hablar, mareos, sensibilidad a la luz o al sonido, visi\u00f3n borrosa, problemas de memoria, cambios de humor, p\u00e9rdida del conocimiento, convulsiones, drenaje de l\u00edquidos claros por la nariz o los o\u00eddos, entumecimiento en los dedos de las manos o de los pies, o un cambio notable en los h\u00e1bitos alimenticios. Una lesi\u00f3n cerebral traum\u00e1tica (TBI, por sus siglas en ingl\u00e9s) tambi\u00e9n puede ocurrir por un contacto forzado en la cabeza. Aseg\u00farese de estar atento a los s\u00edntomas, como p\u00e9rdida del conocimiento, dolores de cabeza persistentes, n\u00e1useas, v\u00f3mitos, convulsiones, convulsiones, dilataci\u00f3n de una o ambas pupilas, l\u00edquido claro que sale de los o\u00eddos o la nariz, dificultad para hablar o p\u00e9rdida de coordinaci\u00f3n. Se recomienda que aquellos que sufren una lesi\u00f3n en la cabeza busquen ayuda de un especialista en cerebro, como un neur\u00f3logo. Es probable que el neur\u00f3logo realice pruebas, como an\u00e1lisis de sangre o una resonancia magn\u00e9tica, para determinar la gravedad de su lesi\u00f3n y qu\u00e9 atenci\u00f3n m\u00e9dica se necesita para mejorar los s\u00edntomas que padece.<\/li>\n<li><strong>Huesos fracturados.<\/strong> Un hueso fracturado ocurre por una fuerza significativa dirigida hacia el hueso, que el hueso no puede manejar. Este tipo de lesi\u00f3n es muy com\u00fan en los accidentes automovil\u00edsticos. Los s\u00edntomas de un hueso fracturado incluyen dolor intenso en el \u00e1rea herida, incapacidad para funcionar en el \u00e1rea herida, hinchaz\u00f3n, hematomas o un hueso visible que sobresale de la piel. Generalmente, tomar\u00e1 de 6 a 8 semanas para que un hueso sane. Sin embargo, los resultados pueden variar seg\u00fan el hueso que se rompa, la edad de la persona y su estado general de salud.<\/li>\n<li><strong>Cortadas y moretones.<\/strong> Es com\u00fan que las personas involucradas en un accidente automovil\u00edstico sufran cortes o magulladuras causados \u200b\u200bpor un fuerte impacto contra las ventanas de vidrio. Se sugiere que aquellos que tienen un corte o un hematoma apliquen presi\u00f3n directa en el \u00e1rea herida para detener el sangrado. Si hay agua cerca, debe lavar la herida durante 5 minutos. Una vez que se complete ese paso, debe usar una pomada antibi\u00f3tica para evitar que ocurra una infecci\u00f3n.<\/li>\n<\/ul>\n<h2><strong>Da\u00f1os disponibles por un accidente de autob\u00fas<\/strong><\/h2>\n<p>Si result\u00f3 lesionado como resultado de la negligencia de otra persona, puede tener derecho a da\u00f1os econ\u00f3micos y no econ\u00f3micos.<\/p>\n<p><strong>Los da\u00f1os econ\u00f3micos<\/strong> est\u00e1n destinados a compensar al demandante por las p\u00e9rdidas a las que se puede adjuntar f\u00e1cilmente una cantidad en d\u00f3lares. Los da\u00f1os econ\u00f3micos se calculan determinando la cantidad de p\u00e9rdidas de bolsillo que una persona agraviada tiene o esperar\u00e1 incurrir como resultado de sus lesiones. Algunos ejemplos de p\u00e9rdidas econ\u00f3micas incluyen la p\u00e9rdida de la capacidad de generar ingresos, las facturas m\u00e9dicas y la p\u00e9rdida de salarios.<\/p>\n<p><strong>Los da\u00f1os no econ\u00f3micos<\/strong> est\u00e1n destinados esencialmente a cubrir p\u00e9rdidas que se consideran subjetivas y no necesariamente cubrir\u00e1n p\u00e9rdidas de bolsillo. Los da\u00f1os no econ\u00f3micos pueden incluir compensaci\u00f3n por angustia emocional, dolor y sufrimiento, y p\u00e9rdida del disfrute de la vida.<\/p>\n<p>El tercer tipo de da\u00f1os que puede otorgar un tribunal de California se conoce como\u00a0<strong>da\u00f1os punitivos<\/strong>. Los da\u00f1os punitivos tienen la intenci\u00f3n de ser un castigo y solo se otorgan cuando el comportamiento del acusado es especialmente da\u00f1ino. Es relativamente raro y solo se ha incorporado en el 5 por ciento de todos los veredictos. Adem\u00e1s, no existe un est\u00e1ndar real establecido para calcular y otorgar da\u00f1os punitivos. Se otorga a discreci\u00f3n del tribunal y variar\u00e1 seg\u00fan las circunstancias espec\u00edficas de un caso.<\/p>\n<h2><strong>Los abogados litigantes de la costa oeste est\u00e1n aqu\u00ed para ayudar<\/strong><\/h2>\n<p>Si estuvo involucrado en un accidente de autob\u00fas en San Francisco y desea entablar una demanda contra la parte culpable, West Coast Trial Lawyers tiene abogados con experiencia en lesiones personales en San Francisco que est\u00e1n disponibles para ayudarle con su caso.<\/p>\n<p>Comun\u00edquese hoy con nuestro equipo legal disponible las 24 horas, los 7 d\u00edas de la semana llamando al 213-927-3700 o enviando un correo electr\u00f3nico a info@westcoasttriallawyers.com para programar una consulta gratuita en nuestro bufete de abogados de lesiones personales en San Francisco.\u00a0<\/p>\n<p><!-- WCTL_DEBUG: no shortcode in this_content --><\/p>\n","protected":false},"excerpt":{"rendered":"<p>\u00bfCu\u00e1les son las causas m\u00e1s comunes de un accidente de autob\u00fas y lesiones? Los autobuses son una opci\u00f3n conveniente y asequible para el transporte. A partir de ahora, San Francisco tiene 41 rutas de autobuses locales disponibles para el uso de las personas. Ofrece 4 rutas r\u00e1pidas y 1 expr\u00e9s, tambi\u00e9n. Se espera que estos [&hellip;]<\/p>\n","protected":false},"author":475,"featured_media":46659,"parent":47400,"menu_order":0,"comment_status":"closed","ping_status":"closed","template":"","meta":{"inline_featured_image":false,"footnotes":""},"class_list":["post-12597","page","type-page","status-publish","has-post-thumbnail","hentry"],"acf":[],"yoast_head":"<!-- This site is optimized with the Yoast SEO Premium plugin v26.0 (Yoast SEO v26.0) - https:\/\/yoast.com\/wordpress\/plugins\/seo\/ -->\n<title>Abogado de accidentes de autob\u00fas en San Francisco | West Coast Trial Lawyers<\/title>\n<meta name=\"robots\" content=\"index, follow, max-snippet:-1, max-image-preview:large, max-video-preview:-1\" \/>\n<link rel=\"canonical\" href=\"https:\/\/westcoasttriallawyers.com\/es\/california\/san-francisco\/abogado-de-accidentes-de-autobus-en-san-francisco\" \/>\n<meta property=\"og:locale\" content=\"es_ES\" \/>\n<meta property=\"og:type\" content=\"article\" \/>\n<meta property=\"og:title\" content=\"Abogado de accidentes de autob\u00fas en San Francisco\" \/>\n<meta property=\"og:description\" content=\"\u00bfCu\u00e1les son las causas m\u00e1s comunes de un accidente de autob\u00fas y lesiones? Los autobuses son una opci\u00f3n conveniente y asequible para el transporte. A partir de ahora, San Francisco tiene 41 rutas de autobuses locales disponibles para el uso de las personas. Ofrece 4 rutas r\u00e1pidas y 1 expr\u00e9s, tambi\u00e9n. Se espera que estos [&hellip;]\" \/>\n<meta property=\"og:url\" content=\"https:\/\/westcoasttriallawyers.com\/es\/california\/san-francisco\/abogado-de-accidentes-de-autobus-en-san-francisco\" \/>\n<meta property=\"og:site_name\" content=\"West Coast Trial Lawyers\" \/>\n<meta property=\"article:publisher\" content=\"https:\/\/www.facebook.com\/westcoasttriallawyers\/\" \/>\n<meta property=\"article:modified_time\" content=\"2026-01-22T11:58:11+00:00\" \/>\n<meta property=\"og:image\" content=\"https:\/\/westcoasttriallawyers.com\/wp-content\/uploads\/2025\/07\/San-Francisco-3.webp\" \/>\n\t<meta property=\"og:image:width\" content=\"557\" \/>\n\t<meta property=\"og:image:height\" content=\"327\" \/>\n\t<meta property=\"og:image:type\" content=\"image\/webp\" \/>\n<meta name=\"twitter:card\" content=\"summary_large_image\" \/>\n<meta name=\"twitter:site\" content=\"@WestCoastTrial\" \/>\n<meta name=\"twitter:label1\" content=\"Tiempo de lectura\" \/>\n\t<meta name=\"twitter:data1\" content=\"9 minutos\" \/>\n<script type=\"application\/ld+json\" class=\"yoast-schema-graph\">{\"@context\":\"https:\/\/schema.org\",\"@graph\":[{\"@type\":[\"WebPage\",\"ItemPage\"],\"@id\":\"https:\/\/westcoasttriallawyers.com\/es\/california\/san-francisco\/abogado-de-accidentes-de-autobus-en-san-francisco\",\"url\":\"https:\/\/westcoasttriallawyers.com\/es\/california\/san-francisco\/abogado-de-accidentes-de-autobus-en-san-francisco\",\"name\":\"Abogado de accidentes de autob\u00fas en San Francisco | West Coast Trial Lawyers\",\"isPartOf\":{\"@id\":\"https:\/\/westcoasttriallawyers.com\/es#website\"},\"primaryImageOfPage\":{\"@id\":\"https:\/\/westcoasttriallawyers.com\/es\/california\/san-francisco\/abogado-de-accidentes-de-autobus-en-san-francisco#primaryimage\"},\"image\":{\"@id\":\"https:\/\/westcoasttriallawyers.com\/es\/california\/san-francisco\/abogado-de-accidentes-de-autobus-en-san-francisco#primaryimage\"},\"thumbnailUrl\":\"https:\/\/westcoasttriallawyers.com\/wp-content\/uploads\/2025\/07\/San-Francisco-3.webp\",\"datePublished\":\"2026-01-14T17:42:22+00:00\",\"dateModified\":\"2026-01-22T11:58:11+00:00\",\"breadcrumb\":{\"@id\":\"https:\/\/westcoasttriallawyers.com\/es\/california\/san-francisco\/abogado-de-accidentes-de-autobus-en-san-francisco#breadcrumb\"},\"inLanguage\":\"es\",\"potentialAction\":[{\"@type\":\"ReadAction\",\"target\":[\"https:\/\/westcoasttriallawyers.com\/es\/california\/san-francisco\/abogado-de-accidentes-de-autobus-en-san-francisco\"]}]},{\"@type\":\"ImageObject\",\"inLanguage\":\"es\",\"@id\":\"https:\/\/westcoasttriallawyers.com\/es\/california\/san-francisco\/abogado-de-accidentes-de-autobus-en-san-francisco#primaryimage\",\"url\":\"https:\/\/westcoasttriallawyers.com\/wp-content\/uploads\/2025\/07\/San-Francisco-3.webp\",\"contentUrl\":\"https:\/\/westcoasttriallawyers.com\/wp-content\/uploads\/2025\/07\/San-Francisco-3.webp\",\"width\":557,\"height\":327},{\"@type\":\"BreadcrumbList\",\"@id\":\"https:\/\/westcoasttriallawyers.com\/es\/california\/san-francisco\/abogado-de-accidentes-de-autobus-en-san-francisco#breadcrumb\",\"itemListElement\":[{\"@type\":\"ListItem\",\"position\":1,\"name\":\"Inicio\",\"item\":\"https:\/\/westcoasttriallawyers.com\/es\"},{\"@type\":\"ListItem\",\"position\":2,\"name\":\"California\",\"item\":\"https:\/\/westcoasttriallawyers.com\/es\/california\"},{\"@type\":\"ListItem\",\"position\":3,\"name\":\"San Francisco\",\"item\":\"https:\/\/westcoasttriallawyers.com\/es\/california\/san-francisco\"},{\"@type\":\"ListItem\",\"position\":4,\"name\":\"Abogado de accidentes de autob\u00fas en San Francisco\"}]},{\"@type\":\"WebSite\",\"@id\":\"https:\/\/westcoasttriallawyers.com\/es#website\",\"url\":\"https:\/\/westcoasttriallawyers.com\/es\",\"name\":\"West Coast Trial Lawyers\",\"description\":\"West Coast Trial Lawyers\",\"publisher\":{\"@id\":\"https:\/\/westcoasttriallawyers.com\/es#organization\"},\"alternateName\":\"WCTL\",\"potentialAction\":[{\"@type\":\"SearchAction\",\"target\":{\"@type\":\"EntryPoint\",\"urlTemplate\":\"https:\/\/westcoasttriallawyers.com\/es?s={search_term_string}\"},\"query-input\":{\"@type\":\"PropertyValueSpecification\",\"valueRequired\":true,\"valueName\":\"search_term_string\"}}],\"inLanguage\":\"es\"},{\"@type\":\"Organization\",\"@id\":\"https:\/\/westcoasttriallawyers.com\/es#organization\",\"name\":\"West Coast Trial Lawyers\",\"alternateName\":\"WCTL\",\"url\":\"https:\/\/westcoasttriallawyers.com\/es\",\"logo\":{\"@type\":\"ImageObject\",\"inLanguage\":\"es\",\"@id\":\"https:\/\/westcoasttriallawyers.com\/es#\/schema\/logo\/image\/\",\"url\":\"https:\/\/westcoasttriallawyers.com\/wp-content\/uploads\/2026\/02\/WCTL-Logo.jpg\",\"contentUrl\":\"https:\/\/westcoasttriallawyers.com\/wp-content\/uploads\/2026\/02\/WCTL-Logo.jpg\",\"width\":696,\"height\":696,\"caption\":\"West Coast Trial Lawyers\"},\"image\":{\"@id\":\"https:\/\/westcoasttriallawyers.com\/es#\/schema\/logo\/image\/\"},\"sameAs\":[\"https:\/\/www.facebook.com\/westcoasttriallawyers\/\",\"https:\/\/x.com\/WestCoastTrial\",\"https:\/\/www.linkedin.com\/company\/west-coast-trial-lawyers\/\",\"https:\/\/www.instagram.com\/westcoasttriallawyers\/\",\"https:\/\/www.yelp.com\/biz\/west-coast-trial-lawyers-los-angeles-2\",\"https:\/\/www.pinterest.com\/westcoasttrial\/\",\"https:\/\/www.youtube.com\/westcoasttriallawyersla\/\",\"https:\/\/www.tiktok.com\/westcoasttriallawyers\"],\"description\":\"West Coast Trial Lawyers is a top-rated personal injury law firm with a goal to provide expert legal representation to those in need. The law firm has offices across California, Nevada, Arizona, and Washington.\",\"legalName\":\"West Coast Trial Lawyers\"}]}<\/script>\n<!-- \/ Yoast SEO Premium plugin. -->","yoast_head_json":{"title":"Abogado de accidentes de autob\u00fas en San Francisco | West Coast Trial Lawyers","robots":{"index":"index","follow":"follow","max-snippet":"max-snippet:-1","max-image-preview":"max-image-preview:large","max-video-preview":"max-video-preview:-1"},"canonical":"https:\/\/westcoasttriallawyers.com\/es\/california\/san-francisco\/abogado-de-accidentes-de-autobus-en-san-francisco","og_locale":"es_ES","og_type":"article","og_title":"Abogado de accidentes de autob\u00fas en San Francisco","og_description":"\u00bfCu\u00e1les son las causas m\u00e1s comunes de un accidente de autob\u00fas y lesiones? Los autobuses son una opci\u00f3n conveniente y asequible para el transporte. A partir de ahora, San Francisco tiene 41 rutas de autobuses locales disponibles para el uso de las personas. Ofrece 4 rutas r\u00e1pidas y 1 expr\u00e9s, tambi\u00e9n. Se espera que estos [&hellip;]","og_url":"https:\/\/westcoasttriallawyers.com\/es\/california\/san-francisco\/abogado-de-accidentes-de-autobus-en-san-francisco","og_site_name":"West Coast Trial Lawyers","article_publisher":"https:\/\/www.facebook.com\/westcoasttriallawyers\/","article_modified_time":"2026-01-22T11:58:11+00:00","og_image":[{"width":557,"height":327,"url":"https:\/\/westcoasttriallawyers.com\/wp-content\/uploads\/2025\/07\/San-Francisco-3.webp","type":"image\/webp"}],"twitter_card":"summary_large_image","twitter_site":"@WestCoastTrial","twitter_misc":{"Tiempo de lectura":"9 minutos"},"schema":{"@context":"https:\/\/schema.org","@graph":[{"@type":["WebPage","ItemPage"],"@id":"https:\/\/westcoasttriallawyers.com\/es\/california\/san-francisco\/abogado-de-accidentes-de-autobus-en-san-francisco","url":"https:\/\/westcoasttriallawyers.com\/es\/california\/san-francisco\/abogado-de-accidentes-de-autobus-en-san-francisco","name":"Abogado de accidentes de autob\u00fas en San Francisco | West Coast Trial Lawyers","isPartOf":{"@id":"https:\/\/westcoasttriallawyers.com\/es#website"},"primaryImageOfPage":{"@id":"https:\/\/westcoasttriallawyers.com\/es\/california\/san-francisco\/abogado-de-accidentes-de-autobus-en-san-francisco#primaryimage"},"image":{"@id":"https:\/\/westcoasttriallawyers.com\/es\/california\/san-francisco\/abogado-de-accidentes-de-autobus-en-san-francisco#primaryimage"},"thumbnailUrl":"https:\/\/westcoasttriallawyers.com\/wp-content\/uploads\/2025\/07\/San-Francisco-3.webp","datePublished":"2026-01-14T17:42:22+00:00","dateModified":"2026-01-22T11:58:11+00:00","breadcrumb":{"@id":"https:\/\/westcoasttriallawyers.com\/es\/california\/san-francisco\/abogado-de-accidentes-de-autobus-en-san-francisco#breadcrumb"},"inLanguage":"es","potentialAction":[{"@type":"ReadAction","target":["https:\/\/westcoasttriallawyers.com\/es\/california\/san-francisco\/abogado-de-accidentes-de-autobus-en-san-francisco"]}]},{"@type":"ImageObject","inLanguage":"es","@id":"https:\/\/westcoasttriallawyers.com\/es\/california\/san-francisco\/abogado-de-accidentes-de-autobus-en-san-francisco#primaryimage","url":"https:\/\/westcoasttriallawyers.com\/wp-content\/uploads\/2025\/07\/San-Francisco-3.webp","contentUrl":"https:\/\/westcoasttriallawyers.com\/wp-content\/uploads\/2025\/07\/San-Francisco-3.webp","width":557,"height":327},{"@type":"BreadcrumbList","@id":"https:\/\/westcoasttriallawyers.com\/es\/california\/san-francisco\/abogado-de-accidentes-de-autobus-en-san-francisco#breadcrumb","itemListElement":[{"@type":"ListItem","position":1,"name":"Inicio","item":"https:\/\/westcoasttriallawyers.com\/es"},{"@type":"ListItem","position":2,"name":"California","item":"https:\/\/westcoasttriallawyers.com\/es\/california"},{"@type":"ListItem","position":3,"name":"San Francisco","item":"https:\/\/westcoasttriallawyers.com\/es\/california\/san-francisco"},{"@type":"ListItem","position":4,"name":"Abogado de accidentes de autob\u00fas en San Francisco"}]},{"@type":"WebSite","@id":"https:\/\/westcoasttriallawyers.com\/es#website","url":"https:\/\/westcoasttriallawyers.com\/es","name":"West Coast Trial Lawyers","description":"West Coast Trial Lawyers","publisher":{"@id":"https:\/\/westcoasttriallawyers.com\/es#organization"},"alternateName":"WCTL","potentialAction":[{"@type":"SearchAction","target":{"@type":"EntryPoint","urlTemplate":"https:\/\/westcoasttriallawyers.com\/es?s={search_term_string}"},"query-input":{"@type":"PropertyValueSpecification","valueRequired":true,"valueName":"search_term_string"}}],"inLanguage":"es"},{"@type":"Organization","@id":"https:\/\/westcoasttriallawyers.com\/es#organization","name":"West Coast Trial Lawyers","alternateName":"WCTL","url":"https:\/\/westcoasttriallawyers.com\/es","logo":{"@type":"ImageObject","inLanguage":"es","@id":"https:\/\/westcoasttriallawyers.com\/es#\/schema\/logo\/image\/","url":"https:\/\/westcoasttriallawyers.com\/wp-content\/uploads\/2026\/02\/WCTL-Logo.jpg","contentUrl":"https:\/\/westcoasttriallawyers.com\/wp-content\/uploads\/2026\/02\/WCTL-Logo.jpg","width":696,"height":696,"caption":"West Coast Trial Lawyers"},"image":{"@id":"https:\/\/westcoasttriallawyers.com\/es#\/schema\/logo\/image\/"},"sameAs":["https:\/\/www.facebook.com\/westcoasttriallawyers\/","https:\/\/x.com\/WestCoastTrial","https:\/\/www.linkedin.com\/company\/west-coast-trial-lawyers\/","https:\/\/www.instagram.com\/westcoasttriallawyers\/","https:\/\/www.yelp.com\/biz\/west-coast-trial-lawyers-los-angeles-2","https:\/\/www.pinterest.com\/westcoasttrial\/","https:\/\/www.youtube.com\/westcoasttriallawyersla\/","https:\/\/www.tiktok.com\/westcoasttriallawyers"],"description":"West Coast Trial Lawyers is a top-rated personal injury law firm with a goal to provide expert legal representation to those in need. The law firm has offices across California, Nevada, Arizona, and Washington.","legalName":"West Coast Trial Lawyers"}]}},"_links":{"self":[{"href":"https:\/\/westcoasttriallawyers.com\/es\/wp-json\/wp\/v2\/pages\/12597","targetHints":{"allow":["GET"]}}],"collection":[{"href":"https:\/\/westcoasttriallawyers.com\/es\/wp-json\/wp\/v2\/pages"}],"about":[{"href":"https:\/\/westcoasttriallawyers.com\/es\/wp-json\/wp\/v2\/types\/page"}],"author":[{"embeddable":true,"href":"https:\/\/westcoasttriallawyers.com\/es\/wp-json\/wp\/v2\/users\/475"}],"replies":[{"embeddable":true,"href":"https:\/\/westcoasttriallawyers.com\/es\/wp-json\/wp\/v2\/comments?post=12597"}],"version-history":[{"count":3,"href":"https:\/\/westcoasttriallawyers.com\/es\/wp-json\/wp\/v2\/pages\/12597\/revisions"}],"predecessor-version":[{"id":47909,"href":"https:\/\/westcoasttriallawyers.com\/es\/wp-json\/wp\/v2\/pages\/12597\/revisions\/47909"}],"up":[{"embeddable":true,"href":"https:\/\/westcoasttriallawyers.com\/es\/wp-json\/wp\/v2\/pages\/47400"}],"wp:featuredmedia":[{"embeddable":true,"href":"https:\/\/westcoasttriallawyers.com\/es\/wp-json\/wp\/v2\/media\/46659"}],"wp:attachment":[{"href":"https:\/\/westcoasttriallawyers.com\/es\/wp-json\/wp\/v2\/media?parent=12597"}],"curies":[{"name":"wp","href":"https:\/\/api.w.org\/{rel}","templated":true}]}}