{"id":12595,"date":"2026-01-14T17:42:32","date_gmt":"2026-01-14T17:42:32","guid":{"rendered":"https:\/\/wctl1stg.wpengine.com\/?page_id=12595"},"modified":"2026-01-22T13:13:23","modified_gmt":"2026-01-22T13:13:23","slug":"abogado-de-muerte-injusta-de-san-francisco","status":"publish","type":"page","link":"https:\/\/westcoasttriallawyers.com\/es\/california\/san-francisco\/abogado-de-muerte-injusta-de-san-francisco","title":{"rendered":"Abogado de muerte injusta de San Francisco"},"content":{"rendered":"<h2><strong>Informaci\u00f3n legal sobre las causas comunes de muerte injusta, prueba de negligencia e indemnizaci\u00f3n recuperable\u00a0<\/strong><\/h2>\n<p>San Francisco no es ajeno a los accidentes fatales, y el m\u00e1s reciente involucr\u00f3 3 accidentes automovil\u00edsticos mortales en un d\u00eda. Cada uno de estos incidentes involucr\u00f3 a m\u00faltiples veh\u00edculos. A medida que los conductores, ciclistas o ciclistas negligentes contin\u00faan ocupando las carreteras, se convierte en un factor de riesgo importante para otras personas cercanas. Si perdi\u00f3 a un ser querido debido a una muerte injusta, le enviamos nuestro m\u00e1s sentido p\u00e9same a usted y su familia.<\/p>\n<p>En West Coast Trial Lawyers, nuestros abogados de homicidio culposo de San Francisco est\u00e1n comprometidos a luchar por su justicia. Tenemos m\u00e1s de 60 a\u00f1os de experiencia legal colectiva en el manejo de casos de lesiones personales. Con nuestro historial de recuperaci\u00f3n de m\u00e1s de $ 1 mil millones en acuerdos para nuestros clientes, estamos seguros de que obtendremos un buen resultado para su caso.<\/p>\n<p>No dude en comunicarse con nuestro equipo legal las 24 horas, los 7 d\u00edas de la semana llamando al 213-927-3700 o enviando un correo electr\u00f3nico a info@westcoasttriallawyers.com para programar una consulta gratuita y sin compromiso en nuestro bufete de abogados de lesiones personales de San Francisco.<\/p>\n<h2><strong>Causas comunes de muerte injusta en San Francisco<\/strong><\/h2>\n<ul>\n<li><strong>Accidentes automovil\u00edsticos.<\/strong> Los accidentes automovil\u00edsticos pueden ocurrir en cualquier momento. Desafortunadamente, muchos conductores negligentes optan por ignorar las reglas de tr\u00e1nsito y realizan acciones imprudentes, como acelerar o enviar mensajes de texto y conducir, lo que puede desencadenar un accidente. La mayor\u00eda de los accidentes automovil\u00edsticos suelen ocurrir en las carreteras. Como se mencion\u00f3 anteriormente, ocurrieron m\u00faltiples accidentes automovil\u00edsticos fatales en un d\u00eda. Dos de los incidentes ocurrieron en una carretera. Un conductor muri\u00f3 en un accidente de atropello y fuga, mientras que en el otro incidente, un peat\u00f3n, que caminaba hacia el tr\u00e1fico, fue atropellado y asesinado por un veh\u00edculo que se aproximaba. El tercer incidente tuvo lugar en una calle. Se trat\u00f3 de un choque frontal que involucr\u00f3 a tres veh\u00edculos. El accidente fue causado por un conductor que cruz\u00f3 sobre una doble l\u00ednea continua. Un conductor muri\u00f3, mientras que los dem\u00e1s sufrieron lesiones leves a graves.<\/li>\n<li><strong>Accidentes de motocicleta.<\/strong> Las motocicletas, en comparaci\u00f3n con los autom\u00f3viles est\u00e1ndar, son veh\u00edculos peque\u00f1os. A menudo, es posible que los conductores no se den cuenta de que hay un motociclista cerca y chocan contra \u00e9l accidentalmente. Siempre se recomienda a los conductores que observen detenidamente la carretera antes de cambiar de carril o girar. Los conductores que est\u00e1n intoxicados har\u00e1n que sea a\u00fan m\u00e1s peligroso para un motociclista pasar, ya que la vista del conductor puede verse afectada por las sustancias que ha consumido. En San Francisco, un conductor que estaba bajo la influencia del alcohol provoc\u00f3 un accidente de motocicleta, en el que el motociclista perdi\u00f3 la vida. Este tipo de decisiones ego\u00edstas pueden, en \u00faltima instancia, causar que personas inocentes resulten gravemente heridas o muertas.<\/li>\n<li><strong>Accidentes de peatones.<\/strong> Los peatones son vulnerables cuando est\u00e1n en la calle. La mayor\u00eda de las veces, un peat\u00f3n sufrir\u00e1 lesiones graves o la muerte cuando se vea involucrado en un accidente con un veh\u00edculo motorizado. San Francisco ha experimentado 12 muertes de peatones en 2021. El incidente m\u00e1s reciente involucr\u00f3 a dos veh\u00edculos que chocaron y golpearon a un peat\u00f3n cercano. Lamentablemente, el peat\u00f3n qued\u00f3 en estado cr\u00edtico y no pudo ser reanimado por los param\u00e9dicos. Muri\u00f3 en el lugar del accidente.<\/li>\n<li><strong>Violencia criminal.<\/strong> En la primera mitad de 2021, San Francisco tuvo una estimaci\u00f3n de 119 delitos relacionados con la violencia armada. Seg\u00fan los informes, los agentes de polic\u00eda han encontrado m\u00e1s armas fantasma no registradas que nunca, lo que plantea preocupaciones de seguridad para quienes viven o visitan San Francisco.<\/li>\n<\/ul>\n<h2><strong>C\u00f3mo probar una muerte injusta<\/strong><\/h2>\n<p>El demandante debe mostrar pruebas convincentes de que el demandado incumpli\u00f3 su deber de cuidado, lo que finalmente condujo a la muerte de su ser querido. El est\u00e1ndar legal por negligencia en el estado de California considerar\u00e1 los siguientes tres elementos:<\/p>\n<ul>\n<li><strong>Obligaci\u00f3n de cuidar.<\/strong> Se espera que el demandante muestre pruebas de que el demandado tiene el deber de cuidar a la v\u00edctima fallecida. Por ejemplo, el acusado estaba desobedeciendo las reglas de tr\u00e1nsito, como exceder el l\u00edmite de velocidad se\u00f1alado.<\/li>\n<li><strong>Incumplimiento del deber de cuidado.<\/strong> El demandante debe demostrar que el demandado ha incumplido su deber de diligencia. Por ejemplo, el acusado iba a m\u00e1s de 80 mph en una carretera de 55 mph.<\/li>\n<li><strong>Causalidad.<\/strong> Se requiere que el demandante presente pruebas de que el incumplimiento del deber de cuidado del demandado fue la raz\u00f3n por la cual la v\u00edctima fue asesinada. Siguiendo los ejemplos anteriores, el exceso de velocidad del acusado es lo que caus\u00f3 el accidente automovil\u00edstico que condujo a la muerte injusta de la v\u00edctima.<\/li>\n<\/ul>\n<p>El demandante tambi\u00e9n puede mostrar pruebas de haber sufrido da\u00f1os econ\u00f3micos y\/o emocionales como resultado de las acciones del demandado. Nuevamente, continuando con los ejemplos anteriores, el demandante debe tener evidencia de sufrir cargas financieras y emocionales, como facturas m\u00e9dicas costosas, gastos de funeral y entierro, p\u00e9rdida de la capacidad de obtener ingresos, p\u00e9rdida del disfrute de la vida y dolor y sufrimiento despu\u00e9s de la muerte. fallecimiento de su ser querido.<\/p>\n<h2><strong>Da\u00f1os disponibles en un caso de muerte injusta<\/strong><\/h2>\n<p>Los da\u00f1os se distribuir\u00e1n seg\u00fan el tipo de p\u00e9rdida que sufrieron los herederos de la v\u00edctima fallecida. Si el demandante tiene \u00e9xito en probar una muerte injusta, se le otorgar\u00e1n da\u00f1os econ\u00f3micos y no econ\u00f3micos.<\/p>\n<p><strong>Los da\u00f1os econ\u00f3micos<\/strong> est\u00e1n destinados a compensar a la v\u00edctima de un accidente por las p\u00e9rdidas a las que objetivamente se puede adjuntar una cantidad en d\u00f3lares. El monto total de la compensaci\u00f3n se calcula determinando el monto de las p\u00e9rdidas de bolsillo que un ciclista lesionado tiene o esperar\u00e1 incurrir como resultado de sus lesiones. Algunos ejemplos de p\u00e9rdidas econ\u00f3micas incluyen:<\/p>\n<ul>\n<li>Apoyo financiero que el difunto habr\u00eda contribuido a su familia a lo largo de su vida<\/li>\n<li>P\u00e9rdida de beneficios o regalos que los familiares sobrevivientes habr\u00edan recibido si el difunto no hubiera perdido la vida<\/li>\n<li>Gastos de funeral y entierro<\/li>\n<\/ul>\n<p><strong>Los da\u00f1os no econ\u00f3micos<\/strong>, por otro lado, est\u00e1n destinados a compensar a una v\u00edctima de lesiones por p\u00e9rdidas que se consideran subjetivas. Por ejemplo, los da\u00f1os no econ\u00f3micos pueden incluir:<\/p>\n<ul>\n<li>P\u00e9rdida de compa\u00f1\u00eda<\/li>\n<li>P\u00e9rdida de apoyo moral<\/li>\n<li>P\u00e9rdida de formaci\u00f3n y orientaci\u00f3n.<\/li>\n<li>P\u00e9rdida de afecto<\/li>\n<li>P\u00e9rdida de relaciones sexuales<\/li>\n<\/ul>\n<h2><strong>\u00bfQu\u00e9 es el estatuto de limitaciones por una muerte injusta?<\/strong><\/h2>\n<p>Los herederos de la v\u00edctima tienen dos a\u00f1os, a partir de la fecha inicial de la muerte o del descubrimiento de la muerte, para presentar una demanda. Si no se presenta una demanda dentro de este per\u00edodo de tiempo, los herederos de la v\u00edctima perder\u00e1n el derecho a presentar un reclamo. Sin embargo, hay algunas excepciones que pueden aplicarse. El demandante debe ser:<\/p>\n<ul>\n<li>Un menor de edad,<\/li>\n<li>En la c\u00e1rcel,<\/li>\n<li>Legalmente loco,<\/li>\n<li>Viviendo fuera del estado, o<\/li>\n<li>Desactivado.<\/li>\n<\/ul>\n<p>Se recomienda a quienes sufren la p\u00e9rdida de un ser querido que contraten a un abogado con experiencia en lesiones personales de San Francisco. El abogado ayudar\u00e1 a fortalecer su reclamo y har\u00e1 negociaciones con las compa\u00f1\u00edas de seguros para obtener la justicia y la compensaci\u00f3n que merece.<\/p>\n<h2><strong>Los abogados litigantes de la costa oeste est\u00e1n aqu\u00ed para ayudar<\/strong><\/h2>\n<p>Si su ser querido fue v\u00edctima de una muerte injusta debido a la negligencia de alguien, West Coast Trial Lawyers cuenta con abogados expertos en muerte injusta en San Francisco que le brindar\u00e1n la justicia que se merece. Nuestros abogados lo ayudar\u00e1n a recuperar una compensaci\u00f3n financiera y emocional por da\u00f1os tales como angustia emocional, salarios perdidos, facturas m\u00e9dicas, dolor y sufrimiento, y m\u00e1s.<\/p>\n<p>Para programar una consulta gratuita y sin compromiso en nuestro bufete de abogados de lesiones personales de San Francisco, comun\u00edquese con nuestro equipo legal las 24 horas, los 7 d\u00edas de la semana llamando al 213-927-3700 o enviando un correo electr\u00f3nico a\u00a0<a href=\"mailto:info@westcoasttriallawyers.com\">info@westcoasttriallawyers.com<\/a>.\u00a0<\/p>\n<p><!-- WCTL_DEBUG: no shortcode in this_content --><\/p>\n","protected":false},"excerpt":{"rendered":"<p>Informaci\u00f3n legal sobre las causas comunes de muerte injusta, prueba de negligencia e indemnizaci\u00f3n recuperable\u00a0 San Francisco no es ajeno a los accidentes fatales, y el m\u00e1s reciente involucr\u00f3 3 accidentes automovil\u00edsticos mortales en un d\u00eda. Cada uno de estos incidentes involucr\u00f3 a m\u00faltiples veh\u00edculos. A medida que los conductores, ciclistas o ciclistas negligentes contin\u00faan [&hellip;]<\/p>\n","protected":false},"author":475,"featured_media":46709,"parent":47400,"menu_order":0,"comment_status":"closed","ping_status":"closed","template":"","meta":{"inline_featured_image":false,"footnotes":""},"class_list":["post-12595","page","type-page","status-publish","has-post-thumbnail","hentry"],"acf":[],"yoast_head":"<!-- This site is optimized with the Yoast SEO Premium plugin v26.0 (Yoast SEO v26.0) - https:\/\/yoast.com\/wordpress\/plugins\/seo\/ -->\n<title>Abogado de muerte injusta de San Francisco | West Coast Trial Lawyers<\/title>\n<meta name=\"robots\" content=\"index, follow, max-snippet:-1, max-image-preview:large, max-video-preview:-1\" \/>\n<link rel=\"canonical\" href=\"https:\/\/westcoasttriallawyers.com\/es\/california\/san-francisco\/abogado-de-muerte-injusta-de-san-francisco\" \/>\n<meta property=\"og:locale\" content=\"es_ES\" \/>\n<meta property=\"og:type\" content=\"article\" \/>\n<meta property=\"og:title\" content=\"Abogado de muerte injusta de San Francisco\" \/>\n<meta property=\"og:description\" content=\"Informaci\u00f3n legal sobre las causas comunes de muerte injusta, prueba de negligencia e indemnizaci\u00f3n recuperable\u00a0 San Francisco no es ajeno a los accidentes fatales, y el m\u00e1s reciente involucr\u00f3 3 accidentes automovil\u00edsticos mortales en un d\u00eda. Cada uno de estos incidentes involucr\u00f3 a m\u00faltiples veh\u00edculos. A medida que los conductores, ciclistas o ciclistas negligentes contin\u00faan [&hellip;]\" \/>\n<meta property=\"og:url\" content=\"https:\/\/westcoasttriallawyers.com\/es\/california\/san-francisco\/abogado-de-muerte-injusta-de-san-francisco\" \/>\n<meta property=\"og:site_name\" content=\"West Coast Trial Lawyers\" \/>\n<meta property=\"article:publisher\" content=\"https:\/\/www.facebook.com\/westcoasttriallawyers\/\" \/>\n<meta property=\"article:modified_time\" content=\"2026-01-22T13:13:23+00:00\" \/>\n<meta property=\"og:image\" content=\"https:\/\/westcoasttriallawyers.com\/wp-content\/uploads\/2025\/07\/San-Francisco-23.webp\" \/>\n\t<meta property=\"og:image:width\" content=\"557\" \/>\n\t<meta property=\"og:image:height\" content=\"327\" \/>\n\t<meta property=\"og:image:type\" content=\"image\/webp\" \/>\n<meta name=\"twitter:card\" content=\"summary_large_image\" \/>\n<meta name=\"twitter:site\" content=\"@WestCoastTrial\" \/>\n<meta name=\"twitter:label1\" content=\"Tiempo de lectura\" \/>\n\t<meta name=\"twitter:data1\" content=\"14 minutos\" \/>\n<script type=\"application\/ld+json\" class=\"yoast-schema-graph\">{\"@context\":\"https:\/\/schema.org\",\"@graph\":[{\"@type\":[\"WebPage\",\"ItemPage\"],\"@id\":\"https:\/\/westcoasttriallawyers.com\/es\/california\/san-francisco\/abogado-de-muerte-injusta-de-san-francisco\",\"url\":\"https:\/\/westcoasttriallawyers.com\/es\/california\/san-francisco\/abogado-de-muerte-injusta-de-san-francisco\",\"name\":\"Abogado de muerte injusta de San Francisco | West Coast Trial Lawyers\",\"isPartOf\":{\"@id\":\"https:\/\/westcoasttriallawyers.com\/es#website\"},\"primaryImageOfPage\":{\"@id\":\"https:\/\/westcoasttriallawyers.com\/es\/california\/san-francisco\/abogado-de-muerte-injusta-de-san-francisco#primaryimage\"},\"image\":{\"@id\":\"https:\/\/westcoasttriallawyers.com\/es\/california\/san-francisco\/abogado-de-muerte-injusta-de-san-francisco#primaryimage\"},\"thumbnailUrl\":\"https:\/\/westcoasttriallawyers.com\/wp-content\/uploads\/2025\/07\/San-Francisco-23.webp\",\"datePublished\":\"2026-01-14T17:42:32+00:00\",\"dateModified\":\"2026-01-22T13:13:23+00:00\",\"breadcrumb\":{\"@id\":\"https:\/\/westcoasttriallawyers.com\/es\/california\/san-francisco\/abogado-de-muerte-injusta-de-san-francisco#breadcrumb\"},\"inLanguage\":\"es\",\"potentialAction\":[{\"@type\":\"ReadAction\",\"target\":[\"https:\/\/westcoasttriallawyers.com\/es\/california\/san-francisco\/abogado-de-muerte-injusta-de-san-francisco\"]}]},{\"@type\":\"ImageObject\",\"inLanguage\":\"es\",\"@id\":\"https:\/\/westcoasttriallawyers.com\/es\/california\/san-francisco\/abogado-de-muerte-injusta-de-san-francisco#primaryimage\",\"url\":\"https:\/\/westcoasttriallawyers.com\/wp-content\/uploads\/2025\/07\/San-Francisco-23.webp\",\"contentUrl\":\"https:\/\/westcoasttriallawyers.com\/wp-content\/uploads\/2025\/07\/San-Francisco-23.webp\",\"width\":557,\"height\":327},{\"@type\":\"BreadcrumbList\",\"@id\":\"https:\/\/westcoasttriallawyers.com\/es\/california\/san-francisco\/abogado-de-muerte-injusta-de-san-francisco#breadcrumb\",\"itemListElement\":[{\"@type\":\"ListItem\",\"position\":1,\"name\":\"Inicio\",\"item\":\"https:\/\/westcoasttriallawyers.com\/es\"},{\"@type\":\"ListItem\",\"position\":2,\"name\":\"California\",\"item\":\"https:\/\/westcoasttriallawyers.com\/es\/california\"},{\"@type\":\"ListItem\",\"position\":3,\"name\":\"San Francisco\",\"item\":\"https:\/\/westcoasttriallawyers.com\/es\/california\/san-francisco\"},{\"@type\":\"ListItem\",\"position\":4,\"name\":\"Abogado de muerte injusta de San Francisco\"}]},{\"@type\":\"WebSite\",\"@id\":\"https:\/\/westcoasttriallawyers.com\/es#website\",\"url\":\"https:\/\/westcoasttriallawyers.com\/es\",\"name\":\"West Coast Trial Lawyers\",\"description\":\"West Coast Trial Lawyers\",\"publisher\":{\"@id\":\"https:\/\/westcoasttriallawyers.com\/es#organization\"},\"alternateName\":\"WCTL\",\"potentialAction\":[{\"@type\":\"SearchAction\",\"target\":{\"@type\":\"EntryPoint\",\"urlTemplate\":\"https:\/\/westcoasttriallawyers.com\/es?s={search_term_string}\"},\"query-input\":{\"@type\":\"PropertyValueSpecification\",\"valueRequired\":true,\"valueName\":\"search_term_string\"}}],\"inLanguage\":\"es\"},{\"@type\":\"Organization\",\"@id\":\"https:\/\/westcoasttriallawyers.com\/es#organization\",\"name\":\"West Coast Trial Lawyers\",\"alternateName\":\"WCTL\",\"url\":\"https:\/\/westcoasttriallawyers.com\/es\",\"logo\":{\"@type\":\"ImageObject\",\"inLanguage\":\"es\",\"@id\":\"https:\/\/westcoasttriallawyers.com\/es#\/schema\/logo\/image\/\",\"url\":\"https:\/\/westcoasttriallawyers.com\/wp-content\/uploads\/2026\/02\/WCTL-Logo.jpg\",\"contentUrl\":\"https:\/\/westcoasttriallawyers.com\/wp-content\/uploads\/2026\/02\/WCTL-Logo.jpg\",\"width\":696,\"height\":696,\"caption\":\"West Coast Trial Lawyers\"},\"image\":{\"@id\":\"https:\/\/westcoasttriallawyers.com\/es#\/schema\/logo\/image\/\"},\"sameAs\":[\"https:\/\/www.facebook.com\/westcoasttriallawyers\/\",\"https:\/\/x.com\/WestCoastTrial\",\"https:\/\/www.linkedin.com\/company\/west-coast-trial-lawyers\/\",\"https:\/\/www.instagram.com\/westcoasttriallawyers\/\",\"https:\/\/www.yelp.com\/biz\/west-coast-trial-lawyers-los-angeles-2\",\"https:\/\/www.pinterest.com\/westcoasttrial\/\",\"https:\/\/www.youtube.com\/westcoasttriallawyersla\/\",\"https:\/\/www.tiktok.com\/westcoasttriallawyers\"],\"description\":\"West Coast Trial Lawyers is a top-rated personal injury law firm with a goal to provide expert legal representation to those in need. The law firm has offices across California, Nevada, Arizona, and Washington.\",\"legalName\":\"West Coast Trial Lawyers\"}]}<\/script>\n<!-- \/ Yoast SEO Premium plugin. -->","yoast_head_json":{"title":"Abogado de muerte injusta de San Francisco | West Coast Trial Lawyers","robots":{"index":"index","follow":"follow","max-snippet":"max-snippet:-1","max-image-preview":"max-image-preview:large","max-video-preview":"max-video-preview:-1"},"canonical":"https:\/\/westcoasttriallawyers.com\/es\/california\/san-francisco\/abogado-de-muerte-injusta-de-san-francisco","og_locale":"es_ES","og_type":"article","og_title":"Abogado de muerte injusta de San Francisco","og_description":"Informaci\u00f3n legal sobre las causas comunes de muerte injusta, prueba de negligencia e indemnizaci\u00f3n recuperable\u00a0 San Francisco no es ajeno a los accidentes fatales, y el m\u00e1s reciente involucr\u00f3 3 accidentes automovil\u00edsticos mortales en un d\u00eda. Cada uno de estos incidentes involucr\u00f3 a m\u00faltiples veh\u00edculos. A medida que los conductores, ciclistas o ciclistas negligentes contin\u00faan [&hellip;]","og_url":"https:\/\/westcoasttriallawyers.com\/es\/california\/san-francisco\/abogado-de-muerte-injusta-de-san-francisco","og_site_name":"West Coast Trial Lawyers","article_publisher":"https:\/\/www.facebook.com\/westcoasttriallawyers\/","article_modified_time":"2026-01-22T13:13:23+00:00","og_image":[{"width":557,"height":327,"url":"https:\/\/westcoasttriallawyers.com\/wp-content\/uploads\/2025\/07\/San-Francisco-23.webp","type":"image\/webp"}],"twitter_card":"summary_large_image","twitter_site":"@WestCoastTrial","twitter_misc":{"Tiempo de lectura":"14 minutos"},"schema":{"@context":"https:\/\/schema.org","@graph":[{"@type":["WebPage","ItemPage"],"@id":"https:\/\/westcoasttriallawyers.com\/es\/california\/san-francisco\/abogado-de-muerte-injusta-de-san-francisco","url":"https:\/\/westcoasttriallawyers.com\/es\/california\/san-francisco\/abogado-de-muerte-injusta-de-san-francisco","name":"Abogado de muerte injusta de San Francisco | West Coast Trial Lawyers","isPartOf":{"@id":"https:\/\/westcoasttriallawyers.com\/es#website"},"primaryImageOfPage":{"@id":"https:\/\/westcoasttriallawyers.com\/es\/california\/san-francisco\/abogado-de-muerte-injusta-de-san-francisco#primaryimage"},"image":{"@id":"https:\/\/westcoasttriallawyers.com\/es\/california\/san-francisco\/abogado-de-muerte-injusta-de-san-francisco#primaryimage"},"thumbnailUrl":"https:\/\/westcoasttriallawyers.com\/wp-content\/uploads\/2025\/07\/San-Francisco-23.webp","datePublished":"2026-01-14T17:42:32+00:00","dateModified":"2026-01-22T13:13:23+00:00","breadcrumb":{"@id":"https:\/\/westcoasttriallawyers.com\/es\/california\/san-francisco\/abogado-de-muerte-injusta-de-san-francisco#breadcrumb"},"inLanguage":"es","potentialAction":[{"@type":"ReadAction","target":["https:\/\/westcoasttriallawyers.com\/es\/california\/san-francisco\/abogado-de-muerte-injusta-de-san-francisco"]}]},{"@type":"ImageObject","inLanguage":"es","@id":"https:\/\/westcoasttriallawyers.com\/es\/california\/san-francisco\/abogado-de-muerte-injusta-de-san-francisco#primaryimage","url":"https:\/\/westcoasttriallawyers.com\/wp-content\/uploads\/2025\/07\/San-Francisco-23.webp","contentUrl":"https:\/\/westcoasttriallawyers.com\/wp-content\/uploads\/2025\/07\/San-Francisco-23.webp","width":557,"height":327},{"@type":"BreadcrumbList","@id":"https:\/\/westcoasttriallawyers.com\/es\/california\/san-francisco\/abogado-de-muerte-injusta-de-san-francisco#breadcrumb","itemListElement":[{"@type":"ListItem","position":1,"name":"Inicio","item":"https:\/\/westcoasttriallawyers.com\/es"},{"@type":"ListItem","position":2,"name":"California","item":"https:\/\/westcoasttriallawyers.com\/es\/california"},{"@type":"ListItem","position":3,"name":"San Francisco","item":"https:\/\/westcoasttriallawyers.com\/es\/california\/san-francisco"},{"@type":"ListItem","position":4,"name":"Abogado de muerte injusta de San Francisco"}]},{"@type":"WebSite","@id":"https:\/\/westcoasttriallawyers.com\/es#website","url":"https:\/\/westcoasttriallawyers.com\/es","name":"West Coast Trial Lawyers","description":"West Coast Trial Lawyers","publisher":{"@id":"https:\/\/westcoasttriallawyers.com\/es#organization"},"alternateName":"WCTL","potentialAction":[{"@type":"SearchAction","target":{"@type":"EntryPoint","urlTemplate":"https:\/\/westcoasttriallawyers.com\/es?s={search_term_string}"},"query-input":{"@type":"PropertyValueSpecification","valueRequired":true,"valueName":"search_term_string"}}],"inLanguage":"es"},{"@type":"Organization","@id":"https:\/\/westcoasttriallawyers.com\/es#organization","name":"West Coast Trial Lawyers","alternateName":"WCTL","url":"https:\/\/westcoasttriallawyers.com\/es","logo":{"@type":"ImageObject","inLanguage":"es","@id":"https:\/\/westcoasttriallawyers.com\/es#\/schema\/logo\/image\/","url":"https:\/\/westcoasttriallawyers.com\/wp-content\/uploads\/2026\/02\/WCTL-Logo.jpg","contentUrl":"https:\/\/westcoasttriallawyers.com\/wp-content\/uploads\/2026\/02\/WCTL-Logo.jpg","width":696,"height":696,"caption":"West Coast Trial Lawyers"},"image":{"@id":"https:\/\/westcoasttriallawyers.com\/es#\/schema\/logo\/image\/"},"sameAs":["https:\/\/www.facebook.com\/westcoasttriallawyers\/","https:\/\/x.com\/WestCoastTrial","https:\/\/www.linkedin.com\/company\/west-coast-trial-lawyers\/","https:\/\/www.instagram.com\/westcoasttriallawyers\/","https:\/\/www.yelp.com\/biz\/west-coast-trial-lawyers-los-angeles-2","https:\/\/www.pinterest.com\/westcoasttrial\/","https:\/\/www.youtube.com\/westcoasttriallawyersla\/","https:\/\/www.tiktok.com\/westcoasttriallawyers"],"description":"West Coast Trial Lawyers is a top-rated personal injury law firm with a goal to provide expert legal representation to those in need. The law firm has offices across California, Nevada, Arizona, and Washington.","legalName":"West Coast Trial Lawyers"}]}},"_links":{"self":[{"href":"https:\/\/westcoasttriallawyers.com\/es\/wp-json\/wp\/v2\/pages\/12595","targetHints":{"allow":["GET"]}}],"collection":[{"href":"https:\/\/westcoasttriallawyers.com\/es\/wp-json\/wp\/v2\/pages"}],"about":[{"href":"https:\/\/westcoasttriallawyers.com\/es\/wp-json\/wp\/v2\/types\/page"}],"author":[{"embeddable":true,"href":"https:\/\/westcoasttriallawyers.com\/es\/wp-json\/wp\/v2\/users\/475"}],"replies":[{"embeddable":true,"href":"https:\/\/westcoasttriallawyers.com\/es\/wp-json\/wp\/v2\/comments?post=12595"}],"version-history":[{"count":3,"href":"https:\/\/westcoasttriallawyers.com\/es\/wp-json\/wp\/v2\/pages\/12595\/revisions"}],"predecessor-version":[{"id":47944,"href":"https:\/\/westcoasttriallawyers.com\/es\/wp-json\/wp\/v2\/pages\/12595\/revisions\/47944"}],"up":[{"embeddable":true,"href":"https:\/\/westcoasttriallawyers.com\/es\/wp-json\/wp\/v2\/pages\/47400"}],"wp:featuredmedia":[{"embeddable":true,"href":"https:\/\/westcoasttriallawyers.com\/es\/wp-json\/wp\/v2\/media\/46709"}],"wp:attachment":[{"href":"https:\/\/westcoasttriallawyers.com\/es\/wp-json\/wp\/v2\/media?parent=12595"}],"curies":[{"name":"wp","href":"https:\/\/api.w.org\/{rel}","templated":true}]}}