{"id":12580,"date":"2026-01-14T17:42:26","date_gmt":"2026-01-14T17:42:26","guid":{"rendered":"https:\/\/wctl1stg.wpengine.com\/?page_id=12580"},"modified":"2026-01-22T12:29:12","modified_gmt":"2026-01-22T12:29:12","slug":"abogado-de-accidentes-de-motocicleta-en-san-francisco","status":"publish","type":"page","link":"https:\/\/westcoasttriallawyers.com\/es\/california\/san-francisco\/abogado-de-accidentes-de-motocicleta-en-san-francisco","title":{"rendered":"Abogado de accidentes de motocicleta en San Francisco"},"content":{"rendered":"<h2><strong>\u00bfCu\u00e1les son los tipos m\u00e1s comunes de accidentes y lesiones de motocicleta?<\/strong><\/h2>\n<p>Entre 2014 y 2020, se han producido 62 muertes de motociclistas en San Francisco. Se ha dicho que los motociclistas tienen 28 veces m\u00e1s probabilidades que los ocupantes de autom\u00f3viles de morir en un choque por cada milla recorrida por el veh\u00edculo. Independientemente de los informes que indican los peligros que conlleva andar en motocicleta, no aleja a las personas de comprar una. Muchos est\u00e1n a favor de la velocidad incorporada del veh\u00edculo y, a menudo, se les ve aprovech\u00e1ndola en la carretera. Esto es peligroso ya que podr\u00eda crear un entorno inseguro para las personas cercanas y aumentar la probabilidad de un accidente.<\/p>\n<p>Si estuvo involucrado en un accidente de motocicleta y desea emprender acciones legales contra la parte culpable, nuestros abogados con experiencia en accidentes de motocicleta en San Francisco en West Coast Trial Lawyers est\u00e1n disponibles las 24 horas del d\u00eda, los 7 d\u00edas de la semana para brindarle asistencia legal. Hemos ganado m\u00e1s de 5000 casos de lesiones personales y hemos recuperado m\u00e1s de $1000 millones en acuerdos para nuestros clientes. Debido a nuestros logros, hemos sido reconocidos como uno de los mejores bufetes de abogados de lesiones personales en San Francisco.<\/p>\n<p>Para programar una consulta gratuita y sin compromiso en nuestro bufete de abogados de lesiones personales de San Francisco, comun\u00edquese con nosotros llamando al 213-927-3700 o enviando un correo electr\u00f3nico a info@westcoasttriallawyers.com.<\/p>\n<h2><strong>Tipos comunes de accidentes de motocicleta<\/strong><\/h2>\n<p>Los accidentes de motocicleta pueden ser causados \u200b\u200bpor m\u00faltiples factores. El exceso de velocidad es la causa n\u00famero uno de todos los accidentes de motocicleta. Las motocicletas pueden conducir a altas velocidades, lo que puede dificultar que un motociclista controle el veh\u00edculo, especialmente si no tiene experiencia. Un \u00e1rea donde un motociclista puede perder el control de su veh\u00edculo es en caminos con curvas. Intentar girar mientras se acelera puede hacer que el motociclista pierda el control de su veh\u00edculo y caiga agresivamente al suelo. Otra \u00e1rea que a menudo ha tenido accidentes de motocicleta es una intersecci\u00f3n. A veces, un motociclista puede acelerar para pasar una luz roja u otro veh\u00edculo durante un momento en el que los veh\u00edculos de lados opuestos pueden conducir debido a la luz verde. Los accidentes de giro a la izquierda tambi\u00e9n pueden ocurrir en una intersecci\u00f3n, especialmente cuando un conductor no puede ver a un motociclista. Esto podr\u00eda hacer que el motociclista se vea involucrado en una colisi\u00f3n grave que podr\u00eda resultar en lesiones graves o la muerte.<\/p>\n<p>Frenar bruscamente, lo que implica exceso de velocidad, se ha conocido como otro factor que ha contribuido a la causa de un accidente de motocicleta. Si un motociclista va a altas velocidades mientras est\u00e1 en la carretera, tendr\u00e1 menos tiempo para reaccionar ante los veh\u00edculos que est\u00e1n adelante, como aquellos que hacen frenadas bruscas o incluso abren las puertas de sus autom\u00f3viles. Los accidentes con puertas de autom\u00f3viles son bastante comunes. Se espera que el conductor del veh\u00edculo observe su entorno antes de abrir la puerta para evitar que cualquier peat\u00f3n, ciclista o motociclista se estrelle contra \u00e9l. Sin embargo, muchos optan por abrir inmediatamente la puerta justo cuando terminan de estacionar. Esto podr\u00eda afectar a un motociclista a exceso de velocidad, ya que no tendr\u00e1 tiempo suficiente para reaccionar ante la apertura repentina de la puerta de un veh\u00edculo y probablemente chocar\u00e1 contra \u00e9l, dej\u00e1ndolo lesionado.<\/p>\n<p>No solo el exceso de velocidad es uno de los principales contribuyentes a los accidentes de motocicleta, sino que tambi\u00e9n lo es la intoxicaci\u00f3n. Los motociclistas no pueden operar un veh\u00edculo bajo la influencia de drogas o alcohol. Desafortunadamente, muchos motociclistas incumplen su deber de cuidado y contin\u00faan haci\u00e9ndolo de todos modos. Dado que el alcohol y las drogas afectan en gran medida la forma en que una persona tiene control sobre su cuerpo, puede resultar muy complicado para un motociclista conducir correctamente su veh\u00edculo. Las condiciones peligrosas en la carretera tambi\u00e9n ser\u00e1n dif\u00edciles de evitar, ya que el motociclista puede experimentar problemas de visi\u00f3n causados \u200b\u200bpor las drogas o el alcohol.<\/p>\n<p>La divisi\u00f3n de carriles tambi\u00e9n se ha se\u00f1alado como una acci\u00f3n que ha resultado en un accidente de motocicleta. Aunque la divisi\u00f3n de carriles es legal en California, a\u00fan puede ser peligroso para un motociclista. Esta acci\u00f3n generalmente se realiza cuando un motociclista intenta viajar a trav\u00e9s del tr\u00e1fico lento. Sin embargo, a veces, es posible que un veh\u00edculo no pueda notar a un motociclista mientras intenta girar y chocar contra \u00e9l. Siempre se espera que los conductores y motociclistas observen con cautela la carretera antes de cambiar de carril; sin embargo, muchos optan por actuar r\u00e1pidamente para salir del tr\u00e1fico y, a menudo, terminan teniendo un accidente.<\/p>\n<p>No solo los motociclistas y los conductores pueden tener la culpa de un accidente de motocicleta, sino que los fabricantes de productos y las empresas tambi\u00e9n pueden compartir un grado de responsabilidad. Si se fabric\u00f3 una motocicleta defectuosa y un comprador se lesiona mientras la usa, el fabricante y\/o la empresa pueden ser responsables de los da\u00f1os. Deber\u00e1 hablar con un abogado experimentado en lesiones personales de San Francisco para que eval\u00faen su caso para obtener m\u00e1s ayuda y determinar qu\u00e9 parte debe ser responsable de sus p\u00e9rdidas.<\/p>\n<h2><strong>Da\u00f1os disponibles por un accidente de motocicleta<\/strong><\/h2>\n<p>Si result\u00f3 lesionado como resultado de la negligencia de otra persona, es posible que tenga derecho a recibir da\u00f1os y perjuicios. Los da\u00f1os son un tipo de compensaci\u00f3n monetaria determinada por un tribunal de justicia para ayudar a compensar a una persona agraviada por cualquier p\u00e9rdida o lesi\u00f3n sufrida como resultado de la negligencia de alguien.<\/p>\n<p><strong>Los da\u00f1os econ\u00f3micos<\/strong> est\u00e1n destinados a compensar al demandante por las p\u00e9rdidas a las que se puede adjuntar f\u00e1cilmente una cantidad en d\u00f3lares. Se calcula determinando la cantidad de p\u00e9rdidas de bolsillo que una persona agraviada tiene o esperar\u00e1 incurrir como resultado de sus lesiones. Algunos ejemplos de p\u00e9rdidas econ\u00f3micas incluyen la p\u00e9rdida de la capacidad de generar ingresos, las facturas m\u00e9dicas y la p\u00e9rdida de salarios.<\/p>\n<p><strong>Los da\u00f1os no econ\u00f3micos<\/strong> est\u00e1n destinados esencialmente a cubrir p\u00e9rdidas que se consideran subjetivas y no necesariamente cubrir\u00e1n p\u00e9rdidas de bolsillo. La compensaci\u00f3n recuperable puede incluir angustia emocional, p\u00e9rdida del disfrute de la vida y dolor y sufrimiento.<\/p>\n<p>El tercer tipo de da\u00f1os que puede otorgar un tribunal de California se conoce como da\u00f1os punitivos. Los da\u00f1os punitivos tienen la intenci\u00f3n de ser un castigo y solo se otorgan cuando el comportamiento del acusado es especialmente da\u00f1ino. Es relativamente raro y, de hecho, s\u00f3lo se incorpor\u00f3 en el 5 por ciento de todos los veredictos. Adem\u00e1s, no existe un est\u00e1ndar real establecido para calcular y otorgar da\u00f1os punitivos. Los da\u00f1os punitivos se otorgan a discreci\u00f3n del tribunal y variar\u00e1n seg\u00fan las circunstancias espec\u00edficas de cada caso.<\/p>\n<h2><strong>Los abogados litigantes de la costa oeste est\u00e1n aqu\u00ed para ayudar<\/strong><\/h2>\n<p>Si estuvo involucrado en un accidente de motocicleta en San Francisco y desea entablar una demanda contra la parte culpable, West Coast Trial Lawyers tiene abogados con experiencia en lesiones personales en San Francisco que est\u00e1n disponibles para ayudarle con su caso.<\/p>\n<p>Comun\u00edquese hoy con nuestro equipo legal disponible las 24 horas, los 7 d\u00edas de la semana llamando al 213-927-3700 o enviando un correo electr\u00f3nico a info@westcoasttriallawyers.com para programar una consulta gratuita en nuestro bufete de abogados de lesiones personales en San Francisco.<\/p>\n<p><!-- WCTL_DEBUG: no shortcode in this_content --><\/p>\n","protected":false},"excerpt":{"rendered":"<p>\u00bfCu\u00e1les son los tipos m\u00e1s comunes de accidentes y lesiones de motocicleta? Entre 2014 y 2020, se han producido 62 muertes de motociclistas en San Francisco. Se ha dicho que los motociclistas tienen 28 veces m\u00e1s probabilidades que los ocupantes de autom\u00f3viles de morir en un choque por cada milla recorrida por el veh\u00edculo. Independientemente [&hellip;]<\/p>\n","protected":false},"author":475,"featured_media":46679,"parent":47400,"menu_order":0,"comment_status":"closed","ping_status":"closed","template":"","meta":{"inline_featured_image":false,"footnotes":""},"class_list":["post-12580","page","type-page","status-publish","has-post-thumbnail","hentry"],"acf":[],"yoast_head":"<!-- This site is optimized with the Yoast SEO Premium plugin v26.0 (Yoast SEO v26.0) - https:\/\/yoast.com\/wordpress\/plugins\/seo\/ -->\n<title>Abogado de accidentes de motocicleta en San Francisco | West Coast Trial Lawyers<\/title>\n<meta name=\"robots\" content=\"index, follow, max-snippet:-1, max-image-preview:large, max-video-preview:-1\" \/>\n<link rel=\"canonical\" href=\"https:\/\/westcoasttriallawyers.com\/es\/california\/san-francisco\/abogado-de-accidentes-de-motocicleta-en-san-francisco\" \/>\n<meta property=\"og:locale\" content=\"es_ES\" \/>\n<meta property=\"og:type\" content=\"article\" \/>\n<meta property=\"og:title\" content=\"Abogado de accidentes de motocicleta en San Francisco\" \/>\n<meta property=\"og:description\" content=\"\u00bfCu\u00e1les son los tipos m\u00e1s comunes de accidentes y lesiones de motocicleta? Entre 2014 y 2020, se han producido 62 muertes de motociclistas en San Francisco. Se ha dicho que los motociclistas tienen 28 veces m\u00e1s probabilidades que los ocupantes de autom\u00f3viles de morir en un choque por cada milla recorrida por el veh\u00edculo. Independientemente [&hellip;]\" \/>\n<meta property=\"og:url\" content=\"https:\/\/westcoasttriallawyers.com\/es\/california\/san-francisco\/abogado-de-accidentes-de-motocicleta-en-san-francisco\" \/>\n<meta property=\"og:site_name\" content=\"West Coast Trial Lawyers\" \/>\n<meta property=\"article:publisher\" content=\"https:\/\/www.facebook.com\/westcoasttriallawyers\/\" \/>\n<meta property=\"article:modified_time\" content=\"2026-01-22T12:29:12+00:00\" \/>\n<meta property=\"og:image\" content=\"https:\/\/westcoasttriallawyers.com\/wp-content\/uploads\/2025\/07\/San-Francisco-11.webp\" \/>\n\t<meta property=\"og:image:width\" content=\"557\" \/>\n\t<meta property=\"og:image:height\" content=\"327\" \/>\n\t<meta property=\"og:image:type\" content=\"image\/webp\" \/>\n<meta name=\"twitter:card\" content=\"summary_large_image\" \/>\n<meta name=\"twitter:site\" content=\"@WestCoastTrial\" \/>\n<meta name=\"twitter:label1\" content=\"Tiempo de lectura\" \/>\n\t<meta name=\"twitter:data1\" content=\"12 minutos\" \/>\n<script type=\"application\/ld+json\" class=\"yoast-schema-graph\">{\"@context\":\"https:\/\/schema.org\",\"@graph\":[{\"@type\":[\"WebPage\",\"ItemPage\"],\"@id\":\"https:\/\/westcoasttriallawyers.com\/es\/california\/san-francisco\/abogado-de-accidentes-de-motocicleta-en-san-francisco\",\"url\":\"https:\/\/westcoasttriallawyers.com\/es\/california\/san-francisco\/abogado-de-accidentes-de-motocicleta-en-san-francisco\",\"name\":\"Abogado de accidentes de motocicleta en San Francisco | West Coast Trial Lawyers\",\"isPartOf\":{\"@id\":\"https:\/\/westcoasttriallawyers.com\/es#website\"},\"primaryImageOfPage\":{\"@id\":\"https:\/\/westcoasttriallawyers.com\/es\/california\/san-francisco\/abogado-de-accidentes-de-motocicleta-en-san-francisco#primaryimage\"},\"image\":{\"@id\":\"https:\/\/westcoasttriallawyers.com\/es\/california\/san-francisco\/abogado-de-accidentes-de-motocicleta-en-san-francisco#primaryimage\"},\"thumbnailUrl\":\"https:\/\/westcoasttriallawyers.com\/wp-content\/uploads\/2025\/07\/San-Francisco-11.webp\",\"datePublished\":\"2026-01-14T17:42:26+00:00\",\"dateModified\":\"2026-01-22T12:29:12+00:00\",\"breadcrumb\":{\"@id\":\"https:\/\/westcoasttriallawyers.com\/es\/california\/san-francisco\/abogado-de-accidentes-de-motocicleta-en-san-francisco#breadcrumb\"},\"inLanguage\":\"es\",\"potentialAction\":[{\"@type\":\"ReadAction\",\"target\":[\"https:\/\/westcoasttriallawyers.com\/es\/california\/san-francisco\/abogado-de-accidentes-de-motocicleta-en-san-francisco\"]}]},{\"@type\":\"ImageObject\",\"inLanguage\":\"es\",\"@id\":\"https:\/\/westcoasttriallawyers.com\/es\/california\/san-francisco\/abogado-de-accidentes-de-motocicleta-en-san-francisco#primaryimage\",\"url\":\"https:\/\/westcoasttriallawyers.com\/wp-content\/uploads\/2025\/07\/San-Francisco-11.webp\",\"contentUrl\":\"https:\/\/westcoasttriallawyers.com\/wp-content\/uploads\/2025\/07\/San-Francisco-11.webp\",\"width\":557,\"height\":327},{\"@type\":\"BreadcrumbList\",\"@id\":\"https:\/\/westcoasttriallawyers.com\/es\/california\/san-francisco\/abogado-de-accidentes-de-motocicleta-en-san-francisco#breadcrumb\",\"itemListElement\":[{\"@type\":\"ListItem\",\"position\":1,\"name\":\"Inicio\",\"item\":\"https:\/\/westcoasttriallawyers.com\/es\"},{\"@type\":\"ListItem\",\"position\":2,\"name\":\"California\",\"item\":\"https:\/\/westcoasttriallawyers.com\/es\/california\"},{\"@type\":\"ListItem\",\"position\":3,\"name\":\"San Francisco\",\"item\":\"https:\/\/westcoasttriallawyers.com\/es\/california\/san-francisco\"},{\"@type\":\"ListItem\",\"position\":4,\"name\":\"Abogado de accidentes de motocicleta en San Francisco\"}]},{\"@type\":\"WebSite\",\"@id\":\"https:\/\/westcoasttriallawyers.com\/es#website\",\"url\":\"https:\/\/westcoasttriallawyers.com\/es\",\"name\":\"West Coast Trial Lawyers\",\"description\":\"West Coast Trial Lawyers\",\"publisher\":{\"@id\":\"https:\/\/westcoasttriallawyers.com\/es#organization\"},\"alternateName\":\"WCTL\",\"potentialAction\":[{\"@type\":\"SearchAction\",\"target\":{\"@type\":\"EntryPoint\",\"urlTemplate\":\"https:\/\/westcoasttriallawyers.com\/es?s={search_term_string}\"},\"query-input\":{\"@type\":\"PropertyValueSpecification\",\"valueRequired\":true,\"valueName\":\"search_term_string\"}}],\"inLanguage\":\"es\"},{\"@type\":\"Organization\",\"@id\":\"https:\/\/westcoasttriallawyers.com\/es#organization\",\"name\":\"West Coast Trial Lawyers\",\"alternateName\":\"WCTL\",\"url\":\"https:\/\/westcoasttriallawyers.com\/es\",\"logo\":{\"@type\":\"ImageObject\",\"inLanguage\":\"es\",\"@id\":\"https:\/\/westcoasttriallawyers.com\/es#\/schema\/logo\/image\/\",\"url\":\"https:\/\/westcoasttriallawyers.com\/wp-content\/uploads\/2026\/02\/WCTL-Logo.jpg\",\"contentUrl\":\"https:\/\/westcoasttriallawyers.com\/wp-content\/uploads\/2026\/02\/WCTL-Logo.jpg\",\"width\":696,\"height\":696,\"caption\":\"West Coast Trial Lawyers\"},\"image\":{\"@id\":\"https:\/\/westcoasttriallawyers.com\/es#\/schema\/logo\/image\/\"},\"sameAs\":[\"https:\/\/www.facebook.com\/westcoasttriallawyers\/\",\"https:\/\/x.com\/WestCoastTrial\",\"https:\/\/www.linkedin.com\/company\/west-coast-trial-lawyers\/\",\"https:\/\/www.instagram.com\/westcoasttriallawyers\/\",\"https:\/\/www.yelp.com\/biz\/west-coast-trial-lawyers-los-angeles-2\",\"https:\/\/www.pinterest.com\/westcoasttrial\/\",\"https:\/\/www.youtube.com\/westcoasttriallawyersla\/\",\"https:\/\/www.tiktok.com\/westcoasttriallawyers\"],\"description\":\"West Coast Trial Lawyers is a top-rated personal injury law firm with a goal to provide expert legal representation to those in need. The law firm has offices across California, Nevada, Arizona, and Washington.\",\"legalName\":\"West Coast Trial Lawyers\"}]}<\/script>\n<!-- \/ Yoast SEO Premium plugin. -->","yoast_head_json":{"title":"Abogado de accidentes de motocicleta en San Francisco | West Coast Trial Lawyers","robots":{"index":"index","follow":"follow","max-snippet":"max-snippet:-1","max-image-preview":"max-image-preview:large","max-video-preview":"max-video-preview:-1"},"canonical":"https:\/\/westcoasttriallawyers.com\/es\/california\/san-francisco\/abogado-de-accidentes-de-motocicleta-en-san-francisco","og_locale":"es_ES","og_type":"article","og_title":"Abogado de accidentes de motocicleta en San Francisco","og_description":"\u00bfCu\u00e1les son los tipos m\u00e1s comunes de accidentes y lesiones de motocicleta? Entre 2014 y 2020, se han producido 62 muertes de motociclistas en San Francisco. Se ha dicho que los motociclistas tienen 28 veces m\u00e1s probabilidades que los ocupantes de autom\u00f3viles de morir en un choque por cada milla recorrida por el veh\u00edculo. Independientemente [&hellip;]","og_url":"https:\/\/westcoasttriallawyers.com\/es\/california\/san-francisco\/abogado-de-accidentes-de-motocicleta-en-san-francisco","og_site_name":"West Coast Trial Lawyers","article_publisher":"https:\/\/www.facebook.com\/westcoasttriallawyers\/","article_modified_time":"2026-01-22T12:29:12+00:00","og_image":[{"width":557,"height":327,"url":"https:\/\/westcoasttriallawyers.com\/wp-content\/uploads\/2025\/07\/San-Francisco-11.webp","type":"image\/webp"}],"twitter_card":"summary_large_image","twitter_site":"@WestCoastTrial","twitter_misc":{"Tiempo de lectura":"12 minutos"},"schema":{"@context":"https:\/\/schema.org","@graph":[{"@type":["WebPage","ItemPage"],"@id":"https:\/\/westcoasttriallawyers.com\/es\/california\/san-francisco\/abogado-de-accidentes-de-motocicleta-en-san-francisco","url":"https:\/\/westcoasttriallawyers.com\/es\/california\/san-francisco\/abogado-de-accidentes-de-motocicleta-en-san-francisco","name":"Abogado de accidentes de motocicleta en San Francisco | West Coast Trial Lawyers","isPartOf":{"@id":"https:\/\/westcoasttriallawyers.com\/es#website"},"primaryImageOfPage":{"@id":"https:\/\/westcoasttriallawyers.com\/es\/california\/san-francisco\/abogado-de-accidentes-de-motocicleta-en-san-francisco#primaryimage"},"image":{"@id":"https:\/\/westcoasttriallawyers.com\/es\/california\/san-francisco\/abogado-de-accidentes-de-motocicleta-en-san-francisco#primaryimage"},"thumbnailUrl":"https:\/\/westcoasttriallawyers.com\/wp-content\/uploads\/2025\/07\/San-Francisco-11.webp","datePublished":"2026-01-14T17:42:26+00:00","dateModified":"2026-01-22T12:29:12+00:00","breadcrumb":{"@id":"https:\/\/westcoasttriallawyers.com\/es\/california\/san-francisco\/abogado-de-accidentes-de-motocicleta-en-san-francisco#breadcrumb"},"inLanguage":"es","potentialAction":[{"@type":"ReadAction","target":["https:\/\/westcoasttriallawyers.com\/es\/california\/san-francisco\/abogado-de-accidentes-de-motocicleta-en-san-francisco"]}]},{"@type":"ImageObject","inLanguage":"es","@id":"https:\/\/westcoasttriallawyers.com\/es\/california\/san-francisco\/abogado-de-accidentes-de-motocicleta-en-san-francisco#primaryimage","url":"https:\/\/westcoasttriallawyers.com\/wp-content\/uploads\/2025\/07\/San-Francisco-11.webp","contentUrl":"https:\/\/westcoasttriallawyers.com\/wp-content\/uploads\/2025\/07\/San-Francisco-11.webp","width":557,"height":327},{"@type":"BreadcrumbList","@id":"https:\/\/westcoasttriallawyers.com\/es\/california\/san-francisco\/abogado-de-accidentes-de-motocicleta-en-san-francisco#breadcrumb","itemListElement":[{"@type":"ListItem","position":1,"name":"Inicio","item":"https:\/\/westcoasttriallawyers.com\/es"},{"@type":"ListItem","position":2,"name":"California","item":"https:\/\/westcoasttriallawyers.com\/es\/california"},{"@type":"ListItem","position":3,"name":"San Francisco","item":"https:\/\/westcoasttriallawyers.com\/es\/california\/san-francisco"},{"@type":"ListItem","position":4,"name":"Abogado de accidentes de motocicleta en San Francisco"}]},{"@type":"WebSite","@id":"https:\/\/westcoasttriallawyers.com\/es#website","url":"https:\/\/westcoasttriallawyers.com\/es","name":"West Coast Trial Lawyers","description":"West Coast Trial Lawyers","publisher":{"@id":"https:\/\/westcoasttriallawyers.com\/es#organization"},"alternateName":"WCTL","potentialAction":[{"@type":"SearchAction","target":{"@type":"EntryPoint","urlTemplate":"https:\/\/westcoasttriallawyers.com\/es?s={search_term_string}"},"query-input":{"@type":"PropertyValueSpecification","valueRequired":true,"valueName":"search_term_string"}}],"inLanguage":"es"},{"@type":"Organization","@id":"https:\/\/westcoasttriallawyers.com\/es#organization","name":"West Coast Trial Lawyers","alternateName":"WCTL","url":"https:\/\/westcoasttriallawyers.com\/es","logo":{"@type":"ImageObject","inLanguage":"es","@id":"https:\/\/westcoasttriallawyers.com\/es#\/schema\/logo\/image\/","url":"https:\/\/westcoasttriallawyers.com\/wp-content\/uploads\/2026\/02\/WCTL-Logo.jpg","contentUrl":"https:\/\/westcoasttriallawyers.com\/wp-content\/uploads\/2026\/02\/WCTL-Logo.jpg","width":696,"height":696,"caption":"West Coast Trial Lawyers"},"image":{"@id":"https:\/\/westcoasttriallawyers.com\/es#\/schema\/logo\/image\/"},"sameAs":["https:\/\/www.facebook.com\/westcoasttriallawyers\/","https:\/\/x.com\/WestCoastTrial","https:\/\/www.linkedin.com\/company\/west-coast-trial-lawyers\/","https:\/\/www.instagram.com\/westcoasttriallawyers\/","https:\/\/www.yelp.com\/biz\/west-coast-trial-lawyers-los-angeles-2","https:\/\/www.pinterest.com\/westcoasttrial\/","https:\/\/www.youtube.com\/westcoasttriallawyersla\/","https:\/\/www.tiktok.com\/westcoasttriallawyers"],"description":"West Coast Trial Lawyers is a top-rated personal injury law firm with a goal to provide expert legal representation to those in need. The law firm has offices across California, Nevada, Arizona, and Washington.","legalName":"West Coast Trial Lawyers"}]}},"_links":{"self":[{"href":"https:\/\/westcoasttriallawyers.com\/es\/wp-json\/wp\/v2\/pages\/12580","targetHints":{"allow":["GET"]}}],"collection":[{"href":"https:\/\/westcoasttriallawyers.com\/es\/wp-json\/wp\/v2\/pages"}],"about":[{"href":"https:\/\/westcoasttriallawyers.com\/es\/wp-json\/wp\/v2\/types\/page"}],"author":[{"embeddable":true,"href":"https:\/\/westcoasttriallawyers.com\/es\/wp-json\/wp\/v2\/users\/475"}],"replies":[{"embeddable":true,"href":"https:\/\/westcoasttriallawyers.com\/es\/wp-json\/wp\/v2\/comments?post=12580"}],"version-history":[{"count":3,"href":"https:\/\/westcoasttriallawyers.com\/es\/wp-json\/wp\/v2\/pages\/12580\/revisions"}],"predecessor-version":[{"id":47922,"href":"https:\/\/westcoasttriallawyers.com\/es\/wp-json\/wp\/v2\/pages\/12580\/revisions\/47922"}],"up":[{"embeddable":true,"href":"https:\/\/westcoasttriallawyers.com\/es\/wp-json\/wp\/v2\/pages\/47400"}],"wp:featuredmedia":[{"embeddable":true,"href":"https:\/\/westcoasttriallawyers.com\/es\/wp-json\/wp\/v2\/media\/46679"}],"wp:attachment":[{"href":"https:\/\/westcoasttriallawyers.com\/es\/wp-json\/wp\/v2\/media?parent=12580"}],"curies":[{"name":"wp","href":"https:\/\/api.w.org\/{rel}","templated":true}]}}