{"id":12575,"date":"2026-01-14T17:42:27","date_gmt":"2026-01-14T17:42:27","guid":{"rendered":"https:\/\/wctl1stg.wpengine.com\/?page_id=12575"},"modified":"2026-01-22T12:31:51","modified_gmt":"2026-01-22T12:31:51","slug":"abogado-de-accidentes-de-peatones-de-san-francisco","status":"publish","type":"page","link":"https:\/\/westcoasttriallawyers.com\/es\/california\/san-francisco\/abogado-de-accidentes-de-peatones-de-san-francisco","title":{"rendered":"Abogado de accidentes de peatones de San Francisco"},"content":{"rendered":"<h2><strong>\u00bfCu\u00e1les son las causas m\u00e1s comunes de accidentes de peatones en San Francisco?\u00a0<\/strong><\/h2>\n<p>En 2020, San Francisco se clasific\u00f3 como una de las 5 ciudades m\u00e1s transitables de los Estados Unidos. La ciudad ofrece varios caminos que hacen posible que los peatones caminen desde sus hogares hasta tiendas minoristas, parques o lugares de transporte p\u00fablico. Con un gran volumen de peatones que ocupan las calles d\u00eda a d\u00eda, aumenta el riesgo de que ocurran accidentes de peatones. Desafortunadamente, desde 2014 hasta 2020, ha habido un total de 115 muertes de peatones causadas por accidentes de tr\u00e1nsito.<\/p>\n<p>Las v\u00edctimas de un accidente peatonal son elegibles para presentar una demanda por lesiones personales contra la parte culpable por da\u00f1os y perjuicios. En West Coast Trial Lawyers, nuestros abogados de accidentes de peatones de San Francisco est\u00e1n disponibles las 24 horas del d\u00eda, los 7 d\u00edas de la semana para brindar asistencia legal a aquellos que est\u00e9n interesados \u200b\u200ben presentar un reclamo. Con nuestro historial de recuperaci\u00f3n de m\u00e1s de $ 1 mil millones en acuerdos para nuestros clientes, estamos seguros de que obtendremos un buen resultado para su caso.<\/p>\n<p>Para programar una consulta gratuita en nuestro bufete de abogados de lesiones personales de San Francisco, comun\u00edquese con nosotros llamando al 213-927-3700 o enviando un correo electr\u00f3nico a info@westcoasttriallawyers.com.<\/p>\n<h2><strong>Causas comunes de un accidente de peatones<\/strong><\/h2>\n<p>A menudo, los accidentes de peatones son causados \u200b\u200bpor conductores negligentes. Se espera que los conductores den a los peatones el derecho de paso, sin embargo, muchos de estos conductores optan por ignorar las reglas de tr\u00e1nsito y contin\u00faan haciendo lo que les plazca. Aquellos que sean encontrados infringiendo las leyes de derecho de paso recibir\u00e1n una multa de al menos $220, si hay lesiones involucradas. La sanci\u00f3n por no ceder el paso a un peat\u00f3n ciego es m\u00e1s severa: una multa m\u00e1xima de $1,000 y seis meses de prisi\u00f3n, o posiblemente ambas.<\/p>\n<p>Otras causas comunes de un accidente peatonal incluyen las siguientes:<\/p>\n<ul>\n<li>Skaters en una acera<\/li>\n<li>Corredores en una acera<\/li>\n<li>Peatones distra\u00eddos que no miran la carretera<\/li>\n<li>Perros sin control o sin correa<\/li>\n<li>Grandes grupos de personas en una acera<\/li>\n<li>Camiones o autobuses con grandes espejos laterales que se extienden hasta la acera<\/li>\n<li>Autos estacionados que abren repentinamente sus puertas<\/li>\n<li>Ciclistas en una acera<\/li>\n<li>altercados f\u00edsicos<\/li>\n<li>Ni\u00f1os corriendo o jugando mal<\/li>\n<\/ul>\n<p>Los peatones tambi\u00e9n pueden incumplir su deber de cuidado al cometer actos negligentes, como bajarse de la acera cuando hay un veh\u00edculo cerca, detenerse en medio de la intersecci\u00f3n o bloquear el tr\u00e1fico incluso cuando tienen el derecho de paso. Uno de los actos negligentes m\u00e1s comunes que un peat\u00f3n ha cometido con frecuencia es cruzar ilegalmente la calle. Esto se conoce como cruce imprudente. Si un peat\u00f3n es sorprendido cruzando la calle imprudentemente y esta acci\u00f3n resulta en un accidente, entonces el peat\u00f3n estar\u00e1 obligado a proporcionar una compensaci\u00f3n por los da\u00f1os causados \u200b\u200bpor su negligencia. Si la otra parte involucrada en el accidente tambi\u00e9n cometi\u00f3 un acto negligente, como exceso de velocidad, la responsabilidad ser\u00e1 compartida.<\/p>\n<h2><strong>Leyes de cruce imprudente<\/strong><\/h2>\n<p>Como se discuti\u00f3 anteriormente, cruzar la calle imprudentemente es un acto ilegal que involucra a un peat\u00f3n caminando en \u00e1reas donde el tr\u00e1fico de peatones no est\u00e1 permitido. Al igual que cualquier conductor, los peatones tambi\u00e9n deben obedecer las leyes y se\u00f1ales de tr\u00e1nsito. Esto significa que cualquier peat\u00f3n que no siga las reglas para peatones casi seguramente ser\u00e1 parcialmente responsable de un accidente de peatones, especialmente si su incumplimiento de estas leyes contribuy\u00f3 a causar el accidente.<\/p>\n<p>En otras palabras, es casi seguro que los da\u00f1os que un peat\u00f3n lesionado puede recuperar se reducir\u00e1n si un peat\u00f3n actu\u00f3 de manera negligente, como cruzar imprudentemente.<\/p>\n<h2><strong>Da\u00f1os disponibles por un accidente de peat\u00f3n<\/strong><\/h2>\n<p>Las v\u00edctimas de un accidente de peatones son elegibles para presentar un reclamo por lesiones personales para obtener una compensaci\u00f3n por las p\u00e9rdidas causadas por el incidente. El peat\u00f3n puede recibir da\u00f1os econ\u00f3micos y no econ\u00f3micos, tales como:<\/p>\n<ul>\n<li><strong>Facturas m\u00e9dicas.\u00a0<\/strong>Las v\u00edctimas de accidentes de peatones a menudo necesitan atenci\u00f3n m\u00e9dica para tratar sus lesiones. Las v\u00edctimas tienen derecho a buscar una compensaci\u00f3n por sus facturas m\u00e9dicas pasadas, presentes y futuras que sean necesarias para ayudarlos a recuperarse de sus lesiones.<\/li>\n<li><strong>Salarios e ingresos perdidos.<\/strong> Los peatones que sufrieron lesiones graves en un accidente probablemente tendr\u00e1n que faltar al trabajo para recuperarse. Estas v\u00edctimas tienen derecho a buscar una compensaci\u00f3n por salarios y beneficios perdidos tanto en el pasado como en el futuro, incluidos los d\u00edas de vacaciones y por enfermedad, bonos y otros beneficios laborales.<\/li>\n<li><strong>P\u00e9rdida de capacidad de ingresos.<\/strong> Adem\u00e1s de la p\u00e9rdida de ingresos, las v\u00edctimas de accidentes tambi\u00e9n pueden presentar una reclamaci\u00f3n por da\u00f1os y perjuicios debido a la p\u00e9rdida de la capacidad de obtener ingresos. Estos da\u00f1os ocurren cuando un accidente impide o limita que el peat\u00f3n lesionado contin\u00fae trabajando en su puesto actual o avance en su carrera.<\/li>\n<li><strong>Dolor y sufrimiento.\u00a0<\/strong>Cuando se lesiona en un accidente peatonal, es posible que tenga derecho a recibir dinero por su dolor y sufrimiento. Estos tipos de da\u00f1os est\u00e1n destinados a compensarlo por su dolor y sufrimiento f\u00edsico, as\u00ed como por su angustia emocional.<\/li>\n<li><strong>P\u00e9rdida del disfrute de la vida.\u00a0<\/strong>Los accidentes de peatones a menudo pueden limitar la capacidad de una persona para participar en las actividades o los placeres de la vida que disfrutaba antes del accidente. Cuando la v\u00edctima de un accidente sufre lesiones f\u00edsicas o mentales que limitan su calidad de vida, este es un tipo de da\u00f1o que puede recuperarse en un reclamo por lesiones personales.<\/li>\n<li><strong>P\u00e9rdida del Consorcio.\u00a0<\/strong>Cuando un c\u00f3nyuge resulta herido en un accidente peatonal, el c\u00f3nyuge no lesionado puede tener derecho a presentar una reclamaci\u00f3n por p\u00e9rdida de consorcio. Esta reclamaci\u00f3n surge cuando, como consecuencia del accidente, el c\u00f3nyuge lesionado no puede proporcionar al c\u00f3nyuge no lesionado compa\u00f1\u00eda, cuidado, protecci\u00f3n, apoyo, consuelo y relaciones sexuales.<\/li>\n<\/ul>\n<p>Para adquirir estos da\u00f1os, la v\u00edctima debe reunir informaci\u00f3n importante y pruebas que ayudar\u00e1n a fortalecer su demanda por lesiones personales. Antes de presentar un reclamo por lesiones personales, se recomienda encarecidamente a las v\u00edctimas de un accidente de peatones que se comuniquen con un abogado con experiencia en lesiones personales de San Francisco. El abogado evaluar\u00e1 su situaci\u00f3n y determinar\u00e1 si tiene un caso en sus manos. Si es as\u00ed, el abogado lo ayudar\u00e1 en el proceso de fortalecer su caso. Tambi\u00e9n negociar\u00e1n con las compa\u00f1\u00edas de seguros para asegurarse de que obtenga una compensaci\u00f3n justa que ayude a cubrir los da\u00f1os causados \u200b\u200bpor la otra parte culpable.<\/p>\n<h2><strong>Los abogados litigantes de la costa oeste est\u00e1n aqu\u00ed para ayudar<\/strong><\/h2>\n<p>Si estuvo involucrado en un accidente de peatones en San Francisco y desea entablar una demanda contra la parte culpable, West Coast Trial Lawyers cuenta con abogados experimentados en lesiones personales de San Francisco que est\u00e1n disponibles para ayudarle con su caso.<\/p>\n<p>Comun\u00edquese hoy con nuestro equipo legal disponible las 24 horas, los 7 d\u00edas de la semana llamando al 213-927-3700 o enviando un correo electr\u00f3nico a info@westcoasttriallawyers.com para programar una consulta gratuita en nuestro bufete de abogados de lesiones personales en San Francisco.<\/p>\n<p><!-- WCTL_DEBUG: no shortcode in this_content --><\/p>\n","protected":false},"excerpt":{"rendered":"<p>\u00bfCu\u00e1les son las causas m\u00e1s comunes de accidentes de peatones en San Francisco?\u00a0 En 2020, San Francisco se clasific\u00f3 como una de las 5 ciudades m\u00e1s transitables de los Estados Unidos. La ciudad ofrece varios caminos que hacen posible que los peatones caminen desde sus hogares hasta tiendas minoristas, parques o lugares de transporte p\u00fablico. [&hellip;]<\/p>\n","protected":false},"author":475,"featured_media":46684,"parent":47400,"menu_order":0,"comment_status":"closed","ping_status":"closed","template":"","meta":{"inline_featured_image":false,"footnotes":""},"class_list":["post-12575","page","type-page","status-publish","has-post-thumbnail","hentry"],"acf":[],"yoast_head":"<!-- This site is optimized with the Yoast SEO Premium plugin v26.0 (Yoast SEO v26.0) - https:\/\/yoast.com\/wordpress\/plugins\/seo\/ -->\n<title>Abogado de accidentes de peatones de San Francisco | West Coast Trial Lawyers<\/title>\n<meta name=\"robots\" content=\"index, follow, max-snippet:-1, max-image-preview:large, max-video-preview:-1\" \/>\n<link rel=\"canonical\" href=\"https:\/\/westcoasttriallawyers.com\/es\/california\/san-francisco\/abogado-de-accidentes-de-peatones-de-san-francisco\" \/>\n<meta property=\"og:locale\" content=\"es_ES\" \/>\n<meta property=\"og:type\" content=\"article\" \/>\n<meta property=\"og:title\" content=\"Abogado de accidentes de peatones de San Francisco\" \/>\n<meta property=\"og:description\" content=\"\u00bfCu\u00e1les son las causas m\u00e1s comunes de accidentes de peatones en San Francisco?\u00a0 En 2020, San Francisco se clasific\u00f3 como una de las 5 ciudades m\u00e1s transitables de los Estados Unidos. La ciudad ofrece varios caminos que hacen posible que los peatones caminen desde sus hogares hasta tiendas minoristas, parques o lugares de transporte p\u00fablico. [&hellip;]\" \/>\n<meta property=\"og:url\" content=\"https:\/\/westcoasttriallawyers.com\/es\/california\/san-francisco\/abogado-de-accidentes-de-peatones-de-san-francisco\" \/>\n<meta property=\"og:site_name\" content=\"West Coast Trial Lawyers\" \/>\n<meta property=\"article:publisher\" content=\"https:\/\/www.facebook.com\/westcoasttriallawyers\/\" \/>\n<meta property=\"article:modified_time\" content=\"2026-01-22T12:31:51+00:00\" \/>\n<meta property=\"og:image\" content=\"https:\/\/westcoasttriallawyers.com\/wp-content\/uploads\/2025\/07\/San-Francisco-13.webp\" \/>\n\t<meta property=\"og:image:width\" content=\"557\" \/>\n\t<meta property=\"og:image:height\" content=\"327\" \/>\n\t<meta property=\"og:image:type\" content=\"image\/webp\" \/>\n<meta name=\"twitter:card\" content=\"summary_large_image\" \/>\n<meta name=\"twitter:site\" content=\"@WestCoastTrial\" \/>\n<meta name=\"twitter:label1\" content=\"Tiempo de lectura\" \/>\n\t<meta name=\"twitter:data1\" content=\"9 minutos\" \/>\n<script type=\"application\/ld+json\" class=\"yoast-schema-graph\">{\"@context\":\"https:\/\/schema.org\",\"@graph\":[{\"@type\":[\"WebPage\",\"ItemPage\"],\"@id\":\"https:\/\/westcoasttriallawyers.com\/es\/california\/san-francisco\/abogado-de-accidentes-de-peatones-de-san-francisco\",\"url\":\"https:\/\/westcoasttriallawyers.com\/es\/california\/san-francisco\/abogado-de-accidentes-de-peatones-de-san-francisco\",\"name\":\"Abogado de accidentes de peatones de San Francisco | West Coast Trial Lawyers\",\"isPartOf\":{\"@id\":\"https:\/\/westcoasttriallawyers.com\/es#website\"},\"primaryImageOfPage\":{\"@id\":\"https:\/\/westcoasttriallawyers.com\/es\/california\/san-francisco\/abogado-de-accidentes-de-peatones-de-san-francisco#primaryimage\"},\"image\":{\"@id\":\"https:\/\/westcoasttriallawyers.com\/es\/california\/san-francisco\/abogado-de-accidentes-de-peatones-de-san-francisco#primaryimage\"},\"thumbnailUrl\":\"https:\/\/westcoasttriallawyers.com\/wp-content\/uploads\/2025\/07\/San-Francisco-13.webp\",\"datePublished\":\"2026-01-14T17:42:27+00:00\",\"dateModified\":\"2026-01-22T12:31:51+00:00\",\"breadcrumb\":{\"@id\":\"https:\/\/westcoasttriallawyers.com\/es\/california\/san-francisco\/abogado-de-accidentes-de-peatones-de-san-francisco#breadcrumb\"},\"inLanguage\":\"es\",\"potentialAction\":[{\"@type\":\"ReadAction\",\"target\":[\"https:\/\/westcoasttriallawyers.com\/es\/california\/san-francisco\/abogado-de-accidentes-de-peatones-de-san-francisco\"]}]},{\"@type\":\"ImageObject\",\"inLanguage\":\"es\",\"@id\":\"https:\/\/westcoasttriallawyers.com\/es\/california\/san-francisco\/abogado-de-accidentes-de-peatones-de-san-francisco#primaryimage\",\"url\":\"https:\/\/westcoasttriallawyers.com\/wp-content\/uploads\/2025\/07\/San-Francisco-13.webp\",\"contentUrl\":\"https:\/\/westcoasttriallawyers.com\/wp-content\/uploads\/2025\/07\/San-Francisco-13.webp\",\"width\":557,\"height\":327},{\"@type\":\"BreadcrumbList\",\"@id\":\"https:\/\/westcoasttriallawyers.com\/es\/california\/san-francisco\/abogado-de-accidentes-de-peatones-de-san-francisco#breadcrumb\",\"itemListElement\":[{\"@type\":\"ListItem\",\"position\":1,\"name\":\"Inicio\",\"item\":\"https:\/\/westcoasttriallawyers.com\/es\"},{\"@type\":\"ListItem\",\"position\":2,\"name\":\"California\",\"item\":\"https:\/\/westcoasttriallawyers.com\/es\/california\"},{\"@type\":\"ListItem\",\"position\":3,\"name\":\"San Francisco\",\"item\":\"https:\/\/westcoasttriallawyers.com\/es\/california\/san-francisco\"},{\"@type\":\"ListItem\",\"position\":4,\"name\":\"Abogado de accidentes de peatones de San Francisco\"}]},{\"@type\":\"WebSite\",\"@id\":\"https:\/\/westcoasttriallawyers.com\/es#website\",\"url\":\"https:\/\/westcoasttriallawyers.com\/es\",\"name\":\"West Coast Trial Lawyers\",\"description\":\"West Coast Trial Lawyers\",\"publisher\":{\"@id\":\"https:\/\/westcoasttriallawyers.com\/es#organization\"},\"alternateName\":\"WCTL\",\"potentialAction\":[{\"@type\":\"SearchAction\",\"target\":{\"@type\":\"EntryPoint\",\"urlTemplate\":\"https:\/\/westcoasttriallawyers.com\/es?s={search_term_string}\"},\"query-input\":{\"@type\":\"PropertyValueSpecification\",\"valueRequired\":true,\"valueName\":\"search_term_string\"}}],\"inLanguage\":\"es\"},{\"@type\":\"Organization\",\"@id\":\"https:\/\/westcoasttriallawyers.com\/es#organization\",\"name\":\"West Coast Trial Lawyers\",\"alternateName\":\"WCTL\",\"url\":\"https:\/\/westcoasttriallawyers.com\/es\",\"logo\":{\"@type\":\"ImageObject\",\"inLanguage\":\"es\",\"@id\":\"https:\/\/westcoasttriallawyers.com\/es#\/schema\/logo\/image\/\",\"url\":\"https:\/\/westcoasttriallawyers.com\/wp-content\/uploads\/2026\/02\/WCTL-Logo.jpg\",\"contentUrl\":\"https:\/\/westcoasttriallawyers.com\/wp-content\/uploads\/2026\/02\/WCTL-Logo.jpg\",\"width\":696,\"height\":696,\"caption\":\"West Coast Trial Lawyers\"},\"image\":{\"@id\":\"https:\/\/westcoasttriallawyers.com\/es#\/schema\/logo\/image\/\"},\"sameAs\":[\"https:\/\/www.facebook.com\/westcoasttriallawyers\/\",\"https:\/\/x.com\/WestCoastTrial\",\"https:\/\/www.linkedin.com\/company\/west-coast-trial-lawyers\/\",\"https:\/\/www.instagram.com\/westcoasttriallawyers\/\",\"https:\/\/www.yelp.com\/biz\/west-coast-trial-lawyers-los-angeles-2\",\"https:\/\/www.pinterest.com\/westcoasttrial\/\",\"https:\/\/www.youtube.com\/westcoasttriallawyersla\/\",\"https:\/\/www.tiktok.com\/westcoasttriallawyers\"],\"description\":\"West Coast Trial Lawyers is a top-rated personal injury law firm with a goal to provide expert legal representation to those in need. The law firm has offices across California, Nevada, Arizona, and Washington.\",\"legalName\":\"West Coast Trial Lawyers\"}]}<\/script>\n<!-- \/ Yoast SEO Premium plugin. -->","yoast_head_json":{"title":"Abogado de accidentes de peatones de San Francisco | West Coast Trial Lawyers","robots":{"index":"index","follow":"follow","max-snippet":"max-snippet:-1","max-image-preview":"max-image-preview:large","max-video-preview":"max-video-preview:-1"},"canonical":"https:\/\/westcoasttriallawyers.com\/es\/california\/san-francisco\/abogado-de-accidentes-de-peatones-de-san-francisco","og_locale":"es_ES","og_type":"article","og_title":"Abogado de accidentes de peatones de San Francisco","og_description":"\u00bfCu\u00e1les son las causas m\u00e1s comunes de accidentes de peatones en San Francisco?\u00a0 En 2020, San Francisco se clasific\u00f3 como una de las 5 ciudades m\u00e1s transitables de los Estados Unidos. La ciudad ofrece varios caminos que hacen posible que los peatones caminen desde sus hogares hasta tiendas minoristas, parques o lugares de transporte p\u00fablico. [&hellip;]","og_url":"https:\/\/westcoasttriallawyers.com\/es\/california\/san-francisco\/abogado-de-accidentes-de-peatones-de-san-francisco","og_site_name":"West Coast Trial Lawyers","article_publisher":"https:\/\/www.facebook.com\/westcoasttriallawyers\/","article_modified_time":"2026-01-22T12:31:51+00:00","og_image":[{"width":557,"height":327,"url":"https:\/\/westcoasttriallawyers.com\/wp-content\/uploads\/2025\/07\/San-Francisco-13.webp","type":"image\/webp"}],"twitter_card":"summary_large_image","twitter_site":"@WestCoastTrial","twitter_misc":{"Tiempo de lectura":"9 minutos"},"schema":{"@context":"https:\/\/schema.org","@graph":[{"@type":["WebPage","ItemPage"],"@id":"https:\/\/westcoasttriallawyers.com\/es\/california\/san-francisco\/abogado-de-accidentes-de-peatones-de-san-francisco","url":"https:\/\/westcoasttriallawyers.com\/es\/california\/san-francisco\/abogado-de-accidentes-de-peatones-de-san-francisco","name":"Abogado de accidentes de peatones de San Francisco | West Coast Trial Lawyers","isPartOf":{"@id":"https:\/\/westcoasttriallawyers.com\/es#website"},"primaryImageOfPage":{"@id":"https:\/\/westcoasttriallawyers.com\/es\/california\/san-francisco\/abogado-de-accidentes-de-peatones-de-san-francisco#primaryimage"},"image":{"@id":"https:\/\/westcoasttriallawyers.com\/es\/california\/san-francisco\/abogado-de-accidentes-de-peatones-de-san-francisco#primaryimage"},"thumbnailUrl":"https:\/\/westcoasttriallawyers.com\/wp-content\/uploads\/2025\/07\/San-Francisco-13.webp","datePublished":"2026-01-14T17:42:27+00:00","dateModified":"2026-01-22T12:31:51+00:00","breadcrumb":{"@id":"https:\/\/westcoasttriallawyers.com\/es\/california\/san-francisco\/abogado-de-accidentes-de-peatones-de-san-francisco#breadcrumb"},"inLanguage":"es","potentialAction":[{"@type":"ReadAction","target":["https:\/\/westcoasttriallawyers.com\/es\/california\/san-francisco\/abogado-de-accidentes-de-peatones-de-san-francisco"]}]},{"@type":"ImageObject","inLanguage":"es","@id":"https:\/\/westcoasttriallawyers.com\/es\/california\/san-francisco\/abogado-de-accidentes-de-peatones-de-san-francisco#primaryimage","url":"https:\/\/westcoasttriallawyers.com\/wp-content\/uploads\/2025\/07\/San-Francisco-13.webp","contentUrl":"https:\/\/westcoasttriallawyers.com\/wp-content\/uploads\/2025\/07\/San-Francisco-13.webp","width":557,"height":327},{"@type":"BreadcrumbList","@id":"https:\/\/westcoasttriallawyers.com\/es\/california\/san-francisco\/abogado-de-accidentes-de-peatones-de-san-francisco#breadcrumb","itemListElement":[{"@type":"ListItem","position":1,"name":"Inicio","item":"https:\/\/westcoasttriallawyers.com\/es"},{"@type":"ListItem","position":2,"name":"California","item":"https:\/\/westcoasttriallawyers.com\/es\/california"},{"@type":"ListItem","position":3,"name":"San Francisco","item":"https:\/\/westcoasttriallawyers.com\/es\/california\/san-francisco"},{"@type":"ListItem","position":4,"name":"Abogado de accidentes de peatones de San Francisco"}]},{"@type":"WebSite","@id":"https:\/\/westcoasttriallawyers.com\/es#website","url":"https:\/\/westcoasttriallawyers.com\/es","name":"West Coast Trial Lawyers","description":"West Coast Trial Lawyers","publisher":{"@id":"https:\/\/westcoasttriallawyers.com\/es#organization"},"alternateName":"WCTL","potentialAction":[{"@type":"SearchAction","target":{"@type":"EntryPoint","urlTemplate":"https:\/\/westcoasttriallawyers.com\/es?s={search_term_string}"},"query-input":{"@type":"PropertyValueSpecification","valueRequired":true,"valueName":"search_term_string"}}],"inLanguage":"es"},{"@type":"Organization","@id":"https:\/\/westcoasttriallawyers.com\/es#organization","name":"West Coast Trial Lawyers","alternateName":"WCTL","url":"https:\/\/westcoasttriallawyers.com\/es","logo":{"@type":"ImageObject","inLanguage":"es","@id":"https:\/\/westcoasttriallawyers.com\/es#\/schema\/logo\/image\/","url":"https:\/\/westcoasttriallawyers.com\/wp-content\/uploads\/2026\/02\/WCTL-Logo.jpg","contentUrl":"https:\/\/westcoasttriallawyers.com\/wp-content\/uploads\/2026\/02\/WCTL-Logo.jpg","width":696,"height":696,"caption":"West Coast Trial Lawyers"},"image":{"@id":"https:\/\/westcoasttriallawyers.com\/es#\/schema\/logo\/image\/"},"sameAs":["https:\/\/www.facebook.com\/westcoasttriallawyers\/","https:\/\/x.com\/WestCoastTrial","https:\/\/www.linkedin.com\/company\/west-coast-trial-lawyers\/","https:\/\/www.instagram.com\/westcoasttriallawyers\/","https:\/\/www.yelp.com\/biz\/west-coast-trial-lawyers-los-angeles-2","https:\/\/www.pinterest.com\/westcoasttrial\/","https:\/\/www.youtube.com\/westcoasttriallawyersla\/","https:\/\/www.tiktok.com\/westcoasttriallawyers"],"description":"West Coast Trial Lawyers is a top-rated personal injury law firm with a goal to provide expert legal representation to those in need. The law firm has offices across California, Nevada, Arizona, and Washington.","legalName":"West Coast Trial Lawyers"}]}},"_links":{"self":[{"href":"https:\/\/westcoasttriallawyers.com\/es\/wp-json\/wp\/v2\/pages\/12575","targetHints":{"allow":["GET"]}}],"collection":[{"href":"https:\/\/westcoasttriallawyers.com\/es\/wp-json\/wp\/v2\/pages"}],"about":[{"href":"https:\/\/westcoasttriallawyers.com\/es\/wp-json\/wp\/v2\/types\/page"}],"author":[{"embeddable":true,"href":"https:\/\/westcoasttriallawyers.com\/es\/wp-json\/wp\/v2\/users\/475"}],"replies":[{"embeddable":true,"href":"https:\/\/westcoasttriallawyers.com\/es\/wp-json\/wp\/v2\/comments?post=12575"}],"version-history":[{"count":3,"href":"https:\/\/westcoasttriallawyers.com\/es\/wp-json\/wp\/v2\/pages\/12575\/revisions"}],"predecessor-version":[{"id":47925,"href":"https:\/\/westcoasttriallawyers.com\/es\/wp-json\/wp\/v2\/pages\/12575\/revisions\/47925"}],"up":[{"embeddable":true,"href":"https:\/\/westcoasttriallawyers.com\/es\/wp-json\/wp\/v2\/pages\/47400"}],"wp:featuredmedia":[{"embeddable":true,"href":"https:\/\/westcoasttriallawyers.com\/es\/wp-json\/wp\/v2\/media\/46684"}],"wp:attachment":[{"href":"https:\/\/westcoasttriallawyers.com\/es\/wp-json\/wp\/v2\/media?parent=12575"}],"curies":[{"name":"wp","href":"https:\/\/api.w.org\/{rel}","templated":true}]}}