{"id":12569,"date":"2026-01-07T18:22:16","date_gmt":"2026-01-07T18:22:16","guid":{"rendered":"https:\/\/wctl1stg.wpengine.com\/?page_id=12569"},"modified":"2026-01-22T11:59:58","modified_gmt":"2026-01-22T11:59:58","slug":"abogado-de-accidentes-automovilisticos-de-san-francisco","status":"publish","type":"page","link":"https:\/\/westcoasttriallawyers.com\/es\/california\/san-francisco\/abogado-de-accidentes-automovilisticos-de-san-francisco","title":{"rendered":"Abogado de accidentes automovil\u00edsticos de San Francisco"},"content":{"rendered":"\r\n<h2 class=\"wp-block-heading\" id=\"h-como-puedo-determinar-la-responsabilidad-despues-de-un-accidente-automovilistico\">\u00bfC\u00f3mo puedo determinar la responsabilidad despu\u00e9s de un accidente automovil\u00edstico?<\/h2>\r\n\r\n\r\n\r\n<p><a href=\"https:\/\/walksf.org\/our-work\/campaigns\/vision-zero\/district-report-cards\/\">Vision Zero<\/a> ha precisado que, en promedio, cada 15 horas una persona que vive en San Francisco es llevada al hospital tras sufrir lesiones graves en un accidente de tr\u00e1nsito. Seg\u00fan el peri\u00f3dico <em>San Francisco Chronicle<\/em>, la ciudad se ha enfrentado a m\u00e1s de 200 muertes por accidentes de tr\u00e1nsito entre 2014 y 2020. M\u00e1s de 20.000 personas tambi\u00e9n han sufrido lesiones graves. En informes de 2019 a 2020, ha habido un total de 58 muertes causadas por accidentes automovil\u00edsticos.<\/p>\r\n\r\n\r\n\r\n<p>Con estas alarmantes estad\u00edsticas, se recomienda insistentemente a los conductores que siempre conduzcan con seguridad y sigan las reglas de tr\u00e1nsito. Si por alg\u00fan motivo no puede cumplir las normas de seguridad, entonces no conduzca en ese momento. Hay opciones de transporte cuando no se est\u00e1 capacitado para hacerlo. Los conductores tienen el deber de cuidado (<em>duty of care<\/em>) para mantener un entorno seguro para todos los otros usuarios de las v\u00edas p\u00fablicas que est\u00e9n cerca. Desafortunadamente, muchos eligen ignorar las reglas de tr\u00e1nsito, incumpliendo su deber de cuidado y poniendo la vida de todos en riesgo de sufrir un accidente. Si estuvo en un accidente automovil\u00edstico debido a la negligencia de otro conductor, puede ser elegible para presentar un reclamo por lesiones personales en su contra.<\/p>\r\n\r\n\r\n\r\n<p>En <strong>Abogados De La Costa Oeste<\/strong>, nuestros abogados de accidentes automovil\u00edsticos de San Francisco tienen m\u00e1s de 100 a\u00f1os de experiencia legal colectiva en el manejo de casos de lesiones personales. Con nuestro historial de recuperaci\u00f3n de m\u00e1s de <strong>$1.5 mil millones<\/strong> en acuerdos para nuestros clientes, estamos seguros de que obtendremos un buen resultado para su caso.<\/p>\r\n\r\n\r\n\r\n<p>No dude en comunicarse con nuestro equipo legal las 24 horas, los 7 d\u00edas de la semana llamando al <a href=\"tel:2139273700\">(213) 927-3700<\/a> o completando nuestro <a href=\"https:\/\/westcoasttriallawyers.com\/es\/contactenos\">breve formulario en l\u00ednea<\/a> para programar una consulta gratuita en nuestro bufete de abogados de lesiones personales de San Francisco.<\/p>\r\n\r\n\r\n\r\n<figure class=\"wp-block-image size-large\"><img width=\"1024\" height=\"576\" src=\"https:\/\/westcoasttriallawyers.com\/wp-content\/uploads\/2023\/12\/ABOGADO-DE-ACCIDENTES-DE-AUTO-DE-SAN-FRANCISCO-1024x576.png\" alt=\"\" class=\"wp-image-15429\" srcset=\"https:\/\/westcoasttriallawyers.com\/wp-content\/uploads\/2023\/12\/ABOGADO-DE-ACCIDENTES-DE-AUTO-DE-SAN-FRANCISCO-1024x576.png 1024w, https:\/\/westcoasttriallawyers.com\/wp-content\/uploads\/2023\/12\/ABOGADO-DE-ACCIDENTES-DE-AUTO-DE-SAN-FRANCISCO-300x169.png 300w, https:\/\/westcoasttriallawyers.com\/wp-content\/uploads\/2023\/12\/ABOGADO-DE-ACCIDENTES-DE-AUTO-DE-SAN-FRANCISCO-768x432.png 768w, https:\/\/westcoasttriallawyers.com\/wp-content\/uploads\/2023\/12\/ABOGADO-DE-ACCIDENTES-DE-AUTO-DE-SAN-FRANCISCO-1536x864.png 1536w, https:\/\/westcoasttriallawyers.com\/wp-content\/uploads\/2023\/12\/ABOGADO-DE-ACCIDENTES-DE-AUTO-DE-SAN-FRANCISCO-1200x675.png 1200w, https:\/\/westcoasttriallawyers.com\/wp-content\/uploads\/2023\/12\/ABOGADO-DE-ACCIDENTES-DE-AUTO-DE-SAN-FRANCISCO-1400x788.png 1400w, https:\/\/westcoasttriallawyers.com\/wp-content\/uploads\/2023\/12\/ABOGADO-DE-ACCIDENTES-DE-AUTO-DE-SAN-FRANCISCO.png 2000w\" sizes=\"(max-width: 1024px) 100vw, 1024px\" \/><\/figure>\r\n\r\n\r\n\r\n<h2 class=\"wp-block-heading\" id=\"h-determinacion-de-responsabilidad-en-un-accidente-automovilistico\"><strong>Determinaci\u00f3n de responsabilidad en un accidente automovil\u00edstico<\/strong><\/h2>\r\n\r\n\r\n\r\n<p>Determinar de qui\u00e9n es la culpa de un accidente automovil\u00edstico puede ser dif\u00edcil. Como se indic\u00f3 anteriormente, se requiere que un conductor cumpla con su deber de cuidar a los dem\u00e1s mientras est\u00e1 en la carretera. Si se descubre que incumplen su deber de cuidado, conduciendo con exceso de velocidad o bajo la influencia de alcohol o drogas, entre otros comportamientos negligentes, ser\u00e1n responsables de los da\u00f1os y perjuicios. Sin embargo, si otras partes involucradas en el accidente contribuyeron con alg\u00fan tipo de negligencia, tambi\u00e9n pueden compartir un grado de responsabilidad por causar el accidente. La responsabilidad se dividir\u00e1 en funci\u00f3n de la cantidad de negligencia que haya cometido cada parte. En California, esto se llama negligencia comparativa.<\/p>\r\n\r\n\r\n\r\n<h2 class=\"wp-block-heading\" id=\"h-que-hacer-despues-de-un-accidente-automovilistico\"><strong>Qu\u00e9 hacer despu\u00e9s de un accidente automovil\u00edstico<\/strong><\/h2>\r\n\r\n\r\n\r\n<p>Puede ser una experiencia traum\u00e1tica tener un accidente automovil\u00edstico. Es completamente normal tener angustia e incertidumbres, miedo y ansiedad. Si es posible, use estas emociones a su favor adquiriendo informaci\u00f3n importante que le ayudar\u00e1 a presentar un reclamo s\u00f3lido y convincente por lesiones personales contra la parte culpable.<\/p>\r\n\r\n\r\n\r\n<p>A continuaci\u00f3n, enumeramos una serie de pasos que debe considerar tomar despu\u00e9s de un accidente automovil\u00edstico.<\/p>\r\n\r\n\r\n\r\n<h3 class=\"wp-block-heading\" id=\"h-comprobar-si-hay-lesiones-o-danos-nbsp\"><strong>Comprobar si hay lesiones o da\u00f1os<\/strong>&nbsp;<\/h3>\r\n\r\n\r\n\r\n<p>Si observa que alguien sufre lesiones o da\u00f1os graves, debe comunicarse con la polic\u00eda.<\/p>\r\n\r\n\r\n\r\n<p>Llegar\u00e1n al lugar del accidente y realizar\u00e1n un informe policial oficial. Los param\u00e9dicos tambi\u00e9n pueden estar presentes para dar atenci\u00f3n m\u00e9dica inmediata a los que necesiten.<\/p>\r\n\r\n\r\n\r\n<h3 class=\"wp-block-heading\" id=\"h-intercambiar-informacion-nbsp\"><strong>Intercambiar informaci\u00f3n<\/strong>&nbsp;<\/h3>\r\n\r\n\r\n\r\n<p>Solicite los datos de la licencia de conducir, los n\u00fameros de matr\u00edcula, la informaci\u00f3n de contacto y la informaci\u00f3n del seguro de cada uno de los involucrados en el accidente y usted proporcione los suyos.<\/p>\r\n\r\n\r\n\r\n<h3 class=\"wp-block-heading\" id=\"h-reunir-evidencias-nbsp\"><strong>Reunir evidencias<\/strong>&nbsp;<\/h3>\r\n\r\n\r\n\r\n<p>Tome fotograf\u00edas y videos de sus lesiones, da\u00f1os y el lugar donde ocurri\u00f3 el accidente. No olvide solicitar una copia del informe policial oficial. Por \u00faltimo, debe escribir en una libreta su perspectiva del accidente, sin compartirlo con nadie m\u00e1s. Aseg\u00farese de incluir la fecha y la hora del accidente en sus anotaciones.<\/p>\r\n\r\n\r\n\r\n<h3 class=\"wp-block-heading\" id=\"h-visitar-al-doctor-nbsp\"><strong>Visitar al doctor<\/strong>&nbsp;<\/h3>\r\n\r\n\r\n\r\n<p>Siempre se recomienda a las v\u00edctimas de accidentes que visiten a un m\u00e9dico para que examine su lesi\u00f3n. Si el m\u00e9dico nota alg\u00fan problema, como un hueso fracturado, una hemorragia interna o una infecci\u00f3n, crear\u00e1 un plan de tratamiento que lo ayudar\u00e1 con su recuperaci\u00f3n. Su visita se guardar\u00e1 en un archivo y se puede usar como evidencia para incluir en su reclamo.<\/p>\r\n\r\n\r\n\r\n<h2 class=\"wp-block-heading\" id=\"h-comunicarse-con-un-abogado-de-accidentes-automovilisticos-de-san-francisco-nbsp\"><strong>Comunicarse con un abogado de accidentes automovil\u00edsticos de San Francisco<\/strong>&nbsp;<\/h2>\r\n\r\n\r\n\r\n<p>Las compa\u00f1\u00edas de seguros ofrecer\u00e1n un monto de compensaci\u00f3n bajo en su primera oferta, por lo que es importante contar con un abogado con experiencia en accidentes automovil\u00edsticos de su lado. El abogado negociar\u00e1 con las compa\u00f1\u00edas de seguros para obtener una compensaci\u00f3n justa que ayude a cubrir los da\u00f1os causados por el accidente.<\/p>\r\n\r\n\r\n\r\n<h2 class=\"wp-block-heading\" id=\"h-danos-disponibles-despues-de-un-accidente-automovilistico\"><strong>Da\u00f1os disponibles despu\u00e9s de un accidente automovil\u00edstico<\/strong><\/h2>\r\n\r\n\r\n\r\n<p>Si result\u00f3 lesionado en un accidente automovil\u00edstico causado por la negligencia de alguien, puede tener derecho a recibir da\u00f1os econ\u00f3micos y no econ\u00f3micos.<\/p>\r\n\r\n\r\n\r\n<p>Los da\u00f1os econ\u00f3micos est\u00e1n destinados a compensar a la v\u00edctima de un accidente por las p\u00e9rdidas tangibles que se les puede adjudicar una cantidad en d\u00f3lares. El monto total de la compensaci\u00f3n se calcula determinando el monto de las p\u00e9rdidas de bolsillo que un conductor lesionado tiene o esperar\u00e1 tener como resultado de sus lesiones. Algunos ejemplos de p\u00e9rdidas econ\u00f3micas incluyen p\u00e9rdida de la capacidad de generar ingresos, facturas m\u00e9dicas, salarios perdidos y da\u00f1os a la propiedad.<\/p>\r\n\r\n\r\n\r\n<p>Los da\u00f1os no econ\u00f3micos, por otro lado, est\u00e1n destinados a compensar a una v\u00edctima de lesiones por p\u00e9rdidas que se consideran subjetivas. Por ejemplo, los da\u00f1os no econ\u00f3micos pueden incluir compensaci\u00f3n por angustia emocional, dolor y sufrimiento, y p\u00e9rdida del disfrute de la vida.<\/p>\r\n\r\n\r\n\r\n<p>Una v\u00edctima lesionada en un accidente automovil\u00edstico, rara vez tambi\u00e9n tiene derecho a da\u00f1os punitivos. Los da\u00f1os punitivos son poco comunes y se agregar\u00e1n a los da\u00f1os tradicionales a los que ya tiene derecho una v\u00edctima de accidente automovil\u00edstico.<\/p>\r\n\r\n\r\n\r\n<p>Un tribunal otorga da\u00f1os punitivos, pero s\u00f3lo cuando un acusado deliberadamente trat\u00f3 de causar da\u00f1o a alguien o tuvo un comportamiento atroz. Conducir bajo la influencia del alcohol o de drogas o ser culpable de un golpe y fuga, son dos ejemplos de conductas que pueden calificar a una v\u00edctima para da\u00f1os punitivos.<\/p>\r\n\r\n\r\n\r\n<h2 class=\"wp-block-heading\" id=\"h-los-abogados-litigantes-de-la-costa-oeste-estan-aqui-para-ayudar\"><strong>Los abogados litigantes de la costa oeste est\u00e1n aqu\u00ed para ayudar<\/strong><\/h2>\r\n\r\n\r\n\r\n<p>Si estuvo involucrado en un accidente automovil\u00edstico en San Francisco y desea entablar una demanda contra la parte culpable, Abogados De La Costa Oeste tiene abogados con experiencia en lesiones personales en San Francisco que est\u00e1n disponibles para ayudarle con su caso.<\/p>\r\n\r\n\r\n\r\n<p>Comun\u00edquese hoy con nuestro equipo legal disponible las 24 horas, los 7 d\u00edas de la semana llamando al <a href=\"tel:2139273700\">(213) 927-3700<\/a> o llenando nuestro <a href=\"https:\/\/westcoasttriallawyers.com\/es\/contactenos\">breve formulario en l\u00ednea<\/a> para programar una consulta gratuita en nuestro bufete de abogados de lesiones personales en San Francisco.<\/p>\r\n\n<!-- WCTL_DEBUG: no shortcode in this_content -->","protected":false},"excerpt":{"rendered":"<p>\u00bfC\u00f3mo puedo determinar la responsabilidad despu\u00e9s de un accidente automovil\u00edstico? Vision Zero ha precisado que, en promedio, cada 15 horas una persona que vive en San Francisco es llevada al hospital tras sufrir lesiones graves en un accidente de tr\u00e1nsito. Seg\u00fan el peri\u00f3dico San Francisco Chronicle, la ciudad se ha enfrentado a m\u00e1s de 200 [&hellip;]<\/p>\n","protected":false},"author":484,"featured_media":0,"parent":47400,"menu_order":0,"comment_status":"closed","ping_status":"closed","template":"","meta":{"inline_featured_image":false,"footnotes":""},"class_list":["post-12569","page","type-page","status-publish","hentry"],"acf":[],"yoast_head":"<!-- This site is optimized with the Yoast SEO Premium plugin v26.0 (Yoast SEO v26.0) - https:\/\/yoast.com\/wordpress\/plugins\/seo\/ -->\n<title>Abogado de accidentes automovil\u00edsticos de San Francisco | West Coast Trial Lawyers<\/title>\n<meta name=\"robots\" content=\"index, follow, max-snippet:-1, max-image-preview:large, max-video-preview:-1\" \/>\n<link rel=\"canonical\" href=\"https:\/\/westcoasttriallawyers.com\/es\/california\/san-francisco\/abogado-de-accidentes-automovilisticos-de-san-francisco\" \/>\n<meta property=\"og:locale\" content=\"es_ES\" \/>\n<meta property=\"og:type\" content=\"article\" \/>\n<meta property=\"og:title\" content=\"Abogado de accidentes automovil\u00edsticos de San Francisco\" \/>\n<meta property=\"og:description\" content=\"\u00bfC\u00f3mo puedo determinar la responsabilidad despu\u00e9s de un accidente automovil\u00edstico? Vision Zero ha precisado que, en promedio, cada 15 horas una persona que vive en San Francisco es llevada al hospital tras sufrir lesiones graves en un accidente de tr\u00e1nsito. Seg\u00fan el peri\u00f3dico San Francisco Chronicle, la ciudad se ha enfrentado a m\u00e1s de 200 [&hellip;]\" \/>\n<meta property=\"og:url\" content=\"https:\/\/westcoasttriallawyers.com\/es\/california\/san-francisco\/abogado-de-accidentes-automovilisticos-de-san-francisco\" \/>\n<meta property=\"og:site_name\" content=\"West Coast Trial Lawyers\" \/>\n<meta property=\"article:publisher\" content=\"https:\/\/www.facebook.com\/westcoasttriallawyers\/\" \/>\n<meta property=\"article:modified_time\" content=\"2026-01-22T11:59:58+00:00\" \/>\n<meta property=\"og:image\" content=\"https:\/\/westcoasttriallawyers.com\/wp-content\/uploads\/2023\/12\/ABOGADO-DE-ACCIDENTES-DE-AUTO-DE-SAN-FRANCISCO-1024x576.png\" \/>\n\t<meta property=\"og:image:width\" content=\"1024\" \/>\n\t<meta property=\"og:image:height\" content=\"576\" \/>\n\t<meta property=\"og:image:type\" content=\"image\/png\" \/>\n<meta name=\"twitter:card\" content=\"summary_large_image\" \/>\n<meta name=\"twitter:site\" content=\"@WestCoastTrial\" \/>\n<meta name=\"twitter:label1\" content=\"Tiempo de lectura\" \/>\n\t<meta name=\"twitter:data1\" content=\"13 minutos\" \/>\n<script type=\"application\/ld+json\" class=\"yoast-schema-graph\">{\"@context\":\"https:\/\/schema.org\",\"@graph\":[{\"@type\":[\"WebPage\",\"ItemPage\"],\"@id\":\"https:\/\/westcoasttriallawyers.com\/es\/california\/san-francisco\/abogado-de-accidentes-automovilisticos-de-san-francisco\",\"url\":\"https:\/\/westcoasttriallawyers.com\/es\/california\/san-francisco\/abogado-de-accidentes-automovilisticos-de-san-francisco\",\"name\":\"Abogado de accidentes automovil\u00edsticos de San Francisco | West Coast Trial Lawyers\",\"isPartOf\":{\"@id\":\"https:\/\/westcoasttriallawyers.com\/es#website\"},\"primaryImageOfPage\":{\"@id\":\"https:\/\/westcoasttriallawyers.com\/es\/california\/san-francisco\/abogado-de-accidentes-automovilisticos-de-san-francisco#primaryimage\"},\"image\":{\"@id\":\"https:\/\/westcoasttriallawyers.com\/es\/california\/san-francisco\/abogado-de-accidentes-automovilisticos-de-san-francisco#primaryimage\"},\"thumbnailUrl\":\"https:\/\/westcoasttriallawyers.com\/wp-content\/uploads\/2023\/12\/ABOGADO-DE-ACCIDENTES-DE-AUTO-DE-SAN-FRANCISCO-1024x576.png\",\"datePublished\":\"2026-01-07T18:22:16+00:00\",\"dateModified\":\"2026-01-22T11:59:58+00:00\",\"breadcrumb\":{\"@id\":\"https:\/\/westcoasttriallawyers.com\/es\/california\/san-francisco\/abogado-de-accidentes-automovilisticos-de-san-francisco#breadcrumb\"},\"inLanguage\":\"es\",\"potentialAction\":[{\"@type\":\"ReadAction\",\"target\":[\"https:\/\/westcoasttriallawyers.com\/es\/california\/san-francisco\/abogado-de-accidentes-automovilisticos-de-san-francisco\"]}]},{\"@type\":\"ImageObject\",\"inLanguage\":\"es\",\"@id\":\"https:\/\/westcoasttriallawyers.com\/es\/california\/san-francisco\/abogado-de-accidentes-automovilisticos-de-san-francisco#primaryimage\",\"url\":\"https:\/\/westcoasttriallawyers.com\/wp-content\/uploads\/2023\/12\/ABOGADO-DE-ACCIDENTES-DE-AUTO-DE-SAN-FRANCISCO-1024x576.png\",\"contentUrl\":\"https:\/\/westcoasttriallawyers.com\/wp-content\/uploads\/2023\/12\/ABOGADO-DE-ACCIDENTES-DE-AUTO-DE-SAN-FRANCISCO-1024x576.png\"},{\"@type\":\"BreadcrumbList\",\"@id\":\"https:\/\/westcoasttriallawyers.com\/es\/california\/san-francisco\/abogado-de-accidentes-automovilisticos-de-san-francisco#breadcrumb\",\"itemListElement\":[{\"@type\":\"ListItem\",\"position\":1,\"name\":\"Inicio\",\"item\":\"https:\/\/westcoasttriallawyers.com\/es\"},{\"@type\":\"ListItem\",\"position\":2,\"name\":\"California\",\"item\":\"https:\/\/westcoasttriallawyers.com\/es\/california\"},{\"@type\":\"ListItem\",\"position\":3,\"name\":\"San Francisco\",\"item\":\"https:\/\/westcoasttriallawyers.com\/es\/california\/san-francisco\"},{\"@type\":\"ListItem\",\"position\":4,\"name\":\"Abogado de accidentes automovil\u00edsticos de San Francisco\"}]},{\"@type\":\"WebSite\",\"@id\":\"https:\/\/westcoasttriallawyers.com\/es#website\",\"url\":\"https:\/\/westcoasttriallawyers.com\/es\",\"name\":\"West Coast Trial Lawyers\",\"description\":\"West Coast Trial Lawyers\",\"publisher\":{\"@id\":\"https:\/\/westcoasttriallawyers.com\/es#organization\"},\"alternateName\":\"WCTL\",\"potentialAction\":[{\"@type\":\"SearchAction\",\"target\":{\"@type\":\"EntryPoint\",\"urlTemplate\":\"https:\/\/westcoasttriallawyers.com\/es?s={search_term_string}\"},\"query-input\":{\"@type\":\"PropertyValueSpecification\",\"valueRequired\":true,\"valueName\":\"search_term_string\"}}],\"inLanguage\":\"es\"},{\"@type\":\"Organization\",\"@id\":\"https:\/\/westcoasttriallawyers.com\/es#organization\",\"name\":\"West Coast Trial Lawyers\",\"alternateName\":\"WCTL\",\"url\":\"https:\/\/westcoasttriallawyers.com\/es\",\"logo\":{\"@type\":\"ImageObject\",\"inLanguage\":\"es\",\"@id\":\"https:\/\/westcoasttriallawyers.com\/es#\/schema\/logo\/image\/\",\"url\":\"https:\/\/westcoasttriallawyers.com\/wp-content\/uploads\/2026\/02\/WCTL-Logo.jpg\",\"contentUrl\":\"https:\/\/westcoasttriallawyers.com\/wp-content\/uploads\/2026\/02\/WCTL-Logo.jpg\",\"width\":696,\"height\":696,\"caption\":\"West Coast Trial Lawyers\"},\"image\":{\"@id\":\"https:\/\/westcoasttriallawyers.com\/es#\/schema\/logo\/image\/\"},\"sameAs\":[\"https:\/\/www.facebook.com\/westcoasttriallawyers\/\",\"https:\/\/x.com\/WestCoastTrial\",\"https:\/\/www.linkedin.com\/company\/west-coast-trial-lawyers\/\",\"https:\/\/www.instagram.com\/westcoasttriallawyers\/\",\"https:\/\/www.yelp.com\/biz\/west-coast-trial-lawyers-los-angeles-2\",\"https:\/\/www.pinterest.com\/westcoasttrial\/\",\"https:\/\/www.youtube.com\/westcoasttriallawyersla\/\",\"https:\/\/www.tiktok.com\/westcoasttriallawyers\"],\"description\":\"West Coast Trial Lawyers is a top-rated personal injury law firm with a goal to provide expert legal representation to those in need. The law firm has offices across California, Nevada, Arizona, and Washington.\",\"legalName\":\"West Coast Trial Lawyers\"}]}<\/script>\n<!-- \/ Yoast SEO Premium plugin. -->","yoast_head_json":{"title":"Abogado de accidentes automovil\u00edsticos de San Francisco | West Coast Trial Lawyers","robots":{"index":"index","follow":"follow","max-snippet":"max-snippet:-1","max-image-preview":"max-image-preview:large","max-video-preview":"max-video-preview:-1"},"canonical":"https:\/\/westcoasttriallawyers.com\/es\/california\/san-francisco\/abogado-de-accidentes-automovilisticos-de-san-francisco","og_locale":"es_ES","og_type":"article","og_title":"Abogado de accidentes automovil\u00edsticos de San Francisco","og_description":"\u00bfC\u00f3mo puedo determinar la responsabilidad despu\u00e9s de un accidente automovil\u00edstico? Vision Zero ha precisado que, en promedio, cada 15 horas una persona que vive en San Francisco es llevada al hospital tras sufrir lesiones graves en un accidente de tr\u00e1nsito. Seg\u00fan el peri\u00f3dico San Francisco Chronicle, la ciudad se ha enfrentado a m\u00e1s de 200 [&hellip;]","og_url":"https:\/\/westcoasttriallawyers.com\/es\/california\/san-francisco\/abogado-de-accidentes-automovilisticos-de-san-francisco","og_site_name":"West Coast Trial Lawyers","article_publisher":"https:\/\/www.facebook.com\/westcoasttriallawyers\/","article_modified_time":"2026-01-22T11:59:58+00:00","og_image":[{"width":1024,"height":576,"url":"https:\/\/westcoasttriallawyers.com\/wp-content\/uploads\/2023\/12\/ABOGADO-DE-ACCIDENTES-DE-AUTO-DE-SAN-FRANCISCO-1024x576.png","type":"image\/png"}],"twitter_card":"summary_large_image","twitter_site":"@WestCoastTrial","twitter_misc":{"Tiempo de lectura":"13 minutos"},"schema":{"@context":"https:\/\/schema.org","@graph":[{"@type":["WebPage","ItemPage"],"@id":"https:\/\/westcoasttriallawyers.com\/es\/california\/san-francisco\/abogado-de-accidentes-automovilisticos-de-san-francisco","url":"https:\/\/westcoasttriallawyers.com\/es\/california\/san-francisco\/abogado-de-accidentes-automovilisticos-de-san-francisco","name":"Abogado de accidentes automovil\u00edsticos de San Francisco | West Coast Trial Lawyers","isPartOf":{"@id":"https:\/\/westcoasttriallawyers.com\/es#website"},"primaryImageOfPage":{"@id":"https:\/\/westcoasttriallawyers.com\/es\/california\/san-francisco\/abogado-de-accidentes-automovilisticos-de-san-francisco#primaryimage"},"image":{"@id":"https:\/\/westcoasttriallawyers.com\/es\/california\/san-francisco\/abogado-de-accidentes-automovilisticos-de-san-francisco#primaryimage"},"thumbnailUrl":"https:\/\/westcoasttriallawyers.com\/wp-content\/uploads\/2023\/12\/ABOGADO-DE-ACCIDENTES-DE-AUTO-DE-SAN-FRANCISCO-1024x576.png","datePublished":"2026-01-07T18:22:16+00:00","dateModified":"2026-01-22T11:59:58+00:00","breadcrumb":{"@id":"https:\/\/westcoasttriallawyers.com\/es\/california\/san-francisco\/abogado-de-accidentes-automovilisticos-de-san-francisco#breadcrumb"},"inLanguage":"es","potentialAction":[{"@type":"ReadAction","target":["https:\/\/westcoasttriallawyers.com\/es\/california\/san-francisco\/abogado-de-accidentes-automovilisticos-de-san-francisco"]}]},{"@type":"ImageObject","inLanguage":"es","@id":"https:\/\/westcoasttriallawyers.com\/es\/california\/san-francisco\/abogado-de-accidentes-automovilisticos-de-san-francisco#primaryimage","url":"https:\/\/westcoasttriallawyers.com\/wp-content\/uploads\/2023\/12\/ABOGADO-DE-ACCIDENTES-DE-AUTO-DE-SAN-FRANCISCO-1024x576.png","contentUrl":"https:\/\/westcoasttriallawyers.com\/wp-content\/uploads\/2023\/12\/ABOGADO-DE-ACCIDENTES-DE-AUTO-DE-SAN-FRANCISCO-1024x576.png"},{"@type":"BreadcrumbList","@id":"https:\/\/westcoasttriallawyers.com\/es\/california\/san-francisco\/abogado-de-accidentes-automovilisticos-de-san-francisco#breadcrumb","itemListElement":[{"@type":"ListItem","position":1,"name":"Inicio","item":"https:\/\/westcoasttriallawyers.com\/es"},{"@type":"ListItem","position":2,"name":"California","item":"https:\/\/westcoasttriallawyers.com\/es\/california"},{"@type":"ListItem","position":3,"name":"San Francisco","item":"https:\/\/westcoasttriallawyers.com\/es\/california\/san-francisco"},{"@type":"ListItem","position":4,"name":"Abogado de accidentes automovil\u00edsticos de San Francisco"}]},{"@type":"WebSite","@id":"https:\/\/westcoasttriallawyers.com\/es#website","url":"https:\/\/westcoasttriallawyers.com\/es","name":"West Coast Trial Lawyers","description":"West Coast Trial Lawyers","publisher":{"@id":"https:\/\/westcoasttriallawyers.com\/es#organization"},"alternateName":"WCTL","potentialAction":[{"@type":"SearchAction","target":{"@type":"EntryPoint","urlTemplate":"https:\/\/westcoasttriallawyers.com\/es?s={search_term_string}"},"query-input":{"@type":"PropertyValueSpecification","valueRequired":true,"valueName":"search_term_string"}}],"inLanguage":"es"},{"@type":"Organization","@id":"https:\/\/westcoasttriallawyers.com\/es#organization","name":"West Coast Trial Lawyers","alternateName":"WCTL","url":"https:\/\/westcoasttriallawyers.com\/es","logo":{"@type":"ImageObject","inLanguage":"es","@id":"https:\/\/westcoasttriallawyers.com\/es#\/schema\/logo\/image\/","url":"https:\/\/westcoasttriallawyers.com\/wp-content\/uploads\/2026\/02\/WCTL-Logo.jpg","contentUrl":"https:\/\/westcoasttriallawyers.com\/wp-content\/uploads\/2026\/02\/WCTL-Logo.jpg","width":696,"height":696,"caption":"West Coast Trial Lawyers"},"image":{"@id":"https:\/\/westcoasttriallawyers.com\/es#\/schema\/logo\/image\/"},"sameAs":["https:\/\/www.facebook.com\/westcoasttriallawyers\/","https:\/\/x.com\/WestCoastTrial","https:\/\/www.linkedin.com\/company\/west-coast-trial-lawyers\/","https:\/\/www.instagram.com\/westcoasttriallawyers\/","https:\/\/www.yelp.com\/biz\/west-coast-trial-lawyers-los-angeles-2","https:\/\/www.pinterest.com\/westcoasttrial\/","https:\/\/www.youtube.com\/westcoasttriallawyersla\/","https:\/\/www.tiktok.com\/westcoasttriallawyers"],"description":"West Coast Trial Lawyers is a top-rated personal injury law firm with a goal to provide expert legal representation to those in need. The law firm has offices across California, Nevada, Arizona, and Washington.","legalName":"West Coast Trial Lawyers"}]}},"_links":{"self":[{"href":"https:\/\/westcoasttriallawyers.com\/es\/wp-json\/wp\/v2\/pages\/12569","targetHints":{"allow":["GET"]}}],"collection":[{"href":"https:\/\/westcoasttriallawyers.com\/es\/wp-json\/wp\/v2\/pages"}],"about":[{"href":"https:\/\/westcoasttriallawyers.com\/es\/wp-json\/wp\/v2\/types\/page"}],"author":[{"embeddable":true,"href":"https:\/\/westcoasttriallawyers.com\/es\/wp-json\/wp\/v2\/users\/484"}],"replies":[{"embeddable":true,"href":"https:\/\/westcoasttriallawyers.com\/es\/wp-json\/wp\/v2\/comments?post=12569"}],"version-history":[{"count":3,"href":"https:\/\/westcoasttriallawyers.com\/es\/wp-json\/wp\/v2\/pages\/12569\/revisions"}],"predecessor-version":[{"id":47912,"href":"https:\/\/westcoasttriallawyers.com\/es\/wp-json\/wp\/v2\/pages\/12569\/revisions\/47912"}],"up":[{"embeddable":true,"href":"https:\/\/westcoasttriallawyers.com\/es\/wp-json\/wp\/v2\/pages\/47400"}],"wp:attachment":[{"href":"https:\/\/westcoasttriallawyers.com\/es\/wp-json\/wp\/v2\/media?parent=12569"}],"curies":[{"name":"wp","href":"https:\/\/api.w.org\/{rel}","templated":true}]}}