{"id":12549,"date":"2026-01-14T17:04:45","date_gmt":"2026-01-14T17:04:45","guid":{"rendered":"https:\/\/wctl1stg.wpengine.com\/?page_id=12549"},"modified":"2026-01-22T15:18:25","modified_gmt":"2026-01-22T15:18:25","slug":"abogado-de-lesiones-por-quemaduras-de-solana-beach","status":"publish","type":"page","link":"https:\/\/westcoasttriallawyers.com\/es\/california\/solana-beach\/abogado-de-lesiones-por-quemaduras-de-solana-beach","title":{"rendered":"Abogado de lesiones por quemaduras de Solana Beach"},"content":{"rendered":"<h2><strong>Conozca sus derechos legales en un caso de lesiones por quemaduras poni\u00e9ndose en contacto con nuestros abogados con experiencia en Solana Beach\u00a0<\/strong><\/h2>\n<p>Las lesiones por quemaduras pueden ocurrir inesperadamente. Hay varios escenarios que pueden dar lugar a que una persona sufra una quemadura leve, moderada o grave. El tratamiento m\u00e9dico puede variar seg\u00fan la gravedad del da\u00f1o. Por lo general, los gastos m\u00e9dicos para un plan de tratamiento de lesiones por quemaduras pueden ser muy costosos debido a las frecuentes visitas al m\u00e9dico, recetas de medicamentos y cirug\u00eda. Si est\u00e1 preocupado por sus finanzas y no est\u00e1 seguro de c\u00f3mo podr\u00e1 pagar todas sus facturas m\u00e9dicas, es posible que tenga derecho a recibir una compensaci\u00f3n para cubrir estos da\u00f1os.<\/p>\n<p>En West Coast Trial Lawyers, contamos con abogados experimentados en lesiones por quemaduras de Solana Beach que se dedican a ayudar a las v\u00edctimas de lesiones personales a obtener la justicia que merecen. Hemos ganado m\u00e1s de 5000 casos y obtenido m\u00e1s de mil millones de d\u00f3lares en acuerdos y sentencias para nuestros clientes. Debido a nuestra alta tasa de \u00e9xito en la satisfacci\u00f3n del cliente, hemos sido reconocidos como uno de los mejores bufetes de abogados de lesiones personales en Solana Beach.<\/p>\n<p>Si est\u00e1 interesado en programar una consulta gratuita y sin compromiso en nuestro bufete de abogados de lesiones personales de Solana Beach, comun\u00edquese con nuestro equipo legal las 24 horas, los 7 d\u00edas de la semana llamando al 213-927-3700 o enviando un correo electr\u00f3nico a\u00a0<a href=\"mailto:info@westcoasttriallawyers.com\">info@westcoasttriallawyers.com<\/a>.<\/p>\n<h2><strong>Lugares comunes donde podr\u00eda quemarse<\/strong><\/h2>\n<ol>\n<li><strong>En el camino.\u00a0<\/strong>Dependiendo de la intensidad de una colisi\u00f3n, un veh\u00edculo puede estallar en llamas. Los veh\u00edculos defectuosos tambi\u00e9n pueden desencadenar una explosi\u00f3n. En este tipo de circunstancias, el fabricante del veh\u00edculo ser\u00e1 responsable de la divulgaci\u00f3n al p\u00fablico de un producto defectuoso.<\/li>\n<li><strong>Restaurante.\u00a0<\/strong>Cuando est\u00e9 haciendo una selecci\u00f3n de lo que le gustar\u00eda comer, puede llegar caliente dependiendo del tipo de comida que haya pedido. Los clientes esperan que esto suceda. Sin embargo, si una comida o bebida llega demasiado caliente, el restaurante o la cafeter\u00eda pueden ser considerados responsables por no informar al cliente al respecto.<\/li>\n<li><strong>Trabajar.\u00a0<\/strong>Un lugar de trabajo generalmente tiene alg\u00fan tipo de equipo o maquinaria que se entrega a los empleados para que lo usen. Esto incluye una cafetera, tetera, horno tostador y\/o microondas. Estos objetos pueden hacer que un empleado se queme si no los manipula con cuidado. Otras ocupaciones, como chefs, bomberos, trabajadores de la construcci\u00f3n y limpiadores de equipos, tambi\u00e9n pueden sufrir lesiones por quemaduras en el trabajo. Dependiendo de la forma en que se maneje, el empleado podr\u00eda sufrir una quemadura que puede ser menor, moderada y grave. Cualquier lesi\u00f3n por quemadura que ocurra en el lugar de trabajo debe estar cubierta por la p\u00f3liza de seguro de su empleador.<\/li>\n<li><strong>Peluquer\u00eda.\u00a0<\/strong>Hay diferentes tipos de formas en las que puedes quemarte en una peluquer\u00eda. Para empezar, los peluqueros est\u00e1n equipados con una variedad de herramientas que requieren calor para ser utilizadas. Esto incluye rizadores, alisadores y secadores de pelo. Se espera que los empleados utilicen correctamente estos utensilios para el cabello para evitar infligir lesiones por quemaduras a sus clientes. Otro escenario de lesiones por quemaduras que involucra calor es una tendencia de cabello que requiere que se coloquen llamas reales en su cabello. Si el peluquero no recorta o arregla el cabello del cliente correctamente mientras las llamas a\u00fan est\u00e1n presentes, entonces puede convertirse en una situaci\u00f3n desastrosa. El cliente puede sufrir lesiones graves por quemaduras y lo m\u00e1s probable es que lo lleven de urgencia al hospital para recibir atenci\u00f3n m\u00e9dica inmediata. Tendencias que amenazan la vida como esta no valen la pena. Siempre pon tu salud primero.<\/li>\n<li><strong>Sal\u00f3n de bronceado.\u00a0<\/strong>Hay muchas personas que prefieren oscurecerse la piel, por lo que se dirigen a un sal\u00f3n de bronceado para hacerlo. Desafortunadamente, la gente no sabe lo peligroso que es dejar la piel expuesta a la radiaci\u00f3n ultravioleta (UV) durante un largo per\u00edodo de tiempo. Puede sufrir da\u00f1os graves en la piel, como melanoma y c\u00e1ncer de piel. Cada a\u00f1o en los Estados Unidos, m\u00e1s de 419 000 casos de c\u00e1ncer de piel se han relacionado con las camas de bronceado. Se ha dicho que m\u00e1s personas han sido diagnosticadas con c\u00e1ncer de piel por las camas de bronceado que con c\u00e1ncer de pulm\u00f3n causado por fumar. No solo desarrollar\u00e1 una enfermedad mortal al usar una cama de bronceado, sino que su piel tambi\u00e9n se volver\u00e1 muy arrugada y seca. Adem\u00e1s, comenzar\u00e1 a desarrollar tejido conectivo d\u00e9bil y manchas descoloridas en todo el cuerpo. Tus ojos tambi\u00e9n se da\u00f1ar\u00e1n. La exposici\u00f3n prolongada a la luz ultravioleta excesiva puede da\u00f1ar la c\u00f3rnea, la retina y el cristalino.<\/li>\n<li><strong>Tu propia casa.\u00a0<\/strong>Muchas lesiones por quemaduras han ocurrido en el hogar de una persona. La lesi\u00f3n por quemadura m\u00e1s com\u00fan ocurre cuando se cocinan alimentos s\u00f3lidos o l\u00edquidos. El interruptor de la luz o el enchufe tambi\u00e9n pueden causar una quemadura el\u00e9ctrica si lo golpea con electricidad intensa. Bajo este tipo de circunstancias, puede estar cubierto por un seguro de propietario de vivienda o su seguro de salud personal.<\/li>\n<\/ol>\n<p>Los tratamientos para quemaduras pueden variar seg\u00fan la gravedad de la quemadura. Las lesiones menores solo pueden requerir remedios caseros, mientras que las lesiones moderadas a graves generalmente son examinadas por un profesional m\u00e9dico. Los planes de tratamiento comunes para quienes sufren quemaduras graves incluyen analg\u00e9sicos, ung\u00fcentos, terapia ocupacional y cirug\u00eda.<\/p>\n<h2><strong>Derechos legales<\/strong><\/h2>\n<p>Usemos un sal\u00f3n de bronceado como ejemplo para saber si tiene derecho a presentar un reclamo por lesiones por quemaduras. Si se quem\u00f3 mientras usaba una cama de bronceado, podr\u00eda ser dif\u00edcil determinar si merece los derechos legales de compensaci\u00f3n. Los fabricantes y salones de camas de bronceado pueden ser considerados responsables de las lesiones si no intentaron notificar a los clientes sobre los peligros que existen al usar sus camas de bronceado. Tambi\u00e9n se espera que los empleados del sal\u00f3n controlen a los clientes mientras usan las camas de bronceado. De lo contrario, el cliente puede sufrir una lesi\u00f3n por quemadura mientras est\u00e1 acostado en la cama de bronceado durante un tiempo excesivo.<\/p>\n<p>Para determinar si tiene un caso en sus manos, debe comprobar la negligencia. En California, se consideran tres factores para determinar si hubo alg\u00fan tipo de negligencia durante un accidente con lesiones por quemaduras.<\/p>\n<ol>\n<li>La parte culpable le deb\u00eda a la v\u00edctima un deber de cuidado<\/li>\n<li>La parte culpable incumpli\u00f3 su deber de cuidado al exhibir acciones negligentes<\/li>\n<li>El incumplimiento de la parte culpable fue principalmente la raz\u00f3n por la cual la v\u00edctima sufri\u00f3 p\u00e9rdidas<\/li>\n<\/ol>\n<h2><strong>Cont\u00e1ctenos<\/strong><\/h2>\n<p>Si usted o un ser querido estuvieron involucrados en un accidente y ahora sufren una lesi\u00f3n por quemadura, los abogados litigantes de la costa oeste lo ayudar\u00e1n a recuperar una compensaci\u00f3n financiera y emocional por sus p\u00e9rdidas, incluidas las facturas m\u00e9dicas, los salarios perdidos, el dolor y el sufrimiento, y m\u00e1s.<\/p>\n<p>Ll\u00e1menos hoy al 213-927-3700 o env\u00ede un correo electr\u00f3nico a info@westcoasttriallawyers.com para programar una consulta gratuita con nuestro equipo legal experimentado, atento y compasivo.<\/p>\n<p><!-- WCTL_DEBUG: no shortcode in this_content --><\/p>\n","protected":false},"excerpt":{"rendered":"<p>Conozca sus derechos legales en un caso de lesiones por quemaduras poni\u00e9ndose en contacto con nuestros abogados con experiencia en Solana Beach\u00a0 Las lesiones por quemaduras pueden ocurrir inesperadamente. Hay varios escenarios que pueden dar lugar a que una persona sufra una quemadura leve, moderada o grave. El tratamiento m\u00e9dico puede variar seg\u00fan la gravedad [&hellip;]<\/p>\n","protected":false},"author":475,"featured_media":46463,"parent":47427,"menu_order":0,"comment_status":"closed","ping_status":"closed","template":"","meta":{"inline_featured_image":false,"footnotes":""},"class_list":["post-12549","page","type-page","status-publish","has-post-thumbnail","hentry"],"acf":[],"yoast_head":"<!-- This site is optimized with the Yoast SEO Premium plugin v26.0 (Yoast SEO v26.0) - https:\/\/yoast.com\/wordpress\/plugins\/seo\/ -->\n<title>Abogado de lesiones por quemaduras de Solana Beach | West Coast Trial Lawyers<\/title>\n<meta name=\"robots\" content=\"index, follow, max-snippet:-1, max-image-preview:large, max-video-preview:-1\" \/>\n<link rel=\"canonical\" href=\"https:\/\/westcoasttriallawyers.com\/es\/california\/solana-beach\/abogado-de-lesiones-por-quemaduras-de-solana-beach\" \/>\n<meta property=\"og:locale\" content=\"es_ES\" \/>\n<meta property=\"og:type\" content=\"article\" \/>\n<meta property=\"og:title\" content=\"Abogado de lesiones por quemaduras de Solana Beach\" \/>\n<meta property=\"og:description\" content=\"Conozca sus derechos legales en un caso de lesiones por quemaduras poni\u00e9ndose en contacto con nuestros abogados con experiencia en Solana Beach\u00a0 Las lesiones por quemaduras pueden ocurrir inesperadamente. Hay varios escenarios que pueden dar lugar a que una persona sufra una quemadura leve, moderada o grave. El tratamiento m\u00e9dico puede variar seg\u00fan la gravedad [&hellip;]\" \/>\n<meta property=\"og:url\" content=\"https:\/\/westcoasttriallawyers.com\/es\/california\/solana-beach\/abogado-de-lesiones-por-quemaduras-de-solana-beach\" \/>\n<meta property=\"og:site_name\" content=\"West Coast Trial Lawyers\" \/>\n<meta property=\"article:publisher\" content=\"https:\/\/www.facebook.com\/westcoasttriallawyers\/\" \/>\n<meta property=\"article:modified_time\" content=\"2026-01-22T15:18:25+00:00\" \/>\n<meta property=\"og:image\" content=\"https:\/\/westcoasttriallawyers.com\/wp-content\/uploads\/2025\/07\/Solana-Beach-21.webp\" \/>\n\t<meta property=\"og:image:width\" content=\"557\" \/>\n\t<meta property=\"og:image:height\" content=\"327\" \/>\n\t<meta property=\"og:image:type\" content=\"image\/webp\" \/>\n<meta name=\"twitter:card\" content=\"summary_large_image\" \/>\n<meta name=\"twitter:site\" content=\"@WestCoastTrial\" \/>\n<meta name=\"twitter:label1\" content=\"Tiempo de lectura\" \/>\n\t<meta name=\"twitter:data1\" content=\"6 minutos\" \/>\n<script type=\"application\/ld+json\" class=\"yoast-schema-graph\">{\"@context\":\"https:\/\/schema.org\",\"@graph\":[{\"@type\":[\"WebPage\",\"ItemPage\"],\"@id\":\"https:\/\/westcoasttriallawyers.com\/es\/california\/solana-beach\/abogado-de-lesiones-por-quemaduras-de-solana-beach\",\"url\":\"https:\/\/westcoasttriallawyers.com\/es\/california\/solana-beach\/abogado-de-lesiones-por-quemaduras-de-solana-beach\",\"name\":\"Abogado de lesiones por quemaduras de Solana Beach | West Coast Trial Lawyers\",\"isPartOf\":{\"@id\":\"https:\/\/westcoasttriallawyers.com\/es#website\"},\"primaryImageOfPage\":{\"@id\":\"https:\/\/westcoasttriallawyers.com\/es\/california\/solana-beach\/abogado-de-lesiones-por-quemaduras-de-solana-beach#primaryimage\"},\"image\":{\"@id\":\"https:\/\/westcoasttriallawyers.com\/es\/california\/solana-beach\/abogado-de-lesiones-por-quemaduras-de-solana-beach#primaryimage\"},\"thumbnailUrl\":\"https:\/\/westcoasttriallawyers.com\/wp-content\/uploads\/2025\/07\/Solana-Beach-21.webp\",\"datePublished\":\"2026-01-14T17:04:45+00:00\",\"dateModified\":\"2026-01-22T15:18:25+00:00\",\"breadcrumb\":{\"@id\":\"https:\/\/westcoasttriallawyers.com\/es\/california\/solana-beach\/abogado-de-lesiones-por-quemaduras-de-solana-beach#breadcrumb\"},\"inLanguage\":\"es\",\"potentialAction\":[{\"@type\":\"ReadAction\",\"target\":[\"https:\/\/westcoasttriallawyers.com\/es\/california\/solana-beach\/abogado-de-lesiones-por-quemaduras-de-solana-beach\"]}]},{\"@type\":\"ImageObject\",\"inLanguage\":\"es\",\"@id\":\"https:\/\/westcoasttriallawyers.com\/es\/california\/solana-beach\/abogado-de-lesiones-por-quemaduras-de-solana-beach#primaryimage\",\"url\":\"https:\/\/westcoasttriallawyers.com\/wp-content\/uploads\/2025\/07\/Solana-Beach-21.webp\",\"contentUrl\":\"https:\/\/westcoasttriallawyers.com\/wp-content\/uploads\/2025\/07\/Solana-Beach-21.webp\",\"width\":557,\"height\":327},{\"@type\":\"BreadcrumbList\",\"@id\":\"https:\/\/westcoasttriallawyers.com\/es\/california\/solana-beach\/abogado-de-lesiones-por-quemaduras-de-solana-beach#breadcrumb\",\"itemListElement\":[{\"@type\":\"ListItem\",\"position\":1,\"name\":\"Inicio\",\"item\":\"https:\/\/westcoasttriallawyers.com\/es\"},{\"@type\":\"ListItem\",\"position\":2,\"name\":\"California\",\"item\":\"https:\/\/westcoasttriallawyers.com\/es\/california\"},{\"@type\":\"ListItem\",\"position\":3,\"name\":\"Solana Beach\",\"item\":\"https:\/\/westcoasttriallawyers.com\/es\/california\/solana-beach\"},{\"@type\":\"ListItem\",\"position\":4,\"name\":\"Abogado de lesiones por quemaduras de Solana Beach\"}]},{\"@type\":\"WebSite\",\"@id\":\"https:\/\/westcoasttriallawyers.com\/es#website\",\"url\":\"https:\/\/westcoasttriallawyers.com\/es\",\"name\":\"West Coast Trial Lawyers\",\"description\":\"West Coast Trial Lawyers\",\"publisher\":{\"@id\":\"https:\/\/westcoasttriallawyers.com\/es#organization\"},\"alternateName\":\"WCTL\",\"potentialAction\":[{\"@type\":\"SearchAction\",\"target\":{\"@type\":\"EntryPoint\",\"urlTemplate\":\"https:\/\/westcoasttriallawyers.com\/es?s={search_term_string}\"},\"query-input\":{\"@type\":\"PropertyValueSpecification\",\"valueRequired\":true,\"valueName\":\"search_term_string\"}}],\"inLanguage\":\"es\"},{\"@type\":\"Organization\",\"@id\":\"https:\/\/westcoasttriallawyers.com\/es#organization\",\"name\":\"West Coast Trial Lawyers\",\"alternateName\":\"WCTL\",\"url\":\"https:\/\/westcoasttriallawyers.com\/es\",\"logo\":{\"@type\":\"ImageObject\",\"inLanguage\":\"es\",\"@id\":\"https:\/\/westcoasttriallawyers.com\/es#\/schema\/logo\/image\/\",\"url\":\"https:\/\/westcoasttriallawyers.com\/wp-content\/uploads\/2026\/02\/WCTL-Logo.jpg\",\"contentUrl\":\"https:\/\/westcoasttriallawyers.com\/wp-content\/uploads\/2026\/02\/WCTL-Logo.jpg\",\"width\":696,\"height\":696,\"caption\":\"West Coast Trial Lawyers\"},\"image\":{\"@id\":\"https:\/\/westcoasttriallawyers.com\/es#\/schema\/logo\/image\/\"},\"sameAs\":[\"https:\/\/www.facebook.com\/westcoasttriallawyers\/\",\"https:\/\/x.com\/WestCoastTrial\",\"https:\/\/www.linkedin.com\/company\/west-coast-trial-lawyers\/\",\"https:\/\/www.instagram.com\/westcoasttriallawyers\/\",\"https:\/\/www.yelp.com\/biz\/west-coast-trial-lawyers-los-angeles-2\",\"https:\/\/www.pinterest.com\/westcoasttrial\/\",\"https:\/\/www.youtube.com\/westcoasttriallawyersla\/\",\"https:\/\/www.tiktok.com\/westcoasttriallawyers\"],\"description\":\"West Coast Trial Lawyers is a top-rated personal injury law firm with a goal to provide expert legal representation to those in need. The law firm has offices across California, Nevada, Arizona, and Washington.\",\"legalName\":\"West Coast Trial Lawyers\"}]}<\/script>\n<!-- \/ Yoast SEO Premium plugin. -->","yoast_head_json":{"title":"Abogado de lesiones por quemaduras de Solana Beach | West Coast Trial Lawyers","robots":{"index":"index","follow":"follow","max-snippet":"max-snippet:-1","max-image-preview":"max-image-preview:large","max-video-preview":"max-video-preview:-1"},"canonical":"https:\/\/westcoasttriallawyers.com\/es\/california\/solana-beach\/abogado-de-lesiones-por-quemaduras-de-solana-beach","og_locale":"es_ES","og_type":"article","og_title":"Abogado de lesiones por quemaduras de Solana Beach","og_description":"Conozca sus derechos legales en un caso de lesiones por quemaduras poni\u00e9ndose en contacto con nuestros abogados con experiencia en Solana Beach\u00a0 Las lesiones por quemaduras pueden ocurrir inesperadamente. Hay varios escenarios que pueden dar lugar a que una persona sufra una quemadura leve, moderada o grave. El tratamiento m\u00e9dico puede variar seg\u00fan la gravedad [&hellip;]","og_url":"https:\/\/westcoasttriallawyers.com\/es\/california\/solana-beach\/abogado-de-lesiones-por-quemaduras-de-solana-beach","og_site_name":"West Coast Trial Lawyers","article_publisher":"https:\/\/www.facebook.com\/westcoasttriallawyers\/","article_modified_time":"2026-01-22T15:18:25+00:00","og_image":[{"width":557,"height":327,"url":"https:\/\/westcoasttriallawyers.com\/wp-content\/uploads\/2025\/07\/Solana-Beach-21.webp","type":"image\/webp"}],"twitter_card":"summary_large_image","twitter_site":"@WestCoastTrial","twitter_misc":{"Tiempo de lectura":"6 minutos"},"schema":{"@context":"https:\/\/schema.org","@graph":[{"@type":["WebPage","ItemPage"],"@id":"https:\/\/westcoasttriallawyers.com\/es\/california\/solana-beach\/abogado-de-lesiones-por-quemaduras-de-solana-beach","url":"https:\/\/westcoasttriallawyers.com\/es\/california\/solana-beach\/abogado-de-lesiones-por-quemaduras-de-solana-beach","name":"Abogado de lesiones por quemaduras de Solana Beach | West Coast Trial Lawyers","isPartOf":{"@id":"https:\/\/westcoasttriallawyers.com\/es#website"},"primaryImageOfPage":{"@id":"https:\/\/westcoasttriallawyers.com\/es\/california\/solana-beach\/abogado-de-lesiones-por-quemaduras-de-solana-beach#primaryimage"},"image":{"@id":"https:\/\/westcoasttriallawyers.com\/es\/california\/solana-beach\/abogado-de-lesiones-por-quemaduras-de-solana-beach#primaryimage"},"thumbnailUrl":"https:\/\/westcoasttriallawyers.com\/wp-content\/uploads\/2025\/07\/Solana-Beach-21.webp","datePublished":"2026-01-14T17:04:45+00:00","dateModified":"2026-01-22T15:18:25+00:00","breadcrumb":{"@id":"https:\/\/westcoasttriallawyers.com\/es\/california\/solana-beach\/abogado-de-lesiones-por-quemaduras-de-solana-beach#breadcrumb"},"inLanguage":"es","potentialAction":[{"@type":"ReadAction","target":["https:\/\/westcoasttriallawyers.com\/es\/california\/solana-beach\/abogado-de-lesiones-por-quemaduras-de-solana-beach"]}]},{"@type":"ImageObject","inLanguage":"es","@id":"https:\/\/westcoasttriallawyers.com\/es\/california\/solana-beach\/abogado-de-lesiones-por-quemaduras-de-solana-beach#primaryimage","url":"https:\/\/westcoasttriallawyers.com\/wp-content\/uploads\/2025\/07\/Solana-Beach-21.webp","contentUrl":"https:\/\/westcoasttriallawyers.com\/wp-content\/uploads\/2025\/07\/Solana-Beach-21.webp","width":557,"height":327},{"@type":"BreadcrumbList","@id":"https:\/\/westcoasttriallawyers.com\/es\/california\/solana-beach\/abogado-de-lesiones-por-quemaduras-de-solana-beach#breadcrumb","itemListElement":[{"@type":"ListItem","position":1,"name":"Inicio","item":"https:\/\/westcoasttriallawyers.com\/es"},{"@type":"ListItem","position":2,"name":"California","item":"https:\/\/westcoasttriallawyers.com\/es\/california"},{"@type":"ListItem","position":3,"name":"Solana Beach","item":"https:\/\/westcoasttriallawyers.com\/es\/california\/solana-beach"},{"@type":"ListItem","position":4,"name":"Abogado de lesiones por quemaduras de Solana Beach"}]},{"@type":"WebSite","@id":"https:\/\/westcoasttriallawyers.com\/es#website","url":"https:\/\/westcoasttriallawyers.com\/es","name":"West Coast Trial Lawyers","description":"West Coast Trial Lawyers","publisher":{"@id":"https:\/\/westcoasttriallawyers.com\/es#organization"},"alternateName":"WCTL","potentialAction":[{"@type":"SearchAction","target":{"@type":"EntryPoint","urlTemplate":"https:\/\/westcoasttriallawyers.com\/es?s={search_term_string}"},"query-input":{"@type":"PropertyValueSpecification","valueRequired":true,"valueName":"search_term_string"}}],"inLanguage":"es"},{"@type":"Organization","@id":"https:\/\/westcoasttriallawyers.com\/es#organization","name":"West Coast Trial Lawyers","alternateName":"WCTL","url":"https:\/\/westcoasttriallawyers.com\/es","logo":{"@type":"ImageObject","inLanguage":"es","@id":"https:\/\/westcoasttriallawyers.com\/es#\/schema\/logo\/image\/","url":"https:\/\/westcoasttriallawyers.com\/wp-content\/uploads\/2026\/02\/WCTL-Logo.jpg","contentUrl":"https:\/\/westcoasttriallawyers.com\/wp-content\/uploads\/2026\/02\/WCTL-Logo.jpg","width":696,"height":696,"caption":"West Coast Trial Lawyers"},"image":{"@id":"https:\/\/westcoasttriallawyers.com\/es#\/schema\/logo\/image\/"},"sameAs":["https:\/\/www.facebook.com\/westcoasttriallawyers\/","https:\/\/x.com\/WestCoastTrial","https:\/\/www.linkedin.com\/company\/west-coast-trial-lawyers\/","https:\/\/www.instagram.com\/westcoasttriallawyers\/","https:\/\/www.yelp.com\/biz\/west-coast-trial-lawyers-los-angeles-2","https:\/\/www.pinterest.com\/westcoasttrial\/","https:\/\/www.youtube.com\/westcoasttriallawyersla\/","https:\/\/www.tiktok.com\/westcoasttriallawyers"],"description":"West Coast Trial Lawyers is a top-rated personal injury law firm with a goal to provide expert legal representation to those in need. The law firm has offices across California, Nevada, Arizona, and Washington.","legalName":"West Coast Trial Lawyers"}]}},"_links":{"self":[{"href":"https:\/\/westcoasttriallawyers.com\/es\/wp-json\/wp\/v2\/pages\/12549","targetHints":{"allow":["GET"]}}],"collection":[{"href":"https:\/\/westcoasttriallawyers.com\/es\/wp-json\/wp\/v2\/pages"}],"about":[{"href":"https:\/\/westcoasttriallawyers.com\/es\/wp-json\/wp\/v2\/types\/page"}],"author":[{"embeddable":true,"href":"https:\/\/westcoasttriallawyers.com\/es\/wp-json\/wp\/v2\/users\/475"}],"replies":[{"embeddable":true,"href":"https:\/\/westcoasttriallawyers.com\/es\/wp-json\/wp\/v2\/comments?post=12549"}],"version-history":[{"count":3,"href":"https:\/\/westcoasttriallawyers.com\/es\/wp-json\/wp\/v2\/pages\/12549\/revisions"}],"predecessor-version":[{"id":48005,"href":"https:\/\/westcoasttriallawyers.com\/es\/wp-json\/wp\/v2\/pages\/12549\/revisions\/48005"}],"up":[{"embeddable":true,"href":"https:\/\/westcoasttriallawyers.com\/es\/wp-json\/wp\/v2\/pages\/47427"}],"wp:featuredmedia":[{"embeddable":true,"href":"https:\/\/westcoasttriallawyers.com\/es\/wp-json\/wp\/v2\/media\/46463"}],"wp:attachment":[{"href":"https:\/\/westcoasttriallawyers.com\/es\/wp-json\/wp\/v2\/media?parent=12549"}],"curies":[{"name":"wp","href":"https:\/\/api.w.org\/{rel}","templated":true}]}}