{"id":12544,"date":"2026-01-14T17:04:50","date_gmt":"2026-01-14T17:04:50","guid":{"rendered":"https:\/\/wctl1stg.wpengine.com\/?page_id=12544"},"modified":"2026-01-22T15:27:54","modified_gmt":"2026-01-22T15:27:54","slug":"abogado-de-accidente-de-e-scooter-en-solana-beach","status":"publish","type":"page","link":"https:\/\/westcoasttriallawyers.com\/es\/california\/solana-beach\/abogado-de-accidente-de-e-scooter-en-solana-beach","title":{"rendered":"Abogado de accidente de E-Scooter en Solana Beach"},"content":{"rendered":"<h2><strong>\u00bfLesionado por un E-Scooter defectuoso? Los abogados litigantes de la costa oeste lo ayudar\u00e1n a obtener una compensaci\u00f3n por da\u00f1os<\/strong><\/h2>\n<p>Los scooters el\u00e9ctricos se han usado com\u00fanmente en varias ciudades de California. Muchas regiones aprueban la idea de utilizar un e-scooter como m\u00e9todo de transporte sencillo. Brinda a las personas una opci\u00f3n conveniente si su destino est\u00e1 demasiado lejos para caminar y demasiado cerca para conducir. Sin embargo, hay otras ciudades que desaprueban la idea de que alguien use un e-scooter.<\/p>\n<p>En los \u00faltimos a\u00f1os, ha habido numerosos informes de ciclistas que sufrieron lesiones graves a causa de un accidente de e-scooter. Adem\u00e1s, ha habido empresas de patinetes el\u00e9ctricos que han lanzado patinetes el\u00e9ctricos defectuosos para uso p\u00fablico. Independientemente de si es o no un conductor experimentado, a\u00fan puede verse involucrado en una colisi\u00f3n.<\/p>\n<p>Si usted es v\u00edctima de un accidente de e-scooter y le gustar\u00eda presentar una demanda contra la persona o empresa culpable, West Coast Trial Lawyers tiene abogados de accidentes de e-scooter en Solana Beach que dedicar\u00e1n su conocimiento y experiencia para garantizar que obtenga la justicia que te mereces. Nuestro bufete de abogados de lesiones personales de Solana Beach ha ganado m\u00e1s de 5,000 casos y ha adquirido m\u00e1s de $1 mil millones en acuerdos y juicios para nuestros clientes.<\/p>\n<p>Si est\u00e1 interesado en programar una consulta gratuita y sin compromiso con uno de nuestros abogados con experiencia en accidentes de e-scooter, comun\u00edquese con nosotros llamando al 213-927-3700 o enviando un correo electr\u00f3nico a\u00a0<a href=\"mailto:info@westcoasttriallawyers.com\">info@westcoasttriallawyers.com<\/a>.<\/p>\n<h2><strong>E-Scooter defectuoso caus\u00f3 un accidente<\/strong><\/h2>\n<p>Los defectos se encuentran con frecuencia en e-scooters. Lime emiti\u00f3 un retiro global para sus e-scooters despu\u00e9s de anunciar que pueden romperse mientras se usan. Los problemas de seguridad contribuyen significativamente a un accidente de e-scooter. Incluso si el ciclista tiene mucha experiencia previa, a\u00fan puede verse involucrado en una colisi\u00f3n grave debido a un e-scooter defectuoso.<\/p>\n<p>Esta es la raz\u00f3n por la que es de vital importancia que las empresas realicen controles de mantenimiento regulares para asegurarse de que sus productos sean lo suficientemente seguros para su lanzamiento al p\u00fablico. De lo contrario, los clientes que sufrieron lesiones por el uso de productos defectuosos presentar\u00e1n demandas.<\/p>\n<h2><strong>Tipos de defectos de E-Scooter<\/strong><\/h2>\n<ol>\n<li><strong>Frenos.<\/strong> Este defecto puede resultar en un terrible accidente. Los frenos que no respondan dar\u00e1n como resultado que el ciclista colision\u00f3 con un peligro en la carretera, un veh\u00edculo o un peat\u00f3n. Adem\u00e1s, es muy probable que salgan volando o se caigan de su veh\u00edculo motorizado y sufran lesiones graves.<\/li>\n<li><strong>Manejas.\u00a0<\/strong>Los scooters el\u00e9ctricos pueden acelerar hasta 15 mph. Si los mangos del e-scooter no funcionaran correctamente, el conductor podr\u00eda salir despedido y sufrir lesiones. Los transe\u00fantes cercanos tambi\u00e9n pueden resultar heridos si el e-scooter permanece en movimiento.<\/li>\n<li><strong>Patas de apoyo.\u00a0<\/strong>Esto afectar\u00e1 principalmente a los peatones. Dado que la pata de cabra est\u00e1 defectuosa, no ayudar\u00e1 a que el e-scooter permanezca en una posici\u00f3n de pie. En su lugar, caer\u00e1 al suelo y crear\u00e1 un peligro para los peatones. Con un e-scooter en el camino de un peat\u00f3n, lo m\u00e1s probable es que alguien que pase se tropiece y se caiga. Esto puede provocar lesiones graves, como huesos rotos, moretones y\/o cortes profundos.<\/li>\n<li><strong>Bater\u00edas.\u00a0<\/strong>Una bater\u00eda defectuosa puede agotarse inesperadamente, lo que hace que el e-scooter se detenga sin avisarle. Esto puede convertirse en un gran peligro, especialmente en carreteras y carriles para bicicletas.<\/li>\n<li><strong>Ruedas.<\/strong> Al igual que los frenos defectuosos, el mal funcionamiento de una rueda tambi\u00e9n puede causar da\u00f1os graves. Si la rueda se cae del e-scooter, entonces el e-scooter puede volcarse, lo que puede ocasionar que el ciclista sufra lesiones graves al aterrizar agresivamente en el suelo o en un veh\u00edculo.<\/li>\n<\/ol>\n<h2><strong>Presentar un reclamo si un E-Scooter defectuoso me lesion\u00f3<\/strong><\/h2>\n<p>Los usuarios de scooters el\u00e9ctricos tienen la expectativa de utilizar un producto seguro para llegar a su destino. Cuando utilizan un e-scooter, como Bird o Lime, est\u00e1n depositando su confianza en la empresa. Si la empresa realiza controles de mantenimiento deficientes y lanza productos defectuosos al p\u00fablico, enfrentar\u00e1 duras consecuencias por las lesiones causadas por sus e-scooters.<\/p>\n<p>Si result\u00f3 herido debido a sus propias acciones negligentes, no se le permitir\u00e1 presentar un reclamo contra la compa\u00f1\u00eda de e-scooter. Un ejemplo de negligencia podr\u00eda ser un conductor que opera un scooter el\u00e9ctrico bajo la influencia del alcohol. La visi\u00f3n del ciclista se ve afectada, lo que dificulta ver correctamente. El conductor no puede mantener el control de su e-scooter, por lo que tiene un accidente con un veh\u00edculo que se aproxima.<\/p>\n<p>Si puede probar que su lesi\u00f3n fue causada por un e-scooter defectuoso, entonces puede tener derecho a recibir una compensaci\u00f3n por sus p\u00e9rdidas.<\/p>\n<h2><strong>Qu\u00e9 hacer despu\u00e9s de una colisi\u00f3n de e-scooter<\/strong><\/h2>\n<ul>\n<li><strong>La seguridad.\u00a0<\/strong>Aseg\u00farese de que usted y las otras partes involucradas en el accidente est\u00e9n bien. Si observa lesiones y\/o da\u00f1os, llame a la polic\u00eda de inmediato.<\/li>\n<li><strong>P\u00f3ngase en contacto con la polic\u00eda.<\/strong> La polic\u00eda llegar\u00e1 al lugar del accidente y crear\u00e1 un informe policial oficial. Los param\u00e9dicos tambi\u00e9n pueden estar presentes para brindar atenci\u00f3n m\u00e9dica inmediata a quienes la necesiten.<\/li>\n<li><strong>Documentaci\u00f3n.\u00a0<\/strong>Debe obtener una copia del informe policial. Adem\u00e1s, ser\u00eda ideal tomar fotos y\/o videos de sus lesiones, da\u00f1os y el lugar donde ocurri\u00f3 el accidente. Si hay testigos cerca, debe pedir su consentimiento para adquirir su informaci\u00f3n de contacto. Los testimonios de los testigos pueden fortalecer en gran medida su afirmaci\u00f3n. Por \u00faltimo, debe documentar su perspectiva del accidente. No olvide incluir las fechas y horas de cada evento que tuvo lugar.<\/li>\n<li><strong>Atenci\u00f3n m\u00e9dica.\u00a0<\/strong>Busque atenci\u00f3n m\u00e9dica de inmediato. Incluso si cree que est\u00e1 sufriendo lesiones menores, puede resultar en un problema grave m\u00e1s adelante. Su visita se guardar\u00e1 en un archivo y se puede usar como prueba para su reclamo.<\/li>\n<li><strong>Consulte a un abogado.\u00a0<\/strong>Un abogado con experiencia en lesiones personales lo guiar\u00e1 a trav\u00e9s del proceso de construcci\u00f3n de un reclamo s\u00f3lido. El abogado tambi\u00e9n negociar\u00e1 con las compa\u00f1\u00edas de seguros para obtener la compensaci\u00f3n m\u00e1xima que merece por sus p\u00e9rdidas.<\/li>\n<\/ul>\n<h2><strong>Da\u00f1os Disponibles Despu\u00e9s de un Accidente de E-Scooter en California<\/strong><\/h2>\n<p>Una v\u00edctima de un accidente de e-scooter puede tener derecho a da\u00f1os compensatorios por:<\/p>\n<ul>\n<li>Salarios perdidos<\/li>\n<li>P\u00e9rdida de propiedad<\/li>\n<li>Facturas m\u00e9dicas<\/li>\n<li>P\u00e9rdida de compa\u00f1\u00eda o apoyo<\/li>\n<li>Estr\u00e9s emocional<\/li>\n<li>P\u00e9rdida de consorcio<\/li>\n<li>Dolor y sufrimiento<\/li>\n<li>Capacidad de ganancia reducida<\/li>\n<\/ul>\n<h2><strong>Cont\u00e1ctenos<\/strong><\/h2>\n<p>Si usted o un ser querido estuvieron involucrados en un accidente de e-scooter, West Coast Trial Lawyers cuenta con abogados expertos en accidentes de e-scooter de Solana Beach que tienen una amplia experiencia en el manejo de casos de lesiones personales. Nuestros abogados lo ayudar\u00e1n a recuperar una compensaci\u00f3n financiera y emocional por sus p\u00e9rdidas.<\/p>\n<p>Ofrecemos una consulta gratuita en nuestra firma de lesiones personales de Solana Beach. Comun\u00edquese con nuestro equipo legal las 24 horas del d\u00eda, los 7 d\u00edas de la semana llamando al 213-927-3700 o enviando un correo electr\u00f3nico a\u00a0<a href=\"mailto:info@westcoasttriallawyers.com\">info@westcoasttriallawyers.com<\/a>.<\/p>\n<p><!-- WCTL_DEBUG: no shortcode in this_content --><\/p>\n","protected":false},"excerpt":{"rendered":"<p>\u00bfLesionado por un E-Scooter defectuoso? Los abogados litigantes de la costa oeste lo ayudar\u00e1n a obtener una compensaci\u00f3n por da\u00f1os Los scooters el\u00e9ctricos se han usado com\u00fanmente en varias ciudades de California. Muchas regiones aprueban la idea de utilizar un e-scooter como m\u00e9todo de transporte sencillo. Brinda a las personas una opci\u00f3n conveniente si su [&hellip;]<\/p>\n","protected":false},"author":475,"featured_media":46488,"parent":47427,"menu_order":0,"comment_status":"closed","ping_status":"closed","template":"","meta":{"inline_featured_image":false,"footnotes":""},"class_list":["post-12544","page","type-page","status-publish","has-post-thumbnail","hentry"],"acf":[],"yoast_head":"<!-- This site is optimized with the Yoast SEO Premium plugin v26.0 (Yoast SEO v26.0) - https:\/\/yoast.com\/wordpress\/plugins\/seo\/ -->\n<title>Abogado de accidente de E-Scooter en Solana Beach | West Coast Trial Lawyers<\/title>\n<meta name=\"robots\" content=\"index, follow, max-snippet:-1, max-image-preview:large, max-video-preview:-1\" \/>\n<link rel=\"canonical\" href=\"https:\/\/westcoasttriallawyers.com\/es\/california\/solana-beach\/abogado-de-accidente-de-e-scooter-en-solana-beach\" \/>\n<meta property=\"og:locale\" content=\"es_ES\" \/>\n<meta property=\"og:type\" content=\"article\" \/>\n<meta property=\"og:title\" content=\"Abogado de accidente de E-Scooter en Solana Beach\" \/>\n<meta property=\"og:description\" content=\"\u00bfLesionado por un E-Scooter defectuoso? Los abogados litigantes de la costa oeste lo ayudar\u00e1n a obtener una compensaci\u00f3n por da\u00f1os Los scooters el\u00e9ctricos se han usado com\u00fanmente en varias ciudades de California. Muchas regiones aprueban la idea de utilizar un e-scooter como m\u00e9todo de transporte sencillo. Brinda a las personas una opci\u00f3n conveniente si su [&hellip;]\" \/>\n<meta property=\"og:url\" content=\"https:\/\/westcoasttriallawyers.com\/es\/california\/solana-beach\/abogado-de-accidente-de-e-scooter-en-solana-beach\" \/>\n<meta property=\"og:site_name\" content=\"West Coast Trial Lawyers\" \/>\n<meta property=\"article:publisher\" content=\"https:\/\/www.facebook.com\/westcoasttriallawyers\/\" \/>\n<meta property=\"article:modified_time\" content=\"2026-01-22T15:27:54+00:00\" \/>\n<meta property=\"og:image\" content=\"https:\/\/westcoasttriallawyers.com\/wp-content\/uploads\/2025\/07\/Solana-Beach-31.webp\" \/>\n\t<meta property=\"og:image:width\" content=\"557\" \/>\n\t<meta property=\"og:image:height\" content=\"327\" \/>\n\t<meta property=\"og:image:type\" content=\"image\/webp\" \/>\n<meta name=\"twitter:card\" content=\"summary_large_image\" \/>\n<meta name=\"twitter:site\" content=\"@WestCoastTrial\" \/>\n<meta name=\"twitter:label1\" content=\"Tiempo de lectura\" \/>\n\t<meta name=\"twitter:data1\" content=\"6 minutos\" \/>\n<script type=\"application\/ld+json\" class=\"yoast-schema-graph\">{\"@context\":\"https:\/\/schema.org\",\"@graph\":[{\"@type\":[\"WebPage\",\"ItemPage\"],\"@id\":\"https:\/\/westcoasttriallawyers.com\/es\/california\/solana-beach\/abogado-de-accidente-de-e-scooter-en-solana-beach\",\"url\":\"https:\/\/westcoasttriallawyers.com\/es\/california\/solana-beach\/abogado-de-accidente-de-e-scooter-en-solana-beach\",\"name\":\"Abogado de accidente de E-Scooter en Solana Beach | West Coast Trial Lawyers\",\"isPartOf\":{\"@id\":\"https:\/\/westcoasttriallawyers.com\/es#website\"},\"primaryImageOfPage\":{\"@id\":\"https:\/\/westcoasttriallawyers.com\/es\/california\/solana-beach\/abogado-de-accidente-de-e-scooter-en-solana-beach#primaryimage\"},\"image\":{\"@id\":\"https:\/\/westcoasttriallawyers.com\/es\/california\/solana-beach\/abogado-de-accidente-de-e-scooter-en-solana-beach#primaryimage\"},\"thumbnailUrl\":\"https:\/\/westcoasttriallawyers.com\/wp-content\/uploads\/2025\/07\/Solana-Beach-31.webp\",\"datePublished\":\"2026-01-14T17:04:50+00:00\",\"dateModified\":\"2026-01-22T15:27:54+00:00\",\"breadcrumb\":{\"@id\":\"https:\/\/westcoasttriallawyers.com\/es\/california\/solana-beach\/abogado-de-accidente-de-e-scooter-en-solana-beach#breadcrumb\"},\"inLanguage\":\"es\",\"potentialAction\":[{\"@type\":\"ReadAction\",\"target\":[\"https:\/\/westcoasttriallawyers.com\/es\/california\/solana-beach\/abogado-de-accidente-de-e-scooter-en-solana-beach\"]}]},{\"@type\":\"ImageObject\",\"inLanguage\":\"es\",\"@id\":\"https:\/\/westcoasttriallawyers.com\/es\/california\/solana-beach\/abogado-de-accidente-de-e-scooter-en-solana-beach#primaryimage\",\"url\":\"https:\/\/westcoasttriallawyers.com\/wp-content\/uploads\/2025\/07\/Solana-Beach-31.webp\",\"contentUrl\":\"https:\/\/westcoasttriallawyers.com\/wp-content\/uploads\/2025\/07\/Solana-Beach-31.webp\",\"width\":557,\"height\":327},{\"@type\":\"BreadcrumbList\",\"@id\":\"https:\/\/westcoasttriallawyers.com\/es\/california\/solana-beach\/abogado-de-accidente-de-e-scooter-en-solana-beach#breadcrumb\",\"itemListElement\":[{\"@type\":\"ListItem\",\"position\":1,\"name\":\"Inicio\",\"item\":\"https:\/\/westcoasttriallawyers.com\/es\"},{\"@type\":\"ListItem\",\"position\":2,\"name\":\"California\",\"item\":\"https:\/\/westcoasttriallawyers.com\/es\/california\"},{\"@type\":\"ListItem\",\"position\":3,\"name\":\"Solana Beach\",\"item\":\"https:\/\/westcoasttriallawyers.com\/es\/california\/solana-beach\"},{\"@type\":\"ListItem\",\"position\":4,\"name\":\"Abogado de accidente de E-Scooter en Solana Beach\"}]},{\"@type\":\"WebSite\",\"@id\":\"https:\/\/westcoasttriallawyers.com\/es#website\",\"url\":\"https:\/\/westcoasttriallawyers.com\/es\",\"name\":\"West Coast Trial Lawyers\",\"description\":\"West Coast Trial Lawyers\",\"publisher\":{\"@id\":\"https:\/\/westcoasttriallawyers.com\/es#organization\"},\"alternateName\":\"WCTL\",\"potentialAction\":[{\"@type\":\"SearchAction\",\"target\":{\"@type\":\"EntryPoint\",\"urlTemplate\":\"https:\/\/westcoasttriallawyers.com\/es?s={search_term_string}\"},\"query-input\":{\"@type\":\"PropertyValueSpecification\",\"valueRequired\":true,\"valueName\":\"search_term_string\"}}],\"inLanguage\":\"es\"},{\"@type\":\"Organization\",\"@id\":\"https:\/\/westcoasttriallawyers.com\/es#organization\",\"name\":\"West Coast Trial Lawyers\",\"alternateName\":\"WCTL\",\"url\":\"https:\/\/westcoasttriallawyers.com\/es\",\"logo\":{\"@type\":\"ImageObject\",\"inLanguage\":\"es\",\"@id\":\"https:\/\/westcoasttriallawyers.com\/es#\/schema\/logo\/image\/\",\"url\":\"https:\/\/westcoasttriallawyers.com\/wp-content\/uploads\/2026\/02\/WCTL-Logo.jpg\",\"contentUrl\":\"https:\/\/westcoasttriallawyers.com\/wp-content\/uploads\/2026\/02\/WCTL-Logo.jpg\",\"width\":696,\"height\":696,\"caption\":\"West Coast Trial Lawyers\"},\"image\":{\"@id\":\"https:\/\/westcoasttriallawyers.com\/es#\/schema\/logo\/image\/\"},\"sameAs\":[\"https:\/\/www.facebook.com\/westcoasttriallawyers\/\",\"https:\/\/x.com\/WestCoastTrial\",\"https:\/\/www.linkedin.com\/company\/west-coast-trial-lawyers\/\",\"https:\/\/www.instagram.com\/westcoasttriallawyers\/\",\"https:\/\/www.yelp.com\/biz\/west-coast-trial-lawyers-los-angeles-2\",\"https:\/\/www.pinterest.com\/westcoasttrial\/\",\"https:\/\/www.youtube.com\/westcoasttriallawyersla\/\",\"https:\/\/www.tiktok.com\/westcoasttriallawyers\"],\"description\":\"West Coast Trial Lawyers is a top-rated personal injury law firm with a goal to provide expert legal representation to those in need. The law firm has offices across California, Nevada, Arizona, and Washington.\",\"legalName\":\"West Coast Trial Lawyers\"}]}<\/script>\n<!-- \/ Yoast SEO Premium plugin. -->","yoast_head_json":{"title":"Abogado de accidente de E-Scooter en Solana Beach | West Coast Trial Lawyers","robots":{"index":"index","follow":"follow","max-snippet":"max-snippet:-1","max-image-preview":"max-image-preview:large","max-video-preview":"max-video-preview:-1"},"canonical":"https:\/\/westcoasttriallawyers.com\/es\/california\/solana-beach\/abogado-de-accidente-de-e-scooter-en-solana-beach","og_locale":"es_ES","og_type":"article","og_title":"Abogado de accidente de E-Scooter en Solana Beach","og_description":"\u00bfLesionado por un E-Scooter defectuoso? Los abogados litigantes de la costa oeste lo ayudar\u00e1n a obtener una compensaci\u00f3n por da\u00f1os Los scooters el\u00e9ctricos se han usado com\u00fanmente en varias ciudades de California. Muchas regiones aprueban la idea de utilizar un e-scooter como m\u00e9todo de transporte sencillo. Brinda a las personas una opci\u00f3n conveniente si su [&hellip;]","og_url":"https:\/\/westcoasttriallawyers.com\/es\/california\/solana-beach\/abogado-de-accidente-de-e-scooter-en-solana-beach","og_site_name":"West Coast Trial Lawyers","article_publisher":"https:\/\/www.facebook.com\/westcoasttriallawyers\/","article_modified_time":"2026-01-22T15:27:54+00:00","og_image":[{"width":557,"height":327,"url":"https:\/\/westcoasttriallawyers.com\/wp-content\/uploads\/2025\/07\/Solana-Beach-31.webp","type":"image\/webp"}],"twitter_card":"summary_large_image","twitter_site":"@WestCoastTrial","twitter_misc":{"Tiempo de lectura":"6 minutos"},"schema":{"@context":"https:\/\/schema.org","@graph":[{"@type":["WebPage","ItemPage"],"@id":"https:\/\/westcoasttriallawyers.com\/es\/california\/solana-beach\/abogado-de-accidente-de-e-scooter-en-solana-beach","url":"https:\/\/westcoasttriallawyers.com\/es\/california\/solana-beach\/abogado-de-accidente-de-e-scooter-en-solana-beach","name":"Abogado de accidente de E-Scooter en Solana Beach | West Coast Trial Lawyers","isPartOf":{"@id":"https:\/\/westcoasttriallawyers.com\/es#website"},"primaryImageOfPage":{"@id":"https:\/\/westcoasttriallawyers.com\/es\/california\/solana-beach\/abogado-de-accidente-de-e-scooter-en-solana-beach#primaryimage"},"image":{"@id":"https:\/\/westcoasttriallawyers.com\/es\/california\/solana-beach\/abogado-de-accidente-de-e-scooter-en-solana-beach#primaryimage"},"thumbnailUrl":"https:\/\/westcoasttriallawyers.com\/wp-content\/uploads\/2025\/07\/Solana-Beach-31.webp","datePublished":"2026-01-14T17:04:50+00:00","dateModified":"2026-01-22T15:27:54+00:00","breadcrumb":{"@id":"https:\/\/westcoasttriallawyers.com\/es\/california\/solana-beach\/abogado-de-accidente-de-e-scooter-en-solana-beach#breadcrumb"},"inLanguage":"es","potentialAction":[{"@type":"ReadAction","target":["https:\/\/westcoasttriallawyers.com\/es\/california\/solana-beach\/abogado-de-accidente-de-e-scooter-en-solana-beach"]}]},{"@type":"ImageObject","inLanguage":"es","@id":"https:\/\/westcoasttriallawyers.com\/es\/california\/solana-beach\/abogado-de-accidente-de-e-scooter-en-solana-beach#primaryimage","url":"https:\/\/westcoasttriallawyers.com\/wp-content\/uploads\/2025\/07\/Solana-Beach-31.webp","contentUrl":"https:\/\/westcoasttriallawyers.com\/wp-content\/uploads\/2025\/07\/Solana-Beach-31.webp","width":557,"height":327},{"@type":"BreadcrumbList","@id":"https:\/\/westcoasttriallawyers.com\/es\/california\/solana-beach\/abogado-de-accidente-de-e-scooter-en-solana-beach#breadcrumb","itemListElement":[{"@type":"ListItem","position":1,"name":"Inicio","item":"https:\/\/westcoasttriallawyers.com\/es"},{"@type":"ListItem","position":2,"name":"California","item":"https:\/\/westcoasttriallawyers.com\/es\/california"},{"@type":"ListItem","position":3,"name":"Solana Beach","item":"https:\/\/westcoasttriallawyers.com\/es\/california\/solana-beach"},{"@type":"ListItem","position":4,"name":"Abogado de accidente de E-Scooter en Solana Beach"}]},{"@type":"WebSite","@id":"https:\/\/westcoasttriallawyers.com\/es#website","url":"https:\/\/westcoasttriallawyers.com\/es","name":"West Coast Trial Lawyers","description":"West Coast Trial Lawyers","publisher":{"@id":"https:\/\/westcoasttriallawyers.com\/es#organization"},"alternateName":"WCTL","potentialAction":[{"@type":"SearchAction","target":{"@type":"EntryPoint","urlTemplate":"https:\/\/westcoasttriallawyers.com\/es?s={search_term_string}"},"query-input":{"@type":"PropertyValueSpecification","valueRequired":true,"valueName":"search_term_string"}}],"inLanguage":"es"},{"@type":"Organization","@id":"https:\/\/westcoasttriallawyers.com\/es#organization","name":"West Coast Trial Lawyers","alternateName":"WCTL","url":"https:\/\/westcoasttriallawyers.com\/es","logo":{"@type":"ImageObject","inLanguage":"es","@id":"https:\/\/westcoasttriallawyers.com\/es#\/schema\/logo\/image\/","url":"https:\/\/westcoasttriallawyers.com\/wp-content\/uploads\/2026\/02\/WCTL-Logo.jpg","contentUrl":"https:\/\/westcoasttriallawyers.com\/wp-content\/uploads\/2026\/02\/WCTL-Logo.jpg","width":696,"height":696,"caption":"West Coast Trial Lawyers"},"image":{"@id":"https:\/\/westcoasttriallawyers.com\/es#\/schema\/logo\/image\/"},"sameAs":["https:\/\/www.facebook.com\/westcoasttriallawyers\/","https:\/\/x.com\/WestCoastTrial","https:\/\/www.linkedin.com\/company\/west-coast-trial-lawyers\/","https:\/\/www.instagram.com\/westcoasttriallawyers\/","https:\/\/www.yelp.com\/biz\/west-coast-trial-lawyers-los-angeles-2","https:\/\/www.pinterest.com\/westcoasttrial\/","https:\/\/www.youtube.com\/westcoasttriallawyersla\/","https:\/\/www.tiktok.com\/westcoasttriallawyers"],"description":"West Coast Trial Lawyers is a top-rated personal injury law firm with a goal to provide expert legal representation to those in need. The law firm has offices across California, Nevada, Arizona, and Washington.","legalName":"West Coast Trial Lawyers"}]}},"_links":{"self":[{"href":"https:\/\/westcoasttriallawyers.com\/es\/wp-json\/wp\/v2\/pages\/12544","targetHints":{"allow":["GET"]}}],"collection":[{"href":"https:\/\/westcoasttriallawyers.com\/es\/wp-json\/wp\/v2\/pages"}],"about":[{"href":"https:\/\/westcoasttriallawyers.com\/es\/wp-json\/wp\/v2\/types\/page"}],"author":[{"embeddable":true,"href":"https:\/\/westcoasttriallawyers.com\/es\/wp-json\/wp\/v2\/users\/475"}],"replies":[{"embeddable":true,"href":"https:\/\/westcoasttriallawyers.com\/es\/wp-json\/wp\/v2\/comments?post=12544"}],"version-history":[{"count":3,"href":"https:\/\/westcoasttriallawyers.com\/es\/wp-json\/wp\/v2\/pages\/12544\/revisions"}],"predecessor-version":[{"id":48014,"href":"https:\/\/westcoasttriallawyers.com\/es\/wp-json\/wp\/v2\/pages\/12544\/revisions\/48014"}],"up":[{"embeddable":true,"href":"https:\/\/westcoasttriallawyers.com\/es\/wp-json\/wp\/v2\/pages\/47427"}],"wp:featuredmedia":[{"embeddable":true,"href":"https:\/\/westcoasttriallawyers.com\/es\/wp-json\/wp\/v2\/media\/46488"}],"wp:attachment":[{"href":"https:\/\/westcoasttriallawyers.com\/es\/wp-json\/wp\/v2\/media?parent=12544"}],"curies":[{"name":"wp","href":"https:\/\/api.w.org\/{rel}","templated":true}]}}