{"id":12543,"date":"2026-01-14T17:04:49","date_gmt":"2026-01-14T17:04:49","guid":{"rendered":"https:\/\/wctl1stg.wpengine.com\/?page_id=12543"},"modified":"2026-01-22T15:26:08","modified_gmt":"2026-01-22T15:26:08","slug":"abogado-de-responsabilidad-de-locales-de-solana-beach","status":"publish","type":"page","link":"https:\/\/westcoasttriallawyers.com\/es\/california\/solana-beach\/abogado-de-responsabilidad-de-locales-de-solana-beach","title":{"rendered":"Abogado de Responsabilidad de Locales de Solana Beach"},"content":{"rendered":"<h2><strong>Pasos importantes que debe considerar tomar despu\u00e9s de lesionarse mientras se encuentra en la propiedad de otra persona\u00a0<\/strong><\/h2>\n<p>Es importante que los propietarios de viviendas y las empresas coloquen se\u00f1ales de advertencia para notificar a los visitantes sobre los peligros potenciales que persisten en la propiedad. Se deben realizar controles de mantenimiento regulares para detectar cualquier equipo defectuoso, pero si no se puede hacer nada para eliminar el riesgo, se espera que el propietario proporcione se\u00f1ales de advertencia para advertir a los visitantes que tengan cuidado al entrar. Desafortunadamente, hay propietarios que no inspeccionan sus instalaciones en busca de peligros potenciales. Esta es una acci\u00f3n negligente que puede meterlos en serios problemas. Cualquier visitante que se lesione mientras se encuentra en la propiedad de alguien como resultado de la negligencia del due\u00f1o de la propiedad debe considerar una demanda de responsabilidad del local contra la persona o empresa culpable.<\/p>\n<p>En West Coast Trial Lawyers, contamos con abogados de responsabilidad de locales de Solana Beach con m\u00e1s de 60 a\u00f1os de experiencia legal colectiva en el manejo de casos de lesiones personales. Hemos ganado exitosamente m\u00e1s de 5,000 casos y obtenido m\u00e1s de $1,000 millones en acuerdos y juicios para nuestros clientes. Nuestro equipo se esfuerza por asegurarse de que obtenga la m\u00e1xima compensaci\u00f3n financiera y emocional por las p\u00e9rdidas que sufri\u00f3. Esto incluye facturas m\u00e9dicas, salarios perdidos, angustia emocional y dolor y sufrimiento.<\/p>\n<p>Si est\u00e1 interesado en programar una consulta gratuita y sin compromiso en nuestro bufete de abogados de lesiones personales de Solana Beach, comun\u00edquese con nosotros llamando al 213-927-3700 o enviando un correo electr\u00f3nico a info@westcoasttriallawyers.com. Nuestro equipo est\u00e1 disponible las 24 horas del d\u00eda, los 7 d\u00edas de la semana para ayudarlo con sus necesidades.<\/p>\n<h2><strong>Responsabilidad de los locales<\/strong><\/h2>\n<p>Las demandas de responsabilidad de locales generalmente se presentan contra empresas por casos de resbalones y ca\u00eddas. Este incidente ha ocurrido com\u00fanmente en tiendas minoristas y de abarrotes. Sin embargo, las personas pueden lastimarse en todo tipo de lugares, incluidos vest\u00edbulos, estacionamientos, pasillos, etc.<\/p>\n<p>Los due\u00f1os de negocios tienen el deber de cuidar a los visitantes. Por ley, deben tomar medidas razonables para asegurarse de que quienes entren en su propiedad est\u00e9n protegidos. Hay tres tipos de visitantes, incluyendo:<\/p>\n<ol>\n<li><strong>Invitados.\u00a0<\/strong>Estas son personas que est\u00e1n invitadas a ingresar a la propiedad. En un contexto empresarial, un invitado es un cliente. Desde la perspectiva del propietario de una casa, el invitado suele ser un amigo o un familiar.<\/li>\n<li><strong>Licenciatarios.\u00a0<\/strong>Estas son personas a las que se les permite estar en la propiedad, pero que no fueron invitadas por el due\u00f1o de la propiedad, como un vendedor.<\/li>\n<li><strong>Intrusos.<\/strong> Estas son personas a las que no se les permite estar en la propiedad. No se les debe ning\u00fan deber de cuidado. Sin embargo, los ni\u00f1os son una excepci\u00f3n. En el caso de que un ni\u00f1o intente acceder a las instalaciones de alguien, se espera que el due\u00f1o de la propiedad coloque se\u00f1ales de advertencia para protegerlo de una demanda si el ni\u00f1o se lesiona en su territorio.<\/li>\n<\/ol>\n<h2><strong>\u00bfQu\u00e9 debe hacer despu\u00e9s de tener un accidente en la propiedad de alguien?<\/strong><\/h2>\n<ol>\n<li><strong>Documentar el incidente.<\/strong> Si es posible, tome fotograf\u00edas o videos de sus lesiones, da\u00f1os y el lugar donde ocurri\u00f3 el accidente. Si hay testigos cerca, debe obtener el consentimiento para adquirir su informaci\u00f3n de contacto. Por \u00faltimo, trate de documentar su perspectiva sobre el incidente. No olvide incluir la fecha y la hora de cada evento que tuvo lugar.<\/li>\n<li><strong>Obtenga tratamiento m\u00e9dico.\u00a0<\/strong>Busque atenci\u00f3n m\u00e9dica de un m\u00e9dico. Incluso si sufre lesiones menores, es importante que lo eval\u00faen para asegurarse de que no sea nada demasiado grave. De su visita se realizar\u00e1 un informe m\u00e9dico. Esto se puede utilizar como una prueba importante para su caso.<\/li>\n<li><strong>No hables de la situaci\u00f3n.\u00a0<\/strong>Es com\u00fan sentir emociones intensas despu\u00e9s de lesionarse. Sin embargo, trate de abstenerse de hablar al respecto con el due\u00f1o de la propiedad. No admita su responsabilidad ni culpe a alguien por causar el accidente.<\/li>\n<li><strong>Comun\u00edquese con un abogado de responsabilidad de locales de Solana Beach.<\/strong> Para obtener ayuda legal con su demanda, consulte con un abogado con experiencia en responsabilidad de locales de Solana Beach. El abogado ayudar\u00e1 a fortalecer su reclamo, negociar\u00e1 con las compa\u00f1\u00edas de seguros y obtendr\u00e1 la compensaci\u00f3n que merece por sus p\u00e9rdidas.<\/li>\n<\/ol>\n<h2><strong>Lo que debe pensar despu\u00e9s del accidente<\/strong><\/h2>\n<ul>\n<li><strong>\u00bfHab\u00eda condiciones peligrosas en la propiedad?<\/strong> El due\u00f1o de una propiedad solo ser\u00e1 responsable si las condiciones peligrosas contribuyeron a sus lesiones. Algunos factores que crean un ambiente inseguro incluyen pavimentos defectuosos, baches, escombros, pisos mojados, pisos da\u00f1ados y una escalera rota.<\/li>\n<li><strong>\u00bfSab\u00eda el due\u00f1o de la propiedad sobre las condiciones peligrosas?<\/strong> Para determinar la responsabilidad por un accidente de resbal\u00f3n y ca\u00edda, debe haber ocurrido lo siguiente:\n<ul>\n<li>El due\u00f1o de la propiedad caus\u00f3 el peligro al derramar o dejar caer un l\u00edquido o un objeto que cre\u00f3 una superficie peligrosa para que los visitantes caminar\u00e1n.<\/li>\n<li>El due\u00f1o de la propiedad estaba al tanto del peligro, pero no hizo nada para solucionarlo.<\/li>\n<li>El due\u00f1o de la propiedad deber\u00eda haber sido consciente del peligro ya que un due\u00f1o de propiedad \u00abrazonable\u00bb cuida sus instalaciones y habr\u00eda descubierto y solucionado el problema.<\/li>\n<\/ul>\n<\/li>\n<li><strong>\u00bfTe lo advirtieron?\u00a0<\/strong>Si el propietario de una propiedad no puede solucionar el peligro, debe colocar se\u00f1ales de advertencia en el \u00e1rea insegura para evitar que los visitantes entren sin saber qu\u00e9 les puede pasar.<\/li>\n<\/ul>\n<h2><strong>Papel del seguro de responsabilidad civil de locales<\/strong><\/h2>\n<p>El seguro de responsabilidad general comercial (CGL, por sus siglas en ingl\u00e9s) est\u00e1 dise\u00f1ado para proteger al propietario de una empresa de una variedad de reclamos, como lesiones personales, negligencia y da\u00f1os a la propiedad causados \u200b\u200bpor los productos, las operaciones o las instalaciones de la empresa. Un factor importante de una p\u00f3liza de CGL es la cobertura de responsabilidad de locales. Esto cubrir\u00e1 da\u00f1os por lesiones corporales y da\u00f1os a la propiedad.<\/p>\n<p>Hay una variedad de accidentes que pueden ocurrir: un cliente puede tropezar con un cable de extensi\u00f3n oculto, romperse un hueso al caer sobre una alfombra colocada incorrectamente o resbalar en un \u00e1rea h\u00fameda y golpear el suelo. Estos ejemplos requerir\u00e1n cobertura de responsabilidad civil para compensar los gastos m\u00e9dicos de la v\u00edctima, salarios perdidos, angustia emocional, etc.<\/p>\n<p>Es posible que el seguro de responsabilidad civil de las instalaciones no cubra todos los tipos de situaciones relacionadas con las lesiones de un visitante. Para tener una mejor idea de lo que esto significa, aqu\u00ed hay un ejemplo:<\/p>\n<p>Un experto m\u00e9dico est\u00e1 realizando un procedimiento en un paciente. Durante este proceso, accidentalmente da\u00f1an al paciente. Este tipo de lesi\u00f3n no estar\u00e1 cubierta por la p\u00f3liza de seguro de responsabilidad civil del local. Otros escenarios adicionales que no se cubrir\u00e1n incluyen:<\/p>\n<ul>\n<li>Lesiones de los empleados<\/li>\n<li>Cualquier da\u00f1o hecho a la propiedad de su negocio, como vandalismo o incendio.<\/li>\n<\/ul>\n<h2><strong>Cont\u00e1ctenos<\/strong><\/h2>\n<p>Si ha sufrido lesiones en Solana Beach como resultado de un accidente de responsabilidad de locales, los abogados litigantes de la costa oeste lo ayudar\u00e1n a recuperar una compensaci\u00f3n financiera y emocional por las p\u00e9rdidas que ha sufrido.<\/p>\n<p>Comun\u00edquese con nuestro bufete de abogados de lesiones personales de Solana Beach hoy al 213-927-3700 o env\u00ede un correo electr\u00f3nico a info@westcoasttriallawyers.com para programar una consulta gratuita con nuestro equipo legal experimentado, atento y compasivo.<\/p>\n<p><!-- WCTL_DEBUG: no shortcode in this_content --><\/p>\n","protected":false},"excerpt":{"rendered":"<p>Pasos importantes que debe considerar tomar despu\u00e9s de lesionarse mientras se encuentra en la propiedad de otra persona\u00a0 Es importante que los propietarios de viviendas y las empresas coloquen se\u00f1ales de advertencia para notificar a los visitantes sobre los peligros potenciales que persisten en la propiedad. Se deben realizar controles de mantenimiento regulares para detectar [&hellip;]<\/p>\n","protected":false},"author":475,"featured_media":46483,"parent":47427,"menu_order":0,"comment_status":"closed","ping_status":"closed","template":"","meta":{"inline_featured_image":false,"footnotes":""},"class_list":["post-12543","page","type-page","status-publish","has-post-thumbnail","hentry"],"acf":[],"yoast_head":"<!-- This site is optimized with the Yoast SEO Premium plugin v26.0 (Yoast SEO v26.0) - https:\/\/yoast.com\/wordpress\/plugins\/seo\/ -->\n<title>Abogado de Responsabilidad de Locales de Solana Beach | West Coast Trial Lawyers<\/title>\n<meta name=\"robots\" content=\"index, follow, max-snippet:-1, max-image-preview:large, max-video-preview:-1\" \/>\n<link rel=\"canonical\" href=\"https:\/\/westcoasttriallawyers.com\/es\/california\/solana-beach\/abogado-de-responsabilidad-de-locales-de-solana-beach\" \/>\n<meta property=\"og:locale\" content=\"es_ES\" \/>\n<meta property=\"og:type\" content=\"article\" \/>\n<meta property=\"og:title\" content=\"Abogado de Responsabilidad de Locales de Solana Beach\" \/>\n<meta property=\"og:description\" content=\"Pasos importantes que debe considerar tomar despu\u00e9s de lesionarse mientras se encuentra en la propiedad de otra persona\u00a0 Es importante que los propietarios de viviendas y las empresas coloquen se\u00f1ales de advertencia para notificar a los visitantes sobre los peligros potenciales que persisten en la propiedad. Se deben realizar controles de mantenimiento regulares para detectar [&hellip;]\" \/>\n<meta property=\"og:url\" content=\"https:\/\/westcoasttriallawyers.com\/es\/california\/solana-beach\/abogado-de-responsabilidad-de-locales-de-solana-beach\" \/>\n<meta property=\"og:site_name\" content=\"West Coast Trial Lawyers\" \/>\n<meta property=\"article:publisher\" content=\"https:\/\/www.facebook.com\/westcoasttriallawyers\/\" \/>\n<meta property=\"article:modified_time\" content=\"2026-01-22T15:26:08+00:00\" \/>\n<meta property=\"og:image\" content=\"https:\/\/westcoasttriallawyers.com\/wp-content\/uploads\/2025\/07\/Solana-Beach-29.webp\" \/>\n\t<meta property=\"og:image:width\" content=\"557\" \/>\n\t<meta property=\"og:image:height\" content=\"327\" \/>\n\t<meta property=\"og:image:type\" content=\"image\/webp\" \/>\n<meta name=\"twitter:card\" content=\"summary_large_image\" \/>\n<meta name=\"twitter:site\" content=\"@WestCoastTrial\" \/>\n<meta name=\"twitter:label1\" content=\"Tiempo de lectura\" \/>\n\t<meta name=\"twitter:data1\" content=\"6 minutos\" \/>\n<script type=\"application\/ld+json\" class=\"yoast-schema-graph\">{\"@context\":\"https:\/\/schema.org\",\"@graph\":[{\"@type\":[\"WebPage\",\"ItemPage\"],\"@id\":\"https:\/\/westcoasttriallawyers.com\/es\/california\/solana-beach\/abogado-de-responsabilidad-de-locales-de-solana-beach\",\"url\":\"https:\/\/westcoasttriallawyers.com\/es\/california\/solana-beach\/abogado-de-responsabilidad-de-locales-de-solana-beach\",\"name\":\"Abogado de Responsabilidad de Locales de Solana Beach | West Coast Trial Lawyers\",\"isPartOf\":{\"@id\":\"https:\/\/westcoasttriallawyers.com\/es#website\"},\"primaryImageOfPage\":{\"@id\":\"https:\/\/westcoasttriallawyers.com\/es\/california\/solana-beach\/abogado-de-responsabilidad-de-locales-de-solana-beach#primaryimage\"},\"image\":{\"@id\":\"https:\/\/westcoasttriallawyers.com\/es\/california\/solana-beach\/abogado-de-responsabilidad-de-locales-de-solana-beach#primaryimage\"},\"thumbnailUrl\":\"https:\/\/westcoasttriallawyers.com\/wp-content\/uploads\/2025\/07\/Solana-Beach-29.webp\",\"datePublished\":\"2026-01-14T17:04:49+00:00\",\"dateModified\":\"2026-01-22T15:26:08+00:00\",\"breadcrumb\":{\"@id\":\"https:\/\/westcoasttriallawyers.com\/es\/california\/solana-beach\/abogado-de-responsabilidad-de-locales-de-solana-beach#breadcrumb\"},\"inLanguage\":\"es\",\"potentialAction\":[{\"@type\":\"ReadAction\",\"target\":[\"https:\/\/westcoasttriallawyers.com\/es\/california\/solana-beach\/abogado-de-responsabilidad-de-locales-de-solana-beach\"]}]},{\"@type\":\"ImageObject\",\"inLanguage\":\"es\",\"@id\":\"https:\/\/westcoasttriallawyers.com\/es\/california\/solana-beach\/abogado-de-responsabilidad-de-locales-de-solana-beach#primaryimage\",\"url\":\"https:\/\/westcoasttriallawyers.com\/wp-content\/uploads\/2025\/07\/Solana-Beach-29.webp\",\"contentUrl\":\"https:\/\/westcoasttriallawyers.com\/wp-content\/uploads\/2025\/07\/Solana-Beach-29.webp\",\"width\":557,\"height\":327},{\"@type\":\"BreadcrumbList\",\"@id\":\"https:\/\/westcoasttriallawyers.com\/es\/california\/solana-beach\/abogado-de-responsabilidad-de-locales-de-solana-beach#breadcrumb\",\"itemListElement\":[{\"@type\":\"ListItem\",\"position\":1,\"name\":\"Inicio\",\"item\":\"https:\/\/westcoasttriallawyers.com\/es\"},{\"@type\":\"ListItem\",\"position\":2,\"name\":\"California\",\"item\":\"https:\/\/westcoasttriallawyers.com\/es\/california\"},{\"@type\":\"ListItem\",\"position\":3,\"name\":\"Solana Beach\",\"item\":\"https:\/\/westcoasttriallawyers.com\/es\/california\/solana-beach\"},{\"@type\":\"ListItem\",\"position\":4,\"name\":\"Abogado de Responsabilidad de Locales de Solana Beach\"}]},{\"@type\":\"WebSite\",\"@id\":\"https:\/\/westcoasttriallawyers.com\/es#website\",\"url\":\"https:\/\/westcoasttriallawyers.com\/es\",\"name\":\"West Coast Trial Lawyers\",\"description\":\"West Coast Trial Lawyers\",\"publisher\":{\"@id\":\"https:\/\/westcoasttriallawyers.com\/es#organization\"},\"alternateName\":\"WCTL\",\"potentialAction\":[{\"@type\":\"SearchAction\",\"target\":{\"@type\":\"EntryPoint\",\"urlTemplate\":\"https:\/\/westcoasttriallawyers.com\/es?s={search_term_string}\"},\"query-input\":{\"@type\":\"PropertyValueSpecification\",\"valueRequired\":true,\"valueName\":\"search_term_string\"}}],\"inLanguage\":\"es\"},{\"@type\":\"Organization\",\"@id\":\"https:\/\/westcoasttriallawyers.com\/es#organization\",\"name\":\"West Coast Trial Lawyers\",\"alternateName\":\"WCTL\",\"url\":\"https:\/\/westcoasttriallawyers.com\/es\",\"logo\":{\"@type\":\"ImageObject\",\"inLanguage\":\"es\",\"@id\":\"https:\/\/westcoasttriallawyers.com\/es#\/schema\/logo\/image\/\",\"url\":\"https:\/\/westcoasttriallawyers.com\/wp-content\/uploads\/2026\/02\/WCTL-Logo.jpg\",\"contentUrl\":\"https:\/\/westcoasttriallawyers.com\/wp-content\/uploads\/2026\/02\/WCTL-Logo.jpg\",\"width\":696,\"height\":696,\"caption\":\"West Coast Trial Lawyers\"},\"image\":{\"@id\":\"https:\/\/westcoasttriallawyers.com\/es#\/schema\/logo\/image\/\"},\"sameAs\":[\"https:\/\/www.facebook.com\/westcoasttriallawyers\/\",\"https:\/\/x.com\/WestCoastTrial\",\"https:\/\/www.linkedin.com\/company\/west-coast-trial-lawyers\/\",\"https:\/\/www.instagram.com\/westcoasttriallawyers\/\",\"https:\/\/www.yelp.com\/biz\/west-coast-trial-lawyers-los-angeles-2\",\"https:\/\/www.pinterest.com\/westcoasttrial\/\",\"https:\/\/www.youtube.com\/westcoasttriallawyersla\/\",\"https:\/\/www.tiktok.com\/westcoasttriallawyers\"],\"description\":\"West Coast Trial Lawyers is a top-rated personal injury law firm with a goal to provide expert legal representation to those in need. The law firm has offices across California, Nevada, Arizona, and Washington.\",\"legalName\":\"West Coast Trial Lawyers\"}]}<\/script>\n<!-- \/ Yoast SEO Premium plugin. -->","yoast_head_json":{"title":"Abogado de Responsabilidad de Locales de Solana Beach | West Coast Trial Lawyers","robots":{"index":"index","follow":"follow","max-snippet":"max-snippet:-1","max-image-preview":"max-image-preview:large","max-video-preview":"max-video-preview:-1"},"canonical":"https:\/\/westcoasttriallawyers.com\/es\/california\/solana-beach\/abogado-de-responsabilidad-de-locales-de-solana-beach","og_locale":"es_ES","og_type":"article","og_title":"Abogado de Responsabilidad de Locales de Solana Beach","og_description":"Pasos importantes que debe considerar tomar despu\u00e9s de lesionarse mientras se encuentra en la propiedad de otra persona\u00a0 Es importante que los propietarios de viviendas y las empresas coloquen se\u00f1ales de advertencia para notificar a los visitantes sobre los peligros potenciales que persisten en la propiedad. Se deben realizar controles de mantenimiento regulares para detectar [&hellip;]","og_url":"https:\/\/westcoasttriallawyers.com\/es\/california\/solana-beach\/abogado-de-responsabilidad-de-locales-de-solana-beach","og_site_name":"West Coast Trial Lawyers","article_publisher":"https:\/\/www.facebook.com\/westcoasttriallawyers\/","article_modified_time":"2026-01-22T15:26:08+00:00","og_image":[{"width":557,"height":327,"url":"https:\/\/westcoasttriallawyers.com\/wp-content\/uploads\/2025\/07\/Solana-Beach-29.webp","type":"image\/webp"}],"twitter_card":"summary_large_image","twitter_site":"@WestCoastTrial","twitter_misc":{"Tiempo de lectura":"6 minutos"},"schema":{"@context":"https:\/\/schema.org","@graph":[{"@type":["WebPage","ItemPage"],"@id":"https:\/\/westcoasttriallawyers.com\/es\/california\/solana-beach\/abogado-de-responsabilidad-de-locales-de-solana-beach","url":"https:\/\/westcoasttriallawyers.com\/es\/california\/solana-beach\/abogado-de-responsabilidad-de-locales-de-solana-beach","name":"Abogado de Responsabilidad de Locales de Solana Beach | West Coast Trial Lawyers","isPartOf":{"@id":"https:\/\/westcoasttriallawyers.com\/es#website"},"primaryImageOfPage":{"@id":"https:\/\/westcoasttriallawyers.com\/es\/california\/solana-beach\/abogado-de-responsabilidad-de-locales-de-solana-beach#primaryimage"},"image":{"@id":"https:\/\/westcoasttriallawyers.com\/es\/california\/solana-beach\/abogado-de-responsabilidad-de-locales-de-solana-beach#primaryimage"},"thumbnailUrl":"https:\/\/westcoasttriallawyers.com\/wp-content\/uploads\/2025\/07\/Solana-Beach-29.webp","datePublished":"2026-01-14T17:04:49+00:00","dateModified":"2026-01-22T15:26:08+00:00","breadcrumb":{"@id":"https:\/\/westcoasttriallawyers.com\/es\/california\/solana-beach\/abogado-de-responsabilidad-de-locales-de-solana-beach#breadcrumb"},"inLanguage":"es","potentialAction":[{"@type":"ReadAction","target":["https:\/\/westcoasttriallawyers.com\/es\/california\/solana-beach\/abogado-de-responsabilidad-de-locales-de-solana-beach"]}]},{"@type":"ImageObject","inLanguage":"es","@id":"https:\/\/westcoasttriallawyers.com\/es\/california\/solana-beach\/abogado-de-responsabilidad-de-locales-de-solana-beach#primaryimage","url":"https:\/\/westcoasttriallawyers.com\/wp-content\/uploads\/2025\/07\/Solana-Beach-29.webp","contentUrl":"https:\/\/westcoasttriallawyers.com\/wp-content\/uploads\/2025\/07\/Solana-Beach-29.webp","width":557,"height":327},{"@type":"BreadcrumbList","@id":"https:\/\/westcoasttriallawyers.com\/es\/california\/solana-beach\/abogado-de-responsabilidad-de-locales-de-solana-beach#breadcrumb","itemListElement":[{"@type":"ListItem","position":1,"name":"Inicio","item":"https:\/\/westcoasttriallawyers.com\/es"},{"@type":"ListItem","position":2,"name":"California","item":"https:\/\/westcoasttriallawyers.com\/es\/california"},{"@type":"ListItem","position":3,"name":"Solana Beach","item":"https:\/\/westcoasttriallawyers.com\/es\/california\/solana-beach"},{"@type":"ListItem","position":4,"name":"Abogado de Responsabilidad de Locales de Solana Beach"}]},{"@type":"WebSite","@id":"https:\/\/westcoasttriallawyers.com\/es#website","url":"https:\/\/westcoasttriallawyers.com\/es","name":"West Coast Trial Lawyers","description":"West Coast Trial Lawyers","publisher":{"@id":"https:\/\/westcoasttriallawyers.com\/es#organization"},"alternateName":"WCTL","potentialAction":[{"@type":"SearchAction","target":{"@type":"EntryPoint","urlTemplate":"https:\/\/westcoasttriallawyers.com\/es?s={search_term_string}"},"query-input":{"@type":"PropertyValueSpecification","valueRequired":true,"valueName":"search_term_string"}}],"inLanguage":"es"},{"@type":"Organization","@id":"https:\/\/westcoasttriallawyers.com\/es#organization","name":"West Coast Trial Lawyers","alternateName":"WCTL","url":"https:\/\/westcoasttriallawyers.com\/es","logo":{"@type":"ImageObject","inLanguage":"es","@id":"https:\/\/westcoasttriallawyers.com\/es#\/schema\/logo\/image\/","url":"https:\/\/westcoasttriallawyers.com\/wp-content\/uploads\/2026\/02\/WCTL-Logo.jpg","contentUrl":"https:\/\/westcoasttriallawyers.com\/wp-content\/uploads\/2026\/02\/WCTL-Logo.jpg","width":696,"height":696,"caption":"West Coast Trial Lawyers"},"image":{"@id":"https:\/\/westcoasttriallawyers.com\/es#\/schema\/logo\/image\/"},"sameAs":["https:\/\/www.facebook.com\/westcoasttriallawyers\/","https:\/\/x.com\/WestCoastTrial","https:\/\/www.linkedin.com\/company\/west-coast-trial-lawyers\/","https:\/\/www.instagram.com\/westcoasttriallawyers\/","https:\/\/www.yelp.com\/biz\/west-coast-trial-lawyers-los-angeles-2","https:\/\/www.pinterest.com\/westcoasttrial\/","https:\/\/www.youtube.com\/westcoasttriallawyersla\/","https:\/\/www.tiktok.com\/westcoasttriallawyers"],"description":"West Coast Trial Lawyers is a top-rated personal injury law firm with a goal to provide expert legal representation to those in need. The law firm has offices across California, Nevada, Arizona, and Washington.","legalName":"West Coast Trial Lawyers"}]}},"_links":{"self":[{"href":"https:\/\/westcoasttriallawyers.com\/es\/wp-json\/wp\/v2\/pages\/12543","targetHints":{"allow":["GET"]}}],"collection":[{"href":"https:\/\/westcoasttriallawyers.com\/es\/wp-json\/wp\/v2\/pages"}],"about":[{"href":"https:\/\/westcoasttriallawyers.com\/es\/wp-json\/wp\/v2\/types\/page"}],"author":[{"embeddable":true,"href":"https:\/\/westcoasttriallawyers.com\/es\/wp-json\/wp\/v2\/users\/475"}],"replies":[{"embeddable":true,"href":"https:\/\/westcoasttriallawyers.com\/es\/wp-json\/wp\/v2\/comments?post=12543"}],"version-history":[{"count":3,"href":"https:\/\/westcoasttriallawyers.com\/es\/wp-json\/wp\/v2\/pages\/12543\/revisions"}],"predecessor-version":[{"id":48011,"href":"https:\/\/westcoasttriallawyers.com\/es\/wp-json\/wp\/v2\/pages\/12543\/revisions\/48011"}],"up":[{"embeddable":true,"href":"https:\/\/westcoasttriallawyers.com\/es\/wp-json\/wp\/v2\/pages\/47427"}],"wp:featuredmedia":[{"embeddable":true,"href":"https:\/\/westcoasttriallawyers.com\/es\/wp-json\/wp\/v2\/media\/46483"}],"wp:attachment":[{"href":"https:\/\/westcoasttriallawyers.com\/es\/wp-json\/wp\/v2\/media?parent=12543"}],"curies":[{"name":"wp","href":"https:\/\/api.w.org\/{rel}","templated":true}]}}