{"id":12540,"date":"2026-01-14T17:04:48","date_gmt":"2026-01-14T17:04:48","guid":{"rendered":"https:\/\/wctl1stg.wpengine.com\/?page_id=12540"},"modified":"2026-01-22T15:16:39","modified_gmt":"2026-01-22T15:16:39","slug":"abogado-de-lesiones-cerebrales-en-solana-beach","status":"publish","type":"page","link":"https:\/\/westcoasttriallawyers.com\/es\/california\/solana-beach\/abogado-de-lesiones-cerebrales-en-solana-beach","title":{"rendered":"Abogado de lesiones cerebrales en Solana Beach"},"content":{"rendered":"<h2><strong>\u00bfVolver al trabajo despu\u00e9s de recuperarse de una lesi\u00f3n cerebral? Estos son algunos consejos \u00fatiles para comenzar con una nota positiva<\/strong><\/h2>\n<p>Las v\u00edctimas de una lesi\u00f3n cerebral grave deben recibir tratamiento m\u00e9dico lo antes posible. Solana Beach tiene dos hospitales disponibles para que los pacientes se registren, que son Scripps Coastal Medical Center y Scripps Memorial Hospital Encinitas Emergency.<\/p>\n<p>Si cree que su herida fue menor y le gustar\u00eda programar una cita para reunirse con un m\u00e9dico que se especializa en lesiones cerebrales, Scripps Coastal Medical Center es el lugar ideal para ir. Sin embargo, si sufre una lesi\u00f3n cerebral de moderada a grave y desea ver a un m\u00e9dico de inmediato, debe acudir a la Emergencia de Scripps Memorial Hospital Encinitas. Esta instalaci\u00f3n est\u00e1 abierta las 24 horas del d\u00eda para recibir pacientes que necesitan recibir tratamiento de inmediato.<\/p>\n<p>Una vez que se haya ocupado de su salud, es posible que se sienta abrumado por la cantidad de carga financiera de las visitas al m\u00e9dico, los procedimientos y las recetas de medicamentos. Si cree que su lesi\u00f3n fue causada por otra parte, puede tener derecho a recibir una compensaci\u00f3n que cubra los da\u00f1os. En West Coast Trial Lawyers, nuestros abogados especialistas en lesiones cerebrales de Solana Beach han ganado m\u00e1s de 5000 casos y obtenido m\u00e1s de $1000 millones en acuerdos y sentencias para nuestros clientes. Estamos comprometidos a adquirir una cantidad justa de compensaci\u00f3n que ayudar\u00e1 a cubrir cualquier da\u00f1o econ\u00f3mico y no econ\u00f3mico que est\u00e9 enfrentando.<\/p>\n<p>Para programar una consulta gratuita y sin compromiso en nuestro bufete de abogados de lesiones personales de Solana Beach, comun\u00edquese con nuestro equipo legal las 24 horas, los 7 d\u00edas de la semana llamando al 213-927-3700 o enviando un correo electr\u00f3nico a\u00a0<a href=\"mailto:info@westcoasttriallawyers.com\">info@westcoasttriallawyers.com<\/a>.<\/p>\n<h2><strong>Trabajar despu\u00e9s de una lesi\u00f3n cerebral<\/strong><\/h2>\n<p>Despu\u00e9s de que un empleado se recupere de una lesi\u00f3n cerebral, tendr\u00e1 la necesidad de volver al trabajo. Sin embargo, las lesiones cerebrales tienen efectos secundarios que pueden resultar en cambios en la \u00e9tica o el h\u00e1bito de trabajo de un empleado. Un problema com\u00fan con las v\u00edctimas de lesiones cerebrales es que quieren volver a trabajar demasiado pronto. No entienden cu\u00e1les son las consecuencias de una lesi\u00f3n cerebral y c\u00f3mo puede afectar su rendimiento laboral.<\/p>\n<p>Para tener una mejor idea de si debe o no comenzar a trabajar nuevamente, ser\u00eda mejor comunicarse con un experto m\u00e9dico. Analizar\u00e1n a fondo su lesi\u00f3n al documentar sus s\u00edntomas y ejecutar los procedimientos.<\/p>\n<p>Si todo se ve bien, el m\u00e9dico le permitir\u00e1 volver a trabajar. Sin embargo, hay situaciones en las que el empleado no siente que puede hacer su trabajo de la misma manera que lo hac\u00eda antes del accidente. Aquellos que enfrentan este tipo de problema deben solicitar adaptaciones razonables hasta que los s\u00edntomas hayan dejado de crear dificultades para obligaciones laborales espec\u00edficas.<\/p>\n<p>La Ley de Estadounidenses con Discapacidades (ADA, por sus siglas en ingl\u00e9s) proteger\u00e1 a las personas discapacitadas de sufrir discriminaci\u00f3n en el lugar de trabajo. Adem\u00e1s, los empleados pueden recibir adaptaciones razonables para facilitarles el desempe\u00f1o de sus funciones relacionadas con el trabajo. Esto se aplica a aquellos que sufren de una lesi\u00f3n cerebral.<\/p>\n<p>Las adaptaciones razonables pueden incluir:<\/p>\n<ol>\n<li>Proporcionar m\u00e1s descansos.<\/li>\n<li>Dar menos horas al trabajo.<\/li>\n<li>Ofrecer menos tareas.<\/li>\n<li>Otorgar un puesto diferente en la empresa de forma temporal o permanente, seg\u00fan la situaci\u00f3n.<\/li>\n<li>Permitir que el empleado se reincorpore gradualmente al trabajo.<\/li>\n<\/ol>\n<p>Ser\u00eda una buena idea que el empleado brinda actualizaciones de salud a sus empleadores. Esto le dar\u00e1 al empleador una comprensi\u00f3n de lo que el empleado es capaz de hacer. Adem\u00e1s, les ayudar\u00e1 a hacer ajustes a las adaptaciones razonables que se le dieron al empleado. Si el empleado se ha curado por completo de su lesi\u00f3n, entonces el empleador puede eliminar las adaptaciones razonables y hacer que el empleado trabaje en lo que sol\u00eda hacer antes de la colisi\u00f3n.<\/p>\n<h2><strong>Mentalidad positiva<\/strong><\/h2>\n<p>Para mantener un buen ambiente de trabajo, debes llegar con una actitud y mentalidad positiva. Intentar:<\/p>\n<ol>\n<li>Si\u00e9ntete c\u00f3modo pidiendo ayuda.<\/li>\n<li>Acepta la cr\u00edtica constructiva sin dejar que te afecte negativamente.<\/li>\n<li>Utiliza t\u00e1cticas o m\u00e9todos que te ayuden a mejorar tus habilidades laborales.<\/li>\n<\/ol>\n<p>En algunas circunstancias, una v\u00edctima de lesi\u00f3n cerebral puede llegar a trabajar con una mentalidad negativa. Supondr\u00e1n que no har\u00e1n un buen trabajo en sus tareas debido a que su lesi\u00f3n cerebral afecta su desempe\u00f1o. En lugar de centrarse en esto, es mejor mantener una mentalidad positiva. Tener continuamente bajas expectativas de ti mismo solo conducir\u00e1 a malos resultados. Intenta superar tus dudas.<\/p>\n<h2><strong>Comunicarse con su empleador<\/strong><\/h2>\n<p>No est\u00e1 obligado a proporcionar detalles completos sobre su lesi\u00f3n cerebral a su empleador. Sin embargo, debe hablar sobre su salud si pone a otros en riesgo. Aqu\u00ed hay algunas ideas sobre c\u00f3mo podr\u00eda hablar con su empleador.<\/p>\n<ol>\n<li>Lleve un registro de su derecho a pago por enfermedad. Si tiene alguna pregunta que le gustar\u00eda hacerle a su empleador, no dude en hacerlo.<\/li>\n<li>Habla con tu empleador sobre tus limitaciones cuando se trata de realizar tareas relacionadas con el trabajo. Si tiene dificultades para completar una tarea debido a los s\u00edntomas de su lesi\u00f3n cerebral, ser\u00eda muy \u00fatil que informe este problema al empleador. Tendr\u00e1n una mejor comprensi\u00f3n de su situaci\u00f3n y organizar\u00e1n algo que le facilitar\u00e1 hacer su trabajo.<\/li>\n<\/ol>\n<h2><strong>Llegar a sus compa\u00f1eros de trabajo<\/strong><\/h2>\n<p>Notificar a sus compa\u00f1eros de trabajo sobre su lesi\u00f3n cerebral puede ser una informaci\u00f3n personal dif\u00edcil de mencionar. Si te sientes c\u00f3modo haciendo esto, hazlo. Puede compartir detalles limitados o completos sobre el asunto, es su elecci\u00f3n. Tiene derecho a no hablar sobre su condici\u00f3n si un compa\u00f1ero de trabajo le pregunta al respecto.<\/p>\n<p>Si elige hablar sobre su lesi\u00f3n cerebral con sus compa\u00f1eros de trabajo, puede darles una idea de lo que puede hacer y en qu\u00e9 puede necesitar ayuda adicional. Se pueden hacer arreglos especiales en su nombre para que le resulte m\u00e1s conveniente realizar sus tareas.<\/p>\n<h2><strong>Cont\u00e1ctenos<\/strong><\/h2>\n<p>Si tiene alguna pregunta con respecto a su lesi\u00f3n cerebral, West Coast Trial Lawyers cuenta con abogados expertos en lesiones cerebrales de Solana Beach que tienen una amplia experiencia en el manejo de casos de lesiones personales.<\/p>\n<p>Ofrecemos una consulta gratuita y sin compromiso en nuestra firma de lesiones personales de Solana Beach. Comun\u00edquese con nuestro amigable equipo legal llamando al 213-927-3700 o enviando un correo electr\u00f3nico a info@westcoasttriallawyers.com.<\/p>\n<p><!-- WCTL_DEBUG: no shortcode in this_content --><\/p>\n","protected":false},"excerpt":{"rendered":"<p>\u00bfVolver al trabajo despu\u00e9s de recuperarse de una lesi\u00f3n cerebral? Estos son algunos consejos \u00fatiles para comenzar con una nota positiva Las v\u00edctimas de una lesi\u00f3n cerebral grave deben recibir tratamiento m\u00e9dico lo antes posible. Solana Beach tiene dos hospitales disponibles para que los pacientes se registren, que son Scripps Coastal Medical Center y Scripps [&hellip;]<\/p>\n","protected":false},"author":475,"featured_media":46478,"parent":47427,"menu_order":0,"comment_status":"closed","ping_status":"closed","template":"","meta":{"inline_featured_image":false,"footnotes":""},"class_list":["post-12540","page","type-page","status-publish","has-post-thumbnail","hentry"],"acf":[],"yoast_head":"<!-- This site is optimized with the Yoast SEO Premium plugin v26.0 (Yoast SEO v26.0) - https:\/\/yoast.com\/wordpress\/plugins\/seo\/ -->\n<title>Abogado de lesiones cerebrales en Solana Beach | West Coast Trial Lawyers<\/title>\n<meta name=\"robots\" content=\"index, follow, max-snippet:-1, max-image-preview:large, max-video-preview:-1\" \/>\n<link rel=\"canonical\" href=\"https:\/\/westcoasttriallawyers.com\/es\/california\/solana-beach\/abogado-de-lesiones-cerebrales-en-solana-beach\" \/>\n<meta property=\"og:locale\" content=\"es_ES\" \/>\n<meta property=\"og:type\" content=\"article\" \/>\n<meta property=\"og:title\" content=\"Abogado de lesiones cerebrales en Solana Beach\" \/>\n<meta property=\"og:description\" content=\"\u00bfVolver al trabajo despu\u00e9s de recuperarse de una lesi\u00f3n cerebral? Estos son algunos consejos \u00fatiles para comenzar con una nota positiva Las v\u00edctimas de una lesi\u00f3n cerebral grave deben recibir tratamiento m\u00e9dico lo antes posible. Solana Beach tiene dos hospitales disponibles para que los pacientes se registren, que son Scripps Coastal Medical Center y Scripps [&hellip;]\" \/>\n<meta property=\"og:url\" content=\"https:\/\/westcoasttriallawyers.com\/es\/california\/solana-beach\/abogado-de-lesiones-cerebrales-en-solana-beach\" \/>\n<meta property=\"og:site_name\" content=\"West Coast Trial Lawyers\" \/>\n<meta property=\"article:publisher\" content=\"https:\/\/www.facebook.com\/westcoasttriallawyers\/\" \/>\n<meta property=\"article:modified_time\" content=\"2026-01-22T15:16:39+00:00\" \/>\n<meta property=\"og:image\" content=\"https:\/\/westcoasttriallawyers.com\/wp-content\/uploads\/2025\/07\/Solana-Beach-27.webp\" \/>\n\t<meta property=\"og:image:width\" content=\"557\" \/>\n\t<meta property=\"og:image:height\" content=\"327\" \/>\n\t<meta property=\"og:image:type\" content=\"image\/webp\" \/>\n<meta name=\"twitter:card\" content=\"summary_large_image\" \/>\n<meta name=\"twitter:site\" content=\"@WestCoastTrial\" \/>\n<meta name=\"twitter:label1\" content=\"Tiempo de lectura\" \/>\n\t<meta name=\"twitter:data1\" content=\"5 minutos\" \/>\n<script type=\"application\/ld+json\" class=\"yoast-schema-graph\">{\"@context\":\"https:\/\/schema.org\",\"@graph\":[{\"@type\":[\"WebPage\",\"ItemPage\"],\"@id\":\"https:\/\/westcoasttriallawyers.com\/es\/california\/solana-beach\/abogado-de-lesiones-cerebrales-en-solana-beach\",\"url\":\"https:\/\/westcoasttriallawyers.com\/es\/california\/solana-beach\/abogado-de-lesiones-cerebrales-en-solana-beach\",\"name\":\"Abogado de lesiones cerebrales en Solana Beach | West Coast Trial Lawyers\",\"isPartOf\":{\"@id\":\"https:\/\/westcoasttriallawyers.com\/es#website\"},\"primaryImageOfPage\":{\"@id\":\"https:\/\/westcoasttriallawyers.com\/es\/california\/solana-beach\/abogado-de-lesiones-cerebrales-en-solana-beach#primaryimage\"},\"image\":{\"@id\":\"https:\/\/westcoasttriallawyers.com\/es\/california\/solana-beach\/abogado-de-lesiones-cerebrales-en-solana-beach#primaryimage\"},\"thumbnailUrl\":\"https:\/\/westcoasttriallawyers.com\/wp-content\/uploads\/2025\/07\/Solana-Beach-27.webp\",\"datePublished\":\"2026-01-14T17:04:48+00:00\",\"dateModified\":\"2026-01-22T15:16:39+00:00\",\"breadcrumb\":{\"@id\":\"https:\/\/westcoasttriallawyers.com\/es\/california\/solana-beach\/abogado-de-lesiones-cerebrales-en-solana-beach#breadcrumb\"},\"inLanguage\":\"es\",\"potentialAction\":[{\"@type\":\"ReadAction\",\"target\":[\"https:\/\/westcoasttriallawyers.com\/es\/california\/solana-beach\/abogado-de-lesiones-cerebrales-en-solana-beach\"]}]},{\"@type\":\"ImageObject\",\"inLanguage\":\"es\",\"@id\":\"https:\/\/westcoasttriallawyers.com\/es\/california\/solana-beach\/abogado-de-lesiones-cerebrales-en-solana-beach#primaryimage\",\"url\":\"https:\/\/westcoasttriallawyers.com\/wp-content\/uploads\/2025\/07\/Solana-Beach-27.webp\",\"contentUrl\":\"https:\/\/westcoasttriallawyers.com\/wp-content\/uploads\/2025\/07\/Solana-Beach-27.webp\",\"width\":557,\"height\":327},{\"@type\":\"BreadcrumbList\",\"@id\":\"https:\/\/westcoasttriallawyers.com\/es\/california\/solana-beach\/abogado-de-lesiones-cerebrales-en-solana-beach#breadcrumb\",\"itemListElement\":[{\"@type\":\"ListItem\",\"position\":1,\"name\":\"Inicio\",\"item\":\"https:\/\/westcoasttriallawyers.com\/es\"},{\"@type\":\"ListItem\",\"position\":2,\"name\":\"California\",\"item\":\"https:\/\/westcoasttriallawyers.com\/es\/california\"},{\"@type\":\"ListItem\",\"position\":3,\"name\":\"Solana Beach\",\"item\":\"https:\/\/westcoasttriallawyers.com\/es\/california\/solana-beach\"},{\"@type\":\"ListItem\",\"position\":4,\"name\":\"Abogado de lesiones cerebrales en Solana Beach\"}]},{\"@type\":\"WebSite\",\"@id\":\"https:\/\/westcoasttriallawyers.com\/es#website\",\"url\":\"https:\/\/westcoasttriallawyers.com\/es\",\"name\":\"West Coast Trial Lawyers\",\"description\":\"West Coast Trial Lawyers\",\"publisher\":{\"@id\":\"https:\/\/westcoasttriallawyers.com\/es#organization\"},\"alternateName\":\"WCTL\",\"potentialAction\":[{\"@type\":\"SearchAction\",\"target\":{\"@type\":\"EntryPoint\",\"urlTemplate\":\"https:\/\/westcoasttriallawyers.com\/es?s={search_term_string}\"},\"query-input\":{\"@type\":\"PropertyValueSpecification\",\"valueRequired\":true,\"valueName\":\"search_term_string\"}}],\"inLanguage\":\"es\"},{\"@type\":\"Organization\",\"@id\":\"https:\/\/westcoasttriallawyers.com\/es#organization\",\"name\":\"West Coast Trial Lawyers\",\"alternateName\":\"WCTL\",\"url\":\"https:\/\/westcoasttriallawyers.com\/es\",\"logo\":{\"@type\":\"ImageObject\",\"inLanguage\":\"es\",\"@id\":\"https:\/\/westcoasttriallawyers.com\/es#\/schema\/logo\/image\/\",\"url\":\"https:\/\/westcoasttriallawyers.com\/wp-content\/uploads\/2026\/02\/WCTL-Logo.jpg\",\"contentUrl\":\"https:\/\/westcoasttriallawyers.com\/wp-content\/uploads\/2026\/02\/WCTL-Logo.jpg\",\"width\":696,\"height\":696,\"caption\":\"West Coast Trial Lawyers\"},\"image\":{\"@id\":\"https:\/\/westcoasttriallawyers.com\/es#\/schema\/logo\/image\/\"},\"sameAs\":[\"https:\/\/www.facebook.com\/westcoasttriallawyers\/\",\"https:\/\/x.com\/WestCoastTrial\",\"https:\/\/www.linkedin.com\/company\/west-coast-trial-lawyers\/\",\"https:\/\/www.instagram.com\/westcoasttriallawyers\/\",\"https:\/\/www.yelp.com\/biz\/west-coast-trial-lawyers-los-angeles-2\",\"https:\/\/www.pinterest.com\/westcoasttrial\/\",\"https:\/\/www.youtube.com\/westcoasttriallawyersla\/\",\"https:\/\/www.tiktok.com\/westcoasttriallawyers\"],\"description\":\"West Coast Trial Lawyers is a top-rated personal injury law firm with a goal to provide expert legal representation to those in need. The law firm has offices across California, Nevada, Arizona, and Washington.\",\"legalName\":\"West Coast Trial Lawyers\"}]}<\/script>\n<!-- \/ Yoast SEO Premium plugin. -->","yoast_head_json":{"title":"Abogado de lesiones cerebrales en Solana Beach | West Coast Trial Lawyers","robots":{"index":"index","follow":"follow","max-snippet":"max-snippet:-1","max-image-preview":"max-image-preview:large","max-video-preview":"max-video-preview:-1"},"canonical":"https:\/\/westcoasttriallawyers.com\/es\/california\/solana-beach\/abogado-de-lesiones-cerebrales-en-solana-beach","og_locale":"es_ES","og_type":"article","og_title":"Abogado de lesiones cerebrales en Solana Beach","og_description":"\u00bfVolver al trabajo despu\u00e9s de recuperarse de una lesi\u00f3n cerebral? Estos son algunos consejos \u00fatiles para comenzar con una nota positiva Las v\u00edctimas de una lesi\u00f3n cerebral grave deben recibir tratamiento m\u00e9dico lo antes posible. Solana Beach tiene dos hospitales disponibles para que los pacientes se registren, que son Scripps Coastal Medical Center y Scripps [&hellip;]","og_url":"https:\/\/westcoasttriallawyers.com\/es\/california\/solana-beach\/abogado-de-lesiones-cerebrales-en-solana-beach","og_site_name":"West Coast Trial Lawyers","article_publisher":"https:\/\/www.facebook.com\/westcoasttriallawyers\/","article_modified_time":"2026-01-22T15:16:39+00:00","og_image":[{"width":557,"height":327,"url":"https:\/\/westcoasttriallawyers.com\/wp-content\/uploads\/2025\/07\/Solana-Beach-27.webp","type":"image\/webp"}],"twitter_card":"summary_large_image","twitter_site":"@WestCoastTrial","twitter_misc":{"Tiempo de lectura":"5 minutos"},"schema":{"@context":"https:\/\/schema.org","@graph":[{"@type":["WebPage","ItemPage"],"@id":"https:\/\/westcoasttriallawyers.com\/es\/california\/solana-beach\/abogado-de-lesiones-cerebrales-en-solana-beach","url":"https:\/\/westcoasttriallawyers.com\/es\/california\/solana-beach\/abogado-de-lesiones-cerebrales-en-solana-beach","name":"Abogado de lesiones cerebrales en Solana Beach | West Coast Trial Lawyers","isPartOf":{"@id":"https:\/\/westcoasttriallawyers.com\/es#website"},"primaryImageOfPage":{"@id":"https:\/\/westcoasttriallawyers.com\/es\/california\/solana-beach\/abogado-de-lesiones-cerebrales-en-solana-beach#primaryimage"},"image":{"@id":"https:\/\/westcoasttriallawyers.com\/es\/california\/solana-beach\/abogado-de-lesiones-cerebrales-en-solana-beach#primaryimage"},"thumbnailUrl":"https:\/\/westcoasttriallawyers.com\/wp-content\/uploads\/2025\/07\/Solana-Beach-27.webp","datePublished":"2026-01-14T17:04:48+00:00","dateModified":"2026-01-22T15:16:39+00:00","breadcrumb":{"@id":"https:\/\/westcoasttriallawyers.com\/es\/california\/solana-beach\/abogado-de-lesiones-cerebrales-en-solana-beach#breadcrumb"},"inLanguage":"es","potentialAction":[{"@type":"ReadAction","target":["https:\/\/westcoasttriallawyers.com\/es\/california\/solana-beach\/abogado-de-lesiones-cerebrales-en-solana-beach"]}]},{"@type":"ImageObject","inLanguage":"es","@id":"https:\/\/westcoasttriallawyers.com\/es\/california\/solana-beach\/abogado-de-lesiones-cerebrales-en-solana-beach#primaryimage","url":"https:\/\/westcoasttriallawyers.com\/wp-content\/uploads\/2025\/07\/Solana-Beach-27.webp","contentUrl":"https:\/\/westcoasttriallawyers.com\/wp-content\/uploads\/2025\/07\/Solana-Beach-27.webp","width":557,"height":327},{"@type":"BreadcrumbList","@id":"https:\/\/westcoasttriallawyers.com\/es\/california\/solana-beach\/abogado-de-lesiones-cerebrales-en-solana-beach#breadcrumb","itemListElement":[{"@type":"ListItem","position":1,"name":"Inicio","item":"https:\/\/westcoasttriallawyers.com\/es"},{"@type":"ListItem","position":2,"name":"California","item":"https:\/\/westcoasttriallawyers.com\/es\/california"},{"@type":"ListItem","position":3,"name":"Solana Beach","item":"https:\/\/westcoasttriallawyers.com\/es\/california\/solana-beach"},{"@type":"ListItem","position":4,"name":"Abogado de lesiones cerebrales en Solana Beach"}]},{"@type":"WebSite","@id":"https:\/\/westcoasttriallawyers.com\/es#website","url":"https:\/\/westcoasttriallawyers.com\/es","name":"West Coast Trial Lawyers","description":"West Coast Trial Lawyers","publisher":{"@id":"https:\/\/westcoasttriallawyers.com\/es#organization"},"alternateName":"WCTL","potentialAction":[{"@type":"SearchAction","target":{"@type":"EntryPoint","urlTemplate":"https:\/\/westcoasttriallawyers.com\/es?s={search_term_string}"},"query-input":{"@type":"PropertyValueSpecification","valueRequired":true,"valueName":"search_term_string"}}],"inLanguage":"es"},{"@type":"Organization","@id":"https:\/\/westcoasttriallawyers.com\/es#organization","name":"West Coast Trial Lawyers","alternateName":"WCTL","url":"https:\/\/westcoasttriallawyers.com\/es","logo":{"@type":"ImageObject","inLanguage":"es","@id":"https:\/\/westcoasttriallawyers.com\/es#\/schema\/logo\/image\/","url":"https:\/\/westcoasttriallawyers.com\/wp-content\/uploads\/2026\/02\/WCTL-Logo.jpg","contentUrl":"https:\/\/westcoasttriallawyers.com\/wp-content\/uploads\/2026\/02\/WCTL-Logo.jpg","width":696,"height":696,"caption":"West Coast Trial Lawyers"},"image":{"@id":"https:\/\/westcoasttriallawyers.com\/es#\/schema\/logo\/image\/"},"sameAs":["https:\/\/www.facebook.com\/westcoasttriallawyers\/","https:\/\/x.com\/WestCoastTrial","https:\/\/www.linkedin.com\/company\/west-coast-trial-lawyers\/","https:\/\/www.instagram.com\/westcoasttriallawyers\/","https:\/\/www.yelp.com\/biz\/west-coast-trial-lawyers-los-angeles-2","https:\/\/www.pinterest.com\/westcoasttrial\/","https:\/\/www.youtube.com\/westcoasttriallawyersla\/","https:\/\/www.tiktok.com\/westcoasttriallawyers"],"description":"West Coast Trial Lawyers is a top-rated personal injury law firm with a goal to provide expert legal representation to those in need. The law firm has offices across California, Nevada, Arizona, and Washington.","legalName":"West Coast Trial Lawyers"}]}},"_links":{"self":[{"href":"https:\/\/westcoasttriallawyers.com\/es\/wp-json\/wp\/v2\/pages\/12540","targetHints":{"allow":["GET"]}}],"collection":[{"href":"https:\/\/westcoasttriallawyers.com\/es\/wp-json\/wp\/v2\/pages"}],"about":[{"href":"https:\/\/westcoasttriallawyers.com\/es\/wp-json\/wp\/v2\/types\/page"}],"author":[{"embeddable":true,"href":"https:\/\/westcoasttriallawyers.com\/es\/wp-json\/wp\/v2\/users\/475"}],"replies":[{"embeddable":true,"href":"https:\/\/westcoasttriallawyers.com\/es\/wp-json\/wp\/v2\/comments?post=12540"}],"version-history":[{"count":3,"href":"https:\/\/westcoasttriallawyers.com\/es\/wp-json\/wp\/v2\/pages\/12540\/revisions"}],"predecessor-version":[{"id":48002,"href":"https:\/\/westcoasttriallawyers.com\/es\/wp-json\/wp\/v2\/pages\/12540\/revisions\/48002"}],"up":[{"embeddable":true,"href":"https:\/\/westcoasttriallawyers.com\/es\/wp-json\/wp\/v2\/pages\/47427"}],"wp:featuredmedia":[{"embeddable":true,"href":"https:\/\/westcoasttriallawyers.com\/es\/wp-json\/wp\/v2\/media\/46478"}],"wp:attachment":[{"href":"https:\/\/westcoasttriallawyers.com\/es\/wp-json\/wp\/v2\/media?parent=12540"}],"curies":[{"name":"wp","href":"https:\/\/api.w.org\/{rel}","templated":true}]}}