{"id":12537,"date":"2026-01-14T17:04:36","date_gmt":"2026-01-14T17:04:36","guid":{"rendered":"https:\/\/wctl1stg.wpengine.com\/?page_id=12537"},"modified":"2026-01-26T13:53:44","modified_gmt":"2026-01-26T13:53:44","slug":"abogados-accidentes-entrega-comida-solana-beach","status":"publish","type":"page","link":"https:\/\/westcoasttriallawyers.com\/es\/california\/solana-beach\/abogados-accidentes-entrega-comida-solana-beach","title":{"rendered":"Abogado de accidente de entrega de alimentos de Solana Beach"},"content":{"rendered":"<h2><strong>Problemas comunes del servicio de entrega de alimentos informados en Solana Beach<\/strong><\/h2>\n<p>Las empresas populares, como Postmates y UberEats, brindan servicios de entrega de alimentos para que pedir comida sea una experiencia m\u00e1s conveniente. Las empresas de entrega de alimentos en su mayor\u00eda han recibido comentarios positivos sobre la idea de que un conductor de entrega recoja el pedido de un cliente en lugar de que el cliente lo haga por s\u00ed mismo. En lugar de llamar para hacer una solicitud, hay una aplicaci\u00f3n disponible para que los clientes accedan. Una vez que el cliente haya completado su solicitud, se le dar\u00e1 un tiempo estimado para la entrega. Esta es una caracter\u00edstica \u00fatil para el cliente, sin embargo, podr\u00eda ser estresante para el conductor.<\/p>\n<p>Se espera que los conductores de entrega de alimentos cumplan con el per\u00edodo de tiempo estimado que se indica en la aplicaci\u00f3n. Si no lo hacen, lo m\u00e1s probable es que reciban una mala cr\u00edtica del cliente. Como consecuencia, la reputaci\u00f3n de la empresa de alimentos se ver\u00e1 empeorada si los conductores suelen llegar tarde a dejar los pedidos. Adem\u00e1s, estos conductores pueden ser despedidos si no cumplen con el plazo de cada pedido. Para evitar que esto suceda, muchos repartidores de comida realizan acciones negligentes en la carretera.<\/p>\n<p>Aquellos que est\u00e1n estresados \u200b\u200bo bajo presi\u00f3n para cumplir con la fecha l\u00edmite de entrega de un pedido probablemente desobedecen las reglas de tr\u00e1nsito al:<\/p>\n<ol>\n<li>Exceder el l\u00edmite de velocidad.<\/li>\n<li>Ignorando las se\u00f1ales de la calle.<\/li>\n<li>Hacer cambios de carril inadecuados.<\/li>\n<li>No ceder el paso a quienes se les otorga el derecho de paso.<\/li>\n<li>Revisando su tel\u00e9fono constantemente para ver cu\u00e1nto tiempo queda.<\/li>\n<\/ol>\n<p>Todo esto es peligroso de hacer en la carretera. El conductor no solo est\u00e1 arriesgando su propia vida, sino tambi\u00e9n la vida de otros conductores y peatones.<\/p>\n<p>Si fue v\u00edctima de un accidente de entrega de alimentos y desea contratar a un abogado para que lo ayude a presentar una demanda, West Coast Trial Lawyers tiene abogados de entrega de alimentos en Solana Beach con m\u00e1s de 60 a\u00f1os de amplia experiencia en el manejo de casos de lesiones personales. Nuestro equipo gan\u00f3 m\u00e1s de 5000 casos y adquiri\u00f3 m\u00e1s de mil millones de d\u00f3lares en acuerdos y sentencias para clientes.<\/p>\n<p>Nuestros servicios no vienen con ning\u00fan riesgo financiero. No se le cobrar\u00e1n honorarios hasta que su caso haya sido resuelto. Para programar una consulta gratuita y sin compromiso en nuestro bufete de abogados de lesiones personales de Solana Beach, comun\u00edquese con nuestro equipo legal las 24 horas, los 7 d\u00edas de la semana llamando al 213-927-3700 o enviando un correo electr\u00f3nico a\u00a0<a href=\"mailto:info@westcoasttriallawyers.com\">info@westcoasttriallawyers.com<\/a>.<\/p>\n<h2><strong>Problemas comunes con los servicios de entrega de alimentos<\/strong><\/h2>\n<p>La principal prioridad que tienen casi todos los restaurantes es la seguridad alimentaria. Esto es especialmente importante si el restaurante ofrece servicios de entrega. Los repartidores son responsables de mantener la temperatura casi al mismo nivel que deber\u00eda estar la comida. Un ejemplo podr\u00eda ser la sopa. Tiene que estar tibio para que el cliente lo consuma con satisfacci\u00f3n. Si el repartidor no hubiera tenido en cuenta el problema de la temperatura, lo m\u00e1s probable es que le hubiera entregado una sopa fr\u00eda al cliente, lo que lo convertir\u00eda en un mal servicio de entrega de alimentos. La temperatura puede afectar efectivamente la calidad de los alimentos en la medida en que puede deteriorarse. Esto puede ser peligroso debido al hecho de que har\u00e1 que la comida se eche a perder o se pudra. Cualquiera que coma alimentos podridos probablemente se enfermar\u00e1 y sufrir\u00e1 una intoxicaci\u00f3n alimentaria.<\/p>\n<p>Si un conductor de entrega de alimentos mostr\u00f3 actos de descuido por el cuidado inadecuado de los alimentos, podr\u00eda ser dif\u00edcil mostrar pruebas de este comportamiento. La comida pasa por un largo proceso antes de ser entregada a un cliente. Esto hace que sea dif\u00edcil para el cliente determinar qu\u00e9 caus\u00f3 que la comida saliera de esta manera. Ahora, con las empresas de entrega de alimentos de terceros, como Postmates y UberEats, se ha vuelto a\u00fan m\u00e1s complicado averiguar qui\u00e9n es responsable de este tipo de problemas.<\/p>\n<h2><strong>Manipulaci\u00f3n de alimentos<\/strong><\/h2>\n<p>Desafortunadamente, se han reportado varios casos de manipulaci\u00f3n de alimentos en los Estados Unidos en los \u00faltimos a\u00f1os que involucran a conductores de entrega de alimentos. Seg\u00fan una encuesta del 2019 realizada por US Foods, alrededor del 54% de los repartidores de comida se sienten tentados por el olor de la comida de un cliente, mientras que el 30 % cede a la tentaci\u00f3n y come la comida. Estas acciones son moralmente incorrectas y pueden representar un riesgo para la salud de los clientes. Para evitar que esto suceda, las empresas de entrega de alimentos, como UberEats, Postmates y DoorDash, han alentado a los restaurantes a colocar los pedidos de los clientes en envases resistentes a la manipulaci\u00f3n.<\/p>\n<p>Los conductores de entrega de alimentos que elijan infringir la ley de California enfrentar\u00e1n consecuencias, que son de 2 a 5 a\u00f1os en la c\u00e1rcel. Esta pena de prisi\u00f3n es un castigo adecuado para un conductor que comete un delito grave. Si se coloca alguna sustancia en la comida o bebida que cause lesiones f\u00edsicas o la muerte del cliente, entonces se agregar\u00e1n 3 a\u00f1os m\u00e1s a la sentencia del repartidor.<\/p>\n<h2><strong>Cont\u00e1ctenos<\/strong><\/h2>\n<p>Si usted o un ser querido estuvieron involucrados en un accidente de entrega de alimentos, West Coast Trial Lawyers cuenta con abogados expertos en accidentes de entrega de alimentos que tienen una amplia experiencia en el manejo de casos de lesiones personales. Nuestros abogados lo ayudar\u00e1n a recuperar la compensaci\u00f3n financiera y emocional por las p\u00e9rdidas que ha sufrido, incluidas las facturas m\u00e9dicas, la angustia emocional, los da\u00f1os a la propiedad, los salarios perdidos y el dolor y el sufrimiento.<\/p>\n<p>Ofrecemos una consulta gratuita en nuestro bufete de abogados de lesiones personales de Solana Beach. Comun\u00edquese con nosotros llamando al 213-927-3700 o enviando un correo electr\u00f3nico a\u00a0<a href=\"mailto:info@westcoasttriallawyers.com\">info@westcoasttriallawyers.com<\/a>.<\/p>\n<p><img src=\"\/wp-content\/uploads\/2022\/08\/Solana-Beach-Food-Delivery-410x1024.jpg\" sizes=\"(max-width: 410px) 100vw, 410px\" srcset=\"\/wp-content\/uploads\/2022\/08\/Solana-Beach-Food-Delivery-410x1024.jpg 410w, \/wp-content\/uploads\/2022\/08\/Solana-Beach-Food-Delivery-120x300.jpg 120w, \/wp-content\/uploads\/2022\/08\/Solana-Beach-Food-Delivery-768x1920.jpg 768w, \/wp-content\/uploads\/2022\/08\/Solana-Beach-Food-Delivery-300x750.jpg 300w, \/wp-content\/uploads\/2022\/08\/Solana-Beach-Food-Delivery.jpg 800w\" alt=\"\" width=\"410\" height=\"1024\" \/><\/p>\n<p>Desafortunadamente, en los \u00faltimos a\u00f1os se han registrado <a href=\"https:\/\/minnesota.cbslocal.com\/2019\/11\/25\/undercover-investigation-shows-some-delivery-drivers-tampering-with-food\/\"><b>varios casos<\/b><\/a> de manipulaci\u00f3n de alimentos en Estados Unidos en los que han estado implicados repartidores de comida. Seg\u00fan una <a href=\"https:\/\/www.npr.org\/2019\/07\/30\/ 746600105\/1-in-4-food-delivery-drivers-admit-to-eating-your-food\"><b>encuesta de 2019<\/b><\/a> realizada por US Foods, alrededor del 54 % de los repartidores de comida se sienten tentados por el olor de la comida de los clientes, mientras que el 30 % cede a la tentaci\u00f3n y se la come. Estas acciones son moralmente incorrectas y pueden suponer un riesgo para la salud de los clientes. Para evitar que esto suceda, las empresas de reparto de comida a domicilio, como UberEats, Postmates y DoorDash, han animado a los restaurantes a colocar los pedidos de los clientes en envases a prueba de manipulaciones.<br \/>\nLos repartidores de comida que decidan infringir <a href=\"https:\/\/codes.findlaw.com\/ca\/penal-code\/pen-sect-347.html\"><b>la ley de California<\/b><\/a> se enfrentar\u00e1n a consecuencias, que pueden ser de 2 a 5 a\u00f1os de c\u00e1rcel. Esta pena de prisi\u00f3n es un castigo adecuado para un conductor que comete un delito grave. Si se a\u00f1aden sustancias a la comida o bebida que causan lesiones f\u00edsicas o la muerte al cliente, se a\u00f1adir\u00e1n 3 a\u00f1os m\u00e1s a la condena del repartidor.<\/p>\n<p><b>Cont\u00e1ctenos<\/b><\/p>\n<p>Si usted o un ser querido se han visto involucrados en un accidente de reparto de comida, <a href=\"\/\"><b>West Coast Trial Lawyers<\/b><\/a> cuenta con abogados especializados en accidentes de reparto de comida con amplia experiencia en la gesti\u00f3n de casos de lesiones personales. Nuestros abogados le ayudar\u00e1n a obtener una compensaci\u00f3n econ\u00f3mica y emocional por las p\u00e9rdidas que haya sufrido, incluyendo <a href=\"https:\/\/westcoasttriallawyers.com\/es\/practice-areas\/abogado-de-accidentes-de-carro\/medical-bills\"><b>facturas m\u00e9dicas<\/b><\/a>, <a href=\"\/emotional-distress\/\"><b>angustia emocional<\/b><\/a>, da\u00f1os a la propiedad, <a href=\"https:\/\/westcoasttriallawyers.com\/es\/practice-areas\/abogado-de-accidentes-de-carro\/lost-wages\">salarios perdidos<\/a> y dolor y sufrimiento.<\/p>\n<p>Ofrecemos una consulta gratuita en nuestro <b>bufete de abogados especializado en lesiones personales de Solana Beach.<\/b> P\u00f3ngase en contacto con nosotros llamando al <b>(858) 283-5917<\/b> o enviando un correo electr\u00f3nico a <b>info@westcoasttriallawyers.com.<\/b><br \/>\n<!-- WCTL_DEBUG: no shortcode in this_content --><\/p>\n","protected":false},"excerpt":{"rendered":"<p>Problemas comunes del servicio de entrega de alimentos informados en Solana Beach Las empresas populares, como Postmates y UberEats, brindan servicios de entrega de alimentos para que pedir comida sea una experiencia m\u00e1s conveniente. Las empresas de entrega de alimentos en su mayor\u00eda han recibido comentarios positivos sobre la idea de que un conductor de [&hellip;]<\/p>\n","protected":false},"author":475,"featured_media":46418,"parent":47427,"menu_order":0,"comment_status":"closed","ping_status":"closed","template":"","meta":{"inline_featured_image":false,"footnotes":""},"class_list":["post-12537","page","type-page","status-publish","has-post-thumbnail","hentry"],"acf":[],"yoast_head":"<!-- This site is optimized with the Yoast SEO Premium plugin v26.0 (Yoast SEO v26.0) - https:\/\/yoast.com\/wordpress\/plugins\/seo\/ -->\n<title>Abogado de accidente de entrega de alimentos de Solana Beach | West Coast Trial Lawyers<\/title>\n<meta name=\"robots\" content=\"index, follow, max-snippet:-1, max-image-preview:large, max-video-preview:-1\" \/>\n<link rel=\"canonical\" href=\"https:\/\/westcoasttriallawyers.com\/es\/california\/solana-beach\/abogados-accidentes-entrega-comida-solana-beach\" \/>\n<meta property=\"og:locale\" content=\"es_ES\" \/>\n<meta property=\"og:type\" content=\"article\" \/>\n<meta property=\"og:title\" content=\"Abogado de accidente de entrega de alimentos de Solana Beach\" \/>\n<meta property=\"og:description\" content=\"Problemas comunes del servicio de entrega de alimentos informados en Solana Beach Las empresas populares, como Postmates y UberEats, brindan servicios de entrega de alimentos para que pedir comida sea una experiencia m\u00e1s conveniente. Las empresas de entrega de alimentos en su mayor\u00eda han recibido comentarios positivos sobre la idea de que un conductor de [&hellip;]\" \/>\n<meta property=\"og:url\" content=\"https:\/\/westcoasttriallawyers.com\/es\/california\/solana-beach\/abogados-accidentes-entrega-comida-solana-beach\" \/>\n<meta property=\"og:site_name\" content=\"West Coast Trial Lawyers\" \/>\n<meta property=\"article:publisher\" content=\"https:\/\/www.facebook.com\/westcoasttriallawyers\/\" \/>\n<meta property=\"article:modified_time\" content=\"2026-01-26T13:53:44+00:00\" \/>\n<meta property=\"og:image\" content=\"https:\/\/westcoasttriallawyers.com\/wp-content\/uploads\/2025\/07\/Solana-Beach-3.webp\" \/>\n\t<meta property=\"og:image:width\" content=\"557\" \/>\n\t<meta property=\"og:image:height\" content=\"327\" \/>\n\t<meta property=\"og:image:type\" content=\"image\/webp\" \/>\n<meta name=\"twitter:card\" content=\"summary_large_image\" \/>\n<meta name=\"twitter:site\" content=\"@WestCoastTrial\" \/>\n<meta name=\"twitter:label1\" content=\"Tiempo de lectura\" \/>\n\t<meta name=\"twitter:data1\" content=\"6 minutos\" \/>\n<script type=\"application\/ld+json\" class=\"yoast-schema-graph\">{\"@context\":\"https:\/\/schema.org\",\"@graph\":[{\"@type\":[\"WebPage\",\"ItemPage\"],\"@id\":\"https:\/\/westcoasttriallawyers.com\/es\/california\/solana-beach\/abogados-accidentes-entrega-comida-solana-beach\",\"url\":\"https:\/\/westcoasttriallawyers.com\/es\/california\/solana-beach\/abogados-accidentes-entrega-comida-solana-beach\",\"name\":\"Abogado de accidente de entrega de alimentos de Solana Beach | West Coast Trial Lawyers\",\"isPartOf\":{\"@id\":\"https:\/\/westcoasttriallawyers.com\/es#website\"},\"primaryImageOfPage\":{\"@id\":\"https:\/\/westcoasttriallawyers.com\/es\/california\/solana-beach\/abogados-accidentes-entrega-comida-solana-beach#primaryimage\"},\"image\":{\"@id\":\"https:\/\/westcoasttriallawyers.com\/es\/california\/solana-beach\/abogados-accidentes-entrega-comida-solana-beach#primaryimage\"},\"thumbnailUrl\":\"https:\/\/westcoasttriallawyers.com\/wp-content\/uploads\/2025\/07\/Solana-Beach-3.webp\",\"datePublished\":\"2026-01-14T17:04:36+00:00\",\"dateModified\":\"2026-01-26T13:53:44+00:00\",\"breadcrumb\":{\"@id\":\"https:\/\/westcoasttriallawyers.com\/es\/california\/solana-beach\/abogados-accidentes-entrega-comida-solana-beach#breadcrumb\"},\"inLanguage\":\"es\",\"potentialAction\":[{\"@type\":\"ReadAction\",\"target\":[\"https:\/\/westcoasttriallawyers.com\/es\/california\/solana-beach\/abogados-accidentes-entrega-comida-solana-beach\"]}]},{\"@type\":\"ImageObject\",\"inLanguage\":\"es\",\"@id\":\"https:\/\/westcoasttriallawyers.com\/es\/california\/solana-beach\/abogados-accidentes-entrega-comida-solana-beach#primaryimage\",\"url\":\"https:\/\/westcoasttriallawyers.com\/wp-content\/uploads\/2025\/07\/Solana-Beach-3.webp\",\"contentUrl\":\"https:\/\/westcoasttriallawyers.com\/wp-content\/uploads\/2025\/07\/Solana-Beach-3.webp\",\"width\":557,\"height\":327},{\"@type\":\"BreadcrumbList\",\"@id\":\"https:\/\/westcoasttriallawyers.com\/es\/california\/solana-beach\/abogados-accidentes-entrega-comida-solana-beach#breadcrumb\",\"itemListElement\":[{\"@type\":\"ListItem\",\"position\":1,\"name\":\"Inicio\",\"item\":\"https:\/\/westcoasttriallawyers.com\/es\"},{\"@type\":\"ListItem\",\"position\":2,\"name\":\"California\",\"item\":\"https:\/\/westcoasttriallawyers.com\/es\/california\"},{\"@type\":\"ListItem\",\"position\":3,\"name\":\"Solana Beach\",\"item\":\"https:\/\/westcoasttriallawyers.com\/es\/california\/solana-beach\"},{\"@type\":\"ListItem\",\"position\":4,\"name\":\"Abogado de accidente de entrega de alimentos de Solana Beach\"}]},{\"@type\":\"WebSite\",\"@id\":\"https:\/\/westcoasttriallawyers.com\/es#website\",\"url\":\"https:\/\/westcoasttriallawyers.com\/es\",\"name\":\"West Coast Trial Lawyers\",\"description\":\"West Coast Trial Lawyers\",\"publisher\":{\"@id\":\"https:\/\/westcoasttriallawyers.com\/es#organization\"},\"alternateName\":\"WCTL\",\"potentialAction\":[{\"@type\":\"SearchAction\",\"target\":{\"@type\":\"EntryPoint\",\"urlTemplate\":\"https:\/\/westcoasttriallawyers.com\/es?s={search_term_string}\"},\"query-input\":{\"@type\":\"PropertyValueSpecification\",\"valueRequired\":true,\"valueName\":\"search_term_string\"}}],\"inLanguage\":\"es\"},{\"@type\":\"Organization\",\"@id\":\"https:\/\/westcoasttriallawyers.com\/es#organization\",\"name\":\"West Coast Trial Lawyers\",\"alternateName\":\"WCTL\",\"url\":\"https:\/\/westcoasttriallawyers.com\/es\",\"logo\":{\"@type\":\"ImageObject\",\"inLanguage\":\"es\",\"@id\":\"https:\/\/westcoasttriallawyers.com\/es#\/schema\/logo\/image\/\",\"url\":\"https:\/\/westcoasttriallawyers.com\/wp-content\/uploads\/2026\/02\/WCTL-Logo.jpg\",\"contentUrl\":\"https:\/\/westcoasttriallawyers.com\/wp-content\/uploads\/2026\/02\/WCTL-Logo.jpg\",\"width\":696,\"height\":696,\"caption\":\"West Coast Trial Lawyers\"},\"image\":{\"@id\":\"https:\/\/westcoasttriallawyers.com\/es#\/schema\/logo\/image\/\"},\"sameAs\":[\"https:\/\/www.facebook.com\/westcoasttriallawyers\/\",\"https:\/\/x.com\/WestCoastTrial\",\"https:\/\/www.linkedin.com\/company\/west-coast-trial-lawyers\/\",\"https:\/\/www.instagram.com\/westcoasttriallawyers\/\",\"https:\/\/www.yelp.com\/biz\/west-coast-trial-lawyers-los-angeles-2\",\"https:\/\/www.pinterest.com\/westcoasttrial\/\",\"https:\/\/www.youtube.com\/westcoasttriallawyersla\/\",\"https:\/\/www.tiktok.com\/westcoasttriallawyers\"],\"description\":\"West Coast Trial Lawyers is a top-rated personal injury law firm with a goal to provide expert legal representation to those in need. The law firm has offices across California, Nevada, Arizona, and Washington.\",\"legalName\":\"West Coast Trial Lawyers\"}]}<\/script>\n<!-- \/ Yoast SEO Premium plugin. -->","yoast_head_json":{"title":"Abogado de accidente de entrega de alimentos de Solana Beach | West Coast Trial Lawyers","robots":{"index":"index","follow":"follow","max-snippet":"max-snippet:-1","max-image-preview":"max-image-preview:large","max-video-preview":"max-video-preview:-1"},"canonical":"https:\/\/westcoasttriallawyers.com\/es\/california\/solana-beach\/abogados-accidentes-entrega-comida-solana-beach","og_locale":"es_ES","og_type":"article","og_title":"Abogado de accidente de entrega de alimentos de Solana Beach","og_description":"Problemas comunes del servicio de entrega de alimentos informados en Solana Beach Las empresas populares, como Postmates y UberEats, brindan servicios de entrega de alimentos para que pedir comida sea una experiencia m\u00e1s conveniente. Las empresas de entrega de alimentos en su mayor\u00eda han recibido comentarios positivos sobre la idea de que un conductor de [&hellip;]","og_url":"https:\/\/westcoasttriallawyers.com\/es\/california\/solana-beach\/abogados-accidentes-entrega-comida-solana-beach","og_site_name":"West Coast Trial Lawyers","article_publisher":"https:\/\/www.facebook.com\/westcoasttriallawyers\/","article_modified_time":"2026-01-26T13:53:44+00:00","og_image":[{"width":557,"height":327,"url":"https:\/\/westcoasttriallawyers.com\/wp-content\/uploads\/2025\/07\/Solana-Beach-3.webp","type":"image\/webp"}],"twitter_card":"summary_large_image","twitter_site":"@WestCoastTrial","twitter_misc":{"Tiempo de lectura":"6 minutos"},"schema":{"@context":"https:\/\/schema.org","@graph":[{"@type":["WebPage","ItemPage"],"@id":"https:\/\/westcoasttriallawyers.com\/es\/california\/solana-beach\/abogados-accidentes-entrega-comida-solana-beach","url":"https:\/\/westcoasttriallawyers.com\/es\/california\/solana-beach\/abogados-accidentes-entrega-comida-solana-beach","name":"Abogado de accidente de entrega de alimentos de Solana Beach | West Coast Trial Lawyers","isPartOf":{"@id":"https:\/\/westcoasttriallawyers.com\/es#website"},"primaryImageOfPage":{"@id":"https:\/\/westcoasttriallawyers.com\/es\/california\/solana-beach\/abogados-accidentes-entrega-comida-solana-beach#primaryimage"},"image":{"@id":"https:\/\/westcoasttriallawyers.com\/es\/california\/solana-beach\/abogados-accidentes-entrega-comida-solana-beach#primaryimage"},"thumbnailUrl":"https:\/\/westcoasttriallawyers.com\/wp-content\/uploads\/2025\/07\/Solana-Beach-3.webp","datePublished":"2026-01-14T17:04:36+00:00","dateModified":"2026-01-26T13:53:44+00:00","breadcrumb":{"@id":"https:\/\/westcoasttriallawyers.com\/es\/california\/solana-beach\/abogados-accidentes-entrega-comida-solana-beach#breadcrumb"},"inLanguage":"es","potentialAction":[{"@type":"ReadAction","target":["https:\/\/westcoasttriallawyers.com\/es\/california\/solana-beach\/abogados-accidentes-entrega-comida-solana-beach"]}]},{"@type":"ImageObject","inLanguage":"es","@id":"https:\/\/westcoasttriallawyers.com\/es\/california\/solana-beach\/abogados-accidentes-entrega-comida-solana-beach#primaryimage","url":"https:\/\/westcoasttriallawyers.com\/wp-content\/uploads\/2025\/07\/Solana-Beach-3.webp","contentUrl":"https:\/\/westcoasttriallawyers.com\/wp-content\/uploads\/2025\/07\/Solana-Beach-3.webp","width":557,"height":327},{"@type":"BreadcrumbList","@id":"https:\/\/westcoasttriallawyers.com\/es\/california\/solana-beach\/abogados-accidentes-entrega-comida-solana-beach#breadcrumb","itemListElement":[{"@type":"ListItem","position":1,"name":"Inicio","item":"https:\/\/westcoasttriallawyers.com\/es"},{"@type":"ListItem","position":2,"name":"California","item":"https:\/\/westcoasttriallawyers.com\/es\/california"},{"@type":"ListItem","position":3,"name":"Solana Beach","item":"https:\/\/westcoasttriallawyers.com\/es\/california\/solana-beach"},{"@type":"ListItem","position":4,"name":"Abogado de accidente de entrega de alimentos de Solana Beach"}]},{"@type":"WebSite","@id":"https:\/\/westcoasttriallawyers.com\/es#website","url":"https:\/\/westcoasttriallawyers.com\/es","name":"West Coast Trial Lawyers","description":"West Coast Trial Lawyers","publisher":{"@id":"https:\/\/westcoasttriallawyers.com\/es#organization"},"alternateName":"WCTL","potentialAction":[{"@type":"SearchAction","target":{"@type":"EntryPoint","urlTemplate":"https:\/\/westcoasttriallawyers.com\/es?s={search_term_string}"},"query-input":{"@type":"PropertyValueSpecification","valueRequired":true,"valueName":"search_term_string"}}],"inLanguage":"es"},{"@type":"Organization","@id":"https:\/\/westcoasttriallawyers.com\/es#organization","name":"West Coast Trial Lawyers","alternateName":"WCTL","url":"https:\/\/westcoasttriallawyers.com\/es","logo":{"@type":"ImageObject","inLanguage":"es","@id":"https:\/\/westcoasttriallawyers.com\/es#\/schema\/logo\/image\/","url":"https:\/\/westcoasttriallawyers.com\/wp-content\/uploads\/2026\/02\/WCTL-Logo.jpg","contentUrl":"https:\/\/westcoasttriallawyers.com\/wp-content\/uploads\/2026\/02\/WCTL-Logo.jpg","width":696,"height":696,"caption":"West Coast Trial Lawyers"},"image":{"@id":"https:\/\/westcoasttriallawyers.com\/es#\/schema\/logo\/image\/"},"sameAs":["https:\/\/www.facebook.com\/westcoasttriallawyers\/","https:\/\/x.com\/WestCoastTrial","https:\/\/www.linkedin.com\/company\/west-coast-trial-lawyers\/","https:\/\/www.instagram.com\/westcoasttriallawyers\/","https:\/\/www.yelp.com\/biz\/west-coast-trial-lawyers-los-angeles-2","https:\/\/www.pinterest.com\/westcoasttrial\/","https:\/\/www.youtube.com\/westcoasttriallawyersla\/","https:\/\/www.tiktok.com\/westcoasttriallawyers"],"description":"West Coast Trial Lawyers is a top-rated personal injury law firm with a goal to provide expert legal representation to those in need. The law firm has offices across California, Nevada, Arizona, and Washington.","legalName":"West Coast Trial Lawyers"}]}},"_links":{"self":[{"href":"https:\/\/westcoasttriallawyers.com\/es\/wp-json\/wp\/v2\/pages\/12537","targetHints":{"allow":["GET"]}}],"collection":[{"href":"https:\/\/westcoasttriallawyers.com\/es\/wp-json\/wp\/v2\/pages"}],"about":[{"href":"https:\/\/westcoasttriallawyers.com\/es\/wp-json\/wp\/v2\/types\/page"}],"author":[{"embeddable":true,"href":"https:\/\/westcoasttriallawyers.com\/es\/wp-json\/wp\/v2\/users\/475"}],"replies":[{"embeddable":true,"href":"https:\/\/westcoasttriallawyers.com\/es\/wp-json\/wp\/v2\/comments?post=12537"}],"version-history":[{"count":6,"href":"https:\/\/westcoasttriallawyers.com\/es\/wp-json\/wp\/v2\/pages\/12537\/revisions"}],"predecessor-version":[{"id":48231,"href":"https:\/\/westcoasttriallawyers.com\/es\/wp-json\/wp\/v2\/pages\/12537\/revisions\/48231"}],"up":[{"embeddable":true,"href":"https:\/\/westcoasttriallawyers.com\/es\/wp-json\/wp\/v2\/pages\/47427"}],"wp:featuredmedia":[{"embeddable":true,"href":"https:\/\/westcoasttriallawyers.com\/es\/wp-json\/wp\/v2\/media\/46418"}],"wp:attachment":[{"href":"https:\/\/westcoasttriallawyers.com\/es\/wp-json\/wp\/v2\/media?parent=12537"}],"curies":[{"name":"wp","href":"https:\/\/api.w.org\/{rel}","templated":true}]}}