{"id":12535,"date":"2026-01-14T17:04:47","date_gmt":"2026-01-14T17:04:47","guid":{"rendered":"https:\/\/wctl1stg.wpengine.com\/?page_id=12535"},"modified":"2026-01-22T15:32:50","modified_gmt":"2026-01-22T15:32:50","slug":"abogado-de-accidentes-de-uber-y-lyft-en-solana-beach","status":"publish","type":"page","link":"https:\/\/westcoasttriallawyers.com\/es\/california\/solana-beach\/abogado-de-accidentes-de-uber-y-lyft-en-solana-beach","title":{"rendered":"Abogado de accidentes de Uber y Lyft en Solana Beach"},"content":{"rendered":"<h2><strong>Pasos que un conductor y pasajero de viaje compartido deber\u00edan considerar hacer despu\u00e9s de un accidente de Uber o Lyft en Solana Beach<\/strong><\/h2>\n<p>Uber y Lyft son servicios de viajes compartidos muy populares que se han convertido en una tendencia en todo California. La gente se ha acostumbrado a la idea de solicitar un conductor para que los lleve a los lugares seleccionados. Ambas compa\u00f1\u00edas de viajes compartidos ofrecen aplicaciones a las que es f\u00e1cil acceder y navegar. Estas dos aplicaciones brindan un precio y tiempo estimados para un viaje. Esto les da a los usuarios una idea de cu\u00e1ndo llegar\u00e1n a la ubicaci\u00f3n seleccionada y cu\u00e1nto tendr\u00edan que pagar por todo el viaje. Aunque estas empresas de viajes compartidos ofrecen comodidad para los usuarios, tambi\u00e9n pueden tener muchas desventajas, especialmente con respecto a la seguridad.<\/p>\n<p>Uber public\u00f3 su segundo informe de seguridad en 2022, que cubr\u00eda la cantidad total de accidentes que enfrent\u00f3 la empresa de viajes compartidos en 2019 y 2020. Ocurrieron alrededor de 101 muertes en 91 accidentes relacionados con Uber. El 42 por ciento de los que murieron fueron identificados como usuarios vulnerables de la carretera, el 64 por ciento eran peatones, el 29 por ciento eran motociclistas de terceros y el 7 por ciento eran ciclistas o ciclistas. Muchos factores contribuyeron a estos accidentes fatales, como el exceso de velocidad (32 por ciento), la intoxicaci\u00f3n (23 por ciento) y la conducci\u00f3n en sentido contrario (15 por ciento).<\/p>\n<p>Si estuvo involucrado en un accidente de Uber o Lyft y desea emprender acciones legales contra la parte culpable, West Coast Trial Lawyers tiene abogados de accidentes de Uber y Lyft en Solana Beach con m\u00e1s de 60 a\u00f1os de experiencia legal colectiva en el manejo de casos de lesiones personales. Hemos adquirido con \u00e9xito m\u00e1s de $1 mil millones en acuerdos y juicios para nuestros clientes. Debido a nuestro \u00e9xito con la satisfacci\u00f3n del cliente, hemos sido elogiados como uno de los mejores bufetes de abogados de lesiones personales en Solana Beach.<\/p>\n<p>Para programar una consulta gratuita y sin compromiso en nuestro bufete de abogados de lesiones personales de Solana Beach, comun\u00edquese con nuestro equipo legal las 24 horas, los 7 d\u00edas de la semana llamando al 213-927-3700 o enviando un correo electr\u00f3nico a\u00a0<a href=\"mailto:info@westcoasttriallawyers.com\">info@westcoasttriallawyers.com<\/a>.<\/p>\n<h2><strong>Qu\u00e9 debe hacer un pasajero despu\u00e9s de un accidente de Uber o Lyft<\/strong><\/h2>\n<ol>\n<li><strong>P\u00f3ngase en contacto con la polic\u00eda.\u00a0<\/strong>Si nota lesiones o da\u00f1os, llame a la polic\u00eda de inmediato. Llegar\u00e1n al lugar del accidente y crear\u00e1n un informe policial oficial. Los param\u00e9dicos tambi\u00e9n pueden estar presentes para brindar atenci\u00f3n m\u00e9dica a quienes la necesiten.<\/li>\n<li><strong>Reunir evidencias.\u00a0<\/strong>Si es posible, tome fotograf\u00edas o videos de su lesi\u00f3n, el accidente y el lugar donde ocurri\u00f3 el incidente. Tambi\u00e9n debe documentar informaci\u00f3n importante, como el nombre del conductor del viaje compartido, el modelo del veh\u00edculo, el n\u00famero de placa y ad\u00f3nde lo llevaron.<\/li>\n<li><strong>Habla con un testigo.\u00a0<\/strong>Si hay alg\u00fan testigo cerca, debe pedir su consentimiento para obtener su informaci\u00f3n de contacto. Los testimonios de los testigos pueden fortalecer significativamente su reclamo.<\/li>\n<li><strong>Hazte examinar por un m\u00e9dico.\u00a0<\/strong>Aseg\u00farese de que un profesional m\u00e9dico lo revise, incluso si tiene lesiones menores. Esto es muy recomendable para todas las v\u00edctimas de accidentes para verificar si hay lesiones internas o detectar un problema que podr\u00eda convertirse en algo peor si no se soluciona en sus primeras etapas.<\/li>\n<li><strong>Comun\u00edquese con un abogado con experiencia en accidentes de Uber o Lyft.<\/strong> El abogado lo ayudar\u00e1 a desarrollar su caso, negociar\u00e1 con las compa\u00f1\u00edas de seguros y obtendr\u00e1 la cantidad adecuada de compensaci\u00f3n financiera y emocional que se merece.<\/li>\n<\/ol>\n<h2><strong>Qu\u00e9 debe hacer un conductor despu\u00e9s de un accidente de Uber o Lyft<\/strong><\/h2>\n<ol>\n<li><strong>Aseg\u00farese de que todas las partes involucradas est\u00e9n bien.<\/strong> Si es posible, debe verificar a las personas involucradas en el accidente en caso de que sufran lesiones graves.<\/li>\n<li><strong>P\u00f3ngase en contacto con la polic\u00eda.<\/strong> Si usted u otra persona sufre lesiones o da\u00f1os, debe llamar al 911 de inmediato. La polic\u00eda llegar\u00e1 al lugar del accidente y realizar\u00e1 un informe policial oficial. Los param\u00e9dicos tambi\u00e9n pueden llegar para examinar a cualquier persona lesionada que necesite atenci\u00f3n m\u00e9dica. Los heridos graves ser\u00e1n trasladados al hospital para recibir asistencia adicional.<\/li>\n<li><strong>Intercambiar informaci\u00f3n.<\/strong> Debe compartir su licencia de conducir, informaci\u00f3n de contacto e informaci\u00f3n del seguro con las partes involucradas en el accidente.<\/li>\n<li><strong>Reporte el accidente a la compa\u00f1\u00eda de viajes compartidos.\u00a0<\/strong>Debe informar el accidente a Uber o Lyft, cualquiera que sea el servicio de viaje compartido que estaba usando durante el momento del accidente. Un equipo de soporte de reclamos estar\u00e1 disponible para ayudarlo con el proceso de reclamos y el informe de fallas a la compa\u00f1\u00eda de seguros que ofrece compensaci\u00f3n en su estado.<\/li>\n<li><strong>Visita a un m\u00e9dico.\u00a0<\/strong>Debe ser revisado por un profesional m\u00e9dico para determinar si tiene alguna lesi\u00f3n que deba ser atendida.<\/li>\n<\/ol>\n<h2><strong>P\u00f3lizas de seguro de Uber y Lyft<\/strong><\/h2>\n<h2><strong>Uber<\/strong><\/h2>\n<p>Uber tiene una p\u00f3liza de seguro de $1 mill\u00f3n que se divide en cuatro partes. A continuaci\u00f3n se incluye una evaluaci\u00f3n r\u00e1pida de los diferentes niveles.<\/p>\n<ul>\n<li><strong>Per\u00edodo 0:<\/strong> cuando un conductor usa su autom\u00f3vil para fines no relacionados con el trabajo, debe confiar en su p\u00f3liza de seguro personal en caso de que tenga alg\u00fan accidente.<\/li>\n<li><strong>Per\u00edodo 1:<\/strong> si un conductor est\u00e1 disponible para recoger un viaje, pero a\u00fan no tiene un pasajero, esto se considera como el per\u00edodo 1. Si ocurre un accidente, Uber le ofrecer\u00e1 la responsabilidad de terceros si su seguro personal no se aplica.\n<ul>\n<li>$50,000 en lesiones corporales por persona<\/li>\n<li>$100,000 en lesiones corporales por accidente<\/li>\n<li>$25,000 en da\u00f1os a la propiedad por accidente<\/li>\n<\/ul>\n<\/li>\n<li><strong>Per\u00edodo 2.<\/strong> El conductor est\u00e1 en l\u00ednea y en camino para recoger o dejar al pasajero. Durante este tiempo, la p\u00f3liza de seguro de Uber est\u00e1 en pleno efecto y el seguro de responsabilidad civil, incluido el seguro de viaje sin seguro o con seguro insuficiente, puede cubrir la responsabilidad por hasta $ 1 mill\u00f3n en da\u00f1os por accidente.<\/li>\n<\/ul>\n<h2><strong>Lyft<\/strong><\/h2>\n<p>Lyft tambi\u00e9n comparte una p\u00f3liza de seguro similar a la de Uber. A continuaci\u00f3n se muestra una lista de niveles que Lyft ha creado para los conductores involucrados en un accidente.<\/p>\n<ul>\n<li><strong>La aplicaci\u00f3n est\u00e1 desactivada.\u00a0<\/strong>Si un conductor de Lyft estuvo involucrado en un accidente mientras la aplicaci\u00f3n estaba apagada, su seguro de autom\u00f3vil personal debe cubrir los da\u00f1os.<\/li>\n<li><strong>La aplicaci\u00f3n est\u00e1 activada y el conductor de Lyft est\u00e1 esperando una solicitud.\u00a0<\/strong>Si un conductor de Lyft ten\u00eda la aplicaci\u00f3n activada y estaba esperando la solicitud de un pasajero cuando ocurri\u00f3 el accidente, Lyft proporcionar\u00e1 un seguro de responsabilidad civil para cubrir los da\u00f1os si el seguro personal del conductor de Lyft no se aplica.\n<ul>\n<li>$50,000 en lesiones corporales por persona<\/li>\n<li>$100,000 en lesiones corporales por accidente<\/li>\n<li>$25,000 en da\u00f1os a la propiedad por accidente<\/li>\n<\/ul>\n<\/li>\n<li><strong>La aplicaci\u00f3n est\u00e1 activada y el conductor de Lyft est\u00e1 en camino para recoger o dejar a un pasajero.<\/strong> Si el conductor de Lyft estaba realizando cualquiera de las acciones durante el momento en que ocurri\u00f3 la colisi\u00f3n, entonces Lyft ofrecer\u00e1:\n<ul>\n<li>$1,000,000 por responsabilidad civil de terceros<\/li>\n<li>Lesiones corporales de automovilista sin seguro\/automovilista con seguro insuficiente (UM\/UIM)<\/li>\n<li>Integral contingente y colisi\u00f3n hasta el valor real en efectivo del veh\u00edculo: deducible de $2,500.<\/li>\n<\/ul>\n<\/li>\n<\/ul>\n<h2><strong>Cont\u00e1ctenos<\/strong><\/h2>\n<p>Si es v\u00edctima de un accidente de Uber o Lyft y necesita ayuda para obtener asistencia legal, West Coast Trial Lawyers cuenta con abogados experimentados en accidentes de Uber y Lyft de Solana Beach que lo ayudar\u00e1n a recuperar una compensaci\u00f3n por las p\u00e9rdidas que ha sufrido, incluidas las facturas m\u00e9dicas, la angustia emocional, la propiedad. da\u00f1os, salarios perdidos y m\u00e1s.<\/p>\n<p>Ofrecemos una consulta gratuita en nuestro bufete de abogados de lesiones personales de Solana Beach. Comun\u00edquese con nuestro equipo legal las 24 horas del d\u00eda, los 7 d\u00edas de la semana llamando al 213-927-3700 o enviando un correo electr\u00f3nico a info@westcoasttriallawyers.com.<\/p>\n<p><!-- WCTL_DEBUG: no shortcode in this_content --><\/p>\n","protected":false},"excerpt":{"rendered":"<p>Pasos que un conductor y pasajero de viaje compartido deber\u00edan considerar hacer despu\u00e9s de un accidente de Uber o Lyft en Solana Beach Uber y Lyft son servicios de viajes compartidos muy populares que se han convertido en una tendencia en todo California. La gente se ha acostumbrado a la idea de solicitar un conductor [&hellip;]<\/p>\n","protected":false},"author":475,"featured_media":46473,"parent":47427,"menu_order":0,"comment_status":"closed","ping_status":"closed","template":"","meta":{"inline_featured_image":false,"footnotes":""},"class_list":["post-12535","page","type-page","status-publish","has-post-thumbnail","hentry"],"acf":[],"yoast_head":"<!-- This site is optimized with the Yoast SEO Premium plugin v26.0 (Yoast SEO v26.0) - https:\/\/yoast.com\/wordpress\/plugins\/seo\/ -->\n<title>Abogado de accidentes de Uber y Lyft en Solana Beach | West Coast Trial Lawyers<\/title>\n<meta name=\"robots\" content=\"index, follow, max-snippet:-1, max-image-preview:large, max-video-preview:-1\" \/>\n<link rel=\"canonical\" href=\"https:\/\/westcoasttriallawyers.com\/es\/california\/solana-beach\/abogado-de-accidentes-de-uber-y-lyft-en-solana-beach\" \/>\n<meta property=\"og:locale\" content=\"es_ES\" \/>\n<meta property=\"og:type\" content=\"article\" \/>\n<meta property=\"og:title\" content=\"Abogado de accidentes de Uber y Lyft en Solana Beach\" \/>\n<meta property=\"og:description\" content=\"Pasos que un conductor y pasajero de viaje compartido deber\u00edan considerar hacer despu\u00e9s de un accidente de Uber o Lyft en Solana Beach Uber y Lyft son servicios de viajes compartidos muy populares que se han convertido en una tendencia en todo California. La gente se ha acostumbrado a la idea de solicitar un conductor [&hellip;]\" \/>\n<meta property=\"og:url\" content=\"https:\/\/westcoasttriallawyers.com\/es\/california\/solana-beach\/abogado-de-accidentes-de-uber-y-lyft-en-solana-beach\" \/>\n<meta property=\"og:site_name\" content=\"West Coast Trial Lawyers\" \/>\n<meta property=\"article:publisher\" content=\"https:\/\/www.facebook.com\/westcoasttriallawyers\/\" \/>\n<meta property=\"article:modified_time\" content=\"2026-01-22T15:32:50+00:00\" \/>\n<meta property=\"og:image\" content=\"https:\/\/westcoasttriallawyers.com\/wp-content\/uploads\/2025\/07\/Solana-Beach-25.webp\" \/>\n\t<meta property=\"og:image:width\" content=\"557\" \/>\n\t<meta property=\"og:image:height\" content=\"327\" \/>\n\t<meta property=\"og:image:type\" content=\"image\/webp\" \/>\n<meta name=\"twitter:card\" content=\"summary_large_image\" \/>\n<meta name=\"twitter:site\" content=\"@WestCoastTrial\" \/>\n<meta name=\"twitter:label1\" content=\"Tiempo de lectura\" \/>\n\t<meta name=\"twitter:data1\" content=\"6 minutos\" \/>\n<script type=\"application\/ld+json\" class=\"yoast-schema-graph\">{\"@context\":\"https:\/\/schema.org\",\"@graph\":[{\"@type\":[\"WebPage\",\"ItemPage\"],\"@id\":\"https:\/\/westcoasttriallawyers.com\/es\/california\/solana-beach\/abogado-de-accidentes-de-uber-y-lyft-en-solana-beach\",\"url\":\"https:\/\/westcoasttriallawyers.com\/es\/california\/solana-beach\/abogado-de-accidentes-de-uber-y-lyft-en-solana-beach\",\"name\":\"Abogado de accidentes de Uber y Lyft en Solana Beach | West Coast Trial Lawyers\",\"isPartOf\":{\"@id\":\"https:\/\/westcoasttriallawyers.com\/es#website\"},\"primaryImageOfPage\":{\"@id\":\"https:\/\/westcoasttriallawyers.com\/es\/california\/solana-beach\/abogado-de-accidentes-de-uber-y-lyft-en-solana-beach#primaryimage\"},\"image\":{\"@id\":\"https:\/\/westcoasttriallawyers.com\/es\/california\/solana-beach\/abogado-de-accidentes-de-uber-y-lyft-en-solana-beach#primaryimage\"},\"thumbnailUrl\":\"https:\/\/westcoasttriallawyers.com\/wp-content\/uploads\/2025\/07\/Solana-Beach-25.webp\",\"datePublished\":\"2026-01-14T17:04:47+00:00\",\"dateModified\":\"2026-01-22T15:32:50+00:00\",\"breadcrumb\":{\"@id\":\"https:\/\/westcoasttriallawyers.com\/es\/california\/solana-beach\/abogado-de-accidentes-de-uber-y-lyft-en-solana-beach#breadcrumb\"},\"inLanguage\":\"es\",\"potentialAction\":[{\"@type\":\"ReadAction\",\"target\":[\"https:\/\/westcoasttriallawyers.com\/es\/california\/solana-beach\/abogado-de-accidentes-de-uber-y-lyft-en-solana-beach\"]}]},{\"@type\":\"ImageObject\",\"inLanguage\":\"es\",\"@id\":\"https:\/\/westcoasttriallawyers.com\/es\/california\/solana-beach\/abogado-de-accidentes-de-uber-y-lyft-en-solana-beach#primaryimage\",\"url\":\"https:\/\/westcoasttriallawyers.com\/wp-content\/uploads\/2025\/07\/Solana-Beach-25.webp\",\"contentUrl\":\"https:\/\/westcoasttriallawyers.com\/wp-content\/uploads\/2025\/07\/Solana-Beach-25.webp\",\"width\":557,\"height\":327},{\"@type\":\"BreadcrumbList\",\"@id\":\"https:\/\/westcoasttriallawyers.com\/es\/california\/solana-beach\/abogado-de-accidentes-de-uber-y-lyft-en-solana-beach#breadcrumb\",\"itemListElement\":[{\"@type\":\"ListItem\",\"position\":1,\"name\":\"Inicio\",\"item\":\"https:\/\/westcoasttriallawyers.com\/es\"},{\"@type\":\"ListItem\",\"position\":2,\"name\":\"California\",\"item\":\"https:\/\/westcoasttriallawyers.com\/es\/california\"},{\"@type\":\"ListItem\",\"position\":3,\"name\":\"Solana Beach\",\"item\":\"https:\/\/westcoasttriallawyers.com\/es\/california\/solana-beach\"},{\"@type\":\"ListItem\",\"position\":4,\"name\":\"Abogado de accidentes de Uber y Lyft en Solana Beach\"}]},{\"@type\":\"WebSite\",\"@id\":\"https:\/\/westcoasttriallawyers.com\/es#website\",\"url\":\"https:\/\/westcoasttriallawyers.com\/es\",\"name\":\"West Coast Trial Lawyers\",\"description\":\"West Coast Trial Lawyers\",\"publisher\":{\"@id\":\"https:\/\/westcoasttriallawyers.com\/es#organization\"},\"alternateName\":\"WCTL\",\"potentialAction\":[{\"@type\":\"SearchAction\",\"target\":{\"@type\":\"EntryPoint\",\"urlTemplate\":\"https:\/\/westcoasttriallawyers.com\/es?s={search_term_string}\"},\"query-input\":{\"@type\":\"PropertyValueSpecification\",\"valueRequired\":true,\"valueName\":\"search_term_string\"}}],\"inLanguage\":\"es\"},{\"@type\":\"Organization\",\"@id\":\"https:\/\/westcoasttriallawyers.com\/es#organization\",\"name\":\"West Coast Trial Lawyers\",\"alternateName\":\"WCTL\",\"url\":\"https:\/\/westcoasttriallawyers.com\/es\",\"logo\":{\"@type\":\"ImageObject\",\"inLanguage\":\"es\",\"@id\":\"https:\/\/westcoasttriallawyers.com\/es#\/schema\/logo\/image\/\",\"url\":\"https:\/\/westcoasttriallawyers.com\/wp-content\/uploads\/2026\/02\/WCTL-Logo.jpg\",\"contentUrl\":\"https:\/\/westcoasttriallawyers.com\/wp-content\/uploads\/2026\/02\/WCTL-Logo.jpg\",\"width\":696,\"height\":696,\"caption\":\"West Coast Trial Lawyers\"},\"image\":{\"@id\":\"https:\/\/westcoasttriallawyers.com\/es#\/schema\/logo\/image\/\"},\"sameAs\":[\"https:\/\/www.facebook.com\/westcoasttriallawyers\/\",\"https:\/\/x.com\/WestCoastTrial\",\"https:\/\/www.linkedin.com\/company\/west-coast-trial-lawyers\/\",\"https:\/\/www.instagram.com\/westcoasttriallawyers\/\",\"https:\/\/www.yelp.com\/biz\/west-coast-trial-lawyers-los-angeles-2\",\"https:\/\/www.pinterest.com\/westcoasttrial\/\",\"https:\/\/www.youtube.com\/westcoasttriallawyersla\/\",\"https:\/\/www.tiktok.com\/westcoasttriallawyers\"],\"description\":\"West Coast Trial Lawyers is a top-rated personal injury law firm with a goal to provide expert legal representation to those in need. The law firm has offices across California, Nevada, Arizona, and Washington.\",\"legalName\":\"West Coast Trial Lawyers\"}]}<\/script>\n<!-- \/ Yoast SEO Premium plugin. -->","yoast_head_json":{"title":"Abogado de accidentes de Uber y Lyft en Solana Beach | West Coast Trial Lawyers","robots":{"index":"index","follow":"follow","max-snippet":"max-snippet:-1","max-image-preview":"max-image-preview:large","max-video-preview":"max-video-preview:-1"},"canonical":"https:\/\/westcoasttriallawyers.com\/es\/california\/solana-beach\/abogado-de-accidentes-de-uber-y-lyft-en-solana-beach","og_locale":"es_ES","og_type":"article","og_title":"Abogado de accidentes de Uber y Lyft en Solana Beach","og_description":"Pasos que un conductor y pasajero de viaje compartido deber\u00edan considerar hacer despu\u00e9s de un accidente de Uber o Lyft en Solana Beach Uber y Lyft son servicios de viajes compartidos muy populares que se han convertido en una tendencia en todo California. La gente se ha acostumbrado a la idea de solicitar un conductor [&hellip;]","og_url":"https:\/\/westcoasttriallawyers.com\/es\/california\/solana-beach\/abogado-de-accidentes-de-uber-y-lyft-en-solana-beach","og_site_name":"West Coast Trial Lawyers","article_publisher":"https:\/\/www.facebook.com\/westcoasttriallawyers\/","article_modified_time":"2026-01-22T15:32:50+00:00","og_image":[{"width":557,"height":327,"url":"https:\/\/westcoasttriallawyers.com\/wp-content\/uploads\/2025\/07\/Solana-Beach-25.webp","type":"image\/webp"}],"twitter_card":"summary_large_image","twitter_site":"@WestCoastTrial","twitter_misc":{"Tiempo de lectura":"6 minutos"},"schema":{"@context":"https:\/\/schema.org","@graph":[{"@type":["WebPage","ItemPage"],"@id":"https:\/\/westcoasttriallawyers.com\/es\/california\/solana-beach\/abogado-de-accidentes-de-uber-y-lyft-en-solana-beach","url":"https:\/\/westcoasttriallawyers.com\/es\/california\/solana-beach\/abogado-de-accidentes-de-uber-y-lyft-en-solana-beach","name":"Abogado de accidentes de Uber y Lyft en Solana Beach | West Coast Trial Lawyers","isPartOf":{"@id":"https:\/\/westcoasttriallawyers.com\/es#website"},"primaryImageOfPage":{"@id":"https:\/\/westcoasttriallawyers.com\/es\/california\/solana-beach\/abogado-de-accidentes-de-uber-y-lyft-en-solana-beach#primaryimage"},"image":{"@id":"https:\/\/westcoasttriallawyers.com\/es\/california\/solana-beach\/abogado-de-accidentes-de-uber-y-lyft-en-solana-beach#primaryimage"},"thumbnailUrl":"https:\/\/westcoasttriallawyers.com\/wp-content\/uploads\/2025\/07\/Solana-Beach-25.webp","datePublished":"2026-01-14T17:04:47+00:00","dateModified":"2026-01-22T15:32:50+00:00","breadcrumb":{"@id":"https:\/\/westcoasttriallawyers.com\/es\/california\/solana-beach\/abogado-de-accidentes-de-uber-y-lyft-en-solana-beach#breadcrumb"},"inLanguage":"es","potentialAction":[{"@type":"ReadAction","target":["https:\/\/westcoasttriallawyers.com\/es\/california\/solana-beach\/abogado-de-accidentes-de-uber-y-lyft-en-solana-beach"]}]},{"@type":"ImageObject","inLanguage":"es","@id":"https:\/\/westcoasttriallawyers.com\/es\/california\/solana-beach\/abogado-de-accidentes-de-uber-y-lyft-en-solana-beach#primaryimage","url":"https:\/\/westcoasttriallawyers.com\/wp-content\/uploads\/2025\/07\/Solana-Beach-25.webp","contentUrl":"https:\/\/westcoasttriallawyers.com\/wp-content\/uploads\/2025\/07\/Solana-Beach-25.webp","width":557,"height":327},{"@type":"BreadcrumbList","@id":"https:\/\/westcoasttriallawyers.com\/es\/california\/solana-beach\/abogado-de-accidentes-de-uber-y-lyft-en-solana-beach#breadcrumb","itemListElement":[{"@type":"ListItem","position":1,"name":"Inicio","item":"https:\/\/westcoasttriallawyers.com\/es"},{"@type":"ListItem","position":2,"name":"California","item":"https:\/\/westcoasttriallawyers.com\/es\/california"},{"@type":"ListItem","position":3,"name":"Solana Beach","item":"https:\/\/westcoasttriallawyers.com\/es\/california\/solana-beach"},{"@type":"ListItem","position":4,"name":"Abogado de accidentes de Uber y Lyft en Solana Beach"}]},{"@type":"WebSite","@id":"https:\/\/westcoasttriallawyers.com\/es#website","url":"https:\/\/westcoasttriallawyers.com\/es","name":"West Coast Trial Lawyers","description":"West Coast Trial Lawyers","publisher":{"@id":"https:\/\/westcoasttriallawyers.com\/es#organization"},"alternateName":"WCTL","potentialAction":[{"@type":"SearchAction","target":{"@type":"EntryPoint","urlTemplate":"https:\/\/westcoasttriallawyers.com\/es?s={search_term_string}"},"query-input":{"@type":"PropertyValueSpecification","valueRequired":true,"valueName":"search_term_string"}}],"inLanguage":"es"},{"@type":"Organization","@id":"https:\/\/westcoasttriallawyers.com\/es#organization","name":"West Coast Trial Lawyers","alternateName":"WCTL","url":"https:\/\/westcoasttriallawyers.com\/es","logo":{"@type":"ImageObject","inLanguage":"es","@id":"https:\/\/westcoasttriallawyers.com\/es#\/schema\/logo\/image\/","url":"https:\/\/westcoasttriallawyers.com\/wp-content\/uploads\/2026\/02\/WCTL-Logo.jpg","contentUrl":"https:\/\/westcoasttriallawyers.com\/wp-content\/uploads\/2026\/02\/WCTL-Logo.jpg","width":696,"height":696,"caption":"West Coast Trial Lawyers"},"image":{"@id":"https:\/\/westcoasttriallawyers.com\/es#\/schema\/logo\/image\/"},"sameAs":["https:\/\/www.facebook.com\/westcoasttriallawyers\/","https:\/\/x.com\/WestCoastTrial","https:\/\/www.linkedin.com\/company\/west-coast-trial-lawyers\/","https:\/\/www.instagram.com\/westcoasttriallawyers\/","https:\/\/www.yelp.com\/biz\/west-coast-trial-lawyers-los-angeles-2","https:\/\/www.pinterest.com\/westcoasttrial\/","https:\/\/www.youtube.com\/westcoasttriallawyersla\/","https:\/\/www.tiktok.com\/westcoasttriallawyers"],"description":"West Coast Trial Lawyers is a top-rated personal injury law firm with a goal to provide expert legal representation to those in need. The law firm has offices across California, Nevada, Arizona, and Washington.","legalName":"West Coast Trial Lawyers"}]}},"_links":{"self":[{"href":"https:\/\/westcoasttriallawyers.com\/es\/wp-json\/wp\/v2\/pages\/12535","targetHints":{"allow":["GET"]}}],"collection":[{"href":"https:\/\/westcoasttriallawyers.com\/es\/wp-json\/wp\/v2\/pages"}],"about":[{"href":"https:\/\/westcoasttriallawyers.com\/es\/wp-json\/wp\/v2\/types\/page"}],"author":[{"embeddable":true,"href":"https:\/\/westcoasttriallawyers.com\/es\/wp-json\/wp\/v2\/users\/475"}],"replies":[{"embeddable":true,"href":"https:\/\/westcoasttriallawyers.com\/es\/wp-json\/wp\/v2\/comments?post=12535"}],"version-history":[{"count":3,"href":"https:\/\/westcoasttriallawyers.com\/es\/wp-json\/wp\/v2\/pages\/12535\/revisions"}],"predecessor-version":[{"id":48023,"href":"https:\/\/westcoasttriallawyers.com\/es\/wp-json\/wp\/v2\/pages\/12535\/revisions\/48023"}],"up":[{"embeddable":true,"href":"https:\/\/westcoasttriallawyers.com\/es\/wp-json\/wp\/v2\/pages\/47427"}],"wp:featuredmedia":[{"embeddable":true,"href":"https:\/\/westcoasttriallawyers.com\/es\/wp-json\/wp\/v2\/media\/46473"}],"wp:attachment":[{"href":"https:\/\/westcoasttriallawyers.com\/es\/wp-json\/wp\/v2\/media?parent=12535"}],"curies":[{"name":"wp","href":"https:\/\/api.w.org\/{rel}","templated":true}]}}