{"id":12534,"date":"2026-01-14T17:04:46","date_gmt":"2026-01-14T17:04:46","guid":{"rendered":"https:\/\/wctl1stg.wpengine.com\/?page_id=12534"},"modified":"2026-01-22T15:29:31","modified_gmt":"2026-01-22T15:29:31","slug":"abogado-de-lesiones-de-la-medula-espinal-en-solana-beach","status":"publish","type":"page","link":"https:\/\/westcoasttriallawyers.com\/es\/california\/solana-beach\/abogado-de-lesiones-de-la-medula-espinal-en-solana-beach","title":{"rendered":"Abogado de lesiones de la m\u00e9dula espinal en Solana Beach"},"content":{"rendered":"<h2><strong>\u00bfQu\u00e9 puede causar una lesi\u00f3n de la m\u00e9dula espinal? \u00bfQu\u00e9 tan severo puede ser el resultado y qu\u00e9 tipo de tratamientos est\u00e1n disponibles?<\/strong><\/h2>\n<p>Las lesiones de la m\u00e9dula espinal pueden tener un impacto grave en su cuerpo. Lo m\u00e1s probable es que enfrente una par\u00e1lisis temporal o permanente, seg\u00fan el nivel de impacto contundente que haya sufrido su columna vertebral en un accidente. Hay muchos factores que pueden contribuir a este tipo de lesi\u00f3n, incluyendo:<\/p>\n<ol>\n<li><strong>Accidentes automovil\u00edsticos.\u00a0<\/strong>El cuerpo puede reaccionar con indiferencia ante un accidente que se produce por una colisi\u00f3n de coche. Dado que no espera recibir un golpe, su cuerpo har\u00e1 movimientos antinaturales que podr\u00edan causar que sus huesos se rompan. En ciertas circunstancias, esto puede afectar su columna vertebral.<\/li>\n<li><strong>Accidentes de motocicleta.<\/strong> Este veh\u00edculo motorizado no brinda suficiente protecci\u00f3n para evitar que usted salga volando de su veh\u00edculo. Desafortunadamente, los motociclistas son arrojados de su motocicleta casi instant\u00e1neamente despu\u00e9s de sufrir un accidente. Pueden da\u00f1ar sus brazos, piernas, cuello, cabeza y espalda. Todo depende de c\u00f3mo aterrizan en el suelo.<\/li>\n<li><strong>Accidentes de bicicleta.<\/strong> Esto tambi\u00e9n se relaciona con un accidente de motocicleta. No hay ninguna protecci\u00f3n equipada en una bicicleta que evite que salgas disparado. Si cae de espaldas, existe una alta probabilidad de que su m\u00e9dula espinal se da\u00f1e.<\/li>\n<li><strong>Accidentes de peatones.<\/strong> Un peat\u00f3n est\u00e1 completamente indefenso. Si un veh\u00edculo entra en contacto con un peat\u00f3n, puede impactar gravemente en cualquier parte de su cuerpo, especialmente en la espalda.<\/li>\n<\/ol>\n<p>Si usted fue v\u00edctima de una lesi\u00f3n de la m\u00e9dula espinal y desea presentar una demanda contra la persona culpable, West Coast Trial Lawyers tiene abogados especializados en lesiones de la m\u00e9dula espinal de Solana Beach con m\u00e1s de 60 a\u00f1os de experiencia legal colectiva en el manejo de casos de lesiones personales. Hemos ganado m\u00e1s de 5000 casos y adquirido m\u00e1s de mil millones de d\u00f3lares en acuerdos y sentencias para nuestros clientes. Debido a nuestro \u00e9xito en el campo legal, hemos sido reconocidos como uno de los mejores bufetes de abogados de lesiones personales en Solana Beach.<\/p>\n<p>Si desea programar una consulta gratuita y sin compromiso en nuestro bufete de abogados de lesiones personales de Solana Beach, comun\u00edquese con nuestro equipo legal las 24 horas, los 7 d\u00edas de la semana llamando al 213-927-3700 o enviando un correo electr\u00f3nico a\u00a0<a href=\"mailto:info@westcoasttriallawyers.com\">info@westcoasttriallawyers.com<\/a>.<\/p>\n<h2><strong>Determinar la gravedad de una par\u00e1lisis<\/strong><\/h2>\n<p>Hay varios factores que pueden determinar la gravedad de la par\u00e1lisis de una v\u00edctima. Para comprender el estado de su condici\u00f3n, debe examinar el \u00e1rea herida para determinar si el da\u00f1o a la columna es completo o incompleto. Los m\u00e9dicos comenzar\u00e1n a evaluar su condici\u00f3n para determinar el diagn\u00f3stico. Esto incluye:<\/p>\n<ol>\n<li><strong>Rayos X.<\/strong> Esto se utiliza para confirmar si el paciente sufre de tumores, fracturas \u00f3seas, objetos extra\u00f1os, problemas dentales, neumon\u00eda, masas anormales, etc. El m\u00e9dico producir\u00e1 im\u00e1genes de tejidos y estructuras vistas dentro del cuerpo del paciente.<\/li>\n<li><strong>Exploraci\u00f3n por tomograf\u00eda computarizada (TC).<\/strong> Esta prueba se utiliza para generar varios tipos de im\u00e1genes transversales del interior del cuerpo del paciente que luego se combinar\u00e1n en una imagen de rayos X tridimensional. Las tomograf\u00edas computarizadas muestran m\u00e1s detalles en comparaci\u00f3n con una radiograf\u00eda. Una tomograf\u00eda computarizada brinda a los m\u00e9dicos acceso para analizar el cuerpo interno del paciente desde diferentes \u00e1ngulos.<\/li>\n<li><strong>Im\u00e1genes por resonancia magn\u00e9tica (IRM).\u00a0<\/strong>Esta prueba se realiz\u00f3 para obtener im\u00e1genes anat\u00f3micas tridimensionales detalladas. Las resonancias magn\u00e9ticas pueden determinar un diagn\u00f3stico, encontrar enfermedades y monitorear el proceso de recuperaci\u00f3n de un paciente.<\/li>\n<li><strong>Pruebas neurol\u00f3gicas.\u00a0<\/strong>Esto se hace para evaluar la visi\u00f3n, la coordinaci\u00f3n, el habla, el equilibrio, la audici\u00f3n, las habilidades motoras y las habilidades sensoriales del paciente.<\/li>\n<\/ol>\n<h2><strong>Tratamiento<\/strong><\/h2>\n<p>Una vez que su m\u00e9dico haya diagnosticado su condici\u00f3n, se le dar\u00e1 un plan de tratamiento a seguir. El tratamiento para una lesi\u00f3n de la m\u00e9dula espinal incluye:<\/p>\n<ol>\n<li><strong>Medicamento.<\/strong> El m\u00e9dico puede recetarle medicamentos que lo ayudar\u00e1n a controlar los s\u00edntomas de la lesi\u00f3n de la m\u00e9dula espinal, como el dolor, la espasticidad muscular, el funcionamiento sexual y el control de la vejiga y los intestinos.<\/li>\n<li><strong>Cirug\u00eda.<\/strong> Una vez que el m\u00e9dico reciba un informe sobre el estado de salud de un paciente, decidir\u00e1 si ser\u00eda necesario realizar una cirug\u00eda. Por lo general, se administra si el paciente debe descomprimir o estabilizar la m\u00e9dula espinal.<\/li>\n<li><strong>Rehabilitaci\u00f3n.<\/strong> Su m\u00e9dico puede recomendarle que vaya a un centro de rehabilitaci\u00f3n para continuar recibiendo tratamiento por su lesi\u00f3n de la m\u00e9dula espinal. Los terapeutas estar\u00e1n disponibles para ayudarlo a alcanzar los objetivos que planea lograr mientras est\u00e9 all\u00ed. Esto incluye:\n<ol>\n<li>Volver a aprender o mejorar su movilidad e independencia.<\/li>\n<li>Volver a aprender a hacer las actividades diarias.<\/li>\n<li>Minimizar el dolor o la incomodidad.<\/li>\n<\/ol>\n<\/li>\n<\/ol>\n<h2><strong>Cont\u00e1ctenos<\/strong><\/h2>\n<p>Si usted es v\u00edctima de una lesi\u00f3n de la m\u00e9dula espinal debido al comportamiento negligente de otra persona, West Coast Trial Lawyers tiene abogados especialistas en lesiones de la m\u00e9dula espinal de Solana Beach que tienen una amplia experiencia en el manejo de casos de lesiones personales. Nuestros abogados est\u00e1n decididos a asegurarse de que est\u00e9 satisfecho con el resultado de su acuerdo.<\/p>\n<p>Ofrecemos una consulta gratuita y sin compromiso en nuestro bufete de abogados de lesiones personales de Solana Beach. Comun\u00edquese con nuestro amigable equipo legal llamando al 213-927-3700 o enviando un correo electr\u00f3nico a info@westcoasttriallawyers.com.<\/p>\n<p><!-- WCTL_DEBUG: no shortcode in this_content --><\/p>\n","protected":false},"excerpt":{"rendered":"<p>\u00bfQu\u00e9 puede causar una lesi\u00f3n de la m\u00e9dula espinal? \u00bfQu\u00e9 tan severo puede ser el resultado y qu\u00e9 tipo de tratamientos est\u00e1n disponibles? Las lesiones de la m\u00e9dula espinal pueden tener un impacto grave en su cuerpo. Lo m\u00e1s probable es que enfrente una par\u00e1lisis temporal o permanente, seg\u00fan el nivel de impacto contundente que [&hellip;]<\/p>\n","protected":false},"author":475,"featured_media":46468,"parent":47427,"menu_order":0,"comment_status":"closed","ping_status":"closed","template":"","meta":{"inline_featured_image":false,"footnotes":""},"class_list":["post-12534","page","type-page","status-publish","has-post-thumbnail","hentry"],"acf":[],"yoast_head":"<!-- This site is optimized with the Yoast SEO Premium plugin v26.0 (Yoast SEO v26.0) - https:\/\/yoast.com\/wordpress\/plugins\/seo\/ -->\n<title>Abogado de lesiones de la m\u00e9dula espinal en Solana Beach | West Coast Trial Lawyers<\/title>\n<meta name=\"robots\" content=\"index, follow, max-snippet:-1, max-image-preview:large, max-video-preview:-1\" \/>\n<link rel=\"canonical\" href=\"https:\/\/westcoasttriallawyers.com\/es\/california\/solana-beach\/abogado-de-lesiones-de-la-medula-espinal-en-solana-beach\" \/>\n<meta property=\"og:locale\" content=\"es_ES\" \/>\n<meta property=\"og:type\" content=\"article\" \/>\n<meta property=\"og:title\" content=\"Abogado de lesiones de la m\u00e9dula espinal en Solana Beach\" \/>\n<meta property=\"og:description\" content=\"\u00bfQu\u00e9 puede causar una lesi\u00f3n de la m\u00e9dula espinal? \u00bfQu\u00e9 tan severo puede ser el resultado y qu\u00e9 tipo de tratamientos est\u00e1n disponibles? Las lesiones de la m\u00e9dula espinal pueden tener un impacto grave en su cuerpo. Lo m\u00e1s probable es que enfrente una par\u00e1lisis temporal o permanente, seg\u00fan el nivel de impacto contundente que [&hellip;]\" \/>\n<meta property=\"og:url\" content=\"https:\/\/westcoasttriallawyers.com\/es\/california\/solana-beach\/abogado-de-lesiones-de-la-medula-espinal-en-solana-beach\" \/>\n<meta property=\"og:site_name\" content=\"West Coast Trial Lawyers\" \/>\n<meta property=\"article:publisher\" content=\"https:\/\/www.facebook.com\/westcoasttriallawyers\/\" \/>\n<meta property=\"article:modified_time\" content=\"2026-01-22T15:29:31+00:00\" \/>\n<meta property=\"og:image\" content=\"https:\/\/westcoasttriallawyers.com\/wp-content\/uploads\/2025\/07\/Solana-Beach-23.webp\" \/>\n\t<meta property=\"og:image:width\" content=\"557\" \/>\n\t<meta property=\"og:image:height\" content=\"327\" \/>\n\t<meta property=\"og:image:type\" content=\"image\/webp\" \/>\n<meta name=\"twitter:card\" content=\"summary_large_image\" \/>\n<meta name=\"twitter:site\" content=\"@WestCoastTrial\" \/>\n<meta name=\"twitter:label1\" content=\"Tiempo de lectura\" \/>\n\t<meta name=\"twitter:data1\" content=\"4 minutos\" \/>\n<script type=\"application\/ld+json\" class=\"yoast-schema-graph\">{\"@context\":\"https:\/\/schema.org\",\"@graph\":[{\"@type\":[\"WebPage\",\"ItemPage\"],\"@id\":\"https:\/\/westcoasttriallawyers.com\/es\/california\/solana-beach\/abogado-de-lesiones-de-la-medula-espinal-en-solana-beach\",\"url\":\"https:\/\/westcoasttriallawyers.com\/es\/california\/solana-beach\/abogado-de-lesiones-de-la-medula-espinal-en-solana-beach\",\"name\":\"Abogado de lesiones de la m\u00e9dula espinal en Solana Beach | West Coast Trial Lawyers\",\"isPartOf\":{\"@id\":\"https:\/\/westcoasttriallawyers.com\/es#website\"},\"primaryImageOfPage\":{\"@id\":\"https:\/\/westcoasttriallawyers.com\/es\/california\/solana-beach\/abogado-de-lesiones-de-la-medula-espinal-en-solana-beach#primaryimage\"},\"image\":{\"@id\":\"https:\/\/westcoasttriallawyers.com\/es\/california\/solana-beach\/abogado-de-lesiones-de-la-medula-espinal-en-solana-beach#primaryimage\"},\"thumbnailUrl\":\"https:\/\/westcoasttriallawyers.com\/wp-content\/uploads\/2025\/07\/Solana-Beach-23.webp\",\"datePublished\":\"2026-01-14T17:04:46+00:00\",\"dateModified\":\"2026-01-22T15:29:31+00:00\",\"breadcrumb\":{\"@id\":\"https:\/\/westcoasttriallawyers.com\/es\/california\/solana-beach\/abogado-de-lesiones-de-la-medula-espinal-en-solana-beach#breadcrumb\"},\"inLanguage\":\"es\",\"potentialAction\":[{\"@type\":\"ReadAction\",\"target\":[\"https:\/\/westcoasttriallawyers.com\/es\/california\/solana-beach\/abogado-de-lesiones-de-la-medula-espinal-en-solana-beach\"]}]},{\"@type\":\"ImageObject\",\"inLanguage\":\"es\",\"@id\":\"https:\/\/westcoasttriallawyers.com\/es\/california\/solana-beach\/abogado-de-lesiones-de-la-medula-espinal-en-solana-beach#primaryimage\",\"url\":\"https:\/\/westcoasttriallawyers.com\/wp-content\/uploads\/2025\/07\/Solana-Beach-23.webp\",\"contentUrl\":\"https:\/\/westcoasttriallawyers.com\/wp-content\/uploads\/2025\/07\/Solana-Beach-23.webp\",\"width\":557,\"height\":327},{\"@type\":\"BreadcrumbList\",\"@id\":\"https:\/\/westcoasttriallawyers.com\/es\/california\/solana-beach\/abogado-de-lesiones-de-la-medula-espinal-en-solana-beach#breadcrumb\",\"itemListElement\":[{\"@type\":\"ListItem\",\"position\":1,\"name\":\"Inicio\",\"item\":\"https:\/\/westcoasttriallawyers.com\/es\"},{\"@type\":\"ListItem\",\"position\":2,\"name\":\"California\",\"item\":\"https:\/\/westcoasttriallawyers.com\/es\/california\"},{\"@type\":\"ListItem\",\"position\":3,\"name\":\"Solana Beach\",\"item\":\"https:\/\/westcoasttriallawyers.com\/es\/california\/solana-beach\"},{\"@type\":\"ListItem\",\"position\":4,\"name\":\"Abogado de lesiones de la m\u00e9dula espinal en Solana Beach\"}]},{\"@type\":\"WebSite\",\"@id\":\"https:\/\/westcoasttriallawyers.com\/es#website\",\"url\":\"https:\/\/westcoasttriallawyers.com\/es\",\"name\":\"West Coast Trial Lawyers\",\"description\":\"West Coast Trial Lawyers\",\"publisher\":{\"@id\":\"https:\/\/westcoasttriallawyers.com\/es#organization\"},\"alternateName\":\"WCTL\",\"potentialAction\":[{\"@type\":\"SearchAction\",\"target\":{\"@type\":\"EntryPoint\",\"urlTemplate\":\"https:\/\/westcoasttriallawyers.com\/es?s={search_term_string}\"},\"query-input\":{\"@type\":\"PropertyValueSpecification\",\"valueRequired\":true,\"valueName\":\"search_term_string\"}}],\"inLanguage\":\"es\"},{\"@type\":\"Organization\",\"@id\":\"https:\/\/westcoasttriallawyers.com\/es#organization\",\"name\":\"West Coast Trial Lawyers\",\"alternateName\":\"WCTL\",\"url\":\"https:\/\/westcoasttriallawyers.com\/es\",\"logo\":{\"@type\":\"ImageObject\",\"inLanguage\":\"es\",\"@id\":\"https:\/\/westcoasttriallawyers.com\/es#\/schema\/logo\/image\/\",\"url\":\"https:\/\/westcoasttriallawyers.com\/wp-content\/uploads\/2026\/02\/WCTL-Logo.jpg\",\"contentUrl\":\"https:\/\/westcoasttriallawyers.com\/wp-content\/uploads\/2026\/02\/WCTL-Logo.jpg\",\"width\":696,\"height\":696,\"caption\":\"West Coast Trial Lawyers\"},\"image\":{\"@id\":\"https:\/\/westcoasttriallawyers.com\/es#\/schema\/logo\/image\/\"},\"sameAs\":[\"https:\/\/www.facebook.com\/westcoasttriallawyers\/\",\"https:\/\/x.com\/WestCoastTrial\",\"https:\/\/www.linkedin.com\/company\/west-coast-trial-lawyers\/\",\"https:\/\/www.instagram.com\/westcoasttriallawyers\/\",\"https:\/\/www.yelp.com\/biz\/west-coast-trial-lawyers-los-angeles-2\",\"https:\/\/www.pinterest.com\/westcoasttrial\/\",\"https:\/\/www.youtube.com\/westcoasttriallawyersla\/\",\"https:\/\/www.tiktok.com\/westcoasttriallawyers\"],\"description\":\"West Coast Trial Lawyers is a top-rated personal injury law firm with a goal to provide expert legal representation to those in need. The law firm has offices across California, Nevada, Arizona, and Washington.\",\"legalName\":\"West Coast Trial Lawyers\"}]}<\/script>\n<!-- \/ Yoast SEO Premium plugin. -->","yoast_head_json":{"title":"Abogado de lesiones de la m\u00e9dula espinal en Solana Beach | West Coast Trial Lawyers","robots":{"index":"index","follow":"follow","max-snippet":"max-snippet:-1","max-image-preview":"max-image-preview:large","max-video-preview":"max-video-preview:-1"},"canonical":"https:\/\/westcoasttriallawyers.com\/es\/california\/solana-beach\/abogado-de-lesiones-de-la-medula-espinal-en-solana-beach","og_locale":"es_ES","og_type":"article","og_title":"Abogado de lesiones de la m\u00e9dula espinal en Solana Beach","og_description":"\u00bfQu\u00e9 puede causar una lesi\u00f3n de la m\u00e9dula espinal? \u00bfQu\u00e9 tan severo puede ser el resultado y qu\u00e9 tipo de tratamientos est\u00e1n disponibles? Las lesiones de la m\u00e9dula espinal pueden tener un impacto grave en su cuerpo. Lo m\u00e1s probable es que enfrente una par\u00e1lisis temporal o permanente, seg\u00fan el nivel de impacto contundente que [&hellip;]","og_url":"https:\/\/westcoasttriallawyers.com\/es\/california\/solana-beach\/abogado-de-lesiones-de-la-medula-espinal-en-solana-beach","og_site_name":"West Coast Trial Lawyers","article_publisher":"https:\/\/www.facebook.com\/westcoasttriallawyers\/","article_modified_time":"2026-01-22T15:29:31+00:00","og_image":[{"width":557,"height":327,"url":"https:\/\/westcoasttriallawyers.com\/wp-content\/uploads\/2025\/07\/Solana-Beach-23.webp","type":"image\/webp"}],"twitter_card":"summary_large_image","twitter_site":"@WestCoastTrial","twitter_misc":{"Tiempo de lectura":"4 minutos"},"schema":{"@context":"https:\/\/schema.org","@graph":[{"@type":["WebPage","ItemPage"],"@id":"https:\/\/westcoasttriallawyers.com\/es\/california\/solana-beach\/abogado-de-lesiones-de-la-medula-espinal-en-solana-beach","url":"https:\/\/westcoasttriallawyers.com\/es\/california\/solana-beach\/abogado-de-lesiones-de-la-medula-espinal-en-solana-beach","name":"Abogado de lesiones de la m\u00e9dula espinal en Solana Beach | West Coast Trial Lawyers","isPartOf":{"@id":"https:\/\/westcoasttriallawyers.com\/es#website"},"primaryImageOfPage":{"@id":"https:\/\/westcoasttriallawyers.com\/es\/california\/solana-beach\/abogado-de-lesiones-de-la-medula-espinal-en-solana-beach#primaryimage"},"image":{"@id":"https:\/\/westcoasttriallawyers.com\/es\/california\/solana-beach\/abogado-de-lesiones-de-la-medula-espinal-en-solana-beach#primaryimage"},"thumbnailUrl":"https:\/\/westcoasttriallawyers.com\/wp-content\/uploads\/2025\/07\/Solana-Beach-23.webp","datePublished":"2026-01-14T17:04:46+00:00","dateModified":"2026-01-22T15:29:31+00:00","breadcrumb":{"@id":"https:\/\/westcoasttriallawyers.com\/es\/california\/solana-beach\/abogado-de-lesiones-de-la-medula-espinal-en-solana-beach#breadcrumb"},"inLanguage":"es","potentialAction":[{"@type":"ReadAction","target":["https:\/\/westcoasttriallawyers.com\/es\/california\/solana-beach\/abogado-de-lesiones-de-la-medula-espinal-en-solana-beach"]}]},{"@type":"ImageObject","inLanguage":"es","@id":"https:\/\/westcoasttriallawyers.com\/es\/california\/solana-beach\/abogado-de-lesiones-de-la-medula-espinal-en-solana-beach#primaryimage","url":"https:\/\/westcoasttriallawyers.com\/wp-content\/uploads\/2025\/07\/Solana-Beach-23.webp","contentUrl":"https:\/\/westcoasttriallawyers.com\/wp-content\/uploads\/2025\/07\/Solana-Beach-23.webp","width":557,"height":327},{"@type":"BreadcrumbList","@id":"https:\/\/westcoasttriallawyers.com\/es\/california\/solana-beach\/abogado-de-lesiones-de-la-medula-espinal-en-solana-beach#breadcrumb","itemListElement":[{"@type":"ListItem","position":1,"name":"Inicio","item":"https:\/\/westcoasttriallawyers.com\/es"},{"@type":"ListItem","position":2,"name":"California","item":"https:\/\/westcoasttriallawyers.com\/es\/california"},{"@type":"ListItem","position":3,"name":"Solana Beach","item":"https:\/\/westcoasttriallawyers.com\/es\/california\/solana-beach"},{"@type":"ListItem","position":4,"name":"Abogado de lesiones de la m\u00e9dula espinal en Solana Beach"}]},{"@type":"WebSite","@id":"https:\/\/westcoasttriallawyers.com\/es#website","url":"https:\/\/westcoasttriallawyers.com\/es","name":"West Coast Trial Lawyers","description":"West Coast Trial Lawyers","publisher":{"@id":"https:\/\/westcoasttriallawyers.com\/es#organization"},"alternateName":"WCTL","potentialAction":[{"@type":"SearchAction","target":{"@type":"EntryPoint","urlTemplate":"https:\/\/westcoasttriallawyers.com\/es?s={search_term_string}"},"query-input":{"@type":"PropertyValueSpecification","valueRequired":true,"valueName":"search_term_string"}}],"inLanguage":"es"},{"@type":"Organization","@id":"https:\/\/westcoasttriallawyers.com\/es#organization","name":"West Coast Trial Lawyers","alternateName":"WCTL","url":"https:\/\/westcoasttriallawyers.com\/es","logo":{"@type":"ImageObject","inLanguage":"es","@id":"https:\/\/westcoasttriallawyers.com\/es#\/schema\/logo\/image\/","url":"https:\/\/westcoasttriallawyers.com\/wp-content\/uploads\/2026\/02\/WCTL-Logo.jpg","contentUrl":"https:\/\/westcoasttriallawyers.com\/wp-content\/uploads\/2026\/02\/WCTL-Logo.jpg","width":696,"height":696,"caption":"West Coast Trial Lawyers"},"image":{"@id":"https:\/\/westcoasttriallawyers.com\/es#\/schema\/logo\/image\/"},"sameAs":["https:\/\/www.facebook.com\/westcoasttriallawyers\/","https:\/\/x.com\/WestCoastTrial","https:\/\/www.linkedin.com\/company\/west-coast-trial-lawyers\/","https:\/\/www.instagram.com\/westcoasttriallawyers\/","https:\/\/www.yelp.com\/biz\/west-coast-trial-lawyers-los-angeles-2","https:\/\/www.pinterest.com\/westcoasttrial\/","https:\/\/www.youtube.com\/westcoasttriallawyersla\/","https:\/\/www.tiktok.com\/westcoasttriallawyers"],"description":"West Coast Trial Lawyers is a top-rated personal injury law firm with a goal to provide expert legal representation to those in need. The law firm has offices across California, Nevada, Arizona, and Washington.","legalName":"West Coast Trial Lawyers"}]}},"_links":{"self":[{"href":"https:\/\/westcoasttriallawyers.com\/es\/wp-json\/wp\/v2\/pages\/12534","targetHints":{"allow":["GET"]}}],"collection":[{"href":"https:\/\/westcoasttriallawyers.com\/es\/wp-json\/wp\/v2\/pages"}],"about":[{"href":"https:\/\/westcoasttriallawyers.com\/es\/wp-json\/wp\/v2\/types\/page"}],"author":[{"embeddable":true,"href":"https:\/\/westcoasttriallawyers.com\/es\/wp-json\/wp\/v2\/users\/475"}],"replies":[{"embeddable":true,"href":"https:\/\/westcoasttriallawyers.com\/es\/wp-json\/wp\/v2\/comments?post=12534"}],"version-history":[{"count":3,"href":"https:\/\/westcoasttriallawyers.com\/es\/wp-json\/wp\/v2\/pages\/12534\/revisions"}],"predecessor-version":[{"id":48017,"href":"https:\/\/westcoasttriallawyers.com\/es\/wp-json\/wp\/v2\/pages\/12534\/revisions\/48017"}],"up":[{"embeddable":true,"href":"https:\/\/westcoasttriallawyers.com\/es\/wp-json\/wp\/v2\/pages\/47427"}],"wp:featuredmedia":[{"embeddable":true,"href":"https:\/\/westcoasttriallawyers.com\/es\/wp-json\/wp\/v2\/media\/46468"}],"wp:attachment":[{"href":"https:\/\/westcoasttriallawyers.com\/es\/wp-json\/wp\/v2\/media?parent=12534"}],"curies":[{"name":"wp","href":"https:\/\/api.w.org\/{rel}","templated":true}]}}