{"id":12531,"date":"2026-01-14T17:04:43","date_gmt":"2026-01-14T17:04:43","guid":{"rendered":"https:\/\/wctl1stg.wpengine.com\/?page_id=12531"},"modified":"2026-01-22T15:21:50","modified_gmt":"2026-01-22T15:21:50","slug":"abogado-de-accidentes-de-autobus-en-solana-beach","status":"publish","type":"page","link":"https:\/\/westcoasttriallawyers.com\/es\/california\/solana-beach\/abogado-de-accidentes-de-autobus-en-solana-beach","title":{"rendered":"Abogado de accidentes de autob\u00fas en Solana Beach"},"content":{"rendered":"<h2><strong>Pasos que debe considerar tomar despu\u00e9s de un accidente de autob\u00fas en Solana Beach<\/strong><\/h2>\n<p>Solana Beach tiene 9 rutas disponibles para que los peatones las usen como transporte. Proporcionar una cantidad adecuada de rutas facilitar\u00e1 que las personas utilicen los servicios de autob\u00fas. Muchos peatones favorecen la idea de usar los autobuses debido a su comodidad y asequibilidad. Sin embargo, ha habido varias circunstancias en las que los conductores de autobuses u otros conductores han exhibido actos de negligencia en la carretera que resultaron en colisiones graves. El exceso de velocidad, la intoxicaci\u00f3n y la distracci\u00f3n son algunos de los factores que han contribuido a este tipo de accidentes.<\/p>\n<p>Si fue v\u00edctima de un accidente de autob\u00fas y desea contratar a un abogado para que lo ayude a presentar una demanda contra el conductor culpable, los abogados litigantes de la costa oeste lo ayudar\u00e1n a obtener la justicia que merece por sus p\u00e9rdidas. Nuestros abogados de Solana Beach tienen m\u00e1s de 60 a\u00f1os de experiencia legal colectiva en el manejo de casos de lesiones personales. Hemos adquirido m\u00e1s de $1 mil millones en acuerdos y juicios para nuestros clientes.<\/p>\n<p>No tenemos riesgos financieros involucrados en nuestros servicios. No se le cobrar\u00e1 ninguna tarifa hasta que su caso haya sido resuelto. Para programar una consulta gratuita y sin compromiso en nuestro bufete de abogados de lesiones personales de Solana Beach, comun\u00edquese con nuestro equipo legal las 24 horas, los 7 d\u00edas de la semana llamando al 213-927-3700 o enviando un correo electr\u00f3nico a\u00a0<a href=\"mailto:info@westcoasttriallawyers.com\">info@westcoasttriallawyers.com<\/a>.<\/p>\n<h2><strong>Qu\u00e9 hacer despu\u00e9s de un accidente de autob\u00fas<\/strong><\/h2>\n<p>A continuaci\u00f3n, nuestros abogados experimentados en lesiones personales de Solana Beach han creado una lista de pasos que debe seguir despu\u00e9s de un accidente de autob\u00fas.<\/p>\n<ul>\n<li><strong>Ponte a salvo.<\/strong> Si tiene la capacidad f\u00edsica para hacerlo, dir\u00edjase al \u00e1rea segura m\u00e1s cercana. Trate de ayudar a las otras partes involucradas a ponerse a salvo tambi\u00e9n.<\/li>\n<li><strong>Comun\u00edquese con el 911.<\/strong> Si nota alg\u00fan da\u00f1o o lesi\u00f3n, debe llamar al 911 de inmediato. La polic\u00eda llegar\u00e1 al lugar del accidente y realizar\u00e1 un informe policial oficial. Los param\u00e9dicos tambi\u00e9n pueden estar presentes para brindar atenci\u00f3n m\u00e9dica inmediata a quienes la necesiten.<\/li>\n<li><strong>Hable con un testigo.<\/strong> Revisa tu entorno. Si observa alg\u00fan testigo cerca, debe pedir su consentimiento para adquirir su informaci\u00f3n de contacto. Los testimonios de los testigos pueden ayudar a respaldar su reclamo.<\/li>\n<li><strong>Recopilar informaci\u00f3n.<\/strong> Intente tomar fotograf\u00edas o videos de sus lesiones, da\u00f1os y el lugar donde ocurri\u00f3 el accidente. Tambi\u00e9n debe documentar su perspectiva incluyendo:\n<ul>\n<li>Documentaci\u00f3n de lo que vio antes, durante y despu\u00e9s de la colisi\u00f3n.<\/li>\n<li>Fecha y hora de los eventos que se desarrollaron antes, durante y despu\u00e9s de la colisi\u00f3n.<\/li>\n<li>Informaci\u00f3n de contacto del testigo.<\/li>\n<li>N\u00famero de placa de polic\u00eda, n\u00famero de licencia y copia del informe policial oficial.<\/li>\n<\/ul>\n<\/li>\n<li><strong>Contrate a un abogado de accidentes de autob\u00fas.<\/strong> Un abogado de accidentes de autob\u00fas de Solana Beach lo ayudar\u00e1 a fortalecer su reclamo, negociar\u00e1 con las compa\u00f1\u00edas de seguros y obtendr\u00e1 la compensaci\u00f3n que merece por sus p\u00e9rdidas, incluidas las facturas m\u00e9dicas, los salarios perdidos, los da\u00f1os a la propiedad y el dolor y el sufrimiento.<\/li>\n<\/ul>\n<h2><strong>Seguro de autob\u00fas<\/strong><\/h2>\n<p>Para permanecer protegido financieramente de un accidente, se recomienda encarecidamente que los conductores de autobuses tengan un seguro, como:<\/p>\n<ul>\n<li><strong>Cobertura de colisi\u00f3n.<\/strong> Esto compensar\u00e1 los da\u00f1os del veh\u00edculo independientemente de si usted tuvo o no la culpa del accidente.\n<ul>\n<li><strong>Ejemplo:<\/strong> Usted accidentalmente choca por detr\u00e1s un veh\u00edculo frente a usted. Su seguro de responsabilidad civil compensar\u00e1 los da\u00f1os causados \u200b\u200bal veh\u00edculo del individuo. El seguro tambi\u00e9n cubrir\u00e1 los da\u00f1os en su veh\u00edculo. Sin embargo, se espera que pague un deducible de $ 500 de su bolsillo antes de reparar o reemplazar su veh\u00edculo de acuerdo con la cantidad de da\u00f1o que se le haya causado.<\/li>\n<\/ul>\n<\/li>\n<li><strong>Cobertura de lesiones corporales:<\/strong> esto lo proteger\u00e1 si caus\u00f3 lesiones en un accidente.\n<ul>\n<li><strong>Ejemplo:<\/strong> El conductor del autob\u00fas not\u00f3 que un veh\u00edculo adelante hizo una parada repentina. Desafortunadamente, el conductor del autob\u00fas no puede detenerse por completo y golpea el autom\u00f3vil por detr\u00e1s. El conductor del autom\u00f3vil present\u00f3 una demanda por latigazo cervical unas semanas despu\u00e9s. Al usar la cobertura de lesiones corporales, el conductor del autob\u00fas no tendr\u00e1 que sacar dinero de su bolsillo para pagar los da\u00f1os econ\u00f3micos y\/o no econ\u00f3micos que sufri\u00f3 el conductor del autom\u00f3vil. Esta cobertura ofrece $15,000 por lesiones o muerte de una persona involucrada en un accidente que usted haya causado, $5,000 por da\u00f1os a la propiedad que usted haya causado y $30,000 por lesiones o muerte de m\u00e1s de una persona involucrada en un accidente que usted haya causado.<\/li>\n<\/ul>\n<\/li>\n<li><strong>Cobertura de pago m\u00e9dico.<\/strong> Esto pagar\u00e1 sus gastos m\u00e9dicos y los de su pasajero por la colisi\u00f3n. Esto tambi\u00e9n compensar\u00e1 a los pasajeros que no posean ning\u00fan seguro de salud y a las v\u00edctimas lesionadas que tengan un seguro de salud con deducible alto.\n<ul>\n<li><strong>Ejemplo:<\/strong> Tu amigo, Adam, te lleva a casa en su auto. Durante el viaje de regreso a casa, un veh\u00edculo choca repentinamente contra el auto de Adam. Sufre lesiones en el cuello y la espalda por el intenso impacto y debe buscar atenci\u00f3n m\u00e9dica inmediata. Como estaba en el veh\u00edculo de otra persona, recibir\u00e1 cobertura de pago m\u00e9dico para compensar sus gastos m\u00e9dicos. Esto incluye sus visitas al hospital y pruebas, como radiograf\u00edas, tomograf\u00edas computarizadas y resonancias magn\u00e9ticas. No hay deducibles involucrados en esta cobertura.<\/li>\n<\/ul>\n<\/li>\n<li><strong>Cobertura completa.<\/strong> Este seguro cubrir\u00e1 sus p\u00e9rdidas causadas por robo, condiciones clim\u00e1ticas o vandalismo.\n<ul>\n<li><strong>Ejemplo:<\/strong> deja su autom\u00f3vil estacionado afuera en un d\u00eda lluvioso. A medida que avanza el d\u00eda, la lluvia comienza a intensificarse. El granizo comienza a caer sobre su veh\u00edculo y crea varias grietas en su parabrisas. En este tipo de circunstancias, su compa\u00f1\u00eda de seguros lo ayudar\u00e1 brind\u00e1ndole una compensaci\u00f3n por los da\u00f1os. Sin embargo, primero tendr\u00eda que pagar el deducible de su seguro de $500.<\/li>\n<\/ul>\n<\/li>\n<li><strong>Cobertura de motorista sin seguro o con seguro insuficiente.<\/strong> Esto compensar\u00e1 los da\u00f1os si el conductor culpable no puede cubrirlo por s\u00ed mismo.\n<ul>\n<li><strong>Ejemplo:<\/strong> tuvo un accidente con otro conductor y ahora sufre una lesi\u00f3n en el cuello. Cuando te diriges a hablar con el otro conductor, descubres que no tienen seguro para cubrir los da\u00f1os. Usted o su abogado deben comunicarse con su compa\u00f1\u00eda de seguros y notificarles sobre este problema. Su compa\u00f1\u00eda de seguros responde mencionando que pagar\u00e1 por cualquier da\u00f1o que no haya sido pagado parcial o totalmente por el conductor culpable. Esto incluye los gastos m\u00e9dicos para el tratamiento relacionado con la lesi\u00f3n causada por la colisi\u00f3n. No hay deducibles involucrados en este seguro.<\/li>\n<\/ul>\n<\/li>\n<\/ul>\n<h2><strong>Cont\u00e1ctenos<\/strong><\/h2>\n<p>Si es v\u00edctima de un accidente de autob\u00fas, los abogados litigantes de la costa oeste le brindar\u00e1n la justicia que se merece. Nuestros abogados con experiencia en accidentes de autob\u00fas en Solana Beach lo ayudar\u00e1n a obtener una compensaci\u00f3n financiera y emocional, incluidas facturas m\u00e9dicas, salarios perdidos, da\u00f1os a la propiedad, angustia emocional y dolor y sufrimiento.<\/p>\n<p>Ofrecemos una consulta gratuita y sin compromiso con los abogados de nuestra firma. Comun\u00edquese con nuestro amigable equipo legal las 24 horas del d\u00eda, los 7 d\u00edas de la semana llamando al 213-927-3700 o enviando un correo electr\u00f3nico a info@westcoasttriallawyers.com.<\/p>\n<p><!-- WCTL_DEBUG: no shortcode in this_content --><\/p>\n","protected":false},"excerpt":{"rendered":"<p>Pasos que debe considerar tomar despu\u00e9s de un accidente de autob\u00fas en Solana Beach Solana Beach tiene 9 rutas disponibles para que los peatones las usen como transporte. Proporcionar una cantidad adecuada de rutas facilitar\u00e1 que las personas utilicen los servicios de autob\u00fas. Muchos peatones favorecen la idea de usar los autobuses debido a su [&hellip;]<\/p>\n","protected":false},"author":475,"featured_media":46453,"parent":47427,"menu_order":0,"comment_status":"closed","ping_status":"closed","template":"","meta":{"inline_featured_image":false,"footnotes":""},"class_list":["post-12531","page","type-page","status-publish","has-post-thumbnail","hentry"],"acf":[],"yoast_head":"<!-- This site is optimized with the Yoast SEO Premium plugin v26.0 (Yoast SEO v26.0) - https:\/\/yoast.com\/wordpress\/plugins\/seo\/ -->\n<title>Abogado de accidentes de autob\u00fas en Solana Beach | West Coast Trial Lawyers<\/title>\n<meta name=\"robots\" content=\"index, follow, max-snippet:-1, max-image-preview:large, max-video-preview:-1\" \/>\n<link rel=\"canonical\" href=\"https:\/\/westcoasttriallawyers.com\/es\/california\/solana-beach\/abogado-de-accidentes-de-autobus-en-solana-beach\" \/>\n<meta property=\"og:locale\" content=\"es_ES\" \/>\n<meta property=\"og:type\" content=\"article\" \/>\n<meta property=\"og:title\" content=\"Abogado de accidentes de autob\u00fas en Solana Beach\" \/>\n<meta property=\"og:description\" content=\"Pasos que debe considerar tomar despu\u00e9s de un accidente de autob\u00fas en Solana Beach Solana Beach tiene 9 rutas disponibles para que los peatones las usen como transporte. Proporcionar una cantidad adecuada de rutas facilitar\u00e1 que las personas utilicen los servicios de autob\u00fas. Muchos peatones favorecen la idea de usar los autobuses debido a su [&hellip;]\" \/>\n<meta property=\"og:url\" content=\"https:\/\/westcoasttriallawyers.com\/es\/california\/solana-beach\/abogado-de-accidentes-de-autobus-en-solana-beach\" \/>\n<meta property=\"og:site_name\" content=\"West Coast Trial Lawyers\" \/>\n<meta property=\"article:publisher\" content=\"https:\/\/www.facebook.com\/westcoasttriallawyers\/\" \/>\n<meta property=\"article:modified_time\" content=\"2026-01-22T15:21:50+00:00\" \/>\n<meta property=\"og:image\" content=\"https:\/\/westcoasttriallawyers.com\/wp-content\/uploads\/2025\/07\/Solana-Beach-17.webp\" \/>\n\t<meta property=\"og:image:width\" content=\"557\" \/>\n\t<meta property=\"og:image:height\" content=\"327\" \/>\n\t<meta property=\"og:image:type\" content=\"image\/webp\" \/>\n<meta name=\"twitter:card\" content=\"summary_large_image\" \/>\n<meta name=\"twitter:site\" content=\"@WestCoastTrial\" \/>\n<meta name=\"twitter:label1\" content=\"Tiempo de lectura\" \/>\n\t<meta name=\"twitter:data1\" content=\"6 minutos\" \/>\n<script type=\"application\/ld+json\" class=\"yoast-schema-graph\">{\"@context\":\"https:\/\/schema.org\",\"@graph\":[{\"@type\":[\"WebPage\",\"ItemPage\"],\"@id\":\"https:\/\/westcoasttriallawyers.com\/es\/california\/solana-beach\/abogado-de-accidentes-de-autobus-en-solana-beach\",\"url\":\"https:\/\/westcoasttriallawyers.com\/es\/california\/solana-beach\/abogado-de-accidentes-de-autobus-en-solana-beach\",\"name\":\"Abogado de accidentes de autob\u00fas en Solana Beach | West Coast Trial Lawyers\",\"isPartOf\":{\"@id\":\"https:\/\/westcoasttriallawyers.com\/es#website\"},\"primaryImageOfPage\":{\"@id\":\"https:\/\/westcoasttriallawyers.com\/es\/california\/solana-beach\/abogado-de-accidentes-de-autobus-en-solana-beach#primaryimage\"},\"image\":{\"@id\":\"https:\/\/westcoasttriallawyers.com\/es\/california\/solana-beach\/abogado-de-accidentes-de-autobus-en-solana-beach#primaryimage\"},\"thumbnailUrl\":\"https:\/\/westcoasttriallawyers.com\/wp-content\/uploads\/2025\/07\/Solana-Beach-17.webp\",\"datePublished\":\"2026-01-14T17:04:43+00:00\",\"dateModified\":\"2026-01-22T15:21:50+00:00\",\"breadcrumb\":{\"@id\":\"https:\/\/westcoasttriallawyers.com\/es\/california\/solana-beach\/abogado-de-accidentes-de-autobus-en-solana-beach#breadcrumb\"},\"inLanguage\":\"es\",\"potentialAction\":[{\"@type\":\"ReadAction\",\"target\":[\"https:\/\/westcoasttriallawyers.com\/es\/california\/solana-beach\/abogado-de-accidentes-de-autobus-en-solana-beach\"]}]},{\"@type\":\"ImageObject\",\"inLanguage\":\"es\",\"@id\":\"https:\/\/westcoasttriallawyers.com\/es\/california\/solana-beach\/abogado-de-accidentes-de-autobus-en-solana-beach#primaryimage\",\"url\":\"https:\/\/westcoasttriallawyers.com\/wp-content\/uploads\/2025\/07\/Solana-Beach-17.webp\",\"contentUrl\":\"https:\/\/westcoasttriallawyers.com\/wp-content\/uploads\/2025\/07\/Solana-Beach-17.webp\",\"width\":557,\"height\":327},{\"@type\":\"BreadcrumbList\",\"@id\":\"https:\/\/westcoasttriallawyers.com\/es\/california\/solana-beach\/abogado-de-accidentes-de-autobus-en-solana-beach#breadcrumb\",\"itemListElement\":[{\"@type\":\"ListItem\",\"position\":1,\"name\":\"Inicio\",\"item\":\"https:\/\/westcoasttriallawyers.com\/es\"},{\"@type\":\"ListItem\",\"position\":2,\"name\":\"California\",\"item\":\"https:\/\/westcoasttriallawyers.com\/es\/california\"},{\"@type\":\"ListItem\",\"position\":3,\"name\":\"Solana Beach\",\"item\":\"https:\/\/westcoasttriallawyers.com\/es\/california\/solana-beach\"},{\"@type\":\"ListItem\",\"position\":4,\"name\":\"Abogado de accidentes de autob\u00fas en Solana Beach\"}]},{\"@type\":\"WebSite\",\"@id\":\"https:\/\/westcoasttriallawyers.com\/es#website\",\"url\":\"https:\/\/westcoasttriallawyers.com\/es\",\"name\":\"West Coast Trial Lawyers\",\"description\":\"West Coast Trial Lawyers\",\"publisher\":{\"@id\":\"https:\/\/westcoasttriallawyers.com\/es#organization\"},\"alternateName\":\"WCTL\",\"potentialAction\":[{\"@type\":\"SearchAction\",\"target\":{\"@type\":\"EntryPoint\",\"urlTemplate\":\"https:\/\/westcoasttriallawyers.com\/es?s={search_term_string}\"},\"query-input\":{\"@type\":\"PropertyValueSpecification\",\"valueRequired\":true,\"valueName\":\"search_term_string\"}}],\"inLanguage\":\"es\"},{\"@type\":\"Organization\",\"@id\":\"https:\/\/westcoasttriallawyers.com\/es#organization\",\"name\":\"West Coast Trial Lawyers\",\"alternateName\":\"WCTL\",\"url\":\"https:\/\/westcoasttriallawyers.com\/es\",\"logo\":{\"@type\":\"ImageObject\",\"inLanguage\":\"es\",\"@id\":\"https:\/\/westcoasttriallawyers.com\/es#\/schema\/logo\/image\/\",\"url\":\"https:\/\/westcoasttriallawyers.com\/wp-content\/uploads\/2026\/02\/WCTL-Logo.jpg\",\"contentUrl\":\"https:\/\/westcoasttriallawyers.com\/wp-content\/uploads\/2026\/02\/WCTL-Logo.jpg\",\"width\":696,\"height\":696,\"caption\":\"West Coast Trial Lawyers\"},\"image\":{\"@id\":\"https:\/\/westcoasttriallawyers.com\/es#\/schema\/logo\/image\/\"},\"sameAs\":[\"https:\/\/www.facebook.com\/westcoasttriallawyers\/\",\"https:\/\/x.com\/WestCoastTrial\",\"https:\/\/www.linkedin.com\/company\/west-coast-trial-lawyers\/\",\"https:\/\/www.instagram.com\/westcoasttriallawyers\/\",\"https:\/\/www.yelp.com\/biz\/west-coast-trial-lawyers-los-angeles-2\",\"https:\/\/www.pinterest.com\/westcoasttrial\/\",\"https:\/\/www.youtube.com\/westcoasttriallawyersla\/\",\"https:\/\/www.tiktok.com\/westcoasttriallawyers\"],\"description\":\"West Coast Trial Lawyers is a top-rated personal injury law firm with a goal to provide expert legal representation to those in need. The law firm has offices across California, Nevada, Arizona, and Washington.\",\"legalName\":\"West Coast Trial Lawyers\"}]}<\/script>\n<!-- \/ Yoast SEO Premium plugin. -->","yoast_head_json":{"title":"Abogado de accidentes de autob\u00fas en Solana Beach | West Coast Trial Lawyers","robots":{"index":"index","follow":"follow","max-snippet":"max-snippet:-1","max-image-preview":"max-image-preview:large","max-video-preview":"max-video-preview:-1"},"canonical":"https:\/\/westcoasttriallawyers.com\/es\/california\/solana-beach\/abogado-de-accidentes-de-autobus-en-solana-beach","og_locale":"es_ES","og_type":"article","og_title":"Abogado de accidentes de autob\u00fas en Solana Beach","og_description":"Pasos que debe considerar tomar despu\u00e9s de un accidente de autob\u00fas en Solana Beach Solana Beach tiene 9 rutas disponibles para que los peatones las usen como transporte. Proporcionar una cantidad adecuada de rutas facilitar\u00e1 que las personas utilicen los servicios de autob\u00fas. Muchos peatones favorecen la idea de usar los autobuses debido a su [&hellip;]","og_url":"https:\/\/westcoasttriallawyers.com\/es\/california\/solana-beach\/abogado-de-accidentes-de-autobus-en-solana-beach","og_site_name":"West Coast Trial Lawyers","article_publisher":"https:\/\/www.facebook.com\/westcoasttriallawyers\/","article_modified_time":"2026-01-22T15:21:50+00:00","og_image":[{"width":557,"height":327,"url":"https:\/\/westcoasttriallawyers.com\/wp-content\/uploads\/2025\/07\/Solana-Beach-17.webp","type":"image\/webp"}],"twitter_card":"summary_large_image","twitter_site":"@WestCoastTrial","twitter_misc":{"Tiempo de lectura":"6 minutos"},"schema":{"@context":"https:\/\/schema.org","@graph":[{"@type":["WebPage","ItemPage"],"@id":"https:\/\/westcoasttriallawyers.com\/es\/california\/solana-beach\/abogado-de-accidentes-de-autobus-en-solana-beach","url":"https:\/\/westcoasttriallawyers.com\/es\/california\/solana-beach\/abogado-de-accidentes-de-autobus-en-solana-beach","name":"Abogado de accidentes de autob\u00fas en Solana Beach | West Coast Trial Lawyers","isPartOf":{"@id":"https:\/\/westcoasttriallawyers.com\/es#website"},"primaryImageOfPage":{"@id":"https:\/\/westcoasttriallawyers.com\/es\/california\/solana-beach\/abogado-de-accidentes-de-autobus-en-solana-beach#primaryimage"},"image":{"@id":"https:\/\/westcoasttriallawyers.com\/es\/california\/solana-beach\/abogado-de-accidentes-de-autobus-en-solana-beach#primaryimage"},"thumbnailUrl":"https:\/\/westcoasttriallawyers.com\/wp-content\/uploads\/2025\/07\/Solana-Beach-17.webp","datePublished":"2026-01-14T17:04:43+00:00","dateModified":"2026-01-22T15:21:50+00:00","breadcrumb":{"@id":"https:\/\/westcoasttriallawyers.com\/es\/california\/solana-beach\/abogado-de-accidentes-de-autobus-en-solana-beach#breadcrumb"},"inLanguage":"es","potentialAction":[{"@type":"ReadAction","target":["https:\/\/westcoasttriallawyers.com\/es\/california\/solana-beach\/abogado-de-accidentes-de-autobus-en-solana-beach"]}]},{"@type":"ImageObject","inLanguage":"es","@id":"https:\/\/westcoasttriallawyers.com\/es\/california\/solana-beach\/abogado-de-accidentes-de-autobus-en-solana-beach#primaryimage","url":"https:\/\/westcoasttriallawyers.com\/wp-content\/uploads\/2025\/07\/Solana-Beach-17.webp","contentUrl":"https:\/\/westcoasttriallawyers.com\/wp-content\/uploads\/2025\/07\/Solana-Beach-17.webp","width":557,"height":327},{"@type":"BreadcrumbList","@id":"https:\/\/westcoasttriallawyers.com\/es\/california\/solana-beach\/abogado-de-accidentes-de-autobus-en-solana-beach#breadcrumb","itemListElement":[{"@type":"ListItem","position":1,"name":"Inicio","item":"https:\/\/westcoasttriallawyers.com\/es"},{"@type":"ListItem","position":2,"name":"California","item":"https:\/\/westcoasttriallawyers.com\/es\/california"},{"@type":"ListItem","position":3,"name":"Solana Beach","item":"https:\/\/westcoasttriallawyers.com\/es\/california\/solana-beach"},{"@type":"ListItem","position":4,"name":"Abogado de accidentes de autob\u00fas en Solana Beach"}]},{"@type":"WebSite","@id":"https:\/\/westcoasttriallawyers.com\/es#website","url":"https:\/\/westcoasttriallawyers.com\/es","name":"West Coast Trial Lawyers","description":"West Coast Trial Lawyers","publisher":{"@id":"https:\/\/westcoasttriallawyers.com\/es#organization"},"alternateName":"WCTL","potentialAction":[{"@type":"SearchAction","target":{"@type":"EntryPoint","urlTemplate":"https:\/\/westcoasttriallawyers.com\/es?s={search_term_string}"},"query-input":{"@type":"PropertyValueSpecification","valueRequired":true,"valueName":"search_term_string"}}],"inLanguage":"es"},{"@type":"Organization","@id":"https:\/\/westcoasttriallawyers.com\/es#organization","name":"West Coast Trial Lawyers","alternateName":"WCTL","url":"https:\/\/westcoasttriallawyers.com\/es","logo":{"@type":"ImageObject","inLanguage":"es","@id":"https:\/\/westcoasttriallawyers.com\/es#\/schema\/logo\/image\/","url":"https:\/\/westcoasttriallawyers.com\/wp-content\/uploads\/2026\/02\/WCTL-Logo.jpg","contentUrl":"https:\/\/westcoasttriallawyers.com\/wp-content\/uploads\/2026\/02\/WCTL-Logo.jpg","width":696,"height":696,"caption":"West Coast Trial Lawyers"},"image":{"@id":"https:\/\/westcoasttriallawyers.com\/es#\/schema\/logo\/image\/"},"sameAs":["https:\/\/www.facebook.com\/westcoasttriallawyers\/","https:\/\/x.com\/WestCoastTrial","https:\/\/www.linkedin.com\/company\/west-coast-trial-lawyers\/","https:\/\/www.instagram.com\/westcoasttriallawyers\/","https:\/\/www.yelp.com\/biz\/west-coast-trial-lawyers-los-angeles-2","https:\/\/www.pinterest.com\/westcoasttrial\/","https:\/\/www.youtube.com\/westcoasttriallawyersla\/","https:\/\/www.tiktok.com\/westcoasttriallawyers"],"description":"West Coast Trial Lawyers is a top-rated personal injury law firm with a goal to provide expert legal representation to those in need. The law firm has offices across California, Nevada, Arizona, and Washington.","legalName":"West Coast Trial Lawyers"}]}},"_links":{"self":[{"href":"https:\/\/westcoasttriallawyers.com\/es\/wp-json\/wp\/v2\/pages\/12531","targetHints":{"allow":["GET"]}}],"collection":[{"href":"https:\/\/westcoasttriallawyers.com\/es\/wp-json\/wp\/v2\/pages"}],"about":[{"href":"https:\/\/westcoasttriallawyers.com\/es\/wp-json\/wp\/v2\/types\/page"}],"author":[{"embeddable":true,"href":"https:\/\/westcoasttriallawyers.com\/es\/wp-json\/wp\/v2\/users\/475"}],"replies":[{"embeddable":true,"href":"https:\/\/westcoasttriallawyers.com\/es\/wp-json\/wp\/v2\/comments?post=12531"}],"version-history":[{"count":3,"href":"https:\/\/westcoasttriallawyers.com\/es\/wp-json\/wp\/v2\/pages\/12531\/revisions"}],"predecessor-version":[{"id":48008,"href":"https:\/\/westcoasttriallawyers.com\/es\/wp-json\/wp\/v2\/pages\/12531\/revisions\/48008"}],"up":[{"embeddable":true,"href":"https:\/\/westcoasttriallawyers.com\/es\/wp-json\/wp\/v2\/pages\/47427"}],"wp:featuredmedia":[{"embeddable":true,"href":"https:\/\/westcoasttriallawyers.com\/es\/wp-json\/wp\/v2\/media\/46453"}],"wp:attachment":[{"href":"https:\/\/westcoasttriallawyers.com\/es\/wp-json\/wp\/v2\/media?parent=12531"}],"curies":[{"name":"wp","href":"https:\/\/api.w.org\/{rel}","templated":true}]}}