{"id":12529,"date":"2026-01-14T17:04:44","date_gmt":"2026-01-14T17:04:44","guid":{"rendered":"https:\/\/wctl1stg.wpengine.com\/?page_id=12529"},"modified":"2026-01-22T15:31:03","modified_gmt":"2026-01-22T15:31:03","slug":"abogado-de-accidentes-de-camiones-en-solana-beach","status":"publish","type":"page","link":"https:\/\/westcoasttriallawyers.com\/es\/california\/solana-beach\/abogado-de-accidentes-de-camiones-en-solana-beach","title":{"rendered":"Abogado de accidentes de camiones en Solana Beach"},"content":{"rendered":"<h2><strong>\u00bfQui\u00e9n podr\u00eda ser responsable de un accidente de cami\u00f3n en Solana Beach?<\/strong><\/h2>\n<p>Los conductores tienen miedo de verse involucrados en un accidente de cami\u00f3n. Esto se debe principalmente al gran tama\u00f1o y forma de un cami\u00f3n. Aquellos que rodean el cami\u00f3n pueden realizar acciones negligentes para mantenerse lo m\u00e1s lejos posible del cami\u00f3n. Esto puede causar un accidente si el conductor no es lo suficientemente cuidadoso con su observaci\u00f3n de la carretera. Los camioneros tambi\u00e9n har\u00e1n movimientos peligrosos en la carretera que van en contra de las normas de seguridad. Esto es para evitar que se retrasen en sus horarios. Desafortunadamente, esto tambi\u00e9n podr\u00eda aumentar las posibilidades de una colisi\u00f3n. Incluso si el conductor del cami\u00f3n tiene experiencia, no es mejor para ellos ir en contra de las reglas de tr\u00e1nsito.<\/p>\n<p>Si usted es v\u00edctima de un accidente de cami\u00f3n y desea presentar una demanda contra el conductor culpable, West Coast Trial Lawyers tiene abogados de accidentes de camiones en Solana Beach con m\u00e1s de 60 a\u00f1os de experiencia legal colectiva en el manejo de casos de lesiones personales. Hemos ganado m\u00e1s de 5000 casos y adquirido m\u00e1s de mil millones de d\u00f3lares en acuerdos y sentencias para nuestros clientes. Debido a nuestro \u00e9xito con la satisfacci\u00f3n del cliente, hemos sido reconocidos como uno de los mejores bufetes de abogados de lesiones personales en Solana Beach.<\/p>\n<p>Nuestros servicios no incluyen ning\u00fan riesgo financiero. No le cobraremos honorarios hasta que su caso haya sido resuelto. Si desea programar una consulta gratuita y sin compromiso en nuestro bufete de abogados de lesiones personales de Solana Beach, comun\u00edquese con nuestro equipo legal las 24 horas, los 7 d\u00edas de la semana llamando al 213-927-3700 o enviando un correo electr\u00f3nico a\u00a0<a href=\"mailto:info@westcoasttriallawyers.com\">info@westcoasttriallawyers.com<\/a>.<\/p>\n<h2><strong>Responsabilidad por accidentes de camiones<\/strong><\/h2>\n<p>Determinar la responsabilidad de un accidente de cami\u00f3n puede ser dif\u00edcil. Varias partes pueden ser consideradas responsables en este tipo de situaci\u00f3n catastr\u00f3fica. Esto incluye:<\/p>\n<ul>\n<li>Conductor de cami\u00f3n<\/li>\n<li>empresa de camiones y\/o<\/li>\n<li>fabricante de camiones<\/li>\n<\/ul>\n<p>California se identifica como un estado de responsabilidad comparativa. Puede presentar una demanda por los da\u00f1os causados \u200b\u200bpor el accidente. Esto se aplica independientemente de si usted tuvo o no la culpa del accidente del cami\u00f3n.<\/p>\n<p>La prueba de la responsabilidad debe involucrar una o ambas teor\u00edas legales, que son la negligencia y la responsabilidad estricta. Seg\u00fan la ley de negligencia de California, los conductores de camiones que son declarados responsables de negligencia pueden ser responsables de causar lesiones y da\u00f1os a todas las partes involucradas. Los conductores que resulten lesionados debido a la negligencia del conductor de un cami\u00f3n tendr\u00e1n derecho a presentar una demanda por lesiones personales. El conductor lesionado debe probar que la negligencia del conductor del cami\u00f3n es lo que caus\u00f3 la colisi\u00f3n.<\/p>\n<p>En California, se consideran tres factores para determinar si hubo alg\u00fan tipo de negligencia durante un accidente de cami\u00f3n.<\/p>\n<ul>\n<li>El conductor del cami\u00f3n le deb\u00eda a la v\u00edctima un deber de cuidado<\/li>\n<li>El camionero incumpli\u00f3 su deber de diligencia al exhibir acciones negligentes<\/li>\n<li>El incumplimiento del conductor del cami\u00f3n fue principalmente la raz\u00f3n por la cual la v\u00edctima sufri\u00f3 p\u00e9rdidas.<\/li>\n<\/ul>\n<p>De acuerdo con la ley de responsabilidad estricta de California, los dise\u00f1adores de productos, los fabricantes y cualquier empresa involucrada en la publicaci\u00f3n abierta de un producto defectuoso pueden ser considerados responsables de causar un accidente. En un accidente de cami\u00f3n, estos dise\u00f1adores, fabricantes o empresas de productos pueden ser responsables de vender productos defectuosos:<\/p>\n<ul>\n<li>Frenos<\/li>\n<li>Neum\u00e1ticos<\/li>\n<li>Pedales de acelerador<\/li>\n<li>Componentes del motor\/transmisi\u00f3n<\/li>\n<li>Lazos o correas de carga<\/li>\n<\/ul>\n<h2><strong>Conductor de cami\u00f3n culpable<\/strong><\/h2>\n<p>Los camiones, de todo tipo, est\u00e1n sujetos a leyes y reglamentos estatales y federales. Sin embargo, hay algunos camioneros y empresas de camiones comerciales que eligen ignorar intencionalmente estas leyes de seguridad para cumplir con sus horarios y no quedarse atr\u00e1s. Los conductores de camiones suelen estar bajo mucha presi\u00f3n para cumplir con los plazos. Esto hace que sea m\u00e1s probable que el conductor del cami\u00f3n cometa acciones negligentes mientras est\u00e1 en la carretera.<\/p>\n<p>Seg\u00fan el C\u00f3digo de Veh\u00edculos 21702 VC, un conductor de cami\u00f3n puede ser acusado de un delito menor si trabaja durante m\u00e1s de doce horas consecutivas en la carretera dentro de un per\u00edodo de 24 horas. Cualquier conductor que viole este c\u00f3digo y tenga un accidente ser\u00e1 responsable de las lesiones y p\u00e9rdidas que haya causado.<\/p>\n<p>Aqu\u00ed hay una lista de actos negligentes que se pueden encontrar haciendo un conductor de cami\u00f3n:<\/p>\n<ol>\n<li>Enviar mensajes de texto y conducir<\/li>\n<li>Conducir en estado de ebriedad con drogas o alcohol<\/li>\n<li>Exceso de velocidad<\/li>\n<li>Desobedecer las leyes de tr\u00e1nsito<\/li>\n<li>No seguir las normas de seguridad.<\/li>\n<li>Cambios de carril peligrosos<\/li>\n<li>No ceder el paso a los peatones o conductores a quienes se les otorga un derecho de paso<\/li>\n<\/ol>\n<h2><strong>Da\u00f1os Disponibles<\/strong><\/h2>\n<p>Los da\u00f1os son un tipo de compensaci\u00f3n monetaria determinada por un tribunal de justicia para ayudar a compensar a una persona agraviada por cualquier p\u00e9rdida o lesi\u00f3n sufrida como resultado de la negligencia de alguien.<\/p>\n<p><strong>Los da\u00f1os econ\u00f3micos<\/strong> est\u00e1n destinados a compensar al demandante por las p\u00e9rdidas a las que se puede adjuntar f\u00e1cilmente una cantidad en d\u00f3lares. Los da\u00f1os econ\u00f3micos se calculan determinando la cantidad de p\u00e9rdidas de bolsillo que una persona agraviada tiene o esperar\u00e1 incurrir como resultado de sus lesiones. Algunos ejemplos de p\u00e9rdidas econ\u00f3micas incluyen la p\u00e9rdida de la capacidad de generar ingresos, las facturas m\u00e9dicas y la p\u00e9rdida de salarios.<\/p>\n<p><strong>Los da\u00f1os no econ\u00f3micos<\/strong> est\u00e1n destinados esencialmente a cubrir p\u00e9rdidas que se consideran subjetivas y no necesariamente cubrir\u00e1n p\u00e9rdidas de bolsillo. Los da\u00f1os no econ\u00f3micos pueden incluir compensaci\u00f3n por angustia emocional, dolor y sufrimiento, y p\u00e9rdida del disfrute de la vida.<\/p>\n<p>El tercer tipo de da\u00f1os que puede otorgar un tribunal de California se conoce como da\u00f1os punitivos. Los da\u00f1os punitivos tienen la intenci\u00f3n de ser un castigo y solo se otorgan cuando el comportamiento del acusado es especialmente da\u00f1ino. Los da\u00f1os punitivos son relativamente raros y, de hecho, solo se incorporaron en el 5 por ciento de todos los veredictos. No existe un est\u00e1ndar real establecido para calcular y otorgar da\u00f1os punitivos. Se otorga a discreci\u00f3n del tribunal y variar\u00e1 seg\u00fan las circunstancias espec\u00edficas de un caso.<\/p>\n<h2><strong>Cont\u00e1ctenos<\/strong><\/h2>\n<p>Si sufri\u00f3 lesiones en la ciudad de Solana Beach como resultado de un accidente de cami\u00f3n, los abogados litigantes de la costa oeste lo ayudar\u00e1n a recuperar una compensaci\u00f3n financiera y emocional por sus p\u00e9rdidas, incluidas las facturas m\u00e9dicas, la angustia emocional, los da\u00f1os a la propiedad, la p\u00e9rdida de salarios y el dolor y sufrimiento.<\/p>\n<p>Ll\u00e1menos hoy al 213-927-3700 o env\u00ede un correo electr\u00f3nico a info@westcoasttriallawyers.com para programar una consulta gratuita con nuestro equipo legal experimentado, atento y compasivo.<\/p>\n<p><!-- WCTL_DEBUG: no shortcode in this_content --><\/p>\n","protected":false},"excerpt":{"rendered":"<p>\u00bfQui\u00e9n podr\u00eda ser responsable de un accidente de cami\u00f3n en Solana Beach? Los conductores tienen miedo de verse involucrados en un accidente de cami\u00f3n. Esto se debe principalmente al gran tama\u00f1o y forma de un cami\u00f3n. Aquellos que rodean el cami\u00f3n pueden realizar acciones negligentes para mantenerse lo m\u00e1s lejos posible del cami\u00f3n. Esto puede [&hellip;]<\/p>\n","protected":false},"author":475,"featured_media":46458,"parent":47427,"menu_order":0,"comment_status":"closed","ping_status":"closed","template":"","meta":{"inline_featured_image":false,"footnotes":""},"class_list":["post-12529","page","type-page","status-publish","has-post-thumbnail","hentry"],"acf":[],"yoast_head":"<!-- This site is optimized with the Yoast SEO Premium plugin v26.0 (Yoast SEO v26.0) - https:\/\/yoast.com\/wordpress\/plugins\/seo\/ -->\n<title>Abogado de accidentes de camiones en Solana Beach | West Coast Trial Lawyers<\/title>\n<meta name=\"robots\" content=\"index, follow, max-snippet:-1, max-image-preview:large, max-video-preview:-1\" \/>\n<link rel=\"canonical\" href=\"https:\/\/westcoasttriallawyers.com\/es\/california\/solana-beach\/abogado-de-accidentes-de-camiones-en-solana-beach\" \/>\n<meta property=\"og:locale\" content=\"es_ES\" \/>\n<meta property=\"og:type\" content=\"article\" \/>\n<meta property=\"og:title\" content=\"Abogado de accidentes de camiones en Solana Beach\" \/>\n<meta property=\"og:description\" content=\"\u00bfQui\u00e9n podr\u00eda ser responsable de un accidente de cami\u00f3n en Solana Beach? Los conductores tienen miedo de verse involucrados en un accidente de cami\u00f3n. Esto se debe principalmente al gran tama\u00f1o y forma de un cami\u00f3n. Aquellos que rodean el cami\u00f3n pueden realizar acciones negligentes para mantenerse lo m\u00e1s lejos posible del cami\u00f3n. Esto puede [&hellip;]\" \/>\n<meta property=\"og:url\" content=\"https:\/\/westcoasttriallawyers.com\/es\/california\/solana-beach\/abogado-de-accidentes-de-camiones-en-solana-beach\" \/>\n<meta property=\"og:site_name\" content=\"West Coast Trial Lawyers\" \/>\n<meta property=\"article:publisher\" content=\"https:\/\/www.facebook.com\/westcoasttriallawyers\/\" \/>\n<meta property=\"article:modified_time\" content=\"2026-01-22T15:31:03+00:00\" \/>\n<meta property=\"og:image\" content=\"https:\/\/westcoasttriallawyers.com\/wp-content\/uploads\/2025\/07\/Solana-Beach-19.webp\" \/>\n\t<meta property=\"og:image:width\" content=\"557\" \/>\n\t<meta property=\"og:image:height\" content=\"327\" \/>\n\t<meta property=\"og:image:type\" content=\"image\/webp\" \/>\n<meta name=\"twitter:card\" content=\"summary_large_image\" \/>\n<meta name=\"twitter:site\" content=\"@WestCoastTrial\" \/>\n<meta name=\"twitter:label1\" content=\"Tiempo de lectura\" \/>\n\t<meta name=\"twitter:data1\" content=\"5 minutos\" \/>\n<script type=\"application\/ld+json\" class=\"yoast-schema-graph\">{\"@context\":\"https:\/\/schema.org\",\"@graph\":[{\"@type\":[\"WebPage\",\"ItemPage\"],\"@id\":\"https:\/\/westcoasttriallawyers.com\/es\/california\/solana-beach\/abogado-de-accidentes-de-camiones-en-solana-beach\",\"url\":\"https:\/\/westcoasttriallawyers.com\/es\/california\/solana-beach\/abogado-de-accidentes-de-camiones-en-solana-beach\",\"name\":\"Abogado de accidentes de camiones en Solana Beach | West Coast Trial Lawyers\",\"isPartOf\":{\"@id\":\"https:\/\/westcoasttriallawyers.com\/es#website\"},\"primaryImageOfPage\":{\"@id\":\"https:\/\/westcoasttriallawyers.com\/es\/california\/solana-beach\/abogado-de-accidentes-de-camiones-en-solana-beach#primaryimage\"},\"image\":{\"@id\":\"https:\/\/westcoasttriallawyers.com\/es\/california\/solana-beach\/abogado-de-accidentes-de-camiones-en-solana-beach#primaryimage\"},\"thumbnailUrl\":\"https:\/\/westcoasttriallawyers.com\/wp-content\/uploads\/2025\/07\/Solana-Beach-19.webp\",\"datePublished\":\"2026-01-14T17:04:44+00:00\",\"dateModified\":\"2026-01-22T15:31:03+00:00\",\"breadcrumb\":{\"@id\":\"https:\/\/westcoasttriallawyers.com\/es\/california\/solana-beach\/abogado-de-accidentes-de-camiones-en-solana-beach#breadcrumb\"},\"inLanguage\":\"es\",\"potentialAction\":[{\"@type\":\"ReadAction\",\"target\":[\"https:\/\/westcoasttriallawyers.com\/es\/california\/solana-beach\/abogado-de-accidentes-de-camiones-en-solana-beach\"]}]},{\"@type\":\"ImageObject\",\"inLanguage\":\"es\",\"@id\":\"https:\/\/westcoasttriallawyers.com\/es\/california\/solana-beach\/abogado-de-accidentes-de-camiones-en-solana-beach#primaryimage\",\"url\":\"https:\/\/westcoasttriallawyers.com\/wp-content\/uploads\/2025\/07\/Solana-Beach-19.webp\",\"contentUrl\":\"https:\/\/westcoasttriallawyers.com\/wp-content\/uploads\/2025\/07\/Solana-Beach-19.webp\",\"width\":557,\"height\":327},{\"@type\":\"BreadcrumbList\",\"@id\":\"https:\/\/westcoasttriallawyers.com\/es\/california\/solana-beach\/abogado-de-accidentes-de-camiones-en-solana-beach#breadcrumb\",\"itemListElement\":[{\"@type\":\"ListItem\",\"position\":1,\"name\":\"Inicio\",\"item\":\"https:\/\/westcoasttriallawyers.com\/es\"},{\"@type\":\"ListItem\",\"position\":2,\"name\":\"California\",\"item\":\"https:\/\/westcoasttriallawyers.com\/es\/california\"},{\"@type\":\"ListItem\",\"position\":3,\"name\":\"Solana Beach\",\"item\":\"https:\/\/westcoasttriallawyers.com\/es\/california\/solana-beach\"},{\"@type\":\"ListItem\",\"position\":4,\"name\":\"Abogado de accidentes de camiones en Solana Beach\"}]},{\"@type\":\"WebSite\",\"@id\":\"https:\/\/westcoasttriallawyers.com\/es#website\",\"url\":\"https:\/\/westcoasttriallawyers.com\/es\",\"name\":\"West Coast Trial Lawyers\",\"description\":\"West Coast Trial Lawyers\",\"publisher\":{\"@id\":\"https:\/\/westcoasttriallawyers.com\/es#organization\"},\"alternateName\":\"WCTL\",\"potentialAction\":[{\"@type\":\"SearchAction\",\"target\":{\"@type\":\"EntryPoint\",\"urlTemplate\":\"https:\/\/westcoasttriallawyers.com\/es?s={search_term_string}\"},\"query-input\":{\"@type\":\"PropertyValueSpecification\",\"valueRequired\":true,\"valueName\":\"search_term_string\"}}],\"inLanguage\":\"es\"},{\"@type\":\"Organization\",\"@id\":\"https:\/\/westcoasttriallawyers.com\/es#organization\",\"name\":\"West Coast Trial Lawyers\",\"alternateName\":\"WCTL\",\"url\":\"https:\/\/westcoasttriallawyers.com\/es\",\"logo\":{\"@type\":\"ImageObject\",\"inLanguage\":\"es\",\"@id\":\"https:\/\/westcoasttriallawyers.com\/es#\/schema\/logo\/image\/\",\"url\":\"https:\/\/westcoasttriallawyers.com\/wp-content\/uploads\/2026\/02\/WCTL-Logo.jpg\",\"contentUrl\":\"https:\/\/westcoasttriallawyers.com\/wp-content\/uploads\/2026\/02\/WCTL-Logo.jpg\",\"width\":696,\"height\":696,\"caption\":\"West Coast Trial Lawyers\"},\"image\":{\"@id\":\"https:\/\/westcoasttriallawyers.com\/es#\/schema\/logo\/image\/\"},\"sameAs\":[\"https:\/\/www.facebook.com\/westcoasttriallawyers\/\",\"https:\/\/x.com\/WestCoastTrial\",\"https:\/\/www.linkedin.com\/company\/west-coast-trial-lawyers\/\",\"https:\/\/www.instagram.com\/westcoasttriallawyers\/\",\"https:\/\/www.yelp.com\/biz\/west-coast-trial-lawyers-los-angeles-2\",\"https:\/\/www.pinterest.com\/westcoasttrial\/\",\"https:\/\/www.youtube.com\/westcoasttriallawyersla\/\",\"https:\/\/www.tiktok.com\/westcoasttriallawyers\"],\"description\":\"West Coast Trial Lawyers is a top-rated personal injury law firm with a goal to provide expert legal representation to those in need. The law firm has offices across California, Nevada, Arizona, and Washington.\",\"legalName\":\"West Coast Trial Lawyers\"}]}<\/script>\n<!-- \/ Yoast SEO Premium plugin. -->","yoast_head_json":{"title":"Abogado de accidentes de camiones en Solana Beach | West Coast Trial Lawyers","robots":{"index":"index","follow":"follow","max-snippet":"max-snippet:-1","max-image-preview":"max-image-preview:large","max-video-preview":"max-video-preview:-1"},"canonical":"https:\/\/westcoasttriallawyers.com\/es\/california\/solana-beach\/abogado-de-accidentes-de-camiones-en-solana-beach","og_locale":"es_ES","og_type":"article","og_title":"Abogado de accidentes de camiones en Solana Beach","og_description":"\u00bfQui\u00e9n podr\u00eda ser responsable de un accidente de cami\u00f3n en Solana Beach? Los conductores tienen miedo de verse involucrados en un accidente de cami\u00f3n. Esto se debe principalmente al gran tama\u00f1o y forma de un cami\u00f3n. Aquellos que rodean el cami\u00f3n pueden realizar acciones negligentes para mantenerse lo m\u00e1s lejos posible del cami\u00f3n. Esto puede [&hellip;]","og_url":"https:\/\/westcoasttriallawyers.com\/es\/california\/solana-beach\/abogado-de-accidentes-de-camiones-en-solana-beach","og_site_name":"West Coast Trial Lawyers","article_publisher":"https:\/\/www.facebook.com\/westcoasttriallawyers\/","article_modified_time":"2026-01-22T15:31:03+00:00","og_image":[{"width":557,"height":327,"url":"https:\/\/westcoasttriallawyers.com\/wp-content\/uploads\/2025\/07\/Solana-Beach-19.webp","type":"image\/webp"}],"twitter_card":"summary_large_image","twitter_site":"@WestCoastTrial","twitter_misc":{"Tiempo de lectura":"5 minutos"},"schema":{"@context":"https:\/\/schema.org","@graph":[{"@type":["WebPage","ItemPage"],"@id":"https:\/\/westcoasttriallawyers.com\/es\/california\/solana-beach\/abogado-de-accidentes-de-camiones-en-solana-beach","url":"https:\/\/westcoasttriallawyers.com\/es\/california\/solana-beach\/abogado-de-accidentes-de-camiones-en-solana-beach","name":"Abogado de accidentes de camiones en Solana Beach | West Coast Trial Lawyers","isPartOf":{"@id":"https:\/\/westcoasttriallawyers.com\/es#website"},"primaryImageOfPage":{"@id":"https:\/\/westcoasttriallawyers.com\/es\/california\/solana-beach\/abogado-de-accidentes-de-camiones-en-solana-beach#primaryimage"},"image":{"@id":"https:\/\/westcoasttriallawyers.com\/es\/california\/solana-beach\/abogado-de-accidentes-de-camiones-en-solana-beach#primaryimage"},"thumbnailUrl":"https:\/\/westcoasttriallawyers.com\/wp-content\/uploads\/2025\/07\/Solana-Beach-19.webp","datePublished":"2026-01-14T17:04:44+00:00","dateModified":"2026-01-22T15:31:03+00:00","breadcrumb":{"@id":"https:\/\/westcoasttriallawyers.com\/es\/california\/solana-beach\/abogado-de-accidentes-de-camiones-en-solana-beach#breadcrumb"},"inLanguage":"es","potentialAction":[{"@type":"ReadAction","target":["https:\/\/westcoasttriallawyers.com\/es\/california\/solana-beach\/abogado-de-accidentes-de-camiones-en-solana-beach"]}]},{"@type":"ImageObject","inLanguage":"es","@id":"https:\/\/westcoasttriallawyers.com\/es\/california\/solana-beach\/abogado-de-accidentes-de-camiones-en-solana-beach#primaryimage","url":"https:\/\/westcoasttriallawyers.com\/wp-content\/uploads\/2025\/07\/Solana-Beach-19.webp","contentUrl":"https:\/\/westcoasttriallawyers.com\/wp-content\/uploads\/2025\/07\/Solana-Beach-19.webp","width":557,"height":327},{"@type":"BreadcrumbList","@id":"https:\/\/westcoasttriallawyers.com\/es\/california\/solana-beach\/abogado-de-accidentes-de-camiones-en-solana-beach#breadcrumb","itemListElement":[{"@type":"ListItem","position":1,"name":"Inicio","item":"https:\/\/westcoasttriallawyers.com\/es"},{"@type":"ListItem","position":2,"name":"California","item":"https:\/\/westcoasttriallawyers.com\/es\/california"},{"@type":"ListItem","position":3,"name":"Solana Beach","item":"https:\/\/westcoasttriallawyers.com\/es\/california\/solana-beach"},{"@type":"ListItem","position":4,"name":"Abogado de accidentes de camiones en Solana Beach"}]},{"@type":"WebSite","@id":"https:\/\/westcoasttriallawyers.com\/es#website","url":"https:\/\/westcoasttriallawyers.com\/es","name":"West Coast Trial Lawyers","description":"West Coast Trial Lawyers","publisher":{"@id":"https:\/\/westcoasttriallawyers.com\/es#organization"},"alternateName":"WCTL","potentialAction":[{"@type":"SearchAction","target":{"@type":"EntryPoint","urlTemplate":"https:\/\/westcoasttriallawyers.com\/es?s={search_term_string}"},"query-input":{"@type":"PropertyValueSpecification","valueRequired":true,"valueName":"search_term_string"}}],"inLanguage":"es"},{"@type":"Organization","@id":"https:\/\/westcoasttriallawyers.com\/es#organization","name":"West Coast Trial Lawyers","alternateName":"WCTL","url":"https:\/\/westcoasttriallawyers.com\/es","logo":{"@type":"ImageObject","inLanguage":"es","@id":"https:\/\/westcoasttriallawyers.com\/es#\/schema\/logo\/image\/","url":"https:\/\/westcoasttriallawyers.com\/wp-content\/uploads\/2026\/02\/WCTL-Logo.jpg","contentUrl":"https:\/\/westcoasttriallawyers.com\/wp-content\/uploads\/2026\/02\/WCTL-Logo.jpg","width":696,"height":696,"caption":"West Coast Trial Lawyers"},"image":{"@id":"https:\/\/westcoasttriallawyers.com\/es#\/schema\/logo\/image\/"},"sameAs":["https:\/\/www.facebook.com\/westcoasttriallawyers\/","https:\/\/x.com\/WestCoastTrial","https:\/\/www.linkedin.com\/company\/west-coast-trial-lawyers\/","https:\/\/www.instagram.com\/westcoasttriallawyers\/","https:\/\/www.yelp.com\/biz\/west-coast-trial-lawyers-los-angeles-2","https:\/\/www.pinterest.com\/westcoasttrial\/","https:\/\/www.youtube.com\/westcoasttriallawyersla\/","https:\/\/www.tiktok.com\/westcoasttriallawyers"],"description":"West Coast Trial Lawyers is a top-rated personal injury law firm with a goal to provide expert legal representation to those in need. The law firm has offices across California, Nevada, Arizona, and Washington.","legalName":"West Coast Trial Lawyers"}]}},"_links":{"self":[{"href":"https:\/\/westcoasttriallawyers.com\/es\/wp-json\/wp\/v2\/pages\/12529","targetHints":{"allow":["GET"]}}],"collection":[{"href":"https:\/\/westcoasttriallawyers.com\/es\/wp-json\/wp\/v2\/pages"}],"about":[{"href":"https:\/\/westcoasttriallawyers.com\/es\/wp-json\/wp\/v2\/types\/page"}],"author":[{"embeddable":true,"href":"https:\/\/westcoasttriallawyers.com\/es\/wp-json\/wp\/v2\/users\/475"}],"replies":[{"embeddable":true,"href":"https:\/\/westcoasttriallawyers.com\/es\/wp-json\/wp\/v2\/comments?post=12529"}],"version-history":[{"count":3,"href":"https:\/\/westcoasttriallawyers.com\/es\/wp-json\/wp\/v2\/pages\/12529\/revisions"}],"predecessor-version":[{"id":48020,"href":"https:\/\/westcoasttriallawyers.com\/es\/wp-json\/wp\/v2\/pages\/12529\/revisions\/48020"}],"up":[{"embeddable":true,"href":"https:\/\/westcoasttriallawyers.com\/es\/wp-json\/wp\/v2\/pages\/47427"}],"wp:featuredmedia":[{"embeddable":true,"href":"https:\/\/westcoasttriallawyers.com\/es\/wp-json\/wp\/v2\/media\/46458"}],"wp:attachment":[{"href":"https:\/\/westcoasttriallawyers.com\/es\/wp-json\/wp\/v2\/media?parent=12529"}],"curies":[{"name":"wp","href":"https:\/\/api.w.org\/{rel}","templated":true}]}}