{"id":12526,"date":"2026-01-14T17:04:42","date_gmt":"2026-01-14T17:04:42","guid":{"rendered":"https:\/\/wctl1stg.wpengine.com\/?page_id=12526"},"modified":"2026-01-22T21:27:47","modified_gmt":"2026-01-22T21:27:47","slug":"abogados-muerte-injusta-solana-beach","status":"publish","type":"page","link":"https:\/\/westcoasttriallawyers.com\/es\/california\/solana-beach\/abogados-muerte-injusta-solana-beach","title":{"rendered":"Abogado de muerte injusta en Solana Beach\u00a0\u00a0\u00a0"},"content":{"rendered":"<h2><strong>\u00bfCu\u00e1l es la diferencia entre muerte injusta y acci\u00f3n de supervivencia?\u00a0<\/strong><\/h2>\n<p>California ha establecido muchas leyes orientadas a reducir las colisiones de veh\u00edculos motorizados. Si bien se espera que tanto los conductores como los peatones cumplan con estas leyes, muchos conductores contin\u00faan actuando de manera negligente cuando est\u00e1n detr\u00e1s del volante, poni\u00e9ndose en riesgo a s\u00ed mismos y a los dem\u00e1s. Desafortunadamente, California est\u00e1 clasificada como uno de los estados con las tasas de mortalidad m\u00e1s altas en muertes por accidentes automovil\u00edsticos. Si perdiste a un ser querido en un accidente, te enviamos nuestro m\u00e1s sentido p\u00e9same.<\/p>\n<p>Si desea presentar un reclamo contra la persona culpable de causar un accidente fatal, West Coast Trial Lawyers tiene abogados de muerte injusta en Solana Beach con m\u00e1s de 60 a\u00f1os de experiencia legal colectiva en el manejo de casos de lesiones personales. Hemos adquirido m\u00e1s de $1 mil millones en acuerdos y juicios para nuestros clientes. Debido a nuestro continuo \u00e9xito en el campo legal, hemos sido reconocidos como uno de los mejores bufetes de abogados de lesiones personales en Solana Beach.<\/p>\n<p>Nuestros abogados se esfuerzan por lograr que los clientes obtengan la m\u00e1xima compensaci\u00f3n financiera y emocional que merecen por sus p\u00e9rdidas. Esto incluye gastos m\u00e9dicos, da\u00f1os a la propiedad, angustia emocional, salarios perdidos y dolor y sufrimiento.<\/p>\n<p>Ofrecemos una consulta gratuita y sin compromiso en nuestro bufete de abogados de lesiones personales de Solana Beach. Si est\u00e1 interesado en programar una cita, comun\u00edquese con nuestro equipo legal las 24 horas, los 7 d\u00edas de la semana llamando al 213-927-3700 o enviando un correo electr\u00f3nico a info@westcoasttriallawyers.com.<\/p>\n<h2><strong>Muerte Injusta vs Acci\u00f3n de Supervivencia<\/strong><\/h2>\n<p><strong>Acci\u00f3n de Supervivencia.<\/strong> Una acci\u00f3n de supervivencia permite que el patrimonio obtenga da\u00f1os que la v\u00edctima fallecida habr\u00eda recibido si a\u00fan estuviera viva, lo que incluye da\u00f1os punitivos, gastos m\u00e9dicos y p\u00e9rdida de ingresos. Esto solo se aplicar\u00e1 si la v\u00edctima sobrevivi\u00f3 al accidente y vivi\u00f3 durante un breve per\u00edodo de tiempo inmediatamente despu\u00e9s.<\/p>\n<p><strong>Muerte injusta.<\/strong> La familia sobreviviente de la v\u00edctima fallecida tiene derecho a recibir una compensaci\u00f3n por los da\u00f1os causados \u200b\u200bpor la muerte injusta, como facturas m\u00e9dicas, gastos de funeral y entierro, p\u00e9rdida de consorcio y p\u00e9rdida de apoyo financiero. Los casos de muerte injusta se otorgar\u00e1n a:<\/p>\n<ul>\n<li><strong>Esposa.<\/strong> La pareja de hecho registrada o la pareja de la v\u00edctima fallecida puede presentar una demanda por razones tales como angustia emocional y p\u00e9rdida de compa\u00f1\u00eda.<\/li>\n<li><strong>Padres.<\/strong> Los padres que pierden a sus hijos en un accidente pueden obtener da\u00f1os por sufrimiento emocional y p\u00e9rdida de la relaci\u00f3n.<\/li>\n<li><strong>Ni\u00f1os.<\/strong> A los ni\u00f1os se les otorgar\u00e1n da\u00f1os por sufrir angustia emocional y p\u00e9rdida de la relaci\u00f3n con su madre o padre.<\/li>\n<\/ul>\n<p>Existe la posibilidad de que se otorguen da\u00f1os punitivos si hay pruebas de que el acto intencional de malicia del sospechoso result\u00f3 en la muerte de la v\u00edctima. Sin embargo, estos da\u00f1os generalmente no se otorgan en casos de muerte injusta. S\u00f3lo es aplicable a una causa de acci\u00f3n de supervivencia.<\/p>\n<h2><strong>Estatuto de limitaciones<\/strong><\/h2>\n<p>Para presentar una demanda por muerte injusta, se le otorgar\u00e1 un per\u00edodo de dos a\u00f1os a partir de la fecha del incidente. La v\u00edctima puede hacer que su patrimonio o su familia inmediata presenten la demanda. Si excede el estatuto de limitaciones por muerte injusta, entonces no podr\u00e1 presentar un reclamo.<\/p>\n<p>Para la acci\u00f3n de supervivencia, existe un plazo de seis meses que comienza en la fecha del incidente. Cuando se trata de muerte injusta, se le dar\u00e1 un a\u00f1o para presentar un reclamo.<\/p>\n<h2><strong>Asunci\u00f3n de Riesgo<\/strong><\/h2>\n<p>Una asunci\u00f3n de riesgo se identifica como una forma de defensa que un acusado puede presentar despu\u00e9s de infligir una acci\u00f3n negligente a otra persona. Esto significa que al individuo no se le otorgar\u00e1 ning\u00fan da\u00f1o por sus p\u00e9rdidas si \u00e9l o ella se expuso a un peligro conocido. En otras palabras, si una persona era consciente de un peligro conocido y aun as\u00ed decidi\u00f3 correr el riesgo, no se le permitir\u00e1 demandar por da\u00f1os y perjuicios si result\u00f3 herido o muerto.<\/p>\n<p>La asunci\u00f3n de defensa de riesgo a menudo se plantea en casos de responsabilidad de locales, especialmente en situaciones en las que un individuo notar\u00e1 una se\u00f1al de advertencia y a\u00fan as\u00ed elegir\u00e1 ingresar a la propiedad. Otros escenarios adicionales que brindan riesgos obvios para evitar que las personas toquen o usen incluyen productos qu\u00edmicos peligrosos, deportes extremos y disposiciones de exenci\u00f3n y liberaci\u00f3n.<\/p>\n<p>Digamos que el demandante es un jugador de f\u00fatbol. Asume el riesgo de lesionarse o morir por involucrarse en un partido de f\u00fatbol. No se le debe ning\u00fan deber legal si sufriera alguna herida por participar en la actividad relacionada con el deporte. El f\u00fatbol tiene riesgos de causar lesiones graves e incluso la muerte. Esto se considera como un riesgo inherente que se incorpora en el f\u00fatbol. No hay forma de que pueda reducirse o eliminarse.<\/p>\n<p>Las actividades adicionales que implican una asunci\u00f3n de riesgo incluyen las siguientes:<\/p>\n<ul>\n<li>Actividades extremas, como puenting, paracaidismo, parapente y monta\u00f1ismo.<\/li>\n<li>Renuncias y casos de cl\u00e1usula liberatoria.<\/li>\n<li>Actividades deportivas, como gimnasia, hockey, f\u00fatbol, \u200b\u200bequitaci\u00f3n o boxeo.<\/li>\n<li>Casos de responsabilidad de locales. Un ejemplo podr\u00eda ser encontrar se\u00f1ales de advertencia obvias, pero elegir ignorarlas sabiendo que puede estar en riesgo de lesiones o muerte.<\/li>\n<\/ul>\n<h2><strong>Cont\u00e1ctenos<\/strong><\/h2>\n<p>Si su ser querido fue v\u00edctima de una muerte injusta, West Coast Trial Lawyers cuenta con abogados experimentados en muerte injusta que brindar\u00e1n su total compromiso para asegurarse de que obtenga la justicia que se merece.<\/p>\n<p>Ofrecemos una consulta gratuita y sin compromiso en nuestra firma. No se cobrar\u00e1n honorarios hasta que se resuelva su caso. Comun\u00edquese con nuestro equipo legal las 24 horas, los 7 d\u00edas de la semana llamando al 213-927-3700 o enviando un correo electr\u00f3nico a info@westcoasttriallawyers.com.<\/p>\n<p><a href=\"https:\/\/www.alllaw.com\/articles\/nolo\/personal-injury\/survival-actions-vs-wrongful-death-claims.html\"><strong>Survival Action.<\/strong><\/a> A survival action allows the estate to obtain damages the deceased victim would have received if they were still alive, which includes punitive damages, medical expenses, and loss of earnings. This will only apply if the victim survived the accident and lived for a short period of time right after.<\/p>\n<p><strong>Wrongful death.<\/strong> The deceased victim\u2019s surviving family is entitled to receive compensation for damages caused by wrongful death, such as medical bills, funeral and burial expenses, loss of consortium, and loss of financial support. Wrongful death cases will be granted to:<\/p>\n<ul>\n<li><strong>Spouse.<\/strong> The deceased victim\u2019s significant other or registered domestic partner may file a lawsuit for reasons, such as emotional distress and loss of companionship.<\/li>\n<li><strong>Parents. <\/strong>Parents who lose their children in an accident may obtain damages for suffering emotional distress and loss of relationship.<\/li>\n<li><strong>Children. <\/strong>Children will be granted damages for enduring emotional distress and loss of relationship with their mother or father.<\/li>\n<\/ul>\n<p>There is a chance of punitive damages being awarded if there is proof of the suspect\u2019s intentional act of malice resulting in the death of the victim. However, these damages are usually not awarded in wrongful death cases. It is only applicable to a survival cause of action.<\/p>\n<p><strong>Statute of Limitations\u00a0<\/strong><\/p>\n<p>To file a wrongful death lawsuit, you will be given a two year period starting from the date of the incident. The victim may have their estate or immediate family file the lawsuit. If you exceed the statute of limitations for wrongful death, then you will be restricted from filing a claim.<\/p>\n<p>For survival action, there is a six month time period that starts on the date of the incident. When it comes to wrongful death, you will be given one year to file a claim.<\/p>\n<p><strong>Assumption of Risk<\/strong><\/p>\n<p>An assumption of risk is identified as a form of defense that a defendant may raise after inflicting a negligent action upon another individual. This means that the individual will not be granted any damages for their losses if he or she exposed themselves to a known danger. In other words, if an individual was conscious of a known danger and still chose to take a chance, they will not be allowed to sue for damages if they were injured or killed.<\/p>\n<p>Assumption of risk defense is often raised in premises liability cases, especially with situations where an individual will notice a warning sign yet still choose to enter the property. Additional other scenarios that provide obvious risks to prevent people from touching or using include dangerous chemicals, extreme sports, and waiver and release provisions.<\/p>\n<p>Let\u2019s say that the plaintiff is a football player. He assumes the risk of getting injured or killed for involving himself in a football game. Legal duty will not be owed to him if he suffered any wounds from taking part in the sports-related activity. Football has risks of causing serious injuries and even death. This is considered as an inherent risk that is incorporated in football. There is no way it can be reduced or removed.<\/p>\n<p>Additional activities that involve an assumption of risk include the following:<\/p>\n<ul>\n<li>Extreme activities, such as bungee-jumping, skydiving, paragliding, and mountain climbing.<\/li>\n<li>Waivers and release clause cases.<\/li>\n<li>Sports activities, such as gymnastics, hockey, football, horse riding, or boxing.<\/li>\n<li>Premises liability cases. An example could be finding obvious warning signs, yet choosing to ignore it while knowing you may be at risk of injury or death.<\/li>\n<\/ul>\n<p><strong>Contact Us<\/strong><\/p>\n<p>If your loved one was a victim of wrongful death, <a href=\"\/\"><strong>West Coast Trial Lawyers<\/strong><\/a> has experienced wrongful death attorneys that will provide their full commitment to making sure that you get the justice you deserve.<\/p>\n<p>We offer a free, no-obligation consultation at our firm. No fees will be charged until your case is settled. Reach out to our 24\/7 legal team by calling<strong> 213-927-3700<\/strong> or emailing <strong>info@westcoasttriallawyers.com.<\/strong><br \/>\n<!-- WCTL_DEBUG: no shortcode in this_content --><\/p>\n","protected":false},"excerpt":{"rendered":"<p>\u00bfCu\u00e1l es la diferencia entre muerte injusta y acci\u00f3n de supervivencia?\u00a0 California ha establecido muchas leyes orientadas a reducir las colisiones de veh\u00edculos motorizados. Si bien se espera que tanto los conductores como los peatones cumplan con estas leyes, muchos conductores contin\u00faan actuando de manera negligente cuando est\u00e1n detr\u00e1s del volante, poni\u00e9ndose en riesgo a [&hellip;]<\/p>\n","protected":false},"author":475,"featured_media":46448,"parent":47427,"menu_order":0,"comment_status":"closed","ping_status":"closed","template":"","meta":{"inline_featured_image":false,"footnotes":""},"class_list":["post-12526","page","type-page","status-publish","has-post-thumbnail","hentry"],"acf":[],"yoast_head":"<!-- This site is optimized with the Yoast SEO Premium plugin v26.0 (Yoast SEO v26.0) - https:\/\/yoast.com\/wordpress\/plugins\/seo\/ -->\n<title>Abogado de muerte injusta en Solana Beach\u00a0\u00a0\u00a0 | West Coast Trial Lawyers<\/title>\n<meta name=\"robots\" content=\"index, follow, max-snippet:-1, max-image-preview:large, max-video-preview:-1\" \/>\n<link rel=\"canonical\" href=\"https:\/\/westcoasttriallawyers.com\/es\/california\/solana-beach\/abogados-muerte-injusta-solana-beach\" \/>\n<meta property=\"og:locale\" content=\"es_ES\" \/>\n<meta property=\"og:type\" content=\"article\" \/>\n<meta property=\"og:title\" content=\"Abogado de muerte injusta en Solana Beach\u00a0\u00a0\u00a0\" \/>\n<meta property=\"og:description\" content=\"\u00bfCu\u00e1l es la diferencia entre muerte injusta y acci\u00f3n de supervivencia?\u00a0 California ha establecido muchas leyes orientadas a reducir las colisiones de veh\u00edculos motorizados. Si bien se espera que tanto los conductores como los peatones cumplan con estas leyes, muchos conductores contin\u00faan actuando de manera negligente cuando est\u00e1n detr\u00e1s del volante, poni\u00e9ndose en riesgo a [&hellip;]\" \/>\n<meta property=\"og:url\" content=\"https:\/\/westcoasttriallawyers.com\/es\/california\/solana-beach\/abogados-muerte-injusta-solana-beach\" \/>\n<meta property=\"og:site_name\" content=\"West Coast Trial Lawyers\" \/>\n<meta property=\"article:publisher\" content=\"https:\/\/www.facebook.com\/westcoasttriallawyers\/\" \/>\n<meta property=\"article:modified_time\" content=\"2026-01-22T21:27:47+00:00\" \/>\n<meta property=\"og:image\" content=\"https:\/\/westcoasttriallawyers.com\/wp-content\/uploads\/2025\/07\/Solana-Beach-15.webp\" \/>\n\t<meta property=\"og:image:width\" content=\"557\" \/>\n\t<meta property=\"og:image:height\" content=\"327\" \/>\n\t<meta property=\"og:image:type\" content=\"image\/webp\" \/>\n<meta name=\"twitter:card\" content=\"summary_large_image\" \/>\n<meta name=\"twitter:site\" content=\"@WestCoastTrial\" \/>\n<meta name=\"twitter:label1\" content=\"Tiempo de lectura\" \/>\n\t<meta name=\"twitter:data1\" content=\"8 minutos\" \/>\n<script type=\"application\/ld+json\" class=\"yoast-schema-graph\">{\"@context\":\"https:\/\/schema.org\",\"@graph\":[{\"@type\":[\"WebPage\",\"ItemPage\"],\"@id\":\"https:\/\/westcoasttriallawyers.com\/es\/california\/solana-beach\/abogados-muerte-injusta-solana-beach\",\"url\":\"https:\/\/westcoasttriallawyers.com\/es\/california\/solana-beach\/abogados-muerte-injusta-solana-beach\",\"name\":\"Abogado de muerte injusta en Solana Beach\u00a0\u00a0\u00a0 | West Coast Trial Lawyers\",\"isPartOf\":{\"@id\":\"https:\/\/westcoasttriallawyers.com\/es#website\"},\"primaryImageOfPage\":{\"@id\":\"https:\/\/westcoasttriallawyers.com\/es\/california\/solana-beach\/abogados-muerte-injusta-solana-beach#primaryimage\"},\"image\":{\"@id\":\"https:\/\/westcoasttriallawyers.com\/es\/california\/solana-beach\/abogados-muerte-injusta-solana-beach#primaryimage\"},\"thumbnailUrl\":\"https:\/\/westcoasttriallawyers.com\/wp-content\/uploads\/2025\/07\/Solana-Beach-15.webp\",\"datePublished\":\"2026-01-14T17:04:42+00:00\",\"dateModified\":\"2026-01-22T21:27:47+00:00\",\"breadcrumb\":{\"@id\":\"https:\/\/westcoasttriallawyers.com\/es\/california\/solana-beach\/abogados-muerte-injusta-solana-beach#breadcrumb\"},\"inLanguage\":\"es\",\"potentialAction\":[{\"@type\":\"ReadAction\",\"target\":[\"https:\/\/westcoasttriallawyers.com\/es\/california\/solana-beach\/abogados-muerte-injusta-solana-beach\"]}]},{\"@type\":\"ImageObject\",\"inLanguage\":\"es\",\"@id\":\"https:\/\/westcoasttriallawyers.com\/es\/california\/solana-beach\/abogados-muerte-injusta-solana-beach#primaryimage\",\"url\":\"https:\/\/westcoasttriallawyers.com\/wp-content\/uploads\/2025\/07\/Solana-Beach-15.webp\",\"contentUrl\":\"https:\/\/westcoasttriallawyers.com\/wp-content\/uploads\/2025\/07\/Solana-Beach-15.webp\",\"width\":557,\"height\":327},{\"@type\":\"BreadcrumbList\",\"@id\":\"https:\/\/westcoasttriallawyers.com\/es\/california\/solana-beach\/abogados-muerte-injusta-solana-beach#breadcrumb\",\"itemListElement\":[{\"@type\":\"ListItem\",\"position\":1,\"name\":\"Inicio\",\"item\":\"https:\/\/westcoasttriallawyers.com\/es\"},{\"@type\":\"ListItem\",\"position\":2,\"name\":\"California\",\"item\":\"https:\/\/westcoasttriallawyers.com\/es\/california\"},{\"@type\":\"ListItem\",\"position\":3,\"name\":\"Solana Beach\",\"item\":\"https:\/\/westcoasttriallawyers.com\/es\/california\/solana-beach\"},{\"@type\":\"ListItem\",\"position\":4,\"name\":\"Abogado de muerte injusta en Solana Beach\u00a0\u00a0\u00a0\"}]},{\"@type\":\"WebSite\",\"@id\":\"https:\/\/westcoasttriallawyers.com\/es#website\",\"url\":\"https:\/\/westcoasttriallawyers.com\/es\",\"name\":\"West Coast Trial Lawyers\",\"description\":\"West Coast Trial Lawyers\",\"publisher\":{\"@id\":\"https:\/\/westcoasttriallawyers.com\/es#organization\"},\"alternateName\":\"WCTL\",\"potentialAction\":[{\"@type\":\"SearchAction\",\"target\":{\"@type\":\"EntryPoint\",\"urlTemplate\":\"https:\/\/westcoasttriallawyers.com\/es?s={search_term_string}\"},\"query-input\":{\"@type\":\"PropertyValueSpecification\",\"valueRequired\":true,\"valueName\":\"search_term_string\"}}],\"inLanguage\":\"es\"},{\"@type\":\"Organization\",\"@id\":\"https:\/\/westcoasttriallawyers.com\/es#organization\",\"name\":\"West Coast Trial Lawyers\",\"alternateName\":\"WCTL\",\"url\":\"https:\/\/westcoasttriallawyers.com\/es\",\"logo\":{\"@type\":\"ImageObject\",\"inLanguage\":\"es\",\"@id\":\"https:\/\/westcoasttriallawyers.com\/es#\/schema\/logo\/image\/\",\"url\":\"https:\/\/westcoasttriallawyers.com\/wp-content\/uploads\/2026\/02\/WCTL-Logo.jpg\",\"contentUrl\":\"https:\/\/westcoasttriallawyers.com\/wp-content\/uploads\/2026\/02\/WCTL-Logo.jpg\",\"width\":696,\"height\":696,\"caption\":\"West Coast Trial Lawyers\"},\"image\":{\"@id\":\"https:\/\/westcoasttriallawyers.com\/es#\/schema\/logo\/image\/\"},\"sameAs\":[\"https:\/\/www.facebook.com\/westcoasttriallawyers\/\",\"https:\/\/x.com\/WestCoastTrial\",\"https:\/\/www.linkedin.com\/company\/west-coast-trial-lawyers\/\",\"https:\/\/www.instagram.com\/westcoasttriallawyers\/\",\"https:\/\/www.yelp.com\/biz\/west-coast-trial-lawyers-los-angeles-2\",\"https:\/\/www.pinterest.com\/westcoasttrial\/\",\"https:\/\/www.youtube.com\/westcoasttriallawyersla\/\",\"https:\/\/www.tiktok.com\/westcoasttriallawyers\"],\"description\":\"West Coast Trial Lawyers is a top-rated personal injury law firm with a goal to provide expert legal representation to those in need. The law firm has offices across California, Nevada, Arizona, and Washington.\",\"legalName\":\"West Coast Trial Lawyers\"}]}<\/script>\n<!-- \/ Yoast SEO Premium plugin. -->","yoast_head_json":{"title":"Abogado de muerte injusta en Solana Beach\u00a0\u00a0\u00a0 | West Coast Trial Lawyers","robots":{"index":"index","follow":"follow","max-snippet":"max-snippet:-1","max-image-preview":"max-image-preview:large","max-video-preview":"max-video-preview:-1"},"canonical":"https:\/\/westcoasttriallawyers.com\/es\/california\/solana-beach\/abogados-muerte-injusta-solana-beach","og_locale":"es_ES","og_type":"article","og_title":"Abogado de muerte injusta en Solana Beach\u00a0\u00a0\u00a0","og_description":"\u00bfCu\u00e1l es la diferencia entre muerte injusta y acci\u00f3n de supervivencia?\u00a0 California ha establecido muchas leyes orientadas a reducir las colisiones de veh\u00edculos motorizados. Si bien se espera que tanto los conductores como los peatones cumplan con estas leyes, muchos conductores contin\u00faan actuando de manera negligente cuando est\u00e1n detr\u00e1s del volante, poni\u00e9ndose en riesgo a [&hellip;]","og_url":"https:\/\/westcoasttriallawyers.com\/es\/california\/solana-beach\/abogados-muerte-injusta-solana-beach","og_site_name":"West Coast Trial Lawyers","article_publisher":"https:\/\/www.facebook.com\/westcoasttriallawyers\/","article_modified_time":"2026-01-22T21:27:47+00:00","og_image":[{"width":557,"height":327,"url":"https:\/\/westcoasttriallawyers.com\/wp-content\/uploads\/2025\/07\/Solana-Beach-15.webp","type":"image\/webp"}],"twitter_card":"summary_large_image","twitter_site":"@WestCoastTrial","twitter_misc":{"Tiempo de lectura":"8 minutos"},"schema":{"@context":"https:\/\/schema.org","@graph":[{"@type":["WebPage","ItemPage"],"@id":"https:\/\/westcoasttriallawyers.com\/es\/california\/solana-beach\/abogados-muerte-injusta-solana-beach","url":"https:\/\/westcoasttriallawyers.com\/es\/california\/solana-beach\/abogados-muerte-injusta-solana-beach","name":"Abogado de muerte injusta en Solana Beach\u00a0\u00a0\u00a0 | West Coast Trial Lawyers","isPartOf":{"@id":"https:\/\/westcoasttriallawyers.com\/es#website"},"primaryImageOfPage":{"@id":"https:\/\/westcoasttriallawyers.com\/es\/california\/solana-beach\/abogados-muerte-injusta-solana-beach#primaryimage"},"image":{"@id":"https:\/\/westcoasttriallawyers.com\/es\/california\/solana-beach\/abogados-muerte-injusta-solana-beach#primaryimage"},"thumbnailUrl":"https:\/\/westcoasttriallawyers.com\/wp-content\/uploads\/2025\/07\/Solana-Beach-15.webp","datePublished":"2026-01-14T17:04:42+00:00","dateModified":"2026-01-22T21:27:47+00:00","breadcrumb":{"@id":"https:\/\/westcoasttriallawyers.com\/es\/california\/solana-beach\/abogados-muerte-injusta-solana-beach#breadcrumb"},"inLanguage":"es","potentialAction":[{"@type":"ReadAction","target":["https:\/\/westcoasttriallawyers.com\/es\/california\/solana-beach\/abogados-muerte-injusta-solana-beach"]}]},{"@type":"ImageObject","inLanguage":"es","@id":"https:\/\/westcoasttriallawyers.com\/es\/california\/solana-beach\/abogados-muerte-injusta-solana-beach#primaryimage","url":"https:\/\/westcoasttriallawyers.com\/wp-content\/uploads\/2025\/07\/Solana-Beach-15.webp","contentUrl":"https:\/\/westcoasttriallawyers.com\/wp-content\/uploads\/2025\/07\/Solana-Beach-15.webp","width":557,"height":327},{"@type":"BreadcrumbList","@id":"https:\/\/westcoasttriallawyers.com\/es\/california\/solana-beach\/abogados-muerte-injusta-solana-beach#breadcrumb","itemListElement":[{"@type":"ListItem","position":1,"name":"Inicio","item":"https:\/\/westcoasttriallawyers.com\/es"},{"@type":"ListItem","position":2,"name":"California","item":"https:\/\/westcoasttriallawyers.com\/es\/california"},{"@type":"ListItem","position":3,"name":"Solana Beach","item":"https:\/\/westcoasttriallawyers.com\/es\/california\/solana-beach"},{"@type":"ListItem","position":4,"name":"Abogado de muerte injusta en Solana Beach\u00a0\u00a0\u00a0"}]},{"@type":"WebSite","@id":"https:\/\/westcoasttriallawyers.com\/es#website","url":"https:\/\/westcoasttriallawyers.com\/es","name":"West Coast Trial Lawyers","description":"West Coast Trial Lawyers","publisher":{"@id":"https:\/\/westcoasttriallawyers.com\/es#organization"},"alternateName":"WCTL","potentialAction":[{"@type":"SearchAction","target":{"@type":"EntryPoint","urlTemplate":"https:\/\/westcoasttriallawyers.com\/es?s={search_term_string}"},"query-input":{"@type":"PropertyValueSpecification","valueRequired":true,"valueName":"search_term_string"}}],"inLanguage":"es"},{"@type":"Organization","@id":"https:\/\/westcoasttriallawyers.com\/es#organization","name":"West Coast Trial Lawyers","alternateName":"WCTL","url":"https:\/\/westcoasttriallawyers.com\/es","logo":{"@type":"ImageObject","inLanguage":"es","@id":"https:\/\/westcoasttriallawyers.com\/es#\/schema\/logo\/image\/","url":"https:\/\/westcoasttriallawyers.com\/wp-content\/uploads\/2026\/02\/WCTL-Logo.jpg","contentUrl":"https:\/\/westcoasttriallawyers.com\/wp-content\/uploads\/2026\/02\/WCTL-Logo.jpg","width":696,"height":696,"caption":"West Coast Trial Lawyers"},"image":{"@id":"https:\/\/westcoasttriallawyers.com\/es#\/schema\/logo\/image\/"},"sameAs":["https:\/\/www.facebook.com\/westcoasttriallawyers\/","https:\/\/x.com\/WestCoastTrial","https:\/\/www.linkedin.com\/company\/west-coast-trial-lawyers\/","https:\/\/www.instagram.com\/westcoasttriallawyers\/","https:\/\/www.yelp.com\/biz\/west-coast-trial-lawyers-los-angeles-2","https:\/\/www.pinterest.com\/westcoasttrial\/","https:\/\/www.youtube.com\/westcoasttriallawyersla\/","https:\/\/www.tiktok.com\/westcoasttriallawyers"],"description":"West Coast Trial Lawyers is a top-rated personal injury law firm with a goal to provide expert legal representation to those in need. The law firm has offices across California, Nevada, Arizona, and Washington.","legalName":"West Coast Trial Lawyers"}]}},"_links":{"self":[{"href":"https:\/\/westcoasttriallawyers.com\/es\/wp-json\/wp\/v2\/pages\/12526","targetHints":{"allow":["GET"]}}],"collection":[{"href":"https:\/\/westcoasttriallawyers.com\/es\/wp-json\/wp\/v2\/pages"}],"about":[{"href":"https:\/\/westcoasttriallawyers.com\/es\/wp-json\/wp\/v2\/types\/page"}],"author":[{"embeddable":true,"href":"https:\/\/westcoasttriallawyers.com\/es\/wp-json\/wp\/v2\/users\/475"}],"replies":[{"embeddable":true,"href":"https:\/\/westcoasttriallawyers.com\/es\/wp-json\/wp\/v2\/comments?post=12526"}],"version-history":[{"count":7,"href":"https:\/\/westcoasttriallawyers.com\/es\/wp-json\/wp\/v2\/pages\/12526\/revisions"}],"predecessor-version":[{"id":48043,"href":"https:\/\/westcoasttriallawyers.com\/es\/wp-json\/wp\/v2\/pages\/12526\/revisions\/48043"}],"up":[{"embeddable":true,"href":"https:\/\/westcoasttriallawyers.com\/es\/wp-json\/wp\/v2\/pages\/47427"}],"wp:featuredmedia":[{"embeddable":true,"href":"https:\/\/westcoasttriallawyers.com\/es\/wp-json\/wp\/v2\/media\/46448"}],"wp:attachment":[{"href":"https:\/\/westcoasttriallawyers.com\/es\/wp-json\/wp\/v2\/media?parent=12526"}],"curies":[{"name":"wp","href":"https:\/\/api.w.org\/{rel}","templated":true}]}}