{"id":12525,"date":"2026-01-14T17:04:41","date_gmt":"2026-01-14T17:04:41","guid":{"rendered":"https:\/\/wctl1stg.wpengine.com\/?page_id=12525"},"modified":"2026-01-22T21:38:28","modified_gmt":"2026-01-22T21:38:28","slug":"abogados-accidentes-bicicleta-solana-beach","status":"publish","type":"page","link":"https:\/\/westcoasttriallawyers.com\/es\/california\/solana-beach\/abogados-accidentes-bicicleta-solana-beach","title":{"rendered":"Abogado de accidentes de bicicleta en Solana Beach"},"content":{"rendered":"<h2><strong>Nuestros abogados expertos en accidentes de bicicleta en Solana Beach lo ayudar\u00e1n a obtener una compensaci\u00f3n justa por su accidente de bicicleta\u00a0<\/strong><\/h2>\n<p>Los accidentes de bicicleta ocurren com\u00fanmente en las ciudades de California, incluida Solana Beach. Debido al tama\u00f1o de una bicicleta, puede ser dif\u00edcil que los veh\u00edculos, especialmente los camiones, las identifiquen en la carretera. Los veh\u00edculos pueden usar la zona para bicicletas cuando giran a la izquierda o a la derecha. Sin embargo, ha habido varios conductores negligentes que tienden a ocupar este carril, incluso si notan que un ciclista est\u00e1 circulando por \u00e9l. Esta situaci\u00f3n puede ser peligrosa para un ciclista ya que en cualquier momento puede ser atropellado por un veh\u00edculo.<\/p>\n<p>Los informes han indicado que m\u00e1s de la mitad de los accidentes de bicicleta han ocurrido durante la noche. Esta es principalmente la raz\u00f3n por la que es importante que los ciclistas se vistan con ropa reflectante para que se vean m\u00e1s visibles por la noche. Aquellos que decidan no hacer esto aparecer\u00e1n camuflados en la oscuridad, lo que har\u00e1 m\u00e1s probable que sean atropellados por un veh\u00edculo.<\/p>\n<p>Si fue v\u00edctima de un accidente de bicicleta y le gustar\u00eda demandar a la persona que cree que tiene la culpa, West Coast Trial Lawyers tiene abogados de accidentes de bicicleta en Solana Beach con m\u00e1s de 60 a\u00f1os de experiencia legal colectiva en el manejo de casos de lesiones personales. Nuestros abogados han adquirido m\u00e1s de mil millones de d\u00f3lares en acuerdos y sentencias para nuestros clientes. Debido a nuestro continuo \u00e9xito en el campo legal, hemos sido reconocidos como uno de los mejores bufetes de abogados de lesiones personales en Solana Beach.<\/p>\n<p>Nuestros servicios no vienen con ning\u00fan riesgo financiero. No se le cobrar\u00e1n honorarios hasta que su caso haya sido resuelto. Comun\u00edquese con nuestro equipo legal las 24 horas, los 7 d\u00edas de la semana llamando al 213-927-3700 o enviando un correo electr\u00f3nico a info@westcoasttriallawyers.com para programar una consulta gratuita.<\/p>\n<h2><strong>Seguro de accidentes de bicicleta<\/strong><\/h2>\n<p>Despu\u00e9s de estar involucrado en un accidente de bicicleta, debe determinar qui\u00e9n cree que tuvo la culpa de causarlo. El demandante es responsable de proporcionar evidencia convincente con respecto a si el conductor estaba mostrando o no un comportamiento negligente antes de que ocurriera la colisi\u00f3n. Por lo general, el seguro de salud personal del ciclista debe cubrir los da\u00f1os de un accidente. Algunas de estas p\u00f3lizas tambi\u00e9n pueden incluir cobertura por salarios perdidos. Si el conductor tiene la culpa y tiene poco o ning\u00fan seguro, entonces su p\u00f3liza de seguro sin seguro o con seguro insuficiente cubrir\u00e1 los costos.<\/p>\n<p>Con la posibilidad potencial de involucrarse en un accidente de bicicleta, muchas personas contemplan la idea de obtener un seguro de accidentes de bicicleta. En California, no es obligatorio registrarse ni comprar un seguro de bicicleta. Si su bicicleta significa mucho para usted y la usa con frecuencia, entonces ser\u00eda ideal contratar el seguro. Sin embargo, su seguro de propietarios o inquilinos puede cubrir su bicicleta si se da\u00f1a o se la roban. Estas pol\u00edticas pueden extender el reembolso si se trata de cualquiera de los dos problemas.<\/p>\n<p>Si a\u00fan elige comprar un seguro de bicicleta, viene con muchos beneficios para protegerlo de un accidente. Esto incluye:<\/p>\n<ul>\n<li>Pago m\u00e9dico<\/li>\n<li>Cobertura contra robo<\/li>\n<li>Cobertura contra da\u00f1os<\/li>\n<li>Reembolso de tarifas de eventos competitivos<\/li>\n<li>Protecci\u00f3n de responsabilidad de bicicletas<\/li>\n<li>Protecci\u00f3n de tr\u00e1nsito<\/li>\n<li>Asistencia en carretera<\/li>\n<li>Reembolso de alquiler<\/li>\n<\/ul>\n<h2><strong>Compensaci\u00f3n por accidente de bicicleta<\/strong><\/h2>\n<p>Dado que California es un estado de responsabilidad civil extracontractual, se espera que la v\u00edctima lesionada muestre pruebas de qui\u00e9n tuvo la culpa del accidente de bicicleta. Si la v\u00edctima gana el caso, obtendr\u00e1 una compensaci\u00f3n por da\u00f1os del seguro de la parte culpable. California implementar\u00e1 regulaciones estrictas para responsabilizar al seguro del conductor cuando el demandante pueda mostrar prueba de:<\/p>\n<ul>\n<li>El conductor presenta signos de negligencia. Esto incluye, entre otros, el exceso de velocidad, desobedecer los sem\u00e1foros o las se\u00f1ales, o conducir bajo la influencia de drogas o alcohol.<\/li>\n<li>El conductor te hiri\u00f3 intencionalmente.<\/li>\n<\/ul>\n<p>No hay est\u00e1ndares espec\u00edficos para recibir compensaci\u00f3n. Todo se calcula en funci\u00f3n de la cantidad de da\u00f1os econ\u00f3micos y no econ\u00f3micos que sufri\u00f3 la v\u00edctima debido a la colisi\u00f3n.<\/p>\n<h2><strong>Fortalecimiento de su reclamo por accidente<\/strong><\/h2>\n<p>Puede ser dif\u00edcil averiguar qu\u00e9 debe hacer despu\u00e9s de un accidente de bicicleta. Muchas personas se alteran y se ponen ansiosas despu\u00e9s de involucrarse en uno. Si es posible, intente obtener una cantidad suficiente de evidencia para aumentar sus posibilidades de obtener una compensaci\u00f3n que lo ayude a cubrir la mayor\u00eda, o incluso la totalidad, de sus p\u00e9rdidas. Esto incluye:<\/p>\n<ul>\n<li><strong>Recolectando evidencias de la escena del accidente.\u00a0<\/strong>Tome fotos o videos de su lesi\u00f3n, da\u00f1os a la propiedad y el lugar donde ocurri\u00f3 el accidente. Si hay alg\u00fan testigo cerca, debe pedir su consentimiento para adquirir su informaci\u00f3n de contacto. Los testimonios de los testigos pueden ayudar a fortalecer su reclamo.<\/li>\n<li><strong>Visita a un m\u00e9dico.\u00a0<\/strong>El m\u00e9dico le proporcionar\u00e1 un plan de tratamiento que le ayudar\u00e1 a recuperarse de sus lesiones. Su visita tambi\u00e9n se guardar\u00e1 en un archivo y se puede usar como evidencia para incluir en su reclamo.<\/li>\n<li><strong>Obtener registros m\u00e9dicos relacionados con el accidente.\u00a0<\/strong>Esto permitir\u00e1 a las compa\u00f1\u00edas de seguros saber si realmente result\u00f3 herido despu\u00e9s del incidente.<\/li>\n<li><strong>Contrate a un abogado con experiencia en accidentes de bicicleta.\u00a0<\/strong>El abogado le brindar\u00e1 asistencia legal, como la preparaci\u00f3n de su reclamo, la negociaci\u00f3n con las compa\u00f1\u00edas de seguros y la compensaci\u00f3n que merece por sus p\u00e9rdidas.<\/li>\n<\/ul>\n<h2><strong>Estatuto de limitaciones<\/strong><\/h2>\n<p>En California, una v\u00edctima tiene dos a\u00f1os, a partir de la fecha inicial del incidente, para presentar una demanda por lesiones personales contra la persona que cree que tiene la culpa de causar el accidente. Las lesiones por accidentes de bicicleta caen bajo el paraguas de lesiones personales, lo que somete el incidente al l\u00edmite de tiempo establecido por California para tomar medidas.<\/p>\n<h2><strong>Cont\u00e1ctenos<\/strong><\/h2>\n<p>Si ha sufrido lesiones como resultado de un accidente de bicicleta, tiene derecho a responsabilizar a la parte culpable. Los abogados litigantes de la costa oeste lo ayudar\u00e1n a recuperar una compensaci\u00f3n financiera y emocional por sus p\u00e9rdidas, incluidas las facturas m\u00e9dicas, la angustia emocional, los da\u00f1os a la propiedad, los salarios perdidos y el dolor y el sufrimiento.<\/p>\n<p>Ll\u00e1menos hoy al 213-927-3700 o env\u00ede un correo electr\u00f3nico a info@westcoasttriallawyers.com para programar una consulta gratuita con nuestro equipo legal experimentado, atento y compasivo.<br \/>\n<!-- WCTL_DEBUG: no shortcode in this_content --><\/p>\n","protected":false},"excerpt":{"rendered":"<p>Nuestros abogados expertos en accidentes de bicicleta en Solana Beach lo ayudar\u00e1n a obtener una compensaci\u00f3n justa por su accidente de bicicleta\u00a0 Los accidentes de bicicleta ocurren com\u00fanmente en las ciudades de California, incluida Solana Beach. Debido al tama\u00f1o de una bicicleta, puede ser dif\u00edcil que los veh\u00edculos, especialmente los camiones, las identifiquen en la [&hellip;]<\/p>\n","protected":false},"author":475,"featured_media":46443,"parent":47427,"menu_order":0,"comment_status":"closed","ping_status":"closed","template":"","meta":{"inline_featured_image":false,"footnotes":""},"class_list":["post-12525","page","type-page","status-publish","has-post-thumbnail","hentry"],"acf":[],"yoast_head":"<!-- This site is optimized with the Yoast SEO Premium plugin v26.0 (Yoast SEO v26.0) - https:\/\/yoast.com\/wordpress\/plugins\/seo\/ -->\n<title>Abogado de accidentes de bicicleta en Solana Beach | West Coast Trial Lawyers<\/title>\n<meta name=\"robots\" content=\"index, follow, max-snippet:-1, max-image-preview:large, max-video-preview:-1\" \/>\n<link rel=\"canonical\" href=\"https:\/\/westcoasttriallawyers.com\/es\/california\/solana-beach\/abogados-accidentes-bicicleta-solana-beach\" \/>\n<meta property=\"og:locale\" content=\"es_ES\" \/>\n<meta property=\"og:type\" content=\"article\" \/>\n<meta property=\"og:title\" content=\"Abogado de accidentes de bicicleta en Solana Beach\" \/>\n<meta property=\"og:description\" content=\"Nuestros abogados expertos en accidentes de bicicleta en Solana Beach lo ayudar\u00e1n a obtener una compensaci\u00f3n justa por su accidente de bicicleta\u00a0 Los accidentes de bicicleta ocurren com\u00fanmente en las ciudades de California, incluida Solana Beach. Debido al tama\u00f1o de una bicicleta, puede ser dif\u00edcil que los veh\u00edculos, especialmente los camiones, las identifiquen en la [&hellip;]\" \/>\n<meta property=\"og:url\" content=\"https:\/\/westcoasttriallawyers.com\/es\/california\/solana-beach\/abogados-accidentes-bicicleta-solana-beach\" \/>\n<meta property=\"og:site_name\" content=\"West Coast Trial Lawyers\" \/>\n<meta property=\"article:publisher\" content=\"https:\/\/www.facebook.com\/westcoasttriallawyers\/\" \/>\n<meta property=\"article:modified_time\" content=\"2026-01-22T21:38:28+00:00\" \/>\n<meta property=\"og:image\" content=\"https:\/\/westcoasttriallawyers.com\/wp-content\/uploads\/2025\/07\/Solana-Beach-13.webp\" \/>\n\t<meta property=\"og:image:width\" content=\"557\" \/>\n\t<meta property=\"og:image:height\" content=\"327\" \/>\n\t<meta property=\"og:image:type\" content=\"image\/webp\" \/>\n<meta name=\"twitter:card\" content=\"summary_large_image\" \/>\n<meta name=\"twitter:site\" content=\"@WestCoastTrial\" \/>\n<meta name=\"twitter:label1\" content=\"Tiempo de lectura\" \/>\n\t<meta name=\"twitter:data1\" content=\"5 minutos\" \/>\n<script type=\"application\/ld+json\" class=\"yoast-schema-graph\">{\"@context\":\"https:\/\/schema.org\",\"@graph\":[{\"@type\":[\"WebPage\",\"ItemPage\"],\"@id\":\"https:\/\/westcoasttriallawyers.com\/es\/california\/solana-beach\/abogados-accidentes-bicicleta-solana-beach\",\"url\":\"https:\/\/westcoasttriallawyers.com\/es\/california\/solana-beach\/abogados-accidentes-bicicleta-solana-beach\",\"name\":\"Abogado de accidentes de bicicleta en Solana Beach | West Coast Trial Lawyers\",\"isPartOf\":{\"@id\":\"https:\/\/westcoasttriallawyers.com\/es#website\"},\"primaryImageOfPage\":{\"@id\":\"https:\/\/westcoasttriallawyers.com\/es\/california\/solana-beach\/abogados-accidentes-bicicleta-solana-beach#primaryimage\"},\"image\":{\"@id\":\"https:\/\/westcoasttriallawyers.com\/es\/california\/solana-beach\/abogados-accidentes-bicicleta-solana-beach#primaryimage\"},\"thumbnailUrl\":\"https:\/\/westcoasttriallawyers.com\/wp-content\/uploads\/2025\/07\/Solana-Beach-13.webp\",\"datePublished\":\"2026-01-14T17:04:41+00:00\",\"dateModified\":\"2026-01-22T21:38:28+00:00\",\"breadcrumb\":{\"@id\":\"https:\/\/westcoasttriallawyers.com\/es\/california\/solana-beach\/abogados-accidentes-bicicleta-solana-beach#breadcrumb\"},\"inLanguage\":\"es\",\"potentialAction\":[{\"@type\":\"ReadAction\",\"target\":[\"https:\/\/westcoasttriallawyers.com\/es\/california\/solana-beach\/abogados-accidentes-bicicleta-solana-beach\"]}]},{\"@type\":\"ImageObject\",\"inLanguage\":\"es\",\"@id\":\"https:\/\/westcoasttriallawyers.com\/es\/california\/solana-beach\/abogados-accidentes-bicicleta-solana-beach#primaryimage\",\"url\":\"https:\/\/westcoasttriallawyers.com\/wp-content\/uploads\/2025\/07\/Solana-Beach-13.webp\",\"contentUrl\":\"https:\/\/westcoasttriallawyers.com\/wp-content\/uploads\/2025\/07\/Solana-Beach-13.webp\",\"width\":557,\"height\":327},{\"@type\":\"BreadcrumbList\",\"@id\":\"https:\/\/westcoasttriallawyers.com\/es\/california\/solana-beach\/abogados-accidentes-bicicleta-solana-beach#breadcrumb\",\"itemListElement\":[{\"@type\":\"ListItem\",\"position\":1,\"name\":\"Inicio\",\"item\":\"https:\/\/westcoasttriallawyers.com\/es\"},{\"@type\":\"ListItem\",\"position\":2,\"name\":\"California\",\"item\":\"https:\/\/westcoasttriallawyers.com\/es\/california\"},{\"@type\":\"ListItem\",\"position\":3,\"name\":\"Solana Beach\",\"item\":\"https:\/\/westcoasttriallawyers.com\/es\/california\/solana-beach\"},{\"@type\":\"ListItem\",\"position\":4,\"name\":\"Abogado de accidentes de bicicleta en Solana Beach\"}]},{\"@type\":\"WebSite\",\"@id\":\"https:\/\/westcoasttriallawyers.com\/es#website\",\"url\":\"https:\/\/westcoasttriallawyers.com\/es\",\"name\":\"West Coast Trial Lawyers\",\"description\":\"West Coast Trial Lawyers\",\"publisher\":{\"@id\":\"https:\/\/westcoasttriallawyers.com\/es#organization\"},\"alternateName\":\"WCTL\",\"potentialAction\":[{\"@type\":\"SearchAction\",\"target\":{\"@type\":\"EntryPoint\",\"urlTemplate\":\"https:\/\/westcoasttriallawyers.com\/es?s={search_term_string}\"},\"query-input\":{\"@type\":\"PropertyValueSpecification\",\"valueRequired\":true,\"valueName\":\"search_term_string\"}}],\"inLanguage\":\"es\"},{\"@type\":\"Organization\",\"@id\":\"https:\/\/westcoasttriallawyers.com\/es#organization\",\"name\":\"West Coast Trial Lawyers\",\"alternateName\":\"WCTL\",\"url\":\"https:\/\/westcoasttriallawyers.com\/es\",\"logo\":{\"@type\":\"ImageObject\",\"inLanguage\":\"es\",\"@id\":\"https:\/\/westcoasttriallawyers.com\/es#\/schema\/logo\/image\/\",\"url\":\"https:\/\/westcoasttriallawyers.com\/wp-content\/uploads\/2026\/02\/WCTL-Logo.jpg\",\"contentUrl\":\"https:\/\/westcoasttriallawyers.com\/wp-content\/uploads\/2026\/02\/WCTL-Logo.jpg\",\"width\":696,\"height\":696,\"caption\":\"West Coast Trial Lawyers\"},\"image\":{\"@id\":\"https:\/\/westcoasttriallawyers.com\/es#\/schema\/logo\/image\/\"},\"sameAs\":[\"https:\/\/www.facebook.com\/westcoasttriallawyers\/\",\"https:\/\/x.com\/WestCoastTrial\",\"https:\/\/www.linkedin.com\/company\/west-coast-trial-lawyers\/\",\"https:\/\/www.instagram.com\/westcoasttriallawyers\/\",\"https:\/\/www.yelp.com\/biz\/west-coast-trial-lawyers-los-angeles-2\",\"https:\/\/www.pinterest.com\/westcoasttrial\/\",\"https:\/\/www.youtube.com\/westcoasttriallawyersla\/\",\"https:\/\/www.tiktok.com\/westcoasttriallawyers\"],\"description\":\"West Coast Trial Lawyers is a top-rated personal injury law firm with a goal to provide expert legal representation to those in need. The law firm has offices across California, Nevada, Arizona, and Washington.\",\"legalName\":\"West Coast Trial Lawyers\"}]}<\/script>\n<!-- \/ Yoast SEO Premium plugin. -->","yoast_head_json":{"title":"Abogado de accidentes de bicicleta en Solana Beach | West Coast Trial Lawyers","robots":{"index":"index","follow":"follow","max-snippet":"max-snippet:-1","max-image-preview":"max-image-preview:large","max-video-preview":"max-video-preview:-1"},"canonical":"https:\/\/westcoasttriallawyers.com\/es\/california\/solana-beach\/abogados-accidentes-bicicleta-solana-beach","og_locale":"es_ES","og_type":"article","og_title":"Abogado de accidentes de bicicleta en Solana Beach","og_description":"Nuestros abogados expertos en accidentes de bicicleta en Solana Beach lo ayudar\u00e1n a obtener una compensaci\u00f3n justa por su accidente de bicicleta\u00a0 Los accidentes de bicicleta ocurren com\u00fanmente en las ciudades de California, incluida Solana Beach. Debido al tama\u00f1o de una bicicleta, puede ser dif\u00edcil que los veh\u00edculos, especialmente los camiones, las identifiquen en la [&hellip;]","og_url":"https:\/\/westcoasttriallawyers.com\/es\/california\/solana-beach\/abogados-accidentes-bicicleta-solana-beach","og_site_name":"West Coast Trial Lawyers","article_publisher":"https:\/\/www.facebook.com\/westcoasttriallawyers\/","article_modified_time":"2026-01-22T21:38:28+00:00","og_image":[{"width":557,"height":327,"url":"https:\/\/westcoasttriallawyers.com\/wp-content\/uploads\/2025\/07\/Solana-Beach-13.webp","type":"image\/webp"}],"twitter_card":"summary_large_image","twitter_site":"@WestCoastTrial","twitter_misc":{"Tiempo de lectura":"5 minutos"},"schema":{"@context":"https:\/\/schema.org","@graph":[{"@type":["WebPage","ItemPage"],"@id":"https:\/\/westcoasttriallawyers.com\/es\/california\/solana-beach\/abogados-accidentes-bicicleta-solana-beach","url":"https:\/\/westcoasttriallawyers.com\/es\/california\/solana-beach\/abogados-accidentes-bicicleta-solana-beach","name":"Abogado de accidentes de bicicleta en Solana Beach | West Coast Trial Lawyers","isPartOf":{"@id":"https:\/\/westcoasttriallawyers.com\/es#website"},"primaryImageOfPage":{"@id":"https:\/\/westcoasttriallawyers.com\/es\/california\/solana-beach\/abogados-accidentes-bicicleta-solana-beach#primaryimage"},"image":{"@id":"https:\/\/westcoasttriallawyers.com\/es\/california\/solana-beach\/abogados-accidentes-bicicleta-solana-beach#primaryimage"},"thumbnailUrl":"https:\/\/westcoasttriallawyers.com\/wp-content\/uploads\/2025\/07\/Solana-Beach-13.webp","datePublished":"2026-01-14T17:04:41+00:00","dateModified":"2026-01-22T21:38:28+00:00","breadcrumb":{"@id":"https:\/\/westcoasttriallawyers.com\/es\/california\/solana-beach\/abogados-accidentes-bicicleta-solana-beach#breadcrumb"},"inLanguage":"es","potentialAction":[{"@type":"ReadAction","target":["https:\/\/westcoasttriallawyers.com\/es\/california\/solana-beach\/abogados-accidentes-bicicleta-solana-beach"]}]},{"@type":"ImageObject","inLanguage":"es","@id":"https:\/\/westcoasttriallawyers.com\/es\/california\/solana-beach\/abogados-accidentes-bicicleta-solana-beach#primaryimage","url":"https:\/\/westcoasttriallawyers.com\/wp-content\/uploads\/2025\/07\/Solana-Beach-13.webp","contentUrl":"https:\/\/westcoasttriallawyers.com\/wp-content\/uploads\/2025\/07\/Solana-Beach-13.webp","width":557,"height":327},{"@type":"BreadcrumbList","@id":"https:\/\/westcoasttriallawyers.com\/es\/california\/solana-beach\/abogados-accidentes-bicicleta-solana-beach#breadcrumb","itemListElement":[{"@type":"ListItem","position":1,"name":"Inicio","item":"https:\/\/westcoasttriallawyers.com\/es"},{"@type":"ListItem","position":2,"name":"California","item":"https:\/\/westcoasttriallawyers.com\/es\/california"},{"@type":"ListItem","position":3,"name":"Solana Beach","item":"https:\/\/westcoasttriallawyers.com\/es\/california\/solana-beach"},{"@type":"ListItem","position":4,"name":"Abogado de accidentes de bicicleta en Solana Beach"}]},{"@type":"WebSite","@id":"https:\/\/westcoasttriallawyers.com\/es#website","url":"https:\/\/westcoasttriallawyers.com\/es","name":"West Coast Trial Lawyers","description":"West Coast Trial Lawyers","publisher":{"@id":"https:\/\/westcoasttriallawyers.com\/es#organization"},"alternateName":"WCTL","potentialAction":[{"@type":"SearchAction","target":{"@type":"EntryPoint","urlTemplate":"https:\/\/westcoasttriallawyers.com\/es?s={search_term_string}"},"query-input":{"@type":"PropertyValueSpecification","valueRequired":true,"valueName":"search_term_string"}}],"inLanguage":"es"},{"@type":"Organization","@id":"https:\/\/westcoasttriallawyers.com\/es#organization","name":"West Coast Trial Lawyers","alternateName":"WCTL","url":"https:\/\/westcoasttriallawyers.com\/es","logo":{"@type":"ImageObject","inLanguage":"es","@id":"https:\/\/westcoasttriallawyers.com\/es#\/schema\/logo\/image\/","url":"https:\/\/westcoasttriallawyers.com\/wp-content\/uploads\/2026\/02\/WCTL-Logo.jpg","contentUrl":"https:\/\/westcoasttriallawyers.com\/wp-content\/uploads\/2026\/02\/WCTL-Logo.jpg","width":696,"height":696,"caption":"West Coast Trial Lawyers"},"image":{"@id":"https:\/\/westcoasttriallawyers.com\/es#\/schema\/logo\/image\/"},"sameAs":["https:\/\/www.facebook.com\/westcoasttriallawyers\/","https:\/\/x.com\/WestCoastTrial","https:\/\/www.linkedin.com\/company\/west-coast-trial-lawyers\/","https:\/\/www.instagram.com\/westcoasttriallawyers\/","https:\/\/www.yelp.com\/biz\/west-coast-trial-lawyers-los-angeles-2","https:\/\/www.pinterest.com\/westcoasttrial\/","https:\/\/www.youtube.com\/westcoasttriallawyersla\/","https:\/\/www.tiktok.com\/westcoasttriallawyers"],"description":"West Coast Trial Lawyers is a top-rated personal injury law firm with a goal to provide expert legal representation to those in need. The law firm has offices across California, Nevada, Arizona, and Washington.","legalName":"West Coast Trial Lawyers"}]}},"_links":{"self":[{"href":"https:\/\/westcoasttriallawyers.com\/es\/wp-json\/wp\/v2\/pages\/12525","targetHints":{"allow":["GET"]}}],"collection":[{"href":"https:\/\/westcoasttriallawyers.com\/es\/wp-json\/wp\/v2\/pages"}],"about":[{"href":"https:\/\/westcoasttriallawyers.com\/es\/wp-json\/wp\/v2\/types\/page"}],"author":[{"embeddable":true,"href":"https:\/\/westcoasttriallawyers.com\/es\/wp-json\/wp\/v2\/users\/475"}],"replies":[{"embeddable":true,"href":"https:\/\/westcoasttriallawyers.com\/es\/wp-json\/wp\/v2\/comments?post=12525"}],"version-history":[{"count":4,"href":"https:\/\/westcoasttriallawyers.com\/es\/wp-json\/wp\/v2\/pages\/12525\/revisions"}],"predecessor-version":[{"id":48052,"href":"https:\/\/westcoasttriallawyers.com\/es\/wp-json\/wp\/v2\/pages\/12525\/revisions\/48052"}],"up":[{"embeddable":true,"href":"https:\/\/westcoasttriallawyers.com\/es\/wp-json\/wp\/v2\/pages\/47427"}],"wp:featuredmedia":[{"embeddable":true,"href":"https:\/\/westcoasttriallawyers.com\/es\/wp-json\/wp\/v2\/media\/46443"}],"wp:attachment":[{"href":"https:\/\/westcoasttriallawyers.com\/es\/wp-json\/wp\/v2\/media?parent=12525"}],"curies":[{"name":"wp","href":"https:\/\/api.w.org\/{rel}","templated":true}]}}