{"id":12522,"date":"2026-01-14T17:04:39","date_gmt":"2026-01-14T17:04:39","guid":{"rendered":"https:\/\/wctl1stg.wpengine.com\/?page_id=12522"},"modified":"2026-01-22T21:36:51","modified_gmt":"2026-01-22T21:36:51","slug":"abogados-accidentes-peaton-solana-beach","status":"publish","type":"page","link":"https:\/\/westcoasttriallawyers.com\/es\/california\/solana-beach\/abogados-accidentes-peaton-solana-beach","title":{"rendered":"Abogado de accidentes de peatones en Solana Beach"},"content":{"rendered":"<h2><strong>\u00bfQuiere saber c\u00f3mo reducir su probabilidad de sufrir un accidente de peat\u00f3n? Obtenga informaci\u00f3n legal de nuestros abogados de accidentes de peatones de Solana Beach<\/strong><\/h2>\n<p>Los accidentes de peatones ocurren casi todos los d\u00edas en California. Ciudades como Solana Beach han publicado informes de peatones muertos o heridos por un veh\u00edculo. Con miles de conductores ocupando las carreteras a diario, es inevitable que un conductor negligente est\u00e9 presente durante estos viajes. Esta es principalmente la raz\u00f3n por la cual un peat\u00f3n debe tener cuidado en todo momento. Por ley, los veh\u00edculos deben ceder el paso a los peatones. Sin embargo, hay conductores imprudentes que elegir\u00edan desobedecer esta regla para sus propios fines ego\u00edstas.<\/p>\n<p>Si usted es un peat\u00f3n que fue v\u00edctima de un accidente automovil\u00edstico y desea presentar un reclamo contra el conductor culpable, West Coast Trial Lawyers tiene abogados experimentados en accidentes de peatones en Solana Beach que est\u00e1n comprometidos a asegurarse de que obtenga un resultado satisfactorio para Tu caso. Nuestro equipo ha ganado con \u00e9xito m\u00e1s de 5000 casos de lesiones personales y ha adquirido m\u00e1s de $1000 millones en acuerdos y juicios para nuestros clientes. Nuestros logros nos han clasificado como uno de los mejores bufetes de abogados de lesiones personales en Solana Beach.<\/p>\n<p>Para programar una consulta gratuita y sin compromiso en nuestro bufete de abogados de lesiones personales de Solana Beach, comun\u00edquese con nuestro equipo legal las 24 horas, los 7 d\u00edas de la semana llamando al 213-927-3700 o enviando un correo electr\u00f3nico a\u00a0<a href=\"mailto:info@westcoasttriallawyers.com\">info@westcoasttriallawyers.com<\/a>.<\/p>\n<h2><strong>Golpear intencionalmente a alguien con un autom\u00f3vil<\/strong><\/h2>\n<p>Debido a la naturaleza negligente de los accidentes de peatones, es probable que la v\u00edctima tenga derecho a da\u00f1os punitivos. Se espera que el peat\u00f3n muestre pruebas de que el conductor intent\u00f3 lesionar intencionalmente. Los da\u00f1os punitivos se otorgar\u00e1n a discreci\u00f3n del tribunal. El malhechor sufrir\u00e1 castigos por realizar deliberadamente actos de malicia.<\/p>\n<p>El conductor culpable de da\u00f1o intencional sufrir\u00e1 graves consecuencias, como cargos penales. Si el peat\u00f3n muri\u00f3, el conductor enfrentar\u00e1 cargos de homicidio involuntario, lo que resultar\u00e1 en un delito grave y una larga sentencia de prisi\u00f3n.<\/p>\n<p>Adem\u00e1s, lo m\u00e1s probable es que al conductor se le revoque la licencia de conducir. Perder\u00e1n temporalmente la capacidad de conducir su veh\u00edculo y tendr\u00e1n que pasar por un largo proceso para restablecer su licencia. Las posibilidades de que le quiten la licencia a un conductor solo aumentar\u00e1n si intencionalmente quer\u00edan golpear al peat\u00f3n o estaban intoxicados cuando ocurri\u00f3 el accidente.<\/p>\n<h2><strong>Excepciones<\/strong><\/h2>\n<p>Hay excepciones que podr\u00edan limitar la cantidad de responsabilidad del conductor. Si el peat\u00f3n tuvo la culpa del accidente, se aplicar\u00e1 una excepci\u00f3n al conductor. Un ejemplo podr\u00eda ser un peat\u00f3n, bajo la influencia del alcohol, cruzando la calle imprudentemente para cruzar la calle. El conductor nota al peat\u00f3n pero no puede reaccionar a tiempo para evitar la colisi\u00f3n. En este tipo de situaci\u00f3n, es probable que el peat\u00f3n comparta la culpa ya que est\u00e1 realizando una acci\u00f3n negligente mientras est\u00e1 intoxicado.<\/p>\n<h2><strong>Homicidio vehicular<\/strong><\/h2>\n<p>Si un peat\u00f3n fallece como resultado de un accidente automovil\u00edstico, el conductor culpable podr\u00eda enfrentar cargos criminales. Por ejemplo, si un conductor ebrio no cede el paso a un peat\u00f3n que usa un cruce de peatones, es probable que el conductor enfrente cargos de homicidio vehicular u homicidio involuntario.<\/p>\n<h2><strong>C\u00f3mo reducir los accidentes de peatones<\/strong><\/h2>\n<ul>\n<li><strong>Qu\u00e9dese en su veh\u00edculo.<\/strong> Si hay una emergencia que requiere que se estacione al costado de la carretera, permanezca en su veh\u00edculo. Solo puede salir para inspeccionar el motor, las llantas o cualquier parte del veh\u00edculo que hizo que se detuviera. Una vez hayas terminado esta tarea, deber\u00e1s volver a tu veh\u00edculo y llamar a una gr\u00faa o al servicio de asistencia de veh\u00edculos de emergencia.<\/li>\n<li><strong>Camine con cautela.<\/strong> Sea consciente y cauteloso de su entorno. Muchos accidentes de peatones se pueden evitar si el peat\u00f3n observa cuidadosamente lo que sucede a su alrededor.<\/li>\n<li><strong>No use su tel\u00e9fono mientras camina.\u00a0<\/strong>Usar su tel\u00e9fono mientras camina por la calle es muy peligroso. Podr\u00eda ser atropellado por un veh\u00edculo o empujado por otro peat\u00f3n. Presta atenci\u00f3n a la calle y mant\u00e9n tu tel\u00e9fono en tu bolsillo o bolso.<\/li>\n<li><strong>Utilice un paso de peatones.<\/strong> Siempre debe usar un paso de peatones cuando quiera cruzar la calle. Esto permitir\u00e1 que el conductor tenga una visi\u00f3n adecuada de usted y tenga suficiente tiempo para detenerse por completo.<\/li>\n<li><strong>Hacer contacto visual.<\/strong> Aunque los peatones tienen el derecho de paso, no significa necesariamente que todos los conductores les cedan el paso. Siempre aseg\u00farese de mirar a los conductores a los ojos para que se den cuenta de que est\u00e1 tratando de cruzar la calle.<\/li>\n<li><strong>Tenga cuidado con los autos estacionados.<\/strong> Aseg\u00farese de revisar su entorno mientras camina en el estacionamiento. Usa ropa reflectante o de ne\u00f3n para que destaques m\u00e1s si planeas dar un paseo durante la noche.<\/li>\n<li><strong>Aseg\u00farese de mirar a ambos lados antes de cruzar la calle.<\/strong> Como se indic\u00f3 anteriormente, incluso si tiene el derecho de paso, los conductores a\u00fan pueden optar por acelerar o pasar una luz roja. Siempre es importante mirar a ambos lados antes de cruzar la calle.<\/li>\n<li><strong>No camine por la calle en estado de ebriedad.<\/strong> Alrededor del 47 por ciento de los accidentes fatales de autom\u00f3viles y peatones involucraron a un conductor y\/o peat\u00f3n que estaba bajo la influencia del alcohol. Estar intoxicado puede dificultar comprender lo que sucede a su alrededor, ya que el alcohol tiene la capacidad de afectar su visi\u00f3n. Si planea salir a caminar, le recomendamos encarecidamente que se deshaga de la bebida alcoh\u00f3lica para mantenerse alerta y cauteloso con su entorno.<\/li>\n<\/ul>\n<h2><strong>Cont\u00e1ctenos<\/strong><\/h2>\n<p>Si estuvo involucrado en un accidente peatonal en Solana Beach, los abogados litigantes de la costa oeste lo ayudar\u00e1n a recuperar una compensaci\u00f3n financiera y emocional por sus p\u00e9rdidas, incluidas las facturas m\u00e9dicas, la angustia emocional, los da\u00f1os a la propiedad, los salarios perdidos y el dolor y el sufrimiento.<\/p>\n<p>Ll\u00e1menos hoy al 213-927-3700 o env\u00ede un correo electr\u00f3nico a \u2018info@westcoasttriallawyers.com para programar una consulta gratuita con nuestro equipo legal experto, atento y compasivo. No se cobrar\u00e1n honorarios hasta que su caso haya sido resuelto.<br \/>\n<!-- WCTL_DEBUG: no shortcode in this_content --><\/p>\n","protected":false},"excerpt":{"rendered":"<p>\u00bfQuiere saber c\u00f3mo reducir su probabilidad de sufrir un accidente de peat\u00f3n? Obtenga informaci\u00f3n legal de nuestros abogados de accidentes de peatones de Solana Beach Los accidentes de peatones ocurren casi todos los d\u00edas en California. Ciudades como Solana Beach han publicado informes de peatones muertos o heridos por un veh\u00edculo. Con miles de conductores [&hellip;]<\/p>\n","protected":false},"author":475,"featured_media":46433,"parent":47427,"menu_order":0,"comment_status":"closed","ping_status":"closed","template":"","meta":{"inline_featured_image":false,"footnotes":""},"class_list":["post-12522","page","type-page","status-publish","has-post-thumbnail","hentry"],"acf":[],"yoast_head":"<!-- This site is optimized with the Yoast SEO Premium plugin v26.0 (Yoast SEO v26.0) - https:\/\/yoast.com\/wordpress\/plugins\/seo\/ -->\n<title>Abogado de accidentes de peatones en Solana Beach | West Coast Trial Lawyers<\/title>\n<meta name=\"robots\" content=\"index, follow, max-snippet:-1, max-image-preview:large, max-video-preview:-1\" \/>\n<link rel=\"canonical\" href=\"https:\/\/westcoasttriallawyers.com\/es\/california\/solana-beach\/abogados-accidentes-peaton-solana-beach\" \/>\n<meta property=\"og:locale\" content=\"es_ES\" \/>\n<meta property=\"og:type\" content=\"article\" \/>\n<meta property=\"og:title\" content=\"Abogado de accidentes de peatones en Solana Beach\" \/>\n<meta property=\"og:description\" content=\"\u00bfQuiere saber c\u00f3mo reducir su probabilidad de sufrir un accidente de peat\u00f3n? Obtenga informaci\u00f3n legal de nuestros abogados de accidentes de peatones de Solana Beach Los accidentes de peatones ocurren casi todos los d\u00edas en California. Ciudades como Solana Beach han publicado informes de peatones muertos o heridos por un veh\u00edculo. Con miles de conductores [&hellip;]\" \/>\n<meta property=\"og:url\" content=\"https:\/\/westcoasttriallawyers.com\/es\/california\/solana-beach\/abogados-accidentes-peaton-solana-beach\" \/>\n<meta property=\"og:site_name\" content=\"West Coast Trial Lawyers\" \/>\n<meta property=\"article:publisher\" content=\"https:\/\/www.facebook.com\/westcoasttriallawyers\/\" \/>\n<meta property=\"article:modified_time\" content=\"2026-01-22T21:36:51+00:00\" \/>\n<meta property=\"og:image\" content=\"https:\/\/westcoasttriallawyers.com\/wp-content\/uploads\/2025\/07\/Solana-Beach-9.webp\" \/>\n\t<meta property=\"og:image:width\" content=\"557\" \/>\n\t<meta property=\"og:image:height\" content=\"327\" \/>\n\t<meta property=\"og:image:type\" content=\"image\/webp\" \/>\n<meta name=\"twitter:card\" content=\"summary_large_image\" \/>\n<meta name=\"twitter:site\" content=\"@WestCoastTrial\" \/>\n<meta name=\"twitter:label1\" content=\"Tiempo de lectura\" \/>\n\t<meta name=\"twitter:data1\" content=\"5 minutos\" \/>\n<script type=\"application\/ld+json\" class=\"yoast-schema-graph\">{\"@context\":\"https:\/\/schema.org\",\"@graph\":[{\"@type\":[\"WebPage\",\"ItemPage\"],\"@id\":\"https:\/\/westcoasttriallawyers.com\/es\/california\/solana-beach\/abogados-accidentes-peaton-solana-beach\",\"url\":\"https:\/\/westcoasttriallawyers.com\/es\/california\/solana-beach\/abogados-accidentes-peaton-solana-beach\",\"name\":\"Abogado de accidentes de peatones en Solana Beach | West Coast Trial Lawyers\",\"isPartOf\":{\"@id\":\"https:\/\/westcoasttriallawyers.com\/es#website\"},\"primaryImageOfPage\":{\"@id\":\"https:\/\/westcoasttriallawyers.com\/es\/california\/solana-beach\/abogados-accidentes-peaton-solana-beach#primaryimage\"},\"image\":{\"@id\":\"https:\/\/westcoasttriallawyers.com\/es\/california\/solana-beach\/abogados-accidentes-peaton-solana-beach#primaryimage\"},\"thumbnailUrl\":\"https:\/\/westcoasttriallawyers.com\/wp-content\/uploads\/2025\/07\/Solana-Beach-9.webp\",\"datePublished\":\"2026-01-14T17:04:39+00:00\",\"dateModified\":\"2026-01-22T21:36:51+00:00\",\"breadcrumb\":{\"@id\":\"https:\/\/westcoasttriallawyers.com\/es\/california\/solana-beach\/abogados-accidentes-peaton-solana-beach#breadcrumb\"},\"inLanguage\":\"es\",\"potentialAction\":[{\"@type\":\"ReadAction\",\"target\":[\"https:\/\/westcoasttriallawyers.com\/es\/california\/solana-beach\/abogados-accidentes-peaton-solana-beach\"]}]},{\"@type\":\"ImageObject\",\"inLanguage\":\"es\",\"@id\":\"https:\/\/westcoasttriallawyers.com\/es\/california\/solana-beach\/abogados-accidentes-peaton-solana-beach#primaryimage\",\"url\":\"https:\/\/westcoasttriallawyers.com\/wp-content\/uploads\/2025\/07\/Solana-Beach-9.webp\",\"contentUrl\":\"https:\/\/westcoasttriallawyers.com\/wp-content\/uploads\/2025\/07\/Solana-Beach-9.webp\",\"width\":557,\"height\":327},{\"@type\":\"BreadcrumbList\",\"@id\":\"https:\/\/westcoasttriallawyers.com\/es\/california\/solana-beach\/abogados-accidentes-peaton-solana-beach#breadcrumb\",\"itemListElement\":[{\"@type\":\"ListItem\",\"position\":1,\"name\":\"Inicio\",\"item\":\"https:\/\/westcoasttriallawyers.com\/es\"},{\"@type\":\"ListItem\",\"position\":2,\"name\":\"California\",\"item\":\"https:\/\/westcoasttriallawyers.com\/es\/california\"},{\"@type\":\"ListItem\",\"position\":3,\"name\":\"Solana Beach\",\"item\":\"https:\/\/westcoasttriallawyers.com\/es\/california\/solana-beach\"},{\"@type\":\"ListItem\",\"position\":4,\"name\":\"Abogado de accidentes de peatones en Solana Beach\"}]},{\"@type\":\"WebSite\",\"@id\":\"https:\/\/westcoasttriallawyers.com\/es#website\",\"url\":\"https:\/\/westcoasttriallawyers.com\/es\",\"name\":\"West Coast Trial Lawyers\",\"description\":\"West Coast Trial Lawyers\",\"publisher\":{\"@id\":\"https:\/\/westcoasttriallawyers.com\/es#organization\"},\"alternateName\":\"WCTL\",\"potentialAction\":[{\"@type\":\"SearchAction\",\"target\":{\"@type\":\"EntryPoint\",\"urlTemplate\":\"https:\/\/westcoasttriallawyers.com\/es?s={search_term_string}\"},\"query-input\":{\"@type\":\"PropertyValueSpecification\",\"valueRequired\":true,\"valueName\":\"search_term_string\"}}],\"inLanguage\":\"es\"},{\"@type\":\"Organization\",\"@id\":\"https:\/\/westcoasttriallawyers.com\/es#organization\",\"name\":\"West Coast Trial Lawyers\",\"alternateName\":\"WCTL\",\"url\":\"https:\/\/westcoasttriallawyers.com\/es\",\"logo\":{\"@type\":\"ImageObject\",\"inLanguage\":\"es\",\"@id\":\"https:\/\/westcoasttriallawyers.com\/es#\/schema\/logo\/image\/\",\"url\":\"https:\/\/westcoasttriallawyers.com\/wp-content\/uploads\/2026\/02\/WCTL-Logo.jpg\",\"contentUrl\":\"https:\/\/westcoasttriallawyers.com\/wp-content\/uploads\/2026\/02\/WCTL-Logo.jpg\",\"width\":696,\"height\":696,\"caption\":\"West Coast Trial Lawyers\"},\"image\":{\"@id\":\"https:\/\/westcoasttriallawyers.com\/es#\/schema\/logo\/image\/\"},\"sameAs\":[\"https:\/\/www.facebook.com\/westcoasttriallawyers\/\",\"https:\/\/x.com\/WestCoastTrial\",\"https:\/\/www.linkedin.com\/company\/west-coast-trial-lawyers\/\",\"https:\/\/www.instagram.com\/westcoasttriallawyers\/\",\"https:\/\/www.yelp.com\/biz\/west-coast-trial-lawyers-los-angeles-2\",\"https:\/\/www.pinterest.com\/westcoasttrial\/\",\"https:\/\/www.youtube.com\/westcoasttriallawyersla\/\",\"https:\/\/www.tiktok.com\/westcoasttriallawyers\"],\"description\":\"West Coast Trial Lawyers is a top-rated personal injury law firm with a goal to provide expert legal representation to those in need. The law firm has offices across California, Nevada, Arizona, and Washington.\",\"legalName\":\"West Coast Trial Lawyers\"}]}<\/script>\n<!-- \/ Yoast SEO Premium plugin. -->","yoast_head_json":{"title":"Abogado de accidentes de peatones en Solana Beach | West Coast Trial Lawyers","robots":{"index":"index","follow":"follow","max-snippet":"max-snippet:-1","max-image-preview":"max-image-preview:large","max-video-preview":"max-video-preview:-1"},"canonical":"https:\/\/westcoasttriallawyers.com\/es\/california\/solana-beach\/abogados-accidentes-peaton-solana-beach","og_locale":"es_ES","og_type":"article","og_title":"Abogado de accidentes de peatones en Solana Beach","og_description":"\u00bfQuiere saber c\u00f3mo reducir su probabilidad de sufrir un accidente de peat\u00f3n? Obtenga informaci\u00f3n legal de nuestros abogados de accidentes de peatones de Solana Beach Los accidentes de peatones ocurren casi todos los d\u00edas en California. Ciudades como Solana Beach han publicado informes de peatones muertos o heridos por un veh\u00edculo. Con miles de conductores [&hellip;]","og_url":"https:\/\/westcoasttriallawyers.com\/es\/california\/solana-beach\/abogados-accidentes-peaton-solana-beach","og_site_name":"West Coast Trial Lawyers","article_publisher":"https:\/\/www.facebook.com\/westcoasttriallawyers\/","article_modified_time":"2026-01-22T21:36:51+00:00","og_image":[{"width":557,"height":327,"url":"https:\/\/westcoasttriallawyers.com\/wp-content\/uploads\/2025\/07\/Solana-Beach-9.webp","type":"image\/webp"}],"twitter_card":"summary_large_image","twitter_site":"@WestCoastTrial","twitter_misc":{"Tiempo de lectura":"5 minutos"},"schema":{"@context":"https:\/\/schema.org","@graph":[{"@type":["WebPage","ItemPage"],"@id":"https:\/\/westcoasttriallawyers.com\/es\/california\/solana-beach\/abogados-accidentes-peaton-solana-beach","url":"https:\/\/westcoasttriallawyers.com\/es\/california\/solana-beach\/abogados-accidentes-peaton-solana-beach","name":"Abogado de accidentes de peatones en Solana Beach | West Coast Trial Lawyers","isPartOf":{"@id":"https:\/\/westcoasttriallawyers.com\/es#website"},"primaryImageOfPage":{"@id":"https:\/\/westcoasttriallawyers.com\/es\/california\/solana-beach\/abogados-accidentes-peaton-solana-beach#primaryimage"},"image":{"@id":"https:\/\/westcoasttriallawyers.com\/es\/california\/solana-beach\/abogados-accidentes-peaton-solana-beach#primaryimage"},"thumbnailUrl":"https:\/\/westcoasttriallawyers.com\/wp-content\/uploads\/2025\/07\/Solana-Beach-9.webp","datePublished":"2026-01-14T17:04:39+00:00","dateModified":"2026-01-22T21:36:51+00:00","breadcrumb":{"@id":"https:\/\/westcoasttriallawyers.com\/es\/california\/solana-beach\/abogados-accidentes-peaton-solana-beach#breadcrumb"},"inLanguage":"es","potentialAction":[{"@type":"ReadAction","target":["https:\/\/westcoasttriallawyers.com\/es\/california\/solana-beach\/abogados-accidentes-peaton-solana-beach"]}]},{"@type":"ImageObject","inLanguage":"es","@id":"https:\/\/westcoasttriallawyers.com\/es\/california\/solana-beach\/abogados-accidentes-peaton-solana-beach#primaryimage","url":"https:\/\/westcoasttriallawyers.com\/wp-content\/uploads\/2025\/07\/Solana-Beach-9.webp","contentUrl":"https:\/\/westcoasttriallawyers.com\/wp-content\/uploads\/2025\/07\/Solana-Beach-9.webp","width":557,"height":327},{"@type":"BreadcrumbList","@id":"https:\/\/westcoasttriallawyers.com\/es\/california\/solana-beach\/abogados-accidentes-peaton-solana-beach#breadcrumb","itemListElement":[{"@type":"ListItem","position":1,"name":"Inicio","item":"https:\/\/westcoasttriallawyers.com\/es"},{"@type":"ListItem","position":2,"name":"California","item":"https:\/\/westcoasttriallawyers.com\/es\/california"},{"@type":"ListItem","position":3,"name":"Solana Beach","item":"https:\/\/westcoasttriallawyers.com\/es\/california\/solana-beach"},{"@type":"ListItem","position":4,"name":"Abogado de accidentes de peatones en Solana Beach"}]},{"@type":"WebSite","@id":"https:\/\/westcoasttriallawyers.com\/es#website","url":"https:\/\/westcoasttriallawyers.com\/es","name":"West Coast Trial Lawyers","description":"West Coast Trial Lawyers","publisher":{"@id":"https:\/\/westcoasttriallawyers.com\/es#organization"},"alternateName":"WCTL","potentialAction":[{"@type":"SearchAction","target":{"@type":"EntryPoint","urlTemplate":"https:\/\/westcoasttriallawyers.com\/es?s={search_term_string}"},"query-input":{"@type":"PropertyValueSpecification","valueRequired":true,"valueName":"search_term_string"}}],"inLanguage":"es"},{"@type":"Organization","@id":"https:\/\/westcoasttriallawyers.com\/es#organization","name":"West Coast Trial Lawyers","alternateName":"WCTL","url":"https:\/\/westcoasttriallawyers.com\/es","logo":{"@type":"ImageObject","inLanguage":"es","@id":"https:\/\/westcoasttriallawyers.com\/es#\/schema\/logo\/image\/","url":"https:\/\/westcoasttriallawyers.com\/wp-content\/uploads\/2026\/02\/WCTL-Logo.jpg","contentUrl":"https:\/\/westcoasttriallawyers.com\/wp-content\/uploads\/2026\/02\/WCTL-Logo.jpg","width":696,"height":696,"caption":"West Coast Trial Lawyers"},"image":{"@id":"https:\/\/westcoasttriallawyers.com\/es#\/schema\/logo\/image\/"},"sameAs":["https:\/\/www.facebook.com\/westcoasttriallawyers\/","https:\/\/x.com\/WestCoastTrial","https:\/\/www.linkedin.com\/company\/west-coast-trial-lawyers\/","https:\/\/www.instagram.com\/westcoasttriallawyers\/","https:\/\/www.yelp.com\/biz\/west-coast-trial-lawyers-los-angeles-2","https:\/\/www.pinterest.com\/westcoasttrial\/","https:\/\/www.youtube.com\/westcoasttriallawyersla\/","https:\/\/www.tiktok.com\/westcoasttriallawyers"],"description":"West Coast Trial Lawyers is a top-rated personal injury law firm with a goal to provide expert legal representation to those in need. The law firm has offices across California, Nevada, Arizona, and Washington.","legalName":"West Coast Trial Lawyers"}]}},"_links":{"self":[{"href":"https:\/\/westcoasttriallawyers.com\/es\/wp-json\/wp\/v2\/pages\/12522","targetHints":{"allow":["GET"]}}],"collection":[{"href":"https:\/\/westcoasttriallawyers.com\/es\/wp-json\/wp\/v2\/pages"}],"about":[{"href":"https:\/\/westcoasttriallawyers.com\/es\/wp-json\/wp\/v2\/types\/page"}],"author":[{"embeddable":true,"href":"https:\/\/westcoasttriallawyers.com\/es\/wp-json\/wp\/v2\/users\/475"}],"replies":[{"embeddable":true,"href":"https:\/\/westcoasttriallawyers.com\/es\/wp-json\/wp\/v2\/comments?post=12522"}],"version-history":[{"count":4,"href":"https:\/\/westcoasttriallawyers.com\/es\/wp-json\/wp\/v2\/pages\/12522\/revisions"}],"predecessor-version":[{"id":48049,"href":"https:\/\/westcoasttriallawyers.com\/es\/wp-json\/wp\/v2\/pages\/12522\/revisions\/48049"}],"up":[{"embeddable":true,"href":"https:\/\/westcoasttriallawyers.com\/es\/wp-json\/wp\/v2\/pages\/47427"}],"wp:featuredmedia":[{"embeddable":true,"href":"https:\/\/westcoasttriallawyers.com\/es\/wp-json\/wp\/v2\/media\/46433"}],"wp:attachment":[{"href":"https:\/\/westcoasttriallawyers.com\/es\/wp-json\/wp\/v2\/media?parent=12522"}],"curies":[{"name":"wp","href":"https:\/\/api.w.org\/{rel}","templated":true}]}}