{"id":12520,"date":"2026-01-14T17:04:37","date_gmt":"2026-01-14T17:04:37","guid":{"rendered":"https:\/\/wctl1stg.wpengine.com\/?page_id=12520"},"modified":"2026-01-22T21:10:54","modified_gmt":"2026-01-22T21:10:54","slug":"abogados-accidentes-motocicleta-solana-beach","status":"publish","type":"page","link":"https:\/\/westcoasttriallawyers.com\/es\/california\/solana-beach\/abogados-accidentes-motocicleta-solana-beach","title":{"rendered":"Abogado de accidentes de motocicleta en Solana Beach"},"content":{"rendered":"<p><\/p>\r\n<h2 class=\"wp-block-heading\"><strong>\u00bfQu\u00e9 requisitos se necesitan para que un motociclista maneje legalmente una motocicleta en California?<\/strong><\/h2>\r\n<p>Las motocicletas son veh\u00edculos peligrosos de usar. Debes someterte a mucho entrenamiento para convertirte en un motociclista experimentado para manejar adecuadamente su velocidad. Desafortunadamente, hay ciclistas negligentes que realizan acrobacias peligrosas, superan el l\u00edmite de velocidad o conducen en estado de ebriedad. En los \u00faltimos a\u00f1os, han habido accidentes mortales de motocicletas en Solana Beach que han resultado en ciclistas, peatones y\/o conductores gravemente heridos.<\/p>\r\n<p>Si usted es v\u00edctima de un accidente de motocicleta, West Coast Trial Lawyers tiene abogados experimentados en accidentes de motocicleta en Solana Beach que lo ayudar\u00e1n a obtener la compensaci\u00f3n m\u00e1xima que merece por sus p\u00e9rdidas. Nuestros abogados han adquirido m\u00e1s de mil millones de d\u00f3lares en acuerdos y sentencias para nuestros clientes. Debido a nuestros exitosos resultados, hemos sido reconocidos como uno de los mejores bufetes de abogados de lesiones personales en Solana Beach.<\/p>\r\n<p>No hay riesgos financieros involucrados al utilizar nuestros servicios. No se le cobrar\u00e1 ninguna tarifa hasta que su caso haya sido resuelto. Si desea programar una consulta gratuita y sin compromiso en nuestro bufete de abogados de lesiones personales de Solana Beach, comun\u00edquese con nuestro equipo legal las 24 horas, los 7 d\u00edas de la semana llamando al 213-927-3700 o enviando un correo electr\u00f3nico a info@westcoasttriallawyers.com.<\/p>\r\n<h2><strong>Requisitos de seguro de motocicleta<\/strong><\/h2>\r\n<p>La ley de California ha establecido como requisito que los motociclistas tengan la cantidad m\u00ednima de cobertura de seguro para usar legalmente una motocicleta.\u00a0<strong>La p\u00f3liza de seguro de motocicleta de California debe cubrir:<\/strong><\/p>\r\n<ul>\r\n<li>$5,000 por da\u00f1os a la propiedad causados \u200b\u200bpor el accidente.<\/li>\r\n<li>$ 15,000 por persona que result\u00f3 herida o muri\u00f3 a causa del accidente.<\/li>\r\n<li>$30,000 por responsabilidad corporal de otras personas involucradas en el accidente.<\/li>\r\n<\/ul>\r\n<p>Si est\u00e1s pensando en ser propietario de una motocicleta, debes tener en cuenta estas coberturas de seguro de motocicleta:<\/p>\r\n<p><strong>El seguro de moto a todo riesgo<\/strong> te ayuda a recuperar tu moto si se da\u00f1a en un incidente que no sea una colisi\u00f3n. Esto cubre riesgos, como robo, vandalismo o ca\u00edda de objetos. Si su motocicleta se da\u00f1a durante una tormenta de granizo u otros desastres naturales, su cobertura contra todo riesgo puede ayudarlo a pagar una reparaci\u00f3n. Esta cobertura no compensar\u00e1 el desgaste o el mal funcionamiento debido a un mantenimiento inadecuado.<\/p>\r\n<p><strong>La cobertura de motorista sin seguro o con seguro insuficiente (UM\/UIM)<\/strong> le brindar\u00e1 protecci\u00f3n financiera si se ve involucrado en una colisi\u00f3n causada por una persona que tiene poco o ning\u00fan seguro. Si un motociclista tiene un accidente con un conductor sin seguro o con seguro insuficiente, puede usar esta cobertura para pagar los costos dentro del l\u00edmite que ofrece la p\u00f3liza.<\/p>\r\n<p>Si su motocicleta es modificada, no estar\u00e1 cubierta por una p\u00f3liza de seguro. Debe comprar cobertura adicional para mantener protegida su motocicleta \u00fanica.<\/p>\r\n<p>Si un motociclista es detenido y no tiene su comprobante de seguro, enfrentar\u00e1 multas que van desde $100 a $2,000. Se recomienda encarecidamente que lleve una copia de su p\u00f3liza en su bolso o billetera en todo momento.<\/p>\r\n<h2><strong>Cualificaciones de veh\u00edculos de motocicleta<\/strong><\/h2>\r\n<p>Las calificaciones para veh\u00edculos de motocicletas de California dependen de la edad del motociclista.<\/p>\r\n<p><strong>Menores de 18 a\u00f1os.<\/strong> Los que tienen entre 15 \u00bd y 17 \u00bd a\u00f1os obtienen la licencia de motocicleta por:<\/p>\r\n<ul>\r\n<li>Presentando un DL 389.<\/li>\r\n<li>Obtener una licencia o permiso de conducir v\u00e1lido de California.<\/li>\r\n<li>Completar cursos de educaci\u00f3n y capacitaci\u00f3n para conductores.<\/li>\r\n<li>Superaci\u00f3n de las pruebas de conocimientos de conducci\u00f3n y moto.<\/li>\r\n<\/ul>\r\n<p><strong>Mayores de 18, pero menores de 21.<\/strong> Quienes tengan entre 18 y 20 a\u00f1os deber\u00e1n:<\/p>\r\n<ul>\r\n<li>Presentar un DL 389.<\/li>\r\n<li>Poseer una licencia de conducir de California.<\/li>\r\n<li>Aprobar las pruebas de conocimiento del conductor y de la motocicleta.<\/li>\r\n<\/ul>\r\n<p>Estos grupos de edad deben completar un curso de capacitaci\u00f3n del Programa de seguridad para motociclistas de California (CMSP) antes de obtener un permiso de instrucci\u00f3n de motocicletas. Los mayores de 21 a\u00f1os no est\u00e1n obligados a tomar este curso, sin embargo, se les anima a participar en \u00e9l.<\/p>\r\n<h2><strong>Prueba de habilidades de motocicleta<\/strong><\/h2>\r\n<p>Es obligatorio pasar una prueba de motocicleta antes de usar una motocicleta en la carretera. Los conductores sin experiencia se ver\u00e1n envueltos en situaciones graves si manejan una motocicleta sin adquirir conocimientos sobre c\u00f3mo usarla correctamente. En una prueba de habilidades de motocicleta, el instructor clasificar\u00e1 las habilidades del conductor pidi\u00e9ndole que muestre varias acciones, tales como:<\/p>\r\n<ul>\r\n<li><strong>Montar dentro de la ruta de seguimiento.<\/strong> Debes pasar por una carrera de obst\u00e1culos.<\/li>\r\n<li><strong>Paseo serpentino.<\/strong> Debes pasar a trav\u00e9s de una carrera de obst\u00e1culos retorcida.<\/li>\r\n<li><strong>Paseo en c\u00edrculo.<\/strong> Debes montar en c\u00edrculo en el sentido de las agujas del reloj y en el sentido contrario.<\/li>\r\n<li><strong>Paseo lento.\u00a0<\/strong>Se le pedir\u00e1 que realice un recorrido recto entre dos l\u00edneas paralelas.<\/li>\r\n<li><strong>Paseo de cambio de marchas.<\/strong> Debe cambiar de marcha mientras conduce la motocicleta.<\/li>\r\n<\/ul>\r\n<h2><strong>Cont\u00e1ctenos<\/strong><\/h2>\r\n<p>Si sufri\u00f3 lesiones en la ciudad de Solana Beach como resultado de un accidente de motocicleta, los abogados litigantes de la costa oeste lo ayudar\u00e1n a recuperar una compensaci\u00f3n financiera y emocional por las p\u00e9rdidas que ha sufrido, incluidas las facturas m\u00e9dicas, da\u00f1os a la propiedad, salarios perdidos y dolor y sufrimiento.<\/p>\r\n<p>Llame a nuestro equipo legal hoy al 213-927-3700 o env\u00ede un correo electr\u00f3nico a info@westcoasttriallawyers.com para programar una consulta gratuita con nuestro equipo legal experimentado, atento y compasivo.<\/p>\r\n<p><\/p>\n<!-- WCTL_DEBUG: no shortcode in this_content -->","protected":false},"excerpt":{"rendered":"<p>\u00bfQu\u00e9 requisitos se necesitan para que un motociclista maneje legalmente una motocicleta en California? Las motocicletas son veh\u00edculos peligrosos de usar. Debes someterte a mucho entrenamiento para convertirte en un motociclista experimentado para manejar adecuadamente su velocidad. Desafortunadamente, hay ciclistas negligentes que realizan acrobacias peligrosas, superan el l\u00edmite de velocidad o conducen en estado de [&hellip;]<\/p>\n","protected":false},"author":475,"featured_media":46423,"parent":47427,"menu_order":0,"comment_status":"closed","ping_status":"closed","template":"","meta":{"inline_featured_image":false,"footnotes":""},"class_list":["post-12520","page","type-page","status-publish","has-post-thumbnail","hentry"],"acf":[],"yoast_head":"<!-- This site is optimized with the Yoast SEO Premium plugin v26.0 (Yoast SEO v26.0) - https:\/\/yoast.com\/wordpress\/plugins\/seo\/ -->\n<title>Abogado de accidentes de motocicleta en Solana Beach | West Coast Trial Lawyers<\/title>\n<meta name=\"robots\" content=\"index, follow, max-snippet:-1, max-image-preview:large, max-video-preview:-1\" \/>\n<link rel=\"canonical\" href=\"https:\/\/westcoasttriallawyers.com\/es\/california\/solana-beach\/abogados-accidentes-motocicleta-solana-beach\" \/>\n<meta property=\"og:locale\" content=\"es_ES\" \/>\n<meta property=\"og:type\" content=\"article\" \/>\n<meta property=\"og:title\" content=\"Abogado de accidentes de motocicleta en Solana Beach\" \/>\n<meta property=\"og:description\" content=\"\u00bfQu\u00e9 requisitos se necesitan para que un motociclista maneje legalmente una motocicleta en California? Las motocicletas son veh\u00edculos peligrosos de usar. Debes someterte a mucho entrenamiento para convertirte en un motociclista experimentado para manejar adecuadamente su velocidad. Desafortunadamente, hay ciclistas negligentes que realizan acrobacias peligrosas, superan el l\u00edmite de velocidad o conducen en estado de [&hellip;]\" \/>\n<meta property=\"og:url\" content=\"https:\/\/westcoasttriallawyers.com\/es\/california\/solana-beach\/abogados-accidentes-motocicleta-solana-beach\" \/>\n<meta property=\"og:site_name\" content=\"West Coast Trial Lawyers\" \/>\n<meta property=\"article:publisher\" content=\"https:\/\/www.facebook.com\/westcoasttriallawyers\/\" \/>\n<meta property=\"article:modified_time\" content=\"2026-01-22T21:10:54+00:00\" \/>\n<meta property=\"og:image\" content=\"https:\/\/westcoasttriallawyers.com\/wp-content\/uploads\/2025\/07\/Solana-Beach-5.webp\" \/>\n\t<meta property=\"og:image:width\" content=\"557\" \/>\n\t<meta property=\"og:image:height\" content=\"327\" \/>\n\t<meta property=\"og:image:type\" content=\"image\/webp\" \/>\n<meta name=\"twitter:card\" content=\"summary_large_image\" \/>\n<meta name=\"twitter:site\" content=\"@WestCoastTrial\" \/>\n<meta name=\"twitter:label1\" content=\"Tiempo de lectura\" \/>\n\t<meta name=\"twitter:data1\" content=\"5 minutos\" \/>\n<script type=\"application\/ld+json\" class=\"yoast-schema-graph\">{\"@context\":\"https:\/\/schema.org\",\"@graph\":[{\"@type\":[\"WebPage\",\"ItemPage\"],\"@id\":\"https:\/\/westcoasttriallawyers.com\/es\/california\/solana-beach\/abogados-accidentes-motocicleta-solana-beach\",\"url\":\"https:\/\/westcoasttriallawyers.com\/es\/california\/solana-beach\/abogados-accidentes-motocicleta-solana-beach\",\"name\":\"Abogado de accidentes de motocicleta en Solana Beach | West Coast Trial Lawyers\",\"isPartOf\":{\"@id\":\"https:\/\/westcoasttriallawyers.com\/es#website\"},\"primaryImageOfPage\":{\"@id\":\"https:\/\/westcoasttriallawyers.com\/es\/california\/solana-beach\/abogados-accidentes-motocicleta-solana-beach#primaryimage\"},\"image\":{\"@id\":\"https:\/\/westcoasttriallawyers.com\/es\/california\/solana-beach\/abogados-accidentes-motocicleta-solana-beach#primaryimage\"},\"thumbnailUrl\":\"https:\/\/westcoasttriallawyers.com\/wp-content\/uploads\/2025\/07\/Solana-Beach-5.webp\",\"datePublished\":\"2026-01-14T17:04:37+00:00\",\"dateModified\":\"2026-01-22T21:10:54+00:00\",\"breadcrumb\":{\"@id\":\"https:\/\/westcoasttriallawyers.com\/es\/california\/solana-beach\/abogados-accidentes-motocicleta-solana-beach#breadcrumb\"},\"inLanguage\":\"es\",\"potentialAction\":[{\"@type\":\"ReadAction\",\"target\":[\"https:\/\/westcoasttriallawyers.com\/es\/california\/solana-beach\/abogados-accidentes-motocicleta-solana-beach\"]}]},{\"@type\":\"ImageObject\",\"inLanguage\":\"es\",\"@id\":\"https:\/\/westcoasttriallawyers.com\/es\/california\/solana-beach\/abogados-accidentes-motocicleta-solana-beach#primaryimage\",\"url\":\"https:\/\/westcoasttriallawyers.com\/wp-content\/uploads\/2025\/07\/Solana-Beach-5.webp\",\"contentUrl\":\"https:\/\/westcoasttriallawyers.com\/wp-content\/uploads\/2025\/07\/Solana-Beach-5.webp\",\"width\":557,\"height\":327},{\"@type\":\"BreadcrumbList\",\"@id\":\"https:\/\/westcoasttriallawyers.com\/es\/california\/solana-beach\/abogados-accidentes-motocicleta-solana-beach#breadcrumb\",\"itemListElement\":[{\"@type\":\"ListItem\",\"position\":1,\"name\":\"Inicio\",\"item\":\"https:\/\/westcoasttriallawyers.com\/es\"},{\"@type\":\"ListItem\",\"position\":2,\"name\":\"California\",\"item\":\"https:\/\/westcoasttriallawyers.com\/es\/california\"},{\"@type\":\"ListItem\",\"position\":3,\"name\":\"Solana Beach\",\"item\":\"https:\/\/westcoasttriallawyers.com\/es\/california\/solana-beach\"},{\"@type\":\"ListItem\",\"position\":4,\"name\":\"Abogado de accidentes de motocicleta en Solana Beach\"}]},{\"@type\":\"WebSite\",\"@id\":\"https:\/\/westcoasttriallawyers.com\/es#website\",\"url\":\"https:\/\/westcoasttriallawyers.com\/es\",\"name\":\"West Coast Trial Lawyers\",\"description\":\"West Coast Trial Lawyers\",\"publisher\":{\"@id\":\"https:\/\/westcoasttriallawyers.com\/es#organization\"},\"alternateName\":\"WCTL\",\"potentialAction\":[{\"@type\":\"SearchAction\",\"target\":{\"@type\":\"EntryPoint\",\"urlTemplate\":\"https:\/\/westcoasttriallawyers.com\/es?s={search_term_string}\"},\"query-input\":{\"@type\":\"PropertyValueSpecification\",\"valueRequired\":true,\"valueName\":\"search_term_string\"}}],\"inLanguage\":\"es\"},{\"@type\":\"Organization\",\"@id\":\"https:\/\/westcoasttriallawyers.com\/es#organization\",\"name\":\"West Coast Trial Lawyers\",\"alternateName\":\"WCTL\",\"url\":\"https:\/\/westcoasttriallawyers.com\/es\",\"logo\":{\"@type\":\"ImageObject\",\"inLanguage\":\"es\",\"@id\":\"https:\/\/westcoasttriallawyers.com\/es#\/schema\/logo\/image\/\",\"url\":\"https:\/\/westcoasttriallawyers.com\/wp-content\/uploads\/2026\/02\/WCTL-Logo.jpg\",\"contentUrl\":\"https:\/\/westcoasttriallawyers.com\/wp-content\/uploads\/2026\/02\/WCTL-Logo.jpg\",\"width\":696,\"height\":696,\"caption\":\"West Coast Trial Lawyers\"},\"image\":{\"@id\":\"https:\/\/westcoasttriallawyers.com\/es#\/schema\/logo\/image\/\"},\"sameAs\":[\"https:\/\/www.facebook.com\/westcoasttriallawyers\/\",\"https:\/\/x.com\/WestCoastTrial\",\"https:\/\/www.linkedin.com\/company\/west-coast-trial-lawyers\/\",\"https:\/\/www.instagram.com\/westcoasttriallawyers\/\",\"https:\/\/www.yelp.com\/biz\/west-coast-trial-lawyers-los-angeles-2\",\"https:\/\/www.pinterest.com\/westcoasttrial\/\",\"https:\/\/www.youtube.com\/westcoasttriallawyersla\/\",\"https:\/\/www.tiktok.com\/westcoasttriallawyers\"],\"description\":\"West Coast Trial Lawyers is a top-rated personal injury law firm with a goal to provide expert legal representation to those in need. The law firm has offices across California, Nevada, Arizona, and Washington.\",\"legalName\":\"West Coast Trial Lawyers\"}]}<\/script>\n<!-- \/ Yoast SEO Premium plugin. -->","yoast_head_json":{"title":"Abogado de accidentes de motocicleta en Solana Beach | West Coast Trial Lawyers","robots":{"index":"index","follow":"follow","max-snippet":"max-snippet:-1","max-image-preview":"max-image-preview:large","max-video-preview":"max-video-preview:-1"},"canonical":"https:\/\/westcoasttriallawyers.com\/es\/california\/solana-beach\/abogados-accidentes-motocicleta-solana-beach","og_locale":"es_ES","og_type":"article","og_title":"Abogado de accidentes de motocicleta en Solana Beach","og_description":"\u00bfQu\u00e9 requisitos se necesitan para que un motociclista maneje legalmente una motocicleta en California? Las motocicletas son veh\u00edculos peligrosos de usar. Debes someterte a mucho entrenamiento para convertirte en un motociclista experimentado para manejar adecuadamente su velocidad. Desafortunadamente, hay ciclistas negligentes que realizan acrobacias peligrosas, superan el l\u00edmite de velocidad o conducen en estado de [&hellip;]","og_url":"https:\/\/westcoasttriallawyers.com\/es\/california\/solana-beach\/abogados-accidentes-motocicleta-solana-beach","og_site_name":"West Coast Trial Lawyers","article_publisher":"https:\/\/www.facebook.com\/westcoasttriallawyers\/","article_modified_time":"2026-01-22T21:10:54+00:00","og_image":[{"width":557,"height":327,"url":"https:\/\/westcoasttriallawyers.com\/wp-content\/uploads\/2025\/07\/Solana-Beach-5.webp","type":"image\/webp"}],"twitter_card":"summary_large_image","twitter_site":"@WestCoastTrial","twitter_misc":{"Tiempo de lectura":"5 minutos"},"schema":{"@context":"https:\/\/schema.org","@graph":[{"@type":["WebPage","ItemPage"],"@id":"https:\/\/westcoasttriallawyers.com\/es\/california\/solana-beach\/abogados-accidentes-motocicleta-solana-beach","url":"https:\/\/westcoasttriallawyers.com\/es\/california\/solana-beach\/abogados-accidentes-motocicleta-solana-beach","name":"Abogado de accidentes de motocicleta en Solana Beach | West Coast Trial Lawyers","isPartOf":{"@id":"https:\/\/westcoasttriallawyers.com\/es#website"},"primaryImageOfPage":{"@id":"https:\/\/westcoasttriallawyers.com\/es\/california\/solana-beach\/abogados-accidentes-motocicleta-solana-beach#primaryimage"},"image":{"@id":"https:\/\/westcoasttriallawyers.com\/es\/california\/solana-beach\/abogados-accidentes-motocicleta-solana-beach#primaryimage"},"thumbnailUrl":"https:\/\/westcoasttriallawyers.com\/wp-content\/uploads\/2025\/07\/Solana-Beach-5.webp","datePublished":"2026-01-14T17:04:37+00:00","dateModified":"2026-01-22T21:10:54+00:00","breadcrumb":{"@id":"https:\/\/westcoasttriallawyers.com\/es\/california\/solana-beach\/abogados-accidentes-motocicleta-solana-beach#breadcrumb"},"inLanguage":"es","potentialAction":[{"@type":"ReadAction","target":["https:\/\/westcoasttriallawyers.com\/es\/california\/solana-beach\/abogados-accidentes-motocicleta-solana-beach"]}]},{"@type":"ImageObject","inLanguage":"es","@id":"https:\/\/westcoasttriallawyers.com\/es\/california\/solana-beach\/abogados-accidentes-motocicleta-solana-beach#primaryimage","url":"https:\/\/westcoasttriallawyers.com\/wp-content\/uploads\/2025\/07\/Solana-Beach-5.webp","contentUrl":"https:\/\/westcoasttriallawyers.com\/wp-content\/uploads\/2025\/07\/Solana-Beach-5.webp","width":557,"height":327},{"@type":"BreadcrumbList","@id":"https:\/\/westcoasttriallawyers.com\/es\/california\/solana-beach\/abogados-accidentes-motocicleta-solana-beach#breadcrumb","itemListElement":[{"@type":"ListItem","position":1,"name":"Inicio","item":"https:\/\/westcoasttriallawyers.com\/es"},{"@type":"ListItem","position":2,"name":"California","item":"https:\/\/westcoasttriallawyers.com\/es\/california"},{"@type":"ListItem","position":3,"name":"Solana Beach","item":"https:\/\/westcoasttriallawyers.com\/es\/california\/solana-beach"},{"@type":"ListItem","position":4,"name":"Abogado de accidentes de motocicleta en Solana Beach"}]},{"@type":"WebSite","@id":"https:\/\/westcoasttriallawyers.com\/es#website","url":"https:\/\/westcoasttriallawyers.com\/es","name":"West Coast Trial Lawyers","description":"West Coast Trial Lawyers","publisher":{"@id":"https:\/\/westcoasttriallawyers.com\/es#organization"},"alternateName":"WCTL","potentialAction":[{"@type":"SearchAction","target":{"@type":"EntryPoint","urlTemplate":"https:\/\/westcoasttriallawyers.com\/es?s={search_term_string}"},"query-input":{"@type":"PropertyValueSpecification","valueRequired":true,"valueName":"search_term_string"}}],"inLanguage":"es"},{"@type":"Organization","@id":"https:\/\/westcoasttriallawyers.com\/es#organization","name":"West Coast Trial Lawyers","alternateName":"WCTL","url":"https:\/\/westcoasttriallawyers.com\/es","logo":{"@type":"ImageObject","inLanguage":"es","@id":"https:\/\/westcoasttriallawyers.com\/es#\/schema\/logo\/image\/","url":"https:\/\/westcoasttriallawyers.com\/wp-content\/uploads\/2026\/02\/WCTL-Logo.jpg","contentUrl":"https:\/\/westcoasttriallawyers.com\/wp-content\/uploads\/2026\/02\/WCTL-Logo.jpg","width":696,"height":696,"caption":"West Coast Trial Lawyers"},"image":{"@id":"https:\/\/westcoasttriallawyers.com\/es#\/schema\/logo\/image\/"},"sameAs":["https:\/\/www.facebook.com\/westcoasttriallawyers\/","https:\/\/x.com\/WestCoastTrial","https:\/\/www.linkedin.com\/company\/west-coast-trial-lawyers\/","https:\/\/www.instagram.com\/westcoasttriallawyers\/","https:\/\/www.yelp.com\/biz\/west-coast-trial-lawyers-los-angeles-2","https:\/\/www.pinterest.com\/westcoasttrial\/","https:\/\/www.youtube.com\/westcoasttriallawyersla\/","https:\/\/www.tiktok.com\/westcoasttriallawyers"],"description":"West Coast Trial Lawyers is a top-rated personal injury law firm with a goal to provide expert legal representation to those in need. The law firm has offices across California, Nevada, Arizona, and Washington.","legalName":"West Coast Trial Lawyers"}]}},"_links":{"self":[{"href":"https:\/\/westcoasttriallawyers.com\/es\/wp-json\/wp\/v2\/pages\/12520","targetHints":{"allow":["GET"]}}],"collection":[{"href":"https:\/\/westcoasttriallawyers.com\/es\/wp-json\/wp\/v2\/pages"}],"about":[{"href":"https:\/\/westcoasttriallawyers.com\/es\/wp-json\/wp\/v2\/types\/page"}],"author":[{"embeddable":true,"href":"https:\/\/westcoasttriallawyers.com\/es\/wp-json\/wp\/v2\/users\/475"}],"replies":[{"embeddable":true,"href":"https:\/\/westcoasttriallawyers.com\/es\/wp-json\/wp\/v2\/comments?post=12520"}],"version-history":[{"count":4,"href":"https:\/\/westcoasttriallawyers.com\/es\/wp-json\/wp\/v2\/pages\/12520\/revisions"}],"predecessor-version":[{"id":48033,"href":"https:\/\/westcoasttriallawyers.com\/es\/wp-json\/wp\/v2\/pages\/12520\/revisions\/48033"}],"up":[{"embeddable":true,"href":"https:\/\/westcoasttriallawyers.com\/es\/wp-json\/wp\/v2\/pages\/47427"}],"wp:featuredmedia":[{"embeddable":true,"href":"https:\/\/westcoasttriallawyers.com\/es\/wp-json\/wp\/v2\/media\/46423"}],"wp:attachment":[{"href":"https:\/\/westcoasttriallawyers.com\/es\/wp-json\/wp\/v2\/media?parent=12520"}],"curies":[{"name":"wp","href":"https:\/\/api.w.org\/{rel}","templated":true}]}}