{"id":12518,"date":"2026-01-14T17:04:38","date_gmt":"2026-01-14T17:04:38","guid":{"rendered":"https:\/\/wctl1stg.wpengine.com\/?page_id=12518"},"modified":"2026-01-22T21:33:55","modified_gmt":"2026-01-22T21:33:55","slug":"abogados-accidentes-carro-solana-beach","status":"publish","type":"page","link":"https:\/\/westcoasttriallawyers.com\/es\/california\/solana-beach\/abogados-accidentes-carro-solana-beach","title":{"rendered":"Abogado de Accidentes Automovil\u00edsticos en Solana Beach\u00a0\u00a0\u00a0"},"content":{"rendered":"<h2><\/h2>\r\n<h2 id=\"h-que-formas-de-compensacion-se-otorgan-despues-de-determinar-la-responsabilidad-de-un-accidente\" class=\"wp-block-heading\">\u00bfQu\u00e9 formas de compensaci\u00f3n se otorgan despu\u00e9s de determinar la responsabilidad de un accidente?<\/h2>\r\n<h2><\/h2>\r\nSolana Beach tiene una poblaci\u00f3n estimada de 13.356 habitantes. La ciudad tiene alrededor de 5604 hogares con un promedio de dos autom\u00f3viles por familia. Esto indica la probabilidad de un exceso de veh\u00edculos en las calles diariamente y, por estad\u00edstica, es inevitable que los conductores negligentes est\u00e9n tambi\u00e9n presentes en las carreteras de la ciudad de Solana Beach.\r\n<h2><\/h2>\r\nSolana Beach ha sido testigo de varios informes de accidentes automovil\u00edsticos en los \u00faltimos a\u00f1os. El factor m\u00e1s com\u00fan de estos accidentes proviene de conductores negligentes que andan con exceso de velocidad y\/o bajo la influencia de drogas o alcohol. Estas acciones imprudentes contin\u00faan causando colisiones que amenazan la vida y que provocan lesiones graves o la muerte.\r\n<h2><\/h2>\r\nSi usted o un ser querido han sido v\u00edctimas de un accidente automovil\u00edstico, Abogados de la Costa Oeste tiene abogados especializados en accidentes automovil\u00edsticos en Solana Beach con m\u00e1s de cien a\u00f1os de experiencia legal colectiva en el manejo de casos de lesiones personales. Nuestro equipo ha ganado m\u00e1s de 5000 casos y ha obtenido para nuestros clientes m\u00e1s de mil millones de d\u00f3lares en acuerdos y veredictos en juicios. Debido a nuestro \u00e9xito, hemos sido reconocidos como uno de los mejores bufetes de abogados de lesiones personales en Solana Beach.\r\n<h2><\/h2>\r\nPara programar una consulta gratuita y sin compromiso con nuestro bufete de abogados de lesiones personales de Solana Beach, comun\u00edquese con nuestro equipo legal las 24 horas, los 7 d\u00edas de la semana llamando al <a href=\"tel:2139273700\">213-927-3700<\/a> o llenando nuestro <a href=\"https:\/\/westcoasttriallawyers.com\/es\/contactenos\">formulario de contacto<\/a> en l\u00ednea. Nuestros abogados no le cobrar\u00e1n honorarios hasta que su caso haya sido resuelto y usted haya recibido su compensaci\u00f3n.\r\n<h2><\/h2>\r\n<figure class=\"wp-block-image size-full\"><img width=\"940\" height=\"529\" class=\"wp-image-15394\" src=\"https:\/\/westcoasttriallawyers.com\/wp-content\/uploads\/2023\/11\/Abogado-de-Accidentes-Automovilisticos-en-Solana-Beach-1-edited.png\" alt=\"\" srcset=\"https:\/\/westcoasttriallawyers.com\/wp-content\/uploads\/2023\/11\/Abogado-de-Accidentes-Automovilisticos-en-Solana-Beach-1-edited.png 940w, https:\/\/westcoasttriallawyers.com\/wp-content\/uploads\/2023\/11\/Abogado-de-Accidentes-Automovilisticos-en-Solana-Beach-1-edited-300x169.png 300w, https:\/\/westcoasttriallawyers.com\/wp-content\/uploads\/2023\/11\/Abogado-de-Accidentes-Automovilisticos-en-Solana-Beach-1-edited-768x432.png 768w\" sizes=\"(max-width: 940px) 100vw, 940px\" \/><\/figure>\r\n<h2><\/h2>\r\n<h2 id=\"h-responsabilidad\" class=\"wp-block-heading\"><strong>Responsabilidad<\/strong><\/h2>\r\n<h2><\/h2>\r\nLas partes culpables de un accidente, son responsables de cualquier tipo de lesi\u00f3n corporal o da\u00f1o a la propiedad. Los da\u00f1os econ\u00f3micos y no econ\u00f3micos suelen estar cubiertos por:\r\n<h2><\/h2>\r\n<ul class=\"wp-block-list\">\r\n \t<li>Individuo culpable.<\/li>\r\n\r\n \t<li>Empresa culpable.<\/li>\r\n\r\n \t<li>Compa\u00f1\u00eda de seguros de la parte culpable.<\/li>\r\n<\/ul>\r\n<h2><\/h2>\r\nSin embargo, hay casos en los que la parte culpable ofrece una cantidad menor por el acuerdo de compensaci\u00f3n del accidente automovil\u00edstico. Si este es el caso, se debe comenzar un proceso legal en un tribunal de justicia y esto puede resultar en un proceso largo y agotador. Aquellos que necesitan pagar sus facturas de inmediato tienen muchas opciones disponibles. A continuaci\u00f3n mencionamos algunas:\r\n<h2><\/h2>\r\n<strong>Seguro de salud privado:<\/strong> La p\u00f3liza de seguro la provee una entidad privada. Hay un par de opciones de seguro m\u00e9dico privado, que incluyen:\r\n<h2><\/h2>\r\n<ul class=\"wp-block-list\">\r\n \t<li>Planes de mercado estatales o federales.<\/li>\r\n\r\n \t<li>Seguro de salud proporcionado a trav\u00e9s de un empleador.<\/li>\r\n\r\n \t<li>Planes de seguro de salud privados administrados por un corredor o agente.<\/li>\r\n<\/ul>\r\n<h2><\/h2>\r\n<strong>Seguro de salud del gobierno:<\/strong> Estos planes se proporcionan a trav\u00e9s del estado. Por lo general, es de bajo costo o gratuito, e incluye:\r\n<h2><\/h2>\r\n<ul class=\"wp-block-list\">\r\n \t<li>Medicare<\/li>\r\n\r\n \t<li>Medi-Cal<\/li>\r\n\r\n \t<li>Programa de seguro m\u00e9dico para ni\u00f1os (CHIP)<\/li>\r\n<\/ul>\r\n<h2><\/h2>\r\n<strong>Compensaci\u00f3n de trabajadores de California:<\/strong> Los empleados lesionados obtienen una parte de su sueldo durante su tiempo libre para fines m\u00e9dicos. Esto incluye facturas m\u00e9dicas relacionadas con la lesi\u00f3n, como evaluaciones m\u00e9dicas, atenci\u00f3n y procedimientos. Adem\u00e1s, se pagar\u00e1n los medicamentos recetados, los costos de transporte y el equipo m\u00e9dico.\r\n<h2><\/h2>\r\n<strong>Seguro de autom\u00f3vil Med Pay:<\/strong> Esto cubre los costos de un accidente automovil\u00edstico independientemente de qui\u00e9n tenga la culpa. Esto se aplica a las lesiones que fueron causadas directamente por la colisi\u00f3n.\r\n<h2><\/h2>\r\n<h2 id=\"h-coberturas-de-seguro-de-automoviles\" class=\"wp-block-heading\"><strong>Coberturas de seguro de autom\u00f3viles<\/strong><\/h2>\r\n<h2><\/h2>\r\nPuesto que California tiene una gran cantidad de conductores, se aplican normas estrictas. Nombramos a continuaci\u00f3n, algunas coberturas de seguro necesarias para mantenerse financieramente cubierto en caso de un accidente:\r\n<h2><\/h2>\r\n<ol class=\"wp-block-list\">\r\n \t<li><strong>Cobertura de responsabilidad civil por da\u00f1os a la propiedad.<\/strong> Se utiliza un m\u00ednimo de $5000 para pagar cualquier propiedad que haya sido da\u00f1ada por su autom\u00f3vil.<\/li>\r\n\r\n \t<li><strong>Cobertura de responsabilidad civil por lesiones corporales.<\/strong> Las compa\u00f1\u00edas de seguros pagar\u00e1n un m\u00ednimo de $15000 por individuo y $30000 por accidente.<\/li>\r\n\r\n \t<li><strong>Cobertura de lesiones corporales para automovilistas sin seguro.<\/strong> Ofrece compensaci\u00f3n cuando un conductor culpable causa un accidente. Cubre da\u00f1os, incluidas facturas m\u00e9dicas, salarios perdidos, gastos funerarios y dolor y sufrimiento.<\/li>\r\n\r\n \t<li><strong>Cobertura de da\u00f1os a la propiedad para motoristas sin seguro.<\/strong> Brinda compensaci\u00f3n cuando el conductor culpable de un accidente no tiene suficiente cobertura de seguro de responsabilidad civil para pagar los da\u00f1os, como facturas m\u00e9dicas y salarios perdidos.<\/li>\r\n<\/ol>\r\n<h2><\/h2>\r\n<h2 id=\"h-salarios-perdidos-por-un-accidente-automovilistico\" class=\"wp-block-heading\"><strong>Salarios perdidos por un accidente automovil\u00edstico<\/strong><\/h2>\r\n<h2><\/h2>\r\nHay varias coberturas disponibles para cobrar los salarios perdidos.\r\n<h2><\/h2>\r\n<strong>Cobertura de responsabilidad civil por lesiones corporales. <\/strong>Si sufri\u00f3 lesiones en un accidente automovil\u00edstico debido a la negligencia de otra persona, puede ser elegible para presentar un reclamo por p\u00e9rdida de salarios utilizando la cobertura de responsabilidad civil por lesiones corporales del conductor culpable.\r\n<h2><\/h2>\r\n<strong>Cobertura de protecci\u00f3n contra lesiones personales (PIP).<\/strong> Esto cubre sus gastos y\/o los de sus pasajeros, independientemente de qui\u00e9n sea el culpable del accidente. PIP paga las facturas m\u00e9dicas, los salarios perdidos y gastos funerarios.\r\n<h2><\/h2>\r\n<strong>Cobertura de conductor sin seguro o con seguro insuficiente.<\/strong> Si estuvo en un accidente con alguien que tiene poca cobertura o no tiene seguro, entonces podr\u00e1 adquirir salarios perdidos bajo su cobertura de automovilista sin seguro o con seguro insuficiente.\r\n<h2><\/h2>\r\nAl cabo de confirmar que su p\u00f3liza cubre salarios perdidos, se debe recopilar su documentaci\u00f3n para presentar un reclamo. Su documentaci\u00f3n debe incluir:\r\n<h2><\/h2>\r\n<strong>Carta del m\u00e9dico.<\/strong> Esta carta debe mencionar cualquier lesi\u00f3n que tenga y el impacto que ha tenido en su trabajo. Aseg\u00farese de incluir informaci\u00f3n importante, como:\r\n<h2><\/h2>\r\n<ul class=\"wp-block-list\">\r\n \t<li>Recetas<\/li>\r\n\r\n \t<li>Procedimientos<\/li>\r\n\r\n \t<li>Gastos<\/li>\r\n<\/ul>\r\n<h2><\/h2>\r\n<strong>Copia del informe policial.<\/strong> Solicitud de copia del informe policial que se realiz\u00f3 el d\u00eda del accidente.\r\n<h2><\/h2>\r\n<strong>Carta del empleador.<\/strong> Esta carta debe confirmar los d\u00edas de trabajo perdidos debido a sus lesiones. Si su empleo no es asalariado o de tiempo completo, tal vez tenga que compartir la informaci\u00f3n sobre sus declaraciones de impuestos.\r\n<h2><\/h2>\r\n<strong>C\u00e1lculo de salarios perdidos<\/strong>\r\n<h2><\/h2>\r\nLa cantidad de sueldos perdidos se basa en su tarifa de pago y en cu\u00e1nto tiempo se ausent\u00f3 del trabajo por motivo de su lesi\u00f3n. Es posible que obtenga un aumento en su reembolso si pierde alguna oportunidad de entrevistas, bonificaciones o promociones. Es muy importante que usted informe a su abogado sobre las oportunidades perdidas despu\u00e9s de su accidente.\r\n<h2><\/h2>\r\nSi no trabaja por un salario, tiene horarios irregulares o trabaja por comisiones, igualmente se puede calcular su salario perdido demostrando lo que ha perdido.\r\n<h2><\/h2>\r\nTambi\u00e9n debe ense\u00f1ar declaraciones de impuestos anteriores como prueba de los salarios que podr\u00eda haber ganado si no se lesion\u00f3. Si depende de las propinas para su salario, debe mostrar la p\u00e9rdida de ingresos que tuvo si declar\u00f3 esas propinas en declaraciones de impuestos anteriores.\r\n<h2><\/h2>\r\n<h2 id=\"h-contactenos\" class=\"wp-block-heading\"><strong>Cont\u00e1ctenos<\/strong><\/h2>\r\n<h2><\/h2>\r\nNuestros abogados calificados en accidentes automovil\u00edsticos de Solana Beach est\u00e1n altamente capacitados y tienen m\u00e1s de 60 a\u00f1os de experiencia legal colectiva en casos similares al suyo. Estamos comprometidos a ayudarle a resolver su caso lo m\u00e1s r\u00e1pido posible mientras recibe los mejores resultados. Nuestros clientes est\u00e1n representados en base a una tarifa de contingencia. Si no ganamos, no nos debe nada.\r\n<h2><\/h2>\r\nSi usted o alguien que conoce ha resultado lesionado, comun\u00edquese con nuestro equipo legal las 24 horas, los 7 d\u00edas de la semana, llam\u00e1ndonos al <a href=\"tel:2139273700\">213-927-3700<\/a> o completando nuestro <a href=\"https:\/\/westcoasttriallawyers.com\/es\/contactenos\">formulario en l\u00ednea<\/a>.\r\n<h2><\/h2>\n<!-- WCTL_DEBUG: no shortcode in this_content -->","protected":false},"excerpt":{"rendered":"<p>\u00bfQu\u00e9 formas de compensaci\u00f3n se otorgan despu\u00e9s de determinar la responsabilidad de un accidente? Solana Beach tiene una poblaci\u00f3n estimada de 13.356 habitantes. La ciudad tiene alrededor de 5604 hogares con un promedio de dos autom\u00f3viles por familia. Esto indica la probabilidad de un exceso de veh\u00edculos en las calles diariamente y, por estad\u00edstica, es [&hellip;]<\/p>\n","protected":false},"author":475,"featured_media":46428,"parent":47427,"menu_order":0,"comment_status":"closed","ping_status":"closed","template":"","meta":{"inline_featured_image":false,"footnotes":""},"class_list":["post-12518","page","type-page","status-publish","has-post-thumbnail","hentry"],"acf":[],"yoast_head":"<!-- This site is optimized with the Yoast SEO Premium plugin v26.0 (Yoast SEO v26.0) - https:\/\/yoast.com\/wordpress\/plugins\/seo\/ -->\n<title>Abogado de Accidentes Automovil\u00edsticos en Solana Beach\u00a0\u00a0\u00a0 | West Coast Trial Lawyers<\/title>\n<meta name=\"robots\" content=\"index, follow, max-snippet:-1, max-image-preview:large, max-video-preview:-1\" \/>\n<link rel=\"canonical\" href=\"https:\/\/westcoasttriallawyers.com\/es\/california\/solana-beach\/abogados-accidentes-carro-solana-beach\" \/>\n<meta property=\"og:locale\" content=\"es_ES\" \/>\n<meta property=\"og:type\" content=\"article\" \/>\n<meta property=\"og:title\" content=\"Abogado de Accidentes Automovil\u00edsticos en Solana Beach\u00a0\u00a0\u00a0\" \/>\n<meta property=\"og:description\" content=\"\u00bfQu\u00e9 formas de compensaci\u00f3n se otorgan despu\u00e9s de determinar la responsabilidad de un accidente? Solana Beach tiene una poblaci\u00f3n estimada de 13.356 habitantes. La ciudad tiene alrededor de 5604 hogares con un promedio de dos autom\u00f3viles por familia. Esto indica la probabilidad de un exceso de veh\u00edculos en las calles diariamente y, por estad\u00edstica, es [&hellip;]\" \/>\n<meta property=\"og:url\" content=\"https:\/\/westcoasttriallawyers.com\/es\/california\/solana-beach\/abogados-accidentes-carro-solana-beach\" \/>\n<meta property=\"og:site_name\" content=\"West Coast Trial Lawyers\" \/>\n<meta property=\"article:publisher\" content=\"https:\/\/www.facebook.com\/westcoasttriallawyers\/\" \/>\n<meta property=\"article:modified_time\" content=\"2026-01-22T21:33:55+00:00\" \/>\n<meta property=\"og:image\" content=\"https:\/\/westcoasttriallawyers.com\/wp-content\/uploads\/2025\/07\/Solana-Beach-7.webp\" \/>\n\t<meta property=\"og:image:width\" content=\"557\" \/>\n\t<meta property=\"og:image:height\" content=\"327\" \/>\n\t<meta property=\"og:image:type\" content=\"image\/webp\" \/>\n<meta name=\"twitter:card\" content=\"summary_large_image\" \/>\n<meta name=\"twitter:site\" content=\"@WestCoastTrial\" \/>\n<meta name=\"twitter:label1\" content=\"Tiempo de lectura\" \/>\n\t<meta name=\"twitter:data1\" content=\"6 minutos\" \/>\n<script type=\"application\/ld+json\" class=\"yoast-schema-graph\">{\"@context\":\"https:\/\/schema.org\",\"@graph\":[{\"@type\":[\"WebPage\",\"ItemPage\"],\"@id\":\"https:\/\/westcoasttriallawyers.com\/es\/california\/solana-beach\/abogados-accidentes-carro-solana-beach\",\"url\":\"https:\/\/westcoasttriallawyers.com\/es\/california\/solana-beach\/abogados-accidentes-carro-solana-beach\",\"name\":\"Abogado de Accidentes Automovil\u00edsticos en Solana Beach\u00a0\u00a0\u00a0 | West Coast Trial Lawyers\",\"isPartOf\":{\"@id\":\"https:\/\/westcoasttriallawyers.com\/es#website\"},\"primaryImageOfPage\":{\"@id\":\"https:\/\/westcoasttriallawyers.com\/es\/california\/solana-beach\/abogados-accidentes-carro-solana-beach#primaryimage\"},\"image\":{\"@id\":\"https:\/\/westcoasttriallawyers.com\/es\/california\/solana-beach\/abogados-accidentes-carro-solana-beach#primaryimage\"},\"thumbnailUrl\":\"https:\/\/westcoasttriallawyers.com\/wp-content\/uploads\/2025\/07\/Solana-Beach-7.webp\",\"datePublished\":\"2026-01-14T17:04:38+00:00\",\"dateModified\":\"2026-01-22T21:33:55+00:00\",\"breadcrumb\":{\"@id\":\"https:\/\/westcoasttriallawyers.com\/es\/california\/solana-beach\/abogados-accidentes-carro-solana-beach#breadcrumb\"},\"inLanguage\":\"es\",\"potentialAction\":[{\"@type\":\"ReadAction\",\"target\":[\"https:\/\/westcoasttriallawyers.com\/es\/california\/solana-beach\/abogados-accidentes-carro-solana-beach\"]}]},{\"@type\":\"ImageObject\",\"inLanguage\":\"es\",\"@id\":\"https:\/\/westcoasttriallawyers.com\/es\/california\/solana-beach\/abogados-accidentes-carro-solana-beach#primaryimage\",\"url\":\"https:\/\/westcoasttriallawyers.com\/wp-content\/uploads\/2025\/07\/Solana-Beach-7.webp\",\"contentUrl\":\"https:\/\/westcoasttriallawyers.com\/wp-content\/uploads\/2025\/07\/Solana-Beach-7.webp\",\"width\":557,\"height\":327},{\"@type\":\"BreadcrumbList\",\"@id\":\"https:\/\/westcoasttriallawyers.com\/es\/california\/solana-beach\/abogados-accidentes-carro-solana-beach#breadcrumb\",\"itemListElement\":[{\"@type\":\"ListItem\",\"position\":1,\"name\":\"Inicio\",\"item\":\"https:\/\/westcoasttriallawyers.com\/es\"},{\"@type\":\"ListItem\",\"position\":2,\"name\":\"California\",\"item\":\"https:\/\/westcoasttriallawyers.com\/es\/california\"},{\"@type\":\"ListItem\",\"position\":3,\"name\":\"Solana Beach\",\"item\":\"https:\/\/westcoasttriallawyers.com\/es\/california\/solana-beach\"},{\"@type\":\"ListItem\",\"position\":4,\"name\":\"Abogado de Accidentes Automovil\u00edsticos en Solana Beach\u00a0\u00a0\u00a0\"}]},{\"@type\":\"WebSite\",\"@id\":\"https:\/\/westcoasttriallawyers.com\/es#website\",\"url\":\"https:\/\/westcoasttriallawyers.com\/es\",\"name\":\"West Coast Trial Lawyers\",\"description\":\"West Coast Trial Lawyers\",\"publisher\":{\"@id\":\"https:\/\/westcoasttriallawyers.com\/es#organization\"},\"alternateName\":\"WCTL\",\"potentialAction\":[{\"@type\":\"SearchAction\",\"target\":{\"@type\":\"EntryPoint\",\"urlTemplate\":\"https:\/\/westcoasttriallawyers.com\/es?s={search_term_string}\"},\"query-input\":{\"@type\":\"PropertyValueSpecification\",\"valueRequired\":true,\"valueName\":\"search_term_string\"}}],\"inLanguage\":\"es\"},{\"@type\":\"Organization\",\"@id\":\"https:\/\/westcoasttriallawyers.com\/es#organization\",\"name\":\"West Coast Trial Lawyers\",\"alternateName\":\"WCTL\",\"url\":\"https:\/\/westcoasttriallawyers.com\/es\",\"logo\":{\"@type\":\"ImageObject\",\"inLanguage\":\"es\",\"@id\":\"https:\/\/westcoasttriallawyers.com\/es#\/schema\/logo\/image\/\",\"url\":\"https:\/\/westcoasttriallawyers.com\/wp-content\/uploads\/2026\/02\/WCTL-Logo.jpg\",\"contentUrl\":\"https:\/\/westcoasttriallawyers.com\/wp-content\/uploads\/2026\/02\/WCTL-Logo.jpg\",\"width\":696,\"height\":696,\"caption\":\"West Coast Trial Lawyers\"},\"image\":{\"@id\":\"https:\/\/westcoasttriallawyers.com\/es#\/schema\/logo\/image\/\"},\"sameAs\":[\"https:\/\/www.facebook.com\/westcoasttriallawyers\/\",\"https:\/\/x.com\/WestCoastTrial\",\"https:\/\/www.linkedin.com\/company\/west-coast-trial-lawyers\/\",\"https:\/\/www.instagram.com\/westcoasttriallawyers\/\",\"https:\/\/www.yelp.com\/biz\/west-coast-trial-lawyers-los-angeles-2\",\"https:\/\/www.pinterest.com\/westcoasttrial\/\",\"https:\/\/www.youtube.com\/westcoasttriallawyersla\/\",\"https:\/\/www.tiktok.com\/westcoasttriallawyers\"],\"description\":\"West Coast Trial Lawyers is a top-rated personal injury law firm with a goal to provide expert legal representation to those in need. The law firm has offices across California, Nevada, Arizona, and Washington.\",\"legalName\":\"West Coast Trial Lawyers\"}]}<\/script>\n<!-- \/ Yoast SEO Premium plugin. -->","yoast_head_json":{"title":"Abogado de Accidentes Automovil\u00edsticos en Solana Beach\u00a0\u00a0\u00a0 | West Coast Trial Lawyers","robots":{"index":"index","follow":"follow","max-snippet":"max-snippet:-1","max-image-preview":"max-image-preview:large","max-video-preview":"max-video-preview:-1"},"canonical":"https:\/\/westcoasttriallawyers.com\/es\/california\/solana-beach\/abogados-accidentes-carro-solana-beach","og_locale":"es_ES","og_type":"article","og_title":"Abogado de Accidentes Automovil\u00edsticos en Solana Beach\u00a0\u00a0\u00a0","og_description":"\u00bfQu\u00e9 formas de compensaci\u00f3n se otorgan despu\u00e9s de determinar la responsabilidad de un accidente? Solana Beach tiene una poblaci\u00f3n estimada de 13.356 habitantes. La ciudad tiene alrededor de 5604 hogares con un promedio de dos autom\u00f3viles por familia. Esto indica la probabilidad de un exceso de veh\u00edculos en las calles diariamente y, por estad\u00edstica, es [&hellip;]","og_url":"https:\/\/westcoasttriallawyers.com\/es\/california\/solana-beach\/abogados-accidentes-carro-solana-beach","og_site_name":"West Coast Trial Lawyers","article_publisher":"https:\/\/www.facebook.com\/westcoasttriallawyers\/","article_modified_time":"2026-01-22T21:33:55+00:00","og_image":[{"width":557,"height":327,"url":"https:\/\/westcoasttriallawyers.com\/wp-content\/uploads\/2025\/07\/Solana-Beach-7.webp","type":"image\/webp"}],"twitter_card":"summary_large_image","twitter_site":"@WestCoastTrial","twitter_misc":{"Tiempo de lectura":"6 minutos"},"schema":{"@context":"https:\/\/schema.org","@graph":[{"@type":["WebPage","ItemPage"],"@id":"https:\/\/westcoasttriallawyers.com\/es\/california\/solana-beach\/abogados-accidentes-carro-solana-beach","url":"https:\/\/westcoasttriallawyers.com\/es\/california\/solana-beach\/abogados-accidentes-carro-solana-beach","name":"Abogado de Accidentes Automovil\u00edsticos en Solana Beach\u00a0\u00a0\u00a0 | West Coast Trial Lawyers","isPartOf":{"@id":"https:\/\/westcoasttriallawyers.com\/es#website"},"primaryImageOfPage":{"@id":"https:\/\/westcoasttriallawyers.com\/es\/california\/solana-beach\/abogados-accidentes-carro-solana-beach#primaryimage"},"image":{"@id":"https:\/\/westcoasttriallawyers.com\/es\/california\/solana-beach\/abogados-accidentes-carro-solana-beach#primaryimage"},"thumbnailUrl":"https:\/\/westcoasttriallawyers.com\/wp-content\/uploads\/2025\/07\/Solana-Beach-7.webp","datePublished":"2026-01-14T17:04:38+00:00","dateModified":"2026-01-22T21:33:55+00:00","breadcrumb":{"@id":"https:\/\/westcoasttriallawyers.com\/es\/california\/solana-beach\/abogados-accidentes-carro-solana-beach#breadcrumb"},"inLanguage":"es","potentialAction":[{"@type":"ReadAction","target":["https:\/\/westcoasttriallawyers.com\/es\/california\/solana-beach\/abogados-accidentes-carro-solana-beach"]}]},{"@type":"ImageObject","inLanguage":"es","@id":"https:\/\/westcoasttriallawyers.com\/es\/california\/solana-beach\/abogados-accidentes-carro-solana-beach#primaryimage","url":"https:\/\/westcoasttriallawyers.com\/wp-content\/uploads\/2025\/07\/Solana-Beach-7.webp","contentUrl":"https:\/\/westcoasttriallawyers.com\/wp-content\/uploads\/2025\/07\/Solana-Beach-7.webp","width":557,"height":327},{"@type":"BreadcrumbList","@id":"https:\/\/westcoasttriallawyers.com\/es\/california\/solana-beach\/abogados-accidentes-carro-solana-beach#breadcrumb","itemListElement":[{"@type":"ListItem","position":1,"name":"Inicio","item":"https:\/\/westcoasttriallawyers.com\/es"},{"@type":"ListItem","position":2,"name":"California","item":"https:\/\/westcoasttriallawyers.com\/es\/california"},{"@type":"ListItem","position":3,"name":"Solana Beach","item":"https:\/\/westcoasttriallawyers.com\/es\/california\/solana-beach"},{"@type":"ListItem","position":4,"name":"Abogado de Accidentes Automovil\u00edsticos en Solana Beach\u00a0\u00a0\u00a0"}]},{"@type":"WebSite","@id":"https:\/\/westcoasttriallawyers.com\/es#website","url":"https:\/\/westcoasttriallawyers.com\/es","name":"West Coast Trial Lawyers","description":"West Coast Trial Lawyers","publisher":{"@id":"https:\/\/westcoasttriallawyers.com\/es#organization"},"alternateName":"WCTL","potentialAction":[{"@type":"SearchAction","target":{"@type":"EntryPoint","urlTemplate":"https:\/\/westcoasttriallawyers.com\/es?s={search_term_string}"},"query-input":{"@type":"PropertyValueSpecification","valueRequired":true,"valueName":"search_term_string"}}],"inLanguage":"es"},{"@type":"Organization","@id":"https:\/\/westcoasttriallawyers.com\/es#organization","name":"West Coast Trial Lawyers","alternateName":"WCTL","url":"https:\/\/westcoasttriallawyers.com\/es","logo":{"@type":"ImageObject","inLanguage":"es","@id":"https:\/\/westcoasttriallawyers.com\/es#\/schema\/logo\/image\/","url":"https:\/\/westcoasttriallawyers.com\/wp-content\/uploads\/2026\/02\/WCTL-Logo.jpg","contentUrl":"https:\/\/westcoasttriallawyers.com\/wp-content\/uploads\/2026\/02\/WCTL-Logo.jpg","width":696,"height":696,"caption":"West Coast Trial Lawyers"},"image":{"@id":"https:\/\/westcoasttriallawyers.com\/es#\/schema\/logo\/image\/"},"sameAs":["https:\/\/www.facebook.com\/westcoasttriallawyers\/","https:\/\/x.com\/WestCoastTrial","https:\/\/www.linkedin.com\/company\/west-coast-trial-lawyers\/","https:\/\/www.instagram.com\/westcoasttriallawyers\/","https:\/\/www.yelp.com\/biz\/west-coast-trial-lawyers-los-angeles-2","https:\/\/www.pinterest.com\/westcoasttrial\/","https:\/\/www.youtube.com\/westcoasttriallawyersla\/","https:\/\/www.tiktok.com\/westcoasttriallawyers"],"description":"West Coast Trial Lawyers is a top-rated personal injury law firm with a goal to provide expert legal representation to those in need. The law firm has offices across California, Nevada, Arizona, and Washington.","legalName":"West Coast Trial Lawyers"}]}},"_links":{"self":[{"href":"https:\/\/westcoasttriallawyers.com\/es\/wp-json\/wp\/v2\/pages\/12518","targetHints":{"allow":["GET"]}}],"collection":[{"href":"https:\/\/westcoasttriallawyers.com\/es\/wp-json\/wp\/v2\/pages"}],"about":[{"href":"https:\/\/westcoasttriallawyers.com\/es\/wp-json\/wp\/v2\/types\/page"}],"author":[{"embeddable":true,"href":"https:\/\/westcoasttriallawyers.com\/es\/wp-json\/wp\/v2\/users\/475"}],"replies":[{"embeddable":true,"href":"https:\/\/westcoasttriallawyers.com\/es\/wp-json\/wp\/v2\/comments?post=12518"}],"version-history":[{"count":4,"href":"https:\/\/westcoasttriallawyers.com\/es\/wp-json\/wp\/v2\/pages\/12518\/revisions"}],"predecessor-version":[{"id":48046,"href":"https:\/\/westcoasttriallawyers.com\/es\/wp-json\/wp\/v2\/pages\/12518\/revisions\/48046"}],"up":[{"embeddable":true,"href":"https:\/\/westcoasttriallawyers.com\/es\/wp-json\/wp\/v2\/pages\/47427"}],"wp:featuredmedia":[{"embeddable":true,"href":"https:\/\/westcoasttriallawyers.com\/es\/wp-json\/wp\/v2\/media\/46428"}],"wp:attachment":[{"href":"https:\/\/westcoasttriallawyers.com\/es\/wp-json\/wp\/v2\/media?parent=12518"}],"curies":[{"name":"wp","href":"https:\/\/api.w.org\/{rel}","templated":true}]}}