{"id":12517,"date":"2026-01-14T17:04:35","date_gmt":"2026-01-14T17:04:35","guid":{"rendered":"https:\/\/wctl1stg.wpengine.com\/?page_id=12517"},"modified":"2026-01-22T21:13:26","modified_gmt":"2026-01-22T21:13:26","slug":"abogados-mordidas-perro-solana-beach","status":"publish","type":"page","link":"https:\/\/westcoasttriallawyers.com\/es\/california\/solana-beach\/abogados-mordidas-perro-solana-beach","title":{"rendered":"Abogado de Mordedura de Perro en Solana Beach"},"content":{"rendered":"<h2><strong>\u00bfCu\u00e1les son las leyes de California contra las mordeduras de perros?<\/strong><\/h2>\n<p>Los perros son adorados por millones de personas. Les muestran una tremenda cantidad de amor, felicidad y lealtad a sus due\u00f1os. Esta es principalmente la raz\u00f3n por la cual las personas los eligen como su mascota ideal para cuidar. Sin embargo, aquellos que toman la decisi\u00f3n de tener un perro quiz\u00e1s no saben lo dif\u00edcil que puede ser educarlos adecuadamente. Es la responsabilidad del due\u00f1o de un perro asegurarse de que est\u00e9n criando a sus perros para que se porten bien, especialmente cuando est\u00e1n en p\u00fablico.<\/p>\n<p>Desafortunadamente, hay due\u00f1os que hacen todo lo contrario. Muchos de ellos deciden darles a su perro una personalidad agresiva. Las razones pueden variar en cuanto por qu\u00e9 eligen hacer esto. En algunas circunstancias, esto puede ayudar a los due\u00f1os a mantenerse protegidos de ser da\u00f1ados por un extra\u00f1o o un ladr\u00f3n. Por otro lado, puede poner en riesgo la vida de otros extra\u00f1os que est\u00e9n caminando por la calle o jugando en el parque. El due\u00f1o debe encontrar un m\u00e9todo apropiado de entrenamiento de perros sin darle al perro la mentalidad de atacar siempre a extra\u00f1os. Si un due\u00f1o no hace esto, se enfrentar\u00e1 a una responsabilidad grave por cualquier lesi\u00f3n o muerte de la que sea responsable su perro.<\/p>\n<p>Si usted es v\u00edctima de una mordedura de perro y le gustar\u00eda demandar al propietario debido a su negligencia, West Coast Trial Lawyers tiene abogados de mordeduras de perro en Solana Beach con m\u00e1s de 60 a\u00f1os de experiencia legal colectiva en el manejo de casos de lesiones personales. Hemos adquirido con \u00e9xito m\u00e1s de mil millones de d\u00f3lares en acuerdos y juicios para nuestros clientes. Nuestro equipo se esfuerza por asegurarse de que obtenga la compensaci\u00f3n m\u00e1xima que merece por sus p\u00e9rdidas.<\/p>\n<p>Si desea programar una consulta gratuita y sin compromiso en nuestro bufete de abogados de lesiones personales de Solana Beach, comun\u00edquese con nuestro equipo legal las 24 horas, los 7 d\u00edas de la semana llamando al 213-927-3700 o enviando un correo electr\u00f3nico a\u00a0<a href=\"mailto:info@westcoasttriallawyers.com\">info@westcoasttriallawyers.com<\/a>.<\/p>\n<h2><strong>Factores que contribuyen a un caso de mordedura de perro<\/strong><\/h2>\n<p>Seg\u00fan la Secci\u00f3n 3342 del C\u00f3digo Civil de California, el due\u00f1o de un perro es responsable de:<\/p>\n<ul>\n<li>Una v\u00edctima que sufre lesiones causadas por una mordedura de perro.<\/li>\n<li>Una v\u00edctima que es mordida en un \u00e1rea p\u00fablica o mientras se encuentra legalmente en una propiedad privada.<\/li>\n<\/ul>\n<p>Cualquier otro comportamiento que exhiba el perro no se implementa en esta ley.<\/p>\n<p>Por ejemplo, Ryan estaba leyendo un libro en el parque. De repente, un perro salt\u00f3 sobre \u00e9l y le dej\u00f3 rasgu\u00f1os menores en la cara. Dado que Ryan no sufri\u00f3 lesiones por mordedura de perro, este estatuto no se aplicar\u00e1. En cambio, se aplicar\u00e1n las reglas de negligencia de California. Por lo tanto, Ryan debe mostrar pruebas de que la negligencia del due\u00f1o del perro es la raz\u00f3n por la que sufri\u00f3 una lesi\u00f3n.<\/p>\n<h2><strong>Ley de una mordida<\/strong><\/h2>\n<p>El estado de California no sigue la \u00abregla de una mordida\u00bb. Esto se debe a la estricta responsabilidad de California contra las mordeduras de perros. La v\u00edctima no est\u00e1 obligada a mostrar prueba del comportamiento agresivo del perro, si fue mordida por el mismo perro antes del altercado reciente, o si el due\u00f1o del perro mostr\u00f3 alguna negligencia.<\/p>\n<p>California puede implementar un deber adicional de cuidado hacia el due\u00f1o de un perro si su perro tiene un historial de conducta violenta. Los due\u00f1os deben entrenar a sus perros para que se comporten, especialmente en p\u00fablico. Si el due\u00f1o no hace esto, se enfrentar\u00e1 a duras consecuencias.<\/p>\n<h2><strong>Responsabilidad objetiva<\/strong><\/h2>\n<p>California se identifica como un estado de responsabilidad estricta. El due\u00f1o de un perro no escapar\u00e1 a la responsabilidad si su perro muerde a alguien, independientemente de si estaba al tanto o no del comportamiento agresivo del perro. De acuerdo con la responsabilidad estricta, el due\u00f1o de un perro ser\u00e1 responsable de los da\u00f1os causados \u200b\u200bpor una mordedura de perro, ya sea que el perro haya mordido o no a la v\u00edctima antes.<\/p>\n<p>Si fue v\u00edctima de una mordedura de perro, solo debe mostrar pruebas de que el incidente ocurri\u00f3 en un \u00e1rea p\u00fablica o legalmente en la propiedad privada de alguien. En ciertas circunstancias, la v\u00edctima no est\u00e1 obligada a demostrar que el due\u00f1o del perro fue negligente.<\/p>\n<h2><strong>Da\u00f1os Disponibles<\/strong><\/h2>\n<p>Las v\u00edctimas de mordeduras de perros tendr\u00e1n derecho a una compensaci\u00f3n por sus p\u00e9rdidas. Esto incluye:<\/p>\n<ul>\n<li>Gastos m\u00e9dicos<\/li>\n<li>Salarios perdidos<\/li>\n<li>Da\u00f1o a la propiedad<\/li>\n<li>Estr\u00e9s emocional<\/li>\n<li>Asesoramiento psicol\u00f3gico<\/li>\n<li>Cicatrizaci\u00f3n<\/li>\n<li>Terapia f\u00edsica y\/o vocacional<\/li>\n<li>P\u00e9rdida de extremidades<\/li>\n<li>Capacidad de ganancia p\u00e9rdida<\/li>\n<\/ul>\n<p>Si un perro mata a la v\u00edctima, entonces los familiares sobrevivientes pueden tener derecho a estos da\u00f1os en nombre de su ser querido. Este tipo de reclamo se presentar\u00eda como un caso de muerte por negligencia y potencialmente puede proporcionar a los miembros de la familia da\u00f1os adicionales.<\/p>\n<h2><strong>Estatuto de limitaciones para una demanda por mordedura de perro<\/strong><\/h2>\n<p>Cada estado tiene un estatuto de limitaciones. Esto establece una fecha l\u00edmite para las reclamaciones por lesiones personales. Una mordedura de perro se considera un caso de lesiones personales. El plazo de prescripci\u00f3n para presentar una demanda por mordedura de perro es de dos a\u00f1os. La v\u00edctima debe presentar un reclamo desde la fecha inicial del incidente. Si exceden el per\u00edodo de tiempo dado, ya no podr\u00e1n demandar al due\u00f1o del perro, a menos que califiquen para una extensi\u00f3n.<\/p>\n<h2><strong>Ley de Correas de Perro en California<\/strong><\/h2>\n<p>California hace cumplir leyes de correa muy estrictas. Se considera ilegal tener un perro atado a cualquier tipo de objeto estacionario, como postes, cercas y \u00e1rboles sin proporcionarle comida, agua o refugio. El due\u00f1o de un perro puede atar, encadenar o sujetar a su perro, pero en un per\u00edodo de tiempo muy corto. El propietario no debe tomar m\u00e1s tiempo del necesario para completar una tarea temporal. Los que violen esta ley ser\u00e1n culpables de una infracci\u00f3n o de un delito menos grave.<\/p>\n<p>Cuando se trata de la longitud de la correa, puede diferir en cada ciudad. Los lugares, como Long Beach, permiten una correa de hasta 8 pies, mientras que Solana Beach requiere hasta 6 pies. Si los due\u00f1os de perros no obedecen las reglas, pueden enfrentar multas estrictas de hasta $1,000.<\/p>\n<p>Los perros pueden estar sueltos si est\u00e1n en la propiedad o el patio de su due\u00f1o. Los perros sin correa tambi\u00e9n pueden correr en el parque para perros. Una vez que salen de estas \u00e1reas, deben estar sujetos con correa. Si el due\u00f1o del perro decide mantenerlo suelto, entonces puede enfrentar sanciones, como multas severas por los da\u00f1os por los que tuvo la culpa.<\/p>\n<h2><strong>Cont\u00e1ctenos<\/strong><\/h2>\n<p>Si usted es v\u00edctima de una mordedura de perro y necesita asistencia legal, West Coast Trial Lawyers tiene abogados con experiencia en mordeduras de perro en Solana Beach que lo ayudar\u00e1n a recuperar una compensaci\u00f3n por sus p\u00e9rdidas.<\/p>\n<p>Ofrecemos una consulta gratuita en nuestro bufete de abogados de lesiones personales de Solana Beach. Comun\u00edquese con nuestro equipo legal las 24 horas, los 7 d\u00edas de la semana llamando al 213-927-3700 o enviando un correo electr\u00f3nico a info@westcoasttriallawyers.com.<br \/>\n<!-- WCTL_DEBUG: no shortcode in this_content --><\/p>\n","protected":false},"excerpt":{"rendered":"<p>\u00bfCu\u00e1les son las leyes de California contra las mordeduras de perros? Los perros son adorados por millones de personas. Les muestran una tremenda cantidad de amor, felicidad y lealtad a sus due\u00f1os. Esta es principalmente la raz\u00f3n por la cual las personas los eligen como su mascota ideal para cuidar. Sin embargo, aquellos que toman [&hellip;]<\/p>\n","protected":false},"author":475,"featured_media":46413,"parent":47427,"menu_order":0,"comment_status":"closed","ping_status":"closed","template":"","meta":{"inline_featured_image":false,"footnotes":""},"class_list":["post-12517","page","type-page","status-publish","has-post-thumbnail","hentry"],"acf":[],"yoast_head":"<!-- This site is optimized with the Yoast SEO Premium plugin v26.0 (Yoast SEO v26.0) - https:\/\/yoast.com\/wordpress\/plugins\/seo\/ -->\n<title>Abogado de Mordedura de Perro en Solana Beach | West Coast Trial Lawyers<\/title>\n<meta name=\"robots\" content=\"index, follow, max-snippet:-1, max-image-preview:large, max-video-preview:-1\" \/>\n<link rel=\"canonical\" href=\"https:\/\/westcoasttriallawyers.com\/es\/california\/solana-beach\/abogados-mordidas-perro-solana-beach\" \/>\n<meta property=\"og:locale\" content=\"es_ES\" \/>\n<meta property=\"og:type\" content=\"article\" \/>\n<meta property=\"og:title\" content=\"Abogado de Mordedura de Perro en Solana Beach\" \/>\n<meta property=\"og:description\" content=\"\u00bfCu\u00e1les son las leyes de California contra las mordeduras de perros? Los perros son adorados por millones de personas. Les muestran una tremenda cantidad de amor, felicidad y lealtad a sus due\u00f1os. Esta es principalmente la raz\u00f3n por la cual las personas los eligen como su mascota ideal para cuidar. Sin embargo, aquellos que toman [&hellip;]\" \/>\n<meta property=\"og:url\" content=\"https:\/\/westcoasttriallawyers.com\/es\/california\/solana-beach\/abogados-mordidas-perro-solana-beach\" \/>\n<meta property=\"og:site_name\" content=\"West Coast Trial Lawyers\" \/>\n<meta property=\"article:publisher\" content=\"https:\/\/www.facebook.com\/westcoasttriallawyers\/\" \/>\n<meta property=\"article:modified_time\" content=\"2026-01-22T21:13:26+00:00\" \/>\n<meta property=\"og:image\" content=\"https:\/\/westcoasttriallawyers.com\/wp-content\/uploads\/2025\/07\/Solana-Beach-1.webp\" \/>\n\t<meta property=\"og:image:width\" content=\"557\" \/>\n\t<meta property=\"og:image:height\" content=\"327\" \/>\n\t<meta property=\"og:image:type\" content=\"image\/webp\" \/>\n<meta name=\"twitter:card\" content=\"summary_large_image\" \/>\n<meta name=\"twitter:site\" content=\"@WestCoastTrial\" \/>\n<meta name=\"twitter:label1\" content=\"Tiempo de lectura\" \/>\n\t<meta name=\"twitter:data1\" content=\"6 minutos\" \/>\n<script type=\"application\/ld+json\" class=\"yoast-schema-graph\">{\"@context\":\"https:\/\/schema.org\",\"@graph\":[{\"@type\":[\"WebPage\",\"ItemPage\"],\"@id\":\"https:\/\/westcoasttriallawyers.com\/es\/california\/solana-beach\/abogados-mordidas-perro-solana-beach\",\"url\":\"https:\/\/westcoasttriallawyers.com\/es\/california\/solana-beach\/abogados-mordidas-perro-solana-beach\",\"name\":\"Abogado de Mordedura de Perro en Solana Beach | West Coast Trial Lawyers\",\"isPartOf\":{\"@id\":\"https:\/\/westcoasttriallawyers.com\/es#website\"},\"primaryImageOfPage\":{\"@id\":\"https:\/\/westcoasttriallawyers.com\/es\/california\/solana-beach\/abogados-mordidas-perro-solana-beach#primaryimage\"},\"image\":{\"@id\":\"https:\/\/westcoasttriallawyers.com\/es\/california\/solana-beach\/abogados-mordidas-perro-solana-beach#primaryimage\"},\"thumbnailUrl\":\"https:\/\/westcoasttriallawyers.com\/wp-content\/uploads\/2025\/07\/Solana-Beach-1.webp\",\"datePublished\":\"2026-01-14T17:04:35+00:00\",\"dateModified\":\"2026-01-22T21:13:26+00:00\",\"breadcrumb\":{\"@id\":\"https:\/\/westcoasttriallawyers.com\/es\/california\/solana-beach\/abogados-mordidas-perro-solana-beach#breadcrumb\"},\"inLanguage\":\"es\",\"potentialAction\":[{\"@type\":\"ReadAction\",\"target\":[\"https:\/\/westcoasttriallawyers.com\/es\/california\/solana-beach\/abogados-mordidas-perro-solana-beach\"]}]},{\"@type\":\"ImageObject\",\"inLanguage\":\"es\",\"@id\":\"https:\/\/westcoasttriallawyers.com\/es\/california\/solana-beach\/abogados-mordidas-perro-solana-beach#primaryimage\",\"url\":\"https:\/\/westcoasttriallawyers.com\/wp-content\/uploads\/2025\/07\/Solana-Beach-1.webp\",\"contentUrl\":\"https:\/\/westcoasttriallawyers.com\/wp-content\/uploads\/2025\/07\/Solana-Beach-1.webp\",\"width\":557,\"height\":327},{\"@type\":\"BreadcrumbList\",\"@id\":\"https:\/\/westcoasttriallawyers.com\/es\/california\/solana-beach\/abogados-mordidas-perro-solana-beach#breadcrumb\",\"itemListElement\":[{\"@type\":\"ListItem\",\"position\":1,\"name\":\"Inicio\",\"item\":\"https:\/\/westcoasttriallawyers.com\/es\"},{\"@type\":\"ListItem\",\"position\":2,\"name\":\"California\",\"item\":\"https:\/\/westcoasttriallawyers.com\/es\/california\"},{\"@type\":\"ListItem\",\"position\":3,\"name\":\"Solana Beach\",\"item\":\"https:\/\/westcoasttriallawyers.com\/es\/california\/solana-beach\"},{\"@type\":\"ListItem\",\"position\":4,\"name\":\"Abogado de Mordedura de Perro en Solana Beach\"}]},{\"@type\":\"WebSite\",\"@id\":\"https:\/\/westcoasttriallawyers.com\/es#website\",\"url\":\"https:\/\/westcoasttriallawyers.com\/es\",\"name\":\"West Coast Trial Lawyers\",\"description\":\"West Coast Trial Lawyers\",\"publisher\":{\"@id\":\"https:\/\/westcoasttriallawyers.com\/es#organization\"},\"alternateName\":\"WCTL\",\"potentialAction\":[{\"@type\":\"SearchAction\",\"target\":{\"@type\":\"EntryPoint\",\"urlTemplate\":\"https:\/\/westcoasttriallawyers.com\/es?s={search_term_string}\"},\"query-input\":{\"@type\":\"PropertyValueSpecification\",\"valueRequired\":true,\"valueName\":\"search_term_string\"}}],\"inLanguage\":\"es\"},{\"@type\":\"Organization\",\"@id\":\"https:\/\/westcoasttriallawyers.com\/es#organization\",\"name\":\"West Coast Trial Lawyers\",\"alternateName\":\"WCTL\",\"url\":\"https:\/\/westcoasttriallawyers.com\/es\",\"logo\":{\"@type\":\"ImageObject\",\"inLanguage\":\"es\",\"@id\":\"https:\/\/westcoasttriallawyers.com\/es#\/schema\/logo\/image\/\",\"url\":\"https:\/\/westcoasttriallawyers.com\/wp-content\/uploads\/2026\/02\/WCTL-Logo.jpg\",\"contentUrl\":\"https:\/\/westcoasttriallawyers.com\/wp-content\/uploads\/2026\/02\/WCTL-Logo.jpg\",\"width\":696,\"height\":696,\"caption\":\"West Coast Trial Lawyers\"},\"image\":{\"@id\":\"https:\/\/westcoasttriallawyers.com\/es#\/schema\/logo\/image\/\"},\"sameAs\":[\"https:\/\/www.facebook.com\/westcoasttriallawyers\/\",\"https:\/\/x.com\/WestCoastTrial\",\"https:\/\/www.linkedin.com\/company\/west-coast-trial-lawyers\/\",\"https:\/\/www.instagram.com\/westcoasttriallawyers\/\",\"https:\/\/www.yelp.com\/biz\/west-coast-trial-lawyers-los-angeles-2\",\"https:\/\/www.pinterest.com\/westcoasttrial\/\",\"https:\/\/www.youtube.com\/westcoasttriallawyersla\/\",\"https:\/\/www.tiktok.com\/westcoasttriallawyers\"],\"description\":\"West Coast Trial Lawyers is a top-rated personal injury law firm with a goal to provide expert legal representation to those in need. The law firm has offices across California, Nevada, Arizona, and Washington.\",\"legalName\":\"West Coast Trial Lawyers\"}]}<\/script>\n<!-- \/ Yoast SEO Premium plugin. -->","yoast_head_json":{"title":"Abogado de Mordedura de Perro en Solana Beach | West Coast Trial Lawyers","robots":{"index":"index","follow":"follow","max-snippet":"max-snippet:-1","max-image-preview":"max-image-preview:large","max-video-preview":"max-video-preview:-1"},"canonical":"https:\/\/westcoasttriallawyers.com\/es\/california\/solana-beach\/abogados-mordidas-perro-solana-beach","og_locale":"es_ES","og_type":"article","og_title":"Abogado de Mordedura de Perro en Solana Beach","og_description":"\u00bfCu\u00e1les son las leyes de California contra las mordeduras de perros? Los perros son adorados por millones de personas. Les muestran una tremenda cantidad de amor, felicidad y lealtad a sus due\u00f1os. Esta es principalmente la raz\u00f3n por la cual las personas los eligen como su mascota ideal para cuidar. Sin embargo, aquellos que toman [&hellip;]","og_url":"https:\/\/westcoasttriallawyers.com\/es\/california\/solana-beach\/abogados-mordidas-perro-solana-beach","og_site_name":"West Coast Trial Lawyers","article_publisher":"https:\/\/www.facebook.com\/westcoasttriallawyers\/","article_modified_time":"2026-01-22T21:13:26+00:00","og_image":[{"width":557,"height":327,"url":"https:\/\/westcoasttriallawyers.com\/wp-content\/uploads\/2025\/07\/Solana-Beach-1.webp","type":"image\/webp"}],"twitter_card":"summary_large_image","twitter_site":"@WestCoastTrial","twitter_misc":{"Tiempo de lectura":"6 minutos"},"schema":{"@context":"https:\/\/schema.org","@graph":[{"@type":["WebPage","ItemPage"],"@id":"https:\/\/westcoasttriallawyers.com\/es\/california\/solana-beach\/abogados-mordidas-perro-solana-beach","url":"https:\/\/westcoasttriallawyers.com\/es\/california\/solana-beach\/abogados-mordidas-perro-solana-beach","name":"Abogado de Mordedura de Perro en Solana Beach | West Coast Trial Lawyers","isPartOf":{"@id":"https:\/\/westcoasttriallawyers.com\/es#website"},"primaryImageOfPage":{"@id":"https:\/\/westcoasttriallawyers.com\/es\/california\/solana-beach\/abogados-mordidas-perro-solana-beach#primaryimage"},"image":{"@id":"https:\/\/westcoasttriallawyers.com\/es\/california\/solana-beach\/abogados-mordidas-perro-solana-beach#primaryimage"},"thumbnailUrl":"https:\/\/westcoasttriallawyers.com\/wp-content\/uploads\/2025\/07\/Solana-Beach-1.webp","datePublished":"2026-01-14T17:04:35+00:00","dateModified":"2026-01-22T21:13:26+00:00","breadcrumb":{"@id":"https:\/\/westcoasttriallawyers.com\/es\/california\/solana-beach\/abogados-mordidas-perro-solana-beach#breadcrumb"},"inLanguage":"es","potentialAction":[{"@type":"ReadAction","target":["https:\/\/westcoasttriallawyers.com\/es\/california\/solana-beach\/abogados-mordidas-perro-solana-beach"]}]},{"@type":"ImageObject","inLanguage":"es","@id":"https:\/\/westcoasttriallawyers.com\/es\/california\/solana-beach\/abogados-mordidas-perro-solana-beach#primaryimage","url":"https:\/\/westcoasttriallawyers.com\/wp-content\/uploads\/2025\/07\/Solana-Beach-1.webp","contentUrl":"https:\/\/westcoasttriallawyers.com\/wp-content\/uploads\/2025\/07\/Solana-Beach-1.webp","width":557,"height":327},{"@type":"BreadcrumbList","@id":"https:\/\/westcoasttriallawyers.com\/es\/california\/solana-beach\/abogados-mordidas-perro-solana-beach#breadcrumb","itemListElement":[{"@type":"ListItem","position":1,"name":"Inicio","item":"https:\/\/westcoasttriallawyers.com\/es"},{"@type":"ListItem","position":2,"name":"California","item":"https:\/\/westcoasttriallawyers.com\/es\/california"},{"@type":"ListItem","position":3,"name":"Solana Beach","item":"https:\/\/westcoasttriallawyers.com\/es\/california\/solana-beach"},{"@type":"ListItem","position":4,"name":"Abogado de Mordedura de Perro en Solana Beach"}]},{"@type":"WebSite","@id":"https:\/\/westcoasttriallawyers.com\/es#website","url":"https:\/\/westcoasttriallawyers.com\/es","name":"West Coast Trial Lawyers","description":"West Coast Trial Lawyers","publisher":{"@id":"https:\/\/westcoasttriallawyers.com\/es#organization"},"alternateName":"WCTL","potentialAction":[{"@type":"SearchAction","target":{"@type":"EntryPoint","urlTemplate":"https:\/\/westcoasttriallawyers.com\/es?s={search_term_string}"},"query-input":{"@type":"PropertyValueSpecification","valueRequired":true,"valueName":"search_term_string"}}],"inLanguage":"es"},{"@type":"Organization","@id":"https:\/\/westcoasttriallawyers.com\/es#organization","name":"West Coast Trial Lawyers","alternateName":"WCTL","url":"https:\/\/westcoasttriallawyers.com\/es","logo":{"@type":"ImageObject","inLanguage":"es","@id":"https:\/\/westcoasttriallawyers.com\/es#\/schema\/logo\/image\/","url":"https:\/\/westcoasttriallawyers.com\/wp-content\/uploads\/2026\/02\/WCTL-Logo.jpg","contentUrl":"https:\/\/westcoasttriallawyers.com\/wp-content\/uploads\/2026\/02\/WCTL-Logo.jpg","width":696,"height":696,"caption":"West Coast Trial Lawyers"},"image":{"@id":"https:\/\/westcoasttriallawyers.com\/es#\/schema\/logo\/image\/"},"sameAs":["https:\/\/www.facebook.com\/westcoasttriallawyers\/","https:\/\/x.com\/WestCoastTrial","https:\/\/www.linkedin.com\/company\/west-coast-trial-lawyers\/","https:\/\/www.instagram.com\/westcoasttriallawyers\/","https:\/\/www.yelp.com\/biz\/west-coast-trial-lawyers-los-angeles-2","https:\/\/www.pinterest.com\/westcoasttrial\/","https:\/\/www.youtube.com\/westcoasttriallawyersla\/","https:\/\/www.tiktok.com\/westcoasttriallawyers"],"description":"West Coast Trial Lawyers is a top-rated personal injury law firm with a goal to provide expert legal representation to those in need. The law firm has offices across California, Nevada, Arizona, and Washington.","legalName":"West Coast Trial Lawyers"}]}},"_links":{"self":[{"href":"https:\/\/westcoasttriallawyers.com\/es\/wp-json\/wp\/v2\/pages\/12517","targetHints":{"allow":["GET"]}}],"collection":[{"href":"https:\/\/westcoasttriallawyers.com\/es\/wp-json\/wp\/v2\/pages"}],"about":[{"href":"https:\/\/westcoasttriallawyers.com\/es\/wp-json\/wp\/v2\/types\/page"}],"author":[{"embeddable":true,"href":"https:\/\/westcoasttriallawyers.com\/es\/wp-json\/wp\/v2\/users\/475"}],"replies":[{"embeddable":true,"href":"https:\/\/westcoasttriallawyers.com\/es\/wp-json\/wp\/v2\/comments?post=12517"}],"version-history":[{"count":4,"href":"https:\/\/westcoasttriallawyers.com\/es\/wp-json\/wp\/v2\/pages\/12517\/revisions"}],"predecessor-version":[{"id":48036,"href":"https:\/\/westcoasttriallawyers.com\/es\/wp-json\/wp\/v2\/pages\/12517\/revisions\/48036"}],"up":[{"embeddable":true,"href":"https:\/\/westcoasttriallawyers.com\/es\/wp-json\/wp\/v2\/pages\/47427"}],"wp:featuredmedia":[{"embeddable":true,"href":"https:\/\/westcoasttriallawyers.com\/es\/wp-json\/wp\/v2\/media\/46413"}],"wp:attachment":[{"href":"https:\/\/westcoasttriallawyers.com\/es\/wp-json\/wp\/v2\/media?parent=12517"}],"curies":[{"name":"wp","href":"https:\/\/api.w.org\/{rel}","templated":true}]}}