{"id":12329,"date":"2022-06-07T12:15:41","date_gmt":"2022-06-07T12:15:41","guid":{"rendered":"https:\/\/wctl1stg.wpengine.com\/?page_id=12329"},"modified":"2023-11-16T16:20:07","modified_gmt":"2023-11-16T16:20:07","slug":"abogados-accidentes-entrega-comida-california","status":"publish","type":"page","link":"https:\/\/westcoasttriallawyers.com\/es\/california\/abogados-accidentes-entrega-comida-california","title":{"rendered":"Abogado de accidente de entrega de alimentos de California"},"content":{"rendered":"<div class=\"elementor-column elementor-col-66 elementor-top-column elementor-element elementor-element-0d1db6a\" data-id=\"0d1db6a\" data-element_type=\"column\">\n<div class=\"elementor-widget-wrap elementor-element-populated\">\n<div class=\"elementor-element elementor-element-8bb6e96 elementor-widget elementor-widget-text-editor\" data-id=\"8bb6e96\" data-element_type=\"widget\" data-widget_type=\"text-editor.default\">\n<div class=\"elementor-widget-container\">\n<h2><b>Pasos importantes que debe considerar tomar despu\u00e9s de un accidente de entrega de alimentos en California<\/b><\/h2>\n<p>Los servicios de entrega de alimentos han ganado gran popularidad en muchas ciudades de California. A medida que los servicios de entrega de alimentos contin\u00faan recibiendo una gran demanda, se contratan cada vez m\u00e1s conductores de entrega para cumplir con las solicitudes de pedidos. Si bien estos servicios benefician a los clientes, los repartidores a menudo tienen la presi\u00f3n de recoger y entregar los pedidos a tiempo. Muchos de ellos pueden verse influenciados para realizar acciones ilegales, como acelerar o ignorar las leyes de tr\u00e1nsito, para cumplir con sus horarios. A medida que se cometen actos de negligencia, las posibilidades de tener un accidente de entrega de alimentos se vuelven mucho m\u00e1s probables.<\/p>\n<p>Las v\u00edctimas de un accidente de entrega de alimentos pueden comunicarse con nuestros abogados calificados en accidentes de entrega de alimentos de California en West Coast Trial Lawyers. Ofreceremos asistencia legal para asegurarnos de que reciba una oferta de acuerdo justo que cubra sus da\u00f1os. Con nuestro historial de recuperaci\u00f3n de m\u00e1s de $1 mil millones en acuerdos para nuestros clientes, estamos seguros de que obtendremos un buen resultado para su caso.<\/p>\n<p>Para programar una consulta gratuita, comun\u00edquese con nuestro equipo legal disponible las 24 horas, los 7 d\u00edas de la semana llamando al\u00a0<b>888-585-2764<\/b>\u00a0o completando nuestro\u00a0<a href=\"https:\/\/westcoasttriallawyers.com\/es\/contacta-con-nosotros\">formulario de contacto r\u00e1pido<\/a>.<\/p>\n<h2><b>Qu\u00e9 hacer despu\u00e9s de un accidente de entrega de alimentos en California<\/b><\/h2>\n<p>Despu\u00e9s de tener un accidente con un conductor de entrega de alimentos, es posible que se pregunte cu\u00e1les deber\u00edan ser los pr\u00f3ximos pasos para emprender con \u00e9xito acciones legales contra la parte culpable. Cualquier decisi\u00f3n que tom\u00e9 despu\u00e9s del incidente puede afectar en gran medida el resultado de su caso. A continuaci\u00f3n, hemos creado una lista de pasos esenciales que debe considerar para aumentar sus posibilidades de adquirir una oferta de liquidaci\u00f3n justa.<\/p>\n<ul>\n<li aria-level=\"1\"><b>Llame al 911, si es necesario.<\/b>\u00a0Si observa lesiones o da\u00f1os, debe comunicarse con la polic\u00eda de inmediato. Llegar\u00e1n al lugar del accidente y realizar\u00e1n un informe policial oficial. Puede solicitar una copia de este informe para usar como evidencia para su reclamo por lesiones personales. Los param\u00e9dicos tambi\u00e9n pueden llegar para brindar atenci\u00f3n m\u00e9dica a las personas lesionadas.<\/li>\n<li aria-level=\"1\"><b>Intercambiar informaci\u00f3n con la otra parte.<\/b>\u00a0Aseg\u00farese de obtener los detalles de su licencia de conducir, n\u00famero de placa, modelo de veh\u00edculo, informaci\u00f3n de contacto e informaci\u00f3n del seguro.<\/li>\n<li aria-level=\"1\"><b>Reunir evidencias.<\/b>\u00a0Debe tomar fotograf\u00edas y\/o filmaciones de video de cualquier lesi\u00f3n o da\u00f1o que haya sufrido a causa del accidente de entrega de alimentos. Adem\u00e1s, tambi\u00e9n debe capturar pruebas de d\u00f3nde ocurri\u00f3 el accidente de entrega de alimentos y c\u00f3mo aparecieron las condiciones de la carretera.<\/li>\n<li aria-level=\"1\"><b>Recolectar informaci\u00f3n de testigos.<\/b>\u00a0Si observa alg\u00fan testigo cerca, debe pedir su consentimiento para obtener su informaci\u00f3n de contacto. Recuerde, los testimonios de los testigos pueden respaldar en gran medida su reclamo por lesiones personales.<\/li>\n<li aria-level=\"1\"><b>Visita a un m\u00e9dico.<\/b>\u00a0Se recomienda que las personas involucradas en un accidente sean examinadas por un m\u00e9dico. Es posible que haya sufrido una lesi\u00f3n que podr\u00eda empeorar gradualmente con el tiempo si no se trata antes. Todas las visitas relacionadas con el accidente de entrega de alimentos se guardar\u00e1n en el archivo y se pueden usar como evidencia para incluir en su reclamo por lesiones personales.<\/li>\n<li aria-level=\"1\"><b>Contrate a un abogado experto en accidentes de entrega de alimentos en California.<\/b>\u00a0Su abogado lo ayudar\u00e1 a fortalecer su reclamo por lesiones personales y negociar\u00e1 con las compa\u00f1\u00edas de seguros para garantizar que reciba la compensaci\u00f3n que merece.<\/li>\n<\/ul>\n<h2><b>\u00bfLos conductores de entrega de alimentos son empleados o contratistas independientes?<\/b><\/h2>\n<p>Cuando se aprob\u00f3 el\u00a0<b>Proyecto de Ley 5 (AB5)<\/b>\u00a0de la Asamblea en septiembre de 2019, los conductores de entrega de alimentos se clasificaron como empleados, lo que significa que cualquier acci\u00f3n ilegal cometida por el conductor de entrega har\u00e1 responsable a la empresa por los da\u00f1os. Adem\u00e1s, tambi\u00e9n se proporcionaron beneficios para los empleados, como salario m\u00ednimo, pago por enfermedad y compensaci\u00f3n laboral.<\/p>\n<p>Sin embargo, los servicios dentro de la aplicaci\u00f3n, como Uber y Lyft, no quedaron satisfechos con la aprobaci\u00f3n de esta nueva ley. Esto condujo al establecimiento de la\u00a0<b>Proposici\u00f3n 22<\/b>. Otros servicios integrados en la aplicaci\u00f3n, como DoorDash y Postmates, mostraron su apoyo a esta votaci\u00f3n de iniciativa. Se donaron m\u00e1s de $200 millones a esta campa\u00f1a, lo que finalmente result\u00f3 en la aprobaci\u00f3n de la Proposici\u00f3n 22 en noviembre de 2020. Esto clasific\u00f3 a los conductores de entrega de alimentos como contratistas independientes, lo que significa que las empresas no ser\u00e1n responsables de sus acciones negligentes.<\/p>\n<p>Posteriormente, la Proposici\u00f3n 22 fue declarada inconstitucional por un juez del Tribunal Superior de California. Uber apelar\u00e1 la decisi\u00f3n de la corte, lo que significa que la Proposici\u00f3n 22 llegar\u00e1 a la Corte Suprema de California, donde se determinar\u00e1 si debe continuar vigente. Hasta entonces, los conductores de entrega de alimentos seguir\u00e1n siendo identificados como contratistas independientes.<\/p>\n<p>Manejar un caso de accidente de entrega de alimentos puede ser bastante complejo. Es importante obtener representaci\u00f3n legal de un abogado con experiencia en accidentes de entrega de alimentos en California. Evaluar\u00e1n su caso para determinar qu\u00e9 pasos son necesarios para confirmar qu\u00e9 parte debe ser responsable de sus p\u00e9rdidas.<\/p>\n<h2><b>Da\u00f1os disponibles en un accidente de entrega de alimentos<\/b><\/h2>\n<p>Si estuvo involucrado en un accidente de entrega de alimentos, puede tener derecho a recibir una compensaci\u00f3n por sus p\u00e9rdidas. A menudo, los accidentes automovil\u00edsticos resultan en lesiones graves que pueden requerir tratamientos m\u00e9dicos costosos. Los costos de reparaci\u00f3n de un veh\u00edculo da\u00f1ado tambi\u00e9n pueden llevar a una v\u00edctima de un accidente de entrega de alimentos a una carga financiera. Al presentar un reclamo por lesiones personales, tendr\u00e1 la oportunidad de reclamar da\u00f1os recuperables de la parte culpable para ayudar a cubrir sus gastos.<\/p>\n<p>Los tipos comunes de da\u00f1os compensatorios que se ofrecen en un accidente de entrega de alimentos incluyen da\u00f1os econ\u00f3micos y da\u00f1os no econ\u00f3micos.<\/p>\n<p><b>Los da\u00f1os econ\u00f3micos\u00a0<\/b>son de naturaleza monetaria. Algunos de los tipos m\u00e1s comunes de da\u00f1os econ\u00f3micos otorgados en reclamos por accidentes de entrega de alimentos incluyen facturas m\u00e9dicas, salarios perdidos, da\u00f1os a la propiedad y p\u00e9rdida de capacidad de ingresos.<\/p>\n<p><b>Los da\u00f1os no econ\u00f3micos\u00a0<\/b>no tienen valor monetario. Su abogado de accidentes de entrega de alimentos en California deber\u00e1 medirlos en consecuencia. Los tipos comunes de da\u00f1os no econ\u00f3micos pueden incluir angustia emocional, p\u00e9rdida de consorcio, p\u00e9rdida del disfrute de la vida y dolor y sufrimiento.<\/p>\n<p>Las v\u00edctimas de un accidente de entrega de alimentos tambi\u00e9n pueden ser elegibles para adquirir\u00a0<b>da\u00f1os punitivos<\/b>. Los da\u00f1os punitivos se otorgan adem\u00e1s de los da\u00f1os compensatorios para castigar al acusado por cometer un comportamiento negligente o malicioso. Los da\u00f1os punitivos s\u00f3lo pueden otorgarse a discreci\u00f3n del tribunal.<\/p>\n<h2><b>Los abogados litigantes de la costa oeste est\u00e1n aqu\u00ed para ayudar<\/b><\/h2>\n<p>Si ha sufrido lesiones como resultado de la negligencia de alguien o actos deliberados de malicia, tiene derecho a responsabilizar a la parte culpable por sus p\u00e9rdidas. Nuestros abogados de accidentes de entrega de alimentos en California en West Coast Trial Lawyers pueden recuperar una compensaci\u00f3n por las p\u00e9rdidas que han sufrido.<\/p>\n<p>Cont\u00e1ctenos hoy llamando al\u00a0<b>888-585-2764<\/b>\u00a0o completando nuestro\u00a0<a href=\"https:\/\/westcoasttriallawyers.com\/es\/contacta-con-nosotros\">formulario de contacto<\/a>\u00a0para programar una consulta gratuita con nuestro equipo legal experimentado, atento y compasivo.<\/p>\n<\/div>\n<\/div>\n<\/div>\n<\/div>\n<div class=\"elementor-column elementor-col-33 elementor-top-column elementor-element elementor-element-308489c\" data-id=\"308489c\" data-element_type=\"column\">\n<div class=\"elementor-widget-wrap elementor-element-populated\">\n<div class=\"elementor-element elementor-element-1520c2f elementor-widget elementor-widget-sidebar\" data-id=\"1520c2f\" data-element_type=\"widget\" data-widget_type=\"sidebar.default\">\n<div class=\"elementor-widget-container\">\n<section id=\"elementor-library-2\" class=\"widget widget_elementor-library\">\n<div class=\"elementor elementor-9043 elementor-280\" data-elementor-type=\"page\" data-elementor-id=\"9043\">\n<section class=\"elementor-section elementor-top-section elementor-element elementor-element-dd6ed76 sidebarwdgt elementor-hidden-mobile elementor-section-boxed elementor-section-height-default elementor-section-height-default\" data-id=\"dd6ed76\" data-element_type=\"section\">\n<div class=\"elementor-container elementor-column-gap-default\">\n<div class=\"elementor-column elementor-col-100 elementor-top-column elementor-element elementor-element-074c93c\" data-id=\"074c93c\" data-element_type=\"column\" data-settings=\"{&quot;background_background&quot;:&quot;classic&quot;}\">\n<div class=\"elementor-widget-wrap elementor-element-populated\">\n<div class=\"elementor-element elementor-element-7b05b60 elementor-widget__width-auto elementor-widget elementor-widget-heading\" data-id=\"7b05b60\" data-element_type=\"widget\" data-widget_type=\"heading.default\">\n<div class=\"elementor-widget-container\"><\/div>\n<\/div>\n<\/div>\n<\/div>\n<\/div>\n<\/section>\n<\/div>\n<\/section>\n<\/div>\n<\/div>\n<\/div>\n<\/div>\n<p><!-- WCTL_DEBUG: no shortcode in this_content --><\/p>\n","protected":false},"excerpt":{"rendered":"<p>Pasos importantes que debe considerar tomar despu\u00e9s de un accidente de entrega de alimentos en California Los servicios de entrega de alimentos han ganado gran popularidad en muchas ciudades de California. A medida que los servicios de entrega de alimentos contin\u00faan recibiendo una gran demanda, se contratan cada vez m\u00e1s conductores de entrega para cumplir [&hellip;]<\/p>\n","protected":false},"author":470,"featured_media":9871,"parent":43020,"menu_order":989,"comment_status":"closed","ping_status":"closed","template":"","meta":{"inline_featured_image":false,"footnotes":""},"class_list":["post-12329","page","type-page","status-publish","has-post-thumbnail","hentry"],"acf":[],"yoast_head":"<!-- This site is optimized with the Yoast SEO Premium plugin v26.0 (Yoast SEO v26.0) - https:\/\/yoast.com\/wordpress\/plugins\/seo\/ -->\n<title>Abogado de accidente de entrega de alimentos de California | West Coast Trial Lawyers<\/title>\n<meta name=\"robots\" content=\"index, follow, max-snippet:-1, max-image-preview:large, max-video-preview:-1\" \/>\n<link rel=\"canonical\" href=\"https:\/\/westcoasttriallawyers.com\/es\/california\/abogados-accidentes-entrega-comida-california\" \/>\n<meta property=\"og:locale\" content=\"es_ES\" \/>\n<meta property=\"og:type\" content=\"article\" \/>\n<meta property=\"og:title\" content=\"Abogado de accidente de entrega de alimentos de California\" \/>\n<meta property=\"og:description\" content=\"Pasos importantes que debe considerar tomar despu\u00e9s de un accidente de entrega de alimentos en California Los servicios de entrega de alimentos han ganado gran popularidad en muchas ciudades de California. A medida que los servicios de entrega de alimentos contin\u00faan recibiendo una gran demanda, se contratan cada vez m\u00e1s conductores de entrega para cumplir [&hellip;]\" \/>\n<meta property=\"og:url\" content=\"https:\/\/westcoasttriallawyers.com\/es\/california\/abogados-accidentes-entrega-comida-california\" \/>\n<meta property=\"og:site_name\" content=\"West Coast Trial Lawyers\" \/>\n<meta property=\"article:publisher\" content=\"https:\/\/www.facebook.com\/westcoasttriallawyers\/\" \/>\n<meta property=\"article:modified_time\" content=\"2023-11-16T16:20:07+00:00\" \/>\n<meta property=\"og:image\" content=\"https:\/\/westcoasttriallawyers.com\/wp-content\/uploads\/2022\/04\/Food-Delivery-Service-Accidents.jpg\" \/>\n\t<meta property=\"og:image:width\" content=\"512\" \/>\n\t<meta property=\"og:image:height\" content=\"341\" \/>\n\t<meta property=\"og:image:type\" content=\"image\/jpeg\" \/>\n<meta name=\"twitter:card\" content=\"summary_large_image\" \/>\n<meta name=\"twitter:site\" content=\"@WestCoastTrial\" \/>\n<meta name=\"twitter:label1\" content=\"Tiempo de lectura\" \/>\n\t<meta name=\"twitter:data1\" content=\"6 minutos\" \/>\n<script type=\"application\/ld+json\" class=\"yoast-schema-graph\">{\"@context\":\"https:\/\/schema.org\",\"@graph\":[{\"@type\":[\"WebPage\",\"ItemPage\"],\"@id\":\"https:\/\/westcoasttriallawyers.com\/es\/california\/abogados-accidentes-entrega-comida-california\",\"url\":\"https:\/\/westcoasttriallawyers.com\/es\/california\/abogados-accidentes-entrega-comida-california\",\"name\":\"Abogado de accidente de entrega de alimentos de California | West Coast Trial Lawyers\",\"isPartOf\":{\"@id\":\"https:\/\/westcoasttriallawyers.com\/es#website\"},\"primaryImageOfPage\":{\"@id\":\"https:\/\/westcoasttriallawyers.com\/es\/california\/abogados-accidentes-entrega-comida-california#primaryimage\"},\"image\":{\"@id\":\"https:\/\/westcoasttriallawyers.com\/es\/california\/abogados-accidentes-entrega-comida-california#primaryimage\"},\"thumbnailUrl\":\"https:\/\/westcoasttriallawyers.com\/wp-content\/uploads\/2022\/04\/Food-Delivery-Service-Accidents.jpg\",\"datePublished\":\"2022-06-07T12:15:41+00:00\",\"dateModified\":\"2023-11-16T16:20:07+00:00\",\"breadcrumb\":{\"@id\":\"https:\/\/westcoasttriallawyers.com\/es\/california\/abogados-accidentes-entrega-comida-california#breadcrumb\"},\"inLanguage\":\"es\",\"potentialAction\":[{\"@type\":\"ReadAction\",\"target\":[\"https:\/\/westcoasttriallawyers.com\/es\/california\/abogados-accidentes-entrega-comida-california\"]}]},{\"@type\":\"ImageObject\",\"inLanguage\":\"es\",\"@id\":\"https:\/\/westcoasttriallawyers.com\/es\/california\/abogados-accidentes-entrega-comida-california#primaryimage\",\"url\":\"https:\/\/westcoasttriallawyers.com\/wp-content\/uploads\/2022\/04\/Food-Delivery-Service-Accidents.jpg\",\"contentUrl\":\"https:\/\/westcoasttriallawyers.com\/wp-content\/uploads\/2022\/04\/Food-Delivery-Service-Accidents.jpg\",\"width\":512,\"height\":341},{\"@type\":\"BreadcrumbList\",\"@id\":\"https:\/\/westcoasttriallawyers.com\/es\/california\/abogados-accidentes-entrega-comida-california#breadcrumb\",\"itemListElement\":[{\"@type\":\"ListItem\",\"position\":1,\"name\":\"Inicio\",\"item\":\"https:\/\/westcoasttriallawyers.com\/es\"},{\"@type\":\"ListItem\",\"position\":2,\"name\":\"Abogado de accidente de entrega de alimentos de California\"}]},{\"@type\":\"WebSite\",\"@id\":\"https:\/\/westcoasttriallawyers.com\/es#website\",\"url\":\"https:\/\/westcoasttriallawyers.com\/es\",\"name\":\"West Coast Trial Lawyers\",\"description\":\"West Coast Trial Lawyers\",\"publisher\":{\"@id\":\"https:\/\/westcoasttriallawyers.com\/es#organization\"},\"alternateName\":\"WCTL\",\"potentialAction\":[{\"@type\":\"SearchAction\",\"target\":{\"@type\":\"EntryPoint\",\"urlTemplate\":\"https:\/\/westcoasttriallawyers.com\/es?s={search_term_string}\"},\"query-input\":{\"@type\":\"PropertyValueSpecification\",\"valueRequired\":true,\"valueName\":\"search_term_string\"}}],\"inLanguage\":\"es\"},{\"@type\":\"Organization\",\"@id\":\"https:\/\/westcoasttriallawyers.com\/es#organization\",\"name\":\"West Coast Trial Lawyers\",\"alternateName\":\"WCTL\",\"url\":\"https:\/\/westcoasttriallawyers.com\/es\",\"logo\":{\"@type\":\"ImageObject\",\"inLanguage\":\"es\",\"@id\":\"https:\/\/westcoasttriallawyers.com\/es#\/schema\/logo\/image\/\",\"url\":\"https:\/\/westcoasttriallawyers.com\/wp-content\/uploads\/2026\/02\/WCTL-Logo.jpg\",\"contentUrl\":\"https:\/\/westcoasttriallawyers.com\/wp-content\/uploads\/2026\/02\/WCTL-Logo.jpg\",\"width\":696,\"height\":696,\"caption\":\"West Coast Trial Lawyers\"},\"image\":{\"@id\":\"https:\/\/westcoasttriallawyers.com\/es#\/schema\/logo\/image\/\"},\"sameAs\":[\"https:\/\/www.facebook.com\/westcoasttriallawyers\/\",\"https:\/\/x.com\/WestCoastTrial\",\"https:\/\/www.linkedin.com\/company\/west-coast-trial-lawyers\/\",\"https:\/\/www.instagram.com\/westcoasttriallawyers\/\",\"https:\/\/www.yelp.com\/biz\/west-coast-trial-lawyers-los-angeles-2\",\"https:\/\/www.pinterest.com\/westcoasttrial\/\",\"https:\/\/www.youtube.com\/westcoasttriallawyersla\/\",\"https:\/\/www.tiktok.com\/westcoasttriallawyers\"],\"description\":\"West Coast Trial Lawyers is a top-rated personal injury law firm with a goal to provide expert legal representation to those in need. The law firm has offices across California, Nevada, Arizona, and Washington.\",\"legalName\":\"West Coast Trial Lawyers\"}]}<\/script>\n<!-- \/ Yoast SEO Premium plugin. -->","yoast_head_json":{"title":"Abogado de accidente de entrega de alimentos de California | West Coast Trial Lawyers","robots":{"index":"index","follow":"follow","max-snippet":"max-snippet:-1","max-image-preview":"max-image-preview:large","max-video-preview":"max-video-preview:-1"},"canonical":"https:\/\/westcoasttriallawyers.com\/es\/california\/abogados-accidentes-entrega-comida-california","og_locale":"es_ES","og_type":"article","og_title":"Abogado de accidente de entrega de alimentos de California","og_description":"Pasos importantes que debe considerar tomar despu\u00e9s de un accidente de entrega de alimentos en California Los servicios de entrega de alimentos han ganado gran popularidad en muchas ciudades de California. A medida que los servicios de entrega de alimentos contin\u00faan recibiendo una gran demanda, se contratan cada vez m\u00e1s conductores de entrega para cumplir [&hellip;]","og_url":"https:\/\/westcoasttriallawyers.com\/es\/california\/abogados-accidentes-entrega-comida-california","og_site_name":"West Coast Trial Lawyers","article_publisher":"https:\/\/www.facebook.com\/westcoasttriallawyers\/","article_modified_time":"2023-11-16T16:20:07+00:00","og_image":[{"width":512,"height":341,"url":"https:\/\/westcoasttriallawyers.com\/wp-content\/uploads\/2022\/04\/Food-Delivery-Service-Accidents.jpg","type":"image\/jpeg"}],"twitter_card":"summary_large_image","twitter_site":"@WestCoastTrial","twitter_misc":{"Tiempo de lectura":"6 minutos"},"schema":{"@context":"https:\/\/schema.org","@graph":[{"@type":["WebPage","ItemPage"],"@id":"https:\/\/westcoasttriallawyers.com\/es\/california\/abogados-accidentes-entrega-comida-california","url":"https:\/\/westcoasttriallawyers.com\/es\/california\/abogados-accidentes-entrega-comida-california","name":"Abogado de accidente de entrega de alimentos de California | West Coast Trial Lawyers","isPartOf":{"@id":"https:\/\/westcoasttriallawyers.com\/es#website"},"primaryImageOfPage":{"@id":"https:\/\/westcoasttriallawyers.com\/es\/california\/abogados-accidentes-entrega-comida-california#primaryimage"},"image":{"@id":"https:\/\/westcoasttriallawyers.com\/es\/california\/abogados-accidentes-entrega-comida-california#primaryimage"},"thumbnailUrl":"https:\/\/westcoasttriallawyers.com\/wp-content\/uploads\/2022\/04\/Food-Delivery-Service-Accidents.jpg","datePublished":"2022-06-07T12:15:41+00:00","dateModified":"2023-11-16T16:20:07+00:00","breadcrumb":{"@id":"https:\/\/westcoasttriallawyers.com\/es\/california\/abogados-accidentes-entrega-comida-california#breadcrumb"},"inLanguage":"es","potentialAction":[{"@type":"ReadAction","target":["https:\/\/westcoasttriallawyers.com\/es\/california\/abogados-accidentes-entrega-comida-california"]}]},{"@type":"ImageObject","inLanguage":"es","@id":"https:\/\/westcoasttriallawyers.com\/es\/california\/abogados-accidentes-entrega-comida-california#primaryimage","url":"https:\/\/westcoasttriallawyers.com\/wp-content\/uploads\/2022\/04\/Food-Delivery-Service-Accidents.jpg","contentUrl":"https:\/\/westcoasttriallawyers.com\/wp-content\/uploads\/2022\/04\/Food-Delivery-Service-Accidents.jpg","width":512,"height":341},{"@type":"BreadcrumbList","@id":"https:\/\/westcoasttriallawyers.com\/es\/california\/abogados-accidentes-entrega-comida-california#breadcrumb","itemListElement":[{"@type":"ListItem","position":1,"name":"Inicio","item":"https:\/\/westcoasttriallawyers.com\/es"},{"@type":"ListItem","position":2,"name":"Abogado de accidente de entrega de alimentos de California"}]},{"@type":"WebSite","@id":"https:\/\/westcoasttriallawyers.com\/es#website","url":"https:\/\/westcoasttriallawyers.com\/es","name":"West Coast Trial Lawyers","description":"West Coast Trial Lawyers","publisher":{"@id":"https:\/\/westcoasttriallawyers.com\/es#organization"},"alternateName":"WCTL","potentialAction":[{"@type":"SearchAction","target":{"@type":"EntryPoint","urlTemplate":"https:\/\/westcoasttriallawyers.com\/es?s={search_term_string}"},"query-input":{"@type":"PropertyValueSpecification","valueRequired":true,"valueName":"search_term_string"}}],"inLanguage":"es"},{"@type":"Organization","@id":"https:\/\/westcoasttriallawyers.com\/es#organization","name":"West Coast Trial Lawyers","alternateName":"WCTL","url":"https:\/\/westcoasttriallawyers.com\/es","logo":{"@type":"ImageObject","inLanguage":"es","@id":"https:\/\/westcoasttriallawyers.com\/es#\/schema\/logo\/image\/","url":"https:\/\/westcoasttriallawyers.com\/wp-content\/uploads\/2026\/02\/WCTL-Logo.jpg","contentUrl":"https:\/\/westcoasttriallawyers.com\/wp-content\/uploads\/2026\/02\/WCTL-Logo.jpg","width":696,"height":696,"caption":"West Coast Trial Lawyers"},"image":{"@id":"https:\/\/westcoasttriallawyers.com\/es#\/schema\/logo\/image\/"},"sameAs":["https:\/\/www.facebook.com\/westcoasttriallawyers\/","https:\/\/x.com\/WestCoastTrial","https:\/\/www.linkedin.com\/company\/west-coast-trial-lawyers\/","https:\/\/www.instagram.com\/westcoasttriallawyers\/","https:\/\/www.yelp.com\/biz\/west-coast-trial-lawyers-los-angeles-2","https:\/\/www.pinterest.com\/westcoasttrial\/","https:\/\/www.youtube.com\/westcoasttriallawyersla\/","https:\/\/www.tiktok.com\/westcoasttriallawyers"],"description":"West Coast Trial Lawyers is a top-rated personal injury law firm with a goal to provide expert legal representation to those in need. The law firm has offices across California, Nevada, Arizona, and Washington.","legalName":"West Coast Trial Lawyers"}]}},"_links":{"self":[{"href":"https:\/\/westcoasttriallawyers.com\/es\/wp-json\/wp\/v2\/pages\/12329","targetHints":{"allow":["GET"]}}],"collection":[{"href":"https:\/\/westcoasttriallawyers.com\/es\/wp-json\/wp\/v2\/pages"}],"about":[{"href":"https:\/\/westcoasttriallawyers.com\/es\/wp-json\/wp\/v2\/types\/page"}],"author":[{"embeddable":true,"href":"https:\/\/westcoasttriallawyers.com\/es\/wp-json\/wp\/v2\/users\/470"}],"replies":[{"embeddable":true,"href":"https:\/\/westcoasttriallawyers.com\/es\/wp-json\/wp\/v2\/comments?post=12329"}],"version-history":[{"count":0,"href":"https:\/\/westcoasttriallawyers.com\/es\/wp-json\/wp\/v2\/pages\/12329\/revisions"}],"up":[{"embeddable":true,"href":"https:\/\/westcoasttriallawyers.com\/es\/wp-json\/wp\/v2\/pages\/43020"}],"wp:featuredmedia":[{"embeddable":true,"href":"https:\/\/westcoasttriallawyers.com\/es\/wp-json\/wp\/v2\/media\/9871"}],"wp:attachment":[{"href":"https:\/\/westcoasttriallawyers.com\/es\/wp-json\/wp\/v2\/media?parent=12329"}],"curies":[{"name":"wp","href":"https:\/\/api.w.org\/{rel}","templated":true}]}}