{"id":11871,"date":"2022-08-09T04:40:16","date_gmt":"2022-08-09T04:40:16","guid":{"rendered":"https:\/\/wctl1stg.wpengine.com\/?page_id=11871"},"modified":"2026-01-23T21:08:55","modified_gmt":"2026-01-23T21:08:55","slug":"accidentes-de-tren-y-metro","status":"publish","type":"page","link":"https:\/\/westcoasttriallawyers.com\/es\/california\/los-angeles\/accidentes-de-tren-y-metro","title":{"rendered":"Abogados Para Accidentes de Tren y Metro en Los Angeles"},"content":{"rendered":"<h2><b>Discuta su caso con uno de nuestros abogados con experiencia en lesiones personales hoy<\/b><\/h2>\n<p>Los \u00c1ngeles es conocida por su intenso tr\u00e1fico. Muchas personas han recurrido a otros m\u00e9todos de transporte para salir de las calles concurridas, como los servicios de viajes compartidos, los servicios de bicicletas el\u00e9ctricas y scooters compartidos, y los autobuses. Otra forma de transporte que ha contribuido enormemente a que los viajes sean convenientes y asequibles es Metrolink, un sistema de trenes suburbanos que tiene siete l\u00edneas y 62 estaciones en todo el estado.<\/p>\n<p>Aunque Metrolink beneficia a los pasajeros al brindarles una manera m\u00e1s f\u00e1cil de viajar, ha tenido sus desventajas. El accidente de Metrolink m\u00e1s infame hasta la fecha fue en 2008, donde un gran accidente de Metrolink result\u00f3 en la muerte de 25 pasajeros. Este tr\u00e1gico accidente fue causado por un ingeniero de Metrolink que se distrajo con su tel\u00e9fono celular y perdi\u00f3 la oportunidad de detenerse en una se\u00f1al roja de \u00abalto\u00bb. Desde entonces, han ocurrido muchos otros accidentes de trenes en el \u00e1rea de Los \u00c1ngeles, que involucraron a conductores y peatones que estaban en el lugar equivocado en el momento equivocado.<\/p>\n<p>Es probable que las v\u00edctimas de accidentes de tren o de Metrolink enfrenten un caso complejo, ya que puede ser dif\u00edcil determinar si una o m\u00e1s partes podr\u00edan tener la culpa de sus lesiones y da\u00f1os. Es ideal que una v\u00edctima tenga en cuenta algunos factores, como:<\/p>\n<ul>\n<li style=\"font-weight: 400;\" aria-level=\"1\">Si se realizaron controles de mantenimiento adecuados antes de utilizar el tren;<\/li>\n<li style=\"font-weight: 400;\" aria-level=\"1\">Si el tren ten\u00eda un mal funcionamiento o una pieza defectuosa que fue el factor principal del accidente; o<\/li>\n<li style=\"font-weight: 400;\" aria-level=\"1\">Cualquier negligencia aportada por el operador.<\/li>\n<\/ul>\n<p>Recomendamos encarecidamente a las v\u00edctimas de accidentes de tren que se comuniquen con nuestros abogados expertos en lesiones personales en West Coast Trial Lawyers. Evaluaremos su caso para determinar qu\u00e9 parte o partes deben ser consideradas responsables del accidente. Con nuestro historial de ganar m\u00e1s de 5,000 casos de lesiones personales y recuperar m\u00e1s de $ 1 mil millones en acuerdos para nuestros clientes, estamos seguros de que obtendremos un buen resultado en su caso.<\/p>\n<p>No dude en comunicarse con nuestro equipo legal las <b>24 horas, los 7 d\u00edas de la semana<\/b> llamando al <b><a href=\"tel:213-927-3700\"><strong>213-927-3700<\/strong><\/a><\/b>\u00a0o completando nuestro formulario de contacto r\u00e1pido para programar una <a href=\"\/contact-us\/\">consulta gratuita<\/a> y sin compromiso. Tenga la seguridad de que no hay riesgos financieros involucrados en nuestros servicios. No se le cobrar\u00e1 ninguna tarifa hasta que su caso haya sido resuelto.<\/p>\n<h2><b>Tipos comunes de accidentes de tren en Los \u00c1ngeles<\/b><\/h2>\n<p>Se toman ciertas medidas para tratar de evitar que ocurran accidentes de tren, sin embargo, eso no los hace inevitables, lamentablemente. Esto se debe a que la mayor\u00eda de los accidentes se deben a la negligencia de alguien. Estos accidentes pueden variar de los siguientes:<\/p>\n<p><b>Accidentes de tren y veh\u00edculos<\/b><\/p>\n<p>Los accidentes de trenes y veh\u00edculos son bastante comunes en Los \u00c1ngeles. En mayo de 2021, un veh\u00edculo desocupado fue embestido por un tren de Metrolink en Pacoima, Los \u00c1ngeles. El tren de Metrolink ten\u00eda 85 pasajeros a bordo. De estos pasajeros, 10 resultaron heridos por el impacto. Siete de estos pasajeros heridos fueron llevados al hospital para recibir tratamiento por lesiones que no ponen en peligro la vida.<\/p>\n<p>En marzo de 2020, ocurri\u00f3 otro accidente de veh\u00edculo y tren, esta vez en el sur de Los \u00c1ngeles. El conductor impaciente hab\u00eda intentado cruzar las v\u00edas cuando un tren de la L\u00ednea Azul del Metro se acercaba a gran velocidad. El veh\u00edculo sufri\u00f3 da\u00f1os graves, sin embargo, el conductor solo sufri\u00f3 heridas leves.<\/p>\n<p>En los casos en que un veh\u00edculo choca con un tren, la mayor\u00eda de las veces, el conductor del veh\u00edculo ser\u00e1 responsable del accidente. Se colocan se\u00f1ales de advertencia cerca de los cruces de ferrocarril para notificar a los conductores que deben detenerse y esperar a que pase el tren que se aproxima. Aquellos que no obedezcan las se\u00f1ales de advertencia probablemente chocar\u00e1n contra el tren y sufrir\u00e1n lesiones y da\u00f1os.<\/p>\n<p>El propietario de una v\u00eda tambi\u00e9n puede tener la culpa de un accidente de tren y veh\u00edculo. Las secciones de una v\u00eda de tren pueden ser propiedad de empresas privadas o entidades gubernamentales. Aquellos que tienen control sobre una secci\u00f3n particular de la v\u00eda, donde ha ocurrido un accidente de tren y veh\u00edculo, pueden ser considerados responsables si se determina que la v\u00eda ten\u00eda una parte defectuosa que contribuy\u00f3 a la causa del accidente.<\/p>\n<p><b>Accidentes de tren y peatones<\/b><\/p>\n<p>Desafortunadamente, Los \u00c1ngeles ha tenido m\u00faltiples casos de accidentes de trenes y peatones. En diciembre de 2021, un peat\u00f3n muri\u00f3 atropellado por un tren de Metro en Hollywood. Seg\u00fan los informes, el peat\u00f3n fue encontrado atrapado debajo del tren. Hasta el momento, nadie sabe si el peat\u00f3n se cay\u00f3 o salt\u00f3 intencionalmente frente al tren.<\/p>\n<p>Otro incidente ocurri\u00f3 en diciembre de 2021, donde un peat\u00f3n intent\u00f3 saltar a un tren de la L\u00ednea Roja en Hollywood. El peat\u00f3n logr\u00f3 atravesar la ventana y entrar en la cabina del tren. El peat\u00f3n sufri\u00f3 lesiones e infligi\u00f3 da\u00f1o a otro pasajero a bordo. Ambos fueron enviados al hospital con uno en estado cr\u00edtico, mientras que el otro ten\u00eda lesiones que no pon\u00edan en peligro su vida.<\/p>\n<p>En mayo de 2021, un tren subterr\u00e1neo atropell\u00f3 a un peat\u00f3n en el distrito de Westlake. Los bomberos hab\u00edan encontrado al peat\u00f3n debajo del tren. El peat\u00f3n fue rescatado, sin embargo se encontraba en estado cr\u00edtico. Fue enviado al hospital donde m\u00e1s tarde fue declarado muerto.<\/p>\n<p>Con todos estos casos de accidentes de trenes y peatones que ocurren con tanta frecuencia, no es de extra\u00f1ar que el condado de Los \u00c1ngeles fuera, en un momento, declarado como la regi\u00f3n de California con la mayor cantidad de accidentes de trenes y peatones fatales entre 2013 y 2017.<\/p>\n<p><b>Accidentes de tren en tren<\/b><\/p>\n<p>Los accidentes de tren en tren no son tan comunes en Los \u00c1ngeles, sin embargo, se han producido algunos informes en las \u00faltimas dos d\u00e9cadas en California. En noviembre de 2000, un tren de pasajeros y un tren de carga chocaron en Fullerton. El accidente tuvo lugar en un punto de cambio donde uno de los trenes choc\u00f3 lateralmente con el otro. Se inform\u00f3 que al menos una docena de pasajeros sufrieron heridas por el impacto.<\/p>\n<p>Otro accidente de tren sobre tren ocurri\u00f3 en Oakland, California, en octubre de 2011. Un tren de Amtrak se estrell\u00f3 contra un tren estacionado que ten\u00eda 137 pasajeros a bordo. El tren en movimiento solo ten\u00eda 8 pasajeros adentro. Los pasajeros y la tripulaci\u00f3n solo sufrieron heridas leves, sin embargo, un pasajero necesit\u00f3 asistencia m\u00e9dica adicional y fue transportado a un hospital con lesiones que no ponen en peligro su vida. Seg\u00fan los informes, la causa del accidente de tren contra tren fue que el tren de Amtrak se pas\u00f3 una luz roja.<\/p>\n<p>El error humano ha sido uno de los principales factores que ha contribuido a la causa de un accidente de tren contra tren. Se espera que los operadores de trenes brinden un deber de cuidado a los pasajeros a bordo. Esto significa que las distracciones, como los tel\u00e9fonos celulares, no deben obstruir el objetivo del operador del tren de brindar un viaje seguro. Aquellos que incumplen su deber de cuidado probablemente causen un accidente, lo que podr\u00eda resultar en que se presenten varios reclamos por lesiones personales en su contra.<\/p>\n<h2><b>Da\u00f1os disponibles en un accidente de tren<\/b><\/h2>\n<p>Las v\u00edctimas de un accidente de tren son elegibles para presentar un reclamo por lesiones personales para obtener una compensaci\u00f3n por sus p\u00e9rdidas. La v\u00edctima puede recibir da\u00f1os econ\u00f3micos y no econ\u00f3micos.<\/p>\n<p><b>Los da\u00f1os econ\u00f3micos<\/b> est\u00e1n destinados a compensar a un demandante por las p\u00e9rdidas a las que se puede adjuntar f\u00e1cilmente una cantidad en d\u00f3lares. Se calcula determinando la cantidad de p\u00e9rdidas de bolsillo que una persona tiene o esperar\u00e1 incurrir como resultado de sus lesiones. Los ejemplos de da\u00f1os econ\u00f3micos incluyen facturas m\u00e9dicas, salarios perdidos y p\u00e9rdida de la capacidad de obtener ingresos.<\/p>\n<p><b>Los da\u00f1os no econ\u00f3micos<\/b> est\u00e1n destinados a cubrir p\u00e9rdidas que se consideran subjetivas y no necesariamente cubrir\u00e1n p\u00e9rdidas de bolsillo. Los da\u00f1os no econ\u00f3micos pueden incluir compensaci\u00f3n por angustia emocional, dolor y sufrimiento, y p\u00e9rdida del disfrute de la vida.<\/p>\n<p>Si la v\u00edctima muri\u00f3 debido a la negligencia de otra parte, como el operador del tren o el fabricante, el heredero o el patrimonio de la v\u00edctima pueden presentar una demanda por muerte injusta. Los da\u00f1os que se pueden otorgar en un reclamo por muerte injusta incluyen, entre otros, los siguientes:<\/p>\n<ul>\n<li style=\"font-weight: 400;\" aria-level=\"1\">Facturas m\u00e9dicas<\/li>\n<li style=\"font-weight: 400;\" aria-level=\"1\">Gastos de funeral y entierro<\/li>\n<li style=\"font-weight: 400;\" aria-level=\"1\">Dolor y sufrimiento<\/li>\n<li style=\"font-weight: 400;\" aria-level=\"1\">Estr\u00e9s emocional<\/li>\n<li style=\"font-weight: 400;\" aria-level=\"1\">P\u00e9rdida de capacidad de ingresos<\/li>\n<li style=\"font-weight: 400;\" aria-level=\"1\">P\u00e9rdida de compa\u00f1erismo<\/li>\n<\/ul>\n<h2><b>Los abogados de la costa oeste est\u00e1n aqu\u00ed para ayudar<\/b><\/h2>\n<p>Si ha sufrido lesiones como resultado de un accidente de tren, un abogado con experiencia en lesiones personales de West Coast Trial Lawyers lo ayudar\u00e1 a recuperar una compensaci\u00f3n por las p\u00e9rdidas que ha sufrido. Evaluaremos su caso para determinar qu\u00e9 pasos son necesarios para garantizar que obtenga el mejor resultado posible.<\/p>\n<p>Cont\u00e1ctenos hoy llamando al <a href=\"tel:213-927-3700\"><strong>213-927-3700<\/strong><\/a>\u00a0o completando nuestro formulario de contacto para programar una <a href=\"https:\/\/westcoasttriallawyers.com\/es\/ubicaciones\"><strong>consulta gratuita<\/strong><\/a> con nuestro equipo legal experimentado, atento y compasivo.<br \/>\n<!-- WCTL_DEBUG: replaced in the_content --><\/p>\n","protected":false},"excerpt":{"rendered":"<p>Discuta su caso con uno de nuestros abogados con experiencia en lesiones personales hoy Los \u00c1ngeles es conocida por su intenso tr\u00e1fico. Muchas personas han recurrido a otros m\u00e9todos de transporte para salir de las calles concurridas, como los servicios de viajes compartidos, los servicios de bicicletas el\u00e9ctricas y scooters compartidos, y los autobuses. Otra [&hellip;]<\/p>\n","protected":false},"author":470,"featured_media":8648,"parent":47283,"menu_order":85,"comment_status":"closed","ping_status":"closed","template":"","meta":{"inline_featured_image":false,"footnotes":""},"class_list":["post-11871","page","type-page","status-publish","has-post-thumbnail","hentry"],"acf":[],"yoast_head":"<!-- This site is optimized with the Yoast SEO Premium plugin v26.0 (Yoast SEO v26.0) - https:\/\/yoast.com\/wordpress\/plugins\/seo\/ -->\n<title>Abogados Para Accidentes de Tren y Metro en Los Angeles<\/title>\n<meta name=\"robots\" content=\"index, follow, max-snippet:-1, max-image-preview:large, max-video-preview:-1\" \/>\n<link rel=\"canonical\" href=\"https:\/\/westcoasttriallawyers.com\/es\/california\/los-angeles\/accidentes-de-tren-y-metro\" \/>\n<meta property=\"og:locale\" content=\"es_ES\" \/>\n<meta property=\"og:type\" content=\"article\" \/>\n<meta property=\"og:title\" content=\"Abogados Para Accidentes de Tren y Metro en Los Angeles\" \/>\n<meta property=\"og:description\" content=\"Discuta su caso con uno de nuestros abogados con experiencia en lesiones personales hoy Los \u00c1ngeles es conocida por su intenso tr\u00e1fico. Muchas personas han recurrido a otros m\u00e9todos de transporte para salir de las calles concurridas, como los servicios de viajes compartidos, los servicios de bicicletas el\u00e9ctricas y scooters compartidos, y los autobuses. Otra [&hellip;]\" \/>\n<meta property=\"og:url\" content=\"https:\/\/westcoasttriallawyers.com\/es\/california\/los-angeles\/accidentes-de-tren-y-metro\" \/>\n<meta property=\"og:site_name\" content=\"West Coast Trial Lawyers\" \/>\n<meta property=\"article:publisher\" content=\"https:\/\/www.facebook.com\/westcoasttriallawyers\/\" \/>\n<meta property=\"article:modified_time\" content=\"2026-01-23T21:08:55+00:00\" \/>\n<meta property=\"og:image\" content=\"https:\/\/westcoasttriallawyers.com\/wp-content\/uploads\/2022\/04\/premises-liability-1.jpg\" \/>\n\t<meta property=\"og:image:width\" content=\"1920\" \/>\n\t<meta property=\"og:image:height\" content=\"700\" \/>\n\t<meta property=\"og:image:type\" content=\"image\/jpeg\" \/>\n<meta name=\"twitter:card\" content=\"summary_large_image\" \/>\n<meta name=\"twitter:site\" content=\"@WestCoastTrial\" \/>\n<meta name=\"twitter:label1\" content=\"Tiempo de lectura\" \/>\n\t<meta name=\"twitter:data1\" content=\"7 minutos\" \/>\n<script type=\"application\/ld+json\" class=\"yoast-schema-graph\">{\"@context\":\"https:\/\/schema.org\",\"@graph\":[{\"@type\":[\"WebPage\",\"ItemPage\"],\"@id\":\"https:\/\/westcoasttriallawyers.com\/es\/california\/los-angeles\/accidentes-de-tren-y-metro\",\"url\":\"https:\/\/westcoasttriallawyers.com\/es\/california\/los-angeles\/accidentes-de-tren-y-metro\",\"name\":\"Abogados Para Accidentes de Tren y Metro en Los Angeles\",\"isPartOf\":{\"@id\":\"https:\/\/westcoasttriallawyers.com\/es#website\"},\"primaryImageOfPage\":{\"@id\":\"https:\/\/westcoasttriallawyers.com\/es\/california\/los-angeles\/accidentes-de-tren-y-metro#primaryimage\"},\"image\":{\"@id\":\"https:\/\/westcoasttriallawyers.com\/es\/california\/los-angeles\/accidentes-de-tren-y-metro#primaryimage\"},\"thumbnailUrl\":\"https:\/\/westcoasttriallawyers.com\/wp-content\/uploads\/2022\/04\/premises-liability-1.jpg\",\"datePublished\":\"2022-08-09T04:40:16+00:00\",\"dateModified\":\"2026-01-23T21:08:55+00:00\",\"breadcrumb\":{\"@id\":\"https:\/\/westcoasttriallawyers.com\/es\/california\/los-angeles\/accidentes-de-tren-y-metro#breadcrumb\"},\"inLanguage\":\"es\",\"potentialAction\":[{\"@type\":\"ReadAction\",\"target\":[\"https:\/\/westcoasttriallawyers.com\/es\/california\/los-angeles\/accidentes-de-tren-y-metro\"]}]},{\"@type\":\"ImageObject\",\"inLanguage\":\"es\",\"@id\":\"https:\/\/westcoasttriallawyers.com\/es\/california\/los-angeles\/accidentes-de-tren-y-metro#primaryimage\",\"url\":\"https:\/\/westcoasttriallawyers.com\/wp-content\/uploads\/2022\/04\/premises-liability-1.jpg\",\"contentUrl\":\"https:\/\/westcoasttriallawyers.com\/wp-content\/uploads\/2022\/04\/premises-liability-1.jpg\",\"width\":1920,\"height\":700},{\"@type\":\"BreadcrumbList\",\"@id\":\"https:\/\/westcoasttriallawyers.com\/es\/california\/los-angeles\/accidentes-de-tren-y-metro#breadcrumb\",\"itemListElement\":[{\"@type\":\"ListItem\",\"position\":1,\"name\":\"Inicio\",\"item\":\"https:\/\/westcoasttriallawyers.com\/es\"},{\"@type\":\"ListItem\",\"position\":2,\"name\":\"California\",\"item\":\"https:\/\/westcoasttriallawyers.com\/es\/california\"},{\"@type\":\"ListItem\",\"position\":3,\"name\":\"Los Angeles\",\"item\":\"https:\/\/westcoasttriallawyers.com\/es\/california\/los-angeles\"},{\"@type\":\"ListItem\",\"position\":4,\"name\":\"Abogados Para Accidentes de Tren y Metro en Los Angeles\"}]},{\"@type\":\"WebSite\",\"@id\":\"https:\/\/westcoasttriallawyers.com\/es#website\",\"url\":\"https:\/\/westcoasttriallawyers.com\/es\",\"name\":\"West Coast Trial Lawyers\",\"description\":\"West Coast Trial Lawyers\",\"publisher\":{\"@id\":\"https:\/\/westcoasttriallawyers.com\/es#organization\"},\"alternateName\":\"WCTL\",\"potentialAction\":[{\"@type\":\"SearchAction\",\"target\":{\"@type\":\"EntryPoint\",\"urlTemplate\":\"https:\/\/westcoasttriallawyers.com\/es?s={search_term_string}\"},\"query-input\":{\"@type\":\"PropertyValueSpecification\",\"valueRequired\":true,\"valueName\":\"search_term_string\"}}],\"inLanguage\":\"es\"},{\"@type\":\"Organization\",\"@id\":\"https:\/\/westcoasttriallawyers.com\/es#organization\",\"name\":\"West Coast Trial Lawyers\",\"alternateName\":\"WCTL\",\"url\":\"https:\/\/westcoasttriallawyers.com\/es\",\"logo\":{\"@type\":\"ImageObject\",\"inLanguage\":\"es\",\"@id\":\"https:\/\/westcoasttriallawyers.com\/es#\/schema\/logo\/image\/\",\"url\":\"https:\/\/westcoasttriallawyers.com\/wp-content\/uploads\/2026\/02\/WCTL-Logo.jpg\",\"contentUrl\":\"https:\/\/westcoasttriallawyers.com\/wp-content\/uploads\/2026\/02\/WCTL-Logo.jpg\",\"width\":696,\"height\":696,\"caption\":\"West Coast Trial Lawyers\"},\"image\":{\"@id\":\"https:\/\/westcoasttriallawyers.com\/es#\/schema\/logo\/image\/\"},\"sameAs\":[\"https:\/\/www.facebook.com\/westcoasttriallawyers\/\",\"https:\/\/x.com\/WestCoastTrial\",\"https:\/\/www.linkedin.com\/company\/west-coast-trial-lawyers\/\",\"https:\/\/www.instagram.com\/westcoasttriallawyers\/\",\"https:\/\/www.yelp.com\/biz\/west-coast-trial-lawyers-los-angeles-2\",\"https:\/\/www.pinterest.com\/westcoasttrial\/\",\"https:\/\/www.youtube.com\/westcoasttriallawyersla\/\",\"https:\/\/www.tiktok.com\/westcoasttriallawyers\"],\"description\":\"West Coast Trial Lawyers is a top-rated personal injury law firm with a goal to provide expert legal representation to those in need. The law firm has offices across California, Nevada, Arizona, and Washington.\",\"legalName\":\"West Coast Trial Lawyers\"}]}<\/script>\n<!-- \/ Yoast SEO Premium plugin. -->","yoast_head_json":{"title":"Abogados Para Accidentes de Tren y Metro en Los Angeles","robots":{"index":"index","follow":"follow","max-snippet":"max-snippet:-1","max-image-preview":"max-image-preview:large","max-video-preview":"max-video-preview:-1"},"canonical":"https:\/\/westcoasttriallawyers.com\/es\/california\/los-angeles\/accidentes-de-tren-y-metro","og_locale":"es_ES","og_type":"article","og_title":"Abogados Para Accidentes de Tren y Metro en Los Angeles","og_description":"Discuta su caso con uno de nuestros abogados con experiencia en lesiones personales hoy Los \u00c1ngeles es conocida por su intenso tr\u00e1fico. Muchas personas han recurrido a otros m\u00e9todos de transporte para salir de las calles concurridas, como los servicios de viajes compartidos, los servicios de bicicletas el\u00e9ctricas y scooters compartidos, y los autobuses. Otra [&hellip;]","og_url":"https:\/\/westcoasttriallawyers.com\/es\/california\/los-angeles\/accidentes-de-tren-y-metro","og_site_name":"West Coast Trial Lawyers","article_publisher":"https:\/\/www.facebook.com\/westcoasttriallawyers\/","article_modified_time":"2026-01-23T21:08:55+00:00","og_image":[{"width":1920,"height":700,"url":"https:\/\/westcoasttriallawyers.com\/wp-content\/uploads\/2022\/04\/premises-liability-1.jpg","type":"image\/jpeg"}],"twitter_card":"summary_large_image","twitter_site":"@WestCoastTrial","twitter_misc":{"Tiempo de lectura":"7 minutos"},"schema":{"@context":"https:\/\/schema.org","@graph":[{"@type":["WebPage","ItemPage"],"@id":"https:\/\/westcoasttriallawyers.com\/es\/california\/los-angeles\/accidentes-de-tren-y-metro","url":"https:\/\/westcoasttriallawyers.com\/es\/california\/los-angeles\/accidentes-de-tren-y-metro","name":"Abogados Para Accidentes de Tren y Metro en Los Angeles","isPartOf":{"@id":"https:\/\/westcoasttriallawyers.com\/es#website"},"primaryImageOfPage":{"@id":"https:\/\/westcoasttriallawyers.com\/es\/california\/los-angeles\/accidentes-de-tren-y-metro#primaryimage"},"image":{"@id":"https:\/\/westcoasttriallawyers.com\/es\/california\/los-angeles\/accidentes-de-tren-y-metro#primaryimage"},"thumbnailUrl":"https:\/\/westcoasttriallawyers.com\/wp-content\/uploads\/2022\/04\/premises-liability-1.jpg","datePublished":"2022-08-09T04:40:16+00:00","dateModified":"2026-01-23T21:08:55+00:00","breadcrumb":{"@id":"https:\/\/westcoasttriallawyers.com\/es\/california\/los-angeles\/accidentes-de-tren-y-metro#breadcrumb"},"inLanguage":"es","potentialAction":[{"@type":"ReadAction","target":["https:\/\/westcoasttriallawyers.com\/es\/california\/los-angeles\/accidentes-de-tren-y-metro"]}]},{"@type":"ImageObject","inLanguage":"es","@id":"https:\/\/westcoasttriallawyers.com\/es\/california\/los-angeles\/accidentes-de-tren-y-metro#primaryimage","url":"https:\/\/westcoasttriallawyers.com\/wp-content\/uploads\/2022\/04\/premises-liability-1.jpg","contentUrl":"https:\/\/westcoasttriallawyers.com\/wp-content\/uploads\/2022\/04\/premises-liability-1.jpg","width":1920,"height":700},{"@type":"BreadcrumbList","@id":"https:\/\/westcoasttriallawyers.com\/es\/california\/los-angeles\/accidentes-de-tren-y-metro#breadcrumb","itemListElement":[{"@type":"ListItem","position":1,"name":"Inicio","item":"https:\/\/westcoasttriallawyers.com\/es"},{"@type":"ListItem","position":2,"name":"California","item":"https:\/\/westcoasttriallawyers.com\/es\/california"},{"@type":"ListItem","position":3,"name":"Los Angeles","item":"https:\/\/westcoasttriallawyers.com\/es\/california\/los-angeles"},{"@type":"ListItem","position":4,"name":"Abogados Para Accidentes de Tren y Metro en Los Angeles"}]},{"@type":"WebSite","@id":"https:\/\/westcoasttriallawyers.com\/es#website","url":"https:\/\/westcoasttriallawyers.com\/es","name":"West Coast Trial Lawyers","description":"West Coast Trial Lawyers","publisher":{"@id":"https:\/\/westcoasttriallawyers.com\/es#organization"},"alternateName":"WCTL","potentialAction":[{"@type":"SearchAction","target":{"@type":"EntryPoint","urlTemplate":"https:\/\/westcoasttriallawyers.com\/es?s={search_term_string}"},"query-input":{"@type":"PropertyValueSpecification","valueRequired":true,"valueName":"search_term_string"}}],"inLanguage":"es"},{"@type":"Organization","@id":"https:\/\/westcoasttriallawyers.com\/es#organization","name":"West Coast Trial Lawyers","alternateName":"WCTL","url":"https:\/\/westcoasttriallawyers.com\/es","logo":{"@type":"ImageObject","inLanguage":"es","@id":"https:\/\/westcoasttriallawyers.com\/es#\/schema\/logo\/image\/","url":"https:\/\/westcoasttriallawyers.com\/wp-content\/uploads\/2026\/02\/WCTL-Logo.jpg","contentUrl":"https:\/\/westcoasttriallawyers.com\/wp-content\/uploads\/2026\/02\/WCTL-Logo.jpg","width":696,"height":696,"caption":"West Coast Trial Lawyers"},"image":{"@id":"https:\/\/westcoasttriallawyers.com\/es#\/schema\/logo\/image\/"},"sameAs":["https:\/\/www.facebook.com\/westcoasttriallawyers\/","https:\/\/x.com\/WestCoastTrial","https:\/\/www.linkedin.com\/company\/west-coast-trial-lawyers\/","https:\/\/www.instagram.com\/westcoasttriallawyers\/","https:\/\/www.yelp.com\/biz\/west-coast-trial-lawyers-los-angeles-2","https:\/\/www.pinterest.com\/westcoasttrial\/","https:\/\/www.youtube.com\/westcoasttriallawyersla\/","https:\/\/www.tiktok.com\/westcoasttriallawyers"],"description":"West Coast Trial Lawyers is a top-rated personal injury law firm with a goal to provide expert legal representation to those in need. The law firm has offices across California, Nevada, Arizona, and Washington.","legalName":"West Coast Trial Lawyers"}]}},"_links":{"self":[{"href":"https:\/\/westcoasttriallawyers.com\/es\/wp-json\/wp\/v2\/pages\/11871","targetHints":{"allow":["GET"]}}],"collection":[{"href":"https:\/\/westcoasttriallawyers.com\/es\/wp-json\/wp\/v2\/pages"}],"about":[{"href":"https:\/\/westcoasttriallawyers.com\/es\/wp-json\/wp\/v2\/types\/page"}],"author":[{"embeddable":true,"href":"https:\/\/westcoasttriallawyers.com\/es\/wp-json\/wp\/v2\/users\/470"}],"replies":[{"embeddable":true,"href":"https:\/\/westcoasttriallawyers.com\/es\/wp-json\/wp\/v2\/comments?post=11871"}],"version-history":[{"count":3,"href":"https:\/\/westcoasttriallawyers.com\/es\/wp-json\/wp\/v2\/pages\/11871\/revisions"}],"predecessor-version":[{"id":48165,"href":"https:\/\/westcoasttriallawyers.com\/es\/wp-json\/wp\/v2\/pages\/11871\/revisions\/48165"}],"up":[{"embeddable":true,"href":"https:\/\/westcoasttriallawyers.com\/es\/wp-json\/wp\/v2\/pages\/47283"}],"wp:featuredmedia":[{"embeddable":true,"href":"https:\/\/westcoasttriallawyers.com\/es\/wp-json\/wp\/v2\/media\/8648"}],"wp:attachment":[{"href":"https:\/\/westcoasttriallawyers.com\/es\/wp-json\/wp\/v2\/media?parent=11871"}],"curies":[{"name":"wp","href":"https:\/\/api.w.org\/{rel}","templated":true}]}}